{"id":98664,"date":"2019-07-29T00:00:00","date_gmt":"2019-07-29T00:00:00","guid":{"rendered":"https:\/\/mwc-cmm.org\/shared-convictions\/"},"modified":"2024-12-02T20:59:21","modified_gmt":"2024-12-02T20:59:21","slug":"conviccoes-compartilhadas","status":"publish","type":"page","link":"https:\/\/mwc-cmm.org\/pt-pt\/conviccoes-compartilhadas\/","title":{"rendered":"Convic\u00e7\u00f5es Compartilhadas"},"content":{"rendered":"\n<p>Pela gra\u00e7a de Deus procuramos viver e proclamar a boa nova de reconcilia\u00e7\u00e3o em Jesus Cristo. Como parte do \u00fanico corpo de Cristo, em todo o tempo e lugar, declaramos que as seguintes afirma\u00e7\u00f5es s\u00e3o a ess\u00eancia de nossa f\u00e9 e pr\u00e1tica:<\/p>\n\n\n\n<ol class=\"wp-block-list\">\n<li>Conhecemos a Deus como Pai, Filho e Esp\u00edrito\u00a0Santo, o Criador que tem o prop\u00f3sito de restaurar a humanidade ca\u00edda, convocando assim um povo\u00a0e chamando-o a ser fiel em fraternidade, adora\u00e7\u00e3o,servi\u00e7o e testemunho.<\/li>\n\n\n\n<li>Jesus \u00e9 o Filho de Deus. Por meio de sua vida e ensinamentos, sua cruz e ressurrei\u00e7\u00e3o, mostrounos como ser disc\u00edpulos fieis, redimiu o mundo e oferece\u00a0vida eterna.<\/li>\n\n\n\n<li>Como igreja, somos uma comunidade daqueles a quem o Esp\u00edrito de Deus chama para abandonar o pecado, reconhecer que Jesus Cristo \u00e9 Senhor, receber o batismo sob pr\u00e9via confiss\u00e3o de f\u00e9, e seguir a Cristo na vida.<\/li>\n\n\n\n<li>Como comunidade de f\u00e9, aceitamos a B\u00edblia como\u00a0nossa autoridade para f\u00e9 e vida, interpretando-a juntos sob a orienta\u00e7\u00e3o do Esp\u00edrito Santo, \u00e0 luz de Jesus\u00a0Cristo, para discernir a vontade de Deus e obedec\u00ea-la.<\/li>\n\n\n\n<li>O Esp\u00edrito de Jesus nos enche de poder para confiar em Deus todos os aspectos de nossa vida, para quesejamos pacificadores que renunciamos a viol\u00eancia,amamos nossos inimigos, buscamos a justi\u00e7a, e compartilhamos nossas posses com os necessitados.<\/li>\n\n\n\n<li>N\u00f3s nos reunimos regularmente para adorar, para celebrar a Ceia do Senhor, e para ouvir a Palavra de Deus, e dispostos a prestar contas uns aos outros de nossos atos.<\/li>\n\n\n\n<li>Como comunidade global de f\u00e9 e vida, transcendemos de nacionalidade, ra\u00e7a, classe social, g\u00eanero e idioma. Procuramos viver no mundo sem nos conformar com os poderes do mal, testemunhando da gra\u00e7a de Deus\u00a0em servindo outros, cuidando da cria\u00e7\u00e3o, e convidando toda a humanidade a conhecer Jesus Cristo como Salvador e Senhor.<\/li>\n<\/ol>\n\n\n\n<p>Nossas convic\u00e7\u00f5es s\u00e3o inspiradas na f\u00e9 de nossos antepassados anabatistas do s\u00e9culo XVI, que foram um exemplo de disc\u00edpulos radicais de Jesus Cristo. Procuramos caminhar em seu nome pelo poder do Esp\u00edrito Santo, aguardando confiadamente o regresso de Cristo e o estabelecimento definitivo do Reino de Deus.<\/p>\n\n\n\n<p>Adotado pelo Conselho Geral do Congresso Mundial, Pasadena, California &#8211; EUA, 15 de mar\u00e7o de 2006<\/p>\n\n\n\n<p><a href=\"https:\/\/mwc-cmm.org\/pt-pt\/resources\/conviccoes-compartilhadas-2022\/\">Convic\u00e7\u00f5es Compartilhadas<\/a><\/p>\n\n\n\n<p><\/p>\n","protected":false},"excerpt":{"rendered":"<p>Pela gra\u00e7a de Deus procuramos viver e proclamar a boa nova de reconcilia\u00e7\u00e3o em Jesus Cristo. Como parte do \u00fanico corpo de Cristo, em todo o tempo e lugar, declaramos que as seguintes afirma\u00e7\u00f5es s\u00e3o a ess\u00eancia de nossa f\u00e9 e pr\u00e1tica: Nossas convic\u00e7\u00f5es s\u00e3o inspiradas na f\u00e9 de nossos antepassados anabatistas do s\u00e9culo XVI, [&hellip;]<\/p>\n","protected":false},"author":1,"featured_media":0,"parent":0,"menu_order":0,"comment_status":"closed","ping_status":"closed","template":"","meta":{"_acf_changed":false,"footnotes":""},"class_list":["post-98664","page","type-page","status-publish","hentry"],"acf":[],"yoast_head":"<!-- This site is optimized with the Yoast SEO plugin v27.2 - https:\/\/yoast.com\/product\/yoast-seo-wordpress\/ -->\n<title>Convic\u00e7\u00f5es Compartilhadas - Mennonite World Conference<\/title>\n<meta name=\"robots\" content=\"index, follow, max-snippet:-1, max-image-preview:large, max-video-preview:-1\" \/>\n<link rel=\"canonical\" href=\"https:\/\/mwc-cmm.org\/en\/shared-convictions\/\" \/>\n<meta property=\"og:locale\" content=\"pt_PT\" \/>\n<meta property=\"og:type\" content=\"article\" \/>\n<meta property=\"og:title\" content=\"Convic\u00e7\u00f5es Compartilhadas - Mennonite World Conference\" \/>\n<meta property=\"og:description\" content=\"Pela gra\u00e7a de Deus procuramos viver e proclamar a boa nova de reconcilia\u00e7\u00e3o em Jesus Cristo. Como parte do \u00fanico corpo de Cristo, em todo o tempo e lugar, declaramos que as seguintes afirma\u00e7\u00f5es s\u00e3o a ess\u00eancia de nossa f\u00e9 e pr\u00e1tica: Nossas convic\u00e7\u00f5es s\u00e3o inspiradas na f\u00e9 de nossos antepassados anabatistas do s\u00e9culo XVI, [&hellip;]\" \/>\n<meta property=\"og:url\" content=\"https:\/\/mwc-cmm.org\/en\/shared-convictions\/\" \/>\n<meta property=\"og:site_name\" content=\"Mennonite World Conference\" \/>\n<meta property=\"article:publisher\" content=\"https:\/\/www.facebook.com\/MennoniteWorldConference\" \/>\n<meta property=\"article:modified_time\" content=\"2024-12-02T20:59:21+00:00\" \/>\n<script type=\"application\/ld+json\" class=\"yoast-schema-graph\">{\"@context\":\"https:\/\/schema.org\",\"@graph\":[{\"@type\":\"WebPage\",\"@id\":\"https:\/\/mwc-cmm.org\/en\/shared-convictions\/\",\"url\":\"https:\/\/mwc-cmm.org\/en\/shared-convictions\/\",\"name\":\"Convic\u00e7\u00f5es Compartilhadas - Mennonite World Conference\",\"isPartOf\":{\"@id\":\"https:\/\/mwc-cmm.org\/en\/#website\"},\"datePublished\":\"2019-07-29T00:00:00+00:00\",\"dateModified\":\"2024-12-02T20:59:21+00:00\",\"breadcrumb\":{\"@id\":\"https:\/\/mwc-cmm.org\/en\/shared-convictions\/#breadcrumb\"},\"inLanguage\":\"pt-PT\",\"potentialAction\":[{\"@type\":\"ReadAction\",\"target\":[\"https:\/\/mwc-cmm.org\/en\/shared-convictions\/\"]}]},{\"@type\":\"BreadcrumbList\",\"@id\":\"https:\/\/mwc-cmm.org\/en\/shared-convictions\/#breadcrumb\",\"itemListElement\":[{\"@type\":\"ListItem\",\"position\":1,\"name\":\"Home\",\"item\":\"https:\/\/mwc-cmm.org\/pt-pt\/homepage\/\"},{\"@type\":\"ListItem\",\"position\":2,\"name\":\"Convic\u00e7\u00f5es Compartilhadas\"}]},{\"@type\":\"WebSite\",\"@id\":\"https:\/\/mwc-cmm.org\/en\/#website\",\"url\":\"https:\/\/mwc-cmm.org\/en\/\",\"name\":\"Mennonite World Conference\",\"description\":\"A communion of Anabaptist-related churches\",\"publisher\":{\"@id\":\"https:\/\/mwc-cmm.org\/en\/#organization\"},\"alternateName\":\"MWC\",\"potentialAction\":[{\"@type\":\"SearchAction\",\"target\":{\"@type\":\"EntryPoint\",\"urlTemplate\":\"https:\/\/mwc-cmm.org\/en\/?s={search_term_string}\"},\"query-input\":{\"@type\":\"PropertyValueSpecification\",\"valueRequired\":true,\"valueName\":\"search_term_string\"}}],\"inLanguage\":\"pt-PT\"},{\"@type\":\"Organization\",\"@id\":\"https:\/\/mwc-cmm.org\/en\/#organization\",\"name\":\"Mennonite World Conference\",\"alternateName\":\"MWC\",\"url\":\"https:\/\/mwc-cmm.org\/en\/\",\"logo\":{\"@type\":\"ImageObject\",\"inLanguage\":\"pt-PT\",\"@id\":\"https:\/\/mwc-cmm.org\/en\/#\/schema\/logo\/image\/\",\"url\":\"https:\/\/mwc-cmm.org\/wp-content\/uploads\/2026\/01\/MWC_Sig_Blue_Horiz_webheader1-logo.svg\",\"contentUrl\":\"https:\/\/mwc-cmm.org\/wp-content\/uploads\/2026\/01\/MWC_Sig_Blue_Horiz_webheader1-logo.svg\",\"width\":786,\"height\":82,\"caption\":\"Mennonite World Conference\"},\"image\":{\"@id\":\"https:\/\/mwc-cmm.org\/en\/#\/schema\/logo\/image\/\"},\"sameAs\":[\"https:\/\/www.facebook.com\/MennoniteWorldConference\",\"https:\/\/www.linkedin.com\/company\/mennonite-world-conference-mwc\/\",\"https:\/\/www.instagram.com\/mwcmm\/\",\"https:\/\/www.youtube.com\/user\/mwccmm\",\"https:\/\/bsky.app\/profile\/mwcmm.bsky.social\"]}]}<\/script>\n<!-- \/ Yoast SEO plugin. -->","yoast_head_json":{"title":"Convic\u00e7\u00f5es Compartilhadas - Mennonite World Conference","robots":{"index":"index","follow":"follow","max-snippet":"max-snippet:-1","max-image-preview":"max-image-preview:large","max-video-preview":"max-video-preview:-1"},"canonical":"https:\/\/mwc-cmm.org\/en\/shared-convictions\/","og_locale":"pt_PT","og_type":"article","og_title":"Convic\u00e7\u00f5es Compartilhadas - Mennonite World Conference","og_description":"Pela gra\u00e7a de Deus procuramos viver e proclamar a boa nova de reconcilia\u00e7\u00e3o em Jesus Cristo. Como parte do \u00fanico corpo de Cristo, em todo o tempo e lugar, declaramos que as seguintes afirma\u00e7\u00f5es s\u00e3o a ess\u00eancia de nossa f\u00e9 e pr\u00e1tica: Nossas convic\u00e7\u00f5es s\u00e3o inspiradas na f\u00e9 de nossos antepassados anabatistas do s\u00e9culo XVI, [&hellip;]","og_url":"https:\/\/mwc-cmm.org\/en\/shared-convictions\/","og_site_name":"Mennonite World Conference","article_publisher":"https:\/\/www.facebook.com\/MennoniteWorldConference","article_modified_time":"2024-12-02T20:59:21+00:00","schema":{"@context":"https:\/\/schema.org","@graph":[{"@type":"WebPage","@id":"https:\/\/mwc-cmm.org\/en\/shared-convictions\/","url":"https:\/\/mwc-cmm.org\/en\/shared-convictions\/","name":"Convic\u00e7\u00f5es Compartilhadas - Mennonite World Conference","isPartOf":{"@id":"https:\/\/mwc-cmm.org\/en\/#website"},"datePublished":"2019-07-29T00:00:00+00:00","dateModified":"2024-12-02T20:59:21+00:00","breadcrumb":{"@id":"https:\/\/mwc-cmm.org\/en\/shared-convictions\/#breadcrumb"},"inLanguage":"pt-PT","potentialAction":[{"@type":"ReadAction","target":["https:\/\/mwc-cmm.org\/en\/shared-convictions\/"]}]},{"@type":"BreadcrumbList","@id":"https:\/\/mwc-cmm.org\/en\/shared-convictions\/#breadcrumb","itemListElement":[{"@type":"ListItem","position":1,"name":"Home","item":"https:\/\/mwc-cmm.org\/pt-pt\/homepage\/"},{"@type":"ListItem","position":2,"name":"Convic\u00e7\u00f5es Compartilhadas"}]},{"@type":"WebSite","@id":"https:\/\/mwc-cmm.org\/en\/#website","url":"https:\/\/mwc-cmm.org\/en\/","name":"Mennonite World Conference","description":"A communion of Anabaptist-related churches","publisher":{"@id":"https:\/\/mwc-cmm.org\/en\/#organization"},"alternateName":"MWC","potentialAction":[{"@type":"SearchAction","target":{"@type":"EntryPoint","urlTemplate":"https:\/\/mwc-cmm.org\/en\/?s={search_term_string}"},"query-input":{"@type":"PropertyValueSpecification","valueRequired":true,"valueName":"search_term_string"}}],"inLanguage":"pt-PT"},{"@type":"Organization","@id":"https:\/\/mwc-cmm.org\/en\/#organization","name":"Mennonite World Conference","alternateName":"MWC","url":"https:\/\/mwc-cmm.org\/en\/","logo":{"@type":"ImageObject","inLanguage":"pt-PT","@id":"https:\/\/mwc-cmm.org\/en\/#\/schema\/logo\/image\/","url":"https:\/\/mwc-cmm.org\/wp-content\/uploads\/2026\/01\/MWC_Sig_Blue_Horiz_webheader1-logo.svg","contentUrl":"https:\/\/mwc-cmm.org\/wp-content\/uploads\/2026\/01\/MWC_Sig_Blue_Horiz_webheader1-logo.svg","width":786,"height":82,"caption":"Mennonite World Conference"},"image":{"@id":"https:\/\/mwc-cmm.org\/en\/#\/schema\/logo\/image\/"},"sameAs":["https:\/\/www.facebook.com\/MennoniteWorldConference","https:\/\/www.linkedin.com\/company\/mennonite-world-conference-mwc\/","https:\/\/www.instagram.com\/mwcmm\/","https:\/\/www.youtube.com\/user\/mwccmm","https:\/\/bsky.app\/profile\/mwcmm.bsky.social"]}]}},"_links":{"self":[{"href":"https:\/\/mwc-cmm.org\/pt-pt\/wp-json\/wp\/v2\/pages\/98664","targetHints":{"allow":["GET"]}}],"collection":[{"href":"https:\/\/mwc-cmm.org\/pt-pt\/wp-json\/wp\/v2\/pages"}],"about":[{"href":"https:\/\/mwc-cmm.org\/pt-pt\/wp-json\/wp\/v2\/types\/page"}],"author":[{"embeddable":true,"href":"https:\/\/mwc-cmm.org\/pt-pt\/wp-json\/wp\/v2\/users\/1"}],"replies":[{"embeddable":true,"href":"https:\/\/mwc-cmm.org\/pt-pt\/wp-json\/wp\/v2\/comments?post=98664"}],"version-history":[{"count":0,"href":"https:\/\/mwc-cmm.org\/pt-pt\/wp-json\/wp\/v2\/pages\/98664\/revisions"}],"wp:attachment":[{"href":"https:\/\/mwc-cmm.org\/pt-pt\/wp-json\/wp\/v2\/media?parent=98664"}],"curies":[{"name":"wp","href":"https:\/\/api.w.org\/{rel}","templated":true}]}}