{"id":118128,"date":"2020-08-24T00:00:00","date_gmt":"2020-08-24T00:00:00","guid":{"rendered":"https:\/\/mwc-cmm.org\/?page_id=118128"},"modified":"2026-01-21T08:48:30","modified_gmt":"2026-01-21T08:48:30","slug":"oph","status":"publish","type":"page","link":"https:\/\/mwc-cmm.org\/pt-pt\/oracoes\/oph\/","title":{"rendered":"Hora da Ora\u00e7\u00e3o Online"},"content":{"rendered":"\n<div class=\"wp-block-group alignwide has-global-padding is-layout-constrained wp-container-core-group-is-layout-ac10b92e wp-block-group-is-layout-constrained\">\n<p>De dois em dois meses, Anabatistas de todo o mundo, juntam-se online para orarem juntos \u00e0s Sextas-feiras \u00e0s 14:00 UTC. \u00c9 de manh\u00e3 nas Am\u00e9ricas, de tarde em \u00c1frica e na Europa e de noite na \u00c1sia.&nbsp;<\/p>\n\n\n\n<p>Os di\u00e1conos e representantes regionais facilitam os pequenos grupos de ora\u00e7\u00e3o em diferentes salas. L\u00e1 partilham preocupa\u00e7\u00f5es e alegrias da sua regi\u00e3o.&nbsp;<\/p>\n\n\n\n<h3 class=\"wp-block-heading is-style-purple-eyebrow\">Hora da Ora\u00e7\u00e3o Online<\/h3>\n\n\n\n<p>Pr\u00f3ximas Horas da Ora\u00e7\u00e3o Online da MWC \u00e0s 14:00 UTC<\/p>\n\n\n\n<ul class=\"wp-block-list\">\n<li>Sexta-feira, 20 de mar\u00e7o 2026<\/li>\n\n\n\n<li>Sexta-feira, 15 de maio 2026<\/li>\n\n\n\n<li>Sexta-feira, 17 de julho 2026<\/li>\n<\/ul>\n\n\n\n<div class=\"wp-block-buttons is-layout-flex wp-block-buttons-is-layout-flex\">\n<div class=\"wp-block-button\"><a class=\"wp-block-button__link wp-element-button\" href=\"https:\/\/www.timeanddate.com\/worldclock\/fixedtime.html?msg=Online+Prayer+Hour+-+20+March+2026&amp;iso=20260320T14&amp;p1=1440&amp;ah=1\" target=\"_blank\" rel=\"noreferrer noopener\">Encontre o seu fuso hor\u00e1rio aqui.<\/a><\/div>\n<\/div>\n\n\n\n<script>window.addEventListener('message',function(e){var t=document.getElementById('bfdb-em-7906');if(t){if(e.data.indexOf('resize::7906::')!==-1){var i=e.data.replace('resize::7906::','');t.style.height=i+'px';}else if(e.data.match(\/^bf-payment::(\\d+)::(open|complete)\/)){var o=t.getBoundingClientRect().top+window.scrollY;window.scrollTo({top:o,behavior:'smooth'});}}});<\/script>\n<iframe id=\"bfdb-em-7906\" data-src=\"https:\/\/mwc.donorbuilder.org\/pub\/website-online-prayer-hour-15441?langu=pt-bf-preview=1&#038;_layout=iframe\" style=\"width:100%; overflow:hidden; border:0; max-width:870px; margin:3rem auto; display:block;\" scrolling=\"no\" src=\"data:image\/svg+xml;base64,PHN2ZyB3aWR0aD0iMSIgaGVpZ2h0PSIxIiB4bWxucz0iaHR0cDovL3d3dy53My5vcmcvMjAwMC9zdmciPjwvc3ZnPg==\" class=\"lazyload\" data-load-mode=\"1\"><\/iframe>\n\n\n\n<p>Questions? <\/p>\n\n\n\n<div class=\"wp-block-buttons is-layout-flex wp-block-buttons-is-layout-flex\">\n<div class=\"wp-block-button\"><a class=\"wp-block-button__link wp-element-button\" href=\"mailto:prayers@mwc-cmm.org?subject=question%20from%20website\">email&nbsp;prayers@mwc-cmm.org<\/a><\/div>\n<\/div>\n\n\n\n<div class=\"wp-block-buttons is-layout-flex wp-block-buttons-is-layout-flex\">\n<div class=\"wp-block-button\"><a class=\"wp-block-button__link wp-element-button\" href=\"https:\/\/mwc-cmm.org\/en\/submit-a-prayer\/\">Submit prayer<\/a><\/div>\n<\/div>\n\n\n\n<h2 class=\"wp-block-heading\">Stories about Online Prayer Hour<\/h2>\n\n\n\n<div class=\"wp-block-query is-layout-flow wp-block-query-is-layout-flow\"><\/div>\n<\/div>\n","protected":false},"excerpt":{"rendered":"<p>De dois em dois meses, Anabatistas de todo o mundo, juntam-se online para orarem juntos \u00e0s Sextas-feiras \u00e0s 14:00 UTC. \u00c9 de manh\u00e3 nas Am\u00e9ricas, de tarde em \u00c1frica e na Europa e de noite na \u00c1sia.&nbsp; Os di\u00e1conos e representantes regionais facilitam os pequenos grupos de ora\u00e7\u00e3o em diferentes salas. L\u00e1 partilham preocupa\u00e7\u00f5es e [&hellip;]<\/p>\n","protected":false},"author":6,"featured_media":107746,"parent":118576,"menu_order":0,"comment_status":"closed","ping_status":"closed","template":"","meta":{"_acf_changed":false,"footnotes":""},"class_list":["post-118128","page","type-page","status-publish","has-post-thumbnail","hentry"],"acf":[],"yoast_head":"<!-- This site is optimized with the Yoast SEO plugin v27.2 - https:\/\/yoast.com\/product\/yoast-seo-wordpress\/ -->\n<title>Hora da Ora\u00e7\u00e3o Online - Mennonite World Conference<\/title>\n<meta name=\"description\" content=\"De dois em dois meses, Anabatistas de todo o mundo, juntam-se online para orarem juntos \u00e0s Sextas-feiras \u00e0s 14:00 UTC. \u00c9 de manh\u00e3 nas Am\u00e9ricas, de tarde em \u00c1frica e na Europa e de noite na \u00c1sia.\u00a0\" \/>\n<meta name=\"robots\" content=\"index, follow, max-snippet:-1, max-image-preview:large, max-video-preview:-1\" \/>\n<link rel=\"canonical\" href=\"https:\/\/mwc-cmm.org\/pt-pt\/oracoes\/oph\/\" \/>\n<meta property=\"og:locale\" content=\"pt_PT\" \/>\n<meta property=\"og:type\" content=\"article\" \/>\n<meta property=\"og:title\" content=\"Hora da Ora\u00e7\u00e3o Online - Mennonite World Conference\" \/>\n<meta property=\"og:description\" content=\"De dois em dois meses, Anabatistas de todo o mundo, juntam-se online para orarem juntos \u00e0s Sextas-feiras \u00e0s 14:00 UTC. \u00c9 de manh\u00e3 nas Am\u00e9ricas, de tarde em \u00c1frica e na Europa e de noite na \u00c1sia.\u00a0\" \/>\n<meta property=\"og:url\" content=\"https:\/\/mwc-cmm.org\/pt-pt\/oracoes\/oph\/\" \/>\n<meta property=\"og:site_name\" content=\"Mennonite World Conference\" \/>\n<meta property=\"article:publisher\" content=\"https:\/\/www.facebook.com\/MennoniteWorldConference\" \/>\n<meta property=\"article:modified_time\" content=\"2026-01-21T08:48:30+00:00\" \/>\n<meta property=\"og:image\" content=\"https:\/\/mwc-cmm.org\/wp-content\/uploads\/2024\/12\/OPH-generic.png\" \/>\n\t<meta property=\"og:image:width\" content=\"1076\" \/>\n\t<meta property=\"og:image:height\" content=\"875\" \/>\n\t<meta property=\"og:image:type\" content=\"image\/png\" \/>\n<script type=\"application\/ld+json\" class=\"yoast-schema-graph\">{\"@context\":\"https:\/\/schema.org\",\"@graph\":[{\"@type\":\"WebPage\",\"@id\":\"https:\/\/mwc-cmm.org\/pt-pt\/oracoes\/oph\/\",\"url\":\"https:\/\/mwc-cmm.org\/pt-pt\/oracoes\/oph\/\",\"name\":\"Hora da Ora\u00e7\u00e3o Online - Mennonite World Conference\",\"isPartOf\":{\"@id\":\"https:\/\/mwc-cmm.org\/en\/#website\"},\"primaryImageOfPage\":{\"@id\":\"https:\/\/mwc-cmm.org\/pt-pt\/oracoes\/oph\/#primaryimage\"},\"image\":{\"@id\":\"https:\/\/mwc-cmm.org\/pt-pt\/oracoes\/oph\/#primaryimage\"},\"thumbnailUrl\":\"https:\/\/mwc-cmm.org\/wp-content\/uploads\/2024\/12\/OPH-generic.png\",\"datePublished\":\"2020-08-24T00:00:00+00:00\",\"dateModified\":\"2026-01-21T08:48:30+00:00\",\"description\":\"De dois em dois meses, Anabatistas de todo o mundo, juntam-se online para orarem juntos \u00e0s Sextas-feiras \u00e0s 14:00 UTC. \u00c9 de manh\u00e3 nas Am\u00e9ricas, de tarde em \u00c1frica e na Europa e de noite na \u00c1sia.\u00a0\",\"breadcrumb\":{\"@id\":\"https:\/\/mwc-cmm.org\/pt-pt\/oracoes\/oph\/#breadcrumb\"},\"inLanguage\":\"pt-PT\",\"potentialAction\":[{\"@type\":\"ReadAction\",\"target\":[\"https:\/\/mwc-cmm.org\/pt-pt\/oracoes\/oph\/\"]}]},{\"@type\":\"ImageObject\",\"inLanguage\":\"pt-PT\",\"@id\":\"https:\/\/mwc-cmm.org\/pt-pt\/oracoes\/oph\/#primaryimage\",\"url\":\"https:\/\/mwc-cmm.org\/wp-content\/uploads\/2024\/12\/OPH-generic.png\",\"contentUrl\":\"https:\/\/mwc-cmm.org\/wp-content\/uploads\/2024\/12\/OPH-generic.png\",\"width\":1076,\"height\":875},{\"@type\":\"BreadcrumbList\",\"@id\":\"https:\/\/mwc-cmm.org\/pt-pt\/oracoes\/oph\/#breadcrumb\",\"itemListElement\":[{\"@type\":\"ListItem\",\"position\":1,\"name\":\"Home\",\"item\":\"https:\/\/mwc-cmm.org\/pt-pt\/homepage\/\"},{\"@type\":\"ListItem\",\"position\":2,\"name\":\"Ora\u00e7\u00f5es\",\"item\":\"https:\/\/mwc-cmm.org\/pt-pt\/oracoes\/\"},{\"@type\":\"ListItem\",\"position\":3,\"name\":\"Hora da Ora\u00e7\u00e3o Online\"}]},{\"@type\":\"WebSite\",\"@id\":\"https:\/\/mwc-cmm.org\/en\/#website\",\"url\":\"https:\/\/mwc-cmm.org\/en\/\",\"name\":\"Mennonite World Conference\",\"description\":\"A communion of Anabaptist-related churches\",\"publisher\":{\"@id\":\"https:\/\/mwc-cmm.org\/en\/#organization\"},\"alternateName\":\"MWC\",\"potentialAction\":[{\"@type\":\"SearchAction\",\"target\":{\"@type\":\"EntryPoint\",\"urlTemplate\":\"https:\/\/mwc-cmm.org\/en\/?s={search_term_string}\"},\"query-input\":{\"@type\":\"PropertyValueSpecification\",\"valueRequired\":true,\"valueName\":\"search_term_string\"}}],\"inLanguage\":\"pt-PT\"},{\"@type\":\"Organization\",\"@id\":\"https:\/\/mwc-cmm.org\/en\/#organization\",\"name\":\"Mennonite World Conference\",\"alternateName\":\"MWC\",\"url\":\"https:\/\/mwc-cmm.org\/en\/\",\"logo\":{\"@type\":\"ImageObject\",\"inLanguage\":\"pt-PT\",\"@id\":\"https:\/\/mwc-cmm.org\/en\/#\/schema\/logo\/image\/\",\"url\":\"https:\/\/mwc-cmm.org\/wp-content\/uploads\/2026\/01\/MWC_Sig_Blue_Horiz_webheader1-logo.svg\",\"contentUrl\":\"https:\/\/mwc-cmm.org\/wp-content\/uploads\/2026\/01\/MWC_Sig_Blue_Horiz_webheader1-logo.svg\",\"width\":786,\"height\":82,\"caption\":\"Mennonite World Conference\"},\"image\":{\"@id\":\"https:\/\/mwc-cmm.org\/en\/#\/schema\/logo\/image\/\"},\"sameAs\":[\"https:\/\/www.facebook.com\/MennoniteWorldConference\",\"https:\/\/www.linkedin.com\/company\/mennonite-world-conference-mwc\/\",\"https:\/\/www.instagram.com\/mwcmm\/\",\"https:\/\/www.youtube.com\/user\/mwccmm\",\"https:\/\/bsky.app\/profile\/mwcmm.bsky.social\"]}]}<\/script>\n<!-- \/ Yoast SEO plugin. -->","yoast_head_json":{"title":"Hora da Ora\u00e7\u00e3o Online - Mennonite World Conference","description":"De dois em dois meses, Anabatistas de todo o mundo, juntam-se online para orarem juntos \u00e0s Sextas-feiras \u00e0s 14:00 UTC. \u00c9 de manh\u00e3 nas Am\u00e9ricas, de tarde em \u00c1frica e na Europa e de noite na \u00c1sia.\u00a0","robots":{"index":"index","follow":"follow","max-snippet":"max-snippet:-1","max-image-preview":"max-image-preview:large","max-video-preview":"max-video-preview:-1"},"canonical":"https:\/\/mwc-cmm.org\/pt-pt\/oracoes\/oph\/","og_locale":"pt_PT","og_type":"article","og_title":"Hora da Ora\u00e7\u00e3o Online - Mennonite World Conference","og_description":"De dois em dois meses, Anabatistas de todo o mundo, juntam-se online para orarem juntos \u00e0s Sextas-feiras \u00e0s 14:00 UTC. \u00c9 de manh\u00e3 nas Am\u00e9ricas, de tarde em \u00c1frica e na Europa e de noite na \u00c1sia.\u00a0","og_url":"https:\/\/mwc-cmm.org\/pt-pt\/oracoes\/oph\/","og_site_name":"Mennonite World Conference","article_publisher":"https:\/\/www.facebook.com\/MennoniteWorldConference","article_modified_time":"2026-01-21T08:48:30+00:00","og_image":[{"width":1076,"height":875,"url":"https:\/\/mwc-cmm.org\/wp-content\/uploads\/2024\/12\/OPH-generic.png","type":"image\/png"}],"schema":{"@context":"https:\/\/schema.org","@graph":[{"@type":"WebPage","@id":"https:\/\/mwc-cmm.org\/pt-pt\/oracoes\/oph\/","url":"https:\/\/mwc-cmm.org\/pt-pt\/oracoes\/oph\/","name":"Hora da Ora\u00e7\u00e3o Online - Mennonite World Conference","isPartOf":{"@id":"https:\/\/mwc-cmm.org\/en\/#website"},"primaryImageOfPage":{"@id":"https:\/\/mwc-cmm.org\/pt-pt\/oracoes\/oph\/#primaryimage"},"image":{"@id":"https:\/\/mwc-cmm.org\/pt-pt\/oracoes\/oph\/#primaryimage"},"thumbnailUrl":"https:\/\/mwc-cmm.org\/wp-content\/uploads\/2024\/12\/OPH-generic.png","datePublished":"2020-08-24T00:00:00+00:00","dateModified":"2026-01-21T08:48:30+00:00","description":"De dois em dois meses, Anabatistas de todo o mundo, juntam-se online para orarem juntos \u00e0s Sextas-feiras \u00e0s 14:00 UTC. \u00c9 de manh\u00e3 nas Am\u00e9ricas, de tarde em \u00c1frica e na Europa e de noite na \u00c1sia.\u00a0","breadcrumb":{"@id":"https:\/\/mwc-cmm.org\/pt-pt\/oracoes\/oph\/#breadcrumb"},"inLanguage":"pt-PT","potentialAction":[{"@type":"ReadAction","target":["https:\/\/mwc-cmm.org\/pt-pt\/oracoes\/oph\/"]}]},{"@type":"ImageObject","inLanguage":"pt-PT","@id":"https:\/\/mwc-cmm.org\/pt-pt\/oracoes\/oph\/#primaryimage","url":"https:\/\/mwc-cmm.org\/wp-content\/uploads\/2024\/12\/OPH-generic.png","contentUrl":"https:\/\/mwc-cmm.org\/wp-content\/uploads\/2024\/12\/OPH-generic.png","width":1076,"height":875},{"@type":"BreadcrumbList","@id":"https:\/\/mwc-cmm.org\/pt-pt\/oracoes\/oph\/#breadcrumb","itemListElement":[{"@type":"ListItem","position":1,"name":"Home","item":"https:\/\/mwc-cmm.org\/pt-pt\/homepage\/"},{"@type":"ListItem","position":2,"name":"Ora\u00e7\u00f5es","item":"https:\/\/mwc-cmm.org\/pt-pt\/oracoes\/"},{"@type":"ListItem","position":3,"name":"Hora da Ora\u00e7\u00e3o Online"}]},{"@type":"WebSite","@id":"https:\/\/mwc-cmm.org\/en\/#website","url":"https:\/\/mwc-cmm.org\/en\/","name":"Mennonite World Conference","description":"A communion of Anabaptist-related churches","publisher":{"@id":"https:\/\/mwc-cmm.org\/en\/#organization"},"alternateName":"MWC","potentialAction":[{"@type":"SearchAction","target":{"@type":"EntryPoint","urlTemplate":"https:\/\/mwc-cmm.org\/en\/?s={search_term_string}"},"query-input":{"@type":"PropertyValueSpecification","valueRequired":true,"valueName":"search_term_string"}}],"inLanguage":"pt-PT"},{"@type":"Organization","@id":"https:\/\/mwc-cmm.org\/en\/#organization","name":"Mennonite World Conference","alternateName":"MWC","url":"https:\/\/mwc-cmm.org\/en\/","logo":{"@type":"ImageObject","inLanguage":"pt-PT","@id":"https:\/\/mwc-cmm.org\/en\/#\/schema\/logo\/image\/","url":"https:\/\/mwc-cmm.org\/wp-content\/uploads\/2026\/01\/MWC_Sig_Blue_Horiz_webheader1-logo.svg","contentUrl":"https:\/\/mwc-cmm.org\/wp-content\/uploads\/2026\/01\/MWC_Sig_Blue_Horiz_webheader1-logo.svg","width":786,"height":82,"caption":"Mennonite World Conference"},"image":{"@id":"https:\/\/mwc-cmm.org\/en\/#\/schema\/logo\/image\/"},"sameAs":["https:\/\/www.facebook.com\/MennoniteWorldConference","https:\/\/www.linkedin.com\/company\/mennonite-world-conference-mwc\/","https:\/\/www.instagram.com\/mwcmm\/","https:\/\/www.youtube.com\/user\/mwccmm","https:\/\/bsky.app\/profile\/mwcmm.bsky.social"]}]}},"_links":{"self":[{"href":"https:\/\/mwc-cmm.org\/pt-pt\/wp-json\/wp\/v2\/pages\/118128","targetHints":{"allow":["GET"]}}],"collection":[{"href":"https:\/\/mwc-cmm.org\/pt-pt\/wp-json\/wp\/v2\/pages"}],"about":[{"href":"https:\/\/mwc-cmm.org\/pt-pt\/wp-json\/wp\/v2\/types\/page"}],"author":[{"embeddable":true,"href":"https:\/\/mwc-cmm.org\/pt-pt\/wp-json\/wp\/v2\/users\/6"}],"replies":[{"embeddable":true,"href":"https:\/\/mwc-cmm.org\/pt-pt\/wp-json\/wp\/v2\/comments?post=118128"}],"version-history":[{"count":0,"href":"https:\/\/mwc-cmm.org\/pt-pt\/wp-json\/wp\/v2\/pages\/118128\/revisions"}],"up":[{"embeddable":true,"href":"https:\/\/mwc-cmm.org\/pt-pt\/wp-json\/wp\/v2\/pages\/118576"}],"wp:featuredmedia":[{"embeddable":true,"href":"https:\/\/mwc-cmm.org\/pt-pt\/wp-json\/wp\/v2\/media\/107746"}],"wp:attachment":[{"href":"https:\/\/mwc-cmm.org\/pt-pt\/wp-json\/wp\/v2\/media?parent=118128"}],"curies":[{"name":"wp","href":"https:\/\/api.w.org\/{rel}","templated":true}]}}