{"id":5921,"date":"2021-08-17T00:00:00","date_gmt":"2021-08-17T00:00:00","guid":{"rendered":"https:\/\/mwc-cmm.org\/love-neighbours-share-vaccines-3\/"},"modified":"2024-11-15T22:37:25","modified_gmt":"2024-11-15T22:37:25","slug":"aime-ton-prochain-partage-les-vaccins","status":"publish","type":"page","link":"https:\/\/mwc-cmm.org\/fr\/aime-ton-prochain-partage-les-vaccins\/","title":{"rendered":"Aime ton prochain : partage les vaccins"},"content":{"rendered":"\n<figure class=\"wp-block-image alignright size-medium\"><img decoding=\"async\" width=\"300\" height=\"200\" data-src=\"https:\/\/mwc-cmm.org\/wp-content\/uploads\/2024\/10\/un0497777-1-300x200.jpg\" alt=\"A man in a baseball cap and a face mask holding a small medical vile\" class=\"wp-image-11855 lazyload\" data-srcset=\"https:\/\/mwc-cmm.org\/wp-content\/uploads\/2024\/10\/un0497777-1-300x200.jpg 300w, https:\/\/mwc-cmm.org\/wp-content\/uploads\/2024\/10\/un0497777-1-1024x683.jpg 1024w, https:\/\/mwc-cmm.org\/wp-content\/uploads\/2024\/10\/un0497777-1-768x512.jpg 768w, https:\/\/mwc-cmm.org\/wp-content\/uploads\/2024\/10\/un0497777-1.jpg 1536w\" data-sizes=\"(max-width: 300px) 100vw, 300px\" src=\"data:image\/svg+xml;base64,PHN2ZyB3aWR0aD0iMSIgaGVpZ2h0PSIxIiB4bWxucz0iaHR0cDovL3d3dy53My5vcmcvMjAwMC9zdmciPjwvc3ZnPg==\" style=\"--smush-placeholder-width: 300px; --smush-placeholder-aspect-ratio: 300\/200;\" \/><\/figure>\n\n\n\n<p>La Conf\u00e9rence mennonite mondiale appelle tous ses membres \u00e0 aimer leur prochain durant la pand\u00e9mie du coronavirus en soutenant les syst\u00e8mes de sant\u00e9s du monde entier. En 2021, l\u2019UNICEF a distribu\u00e9 plus d\u2019un milliard de doses de vaccins contre le coronavirus dans 144 pays et territoires dans le monde.<\/p>\n\n\n\n<p>En 2022, les campagnes de vaccination ont \u00e9largi leur champ d&rsquo;action au renforcement des syst\u00e8mes de sant\u00e9.&nbsp;<\/p>\n\n\n\n<p>Apr\u00e8s s&rsquo;\u00eatre associ\u00e9e \u00e0 d&rsquo;autres organisations confessionnelles en 2021 pour appeler ses membres \u00e0 faire des dons pour partager les vaccins dans un monde interconnect\u00e9, la CMM appelle d\u00e9sormais \u00e0 soutenir quatre projets de stabilisation de syst\u00e8mes de sant\u00e9 du Comit\u00e9 Central Mennonite (Mennonite Central Committee, MCC).&nbsp;&nbsp;<\/p>\n\n\n\n<p>Pour en savoir plus \u00e0 propos des projets du MCC, en partenariat avec les unions d\u2019\u00e9glises nationales membre de la CMM&nbsp;:<\/p>\n\n\n\n<ul class=\"wp-block-list\">\n<li><a href=\"https:\/\/mwc-cmm.org\/fr\/node\/4283\">Accompagner les femmes enceintes entra\u00eene l\u2019acceptation des vaccins<\/a><\/li>\n\n\n\n<li><a href=\"https:\/\/mwc-cmm.org\/fr\/node\/4309\">Vaccins et soins dans les h\u00f4pitaux FM<\/a><\/li>\n<\/ul>\n\n\n\n<p>\u00ab&nbsp;L\u2019histoire de Ca\u00efn et Abel nous enseigne la profonde relation de fraternit\u00e9 et de sororit\u00e9 qui existe entre tous les \u00eatres humains (Gen\u00e8se 4:7-10). Le berger et le fermier, bien qu\u2019ils expriment des mani\u00e8res diff\u00e9rentes d\u2019entrer en relation avec Dieu, sont membres de la m\u00eame famille&nbsp;\u00bb, dit C\u00e9sar Garc\u00eda, secr\u00e9taire g\u00e9n\u00e9ral de la CMM. \u00ab&nbsp;Cette pand\u00e9mie mondiale nous met au d\u00e9fi de r\u00e9pondre \u00e0 l\u2019invitation de Dieu \u00e0 prendre soin de toute l\u2019humanit\u00e9 : allons-nous consid\u00e9rer le bien-\u00eatre des autres plut\u00f4t que nos propres int\u00e9r\u00eats ?&nbsp;\u00bb<\/p>\n\n\n\n<p>Faites un don :<\/p>\n\n\n\n<ul class=\"wp-block-list\">\n<li><a href=\"https:\/\/donate.mcc.org\/cause\/aime-ton-prochain-partage-les-vaccins\">Les projets du MCC, en partenariat avec les unions d\u2019\u00e9glises nationales membre de la CMM<\/a>\n<ul class=\"wp-block-list\">\n<li>Kenya\u00a0<\/li>\n\n\n\n<li>Democratic Republic of the Congo\u00a0<\/li>\n<\/ul>\n<\/li>\n<\/ul>\n\n\n\n<p>Faites un don :<\/p>\n\n\n\n<p>Trouvez un lien Internet pour faire un don dans votre pays.&nbsp;<em><strong>Si possible, s\u00e9lectionnez la CMM comme votre organisation de rattachement.<\/strong><\/em><\/p>\n\n\n\n<ul class=\"wp-block-list\">\n<li><a href=\"https:\/\/fundraise.unicef.ca\/lovemyneighbour\/mennonite-world-conference\">Canada<\/a><\/li>\n\n\n\n<li><a href=\"https:\/\/www.unicefusa.org\/interfaithmovement\">Etas-Unis<\/a><\/li>\n\n\n\n<li><a href=\"https:\/\/www.unicef.fr\/pages\/covax\/\">France<\/a><\/li>\n\n\n\n<li><a href=\"https:\/\/www.unicef.nl\/doneren\/vaccinaties\">Pays Bas<\/a><\/li>\n\n\n\n<li><a href=\"https:\/\/www.unicef.de\/informieren\/projekte\/unicef-ziele-110800\/hygiene-111244\/coronavirus-impfstoffe-fuer-die-aermsten-laender\/235762\">Allemagne<\/a><\/li>\n<\/ul>\n\n\n\n<hr class=\"wp-block-separator has-alpha-channel-opacity\"\/>\n\n\n\n<h2 class=\"wp-block-heading\">Avez-vous faites un don ?<\/h2>\n\n\n\n<div class=\"wp-block-columns is-layout-flex wp-container-core-columns-is-layout-28f84493 wp-block-columns-is-layout-flex\">\n<div class=\"wp-block-column is-layout-flow wp-block-column-is-layout-flow\" style=\"flex-basis:33.33%\">\n<figure class=\"wp-block-image size-thumbnail\"><img decoding=\"async\" width=\"150\" height=\"150\" data-src=\"https:\/\/mwc-cmm.org\/wp-content\/uploads\/2024\/10\/icon0-vector-461-01-scaled-1-150x150.jpg\" alt=\"graphic of mail\" class=\"wp-image-11843 lazyload\" data-srcset=\"https:\/\/mwc-cmm.org\/wp-content\/uploads\/2024\/10\/icon0-vector-461-01-scaled-1-150x150.jpg 150w, https:\/\/mwc-cmm.org\/wp-content\/uploads\/2024\/10\/icon0-vector-461-01-scaled-1-300x300.jpg 300w, https:\/\/mwc-cmm.org\/wp-content\/uploads\/2024\/10\/icon0-vector-461-01-scaled-1-1024x1024.jpg 1024w, https:\/\/mwc-cmm.org\/wp-content\/uploads\/2024\/10\/icon0-vector-461-01-scaled-1-768x768.jpg 768w, https:\/\/mwc-cmm.org\/wp-content\/uploads\/2024\/10\/icon0-vector-461-01-scaled-1-1536x1536.jpg 1536w, https:\/\/mwc-cmm.org\/wp-content\/uploads\/2024\/10\/icon0-vector-461-01-scaled-1-2048x2048.jpg 2048w\" data-sizes=\"(max-width: 150px) 100vw, 150px\" src=\"data:image\/svg+xml;base64,PHN2ZyB3aWR0aD0iMSIgaGVpZ2h0PSIxIiB4bWxucz0iaHR0cDovL3d3dy53My5vcmcvMjAwMC9zdmciPjwvc3ZnPg==\" style=\"--smush-placeholder-width: 150px; --smush-placeholder-aspect-ratio: 150\/150;\" \/><figcaption class=\"wp-element-caption\">email icon vector illustration<\/figcaption><\/figure>\n<\/div>\n\n\n\n<div class=\"wp-block-column is-vertically-aligned-center is-layout-flow wp-block-column-is-layout-flow\" style=\"flex-basis:66.66%\">\n<p>Envoyez un courriel \u00e0 Henk Stenvers, secr\u00e9taire des diacres de la CMM, \u00e0 l\u2019adresse\u00a0<a href=\"mailto:vaccines@mwc-cmm.org\">vaccines@mwc-cmm.org<\/a>\u00a0pour faire savoir \u00e0 la CMM que vous soutenez ainsi notre famille mondiale.<\/p>\n<\/div>\n<\/div>\n\n\n\n<hr class=\"wp-block-separator has-alpha-channel-opacity\"\/>\n\n\n\n<h2 class=\"wp-block-heading\">Lire la siute<\/h2>\n\n\n\n<p><a href=\"https:\/\/mwc-cmm.org\/fr\/node\/3969\">Prendre soin de nos fr\u00e8res et s\u0153urs<\/a><\/p>\n\n\n\n<h2 class=\"wp-block-heading\">En savoir plus (liens externes)<\/h2>\n\n\n\n<p><a href=\"https:\/\/www.unicefusa.org\/stories\/covax-mission-forges-ahead-vaccinate-world-against-covid-19\/38636\">COVAX mission<\/a><\/p>\n\n\n\n<p><a href=\"https:\/\/www.unicef.org\/coronavirus\/covid-19-vaccines-why-dose-donations-are-essential\">5 reasons vaccines are essential<\/a><\/p>\n\n\n\n<p><a href=\"https:\/\/www.unicefusa.org\/stories\/covax-mission-forges-ahead-vaccinate-world-against-covid-19\/38636\">L<\/a><a href=\"https:\/\/www.interfaithconversation.ca\/sites\/default\/files\/Hope%2C%20Gratitude%20and%20Solidarity%20%28March%202020%29.pdf\">etter from Canadian faith leaders<\/a><\/p>\n\n\n\n<p>#loveneighbours #MWCloveneighbours #GiveAVax #dosedespoir<\/p>\n\n\n\n<p>#CMMaimetonprochain<\/p>\n\n\n\n<p>#aimetonprochain #CMMaimetonprochain<\/p>\n","protected":false},"excerpt":{"rendered":"<p>La Conf\u00e9rence mennonite mondiale appelle tous ses membres \u00e0 aimer leur prochain durant la pand\u00e9mie du coronavirus en soutenant les syst\u00e8mes de sant\u00e9s du monde entier. En 2021, l\u2019UNICEF a distribu\u00e9 plus d\u2019un milliard de doses de vaccins contre le coronavirus dans 144 pays et territoires dans le monde. En 2022, les campagnes de vaccination [&hellip;]<\/p>\n","protected":false},"author":1,"featured_media":0,"parent":0,"menu_order":0,"comment_status":"closed","ping_status":"closed","template":"","meta":{"_acf_changed":false,"footnotes":""},"class_list":["post-5921","page","type-page","status-publish","hentry"],"acf":[],"yoast_head":"<!-- This site is optimized with the Yoast SEO plugin v27.2 - https:\/\/yoast.com\/product\/yoast-seo-wordpress\/ -->\n<title>Aime ton prochain : partage les vaccins - Mennonite World Conference<\/title>\n<meta name=\"robots\" content=\"index, follow, max-snippet:-1, max-image-preview:large, max-video-preview:-1\" \/>\n<link rel=\"canonical\" href=\"https:\/\/mwc-cmm.org\/en\/love-neighbours-share-vaccines\/\" \/>\n<meta property=\"og:locale\" content=\"fr_FR\" \/>\n<meta property=\"og:type\" content=\"article\" \/>\n<meta property=\"og:title\" content=\"Aime ton prochain : partage les vaccins - Mennonite World Conference\" \/>\n<meta property=\"og:description\" content=\"La Conf\u00e9rence mennonite mondiale appelle tous ses membres \u00e0 aimer leur prochain durant la pand\u00e9mie du coronavirus en soutenant les syst\u00e8mes de sant\u00e9s du monde entier. En 2021, l\u2019UNICEF a distribu\u00e9 plus d\u2019un milliard de doses de vaccins contre le coronavirus dans 144 pays et territoires dans le monde. En 2022, les campagnes de vaccination [&hellip;]\" \/>\n<meta property=\"og:url\" content=\"https:\/\/mwc-cmm.org\/en\/love-neighbours-share-vaccines\/\" \/>\n<meta property=\"og:site_name\" content=\"Mennonite World Conference\" \/>\n<meta property=\"article:publisher\" content=\"https:\/\/www.facebook.com\/MennoniteWorldConference\" \/>\n<meta property=\"article:modified_time\" content=\"2024-11-15T22:37:25+00:00\" \/>\n<meta property=\"og:image\" content=\"https:\/\/mwc-cmm.org\/wp-content\/uploads\/2024\/10\/un0497777-1.jpg\" \/>\n\t<meta property=\"og:image:width\" content=\"1536\" \/>\n\t<meta property=\"og:image:height\" content=\"1024\" \/>\n\t<meta property=\"og:image:type\" content=\"image\/jpeg\" \/>\n<script type=\"application\/ld+json\" class=\"yoast-schema-graph\">{\"@context\":\"https:\/\/schema.org\",\"@graph\":[{\"@type\":\"WebPage\",\"@id\":\"https:\/\/mwc-cmm.org\/en\/love-neighbours-share-vaccines\/\",\"url\":\"https:\/\/mwc-cmm.org\/en\/love-neighbours-share-vaccines\/\",\"name\":\"Aime ton prochain : partage les vaccins - Mennonite World Conference\",\"isPartOf\":{\"@id\":\"https:\/\/mwc-cmm.org\/en\/#website\"},\"primaryImageOfPage\":{\"@id\":\"https:\/\/mwc-cmm.org\/en\/love-neighbours-share-vaccines\/#primaryimage\"},\"image\":{\"@id\":\"https:\/\/mwc-cmm.org\/en\/love-neighbours-share-vaccines\/#primaryimage\"},\"thumbnailUrl\":\"https:\/\/mwc-cmm.org\/wp-content\/uploads\/2024\/10\/un0497777-1-300x200.jpg\",\"datePublished\":\"2021-08-17T00:00:00+00:00\",\"dateModified\":\"2024-11-15T22:37:25+00:00\",\"breadcrumb\":{\"@id\":\"https:\/\/mwc-cmm.org\/en\/love-neighbours-share-vaccines\/#breadcrumb\"},\"inLanguage\":\"fr-FR\",\"potentialAction\":[{\"@type\":\"ReadAction\",\"target\":[\"https:\/\/mwc-cmm.org\/en\/love-neighbours-share-vaccines\/\"]}]},{\"@type\":\"ImageObject\",\"inLanguage\":\"fr-FR\",\"@id\":\"https:\/\/mwc-cmm.org\/en\/love-neighbours-share-vaccines\/#primaryimage\",\"url\":\"https:\/\/mwc-cmm.org\/wp-content\/uploads\/2024\/10\/un0497777-1-300x200.jpg\",\"contentUrl\":\"https:\/\/mwc-cmm.org\/wp-content\/uploads\/2024\/10\/un0497777-1-300x200.jpg\"},{\"@type\":\"BreadcrumbList\",\"@id\":\"https:\/\/mwc-cmm.org\/en\/love-neighbours-share-vaccines\/#breadcrumb\",\"itemListElement\":[{\"@type\":\"ListItem\",\"position\":1,\"name\":\"Home\",\"item\":\"https:\/\/mwc-cmm.org\/fr\/\"},{\"@type\":\"ListItem\",\"position\":2,\"name\":\"Aime ton prochain : partage les vaccins\"}]},{\"@type\":\"WebSite\",\"@id\":\"https:\/\/mwc-cmm.org\/en\/#website\",\"url\":\"https:\/\/mwc-cmm.org\/en\/\",\"name\":\"Mennonite World Conference\",\"description\":\"A communion of Anabaptist-related churches\",\"publisher\":{\"@id\":\"https:\/\/mwc-cmm.org\/en\/#organization\"},\"alternateName\":\"MWC\",\"potentialAction\":[{\"@type\":\"SearchAction\",\"target\":{\"@type\":\"EntryPoint\",\"urlTemplate\":\"https:\/\/mwc-cmm.org\/en\/?s={search_term_string}\"},\"query-input\":{\"@type\":\"PropertyValueSpecification\",\"valueRequired\":true,\"valueName\":\"search_term_string\"}}],\"inLanguage\":\"fr-FR\"},{\"@type\":\"Organization\",\"@id\":\"https:\/\/mwc-cmm.org\/en\/#organization\",\"name\":\"Mennonite World Conference\",\"alternateName\":\"MWC\",\"url\":\"https:\/\/mwc-cmm.org\/en\/\",\"logo\":{\"@type\":\"ImageObject\",\"inLanguage\":\"fr-FR\",\"@id\":\"https:\/\/mwc-cmm.org\/en\/#\/schema\/logo\/image\/\",\"url\":\"https:\/\/mwc-cmm.org\/wp-content\/uploads\/2026\/01\/MWC_Sig_Blue_Horiz_webheader1-logo.svg\",\"contentUrl\":\"https:\/\/mwc-cmm.org\/wp-content\/uploads\/2026\/01\/MWC_Sig_Blue_Horiz_webheader1-logo.svg\",\"width\":786,\"height\":82,\"caption\":\"Mennonite World Conference\"},\"image\":{\"@id\":\"https:\/\/mwc-cmm.org\/en\/#\/schema\/logo\/image\/\"},\"sameAs\":[\"https:\/\/www.facebook.com\/MennoniteWorldConference\",\"https:\/\/www.linkedin.com\/company\/mennonite-world-conference-mwc\/\",\"https:\/\/www.instagram.com\/mwcmm\/\",\"https:\/\/www.youtube.com\/user\/mwccmm\",\"https:\/\/bsky.app\/profile\/mwcmm.bsky.social\"]}]}<\/script>\n<!-- \/ Yoast SEO plugin. -->","yoast_head_json":{"title":"Aime ton prochain : partage les vaccins - Mennonite World Conference","robots":{"index":"index","follow":"follow","max-snippet":"max-snippet:-1","max-image-preview":"max-image-preview:large","max-video-preview":"max-video-preview:-1"},"canonical":"https:\/\/mwc-cmm.org\/en\/love-neighbours-share-vaccines\/","og_locale":"fr_FR","og_type":"article","og_title":"Aime ton prochain : partage les vaccins - Mennonite World Conference","og_description":"La Conf\u00e9rence mennonite mondiale appelle tous ses membres \u00e0 aimer leur prochain durant la pand\u00e9mie du coronavirus en soutenant les syst\u00e8mes de sant\u00e9s du monde entier. En 2021, l\u2019UNICEF a distribu\u00e9 plus d\u2019un milliard de doses de vaccins contre le coronavirus dans 144 pays et territoires dans le monde. En 2022, les campagnes de vaccination [&hellip;]","og_url":"https:\/\/mwc-cmm.org\/en\/love-neighbours-share-vaccines\/","og_site_name":"Mennonite World Conference","article_publisher":"https:\/\/www.facebook.com\/MennoniteWorldConference","article_modified_time":"2024-11-15T22:37:25+00:00","og_image":[{"width":1536,"height":1024,"url":"https:\/\/mwc-cmm.org\/wp-content\/uploads\/2024\/10\/un0497777-1.jpg","type":"image\/jpeg"}],"schema":{"@context":"https:\/\/schema.org","@graph":[{"@type":"WebPage","@id":"https:\/\/mwc-cmm.org\/en\/love-neighbours-share-vaccines\/","url":"https:\/\/mwc-cmm.org\/en\/love-neighbours-share-vaccines\/","name":"Aime ton prochain : partage les vaccins - Mennonite World Conference","isPartOf":{"@id":"https:\/\/mwc-cmm.org\/en\/#website"},"primaryImageOfPage":{"@id":"https:\/\/mwc-cmm.org\/en\/love-neighbours-share-vaccines\/#primaryimage"},"image":{"@id":"https:\/\/mwc-cmm.org\/en\/love-neighbours-share-vaccines\/#primaryimage"},"thumbnailUrl":"https:\/\/mwc-cmm.org\/wp-content\/uploads\/2024\/10\/un0497777-1-300x200.jpg","datePublished":"2021-08-17T00:00:00+00:00","dateModified":"2024-11-15T22:37:25+00:00","breadcrumb":{"@id":"https:\/\/mwc-cmm.org\/en\/love-neighbours-share-vaccines\/#breadcrumb"},"inLanguage":"fr-FR","potentialAction":[{"@type":"ReadAction","target":["https:\/\/mwc-cmm.org\/en\/love-neighbours-share-vaccines\/"]}]},{"@type":"ImageObject","inLanguage":"fr-FR","@id":"https:\/\/mwc-cmm.org\/en\/love-neighbours-share-vaccines\/#primaryimage","url":"https:\/\/mwc-cmm.org\/wp-content\/uploads\/2024\/10\/un0497777-1-300x200.jpg","contentUrl":"https:\/\/mwc-cmm.org\/wp-content\/uploads\/2024\/10\/un0497777-1-300x200.jpg"},{"@type":"BreadcrumbList","@id":"https:\/\/mwc-cmm.org\/en\/love-neighbours-share-vaccines\/#breadcrumb","itemListElement":[{"@type":"ListItem","position":1,"name":"Home","item":"https:\/\/mwc-cmm.org\/fr\/"},{"@type":"ListItem","position":2,"name":"Aime ton prochain : partage les vaccins"}]},{"@type":"WebSite","@id":"https:\/\/mwc-cmm.org\/en\/#website","url":"https:\/\/mwc-cmm.org\/en\/","name":"Mennonite World Conference","description":"A communion of Anabaptist-related churches","publisher":{"@id":"https:\/\/mwc-cmm.org\/en\/#organization"},"alternateName":"MWC","potentialAction":[{"@type":"SearchAction","target":{"@type":"EntryPoint","urlTemplate":"https:\/\/mwc-cmm.org\/en\/?s={search_term_string}"},"query-input":{"@type":"PropertyValueSpecification","valueRequired":true,"valueName":"search_term_string"}}],"inLanguage":"fr-FR"},{"@type":"Organization","@id":"https:\/\/mwc-cmm.org\/en\/#organization","name":"Mennonite World Conference","alternateName":"MWC","url":"https:\/\/mwc-cmm.org\/en\/","logo":{"@type":"ImageObject","inLanguage":"fr-FR","@id":"https:\/\/mwc-cmm.org\/en\/#\/schema\/logo\/image\/","url":"https:\/\/mwc-cmm.org\/wp-content\/uploads\/2026\/01\/MWC_Sig_Blue_Horiz_webheader1-logo.svg","contentUrl":"https:\/\/mwc-cmm.org\/wp-content\/uploads\/2026\/01\/MWC_Sig_Blue_Horiz_webheader1-logo.svg","width":786,"height":82,"caption":"Mennonite World Conference"},"image":{"@id":"https:\/\/mwc-cmm.org\/en\/#\/schema\/logo\/image\/"},"sameAs":["https:\/\/www.facebook.com\/MennoniteWorldConference","https:\/\/www.linkedin.com\/company\/mennonite-world-conference-mwc\/","https:\/\/www.instagram.com\/mwcmm\/","https:\/\/www.youtube.com\/user\/mwccmm","https:\/\/bsky.app\/profile\/mwcmm.bsky.social"]}]}},"_links":{"self":[{"href":"https:\/\/mwc-cmm.org\/fr\/wp-json\/wp\/v2\/pages\/5921","targetHints":{"allow":["GET"]}}],"collection":[{"href":"https:\/\/mwc-cmm.org\/fr\/wp-json\/wp\/v2\/pages"}],"about":[{"href":"https:\/\/mwc-cmm.org\/fr\/wp-json\/wp\/v2\/types\/page"}],"author":[{"embeddable":true,"href":"https:\/\/mwc-cmm.org\/fr\/wp-json\/wp\/v2\/users\/1"}],"replies":[{"embeddable":true,"href":"https:\/\/mwc-cmm.org\/fr\/wp-json\/wp\/v2\/comments?post=5921"}],"version-history":[{"count":0,"href":"https:\/\/mwc-cmm.org\/fr\/wp-json\/wp\/v2\/pages\/5921\/revisions"}],"wp:attachment":[{"href":"https:\/\/mwc-cmm.org\/fr\/wp-json\/wp\/v2\/media?parent=5921"}],"curies":[{"name":"wp","href":"https:\/\/api.w.org\/{rel}","templated":true}]}}