{"id":5915,"date":"2020-12-18T00:00:00","date_gmt":"2020-12-18T00:00:00","guid":{"rendered":"https:\/\/mwc-cmm.org\/one-lunch-offering-3\/"},"modified":"2025-10-27T15:46:42","modified_gmt":"2025-10-27T15:46:42","slug":"offrande-un-dejeuner","status":"publish","type":"page","link":"https:\/\/mwc-cmm.org\/fr\/dimanche-de-la-fraternite-anabaptiste-mondiale\/offrande-un-dejeuner\/","title":{"rendered":"Offrande \u00ab un d\u00e9jeuner \u00bb"},"content":{"rendered":"\n<p>La CMM invite les \u00c9glises membres \u00e0 faire une offrande sp\u00e9ciale pour la communaut\u00e9 de l\u2019\u00c9glise anabaptiste mondiale le Dimanche de la Fraternit\u00e9 Anabaptiste Mondiale.<\/p>\n\n\n\n<p>Une fa\u00e7on de le faire est d\u2019inviter chaque membre de l\u2019assembl\u00e9e \u00e0 contribuer avec un montant \u00e9quivalent \u00e0 un repas dans leur propre communaut\u00e9 afin de soutenir les r\u00e9seaux et les ressources de notre famille mondiale d\u2019\u00c9glises anabaptistes.&nbsp;<\/p>\n\n\n\n<figure class=\"wp-block-image size-large\"><img decoding=\"async\" width=\"1024\" height=\"768\" data-src=\"https:\/\/mwc-cmm.org\/wp-content\/uploads\/2025\/06\/20230122HesperValenzuela325007303_463996729259867_3668319425013621192_n-1024x768.jpg\" alt=\"\" class=\"wp-image-115761 lazyload\" data-srcset=\"https:\/\/mwc-cmm.org\/wp-content\/uploads\/2025\/06\/20230122HesperValenzuela325007303_463996729259867_3668319425013621192_n-1024x768.jpg 1024w, https:\/\/mwc-cmm.org\/wp-content\/uploads\/2025\/06\/20230122HesperValenzuela325007303_463996729259867_3668319425013621192_n-300x225.jpg 300w, https:\/\/mwc-cmm.org\/wp-content\/uploads\/2025\/06\/20230122HesperValenzuela325007303_463996729259867_3668319425013621192_n-768x576.jpg 768w, https:\/\/mwc-cmm.org\/wp-content\/uploads\/2025\/06\/20230122HesperValenzuela325007303_463996729259867_3668319425013621192_n-1536x1152.jpg 1536w, https:\/\/mwc-cmm.org\/wp-content\/uploads\/2025\/06\/20230122HesperValenzuela325007303_463996729259867_3668319425013621192_n.jpg 2048w\" data-sizes=\"(max-width: 1024px) 100vw, 1024px\" src=\"data:image\/svg+xml;base64,PHN2ZyB3aWR0aD0iMSIgaGVpZ2h0PSIxIiB4bWxucz0iaHR0cDovL3d3dy53My5vcmcvMjAwMC9zdmciPjwvc3ZnPg==\" style=\"--smush-placeholder-width: 1024px; --smush-placeholder-aspect-ratio: 1024\/768;\" \/><\/figure>\n\n\n\n<div class=\"wp-block-buttons is-content-justification-center is-layout-flex wp-container-core-buttons-is-layout-a89b3969 wp-block-buttons-is-layout-flex\">\n<div class=\"wp-block-button\"><a class=\"wp-block-button__link has-magenta-background-color has-background wp-element-button\" href=\"https:\/\/mwc-cmm.org\/fr\/faire-un-don\/\">donner<\/a><\/div>\n<\/div>\n\n\n\n<hr class=\"wp-block-separator has-alpha-channel-opacity\"\/>\n\n\n\n<h4 class=\"wp-block-heading is-style-blue-eyebrow\">Que mangez-vous&nbsp;?<\/h4>\n\n\n\n<div class=\"wp-block-cb-carousel-v2 cb-carousel-block\" data-cb-slides-per-view=\"1\" data-cb-slides-per-group=\"1\" data-cb-space-between=\"15\" data-cb-speed=\"300\" data-cb-navigation=\"true\" data-cb-pagination=\"true\" data-cb-breakpoints=\"{&quot;768&quot;:{&quot;slidesPerView&quot;:3,&quot;slidesPerGroup&quot;:1}}\"><div class=\"swiper\"><div class=\"cb-wrapper swiper-wrapper\">\n<div class=\"wp-block-cb-slide-v2 cb-slide swiper-slide\">\n<figure class=\"wp-block-image size-large\"><img decoding=\"async\" width=\"1024\" height=\"768\" data-src=\"https:\/\/mwc-cmm.org\/wp-content\/uploads\/2025\/10\/202310LiesaUngerWhatsApp-Image-2023-10-15-at-19.34.44-1-1024x768.jpeg\" alt=\"\" class=\"wp-image-120019 lazyload\" data-srcset=\"https:\/\/mwc-cmm.org\/wp-content\/uploads\/2025\/10\/202310LiesaUngerWhatsApp-Image-2023-10-15-at-19.34.44-1-1024x768.jpeg 1024w, https:\/\/mwc-cmm.org\/wp-content\/uploads\/2025\/10\/202310LiesaUngerWhatsApp-Image-2023-10-15-at-19.34.44-1-300x225.jpeg 300w, https:\/\/mwc-cmm.org\/wp-content\/uploads\/2025\/10\/202310LiesaUngerWhatsApp-Image-2023-10-15-at-19.34.44-1-768x576.jpeg 768w, https:\/\/mwc-cmm.org\/wp-content\/uploads\/2025\/10\/202310LiesaUngerWhatsApp-Image-2023-10-15-at-19.34.44-1-1536x1152.jpeg 1536w, https:\/\/mwc-cmm.org\/wp-content\/uploads\/2025\/10\/202310LiesaUngerWhatsApp-Image-2023-10-15-at-19.34.44-1.jpeg 2016w\" data-sizes=\"(max-width: 1024px) 100vw, 1024px\" src=\"data:image\/svg+xml;base64,PHN2ZyB3aWR0aD0iMSIgaGVpZ2h0PSIxIiB4bWxucz0iaHR0cDovL3d3dy53My5vcmcvMjAwMC9zdmciPjwvc3ZnPg==\" style=\"--smush-placeholder-width: 1024px; --smush-placeholder-aspect-ratio: 1024\/768;\" \/><\/figure>\n<\/div>\n\n\n\n<div class=\"wp-block-cb-slide-v2 cb-slide swiper-slide\">\n<figure class=\"wp-block-image size-large\"><img decoding=\"async\" width=\"1024\" height=\"768\" data-src=\"https:\/\/mwc-cmm.org\/wp-content\/uploads\/2025\/10\/20240113HenkStenvers20240113_125319-1024x768.jpg\" alt=\"\" class=\"wp-image-120173 lazyload\" data-srcset=\"https:\/\/mwc-cmm.org\/wp-content\/uploads\/2025\/10\/20240113HenkStenvers20240113_125319-1024x768.jpg 1024w, https:\/\/mwc-cmm.org\/wp-content\/uploads\/2025\/10\/20240113HenkStenvers20240113_125319-300x225.jpg 300w, https:\/\/mwc-cmm.org\/wp-content\/uploads\/2025\/10\/20240113HenkStenvers20240113_125319-768x576.jpg 768w, https:\/\/mwc-cmm.org\/wp-content\/uploads\/2025\/10\/20240113HenkStenvers20240113_125319-1536x1152.jpg 1536w, https:\/\/mwc-cmm.org\/wp-content\/uploads\/2025\/10\/20240113HenkStenvers20240113_125319-2048x1536.jpg 2048w\" data-sizes=\"(max-width: 1024px) 100vw, 1024px\" src=\"data:image\/svg+xml;base64,PHN2ZyB3aWR0aD0iMSIgaGVpZ2h0PSIxIiB4bWxucz0iaHR0cDovL3d3dy53My5vcmcvMjAwMC9zdmciPjwvc3ZnPg==\" style=\"--smush-placeholder-width: 1024px; --smush-placeholder-aspect-ratio: 1024\/768;\" \/><\/figure>\n<\/div>\n\n\n\n<div class=\"wp-block-cb-slide-v2 cb-slide swiper-slide\">\n<figure class=\"wp-block-image size-large\"><img decoding=\"async\" width=\"1024\" height=\"683\" data-src=\"https:\/\/mwc-cmm.org\/wp-content\/uploads\/2025\/10\/20220710MeetinghouseKresnaKurniawanDSCF4138-1024x683.jpg\" alt=\"\" class=\"wp-image-120145 lazyload\" data-srcset=\"https:\/\/mwc-cmm.org\/wp-content\/uploads\/2025\/10\/20220710MeetinghouseKresnaKurniawanDSCF4138-1024x683.jpg 1024w, https:\/\/mwc-cmm.org\/wp-content\/uploads\/2025\/10\/20220710MeetinghouseKresnaKurniawanDSCF4138-300x200.jpg 300w, https:\/\/mwc-cmm.org\/wp-content\/uploads\/2025\/10\/20220710MeetinghouseKresnaKurniawanDSCF4138-768x512.jpg 768w, https:\/\/mwc-cmm.org\/wp-content\/uploads\/2025\/10\/20220710MeetinghouseKresnaKurniawanDSCF4138-1536x1024.jpg 1536w, https:\/\/mwc-cmm.org\/wp-content\/uploads\/2025\/10\/20220710MeetinghouseKresnaKurniawanDSCF4138-2048x1365.jpg 2048w\" data-sizes=\"(max-width: 1024px) 100vw, 1024px\" src=\"data:image\/svg+xml;base64,PHN2ZyB3aWR0aD0iMSIgaGVpZ2h0PSIxIiB4bWxucz0iaHR0cDovL3d3dy53My5vcmcvMjAwMC9zdmciPjwvc3ZnPg==\" style=\"--smush-placeholder-width: 1024px; --smush-placeholder-aspect-ratio: 1024\/683;\" \/><\/figure>\n<\/div>\n\n\n\n<div class=\"wp-block-cb-slide-v2 cb-slide swiper-slide\">\n<figure class=\"wp-block-image size-large\"><img decoding=\"async\" width=\"1024\" height=\"768\" data-src=\"https:\/\/mwc-cmm.org\/wp-content\/uploads\/2025\/10\/20250525StephanieSetiawan20250525_182607-1024x768.jpg\" alt=\"\" class=\"wp-image-120131 lazyload\" data-srcset=\"https:\/\/mwc-cmm.org\/wp-content\/uploads\/2025\/10\/20250525StephanieSetiawan20250525_182607-1024x768.jpg 1024w, https:\/\/mwc-cmm.org\/wp-content\/uploads\/2025\/10\/20250525StephanieSetiawan20250525_182607-300x225.jpg 300w, https:\/\/mwc-cmm.org\/wp-content\/uploads\/2025\/10\/20250525StephanieSetiawan20250525_182607-768x576.jpg 768w, https:\/\/mwc-cmm.org\/wp-content\/uploads\/2025\/10\/20250525StephanieSetiawan20250525_182607-1536x1152.jpg 1536w, https:\/\/mwc-cmm.org\/wp-content\/uploads\/2025\/10\/20250525StephanieSetiawan20250525_182607-2048x1536.jpg 2048w\" data-sizes=\"(max-width: 1024px) 100vw, 1024px\" src=\"data:image\/svg+xml;base64,PHN2ZyB3aWR0aD0iMSIgaGVpZ2h0PSIxIiB4bWxucz0iaHR0cDovL3d3dy53My5vcmcvMjAwMC9zdmciPjwvc3ZnPg==\" style=\"--smush-placeholder-width: 1024px; --smush-placeholder-aspect-ratio: 1024\/768;\" \/><\/figure>\n<\/div>\n\n\n\n<div class=\"wp-block-cb-slide-v2 cb-slide swiper-slide\">\n<figure class=\"wp-block-image size-large\"><img decoding=\"async\" width=\"1024\" height=\"683\" data-src=\"https:\/\/mwc-cmm.org\/wp-content\/uploads\/2025\/10\/20220710MeetinghouseKresnaKurniawanDSCF4123-1024x683.jpg\" alt=\"\" class=\"wp-image-120061 lazyload\" data-srcset=\"https:\/\/mwc-cmm.org\/wp-content\/uploads\/2025\/10\/20220710MeetinghouseKresnaKurniawanDSCF4123-1024x683.jpg 1024w, https:\/\/mwc-cmm.org\/wp-content\/uploads\/2025\/10\/20220710MeetinghouseKresnaKurniawanDSCF4123-300x200.jpg 300w, https:\/\/mwc-cmm.org\/wp-content\/uploads\/2025\/10\/20220710MeetinghouseKresnaKurniawanDSCF4123-768x512.jpg 768w, https:\/\/mwc-cmm.org\/wp-content\/uploads\/2025\/10\/20220710MeetinghouseKresnaKurniawanDSCF4123-1536x1024.jpg 1536w, https:\/\/mwc-cmm.org\/wp-content\/uploads\/2025\/10\/20220710MeetinghouseKresnaKurniawanDSCF4123-2048x1365.jpg 2048w\" data-sizes=\"(max-width: 1024px) 100vw, 1024px\" src=\"data:image\/svg+xml;base64,PHN2ZyB3aWR0aD0iMSIgaGVpZ2h0PSIxIiB4bWxucz0iaHR0cDovL3d3dy53My5vcmcvMjAwMC9zdmciPjwvc3ZnPg==\" style=\"--smush-placeholder-width: 1024px; --smush-placeholder-aspect-ratio: 1024\/683;\" \/><\/figure>\n<\/div>\n\n\n\n<div class=\"wp-block-cb-slide-v2 cb-slide swiper-slide\">\n<figure class=\"wp-block-image size-large\"><img decoding=\"async\" width=\"1024\" height=\"800\" data-src=\"https:\/\/mwc-cmm.org\/wp-content\/uploads\/2025\/10\/20230325HenkStenvers20230323HenkStenvers20230323_085524-1024x800.jpg\" alt=\"\" class=\"wp-image-120159 lazyload\" data-srcset=\"https:\/\/mwc-cmm.org\/wp-content\/uploads\/2025\/10\/20230325HenkStenvers20230323HenkStenvers20230323_085524-1024x800.jpg 1024w, https:\/\/mwc-cmm.org\/wp-content\/uploads\/2025\/10\/20230325HenkStenvers20230323HenkStenvers20230323_085524-300x234.jpg 300w, https:\/\/mwc-cmm.org\/wp-content\/uploads\/2025\/10\/20230325HenkStenvers20230323HenkStenvers20230323_085524-768x600.jpg 768w, https:\/\/mwc-cmm.org\/wp-content\/uploads\/2025\/10\/20230325HenkStenvers20230323HenkStenvers20230323_085524-1536x1199.jpg 1536w, https:\/\/mwc-cmm.org\/wp-content\/uploads\/2025\/10\/20230325HenkStenvers20230323HenkStenvers20230323_085524-2048x1599.jpg 2048w\" data-sizes=\"(max-width: 1024px) 100vw, 1024px\" src=\"data:image\/svg+xml;base64,PHN2ZyB3aWR0aD0iMSIgaGVpZ2h0PSIxIiB4bWxucz0iaHR0cDovL3d3dy53My5vcmcvMjAwMC9zdmciPjwvc3ZnPg==\" style=\"--smush-placeholder-width: 1024px; --smush-placeholder-aspect-ratio: 1024\/800;\" \/><\/figure>\n<\/div>\n\n\n\n<div class=\"wp-block-cb-slide-v2 cb-slide swiper-slide\">\n<figure class=\"wp-block-image size-large\"><img decoding=\"async\" width=\"1024\" height=\"683\" data-src=\"https:\/\/mwc-cmm.org\/wp-content\/uploads\/2025\/10\/20181020Liesa_UngerDSC_0342-1024x683.jpg\" alt=\"\" class=\"wp-image-120047 lazyload\" data-srcset=\"https:\/\/mwc-cmm.org\/wp-content\/uploads\/2025\/10\/20181020Liesa_UngerDSC_0342-1024x683.jpg 1024w, https:\/\/mwc-cmm.org\/wp-content\/uploads\/2025\/10\/20181020Liesa_UngerDSC_0342-300x200.jpg 300w, https:\/\/mwc-cmm.org\/wp-content\/uploads\/2025\/10\/20181020Liesa_UngerDSC_0342-768x512.jpg 768w, https:\/\/mwc-cmm.org\/wp-content\/uploads\/2025\/10\/20181020Liesa_UngerDSC_0342-1536x1024.jpg 1536w, https:\/\/mwc-cmm.org\/wp-content\/uploads\/2025\/10\/20181020Liesa_UngerDSC_0342-2048x1365.jpg 2048w\" data-sizes=\"(max-width: 1024px) 100vw, 1024px\" src=\"data:image\/svg+xml;base64,PHN2ZyB3aWR0aD0iMSIgaGVpZ2h0PSIxIiB4bWxucz0iaHR0cDovL3d3dy53My5vcmcvMjAwMC9zdmciPjwvc3ZnPg==\" style=\"--smush-placeholder-width: 1024px; --smush-placeholder-aspect-ratio: 1024\/683;\" \/><\/figure>\n<\/div>\n\n\n\n<div class=\"wp-block-cb-slide-v2 cb-slide swiper-slide\">\n<figure class=\"wp-block-image size-large\"><img decoding=\"async\" width=\"1024\" height=\"683\" data-src=\"https:\/\/mwc-cmm.org\/wp-content\/uploads\/2025\/10\/20250525IrmaSulistyoriniDSC05420-1024x683.jpg\" alt=\"\" class=\"wp-image-120117 lazyload\" data-srcset=\"https:\/\/mwc-cmm.org\/wp-content\/uploads\/2025\/10\/20250525IrmaSulistyoriniDSC05420-1024x683.jpg 1024w, https:\/\/mwc-cmm.org\/wp-content\/uploads\/2025\/10\/20250525IrmaSulistyoriniDSC05420-300x200.jpg 300w, https:\/\/mwc-cmm.org\/wp-content\/uploads\/2025\/10\/20250525IrmaSulistyoriniDSC05420-768x512.jpg 768w, https:\/\/mwc-cmm.org\/wp-content\/uploads\/2025\/10\/20250525IrmaSulistyoriniDSC05420-1536x1024.jpg 1536w, https:\/\/mwc-cmm.org\/wp-content\/uploads\/2025\/10\/20250525IrmaSulistyoriniDSC05420-2048x1365.jpg 2048w\" data-sizes=\"(max-width: 1024px) 100vw, 1024px\" src=\"data:image\/svg+xml;base64,PHN2ZyB3aWR0aD0iMSIgaGVpZ2h0PSIxIiB4bWxucz0iaHR0cDovL3d3dy53My5vcmcvMjAwMC9zdmciPjwvc3ZnPg==\" style=\"--smush-placeholder-width: 1024px; --smush-placeholder-aspect-ratio: 1024\/683;\" \/><\/figure>\n<\/div>\n\n\n\n<div class=\"wp-block-cb-slide-v2 cb-slide swiper-slide\">\n<figure class=\"wp-block-image size-large\"><img decoding=\"async\" width=\"1024\" height=\"768\" data-src=\"https:\/\/mwc-cmm.org\/wp-content\/uploads\/2025\/10\/20230924PreshitRaoIMG_20230924_131001-1024x768.jpg\" alt=\"\" class=\"wp-image-120187 lazyload\" data-srcset=\"https:\/\/mwc-cmm.org\/wp-content\/uploads\/2025\/10\/20230924PreshitRaoIMG_20230924_131001-1024x768.jpg 1024w, https:\/\/mwc-cmm.org\/wp-content\/uploads\/2025\/10\/20230924PreshitRaoIMG_20230924_131001-300x225.jpg 300w, https:\/\/mwc-cmm.org\/wp-content\/uploads\/2025\/10\/20230924PreshitRaoIMG_20230924_131001-768x576.jpg 768w, https:\/\/mwc-cmm.org\/wp-content\/uploads\/2025\/10\/20230924PreshitRaoIMG_20230924_131001-1536x1152.jpg 1536w, https:\/\/mwc-cmm.org\/wp-content\/uploads\/2025\/10\/20230924PreshitRaoIMG_20230924_131001-2048x1536.jpg 2048w\" data-sizes=\"(max-width: 1024px) 100vw, 1024px\" src=\"data:image\/svg+xml;base64,PHN2ZyB3aWR0aD0iMSIgaGVpZ2h0PSIxIiB4bWxucz0iaHR0cDovL3d3dy53My5vcmcvMjAwMC9zdmciPjwvc3ZnPg==\" style=\"--smush-placeholder-width: 1024px; --smush-placeholder-aspect-ratio: 1024\/768;\" \/><\/figure>\n<\/div>\n<\/div><\/div><div class=\"cb-pagination swiper-pagination\"><\/div><div class=\"cb-button-prev swiper-button-prev\"><\/div><div class=\"cb-button-next swiper-button-next\"><\/div><\/div>\n\n\n\n<p>Envoyez vos histoires et photos \u00e0 <a href=\"mailto:photos@mwc-cmm.org\">photos@mwc-cmm.org<\/a>.<\/p>\n\n\n\n<p><\/p>\n","protected":false},"excerpt":{"rendered":"<p>La CMM invite les \u00c9glises membres \u00e0 faire une offrande sp\u00e9ciale pour la communaut\u00e9 de l\u2019\u00c9glise anabaptiste mondiale le Dimanche de la Fraternit\u00e9 Anabaptiste Mondiale. Une fa\u00e7on de le faire est d\u2019inviter chaque membre de l\u2019assembl\u00e9e \u00e0 contribuer avec un montant \u00e9quivalent \u00e0 un repas dans leur propre communaut\u00e9 afin de soutenir les r\u00e9seaux et [&hellip;]<\/p>\n","protected":false},"author":1,"featured_media":120007,"parent":11477,"menu_order":0,"comment_status":"closed","ping_status":"closed","template":"","meta":{"_acf_changed":false,"footnotes":""},"class_list":["post-5915","page","type-page","status-publish","has-post-thumbnail","hentry"],"acf":[],"yoast_head":"<!-- This site is optimized with the Yoast SEO plugin v27.5 - https:\/\/yoast.com\/product\/yoast-seo-wordpress\/ -->\n<title>Offrande \u00ab un d\u00e9jeuner \u00bb - Mennonite World Conference<\/title>\n<meta name=\"robots\" content=\"index, follow, max-snippet:-1, max-image-preview:large, max-video-preview:-1\" \/>\n<link rel=\"canonical\" href=\"https:\/\/mwc-cmm.org\/fr\/dimanche-de-la-fraternite-anabaptiste-mondiale\/offrande-un-dejeuner\/\" \/>\n<meta property=\"og:locale\" content=\"fr_FR\" \/>\n<meta property=\"og:type\" content=\"article\" \/>\n<meta property=\"og:title\" content=\"Offrande \u00ab un d\u00e9jeuner \u00bb - Mennonite World Conference\" \/>\n<meta property=\"og:description\" content=\"La CMM invite les \u00c9glises membres \u00e0 faire une offrande sp\u00e9ciale pour la communaut\u00e9 de l\u2019\u00c9glise anabaptiste mondiale le Dimanche de la Fraternit\u00e9 Anabaptiste Mondiale. Une fa\u00e7on de le faire est d\u2019inviter chaque membre de l\u2019assembl\u00e9e \u00e0 contribuer avec un montant \u00e9quivalent \u00e0 un repas dans leur propre communaut\u00e9 afin de soutenir les r\u00e9seaux et [&hellip;]\" \/>\n<meta property=\"og:url\" content=\"https:\/\/mwc-cmm.org\/fr\/dimanche-de-la-fraternite-anabaptiste-mondiale\/offrande-un-dejeuner\/\" \/>\n<meta property=\"og:site_name\" content=\"Mennonite World Conference\" \/>\n<meta property=\"article:publisher\" content=\"https:\/\/www.facebook.com\/MennoniteWorldConference\" \/>\n<meta property=\"article:modified_time\" content=\"2025-10-27T15:46:42+00:00\" \/>\n<meta property=\"og:image\" content=\"https:\/\/mwc-cmm.org\/wp-content\/uploads\/2025\/10\/202411MosesKuldeep-19-Serving-and-Having-Meals-1.jpg\" \/>\n\t<meta property=\"og:image:width\" content=\"2016\" \/>\n\t<meta property=\"og:image:height\" content=\"1134\" \/>\n\t<meta property=\"og:image:type\" content=\"image\/jpeg\" \/>\n<script type=\"application\/ld+json\" class=\"yoast-schema-graph\">{\"@context\":\"https:\\\/\\\/schema.org\",\"@graph\":[{\"@type\":\"WebPage\",\"@id\":\"https:\\\/\\\/mwc-cmm.org\\\/fr\\\/dimanche-de-la-fraternite-anabaptiste-mondiale\\\/offrande-un-dejeuner\\\/\",\"url\":\"https:\\\/\\\/mwc-cmm.org\\\/fr\\\/dimanche-de-la-fraternite-anabaptiste-mondiale\\\/offrande-un-dejeuner\\\/\",\"name\":\"Offrande \u00ab un d\u00e9jeuner \u00bb - Mennonite World Conference\",\"isPartOf\":{\"@id\":\"https:\\\/\\\/mwc-cmm.org\\\/en\\\/#website\"},\"primaryImageOfPage\":{\"@id\":\"https:\\\/\\\/mwc-cmm.org\\\/fr\\\/dimanche-de-la-fraternite-anabaptiste-mondiale\\\/offrande-un-dejeuner\\\/#primaryimage\"},\"image\":{\"@id\":\"https:\\\/\\\/mwc-cmm.org\\\/fr\\\/dimanche-de-la-fraternite-anabaptiste-mondiale\\\/offrande-un-dejeuner\\\/#primaryimage\"},\"thumbnailUrl\":\"https:\\\/\\\/mwc-cmm.org\\\/wp-content\\\/uploads\\\/2025\\\/10\\\/202411MosesKuldeep-19-Serving-and-Having-Meals-1.jpg\",\"datePublished\":\"2020-12-18T00:00:00+00:00\",\"dateModified\":\"2025-10-27T15:46:42+00:00\",\"breadcrumb\":{\"@id\":\"https:\\\/\\\/mwc-cmm.org\\\/fr\\\/dimanche-de-la-fraternite-anabaptiste-mondiale\\\/offrande-un-dejeuner\\\/#breadcrumb\"},\"inLanguage\":\"fr-FR\",\"potentialAction\":[{\"@type\":\"ReadAction\",\"target\":[\"https:\\\/\\\/mwc-cmm.org\\\/fr\\\/dimanche-de-la-fraternite-anabaptiste-mondiale\\\/offrande-un-dejeuner\\\/\"]}]},{\"@type\":\"ImageObject\",\"inLanguage\":\"fr-FR\",\"@id\":\"https:\\\/\\\/mwc-cmm.org\\\/fr\\\/dimanche-de-la-fraternite-anabaptiste-mondiale\\\/offrande-un-dejeuner\\\/#primaryimage\",\"url\":\"https:\\\/\\\/mwc-cmm.org\\\/wp-content\\\/uploads\\\/2025\\\/10\\\/202411MosesKuldeep-19-Serving-and-Having-Meals-1.jpg\",\"contentUrl\":\"https:\\\/\\\/mwc-cmm.org\\\/wp-content\\\/uploads\\\/2025\\\/10\\\/202411MosesKuldeep-19-Serving-and-Having-Meals-1.jpg\",\"width\":2016,\"height\":1134,\"caption\":\"Centenary Jubilee from November 28th to December 01st 2024\"},{\"@type\":\"BreadcrumbList\",\"@id\":\"https:\\\/\\\/mwc-cmm.org\\\/fr\\\/dimanche-de-la-fraternite-anabaptiste-mondiale\\\/offrande-un-dejeuner\\\/#breadcrumb\",\"itemListElement\":[{\"@type\":\"ListItem\",\"position\":1,\"name\":\"Home\",\"item\":\"https:\\\/\\\/mwc-cmm.org\\\/fr\\\/\"},{\"@type\":\"ListItem\",\"position\":2,\"name\":\"Dimanche de la Fraternit\u00e9 Anabaptiste Mondiale\",\"item\":\"https:\\\/\\\/mwc-cmm.org\\\/fr\\\/dimanche-de-la-fraternite-anabaptiste-mondiale\\\/\"},{\"@type\":\"ListItem\",\"position\":3,\"name\":\"Offrande \u00ab un d\u00e9jeuner \u00bb\"}]},{\"@type\":\"WebSite\",\"@id\":\"https:\\\/\\\/mwc-cmm.org\\\/en\\\/#website\",\"url\":\"https:\\\/\\\/mwc-cmm.org\\\/en\\\/\",\"name\":\"Mennonite World Conference\",\"description\":\"A communion of Anabaptist-related churches\",\"publisher\":{\"@id\":\"https:\\\/\\\/mwc-cmm.org\\\/en\\\/#organization\"},\"alternateName\":\"MWC\",\"potentialAction\":[{\"@type\":\"SearchAction\",\"target\":{\"@type\":\"EntryPoint\",\"urlTemplate\":\"https:\\\/\\\/mwc-cmm.org\\\/en\\\/?s={search_term_string}\"},\"query-input\":{\"@type\":\"PropertyValueSpecification\",\"valueRequired\":true,\"valueName\":\"search_term_string\"}}],\"inLanguage\":\"fr-FR\"},{\"@type\":\"Organization\",\"@id\":\"https:\\\/\\\/mwc-cmm.org\\\/en\\\/#organization\",\"name\":\"Mennonite World Conference\",\"alternateName\":\"MWC\",\"url\":\"https:\\\/\\\/mwc-cmm.org\\\/en\\\/\",\"logo\":{\"@type\":\"ImageObject\",\"inLanguage\":\"fr-FR\",\"@id\":\"https:\\\/\\\/mwc-cmm.org\\\/en\\\/#\\\/schema\\\/logo\\\/image\\\/\",\"url\":\"https:\\\/\\\/mwc-cmm.org\\\/wp-content\\\/uploads\\\/2026\\\/01\\\/MWC_Sig_Blue_Horiz_webheader1-logo.svg\",\"contentUrl\":\"https:\\\/\\\/mwc-cmm.org\\\/wp-content\\\/uploads\\\/2026\\\/01\\\/MWC_Sig_Blue_Horiz_webheader1-logo.svg\",\"width\":786,\"height\":82,\"caption\":\"Mennonite World Conference\"},\"image\":{\"@id\":\"https:\\\/\\\/mwc-cmm.org\\\/en\\\/#\\\/schema\\\/logo\\\/image\\\/\"},\"sameAs\":[\"https:\\\/\\\/www.facebook.com\\\/MennoniteWorldConference\",\"https:\\\/\\\/www.linkedin.com\\\/company\\\/mennonite-world-conference-mwc\\\/\",\"https:\\\/\\\/www.instagram.com\\\/mwcmm\\\/\",\"https:\\\/\\\/www.youtube.com\\\/user\\\/mwccmm\",\"https:\\\/\\\/bsky.app\\\/profile\\\/mwcmm.bsky.social\"]}]}<\/script>\n<!-- \/ Yoast SEO plugin. -->","yoast_head_json":{"title":"Offrande \u00ab un d\u00e9jeuner \u00bb - Mennonite World Conference","robots":{"index":"index","follow":"follow","max-snippet":"max-snippet:-1","max-image-preview":"max-image-preview:large","max-video-preview":"max-video-preview:-1"},"canonical":"https:\/\/mwc-cmm.org\/fr\/dimanche-de-la-fraternite-anabaptiste-mondiale\/offrande-un-dejeuner\/","og_locale":"fr_FR","og_type":"article","og_title":"Offrande \u00ab un d\u00e9jeuner \u00bb - Mennonite World Conference","og_description":"La CMM invite les \u00c9glises membres \u00e0 faire une offrande sp\u00e9ciale pour la communaut\u00e9 de l\u2019\u00c9glise anabaptiste mondiale le Dimanche de la Fraternit\u00e9 Anabaptiste Mondiale. Une fa\u00e7on de le faire est d\u2019inviter chaque membre de l\u2019assembl\u00e9e \u00e0 contribuer avec un montant \u00e9quivalent \u00e0 un repas dans leur propre communaut\u00e9 afin de soutenir les r\u00e9seaux et [&hellip;]","og_url":"https:\/\/mwc-cmm.org\/fr\/dimanche-de-la-fraternite-anabaptiste-mondiale\/offrande-un-dejeuner\/","og_site_name":"Mennonite World Conference","article_publisher":"https:\/\/www.facebook.com\/MennoniteWorldConference","article_modified_time":"2025-10-27T15:46:42+00:00","og_image":[{"width":2016,"height":1134,"url":"https:\/\/mwc-cmm.org\/wp-content\/uploads\/2025\/10\/202411MosesKuldeep-19-Serving-and-Having-Meals-1.jpg","type":"image\/jpeg"}],"schema":{"@context":"https:\/\/schema.org","@graph":[{"@type":"WebPage","@id":"https:\/\/mwc-cmm.org\/fr\/dimanche-de-la-fraternite-anabaptiste-mondiale\/offrande-un-dejeuner\/","url":"https:\/\/mwc-cmm.org\/fr\/dimanche-de-la-fraternite-anabaptiste-mondiale\/offrande-un-dejeuner\/","name":"Offrande \u00ab un d\u00e9jeuner \u00bb - Mennonite World Conference","isPartOf":{"@id":"https:\/\/mwc-cmm.org\/en\/#website"},"primaryImageOfPage":{"@id":"https:\/\/mwc-cmm.org\/fr\/dimanche-de-la-fraternite-anabaptiste-mondiale\/offrande-un-dejeuner\/#primaryimage"},"image":{"@id":"https:\/\/mwc-cmm.org\/fr\/dimanche-de-la-fraternite-anabaptiste-mondiale\/offrande-un-dejeuner\/#primaryimage"},"thumbnailUrl":"https:\/\/mwc-cmm.org\/wp-content\/uploads\/2025\/10\/202411MosesKuldeep-19-Serving-and-Having-Meals-1.jpg","datePublished":"2020-12-18T00:00:00+00:00","dateModified":"2025-10-27T15:46:42+00:00","breadcrumb":{"@id":"https:\/\/mwc-cmm.org\/fr\/dimanche-de-la-fraternite-anabaptiste-mondiale\/offrande-un-dejeuner\/#breadcrumb"},"inLanguage":"fr-FR","potentialAction":[{"@type":"ReadAction","target":["https:\/\/mwc-cmm.org\/fr\/dimanche-de-la-fraternite-anabaptiste-mondiale\/offrande-un-dejeuner\/"]}]},{"@type":"ImageObject","inLanguage":"fr-FR","@id":"https:\/\/mwc-cmm.org\/fr\/dimanche-de-la-fraternite-anabaptiste-mondiale\/offrande-un-dejeuner\/#primaryimage","url":"https:\/\/mwc-cmm.org\/wp-content\/uploads\/2025\/10\/202411MosesKuldeep-19-Serving-and-Having-Meals-1.jpg","contentUrl":"https:\/\/mwc-cmm.org\/wp-content\/uploads\/2025\/10\/202411MosesKuldeep-19-Serving-and-Having-Meals-1.jpg","width":2016,"height":1134,"caption":"Centenary Jubilee from November 28th to December 01st 2024"},{"@type":"BreadcrumbList","@id":"https:\/\/mwc-cmm.org\/fr\/dimanche-de-la-fraternite-anabaptiste-mondiale\/offrande-un-dejeuner\/#breadcrumb","itemListElement":[{"@type":"ListItem","position":1,"name":"Home","item":"https:\/\/mwc-cmm.org\/fr\/"},{"@type":"ListItem","position":2,"name":"Dimanche de la Fraternit\u00e9 Anabaptiste Mondiale","item":"https:\/\/mwc-cmm.org\/fr\/dimanche-de-la-fraternite-anabaptiste-mondiale\/"},{"@type":"ListItem","position":3,"name":"Offrande \u00ab un d\u00e9jeuner \u00bb"}]},{"@type":"WebSite","@id":"https:\/\/mwc-cmm.org\/en\/#website","url":"https:\/\/mwc-cmm.org\/en\/","name":"Mennonite World Conference","description":"A communion of Anabaptist-related churches","publisher":{"@id":"https:\/\/mwc-cmm.org\/en\/#organization"},"alternateName":"MWC","potentialAction":[{"@type":"SearchAction","target":{"@type":"EntryPoint","urlTemplate":"https:\/\/mwc-cmm.org\/en\/?s={search_term_string}"},"query-input":{"@type":"PropertyValueSpecification","valueRequired":true,"valueName":"search_term_string"}}],"inLanguage":"fr-FR"},{"@type":"Organization","@id":"https:\/\/mwc-cmm.org\/en\/#organization","name":"Mennonite World Conference","alternateName":"MWC","url":"https:\/\/mwc-cmm.org\/en\/","logo":{"@type":"ImageObject","inLanguage":"fr-FR","@id":"https:\/\/mwc-cmm.org\/en\/#\/schema\/logo\/image\/","url":"https:\/\/mwc-cmm.org\/wp-content\/uploads\/2026\/01\/MWC_Sig_Blue_Horiz_webheader1-logo.svg","contentUrl":"https:\/\/mwc-cmm.org\/wp-content\/uploads\/2026\/01\/MWC_Sig_Blue_Horiz_webheader1-logo.svg","width":786,"height":82,"caption":"Mennonite World Conference"},"image":{"@id":"https:\/\/mwc-cmm.org\/en\/#\/schema\/logo\/image\/"},"sameAs":["https:\/\/www.facebook.com\/MennoniteWorldConference","https:\/\/www.linkedin.com\/company\/mennonite-world-conference-mwc\/","https:\/\/www.instagram.com\/mwcmm\/","https:\/\/www.youtube.com\/user\/mwccmm","https:\/\/bsky.app\/profile\/mwcmm.bsky.social"]}]}},"_links":{"self":[{"href":"https:\/\/mwc-cmm.org\/fr\/wp-json\/wp\/v2\/pages\/5915","targetHints":{"allow":["GET"]}}],"collection":[{"href":"https:\/\/mwc-cmm.org\/fr\/wp-json\/wp\/v2\/pages"}],"about":[{"href":"https:\/\/mwc-cmm.org\/fr\/wp-json\/wp\/v2\/types\/page"}],"author":[{"embeddable":true,"href":"https:\/\/mwc-cmm.org\/fr\/wp-json\/wp\/v2\/users\/1"}],"replies":[{"embeddable":true,"href":"https:\/\/mwc-cmm.org\/fr\/wp-json\/wp\/v2\/comments?post=5915"}],"version-history":[{"count":0,"href":"https:\/\/mwc-cmm.org\/fr\/wp-json\/wp\/v2\/pages\/5915\/revisions"}],"up":[{"embeddable":true,"href":"https:\/\/mwc-cmm.org\/fr\/wp-json\/wp\/v2\/pages\/11477"}],"wp:featuredmedia":[{"embeddable":true,"href":"https:\/\/mwc-cmm.org\/fr\/wp-json\/wp\/v2\/media\/120007"}],"wp:attachment":[{"href":"https:\/\/mwc-cmm.org\/fr\/wp-json\/wp\/v2\/media?parent=5915"}],"curies":[{"name":"wp","href":"https:\/\/api.w.org\/{rel}","templated":true}]}}