{"id":5904,"date":"2020-08-31T00:00:00","date_gmt":"2020-08-31T00:00:00","guid":{"rendered":"https:\/\/mwc-cmm.org\/season-of-creation-n-prayers-3\/"},"modified":"2025-08-29T21:18:56","modified_gmt":"2025-08-29T21:18:56","slug":"temps-de-la-creation-prieres","status":"publish","type":"page","link":"https:\/\/mwc-cmm.org\/fr\/groupe-de-travail-de-la-cmm-pour-la-protection-de-la-creation\/temps-de-la-creation-prieres\/","title":{"rendered":"Temps de la Cr\u00e9ation \u2013 pri\u00e8res"},"content":{"rendered":"\n<figure class=\"wp-block-image size-medium\"><img decoding=\"async\" width=\"300\" height=\"218\" data-src=\"https:\/\/mwc-cmm.org\/wp-content\/uploads\/2024\/10\/seasonofcreation_-_cropped-300x218.png\" alt=\"A graphic of a tree, the leaves shaped in a circle around the trunk\" class=\"wp-image-12481 lazyload\" data-srcset=\"https:\/\/mwc-cmm.org\/wp-content\/uploads\/2024\/10\/seasonofcreation_-_cropped-300x218.png 300w, https:\/\/mwc-cmm.org\/wp-content\/uploads\/2024\/10\/seasonofcreation_-_cropped-1024x743.png 1024w, https:\/\/mwc-cmm.org\/wp-content\/uploads\/2024\/10\/seasonofcreation_-_cropped-768x557.png 768w, https:\/\/mwc-cmm.org\/wp-content\/uploads\/2024\/10\/seasonofcreation_-_cropped.png 1199w\" data-sizes=\"(max-width: 300px) 100vw, 300px\" src=\"data:image\/svg+xml;base64,PHN2ZyB3aWR0aD0iMSIgaGVpZ2h0PSIxIiB4bWxucz0iaHR0cDovL3d3dy53My5vcmcvMjAwMC9zdmciPjwvc3ZnPg==\" style=\"--smush-placeholder-width: 300px; --smush-placeholder-aspect-ratio: 300\/218;\" \/><\/figure>\n\n\n\n<div class=\"wp-block-buttons is-layout-flex wp-block-buttons-is-layout-flex\">\n<div class=\"wp-block-button\"><a class=\"wp-block-button__link wp-element-button\" href=\"https:\/\/seasonofcreation.org\/fr\/\">Temps de la Cr\u00e9ation<\/a><\/div>\n<\/div>\n\n\n\n<details class=\"wp-block-details is-layout-flow wp-block-details-is-layout-flow\"><summary>2025<\/summary>\n<p>Cette ann\u00e9e, nous offrons des ressources propos\u00e9es par d&rsquo;autres membres du corps du Christ pour la saison de la cr\u00e9ation.<\/p>\n\n\n\n<div class=\"wp-block-buttons is-layout-flex wp-block-buttons-is-layout-flex\">\n<div class=\"wp-block-button\"><a class=\"wp-block-button__link wp-element-button\" href=\"https:\/\/www.feastofcreation.com\/fr\">C\u00e9l\u00e9brer un grand myst\u00e8re et un grand don<\/a><\/div>\n<\/div>\n\n\n\n<figure class=\"wp-block-embed is-type-video is-provider-youtube wp-block-embed-youtube wp-embed-aspect-16-9 wp-has-aspect-ratio\"><div class=\"wp-block-embed__wrapper\">\n<iframe title=\"Journ\u00e9e de la Cr\u00e9ation (\u00e9galement appel\u00e9e \u00ab F\u00eate de la Cr\u00e9ation \u00bb) : pourquoi le 1er septembre ?\" width=\"500\" height=\"281\" data-src=\"https:\/\/www.youtube.com\/embed\/X95x3XS8uYM?feature=oembed\" frameborder=\"0\" allow=\"accelerometer; autoplay; clipboard-write; encrypted-media; gyroscope; picture-in-picture; web-share\" referrerpolicy=\"strict-origin-when-cross-origin\" allowfullscreen src=\"data:image\/svg+xml;base64,PHN2ZyB3aWR0aD0iMSIgaGVpZ2h0PSIxIiB4bWxucz0iaHR0cDovL3d3dy53My5vcmcvMjAwMC9zdmciPjwvc3ZnPg==\" class=\"lazyload\" data-load-mode=\"1\"><\/iframe>\n<\/div><\/figure>\n\n\n\n<p>Une rencontre \u0153cum\u00e9nique de pri\u00e8re en ligne marquera joyeusement la c\u00e9l\u00e9bration de la Journ\u00e9e de la Cr\u00e9ation. C\u00e9l\u00e9brez cette f\u00eate le <strong>1er septembre<\/strong> \u00e0 <strong>13h00 UTC<\/strong>. Suivez la retransmission en direct.<\/p>\n<\/details>\n\n\n\n<details class=\"wp-block-details is-layout-flow wp-block-details-is-layout-flow\"><summary>2024<\/summary>\n<div class=\"wp-block-buttons is-layout-flex wp-block-buttons-is-layout-flex\">\n<div class=\"wp-block-button\"><a class=\"wp-block-button__link wp-element-button\" href=\"https:\/\/mwc-cmm.org\/fr\/stories\/priere-esperer-et-agir-avec-la-creation\/\">Pri\u00e8re\u202f: \u00ab\u202fesp\u00e9rer et agir avec la Cr\u00e9ation\u202f\u00bb<\/a><\/div>\n<\/div>\n<\/details>\n\n\n\n<details class=\"wp-block-details is-layout-flow wp-block-details-is-layout-flow\"><summary>2020<\/summary>\n<p><em>Les chr\u00e9tiens du monde entier s\u2019unissent en esprit pour prendre soin de la cr\u00e9ation. La c\u00e9l\u00e9bration du #TempsdelaCr\u00e9ation aura lieu du 1er septembre au 4 octobre 2020.<\/em><\/p>\n\n\n\n<h2 class=\"wp-block-heading\"><a href=\"\/node\/3765\">1 \u2013 Humilit\u00e9<\/a><\/h2>\n\n\n\n<figure class=\"wp-block-image size-medium\"><img decoding=\"async\" width=\"300\" height=\"300\" data-src=\"https:\/\/mwc-cmm.org\/wp-content\/uploads\/2024\/10\/soc2020-3-fr-1-300x300.png\" alt=\"Humilite graphic\" class=\"wp-image-12588 lazyload\" data-srcset=\"https:\/\/mwc-cmm.org\/wp-content\/uploads\/2024\/10\/soc2020-3-fr-1-300x300.png 300w, https:\/\/mwc-cmm.org\/wp-content\/uploads\/2024\/10\/soc2020-3-fr-1-1024x1024.png 1024w, https:\/\/mwc-cmm.org\/wp-content\/uploads\/2024\/10\/soc2020-3-fr-1-150x150.png 150w, https:\/\/mwc-cmm.org\/wp-content\/uploads\/2024\/10\/soc2020-3-fr-1-768x768.png 768w, https:\/\/mwc-cmm.org\/wp-content\/uploads\/2024\/10\/soc2020-3-fr-1.png 1080w\" data-sizes=\"(max-width: 300px) 100vw, 300px\" src=\"data:image\/svg+xml;base64,PHN2ZyB3aWR0aD0iMSIgaGVpZ2h0PSIxIiB4bWxucz0iaHR0cDovL3d3dy53My5vcmcvMjAwMC9zdmciPjwvc3ZnPg==\" style=\"--smush-placeholder-width: 300px; --smush-placeholder-aspect-ratio: 300\/300;\" \/><\/figure>\n\n\n\n<h2 class=\"wp-block-heading\"><a href=\"\/node\/3773\">2 \u2013 Donne-nous le pouvoir<\/a><\/h2>\n\n\n\n<figure class=\"wp-block-image size-medium\"><img decoding=\"async\" width=\"300\" height=\"251\" data-src=\"https:\/\/mwc-cmm.org\/wp-content\/uploads\/2024\/10\/soc2020-2-fr-1-300x251.png\" alt=\"Give Us the Power graphic\" class=\"wp-image-12536 lazyload\" data-srcset=\"https:\/\/mwc-cmm.org\/wp-content\/uploads\/2024\/10\/soc2020-2-fr-1-300x251.png 300w, https:\/\/mwc-cmm.org\/wp-content\/uploads\/2024\/10\/soc2020-2-fr-1-768x644.png 768w, https:\/\/mwc-cmm.org\/wp-content\/uploads\/2024\/10\/soc2020-2-fr-1.png 940w\" data-sizes=\"(max-width: 300px) 100vw, 300px\" src=\"data:image\/svg+xml;base64,PHN2ZyB3aWR0aD0iMSIgaGVpZ2h0PSIxIiB4bWxucz0iaHR0cDovL3d3dy53My5vcmcvMjAwMC9zdmciPjwvc3ZnPg==\" style=\"--smush-placeholder-width: 300px; --smush-placeholder-aspect-ratio: 300\/251;\" \/><\/figure>\n\n\n\n<h2 class=\"wp-block-heading\"><a href=\"\/node\/3779\">3 \u2013 Enfants, ne soyez pas intimid\u00e9s<\/a><\/h2>\n\n\n\n<p><\/p>\n\n\n\n<figure class=\"wp-block-image size-medium\"><img decoding=\"async\" width=\"300\" height=\"300\" data-src=\"https:\/\/mwc-cmm.org\/wp-content\/uploads\/2024\/10\/soc2020-3-fr_3-1-300x300.png\" alt=\"Children, don't be Intimidated graphic\" class=\"wp-image-12575 lazyload\" data-srcset=\"https:\/\/mwc-cmm.org\/wp-content\/uploads\/2024\/10\/soc2020-3-fr_3-1-300x300.png 300w, https:\/\/mwc-cmm.org\/wp-content\/uploads\/2024\/10\/soc2020-3-fr_3-1-1024x1024.png 1024w, https:\/\/mwc-cmm.org\/wp-content\/uploads\/2024\/10\/soc2020-3-fr_3-1-150x150.png 150w, https:\/\/mwc-cmm.org\/wp-content\/uploads\/2024\/10\/soc2020-3-fr_3-1-768x768.png 768w, https:\/\/mwc-cmm.org\/wp-content\/uploads\/2024\/10\/soc2020-3-fr_3-1.png 1080w\" data-sizes=\"(max-width: 300px) 100vw, 300px\" src=\"data:image\/svg+xml;base64,PHN2ZyB3aWR0aD0iMSIgaGVpZ2h0PSIxIiB4bWxucz0iaHR0cDovL3d3dy53My5vcmcvMjAwMC9zdmciPjwvc3ZnPg==\" style=\"--smush-placeholder-width: 300px; --smush-placeholder-aspect-ratio: 300\/300;\" \/><\/figure>\n\n\n\n<h2 class=\"wp-block-heading\"><a href=\"\/node\/3785\">4 \u2013 Prions en ces temps de p\u00e9ril<\/a><\/h2>\n\n\n\n<figure class=\"wp-block-image size-medium\"><img decoding=\"async\" width=\"300\" height=\"300\" data-src=\"https:\/\/mwc-cmm.org\/wp-content\/uploads\/2024\/10\/soc2020-4-fr-1-300x300.png\" alt=\"Prayer during a time of threat graphic\" class=\"wp-image-12653 lazyload\" data-srcset=\"https:\/\/mwc-cmm.org\/wp-content\/uploads\/2024\/10\/soc2020-4-fr-1-300x300.png 300w, https:\/\/mwc-cmm.org\/wp-content\/uploads\/2024\/10\/soc2020-4-fr-1-1024x1024.png 1024w, https:\/\/mwc-cmm.org\/wp-content\/uploads\/2024\/10\/soc2020-4-fr-1-150x150.png 150w, https:\/\/mwc-cmm.org\/wp-content\/uploads\/2024\/10\/soc2020-4-fr-1-768x768.png 768w, https:\/\/mwc-cmm.org\/wp-content\/uploads\/2024\/10\/soc2020-4-fr-1.png 1080w\" data-sizes=\"(max-width: 300px) 100vw, 300px\" src=\"data:image\/svg+xml;base64,PHN2ZyB3aWR0aD0iMSIgaGVpZ2h0PSIxIiB4bWxucz0iaHR0cDovL3d3dy53My5vcmcvMjAwMC9zdmciPjwvc3ZnPg==\" style=\"--smush-placeholder-width: 300px; --smush-placeholder-aspect-ratio: 300\/300;\" \/><\/figure>\n\n\n\n<h2 class=\"wp-block-heading\"><a href=\"https:\/\/mwc-cmm.org\/node\/3784\">5 \u2013 Dieu de la cr\u00e9ation<\/a><\/h2>\n\n\n\n<figure class=\"wp-block-image size-medium\"><img decoding=\"async\" width=\"300\" height=\"300\" data-src=\"https:\/\/mwc-cmm.org\/wp-content\/uploads\/2024\/10\/soc2020-5-fr-1-2-300x300.png\" alt=\"God of creation graphic\" class=\"wp-image-12679 lazyload\" data-srcset=\"https:\/\/mwc-cmm.org\/wp-content\/uploads\/2024\/10\/soc2020-5-fr-1-2-300x300.png 300w, https:\/\/mwc-cmm.org\/wp-content\/uploads\/2024\/10\/soc2020-5-fr-1-2-1024x1024.png 1024w, https:\/\/mwc-cmm.org\/wp-content\/uploads\/2024\/10\/soc2020-5-fr-1-2-150x150.png 150w, https:\/\/mwc-cmm.org\/wp-content\/uploads\/2024\/10\/soc2020-5-fr-1-2-768x768.png 768w, https:\/\/mwc-cmm.org\/wp-content\/uploads\/2024\/10\/soc2020-5-fr-1-2.png 1080w\" data-sizes=\"(max-width: 300px) 100vw, 300px\" src=\"data:image\/svg+xml;base64,PHN2ZyB3aWR0aD0iMSIgaGVpZ2h0PSIxIiB4bWxucz0iaHR0cDovL3d3dy53My5vcmcvMjAwMC9zdmciPjwvc3ZnPg==\" style=\"--smush-placeholder-width: 300px; --smush-placeholder-aspect-ratio: 300\/300;\" \/><\/figure>\n\n\n\n<h2 class=\"wp-block-heading\"><a href=\"https:\/\/mwc-cmm.org\/node\/3803\">6 \u2013 Pri\u00e8re pour une vie frugale<\/a><\/h2>\n\n\n\n<figure class=\"wp-block-image size-medium\"><img decoding=\"async\" width=\"300\" height=\"300\" data-src=\"https:\/\/mwc-cmm.org\/wp-content\/uploads\/2024\/10\/sos2020-6-fr1-1-300x300.png\" alt=\"A prayer for frugal life graphic\" class=\"wp-image-12770 lazyload\" data-srcset=\"https:\/\/mwc-cmm.org\/wp-content\/uploads\/2024\/10\/sos2020-6-fr1-1-300x300.png 300w, https:\/\/mwc-cmm.org\/wp-content\/uploads\/2024\/10\/sos2020-6-fr1-1-1024x1024.png 1024w, https:\/\/mwc-cmm.org\/wp-content\/uploads\/2024\/10\/sos2020-6-fr1-1-150x150.png 150w, https:\/\/mwc-cmm.org\/wp-content\/uploads\/2024\/10\/sos2020-6-fr1-1-768x768.png 768w, https:\/\/mwc-cmm.org\/wp-content\/uploads\/2024\/10\/sos2020-6-fr1-1.png 1080w\" data-sizes=\"(max-width: 300px) 100vw, 300px\" src=\"data:image\/svg+xml;base64,PHN2ZyB3aWR0aD0iMSIgaGVpZ2h0PSIxIiB4bWxucz0iaHR0cDovL3d3dy53My5vcmcvMjAwMC9zdmciPjwvc3ZnPg==\" style=\"--smush-placeholder-width: 300px; --smush-placeholder-aspect-ratio: 300\/300;\" \/><\/figure>\n\n\n\n<h2 class=\"wp-block-heading\"><a href=\"https:\/\/mwc-cmm.org\/node\/3809\">7 \u2013 Psaumes 19<\/a><\/h2>\n\n\n\n<figure class=\"wp-block-image size-medium\"><img decoding=\"async\" width=\"300\" height=\"300\" data-src=\"https:\/\/mwc-cmm.org\/wp-content\/uploads\/2024\/10\/soc2020-7-fr-1-300x300.png\" alt=\"Psalm 19 graphic\" class=\"wp-image-12744 lazyload\" data-srcset=\"https:\/\/mwc-cmm.org\/wp-content\/uploads\/2024\/10\/soc2020-7-fr-1-300x300.png 300w, https:\/\/mwc-cmm.org\/wp-content\/uploads\/2024\/10\/soc2020-7-fr-1-1024x1024.png 1024w, https:\/\/mwc-cmm.org\/wp-content\/uploads\/2024\/10\/soc2020-7-fr-1-150x150.png 150w, https:\/\/mwc-cmm.org\/wp-content\/uploads\/2024\/10\/soc2020-7-fr-1-768x768.png 768w, https:\/\/mwc-cmm.org\/wp-content\/uploads\/2024\/10\/soc2020-7-fr-1.png 1080w\" data-sizes=\"(max-width: 300px) 100vw, 300px\" src=\"data:image\/svg+xml;base64,PHN2ZyB3aWR0aD0iMSIgaGVpZ2h0PSIxIiB4bWxucz0iaHR0cDovL3d3dy53My5vcmcvMjAwMC9zdmciPjwvc3ZnPg==\" style=\"--smush-placeholder-width: 300px; --smush-placeholder-aspect-ratio: 300\/300;\" \/><\/figure>\n<\/details>\n\n\n\n<hr class=\"wp-block-separator has-alpha-channel-opacity\"\/>\n\n\n\n<p><strong>#SeasonofCreation<\/strong><\/p>\n\n\n\n<p><strong>#TiempodelaCreaci\u00f3n<\/strong><\/p>\n\n\n\n<p><strong>#TempsdelaCr\u00e9ation<\/strong><\/p>\n\n\n\n<p><strong>#TempodaCria\u00e7\u00e3o<\/strong><\/p>\n\n\n\n<hr class=\"wp-block-separator has-alpha-channel-opacity\"\/>\n\n\n\n<p>Vous pouvez joindre le groupe de travail \u00e0&nbsp;<a href=\"mailto:CreationCare@mwc-cmm.org?subject=contact%20from%20website\">CreationCare@mwc-cmm.org<\/a>, ou vous rendre&nbsp;sur notre site internet.<\/p>\n\n\n\n<div class=\"wp-block-buttons is-layout-flex wp-block-buttons-is-layout-flex\">\n<div class=\"wp-block-button\"><a class=\"wp-block-button__link wp-element-button\" href=\"https:\/\/mwc-cmm.org\/fr\/groupe-de-travail-de-la-cmm-pour-la-protection-de-la-creation\/\">Groupe de travail de la CMM pour la protection de la cr\u00e9ation<\/a><\/div>\n<\/div>\n\n\n\n<div class=\"wp-block-buttons is-layout-flex wp-block-buttons-is-layout-flex\">\n<div class=\"wp-block-button\"><a class=\"wp-block-button__link wp-element-button\" href=\"mailto:creationcare@mwc-cmm.org\">Courriel<\/a><\/div>\n<\/div>\n","protected":false},"excerpt":{"rendered":"<p>#SeasonofCreation #TiempodelaCreaci\u00f3n #TempsdelaCr\u00e9ation #TempodaCria\u00e7\u00e3o Vous pouvez joindre le groupe de travail \u00e0&nbsp;CreationCare@mwc-cmm.org, ou vous rendre&nbsp;sur notre site internet.<\/p>\n","protected":false},"author":1,"featured_media":0,"parent":11480,"menu_order":0,"comment_status":"closed","ping_status":"closed","template":"","meta":{"_acf_changed":false,"footnotes":""},"class_list":["post-5904","page","type-page","status-publish","hentry"],"acf":[],"yoast_head":"<!-- This site is optimized with the Yoast SEO plugin v27.2 - https:\/\/yoast.com\/product\/yoast-seo-wordpress\/ -->\n<title>Temps de la Cr\u00e9ation \u2013 pri\u00e8res - Mennonite World Conference<\/title>\n<meta name=\"robots\" content=\"index, follow, max-snippet:-1, max-image-preview:large, max-video-preview:-1\" \/>\n<link rel=\"canonical\" href=\"https:\/\/mwc-cmm.org\/fr\/groupe-de-travail-de-la-cmm-pour-la-protection-de-la-creation\/temps-de-la-creation-prieres\/\" \/>\n<meta property=\"og:locale\" content=\"fr_FR\" \/>\n<meta property=\"og:type\" content=\"article\" \/>\n<meta property=\"og:title\" content=\"Temps de la Cr\u00e9ation \u2013 pri\u00e8res - Mennonite World Conference\" \/>\n<meta property=\"og:description\" content=\"#SeasonofCreation #TiempodelaCreaci\u00f3n #TempsdelaCr\u00e9ation #TempodaCria\u00e7\u00e3o Vous pouvez joindre le groupe de travail \u00e0&nbsp;CreationCare@mwc-cmm.org, ou vous rendre&nbsp;sur notre site internet.\" \/>\n<meta property=\"og:url\" content=\"https:\/\/mwc-cmm.org\/fr\/groupe-de-travail-de-la-cmm-pour-la-protection-de-la-creation\/temps-de-la-creation-prieres\/\" \/>\n<meta property=\"og:site_name\" content=\"Mennonite World Conference\" \/>\n<meta property=\"article:publisher\" content=\"https:\/\/www.facebook.com\/MennoniteWorldConference\" \/>\n<meta property=\"article:modified_time\" content=\"2025-08-29T21:18:56+00:00\" \/>\n<meta property=\"og:image\" content=\"https:\/\/mwc-cmm.org\/wp-content\/uploads\/2024\/10\/seasonofcreation_-_cropped.png\" \/>\n\t<meta property=\"og:image:width\" content=\"1199\" \/>\n\t<meta property=\"og:image:height\" content=\"870\" \/>\n\t<meta property=\"og:image:type\" content=\"image\/png\" \/>\n<script type=\"application\/ld+json\" class=\"yoast-schema-graph\">{\"@context\":\"https:\/\/schema.org\",\"@graph\":[{\"@type\":\"WebPage\",\"@id\":\"https:\/\/mwc-cmm.org\/fr\/groupe-de-travail-de-la-cmm-pour-la-protection-de-la-creation\/temps-de-la-creation-prieres\/\",\"url\":\"https:\/\/mwc-cmm.org\/fr\/groupe-de-travail-de-la-cmm-pour-la-protection-de-la-creation\/temps-de-la-creation-prieres\/\",\"name\":\"Temps de la Cr\u00e9ation \u2013 pri\u00e8res - Mennonite World Conference\",\"isPartOf\":{\"@id\":\"https:\/\/mwc-cmm.org\/en\/#website\"},\"primaryImageOfPage\":{\"@id\":\"https:\/\/mwc-cmm.org\/fr\/groupe-de-travail-de-la-cmm-pour-la-protection-de-la-creation\/temps-de-la-creation-prieres\/#primaryimage\"},\"image\":{\"@id\":\"https:\/\/mwc-cmm.org\/fr\/groupe-de-travail-de-la-cmm-pour-la-protection-de-la-creation\/temps-de-la-creation-prieres\/#primaryimage\"},\"thumbnailUrl\":\"https:\/\/mwc-cmm.org\/wp-content\/uploads\/2024\/10\/seasonofcreation_-_cropped-300x218.png\",\"datePublished\":\"2020-08-31T00:00:00+00:00\",\"dateModified\":\"2025-08-29T21:18:56+00:00\",\"breadcrumb\":{\"@id\":\"https:\/\/mwc-cmm.org\/fr\/groupe-de-travail-de-la-cmm-pour-la-protection-de-la-creation\/temps-de-la-creation-prieres\/#breadcrumb\"},\"inLanguage\":\"fr-FR\",\"potentialAction\":[{\"@type\":\"ReadAction\",\"target\":[\"https:\/\/mwc-cmm.org\/fr\/groupe-de-travail-de-la-cmm-pour-la-protection-de-la-creation\/temps-de-la-creation-prieres\/\"]}]},{\"@type\":\"ImageObject\",\"inLanguage\":\"fr-FR\",\"@id\":\"https:\/\/mwc-cmm.org\/fr\/groupe-de-travail-de-la-cmm-pour-la-protection-de-la-creation\/temps-de-la-creation-prieres\/#primaryimage\",\"url\":\"https:\/\/mwc-cmm.org\/wp-content\/uploads\/2024\/10\/seasonofcreation_-_cropped-300x218.png\",\"contentUrl\":\"https:\/\/mwc-cmm.org\/wp-content\/uploads\/2024\/10\/seasonofcreation_-_cropped-300x218.png\"},{\"@type\":\"BreadcrumbList\",\"@id\":\"https:\/\/mwc-cmm.org\/fr\/groupe-de-travail-de-la-cmm-pour-la-protection-de-la-creation\/temps-de-la-creation-prieres\/#breadcrumb\",\"itemListElement\":[{\"@type\":\"ListItem\",\"position\":1,\"name\":\"Home\",\"item\":\"https:\/\/mwc-cmm.org\/fr\/\"},{\"@type\":\"ListItem\",\"position\":2,\"name\":\"Groupe de travail de la CMM pour la protection de la cr\u00e9ation\",\"item\":\"https:\/\/mwc-cmm.org\/fr\/groupe-de-travail-de-la-cmm-pour-la-protection-de-la-creation\/\"},{\"@type\":\"ListItem\",\"position\":3,\"name\":\"Temps de la Cr\u00e9ation \u2013 pri\u00e8res\"}]},{\"@type\":\"WebSite\",\"@id\":\"https:\/\/mwc-cmm.org\/en\/#website\",\"url\":\"https:\/\/mwc-cmm.org\/en\/\",\"name\":\"Mennonite World Conference\",\"description\":\"A communion of Anabaptist-related churches\",\"publisher\":{\"@id\":\"https:\/\/mwc-cmm.org\/en\/#organization\"},\"alternateName\":\"MWC\",\"potentialAction\":[{\"@type\":\"SearchAction\",\"target\":{\"@type\":\"EntryPoint\",\"urlTemplate\":\"https:\/\/mwc-cmm.org\/en\/?s={search_term_string}\"},\"query-input\":{\"@type\":\"PropertyValueSpecification\",\"valueRequired\":true,\"valueName\":\"search_term_string\"}}],\"inLanguage\":\"fr-FR\"},{\"@type\":\"Organization\",\"@id\":\"https:\/\/mwc-cmm.org\/en\/#organization\",\"name\":\"Mennonite World Conference\",\"alternateName\":\"MWC\",\"url\":\"https:\/\/mwc-cmm.org\/en\/\",\"logo\":{\"@type\":\"ImageObject\",\"inLanguage\":\"fr-FR\",\"@id\":\"https:\/\/mwc-cmm.org\/en\/#\/schema\/logo\/image\/\",\"url\":\"https:\/\/mwc-cmm.org\/wp-content\/uploads\/2026\/01\/MWC_Sig_Blue_Horiz_webheader1-logo.svg\",\"contentUrl\":\"https:\/\/mwc-cmm.org\/wp-content\/uploads\/2026\/01\/MWC_Sig_Blue_Horiz_webheader1-logo.svg\",\"width\":786,\"height\":82,\"caption\":\"Mennonite World Conference\"},\"image\":{\"@id\":\"https:\/\/mwc-cmm.org\/en\/#\/schema\/logo\/image\/\"},\"sameAs\":[\"https:\/\/www.facebook.com\/MennoniteWorldConference\",\"https:\/\/www.linkedin.com\/company\/mennonite-world-conference-mwc\/\",\"https:\/\/www.instagram.com\/mwcmm\/\",\"https:\/\/www.youtube.com\/user\/mwccmm\",\"https:\/\/bsky.app\/profile\/mwcmm.bsky.social\"]}]}<\/script>\n<!-- \/ Yoast SEO plugin. -->","yoast_head_json":{"title":"Temps de la Cr\u00e9ation \u2013 pri\u00e8res - Mennonite World Conference","robots":{"index":"index","follow":"follow","max-snippet":"max-snippet:-1","max-image-preview":"max-image-preview:large","max-video-preview":"max-video-preview:-1"},"canonical":"https:\/\/mwc-cmm.org\/fr\/groupe-de-travail-de-la-cmm-pour-la-protection-de-la-creation\/temps-de-la-creation-prieres\/","og_locale":"fr_FR","og_type":"article","og_title":"Temps de la Cr\u00e9ation \u2013 pri\u00e8res - Mennonite World Conference","og_description":"#SeasonofCreation #TiempodelaCreaci\u00f3n #TempsdelaCr\u00e9ation #TempodaCria\u00e7\u00e3o Vous pouvez joindre le groupe de travail \u00e0&nbsp;CreationCare@mwc-cmm.org, ou vous rendre&nbsp;sur notre site internet.","og_url":"https:\/\/mwc-cmm.org\/fr\/groupe-de-travail-de-la-cmm-pour-la-protection-de-la-creation\/temps-de-la-creation-prieres\/","og_site_name":"Mennonite World Conference","article_publisher":"https:\/\/www.facebook.com\/MennoniteWorldConference","article_modified_time":"2025-08-29T21:18:56+00:00","og_image":[{"width":1199,"height":870,"url":"https:\/\/mwc-cmm.org\/wp-content\/uploads\/2024\/10\/seasonofcreation_-_cropped.png","type":"image\/png"}],"schema":{"@context":"https:\/\/schema.org","@graph":[{"@type":"WebPage","@id":"https:\/\/mwc-cmm.org\/fr\/groupe-de-travail-de-la-cmm-pour-la-protection-de-la-creation\/temps-de-la-creation-prieres\/","url":"https:\/\/mwc-cmm.org\/fr\/groupe-de-travail-de-la-cmm-pour-la-protection-de-la-creation\/temps-de-la-creation-prieres\/","name":"Temps de la Cr\u00e9ation \u2013 pri\u00e8res - Mennonite World Conference","isPartOf":{"@id":"https:\/\/mwc-cmm.org\/en\/#website"},"primaryImageOfPage":{"@id":"https:\/\/mwc-cmm.org\/fr\/groupe-de-travail-de-la-cmm-pour-la-protection-de-la-creation\/temps-de-la-creation-prieres\/#primaryimage"},"image":{"@id":"https:\/\/mwc-cmm.org\/fr\/groupe-de-travail-de-la-cmm-pour-la-protection-de-la-creation\/temps-de-la-creation-prieres\/#primaryimage"},"thumbnailUrl":"https:\/\/mwc-cmm.org\/wp-content\/uploads\/2024\/10\/seasonofcreation_-_cropped-300x218.png","datePublished":"2020-08-31T00:00:00+00:00","dateModified":"2025-08-29T21:18:56+00:00","breadcrumb":{"@id":"https:\/\/mwc-cmm.org\/fr\/groupe-de-travail-de-la-cmm-pour-la-protection-de-la-creation\/temps-de-la-creation-prieres\/#breadcrumb"},"inLanguage":"fr-FR","potentialAction":[{"@type":"ReadAction","target":["https:\/\/mwc-cmm.org\/fr\/groupe-de-travail-de-la-cmm-pour-la-protection-de-la-creation\/temps-de-la-creation-prieres\/"]}]},{"@type":"ImageObject","inLanguage":"fr-FR","@id":"https:\/\/mwc-cmm.org\/fr\/groupe-de-travail-de-la-cmm-pour-la-protection-de-la-creation\/temps-de-la-creation-prieres\/#primaryimage","url":"https:\/\/mwc-cmm.org\/wp-content\/uploads\/2024\/10\/seasonofcreation_-_cropped-300x218.png","contentUrl":"https:\/\/mwc-cmm.org\/wp-content\/uploads\/2024\/10\/seasonofcreation_-_cropped-300x218.png"},{"@type":"BreadcrumbList","@id":"https:\/\/mwc-cmm.org\/fr\/groupe-de-travail-de-la-cmm-pour-la-protection-de-la-creation\/temps-de-la-creation-prieres\/#breadcrumb","itemListElement":[{"@type":"ListItem","position":1,"name":"Home","item":"https:\/\/mwc-cmm.org\/fr\/"},{"@type":"ListItem","position":2,"name":"Groupe de travail de la CMM pour la protection de la cr\u00e9ation","item":"https:\/\/mwc-cmm.org\/fr\/groupe-de-travail-de-la-cmm-pour-la-protection-de-la-creation\/"},{"@type":"ListItem","position":3,"name":"Temps de la Cr\u00e9ation \u2013 pri\u00e8res"}]},{"@type":"WebSite","@id":"https:\/\/mwc-cmm.org\/en\/#website","url":"https:\/\/mwc-cmm.org\/en\/","name":"Mennonite World Conference","description":"A communion of Anabaptist-related churches","publisher":{"@id":"https:\/\/mwc-cmm.org\/en\/#organization"},"alternateName":"MWC","potentialAction":[{"@type":"SearchAction","target":{"@type":"EntryPoint","urlTemplate":"https:\/\/mwc-cmm.org\/en\/?s={search_term_string}"},"query-input":{"@type":"PropertyValueSpecification","valueRequired":true,"valueName":"search_term_string"}}],"inLanguage":"fr-FR"},{"@type":"Organization","@id":"https:\/\/mwc-cmm.org\/en\/#organization","name":"Mennonite World Conference","alternateName":"MWC","url":"https:\/\/mwc-cmm.org\/en\/","logo":{"@type":"ImageObject","inLanguage":"fr-FR","@id":"https:\/\/mwc-cmm.org\/en\/#\/schema\/logo\/image\/","url":"https:\/\/mwc-cmm.org\/wp-content\/uploads\/2026\/01\/MWC_Sig_Blue_Horiz_webheader1-logo.svg","contentUrl":"https:\/\/mwc-cmm.org\/wp-content\/uploads\/2026\/01\/MWC_Sig_Blue_Horiz_webheader1-logo.svg","width":786,"height":82,"caption":"Mennonite World Conference"},"image":{"@id":"https:\/\/mwc-cmm.org\/en\/#\/schema\/logo\/image\/"},"sameAs":["https:\/\/www.facebook.com\/MennoniteWorldConference","https:\/\/www.linkedin.com\/company\/mennonite-world-conference-mwc\/","https:\/\/www.instagram.com\/mwcmm\/","https:\/\/www.youtube.com\/user\/mwccmm","https:\/\/bsky.app\/profile\/mwcmm.bsky.social"]}]}},"_links":{"self":[{"href":"https:\/\/mwc-cmm.org\/fr\/wp-json\/wp\/v2\/pages\/5904","targetHints":{"allow":["GET"]}}],"collection":[{"href":"https:\/\/mwc-cmm.org\/fr\/wp-json\/wp\/v2\/pages"}],"about":[{"href":"https:\/\/mwc-cmm.org\/fr\/wp-json\/wp\/v2\/types\/page"}],"author":[{"embeddable":true,"href":"https:\/\/mwc-cmm.org\/fr\/wp-json\/wp\/v2\/users\/1"}],"replies":[{"embeddable":true,"href":"https:\/\/mwc-cmm.org\/fr\/wp-json\/wp\/v2\/comments?post=5904"}],"version-history":[{"count":0,"href":"https:\/\/mwc-cmm.org\/fr\/wp-json\/wp\/v2\/pages\/5904\/revisions"}],"up":[{"embeddable":true,"href":"https:\/\/mwc-cmm.org\/fr\/wp-json\/wp\/v2\/pages\/11480"}],"wp:attachment":[{"href":"https:\/\/mwc-cmm.org\/fr\/wp-json\/wp\/v2\/media?parent=5904"}],"curies":[{"name":"wp","href":"https:\/\/api.w.org\/{rel}","templated":true}]}}