{"id":5874,"date":"2019-07-29T00:00:00","date_gmt":"2019-07-29T00:00:00","guid":{"rendered":"https:\/\/mwc-cmm.org\/donate-or-fundraise-3\/"},"modified":"2025-02-04T22:48:23","modified_gmt":"2025-02-04T22:48:23","slug":"comment-donner","status":"publish","type":"page","link":"https:\/\/mwc-cmm.org\/fr\/comment-donner\/","title":{"rendered":"Comment donner"},"content":{"rendered":"\n<div class=\"wp-block-columns alignwide is-layout-flex wp-container-core-columns-is-layout-28f84493 wp-block-columns-is-layout-flex\">\n<div class=\"wp-block-column is-layout-flow wp-block-column-is-layout-flow\" style=\"flex-basis:66.66%\">\n<script>window.addEventListener('message',function(e){var t=document.getElementById('bfdb-em-7940');if(t){if(e.data.indexOf('resize::7940::')!==-1){var i=e.data.replace('resize::7940::','');t.style.height=i+'px';}else if(e.data.match(\/^bf-payment::(\\d+)::(open|complete)\/)){var o=t.getBoundingClientRect().top+window.scrollY;window.scrollTo({top:o,behavior:'smooth'});}}});<\/script>\n<iframe id=\"bfdb-em-7940\" data-src=\"https:\/\/mwc.donorbuilder.org\/pub\/donate-general-51814?bf-preview=1&#038;_layout=iframe&#038;lang=fr\" style=\"width:100%; overflow:hidden; border:0;\" scrolling=\"no\" src=\"data:image\/svg+xml;base64,PHN2ZyB3aWR0aD0iMSIgaGVpZ2h0PSIxIiB4bWxucz0iaHR0cDovL3d3dy53My5vcmcvMjAwMC9zdmciPjwvc3ZnPg==\" class=\"lazyload\" data-load-mode=\"1\"><\/iframe>\n<\/div>\n\n\n\n<div class=\"wp-block-column is-layout-flow wp-block-column-is-layout-flow\" style=\"flex-basis:33.33%\">\n<div class=\"wp-block-group has-soft-blue-background-color has-background has-global-padding is-layout-constrained wp-block-group-is-layout-constrained\">\n<h2 class=\"wp-block-heading is-style-green-eyebrow\"><a name=\"other ways to contribute\" id=\"other ways to contribute\"><\/a>Autres moyens de faire un don :<\/h2>\n\n\n\n<h3 class=\"wp-block-heading is-style-no-line-eyebrow has-gray-color has-text-color has-link-color wp-elements-ef07f0362a58448c2183835733ef74df\">Virement bancaire<\/h3>\n\n\n\n<ul class=\"wp-block-list\">\n<li><strong>Dollars canadiens<\/strong> via Interac<br>Envoyer un e-mail \u00e0 contributions@mwc-cmm.org<\/li>\n\n\n\n<li><strong>Euros<\/strong> via Cr\u00e9dit Agricole<br>Nom du compte : Conf\u00e9rence Mennonite Mondiale<br>Num\u00e9ro IBAN : <br>FR76 1720 6 000 09 10 1072 3101 015<br>Code Swift : AGRIFRPP872<\/li>\n<\/ul>\n\n\n\n<h3 class=\"wp-block-heading is-style-no-line-eyebrow has-gray-color has-text-color has-link-color wp-elements-e202a69b2f2bbb8f7095f2a8542c512f\">PayPal<\/h3>\n\n\n\n<ul class=\"wp-block-list\">\n<li><a href=\"https:\/\/www.paypal.com\/donate\/?cmd=_s-xclick&amp;hosted_button_id=RFX5H7G8KHZWQ&amp;source=url&amp;ssrt=1728576755459\" target=\"_blank\" rel=\"noreferrer noopener\">Dollars canadiens<\/a><\/li>\n\n\n\n<li><a href=\"http:\/\/www.paypal.com\/donate\/?cmd=_s-xclick&amp;hosted_button_id=SAC37M8MAQNKY&amp;source=url&amp;ssrt=1728576366180\" target=\"_blank\" rel=\"noreferrer noopener\">Dollars americains<\/a><\/li>\n<\/ul>\n\n\n\n<h3 class=\"wp-block-heading is-style-no-line-eyebrow has-gray-color has-text-color has-link-color wp-elements-76d589c5c31e2b57adff3324651dfb49\">Cheque<\/h3>\n\n\n\n<ul class=\"wp-block-list\">\n<li>Les ch\u00e8ques \u00e9mis par une banque am\u00e9ricaine peuvent \u00eatre envoy\u00e9s \u00e0 l\u2019adresse suivante<br>Conf\u00e9rence Mennonite Mondiale, PO Box 5364, Lancaster, PA 17606-5364<\/li>\n\n\n\n<li>Les ch\u00e8ques \u00e9mis par une institution financi\u00e8re canadienne peuvent \u00eatre envoy\u00e9s \u00e0 l\u2019adresse suivante<br>Conf\u00e9rence Mennonite Mondiale, 50 Kent Ave., Suite 206, Kitchener, ON N2G 3R1<\/li>\n<\/ul>\n<\/div>\n<\/div>\n<\/div>\n\n\n\n<p>#SPR25<\/p>\n\n\n\n<h5 class=\"wp-block-heading\" id=\"charitable\">La Conf\u00e9rence mennonite mondiale est une organisation \u00e0 but non lucratif, enregistr\u00e9e au Canada, aux \u00c9tats-Unis et en France.<\/h5>\n\n\n\n<ul class=\"wp-block-list\">\n<li>Canada : Mennonite World Conference Canada, Inc. (MWC), CRA Registration Number 13,470 4618 RR0001<\/li>\n\n\n\n<li>France: Conf\u00e9rence Mennonite Mondiale (CMM), Identifiant SIREN : 401\u2009282\u2009918<\/li>\n\n\n\n<li>USA: Mennonite World Conference Inc. (MWC), Tax Identification Number 362,956,449<\/li>\n<\/ul>\n","protected":false},"excerpt":{"rendered":"<p>NULL<\/p>\n","protected":false},"author":1,"featured_media":0,"parent":0,"menu_order":0,"comment_status":"closed","ping_status":"closed","template":"","meta":{"_acf_changed":false,"footnotes":""},"class_list":["post-5874","page","type-page","status-publish","hentry"],"acf":[],"yoast_head":"<!-- This site is optimized with the Yoast SEO plugin v27.2 - https:\/\/yoast.com\/product\/yoast-seo-wordpress\/ -->\n<title>Comment donner - Mennonite World Conference<\/title>\n<meta name=\"description\" content=\"Vos dons sont importants. Ils contribuent au d\u00e9veloppement de la communaut\u00e9 mondiale anabaptiste fond\u00e9e sur J\u00e9sus.\" \/>\n<meta name=\"robots\" content=\"index, follow, max-snippet:-1, max-image-preview:large, max-video-preview:-1\" \/>\n<link rel=\"canonical\" href=\"https:\/\/mwc-cmm.org\/fr\/comment-donner\/\" \/>\n<meta property=\"og:locale\" content=\"fr_FR\" \/>\n<meta property=\"og:type\" content=\"article\" \/>\n<meta property=\"og:title\" content=\"Comment donner - Mennonite World Conference\" \/>\n<meta property=\"og:description\" content=\"Vos dons sont importants. Ils contribuent au d\u00e9veloppement de la communaut\u00e9 mondiale anabaptiste fond\u00e9e sur J\u00e9sus.\" \/>\n<meta property=\"og:url\" content=\"https:\/\/mwc-cmm.org\/fr\/comment-donner\/\" \/>\n<meta property=\"og:site_name\" content=\"Mennonite World Conference\" \/>\n<meta property=\"article:publisher\" content=\"https:\/\/www.facebook.com\/MennoniteWorldConference\" \/>\n<meta property=\"article:modified_time\" content=\"2025-02-04T22:48:23+00:00\" \/>\n<script type=\"application\/ld+json\" class=\"yoast-schema-graph\">{\"@context\":\"https:\/\/schema.org\",\"@graph\":[{\"@type\":\"WebPage\",\"@id\":\"https:\/\/mwc-cmm.org\/fr\/comment-donner\/\",\"url\":\"https:\/\/mwc-cmm.org\/fr\/comment-donner\/\",\"name\":\"Comment donner - Mennonite World Conference\",\"isPartOf\":{\"@id\":\"https:\/\/mwc-cmm.org\/en\/#website\"},\"datePublished\":\"2019-07-29T00:00:00+00:00\",\"dateModified\":\"2025-02-04T22:48:23+00:00\",\"description\":\"Vos dons sont importants. Ils contribuent au d\u00e9veloppement de la communaut\u00e9 mondiale anabaptiste fond\u00e9e sur J\u00e9sus.\",\"breadcrumb\":{\"@id\":\"https:\/\/mwc-cmm.org\/fr\/comment-donner\/#breadcrumb\"},\"inLanguage\":\"fr-FR\",\"potentialAction\":[{\"@type\":\"ReadAction\",\"target\":[\"https:\/\/mwc-cmm.org\/fr\/comment-donner\/\"]}]},{\"@type\":\"BreadcrumbList\",\"@id\":\"https:\/\/mwc-cmm.org\/fr\/comment-donner\/#breadcrumb\",\"itemListElement\":[{\"@type\":\"ListItem\",\"position\":1,\"name\":\"Home\",\"item\":\"https:\/\/mwc-cmm.org\/fr\/\"},{\"@type\":\"ListItem\",\"position\":2,\"name\":\"Comment donner\"}]},{\"@type\":\"WebSite\",\"@id\":\"https:\/\/mwc-cmm.org\/en\/#website\",\"url\":\"https:\/\/mwc-cmm.org\/en\/\",\"name\":\"Mennonite World Conference\",\"description\":\"A communion of Anabaptist-related churches\",\"publisher\":{\"@id\":\"https:\/\/mwc-cmm.org\/en\/#organization\"},\"alternateName\":\"MWC\",\"potentialAction\":[{\"@type\":\"SearchAction\",\"target\":{\"@type\":\"EntryPoint\",\"urlTemplate\":\"https:\/\/mwc-cmm.org\/en\/?s={search_term_string}\"},\"query-input\":{\"@type\":\"PropertyValueSpecification\",\"valueRequired\":true,\"valueName\":\"search_term_string\"}}],\"inLanguage\":\"fr-FR\"},{\"@type\":\"Organization\",\"@id\":\"https:\/\/mwc-cmm.org\/en\/#organization\",\"name\":\"Mennonite World Conference\",\"alternateName\":\"MWC\",\"url\":\"https:\/\/mwc-cmm.org\/en\/\",\"logo\":{\"@type\":\"ImageObject\",\"inLanguage\":\"fr-FR\",\"@id\":\"https:\/\/mwc-cmm.org\/en\/#\/schema\/logo\/image\/\",\"url\":\"https:\/\/mwc-cmm.org\/wp-content\/uploads\/2026\/01\/MWC_Sig_Blue_Horiz_webheader1-logo.svg\",\"contentUrl\":\"https:\/\/mwc-cmm.org\/wp-content\/uploads\/2026\/01\/MWC_Sig_Blue_Horiz_webheader1-logo.svg\",\"width\":786,\"height\":82,\"caption\":\"Mennonite World Conference\"},\"image\":{\"@id\":\"https:\/\/mwc-cmm.org\/en\/#\/schema\/logo\/image\/\"},\"sameAs\":[\"https:\/\/www.facebook.com\/MennoniteWorldConference\",\"https:\/\/www.linkedin.com\/company\/mennonite-world-conference-mwc\/\",\"https:\/\/www.instagram.com\/mwcmm\/\",\"https:\/\/www.youtube.com\/user\/mwccmm\",\"https:\/\/bsky.app\/profile\/mwcmm.bsky.social\"]}]}<\/script>\n<!-- \/ Yoast SEO plugin. -->","yoast_head_json":{"title":"Comment donner - Mennonite World Conference","description":"Vos dons sont importants. Ils contribuent au d\u00e9veloppement de la communaut\u00e9 mondiale anabaptiste fond\u00e9e sur J\u00e9sus.","robots":{"index":"index","follow":"follow","max-snippet":"max-snippet:-1","max-image-preview":"max-image-preview:large","max-video-preview":"max-video-preview:-1"},"canonical":"https:\/\/mwc-cmm.org\/fr\/comment-donner\/","og_locale":"fr_FR","og_type":"article","og_title":"Comment donner - Mennonite World Conference","og_description":"Vos dons sont importants. Ils contribuent au d\u00e9veloppement de la communaut\u00e9 mondiale anabaptiste fond\u00e9e sur J\u00e9sus.","og_url":"https:\/\/mwc-cmm.org\/fr\/comment-donner\/","og_site_name":"Mennonite World Conference","article_publisher":"https:\/\/www.facebook.com\/MennoniteWorldConference","article_modified_time":"2025-02-04T22:48:23+00:00","schema":{"@context":"https:\/\/schema.org","@graph":[{"@type":"WebPage","@id":"https:\/\/mwc-cmm.org\/fr\/comment-donner\/","url":"https:\/\/mwc-cmm.org\/fr\/comment-donner\/","name":"Comment donner - Mennonite World Conference","isPartOf":{"@id":"https:\/\/mwc-cmm.org\/en\/#website"},"datePublished":"2019-07-29T00:00:00+00:00","dateModified":"2025-02-04T22:48:23+00:00","description":"Vos dons sont importants. Ils contribuent au d\u00e9veloppement de la communaut\u00e9 mondiale anabaptiste fond\u00e9e sur J\u00e9sus.","breadcrumb":{"@id":"https:\/\/mwc-cmm.org\/fr\/comment-donner\/#breadcrumb"},"inLanguage":"fr-FR","potentialAction":[{"@type":"ReadAction","target":["https:\/\/mwc-cmm.org\/fr\/comment-donner\/"]}]},{"@type":"BreadcrumbList","@id":"https:\/\/mwc-cmm.org\/fr\/comment-donner\/#breadcrumb","itemListElement":[{"@type":"ListItem","position":1,"name":"Home","item":"https:\/\/mwc-cmm.org\/fr\/"},{"@type":"ListItem","position":2,"name":"Comment donner"}]},{"@type":"WebSite","@id":"https:\/\/mwc-cmm.org\/en\/#website","url":"https:\/\/mwc-cmm.org\/en\/","name":"Mennonite World Conference","description":"A communion of Anabaptist-related churches","publisher":{"@id":"https:\/\/mwc-cmm.org\/en\/#organization"},"alternateName":"MWC","potentialAction":[{"@type":"SearchAction","target":{"@type":"EntryPoint","urlTemplate":"https:\/\/mwc-cmm.org\/en\/?s={search_term_string}"},"query-input":{"@type":"PropertyValueSpecification","valueRequired":true,"valueName":"search_term_string"}}],"inLanguage":"fr-FR"},{"@type":"Organization","@id":"https:\/\/mwc-cmm.org\/en\/#organization","name":"Mennonite World Conference","alternateName":"MWC","url":"https:\/\/mwc-cmm.org\/en\/","logo":{"@type":"ImageObject","inLanguage":"fr-FR","@id":"https:\/\/mwc-cmm.org\/en\/#\/schema\/logo\/image\/","url":"https:\/\/mwc-cmm.org\/wp-content\/uploads\/2026\/01\/MWC_Sig_Blue_Horiz_webheader1-logo.svg","contentUrl":"https:\/\/mwc-cmm.org\/wp-content\/uploads\/2026\/01\/MWC_Sig_Blue_Horiz_webheader1-logo.svg","width":786,"height":82,"caption":"Mennonite World Conference"},"image":{"@id":"https:\/\/mwc-cmm.org\/en\/#\/schema\/logo\/image\/"},"sameAs":["https:\/\/www.facebook.com\/MennoniteWorldConference","https:\/\/www.linkedin.com\/company\/mennonite-world-conference-mwc\/","https:\/\/www.instagram.com\/mwcmm\/","https:\/\/www.youtube.com\/user\/mwccmm","https:\/\/bsky.app\/profile\/mwcmm.bsky.social"]}]}},"_links":{"self":[{"href":"https:\/\/mwc-cmm.org\/fr\/wp-json\/wp\/v2\/pages\/5874","targetHints":{"allow":["GET"]}}],"collection":[{"href":"https:\/\/mwc-cmm.org\/fr\/wp-json\/wp\/v2\/pages"}],"about":[{"href":"https:\/\/mwc-cmm.org\/fr\/wp-json\/wp\/v2\/types\/page"}],"author":[{"embeddable":true,"href":"https:\/\/mwc-cmm.org\/fr\/wp-json\/wp\/v2\/users\/1"}],"replies":[{"embeddable":true,"href":"https:\/\/mwc-cmm.org\/fr\/wp-json\/wp\/v2\/comments?post=5874"}],"version-history":[{"count":0,"href":"https:\/\/mwc-cmm.org\/fr\/wp-json\/wp\/v2\/pages\/5874\/revisions"}],"wp:attachment":[{"href":"https:\/\/mwc-cmm.org\/fr\/wp-json\/wp\/v2\/media?parent=5874"}],"curies":[{"name":"wp","href":"https:\/\/api.w.org\/{rel}","templated":true}]}}