{"id":5871,"date":"2019-07-29T00:00:00","date_gmt":"2019-07-29T00:00:00","guid":{"rendered":"https:\/\/mwc-cmm.org\/indonesia-2022-3\/"},"modified":"2026-02-11T09:25:19","modified_gmt":"2026-02-11T09:25:19","slug":"indonesie-2022","status":"publish","type":"page","link":"https:\/\/mwc-cmm.org\/fr\/assemblee-reunie\/indonesie-2022\/","title":{"rendered":"Indon\u00e9sie 2022"},"content":{"rendered":"\n<figure class=\"wp-block-image\"><img decoding=\"async\" data-src=\"https:\/\/mwc-cmm.org\/wp-content\/uploads\/2024\/10\/indonesia2022-long-logo-w-themes-closecrop.png\" alt=\"\" width=\"2209\" class=\"smush-dimensions lazyload\" style=\"--smush-image-width: 2209px; --smush-image-aspect-ratio: 2209\/407;\" src=\"data:image\/svg+xml;base64,PHN2ZyB3aWR0aD0iMSIgaGVpZ2h0PSIxIiB4bWxucz0iaHR0cDovL3d3dy53My5vcmcvMjAwMC9zdmciPjwvc3ZnPg==\" \/><\/figure>\n\n\n\n<div class=\"wp-block-columns is-layout-flex wp-container-core-columns-is-layout-28f84493 wp-block-columns-is-layout-flex\">\n<div class=\"wp-block-column is-layout-flow wp-block-column-is-layout-flow\">\n<figure class=\"wp-block-image\"><a href=\"https:\/\/mwc-cmm.org\/fr\/temoignages-dindonesie-2022\/\"><img decoding=\"async\" data-src=\"https:\/\/mwc-cmm.org\/wp-content\/uploads\/2024\/10\/stories-fr.png\" alt=\"Assembly Stories Link\" title=\"Learn more about the assembly stories here!\" width=\"300\" class=\"smush-dimensions lazyload\" style=\"--smush-image-width: 300px; --smush-image-aspect-ratio: 300\/300;\" src=\"data:image\/svg+xml;base64,PHN2ZyB3aWR0aD0iMSIgaGVpZ2h0PSIxIiB4bWxucz0iaHR0cDovL3d3dy53My5vcmcvMjAwMC9zdmciPjwvc3ZnPg==\" \/><\/a><\/figure>\n<\/div>\n\n\n\n<div class=\"wp-block-column is-layout-flow wp-block-column-is-layout-flow\">\n<figure class=\"wp-block-image\"><a href=\"https:\/\/mwc-cmm.org\/fr\/ressources\/?_resource_event=assembly\" target=\"_blank\" rel=\" noreferrer noopener\"><img decoding=\"async\" data-src=\"https:\/\/mwc-cmm.org\/wp-content\/uploads\/2024\/10\/resources-fr.png\" alt=\"Assembly Resources \" title=\"Get the assembly resources here\" width=\"300\" class=\"smush-dimensions lazyload\" style=\"--smush-image-width: 300px; --smush-image-aspect-ratio: 300\/300;\" src=\"data:image\/svg+xml;base64,PHN2ZyB3aWR0aD0iMSIgaGVpZ2h0PSIxIiB4bWxucz0iaHR0cDovL3d3dy53My5vcmcvMjAwMC9zdmciPjwvc3ZnPg==\" \/><\/a><\/figure>\n<\/div>\n\n\n\n<div class=\"wp-block-column is-layout-flow wp-block-column-is-layout-flow\">\n<figure class=\"wp-block-image\"><a href=\"https:\/\/mwc-cmm.org\/fr\/assemblee-reunie\/assembly-scattered-3\/\"><img decoding=\"async\" data-src=\"https:\/\/mwc-cmm.org\/wp-content\/uploads\/2024\/10\/assemblyscattered-fr.png\" alt=\"Assembly Scattered\" title=\"Learn more about the tours, food, places and churches here!\" width=\"300\" class=\"smush-dimensions lazyload\" style=\"--smush-image-width: 300px; --smush-image-aspect-ratio: 300\/300;\" src=\"data:image\/svg+xml;base64,PHN2ZyB3aWR0aD0iMSIgaGVpZ2h0PSIxIiB4bWxucz0iaHR0cDovL3d3dy53My5vcmcvMjAwMC9zdmciPjwvc3ZnPg==\" \/><\/a><\/figure>\n<\/div>\n<\/div>\n\n\n\n<div class=\"wp-block-columns is-layout-flex wp-container-core-columns-is-layout-28f84493 wp-block-columns-is-layout-flex\">\n<div class=\"wp-block-column is-layout-flow wp-block-column-is-layout-flow\">\n<figure class=\"wp-block-image\"><a href=\"https:\/\/mwc-cmm.org\/fr\/jeunes-anabaptistes-yabs\/gys-sommet-mondial-de-la-jeunesse\/sommet-mondial-de-la-jeunesse-gys-2022\/\"><img decoding=\"async\" data-src=\"https:\/\/mwc-cmm.org\/wp-content\/uploads\/2024\/10\/gys-fr.png\" alt=\"Global Youth Summit\" title=\"Learn more about the global youth summit here\" width=\"300\" class=\"smush-dimensions lazyload\" style=\"--smush-image-width: 300px; --smush-image-aspect-ratio: 300\/300;\" src=\"data:image\/svg+xml;base64,PHN2ZyB3aWR0aD0iMSIgaGVpZ2h0PSIxIiB4bWxucz0iaHR0cDovL3d3dy53My5vcmcvMjAwMC9zdmciPjwvc3ZnPg==\" \/><\/a><\/figure>\n<\/div>\n\n\n\n<div class=\"wp-block-column is-layout-flow wp-block-column-is-layout-flow\">\n<figure class=\"wp-block-image\"><a href=\"https:\/\/mwc-cmm.org\/fr\/resources\/assemblee-de-la-cmm-17-structure-organisationnelle\/\"><img decoding=\"async\" data-src=\"https:\/\/mwc-cmm.org\/wp-content\/uploads\/2024\/10\/org_structure-fr.png\" alt=\"Organizational Structure\" title=\"Learn more about the Assembly Staffs here!\" width=\"300\" class=\"smush-dimensions lazyload\" style=\"--smush-image-width: 300px; --smush-image-aspect-ratio: 300\/300;\" src=\"data:image\/svg+xml;base64,PHN2ZyB3aWR0aD0iMSIgaGVpZ2h0PSIxIiB4bWxucz0iaHR0cDovL3d3dy53My5vcmcvMjAwMC9zdmciPjwvc3ZnPg==\" \/><\/a><\/figure>\n<\/div>\n<\/div>\n\n\n\n<h2 class=\"wp-block-heading\">Plus de ressources :<\/h2>\n\n\n\n<p><a href=\"https:\/\/mwc-cmm.org\/fr\/resources\/assemblee-reunie\/\">Assembl\u00e9e r\u00e9unie<\/a><\/p>\n\n\n\n<p><a href=\"https:\/\/mwc-cmm.org\/fr\/resources\/assemblee-17-indonesie-2022-ateliers\/\">Atelier \/ S\u00e9minaires<\/a><\/p>\n\n\n\n<p><a href=\"https:\/\/mwc-cmm.org\/fr\/resources\/assemblee-17-indonesie-2022-chansons\/\">Indon\u00e9sie 2022 &#8211; Chants<\/a><\/p>\n\n\n\n<p><a href=\"https:\/\/mwc-cmm.org\/fr\/resources\/global-church-village\/\">Le Village d\u2019Eglise Mondiale<\/a><\/p>\n\n\n\n<p><\/p>\n","protected":false},"excerpt":{"rendered":"<p>Plus de ressources : Assembl\u00e9e r\u00e9unie Atelier \/ S\u00e9minaires Indon\u00e9sie 2022 &#8211; Chants Le Village d\u2019Eglise Mondiale<\/p>\n","protected":false},"author":1,"featured_media":0,"parent":11475,"menu_order":0,"comment_status":"closed","ping_status":"closed","template":"","meta":{"_acf_changed":false,"footnotes":""},"class_list":["post-5871","page","type-page","status-publish","hentry"],"acf":[],"yoast_head":"<!-- This site is optimized with the Yoast SEO plugin v27.2 - https:\/\/yoast.com\/product\/yoast-seo-wordpress\/ -->\n<title>Indon\u00e9sie 2022 - Mennonite World Conference<\/title>\n<meta name=\"robots\" content=\"index, follow, max-snippet:-1, max-image-preview:large, max-video-preview:-1\" \/>\n<link rel=\"canonical\" href=\"https:\/\/mwc-cmm.org\/fr\/assemblee-reunie\/indonesie-2022\/\" \/>\n<meta property=\"og:locale\" content=\"fr_FR\" \/>\n<meta property=\"og:type\" content=\"article\" \/>\n<meta property=\"og:title\" content=\"Indon\u00e9sie 2022 - Mennonite World Conference\" \/>\n<meta property=\"og:description\" content=\"Plus de ressources : Assembl\u00e9e r\u00e9unie Atelier \/ S\u00e9minaires Indon\u00e9sie 2022 &#8211; Chants Le Village d\u2019Eglise Mondiale\" \/>\n<meta property=\"og:url\" content=\"https:\/\/mwc-cmm.org\/fr\/assemblee-reunie\/indonesie-2022\/\" \/>\n<meta property=\"og:site_name\" content=\"Mennonite World Conference\" \/>\n<meta property=\"article:publisher\" content=\"https:\/\/www.facebook.com\/MennoniteWorldConference\" \/>\n<meta property=\"article:modified_time\" content=\"2026-02-11T09:25:19+00:00\" \/>\n<meta property=\"og:image\" content=\"https:\/\/mwc-cmm.org\/wp-content\/uploads\/2024\/10\/indonesia2022-long-logo-w-themes-closecrop.png\" \/>\n<script type=\"application\/ld+json\" class=\"yoast-schema-graph\">{\"@context\":\"https:\/\/schema.org\",\"@graph\":[{\"@type\":\"WebPage\",\"@id\":\"https:\/\/mwc-cmm.org\/fr\/assemblee-reunie\/indonesie-2022\/\",\"url\":\"https:\/\/mwc-cmm.org\/fr\/assemblee-reunie\/indonesie-2022\/\",\"name\":\"Indon\u00e9sie 2022 - Mennonite World Conference\",\"isPartOf\":{\"@id\":\"https:\/\/mwc-cmm.org\/en\/#website\"},\"primaryImageOfPage\":{\"@id\":\"https:\/\/mwc-cmm.org\/fr\/assemblee-reunie\/indonesie-2022\/#primaryimage\"},\"image\":{\"@id\":\"https:\/\/mwc-cmm.org\/fr\/assemblee-reunie\/indonesie-2022\/#primaryimage\"},\"thumbnailUrl\":\"https:\/\/mwc-cmm.org\/wp-content\/uploads\/2024\/10\/indonesia2022-long-logo-w-themes-closecrop.png\",\"datePublished\":\"2019-07-29T00:00:00+00:00\",\"dateModified\":\"2026-02-11T09:25:19+00:00\",\"breadcrumb\":{\"@id\":\"https:\/\/mwc-cmm.org\/fr\/assemblee-reunie\/indonesie-2022\/#breadcrumb\"},\"inLanguage\":\"fr-FR\",\"potentialAction\":[{\"@type\":\"ReadAction\",\"target\":[\"https:\/\/mwc-cmm.org\/fr\/assemblee-reunie\/indonesie-2022\/\"]}]},{\"@type\":\"ImageObject\",\"inLanguage\":\"fr-FR\",\"@id\":\"https:\/\/mwc-cmm.org\/fr\/assemblee-reunie\/indonesie-2022\/#primaryimage\",\"url\":\"https:\/\/mwc-cmm.org\/wp-content\/uploads\/2024\/10\/indonesia2022-long-logo-w-themes-closecrop.png\",\"contentUrl\":\"https:\/\/mwc-cmm.org\/wp-content\/uploads\/2024\/10\/indonesia2022-long-logo-w-themes-closecrop.png\"},{\"@type\":\"BreadcrumbList\",\"@id\":\"https:\/\/mwc-cmm.org\/fr\/assemblee-reunie\/indonesie-2022\/#breadcrumb\",\"itemListElement\":[{\"@type\":\"ListItem\",\"position\":1,\"name\":\"Home\",\"item\":\"https:\/\/mwc-cmm.org\/fr\/\"},{\"@type\":\"ListItem\",\"position\":2,\"name\":\"Assembl\u00e9e r\u00e9unie\",\"item\":\"https:\/\/mwc-cmm.org\/fr\/assemblee-reunie\/\"},{\"@type\":\"ListItem\",\"position\":3,\"name\":\"Indon\u00e9sie 2022\"}]},{\"@type\":\"WebSite\",\"@id\":\"https:\/\/mwc-cmm.org\/en\/#website\",\"url\":\"https:\/\/mwc-cmm.org\/en\/\",\"name\":\"Mennonite World Conference\",\"description\":\"A communion of Anabaptist-related churches\",\"publisher\":{\"@id\":\"https:\/\/mwc-cmm.org\/en\/#organization\"},\"alternateName\":\"MWC\",\"potentialAction\":[{\"@type\":\"SearchAction\",\"target\":{\"@type\":\"EntryPoint\",\"urlTemplate\":\"https:\/\/mwc-cmm.org\/en\/?s={search_term_string}\"},\"query-input\":{\"@type\":\"PropertyValueSpecification\",\"valueRequired\":true,\"valueName\":\"search_term_string\"}}],\"inLanguage\":\"fr-FR\"},{\"@type\":\"Organization\",\"@id\":\"https:\/\/mwc-cmm.org\/en\/#organization\",\"name\":\"Mennonite World Conference\",\"alternateName\":\"MWC\",\"url\":\"https:\/\/mwc-cmm.org\/en\/\",\"logo\":{\"@type\":\"ImageObject\",\"inLanguage\":\"fr-FR\",\"@id\":\"https:\/\/mwc-cmm.org\/en\/#\/schema\/logo\/image\/\",\"url\":\"https:\/\/mwc-cmm.org\/wp-content\/uploads\/2026\/01\/MWC_Sig_Blue_Horiz_webheader1-logo.svg\",\"contentUrl\":\"https:\/\/mwc-cmm.org\/wp-content\/uploads\/2026\/01\/MWC_Sig_Blue_Horiz_webheader1-logo.svg\",\"width\":786,\"height\":82,\"caption\":\"Mennonite World Conference\"},\"image\":{\"@id\":\"https:\/\/mwc-cmm.org\/en\/#\/schema\/logo\/image\/\"},\"sameAs\":[\"https:\/\/www.facebook.com\/MennoniteWorldConference\",\"https:\/\/www.linkedin.com\/company\/mennonite-world-conference-mwc\/\",\"https:\/\/www.instagram.com\/mwcmm\/\",\"https:\/\/www.youtube.com\/user\/mwccmm\",\"https:\/\/bsky.app\/profile\/mwcmm.bsky.social\"]}]}<\/script>\n<!-- \/ Yoast SEO plugin. -->","yoast_head_json":{"title":"Indon\u00e9sie 2022 - Mennonite World Conference","robots":{"index":"index","follow":"follow","max-snippet":"max-snippet:-1","max-image-preview":"max-image-preview:large","max-video-preview":"max-video-preview:-1"},"canonical":"https:\/\/mwc-cmm.org\/fr\/assemblee-reunie\/indonesie-2022\/","og_locale":"fr_FR","og_type":"article","og_title":"Indon\u00e9sie 2022 - Mennonite World Conference","og_description":"Plus de ressources : Assembl\u00e9e r\u00e9unie Atelier \/ S\u00e9minaires Indon\u00e9sie 2022 &#8211; Chants Le Village d\u2019Eglise Mondiale","og_url":"https:\/\/mwc-cmm.org\/fr\/assemblee-reunie\/indonesie-2022\/","og_site_name":"Mennonite World Conference","article_publisher":"https:\/\/www.facebook.com\/MennoniteWorldConference","article_modified_time":"2026-02-11T09:25:19+00:00","og_image":[{"url":"https:\/\/mwc-cmm.org\/wp-content\/uploads\/2024\/10\/indonesia2022-long-logo-w-themes-closecrop.png","type":"","width":"","height":""}],"schema":{"@context":"https:\/\/schema.org","@graph":[{"@type":"WebPage","@id":"https:\/\/mwc-cmm.org\/fr\/assemblee-reunie\/indonesie-2022\/","url":"https:\/\/mwc-cmm.org\/fr\/assemblee-reunie\/indonesie-2022\/","name":"Indon\u00e9sie 2022 - Mennonite World Conference","isPartOf":{"@id":"https:\/\/mwc-cmm.org\/en\/#website"},"primaryImageOfPage":{"@id":"https:\/\/mwc-cmm.org\/fr\/assemblee-reunie\/indonesie-2022\/#primaryimage"},"image":{"@id":"https:\/\/mwc-cmm.org\/fr\/assemblee-reunie\/indonesie-2022\/#primaryimage"},"thumbnailUrl":"https:\/\/mwc-cmm.org\/wp-content\/uploads\/2024\/10\/indonesia2022-long-logo-w-themes-closecrop.png","datePublished":"2019-07-29T00:00:00+00:00","dateModified":"2026-02-11T09:25:19+00:00","breadcrumb":{"@id":"https:\/\/mwc-cmm.org\/fr\/assemblee-reunie\/indonesie-2022\/#breadcrumb"},"inLanguage":"fr-FR","potentialAction":[{"@type":"ReadAction","target":["https:\/\/mwc-cmm.org\/fr\/assemblee-reunie\/indonesie-2022\/"]}]},{"@type":"ImageObject","inLanguage":"fr-FR","@id":"https:\/\/mwc-cmm.org\/fr\/assemblee-reunie\/indonesie-2022\/#primaryimage","url":"https:\/\/mwc-cmm.org\/wp-content\/uploads\/2024\/10\/indonesia2022-long-logo-w-themes-closecrop.png","contentUrl":"https:\/\/mwc-cmm.org\/wp-content\/uploads\/2024\/10\/indonesia2022-long-logo-w-themes-closecrop.png"},{"@type":"BreadcrumbList","@id":"https:\/\/mwc-cmm.org\/fr\/assemblee-reunie\/indonesie-2022\/#breadcrumb","itemListElement":[{"@type":"ListItem","position":1,"name":"Home","item":"https:\/\/mwc-cmm.org\/fr\/"},{"@type":"ListItem","position":2,"name":"Assembl\u00e9e r\u00e9unie","item":"https:\/\/mwc-cmm.org\/fr\/assemblee-reunie\/"},{"@type":"ListItem","position":3,"name":"Indon\u00e9sie 2022"}]},{"@type":"WebSite","@id":"https:\/\/mwc-cmm.org\/en\/#website","url":"https:\/\/mwc-cmm.org\/en\/","name":"Mennonite World Conference","description":"A communion of Anabaptist-related churches","publisher":{"@id":"https:\/\/mwc-cmm.org\/en\/#organization"},"alternateName":"MWC","potentialAction":[{"@type":"SearchAction","target":{"@type":"EntryPoint","urlTemplate":"https:\/\/mwc-cmm.org\/en\/?s={search_term_string}"},"query-input":{"@type":"PropertyValueSpecification","valueRequired":true,"valueName":"search_term_string"}}],"inLanguage":"fr-FR"},{"@type":"Organization","@id":"https:\/\/mwc-cmm.org\/en\/#organization","name":"Mennonite World Conference","alternateName":"MWC","url":"https:\/\/mwc-cmm.org\/en\/","logo":{"@type":"ImageObject","inLanguage":"fr-FR","@id":"https:\/\/mwc-cmm.org\/en\/#\/schema\/logo\/image\/","url":"https:\/\/mwc-cmm.org\/wp-content\/uploads\/2026\/01\/MWC_Sig_Blue_Horiz_webheader1-logo.svg","contentUrl":"https:\/\/mwc-cmm.org\/wp-content\/uploads\/2026\/01\/MWC_Sig_Blue_Horiz_webheader1-logo.svg","width":786,"height":82,"caption":"Mennonite World Conference"},"image":{"@id":"https:\/\/mwc-cmm.org\/en\/#\/schema\/logo\/image\/"},"sameAs":["https:\/\/www.facebook.com\/MennoniteWorldConference","https:\/\/www.linkedin.com\/company\/mennonite-world-conference-mwc\/","https:\/\/www.instagram.com\/mwcmm\/","https:\/\/www.youtube.com\/user\/mwccmm","https:\/\/bsky.app\/profile\/mwcmm.bsky.social"]}]}},"_links":{"self":[{"href":"https:\/\/mwc-cmm.org\/fr\/wp-json\/wp\/v2\/pages\/5871","targetHints":{"allow":["GET"]}}],"collection":[{"href":"https:\/\/mwc-cmm.org\/fr\/wp-json\/wp\/v2\/pages"}],"about":[{"href":"https:\/\/mwc-cmm.org\/fr\/wp-json\/wp\/v2\/types\/page"}],"author":[{"embeddable":true,"href":"https:\/\/mwc-cmm.org\/fr\/wp-json\/wp\/v2\/users\/1"}],"replies":[{"embeddable":true,"href":"https:\/\/mwc-cmm.org\/fr\/wp-json\/wp\/v2\/comments?post=5871"}],"version-history":[{"count":0,"href":"https:\/\/mwc-cmm.org\/fr\/wp-json\/wp\/v2\/pages\/5871\/revisions"}],"up":[{"embeddable":true,"href":"https:\/\/mwc-cmm.org\/fr\/wp-json\/wp\/v2\/pages\/11475"}],"wp:attachment":[{"href":"https:\/\/mwc-cmm.org\/fr\/wp-json\/wp\/v2\/media?parent=5871"}],"curies":[{"name":"wp","href":"https:\/\/api.w.org\/{rel}","templated":true}]}}