{"id":5869,"date":"2019-07-29T00:00:00","date_gmt":"2019-07-29T00:00:00","guid":{"rendered":"https:\/\/mwc-cmm.org\/events-3\/"},"modified":"2026-03-25T21:06:43","modified_gmt":"2026-03-25T21:06:43","slug":"rencontres","status":"publish","type":"page","link":"https:\/\/mwc-cmm.org\/fr\/rencontres\/","title":{"rendered":"Rencontres"},"content":{"rendered":"\n<div class=\"wp-block-columns alignwide is-layout-flex wp-container-core-columns-is-layout-7fc3d43a wp-block-columns-is-layout-flex\">\n<div class=\"wp-block-column is-layout-flow wp-block-column-is-layout-flow\" style=\"flex-basis:33.33%\">\n<h2 class=\"wp-block-heading\">Le courage d\u2032aimer \u2013 Anabaptisme : 500 ans<\/h2>\n\n\n\n<p class=\"is-style-h3-style\">Comm\u00e9morons ensemble les 500 ans de l&rsquo;anabaptisme<\/p>\n\n\n\n<p>Le 29 mai 2025, la Conf\u00e9rence Mennonite Mondiale (CMM) accueillera des invit\u00e9s du monde entier pour 500 ans d\u2019Anabaptisme : Le courage d\u2019aimer : Cette journ\u00e9e de c\u00e9l\u00e9bration comm\u00e9more la naissance du mouvement anabaptiste \u00e0 Zurich (Suisse). Apr\u00e8s des ateliers, des concerts, un d\u00e9bat et des visites historiques \u00e0 pied, les participants se rassembleront pour un culte \u0153cum\u00e9nique \u00e0 la cath\u00e9drale Grossm\u00fcnster.<\/p>\n\n\n\n<div class=\"wp-block-buttons is-layout-flex wp-block-buttons-is-layout-flex\">\n<div class=\"wp-block-button\"><a class=\"wp-block-button__link wp-element-button\" href=\"https:\/\/mwc-cmm.org\/fr\/diffusion-en-direct-de-zurich\/\">500 ans d\u2019Anabaptisme<\/a><\/div>\n<\/div>\n<\/div>\n\n\n\n<div class=\"wp-block-column is-layout-flow wp-block-column-is-layout-flow\" style=\"flex-basis:66.66%\">\n<figure class=\"wp-block-image size-full\"><img decoding=\"async\" width=\"800\" height=\"568\" data-src=\"https:\/\/mwc-cmm.org\/wp-content\/uploads\/2024\/10\/zurich_2025_fr-1.jpg\" alt=\"A woman singing into the microphone witch backup singers singing behind her\" class=\"wp-image-13211 lazyload\" data-srcset=\"https:\/\/mwc-cmm.org\/wp-content\/uploads\/2024\/10\/zurich_2025_fr-1.jpg 800w, https:\/\/mwc-cmm.org\/wp-content\/uploads\/2024\/10\/zurich_2025_fr-1-300x213.jpg 300w, https:\/\/mwc-cmm.org\/wp-content\/uploads\/2024\/10\/zurich_2025_fr-1-768x545.jpg 768w\" data-sizes=\"(max-width: 800px) 100vw, 800px\" src=\"data:image\/svg+xml;base64,PHN2ZyB3aWR0aD0iMSIgaGVpZ2h0PSIxIiB4bWxucz0iaHR0cDovL3d3dy53My5vcmcvMjAwMC9zdmciPjwvc3ZnPg==\" style=\"--smush-placeholder-width: 800px; --smush-placeholder-aspect-ratio: 800\/568;\" \/><\/figure>\n<\/div>\n<\/div>\n\n\n\n<div class=\"wp-block-group alignfull has-base-color has-dark-blue-background-color has-text-color has-background has-link-color wp-elements-a7c694cc3c4fc15bd9c4ac233a4182b7 has-global-padding is-layout-constrained wp-block-group-is-layout-constrained\">\n<div class=\"wp-block-columns alignwide is-layout-flex wp-container-core-columns-is-layout-28f84493 wp-block-columns-is-layout-flex\">\n<div class=\"wp-block-column is-layout-flow wp-block-column-is-layout-flow\" style=\"flex-basis:20%\">\n<figure class=\"wp-block-image size-full\"><img decoding=\"async\" width=\"120\" height=\"120\" data-src=\"https:\/\/mwc-cmm.org\/wp-content\/uploads\/2024\/11\/2028-leaf-logo.png\" alt=\"A green circle with a graphic of a leaf inside and the numbers '2028'\" class=\"wp-image-18090 lazyload\" src=\"data:image\/svg+xml;base64,PHN2ZyB3aWR0aD0iMSIgaGVpZ2h0PSIxIiB4bWxucz0iaHR0cDovL3d3dy53My5vcmcvMjAwMC9zdmciPjwvc3ZnPg==\" style=\"--smush-placeholder-width: 120px; --smush-placeholder-aspect-ratio: 120\/120;\" \/><\/figure>\n<\/div>\n\n\n\n<div class=\"wp-block-column is-layout-flow wp-block-column-is-layout-flow\" style=\"flex-basis:80%\">\n<p>\u2018Renouveau 2028\u2019 est une s\u00e9rie de rencontres \u00e0 l\u2019occasion de la comm\u00e9moration du 500e anniversaire des d\u00e9buts du mouvement anabaptiste.&nbsp;<\/p>\n\n\n\n<p>Anabaptisme : 500 ans est un \u00e9v\u00e9nement de Renouveau 2028.<\/p>\n\n\n\n<div class=\"wp-block-buttons is-layout-flex wp-block-buttons-is-layout-flex\">\n<div class=\"wp-block-button is-style-outline is-style-outline--1\"><a class=\"wp-block-button__link wp-element-button\" href=\"https:\/\/mwc-cmm.org\/fr\/renouveau-2028\/\">Tous les \u00e9v\u00e9nements Renewal 2028<\/a><\/div>\n<\/div>\n<\/div>\n<\/div>\n<\/div>\n\n\n\n<h2 class=\"wp-block-heading alignwide is-style-green-eyebrow\" style=\"margin-top:var(--wp--preset--spacing--50)\">Rencontres en personnes<\/h2>\n\n\n\n<div class=\"wp-block-columns alignwide is-layout-flex wp-container-core-columns-is-layout-7fc3d43a wp-block-columns-is-layout-flex\">\n<div class=\"wp-block-column is-layout-flow wp-block-column-is-layout-flow\">\n<figure class=\"wp-block-image size-large\"><img decoding=\"async\" width=\"1024\" height=\"683\" data-src=\"https:\/\/mwc-cmm.org\/wp-content\/uploads\/2024\/11\/assmebly-1024x683.png\" alt=\"A large church building with a stage at the front, a worship team singing and the crowd standing before them\" class=\"wp-image-18105 lazyload\" data-srcset=\"https:\/\/mwc-cmm.org\/wp-content\/uploads\/2024\/11\/assmebly-1024x683.png 1024w, https:\/\/mwc-cmm.org\/wp-content\/uploads\/2024\/11\/assmebly-300x200.png 300w, https:\/\/mwc-cmm.org\/wp-content\/uploads\/2024\/11\/assmebly-768x512.png 768w, https:\/\/mwc-cmm.org\/wp-content\/uploads\/2024\/11\/assmebly-1536x1024.png 1536w, https:\/\/mwc-cmm.org\/wp-content\/uploads\/2024\/11\/assmebly.png 1920w\" data-sizes=\"(max-width: 1024px) 100vw, 1024px\" src=\"data:image\/svg+xml;base64,PHN2ZyB3aWR0aD0iMSIgaGVpZ2h0PSIxIiB4bWxucz0iaHR0cDovL3d3dy53My5vcmcvMjAwMC9zdmciPjwvc3ZnPg==\" style=\"--smush-placeholder-width: 1024px; --smush-placeholder-aspect-ratio: 1024\/683;\" \/><\/figure>\n\n\n\n<h2 class=\"wp-block-heading\" style=\"margin-top:var(--wp--preset--spacing--50)\">Assembl\u00e9e<\/h2>\n\n\n\n<p>Les rassemblements de la CMM sont des rencontres de la famille anabaptiste-mennonite mondiale et ont lieu tous les six ans.\u00a0Nous nous pr\u00e9parons pour le prochain rassemblement mondial, qui aura lieu en Tanzanie en 2028.\u00a0<\/p>\n\n\n\n<div class=\"wp-block-buttons is-layout-flex wp-block-buttons-is-layout-flex\">\n<div class=\"wp-block-button\"><a class=\"wp-block-button__link wp-element-button\" href=\"https:\/\/mwc-cmm.org\/fr\/assemblee-reunie\/assemblees-anterieures\/\">D\u00e9couvrez les pr\u00e9c\u00e9dentes assembl\u00e9es<\/a><\/div>\n<\/div>\n<\/div>\n\n\n\n<div class=\"wp-block-column is-layout-flow wp-block-column-is-layout-flow\">\n<figure class=\"wp-block-image size-full\"><a href=\"https:\/\/mwc-cmm.org\/fr\/jeunes-anabaptistes-yabs\/gys-sommet-mondial-de-la-jeunesse\/\"><img decoding=\"async\" width=\"799\" height=\"533\" data-src=\"https:\/\/mwc-cmm.org\/wp-content\/uploads\/2024\/11\/GlobalYouthSummit-hero.jpeg\" alt=\"A woman and three men smiling\" class=\"wp-image-18119 lazyload\" data-srcset=\"https:\/\/mwc-cmm.org\/wp-content\/uploads\/2024\/11\/GlobalYouthSummit-hero.jpeg 799w, https:\/\/mwc-cmm.org\/wp-content\/uploads\/2024\/11\/GlobalYouthSummit-hero-300x200.jpeg 300w, https:\/\/mwc-cmm.org\/wp-content\/uploads\/2024\/11\/GlobalYouthSummit-hero-768x512.jpeg 768w\" data-sizes=\"(max-width: 799px) 100vw, 799px\" src=\"data:image\/svg+xml;base64,PHN2ZyB3aWR0aD0iMSIgaGVpZ2h0PSIxIiB4bWxucz0iaHR0cDovL3d3dy53My5vcmcvMjAwMC9zdmciPjwvc3ZnPg==\" style=\"--smush-placeholder-width: 799px; --smush-placeholder-aspect-ratio: 799\/533;\" \/><\/a><\/figure>\n\n\n\n<h2 class=\"wp-block-heading\" style=\"margin-top:var(--wp--preset--spacing--50)\">Sommet Mondial de la Jeunesse (GYS)<\/h2>\n\n\n\n<p>Le Sommet Mondial de la Jeunesse est une p\u00e9riode sp\u00e9ciale pendant laquelle les jeunes anabaptistes du monde entier se r\u00e9unissent. Le prochain sommet mondial de la jeunesse (GYS) (18+) se tiendra en Allemagne en 2025.<\/p>\n\n\n\n<div class=\"wp-block-buttons is-layout-flex wp-block-buttons-is-layout-flex\">\n<div class=\"wp-block-button\"><a class=\"wp-block-button__link wp-element-button\" href=\"https:\/\/mwc-cmm.org\/fr\/jeunes-anabaptistes-yabs\/gys-sommet-mondial-de-la-jeunesse\/\">Voir plus d\u2019information sur le GYS 2025<\/a><\/div>\n<\/div>\n<\/div>\n<\/div>\n\n\n\n<div class=\"wp-block-columns alignwide is-layout-flex wp-container-core-columns-is-layout-7fc3d43a wp-block-columns-is-layout-flex\">\n<div class=\"wp-block-column is-layout-flow wp-block-column-is-layout-flow\">\n<h2 class=\"wp-block-heading is-style-yellow-eyebrow\" style=\"margin-top:var(--wp--preset--spacing--50)\"><em>\u00c9v\u00e8nements annuels<\/em><\/h2>\n\n\n\n<ul class=\"wp-block-list\">\n<li><a href=\"https:\/\/mwc-cmm.org\/fr\/dimanche-de-la-fraternite-anabaptiste-mondiale\/\">Dimanche de la Fraternit\u00e9 Anabaptiste Mondiale <\/a><br>le dimanche le plus proche du 21 janvier<\/li>\n\n\n\n<li><a href=\"https:\/\/mwc-cmm.org\/fr\/jeunes-anabaptistes-yabs\/semaine-de-la-fraternite-des-yabs\/\">Semaine de la Fraternit\u00e9 des YABs <\/a><br>la troisi\u00e8me semaine de juin<\/li>\n\n\n\n<li><a href=\"https:\/\/mwc-cmm.org\/fr\/commissions-3\/commission-paix\/dimanche-de-la-paix\/\">Dimanche de la Paix <\/a><br><em>usually a Sunday in late September<\/em><\/li>\n<\/ul>\n<\/div>\n\n\n\n<div class=\"wp-block-column is-layout-flow wp-block-column-is-layout-flow\">\n<h2 class=\"wp-block-heading is-style-pink-eyebrow\" style=\"margin-top:var(--wp--preset--spacing--50)\"><em>Rencontre en ligne<\/em><\/h2>\n\n\n\n<ul class=\"wp-block-list\">\n<li><a href=\"https:\/\/mwc-cmm.org\/fr\/prieres\/heure-de-priere-virtuelle-inscription\/\">Heure de pri\u00e8re virtuelle<\/a><br>le dimanche le plus proche du 21 janvier<\/li>\n\n\n\n<li><a href=\"https:\/\/mwc-cmm.org\/fr\/webinaires\/\">Webinaires<\/a><br>des \u00e9v\u00e9nements occasionnels organis\u00e9s par les r\u00e9seaux ou les Commissions<\/li>\n<\/ul>\n<\/div>\n<\/div>\n\n\n\n<p><\/p>\n","protected":false},"excerpt":{"rendered":"<p>Le courage d\u2032aimer \u2013 Anabaptisme : 500 ans Comm\u00e9morons ensemble les 500 ans de l&rsquo;anabaptisme Le 29 mai 2025, la Conf\u00e9rence Mennonite Mondiale (CMM) accueillera des invit\u00e9s du monde entier pour 500 ans d\u2019Anabaptisme : Le courage d\u2019aimer : Cette journ\u00e9e de c\u00e9l\u00e9bration comm\u00e9more la naissance du mouvement anabaptiste \u00e0 Zurich (Suisse). Apr\u00e8s des ateliers, [&hellip;]<\/p>\n","protected":false},"author":1,"featured_media":0,"parent":0,"menu_order":0,"comment_status":"closed","ping_status":"closed","template":"","meta":{"_acf_changed":false,"footnotes":""},"class_list":["post-5869","page","type-page","status-publish","hentry"],"acf":[],"yoast_head":"<!-- This site is optimized with the Yoast SEO plugin v27.2 - https:\/\/yoast.com\/product\/yoast-seo-wordpress\/ -->\n<title>Rencontres - Mennonite World Conference<\/title>\n<meta name=\"description\" content=\"Les differentes types de reconcontres de la CMM.\" \/>\n<meta name=\"robots\" content=\"index, follow, max-snippet:-1, max-image-preview:large, max-video-preview:-1\" \/>\n<link rel=\"canonical\" href=\"https:\/\/mwc-cmm.org\/fr\/rencontres\/\" \/>\n<meta property=\"og:locale\" content=\"fr_FR\" \/>\n<meta property=\"og:type\" content=\"article\" \/>\n<meta property=\"og:title\" content=\"Rencontres - Mennonite World Conference\" \/>\n<meta property=\"og:description\" content=\"Les differentes types de reconcontres de la CMM.\" \/>\n<meta property=\"og:url\" content=\"https:\/\/mwc-cmm.org\/fr\/rencontres\/\" \/>\n<meta property=\"og:site_name\" content=\"Mennonite World Conference\" \/>\n<meta property=\"article:publisher\" content=\"https:\/\/www.facebook.com\/MennoniteWorldConference\" \/>\n<meta property=\"article:modified_time\" content=\"2026-03-25T21:06:43+00:00\" \/>\n<meta property=\"og:image\" content=\"https:\/\/mwc-cmm.org\/wp-content\/uploads\/2024\/10\/zurich_2025_fr-1.jpg\" \/>\n\t<meta property=\"og:image:width\" content=\"800\" \/>\n\t<meta property=\"og:image:height\" content=\"568\" \/>\n\t<meta property=\"og:image:type\" content=\"image\/jpeg\" \/>\n<script type=\"application\/ld+json\" class=\"yoast-schema-graph\">{\"@context\":\"https:\/\/schema.org\",\"@graph\":[{\"@type\":\"WebPage\",\"@id\":\"https:\/\/mwc-cmm.org\/fr\/rencontres\/\",\"url\":\"https:\/\/mwc-cmm.org\/fr\/rencontres\/\",\"name\":\"Rencontres - Mennonite World Conference\",\"isPartOf\":{\"@id\":\"https:\/\/mwc-cmm.org\/en\/#website\"},\"primaryImageOfPage\":{\"@id\":\"https:\/\/mwc-cmm.org\/fr\/rencontres\/#primaryimage\"},\"image\":{\"@id\":\"https:\/\/mwc-cmm.org\/fr\/rencontres\/#primaryimage\"},\"thumbnailUrl\":\"https:\/\/mwc-cmm.org\/wp-content\/uploads\/2024\/10\/zurich_2025_fr-1.jpg\",\"datePublished\":\"2019-07-29T00:00:00+00:00\",\"dateModified\":\"2026-03-25T21:06:43+00:00\",\"description\":\"Les differentes types de reconcontres de la CMM.\",\"breadcrumb\":{\"@id\":\"https:\/\/mwc-cmm.org\/fr\/rencontres\/#breadcrumb\"},\"inLanguage\":\"fr-FR\",\"potentialAction\":[{\"@type\":\"ReadAction\",\"target\":[\"https:\/\/mwc-cmm.org\/fr\/rencontres\/\"]}]},{\"@type\":\"ImageObject\",\"inLanguage\":\"fr-FR\",\"@id\":\"https:\/\/mwc-cmm.org\/fr\/rencontres\/#primaryimage\",\"url\":\"https:\/\/mwc-cmm.org\/wp-content\/uploads\/2024\/10\/zurich_2025_fr-1.jpg\",\"contentUrl\":\"https:\/\/mwc-cmm.org\/wp-content\/uploads\/2024\/10\/zurich_2025_fr-1.jpg\"},{\"@type\":\"BreadcrumbList\",\"@id\":\"https:\/\/mwc-cmm.org\/fr\/rencontres\/#breadcrumb\",\"itemListElement\":[{\"@type\":\"ListItem\",\"position\":1,\"name\":\"Home\",\"item\":\"https:\/\/mwc-cmm.org\/fr\/\"},{\"@type\":\"ListItem\",\"position\":2,\"name\":\"Rencontres\"}]},{\"@type\":\"WebSite\",\"@id\":\"https:\/\/mwc-cmm.org\/en\/#website\",\"url\":\"https:\/\/mwc-cmm.org\/en\/\",\"name\":\"Mennonite World Conference\",\"description\":\"A communion of Anabaptist-related churches\",\"publisher\":{\"@id\":\"https:\/\/mwc-cmm.org\/en\/#organization\"},\"alternateName\":\"MWC\",\"potentialAction\":[{\"@type\":\"SearchAction\",\"target\":{\"@type\":\"EntryPoint\",\"urlTemplate\":\"https:\/\/mwc-cmm.org\/en\/?s={search_term_string}\"},\"query-input\":{\"@type\":\"PropertyValueSpecification\",\"valueRequired\":true,\"valueName\":\"search_term_string\"}}],\"inLanguage\":\"fr-FR\"},{\"@type\":\"Organization\",\"@id\":\"https:\/\/mwc-cmm.org\/en\/#organization\",\"name\":\"Mennonite World Conference\",\"alternateName\":\"MWC\",\"url\":\"https:\/\/mwc-cmm.org\/en\/\",\"logo\":{\"@type\":\"ImageObject\",\"inLanguage\":\"fr-FR\",\"@id\":\"https:\/\/mwc-cmm.org\/en\/#\/schema\/logo\/image\/\",\"url\":\"https:\/\/mwc-cmm.org\/wp-content\/uploads\/2026\/01\/MWC_Sig_Blue_Horiz_webheader1-logo.svg\",\"contentUrl\":\"https:\/\/mwc-cmm.org\/wp-content\/uploads\/2026\/01\/MWC_Sig_Blue_Horiz_webheader1-logo.svg\",\"width\":786,\"height\":82,\"caption\":\"Mennonite World Conference\"},\"image\":{\"@id\":\"https:\/\/mwc-cmm.org\/en\/#\/schema\/logo\/image\/\"},\"sameAs\":[\"https:\/\/www.facebook.com\/MennoniteWorldConference\",\"https:\/\/www.linkedin.com\/company\/mennonite-world-conference-mwc\/\",\"https:\/\/www.instagram.com\/mwcmm\/\",\"https:\/\/www.youtube.com\/user\/mwccmm\",\"https:\/\/bsky.app\/profile\/mwcmm.bsky.social\"]}]}<\/script>\n<!-- \/ Yoast SEO plugin. -->","yoast_head_json":{"title":"Rencontres - Mennonite World Conference","description":"Les differentes types de reconcontres de la CMM.","robots":{"index":"index","follow":"follow","max-snippet":"max-snippet:-1","max-image-preview":"max-image-preview:large","max-video-preview":"max-video-preview:-1"},"canonical":"https:\/\/mwc-cmm.org\/fr\/rencontres\/","og_locale":"fr_FR","og_type":"article","og_title":"Rencontres - Mennonite World Conference","og_description":"Les differentes types de reconcontres de la CMM.","og_url":"https:\/\/mwc-cmm.org\/fr\/rencontres\/","og_site_name":"Mennonite World Conference","article_publisher":"https:\/\/www.facebook.com\/MennoniteWorldConference","article_modified_time":"2026-03-25T21:06:43+00:00","og_image":[{"width":800,"height":568,"url":"https:\/\/mwc-cmm.org\/wp-content\/uploads\/2024\/10\/zurich_2025_fr-1.jpg","type":"image\/jpeg"}],"schema":{"@context":"https:\/\/schema.org","@graph":[{"@type":"WebPage","@id":"https:\/\/mwc-cmm.org\/fr\/rencontres\/","url":"https:\/\/mwc-cmm.org\/fr\/rencontres\/","name":"Rencontres - Mennonite World Conference","isPartOf":{"@id":"https:\/\/mwc-cmm.org\/en\/#website"},"primaryImageOfPage":{"@id":"https:\/\/mwc-cmm.org\/fr\/rencontres\/#primaryimage"},"image":{"@id":"https:\/\/mwc-cmm.org\/fr\/rencontres\/#primaryimage"},"thumbnailUrl":"https:\/\/mwc-cmm.org\/wp-content\/uploads\/2024\/10\/zurich_2025_fr-1.jpg","datePublished":"2019-07-29T00:00:00+00:00","dateModified":"2026-03-25T21:06:43+00:00","description":"Les differentes types de reconcontres de la CMM.","breadcrumb":{"@id":"https:\/\/mwc-cmm.org\/fr\/rencontres\/#breadcrumb"},"inLanguage":"fr-FR","potentialAction":[{"@type":"ReadAction","target":["https:\/\/mwc-cmm.org\/fr\/rencontres\/"]}]},{"@type":"ImageObject","inLanguage":"fr-FR","@id":"https:\/\/mwc-cmm.org\/fr\/rencontres\/#primaryimage","url":"https:\/\/mwc-cmm.org\/wp-content\/uploads\/2024\/10\/zurich_2025_fr-1.jpg","contentUrl":"https:\/\/mwc-cmm.org\/wp-content\/uploads\/2024\/10\/zurich_2025_fr-1.jpg"},{"@type":"BreadcrumbList","@id":"https:\/\/mwc-cmm.org\/fr\/rencontres\/#breadcrumb","itemListElement":[{"@type":"ListItem","position":1,"name":"Home","item":"https:\/\/mwc-cmm.org\/fr\/"},{"@type":"ListItem","position":2,"name":"Rencontres"}]},{"@type":"WebSite","@id":"https:\/\/mwc-cmm.org\/en\/#website","url":"https:\/\/mwc-cmm.org\/en\/","name":"Mennonite World Conference","description":"A communion of Anabaptist-related churches","publisher":{"@id":"https:\/\/mwc-cmm.org\/en\/#organization"},"alternateName":"MWC","potentialAction":[{"@type":"SearchAction","target":{"@type":"EntryPoint","urlTemplate":"https:\/\/mwc-cmm.org\/en\/?s={search_term_string}"},"query-input":{"@type":"PropertyValueSpecification","valueRequired":true,"valueName":"search_term_string"}}],"inLanguage":"fr-FR"},{"@type":"Organization","@id":"https:\/\/mwc-cmm.org\/en\/#organization","name":"Mennonite World Conference","alternateName":"MWC","url":"https:\/\/mwc-cmm.org\/en\/","logo":{"@type":"ImageObject","inLanguage":"fr-FR","@id":"https:\/\/mwc-cmm.org\/en\/#\/schema\/logo\/image\/","url":"https:\/\/mwc-cmm.org\/wp-content\/uploads\/2026\/01\/MWC_Sig_Blue_Horiz_webheader1-logo.svg","contentUrl":"https:\/\/mwc-cmm.org\/wp-content\/uploads\/2026\/01\/MWC_Sig_Blue_Horiz_webheader1-logo.svg","width":786,"height":82,"caption":"Mennonite World Conference"},"image":{"@id":"https:\/\/mwc-cmm.org\/en\/#\/schema\/logo\/image\/"},"sameAs":["https:\/\/www.facebook.com\/MennoniteWorldConference","https:\/\/www.linkedin.com\/company\/mennonite-world-conference-mwc\/","https:\/\/www.instagram.com\/mwcmm\/","https:\/\/www.youtube.com\/user\/mwccmm","https:\/\/bsky.app\/profile\/mwcmm.bsky.social"]}]}},"_links":{"self":[{"href":"https:\/\/mwc-cmm.org\/fr\/wp-json\/wp\/v2\/pages\/5869","targetHints":{"allow":["GET"]}}],"collection":[{"href":"https:\/\/mwc-cmm.org\/fr\/wp-json\/wp\/v2\/pages"}],"about":[{"href":"https:\/\/mwc-cmm.org\/fr\/wp-json\/wp\/v2\/types\/page"}],"author":[{"embeddable":true,"href":"https:\/\/mwc-cmm.org\/fr\/wp-json\/wp\/v2\/users\/1"}],"replies":[{"embeddable":true,"href":"https:\/\/mwc-cmm.org\/fr\/wp-json\/wp\/v2\/comments?post=5869"}],"version-history":[{"count":0,"href":"https:\/\/mwc-cmm.org\/fr\/wp-json\/wp\/v2\/pages\/5869\/revisions"}],"wp:attachment":[{"href":"https:\/\/mwc-cmm.org\/fr\/wp-json\/wp\/v2\/media?parent=5869"}],"curies":[{"name":"wp","href":"https:\/\/api.w.org\/{rel}","templated":true}]}}