{"id":5868,"date":"2019-07-29T00:00:00","date_gmt":"2019-07-29T00:00:00","guid":{"rendered":"https:\/\/mwc-cmm.org\/mwc-prayer-network-3\/"},"modified":"2025-04-17T20:19:46","modified_gmt":"2025-04-17T20:19:46","slug":"reseau-de-priere-de-la-cmm-2","status":"publish","type":"page","link":"https:\/\/mwc-cmm.org\/fr\/reseau-de-priere-de-la-cmm-2\/","title":{"rendered":"R\u00e9seau de pri\u00e8re de la CMM"},"content":{"rendered":"\n<p><em>\u201cJe recommande en tout premier lieu que l&rsquo;on adresse \u00e0 Dieu des demandes, des pri\u00e8res, des supplications et des remerciements pour tous les hommes\u201d (Timoth\u00e9e 2:1).<\/em><\/p>\n\n\n\n<p>Joignez-vous \u00e0 un r\u00e9seau de fr\u00e8res et de s\u0153urs engag\u00e9s \u00e0 prier pour la famille anabaptiste mondiale.<\/p>\n\n\n\n<p>La Commission Diacres et le service des communications de la CMM continuent cette initiative, lanc\u00e9e dans le cadre des pr\u00e9paratifs du Rassemblement de la CMM PA 2015, afin de r\u00e9unir la famille mondiale dans la pri\u00e8re.<\/p>\n\n\n\n<p>La CMM communique d\u00e9j\u00e0 des sujets de pri\u00e8re sur son site Web et sur sa page Facebook. Le R\u00e9seau de pri\u00e8re est une autre fa\u00e7on \u201a\u00c4\u00ec ax\u00e9e principalement sur la pri\u00e8re \u201a\u00c4\u00ec de soutenir notre famille mondiale. Toute personne qui se joindra au r\u00e9seau recevra des sujets de pri\u00e8re de la famille de foi mondiale directement dans sa bo\u221a\u00c6te de r\u00e9ception.<\/p>\n\n\n\n<p>Le R\u00e9seau de pri\u00e8re enverra par courriel de quatre \u00e0 cinq pri\u00e8res tous les deux mois. Des courriels suppl\u00e9mentaires pourraient aussi \u00eatre envoy\u00e9s lorsqu\u2019un appel urgent \u00e0 la pri\u00e8re se fait entendre.<\/p>\n\n\n\n<p>Les courriels sont disponibles en anglais, en espagnol ou en fran\u00e7ais.<\/p>\n\n\n\n<p>Si vous souhaitez partager un sujet de pri\u00e8re ou une pri\u00e8re avec nous, \u00e9crivez-nous \u00e0&nbsp;<a href=\"mailto:prieres@mwc-cmm.org\">prieres@mwc-cmm.org<\/a>.<\/p>\n\n\n\n<figure class=\"wp-block-image\"><a href=\"https:\/\/mwc-cmm.org\/OPHjuly24\"><img decoding=\"async\" data-src=\"https:\/\/mwc-cmm.org\/wp-content\/uploads\/2024\/10\/oph_july_24_fr_0.jpg\" alt=\"\" width=\"2000\" class=\"smush-dimensions lazyload\" style=\"--smush-image-width: 2000px; --smush-image-aspect-ratio: 2000\/800;\" src=\"data:image\/svg+xml;base64,PHN2ZyB3aWR0aD0iMSIgaGVpZ2h0PSIxIiB4bWxucz0iaHR0cDovL3d3dy53My5vcmcvMjAwMC9zdmciPjwvc3ZnPg==\" \/><\/a><\/figure>\n\n\n\n<p><\/p>\n\n\n\n<p><a href=\"\/node\/117\">Cliquez ici<\/a> pour vous inscrire au <strong>R\u00e9seau de pri\u00e8re<\/strong> de la CMM.<\/p>\n\n\n\n<p><a href=\"https:\/\/mwc-cmm.org\/fr\/prieres\/\">Cliquez ici<\/a> pour acc\u00e9der \u00e0 la page Web des <strong>pri\u00e8res<\/strong>.<\/p>\n\n\n\n<p><a href=\"\/node\/132\">Cliquez ici <\/a>pour en savoir plus sur la <strong>Commission Diacres<\/strong>.<\/p>\n\n\n\n<p><\/p>\n","protected":false},"excerpt":{"rendered":"<p>\u201cJe recommande en tout premier lieu que l&rsquo;on adresse \u00e0 Dieu des demandes, des pri\u00e8res, des supplications et des remerciements pour tous les hommes\u201d (Timoth\u00e9e 2:1). Joignez-vous \u00e0 un r\u00e9seau de fr\u00e8res et de s\u0153urs engag\u00e9s \u00e0 prier pour la famille anabaptiste mondiale. La Commission Diacres et le service des communications de la CMM continuent [&hellip;]<\/p>\n","protected":false},"author":1,"featured_media":0,"parent":0,"menu_order":0,"comment_status":"closed","ping_status":"closed","template":"","meta":{"_acf_changed":false,"footnotes":""},"class_list":["post-5868","page","type-page","status-publish","hentry"],"acf":[],"yoast_head":"<!-- This site is optimized with the Yoast SEO plugin v27.5 - https:\/\/yoast.com\/product\/yoast-seo-wordpress\/ -->\n<title>R\u00e9seau de pri\u00e8re de la CMM - Mennonite World Conference<\/title>\n<meta name=\"robots\" content=\"index, follow, max-snippet:-1, max-image-preview:large, max-video-preview:-1\" \/>\n<link rel=\"canonical\" href=\"https:\/\/mwc-cmm.org\/fr\/prieres\/reseau-de-priere-de-la-cmm-2\/\" \/>\n<meta property=\"og:locale\" content=\"fr_FR\" \/>\n<meta property=\"og:type\" content=\"article\" \/>\n<meta property=\"og:title\" content=\"R\u00e9seau de pri\u00e8re de la CMM - Mennonite World Conference\" \/>\n<meta property=\"og:description\" content=\"\u201cJe recommande en tout premier lieu que l&rsquo;on adresse \u00e0 Dieu des demandes, des pri\u00e8res, des supplications et des remerciements pour tous les hommes\u201d (Timoth\u00e9e 2:1). Joignez-vous \u00e0 un r\u00e9seau de fr\u00e8res et de s\u0153urs engag\u00e9s \u00e0 prier pour la famille anabaptiste mondiale. La Commission Diacres et le service des communications de la CMM continuent [&hellip;]\" \/>\n<meta property=\"og:url\" content=\"https:\/\/mwc-cmm.org\/fr\/prieres\/reseau-de-priere-de-la-cmm-2\/\" \/>\n<meta property=\"og:site_name\" content=\"Mennonite World Conference\" \/>\n<meta property=\"article:publisher\" content=\"https:\/\/www.facebook.com\/MennoniteWorldConference\" \/>\n<meta property=\"article:modified_time\" content=\"2025-04-17T20:19:46+00:00\" \/>\n<meta property=\"og:image\" content=\"https:\/\/mwc-cmm.org\/wp-content\/uploads\/2024\/10\/oph_july_24_fr_0.jpg\" \/>\n<script type=\"application\/ld+json\" class=\"yoast-schema-graph\">{\"@context\":\"https:\\\/\\\/schema.org\",\"@graph\":[{\"@type\":\"WebPage\",\"@id\":\"https:\\\/\\\/mwc-cmm.org\\\/fr\\\/prieres\\\/reseau-de-priere-de-la-cmm-2\\\/\",\"url\":\"https:\\\/\\\/mwc-cmm.org\\\/fr\\\/prieres\\\/reseau-de-priere-de-la-cmm-2\\\/\",\"name\":\"R\u00e9seau de pri\u00e8re de la CMM - Mennonite World Conference\",\"isPartOf\":{\"@id\":\"https:\\\/\\\/mwc-cmm.org\\\/en\\\/#website\"},\"primaryImageOfPage\":{\"@id\":\"https:\\\/\\\/mwc-cmm.org\\\/fr\\\/prieres\\\/reseau-de-priere-de-la-cmm-2\\\/#primaryimage\"},\"image\":{\"@id\":\"https:\\\/\\\/mwc-cmm.org\\\/fr\\\/prieres\\\/reseau-de-priere-de-la-cmm-2\\\/#primaryimage\"},\"thumbnailUrl\":\"https:\\\/\\\/mwc-cmm.org\\\/wp-content\\\/uploads\\\/2024\\\/10\\\/oph_july_24_fr_0.jpg\",\"datePublished\":\"2019-07-29T00:00:00+00:00\",\"dateModified\":\"2025-04-17T20:19:46+00:00\",\"breadcrumb\":{\"@id\":\"https:\\\/\\\/mwc-cmm.org\\\/fr\\\/prieres\\\/reseau-de-priere-de-la-cmm-2\\\/#breadcrumb\"},\"inLanguage\":\"fr-FR\",\"potentialAction\":[{\"@type\":\"ReadAction\",\"target\":[\"https:\\\/\\\/mwc-cmm.org\\\/fr\\\/prieres\\\/reseau-de-priere-de-la-cmm-2\\\/\"]}]},{\"@type\":\"ImageObject\",\"inLanguage\":\"fr-FR\",\"@id\":\"https:\\\/\\\/mwc-cmm.org\\\/fr\\\/prieres\\\/reseau-de-priere-de-la-cmm-2\\\/#primaryimage\",\"url\":\"https:\\\/\\\/mwc-cmm.org\\\/wp-content\\\/uploads\\\/2024\\\/10\\\/oph_july_24_fr_0.jpg\",\"contentUrl\":\"https:\\\/\\\/mwc-cmm.org\\\/wp-content\\\/uploads\\\/2024\\\/10\\\/oph_july_24_fr_0.jpg\"},{\"@type\":\"BreadcrumbList\",\"@id\":\"https:\\\/\\\/mwc-cmm.org\\\/fr\\\/prieres\\\/reseau-de-priere-de-la-cmm-2\\\/#breadcrumb\",\"itemListElement\":[{\"@type\":\"ListItem\",\"position\":1,\"name\":\"Home\",\"item\":\"https:\\\/\\\/mwc-cmm.org\\\/fr\\\/\"},{\"@type\":\"ListItem\",\"position\":2,\"name\":\"Pri\u00e8res\",\"item\":\"https:\\\/\\\/mwc-cmm.org\\\/fr\\\/prieres\\\/\"},{\"@type\":\"ListItem\",\"position\":3,\"name\":\"R\u00e9seau de pri\u00e8re de la CMM\"}]},{\"@type\":\"WebSite\",\"@id\":\"https:\\\/\\\/mwc-cmm.org\\\/en\\\/#website\",\"url\":\"https:\\\/\\\/mwc-cmm.org\\\/en\\\/\",\"name\":\"Mennonite World Conference\",\"description\":\"A communion of Anabaptist-related churches\",\"publisher\":{\"@id\":\"https:\\\/\\\/mwc-cmm.org\\\/en\\\/#organization\"},\"alternateName\":\"MWC\",\"potentialAction\":[{\"@type\":\"SearchAction\",\"target\":{\"@type\":\"EntryPoint\",\"urlTemplate\":\"https:\\\/\\\/mwc-cmm.org\\\/en\\\/?s={search_term_string}\"},\"query-input\":{\"@type\":\"PropertyValueSpecification\",\"valueRequired\":true,\"valueName\":\"search_term_string\"}}],\"inLanguage\":\"fr-FR\"},{\"@type\":\"Organization\",\"@id\":\"https:\\\/\\\/mwc-cmm.org\\\/en\\\/#organization\",\"name\":\"Mennonite World Conference\",\"alternateName\":\"MWC\",\"url\":\"https:\\\/\\\/mwc-cmm.org\\\/en\\\/\",\"logo\":{\"@type\":\"ImageObject\",\"inLanguage\":\"fr-FR\",\"@id\":\"https:\\\/\\\/mwc-cmm.org\\\/en\\\/#\\\/schema\\\/logo\\\/image\\\/\",\"url\":\"https:\\\/\\\/mwc-cmm.org\\\/wp-content\\\/uploads\\\/2026\\\/01\\\/MWC_Sig_Blue_Horiz_webheader1-logo.svg\",\"contentUrl\":\"https:\\\/\\\/mwc-cmm.org\\\/wp-content\\\/uploads\\\/2026\\\/01\\\/MWC_Sig_Blue_Horiz_webheader1-logo.svg\",\"width\":786,\"height\":82,\"caption\":\"Mennonite World Conference\"},\"image\":{\"@id\":\"https:\\\/\\\/mwc-cmm.org\\\/en\\\/#\\\/schema\\\/logo\\\/image\\\/\"},\"sameAs\":[\"https:\\\/\\\/www.facebook.com\\\/MennoniteWorldConference\",\"https:\\\/\\\/www.linkedin.com\\\/company\\\/mennonite-world-conference-mwc\\\/\",\"https:\\\/\\\/www.instagram.com\\\/mwcmm\\\/\",\"https:\\\/\\\/www.youtube.com\\\/user\\\/mwccmm\",\"https:\\\/\\\/bsky.app\\\/profile\\\/mwcmm.bsky.social\"]}]}<\/script>\n<!-- \/ Yoast SEO plugin. -->","yoast_head_json":{"title":"R\u00e9seau de pri\u00e8re de la CMM - Mennonite World Conference","robots":{"index":"index","follow":"follow","max-snippet":"max-snippet:-1","max-image-preview":"max-image-preview:large","max-video-preview":"max-video-preview:-1"},"canonical":"https:\/\/mwc-cmm.org\/fr\/prieres\/reseau-de-priere-de-la-cmm-2\/","og_locale":"fr_FR","og_type":"article","og_title":"R\u00e9seau de pri\u00e8re de la CMM - Mennonite World Conference","og_description":"\u201cJe recommande en tout premier lieu que l&rsquo;on adresse \u00e0 Dieu des demandes, des pri\u00e8res, des supplications et des remerciements pour tous les hommes\u201d (Timoth\u00e9e 2:1). Joignez-vous \u00e0 un r\u00e9seau de fr\u00e8res et de s\u0153urs engag\u00e9s \u00e0 prier pour la famille anabaptiste mondiale. La Commission Diacres et le service des communications de la CMM continuent [&hellip;]","og_url":"https:\/\/mwc-cmm.org\/fr\/prieres\/reseau-de-priere-de-la-cmm-2\/","og_site_name":"Mennonite World Conference","article_publisher":"https:\/\/www.facebook.com\/MennoniteWorldConference","article_modified_time":"2025-04-17T20:19:46+00:00","og_image":[{"url":"https:\/\/mwc-cmm.org\/wp-content\/uploads\/2024\/10\/oph_july_24_fr_0.jpg","type":"","width":"","height":""}],"schema":{"@context":"https:\/\/schema.org","@graph":[{"@type":"WebPage","@id":"https:\/\/mwc-cmm.org\/fr\/prieres\/reseau-de-priere-de-la-cmm-2\/","url":"https:\/\/mwc-cmm.org\/fr\/prieres\/reseau-de-priere-de-la-cmm-2\/","name":"R\u00e9seau de pri\u00e8re de la CMM - Mennonite World Conference","isPartOf":{"@id":"https:\/\/mwc-cmm.org\/en\/#website"},"primaryImageOfPage":{"@id":"https:\/\/mwc-cmm.org\/fr\/prieres\/reseau-de-priere-de-la-cmm-2\/#primaryimage"},"image":{"@id":"https:\/\/mwc-cmm.org\/fr\/prieres\/reseau-de-priere-de-la-cmm-2\/#primaryimage"},"thumbnailUrl":"https:\/\/mwc-cmm.org\/wp-content\/uploads\/2024\/10\/oph_july_24_fr_0.jpg","datePublished":"2019-07-29T00:00:00+00:00","dateModified":"2025-04-17T20:19:46+00:00","breadcrumb":{"@id":"https:\/\/mwc-cmm.org\/fr\/prieres\/reseau-de-priere-de-la-cmm-2\/#breadcrumb"},"inLanguage":"fr-FR","potentialAction":[{"@type":"ReadAction","target":["https:\/\/mwc-cmm.org\/fr\/prieres\/reseau-de-priere-de-la-cmm-2\/"]}]},{"@type":"ImageObject","inLanguage":"fr-FR","@id":"https:\/\/mwc-cmm.org\/fr\/prieres\/reseau-de-priere-de-la-cmm-2\/#primaryimage","url":"https:\/\/mwc-cmm.org\/wp-content\/uploads\/2024\/10\/oph_july_24_fr_0.jpg","contentUrl":"https:\/\/mwc-cmm.org\/wp-content\/uploads\/2024\/10\/oph_july_24_fr_0.jpg"},{"@type":"BreadcrumbList","@id":"https:\/\/mwc-cmm.org\/fr\/prieres\/reseau-de-priere-de-la-cmm-2\/#breadcrumb","itemListElement":[{"@type":"ListItem","position":1,"name":"Home","item":"https:\/\/mwc-cmm.org\/fr\/"},{"@type":"ListItem","position":2,"name":"Pri\u00e8res","item":"https:\/\/mwc-cmm.org\/fr\/prieres\/"},{"@type":"ListItem","position":3,"name":"R\u00e9seau de pri\u00e8re de la CMM"}]},{"@type":"WebSite","@id":"https:\/\/mwc-cmm.org\/en\/#website","url":"https:\/\/mwc-cmm.org\/en\/","name":"Mennonite World Conference","description":"A communion of Anabaptist-related churches","publisher":{"@id":"https:\/\/mwc-cmm.org\/en\/#organization"},"alternateName":"MWC","potentialAction":[{"@type":"SearchAction","target":{"@type":"EntryPoint","urlTemplate":"https:\/\/mwc-cmm.org\/en\/?s={search_term_string}"},"query-input":{"@type":"PropertyValueSpecification","valueRequired":true,"valueName":"search_term_string"}}],"inLanguage":"fr-FR"},{"@type":"Organization","@id":"https:\/\/mwc-cmm.org\/en\/#organization","name":"Mennonite World Conference","alternateName":"MWC","url":"https:\/\/mwc-cmm.org\/en\/","logo":{"@type":"ImageObject","inLanguage":"fr-FR","@id":"https:\/\/mwc-cmm.org\/en\/#\/schema\/logo\/image\/","url":"https:\/\/mwc-cmm.org\/wp-content\/uploads\/2026\/01\/MWC_Sig_Blue_Horiz_webheader1-logo.svg","contentUrl":"https:\/\/mwc-cmm.org\/wp-content\/uploads\/2026\/01\/MWC_Sig_Blue_Horiz_webheader1-logo.svg","width":786,"height":82,"caption":"Mennonite World Conference"},"image":{"@id":"https:\/\/mwc-cmm.org\/en\/#\/schema\/logo\/image\/"},"sameAs":["https:\/\/www.facebook.com\/MennoniteWorldConference","https:\/\/www.linkedin.com\/company\/mennonite-world-conference-mwc\/","https:\/\/www.instagram.com\/mwcmm\/","https:\/\/www.youtube.com\/user\/mwccmm","https:\/\/bsky.app\/profile\/mwcmm.bsky.social"]}]}},"_links":{"self":[{"href":"https:\/\/mwc-cmm.org\/fr\/wp-json\/wp\/v2\/pages\/5868","targetHints":{"allow":["GET"]}}],"collection":[{"href":"https:\/\/mwc-cmm.org\/fr\/wp-json\/wp\/v2\/pages"}],"about":[{"href":"https:\/\/mwc-cmm.org\/fr\/wp-json\/wp\/v2\/types\/page"}],"author":[{"embeddable":true,"href":"https:\/\/mwc-cmm.org\/fr\/wp-json\/wp\/v2\/users\/1"}],"replies":[{"embeddable":true,"href":"https:\/\/mwc-cmm.org\/fr\/wp-json\/wp\/v2\/comments?post=5868"}],"version-history":[{"count":0,"href":"https:\/\/mwc-cmm.org\/fr\/wp-json\/wp\/v2\/pages\/5868\/revisions"}],"wp:attachment":[{"href":"https:\/\/mwc-cmm.org\/fr\/wp-json\/wp\/v2\/media?parent=5868"}],"curies":[{"name":"wp","href":"https:\/\/api.w.org\/{rel}","templated":true}]}}