{"id":5861,"date":"2019-07-29T00:00:00","date_gmt":"2019-07-29T00:00:00","guid":{"rendered":"https:\/\/mwc-cmm.org\/global-church-sharing-fund-3\/"},"modified":"2025-11-22T00:39:01","modified_gmt":"2025-11-22T00:39:01","slug":"fonds-de-partage-de-leglise-mondiale","status":"publish","type":"page","link":"https:\/\/mwc-cmm.org\/fr\/commissions-3\/commission-diacres\/fonds-de-partage-de-leglise-mondiale\/","title":{"rendered":"Fonds de Partage de l\u2019\u00c9glise Mondiale"},"content":{"rendered":"\n<h2 class=\"wp-block-heading\">Le compte Jubil\u00e9 du Fonds de Partage de l\u2019\u00c9glise Mondiale&nbsp;<\/h2>\n\n\n\n<p>Inspir\u00e9e par l\u2019enseignement biblique du \u00abjubil\u00e9\u00bb (dans L\u00e9vitique\u201a 25), la Conf\u00e9rence Mennonite Mondiale a mis en place le Fonds de <strong>Partage de l\u2019\u00c9glise Mondiale<\/strong>. Le but est de mettre en pratique les paroles de l\u2019ap\u00f4tre Paul aux Corinthiens\u201a :<\/p>\n\n\n\n<p>\u00abIl ne s\u2019agit pas de vous mettre dans la g\u00eane en soulageant les autres, mais d\u2019\u00e9tablir l\u2019\u00e9galit\u00e9. En cette occasion, ce que vous avez en trop compensera ce qu\u2019ils ont en moins, pour qu\u2019un jour ce qu\u2019ils auront en trop compense ce que vous aurez en moins\u201a : cela fera l\u2019\u00e9galit\u00e9 comme il est \u00e9crit\u201a : Qui avait beaucoup recueilli n\u2019a eu de trop, qui avait peu recueilli n\u2019a manqu\u00e9 de rien.\u00bb (2\u201a Corinthiens 8\/13-15).<\/p>\n\n\n\n<p>Malheureusement, une disparit\u00e9 \u00e9conomique croissante accompagne notre grande famille anabaptiste-mennonite mondiale.<\/p>\n\n\n\n<p>La croissance num\u00e9rique de notre famille spirituelle mondiale se produit principalement parmi les membres qui sont financi\u00e8rement pauvres. Soixante-treize pour cent de notre richesse mon\u00e9taire reste entre les mains des Nord-Am\u00e9ricains (43%) et des Europ\u00e9ens (30%).<\/p>\n\n\n\n<p>Gr\u00e2ce au compte Jubil\u00e9 du Fonds de Partage de l\u2019\u00c9glise Mondiale, les \u00e9glises membres et membres associ\u00e9s de la CMM en Afrique, en Asie et en Am\u00e9rique latine et Cara\u00efbes peuvent recevoir une subvention allant jusqu\u2019\u00e0 10\u201a 000\u201a USD pour des minist\u00e8res qui font progresser la vie et la mission de leurs \u00e9glises.<\/p>\n\n\n\n<p>Ceux qui re\u00e7oivent cette subvention ont le pouvoir de d\u00e9terminer comment elle fera avancer la mission de Dieu dans leurs propres contextes.<\/p>\n\n\n\n<p>Le personnel de la CMM administre les fonds et surveille leur utilisation, sous la supervision du Comit\u00e9 Ex\u00e9cutif de la CMM, qui en rend compte au Conseil G\u00e9n\u00e9ral de la CMM.<\/p>\n\n\n\n<div class=\"wp-block-buttons is-layout-flex wp-block-buttons-is-layout-flex\">\n<div class=\"wp-block-button\"><a class=\"wp-block-button__link wp-element-button\" href=\"https:\/\/mwc-cmm.org\/fr\/resources\/fonds-partage-eglise-mondiale-formulaires-demande\/\" target=\"_blank\" rel=\"noreferrer noopener\">Description et formulaires<\/a><\/div>\n<\/div>\n\n\n\n<p>Les \u00e9glises de l\u2019h\u00e9misph\u00e8re sud ont jusqu\u2019ici utilis\u00e9 le Fonds de Partage de l\u2019\u00c9glise Mondiale de diverses mani\u00e8res, notamment pour\u201a :<\/p>\n\n\n\n<ul class=\"wp-block-list\">\n<li>la traduction et la publication de documents ;&nbsp;<\/li>\n\n\n\n<li>des bourses pour \u00e9tudiants ;&nbsp;<\/li>\n\n\n\n<li>la mise \u00e0 niveau de syst\u00e8mes informatiques ;&nbsp;<\/li>\n\n\n\n<li>des fournitures d\u2019\u00e9glise ;&nbsp;<\/li>\n\n\n\n<li>l\u2019achat de bicyclettes pour les \u00e9vang\u00e9listes ;&nbsp;<\/li>\n\n\n\n<li>des v\u00e9hicules pour la supervision et l\u2019administration des \u00e9glises ;&nbsp;<\/li>\n\n\n\n<li>la formation en \u00e9vang\u00e9lisation et leadership ;&nbsp;<\/li>\n\n\n\n<li>la construction et la r\u00e9paration de b\u00e2timents d\u2019\u00e9glise ;&nbsp;<\/li>\n\n\n\n<li>la promotion de l\u2019identit\u00e9 et de l\u2019appartenance anabaptistes ;&nbsp;<\/li>\n<\/ul>\n\n\n\n<p>Le fonds a \u00e9galement \u00e9t\u00e9 utilis\u00e9 pour soutenir les \u00e9glises avec des actions de secours en situation de catastrophe naturelle dans leur r\u00e9gion.<\/p>\n\n\n\n<p>De 2019 \u00e0 2021, les \u00e9glises membres ont re\u00e7u des subventions du fonds d\u2019intervention COVID-19, supervis\u00e9 par la CMM en collaboration avec plus d\u2019une douzaine d\u2019agences de mission et d\u2019entraide anabaptistes-mennonites.<\/p>\n\n\n\n<h2 class=\"wp-block-heading\">Partager&nbsp;<\/h2>\n\n\n\n<p>Vous pouvez contribuer au Fonds de Partage de l\u2019\u00c9glise Mondiale en envoyant votre don \u00e0 la CMM. N\u2019oubliez pas d\u2019indiquer que votre don est destin\u00e9 au Fonds de Partage de l\u2019\u00c9glise Mondiale.<\/p>\n\n\n\n<p>Si vous avez des questions, prenez contact avec la CMM \u00e0 l\u2019adresse suivante\u201a : <a href=\"mailto:kitchener@mwc-cmm.org\">kitchener@mwc-cmm.org.<\/a><\/p>\n\n\n\n<div class=\"wp-block-buttons is-layout-flex wp-block-buttons-is-layout-flex\">\n<div class=\"wp-block-button\"><a class=\"wp-block-button__link wp-element-button\" href=\"https:\/\/mwc-cmm.org\/fr\/faire-un-don\/\">faire un don<\/a><\/div>\n<\/div>\n\n\n\n<p>\u00abLe partage cr\u00e9e l\u2019abondance car il n\u2019y a pas d\u2019ali\u00e9nation en jeu. Lorsque je partage vraiment mes dons, je ne perds rien\u201a ; au contraire, je me donne, je donne mes dons \u00e0 une autre personne et, ce faisant, je contribue \u00e0 renforcer les dons de cette personne.\u00bb&nbsp;<a href=\"https:\/\/mwc-cmm.org\/en\/resources\/sharing-gifts-global-family-faith\/\"><em>Dons de chacun au service<\/em><\/a> de tous de Pakisa K. Tshimika et Tim Lind<\/p>\n\n\n\n<p>Le Fonds de Partage de l\u2019\u00c9glise Mondiale est compos\u00e9 de quatre comptes\u201a : G\u00e9n\u00e9ral (r\u00e9serve), Diacres, Jubil\u00e9, Compensation Carbone.<\/p>\n\n\n\n<p>Apprenez-en davantage sur les comptes du Fonds de Partage de l\u2019\u00c9glise Mondiale dans le Dossier de r\u00e9f\u00e9rence de la CMM, document 8.2.3.<\/p>\n\n\n\n<p>La CMM repr\u00e9sente 109 unions d\u2019\u00e9glises avec 1,47 million de membres. Ces s\u0153urs et fr\u00e8res partagent plusieurs dons, renouvelant la vie de l\u2019\u00e9glise mondiale tout en d\u00e9ployant le royaume de Dieu.<\/p>\n\n\n\n<p><iframe title=\"YouTube video player\" data-src=\"https:\/\/www.youtube.com\/embed\/4Ig6574XieI\" width=\"560\" height=\"315\" frameborder=\"0\" allowfullscreen=\"allowfullscreen\" src=\"data:image\/svg+xml;base64,PHN2ZyB3aWR0aD0iMSIgaGVpZ2h0PSIxIiB4bWxucz0iaHR0cDovL3d3dy53My5vcmcvMjAwMC9zdmciPjwvc3ZnPg==\" class=\"lazyload\" data-load-mode=\"1\"><\/iframe><\/p>\n","protected":false},"excerpt":{"rendered":"<p>Le compte Jubil\u00e9 du Fonds de Partage de l\u2019\u00c9glise Mondiale&nbsp; Inspir\u00e9e par l\u2019enseignement biblique du \u00abjubil\u00e9\u00bb (dans L\u00e9vitique\u201a 25), la Conf\u00e9rence Mennonite Mondiale a mis en place le Fonds de Partage de l\u2019\u00c9glise Mondiale. Le but est de mettre en pratique les paroles de l\u2019ap\u00f4tre Paul aux Corinthiens\u201a : \u00abIl ne s\u2019agit pas de vous [&hellip;]<\/p>\n","protected":false},"author":1,"featured_media":0,"parent":11468,"menu_order":0,"comment_status":"closed","ping_status":"closed","template":"","meta":{"_acf_changed":false,"footnotes":""},"class_list":["post-5861","page","type-page","status-publish","hentry"],"acf":[],"yoast_head":"<!-- This site is optimized with the Yoast SEO plugin v27.2 - https:\/\/yoast.com\/product\/yoast-seo-wordpress\/ -->\n<title>Fonds de Partage de l\u2019\u00c9glise Mondiale - Mennonite World Conference<\/title>\n<meta name=\"robots\" content=\"index, follow, max-snippet:-1, max-image-preview:large, max-video-preview:-1\" \/>\n<link rel=\"canonical\" href=\"https:\/\/mwc-cmm.org\/fr\/commissions-3\/commission-diacres\/fonds-de-partage-de-leglise-mondiale\/\" \/>\n<meta property=\"og:locale\" content=\"fr_FR\" \/>\n<meta property=\"og:type\" content=\"article\" \/>\n<meta property=\"og:title\" content=\"Fonds de Partage de l\u2019\u00c9glise Mondiale - Mennonite World Conference\" \/>\n<meta property=\"og:description\" content=\"Le compte Jubil\u00e9 du Fonds de Partage de l\u2019\u00c9glise Mondiale&nbsp; Inspir\u00e9e par l\u2019enseignement biblique du \u00abjubil\u00e9\u00bb (dans L\u00e9vitique\u201a 25), la Conf\u00e9rence Mennonite Mondiale a mis en place le Fonds de Partage de l\u2019\u00c9glise Mondiale. Le but est de mettre en pratique les paroles de l\u2019ap\u00f4tre Paul aux Corinthiens\u201a : \u00abIl ne s\u2019agit pas de vous [&hellip;]\" \/>\n<meta property=\"og:url\" content=\"https:\/\/mwc-cmm.org\/fr\/commissions-3\/commission-diacres\/fonds-de-partage-de-leglise-mondiale\/\" \/>\n<meta property=\"og:site_name\" content=\"Mennonite World Conference\" \/>\n<meta property=\"article:publisher\" content=\"https:\/\/www.facebook.com\/MennoniteWorldConference\" \/>\n<meta property=\"article:modified_time\" content=\"2025-11-22T00:39:01+00:00\" \/>\n<script type=\"application\/ld+json\" class=\"yoast-schema-graph\">{\"@context\":\"https:\/\/schema.org\",\"@graph\":[{\"@type\":\"WebPage\",\"@id\":\"https:\/\/mwc-cmm.org\/fr\/commissions-3\/commission-diacres\/fonds-de-partage-de-leglise-mondiale\/\",\"url\":\"https:\/\/mwc-cmm.org\/fr\/commissions-3\/commission-diacres\/fonds-de-partage-de-leglise-mondiale\/\",\"name\":\"Fonds de Partage de l\u2019\u00c9glise Mondiale - Mennonite World Conference\",\"isPartOf\":{\"@id\":\"https:\/\/mwc-cmm.org\/en\/#website\"},\"datePublished\":\"2019-07-29T00:00:00+00:00\",\"dateModified\":\"2025-11-22T00:39:01+00:00\",\"breadcrumb\":{\"@id\":\"https:\/\/mwc-cmm.org\/fr\/commissions-3\/commission-diacres\/fonds-de-partage-de-leglise-mondiale\/#breadcrumb\"},\"inLanguage\":\"fr-FR\",\"potentialAction\":[{\"@type\":\"ReadAction\",\"target\":[\"https:\/\/mwc-cmm.org\/fr\/commissions-3\/commission-diacres\/fonds-de-partage-de-leglise-mondiale\/\"]}]},{\"@type\":\"BreadcrumbList\",\"@id\":\"https:\/\/mwc-cmm.org\/fr\/commissions-3\/commission-diacres\/fonds-de-partage-de-leglise-mondiale\/#breadcrumb\",\"itemListElement\":[{\"@type\":\"ListItem\",\"position\":1,\"name\":\"Home\",\"item\":\"https:\/\/mwc-cmm.org\/fr\/\"},{\"@type\":\"ListItem\",\"position\":2,\"name\":\"Commissions\",\"item\":\"https:\/\/mwc-cmm.org\/fr\/commissions-3\/\"},{\"@type\":\"ListItem\",\"position\":3,\"name\":\"Commission Diacres\",\"item\":\"https:\/\/mwc-cmm.org\/fr\/commissions-3\/commission-diacres\/\"},{\"@type\":\"ListItem\",\"position\":4,\"name\":\"Fonds de Partage de l\u2019\u00c9glise Mondiale\"}]},{\"@type\":\"WebSite\",\"@id\":\"https:\/\/mwc-cmm.org\/en\/#website\",\"url\":\"https:\/\/mwc-cmm.org\/en\/\",\"name\":\"Mennonite World Conference\",\"description\":\"A communion of Anabaptist-related churches\",\"publisher\":{\"@id\":\"https:\/\/mwc-cmm.org\/en\/#organization\"},\"alternateName\":\"MWC\",\"potentialAction\":[{\"@type\":\"SearchAction\",\"target\":{\"@type\":\"EntryPoint\",\"urlTemplate\":\"https:\/\/mwc-cmm.org\/en\/?s={search_term_string}\"},\"query-input\":{\"@type\":\"PropertyValueSpecification\",\"valueRequired\":true,\"valueName\":\"search_term_string\"}}],\"inLanguage\":\"fr-FR\"},{\"@type\":\"Organization\",\"@id\":\"https:\/\/mwc-cmm.org\/en\/#organization\",\"name\":\"Mennonite World Conference\",\"alternateName\":\"MWC\",\"url\":\"https:\/\/mwc-cmm.org\/en\/\",\"logo\":{\"@type\":\"ImageObject\",\"inLanguage\":\"fr-FR\",\"@id\":\"https:\/\/mwc-cmm.org\/en\/#\/schema\/logo\/image\/\",\"url\":\"https:\/\/mwc-cmm.org\/wp-content\/uploads\/2026\/01\/MWC_Sig_Blue_Horiz_webheader1-logo.svg\",\"contentUrl\":\"https:\/\/mwc-cmm.org\/wp-content\/uploads\/2026\/01\/MWC_Sig_Blue_Horiz_webheader1-logo.svg\",\"width\":786,\"height\":82,\"caption\":\"Mennonite World Conference\"},\"image\":{\"@id\":\"https:\/\/mwc-cmm.org\/en\/#\/schema\/logo\/image\/\"},\"sameAs\":[\"https:\/\/www.facebook.com\/MennoniteWorldConference\",\"https:\/\/www.linkedin.com\/company\/mennonite-world-conference-mwc\/\",\"https:\/\/www.instagram.com\/mwcmm\/\",\"https:\/\/www.youtube.com\/user\/mwccmm\",\"https:\/\/bsky.app\/profile\/mwcmm.bsky.social\"]}]}<\/script>\n<!-- \/ Yoast SEO plugin. -->","yoast_head_json":{"title":"Fonds de Partage de l\u2019\u00c9glise Mondiale - Mennonite World Conference","robots":{"index":"index","follow":"follow","max-snippet":"max-snippet:-1","max-image-preview":"max-image-preview:large","max-video-preview":"max-video-preview:-1"},"canonical":"https:\/\/mwc-cmm.org\/fr\/commissions-3\/commission-diacres\/fonds-de-partage-de-leglise-mondiale\/","og_locale":"fr_FR","og_type":"article","og_title":"Fonds de Partage de l\u2019\u00c9glise Mondiale - Mennonite World Conference","og_description":"Le compte Jubil\u00e9 du Fonds de Partage de l\u2019\u00c9glise Mondiale&nbsp; Inspir\u00e9e par l\u2019enseignement biblique du \u00abjubil\u00e9\u00bb (dans L\u00e9vitique\u201a 25), la Conf\u00e9rence Mennonite Mondiale a mis en place le Fonds de Partage de l\u2019\u00c9glise Mondiale. Le but est de mettre en pratique les paroles de l\u2019ap\u00f4tre Paul aux Corinthiens\u201a : \u00abIl ne s\u2019agit pas de vous [&hellip;]","og_url":"https:\/\/mwc-cmm.org\/fr\/commissions-3\/commission-diacres\/fonds-de-partage-de-leglise-mondiale\/","og_site_name":"Mennonite World Conference","article_publisher":"https:\/\/www.facebook.com\/MennoniteWorldConference","article_modified_time":"2025-11-22T00:39:01+00:00","schema":{"@context":"https:\/\/schema.org","@graph":[{"@type":"WebPage","@id":"https:\/\/mwc-cmm.org\/fr\/commissions-3\/commission-diacres\/fonds-de-partage-de-leglise-mondiale\/","url":"https:\/\/mwc-cmm.org\/fr\/commissions-3\/commission-diacres\/fonds-de-partage-de-leglise-mondiale\/","name":"Fonds de Partage de l\u2019\u00c9glise Mondiale - Mennonite World Conference","isPartOf":{"@id":"https:\/\/mwc-cmm.org\/en\/#website"},"datePublished":"2019-07-29T00:00:00+00:00","dateModified":"2025-11-22T00:39:01+00:00","breadcrumb":{"@id":"https:\/\/mwc-cmm.org\/fr\/commissions-3\/commission-diacres\/fonds-de-partage-de-leglise-mondiale\/#breadcrumb"},"inLanguage":"fr-FR","potentialAction":[{"@type":"ReadAction","target":["https:\/\/mwc-cmm.org\/fr\/commissions-3\/commission-diacres\/fonds-de-partage-de-leglise-mondiale\/"]}]},{"@type":"BreadcrumbList","@id":"https:\/\/mwc-cmm.org\/fr\/commissions-3\/commission-diacres\/fonds-de-partage-de-leglise-mondiale\/#breadcrumb","itemListElement":[{"@type":"ListItem","position":1,"name":"Home","item":"https:\/\/mwc-cmm.org\/fr\/"},{"@type":"ListItem","position":2,"name":"Commissions","item":"https:\/\/mwc-cmm.org\/fr\/commissions-3\/"},{"@type":"ListItem","position":3,"name":"Commission Diacres","item":"https:\/\/mwc-cmm.org\/fr\/commissions-3\/commission-diacres\/"},{"@type":"ListItem","position":4,"name":"Fonds de Partage de l\u2019\u00c9glise Mondiale"}]},{"@type":"WebSite","@id":"https:\/\/mwc-cmm.org\/en\/#website","url":"https:\/\/mwc-cmm.org\/en\/","name":"Mennonite World Conference","description":"A communion of Anabaptist-related churches","publisher":{"@id":"https:\/\/mwc-cmm.org\/en\/#organization"},"alternateName":"MWC","potentialAction":[{"@type":"SearchAction","target":{"@type":"EntryPoint","urlTemplate":"https:\/\/mwc-cmm.org\/en\/?s={search_term_string}"},"query-input":{"@type":"PropertyValueSpecification","valueRequired":true,"valueName":"search_term_string"}}],"inLanguage":"fr-FR"},{"@type":"Organization","@id":"https:\/\/mwc-cmm.org\/en\/#organization","name":"Mennonite World Conference","alternateName":"MWC","url":"https:\/\/mwc-cmm.org\/en\/","logo":{"@type":"ImageObject","inLanguage":"fr-FR","@id":"https:\/\/mwc-cmm.org\/en\/#\/schema\/logo\/image\/","url":"https:\/\/mwc-cmm.org\/wp-content\/uploads\/2026\/01\/MWC_Sig_Blue_Horiz_webheader1-logo.svg","contentUrl":"https:\/\/mwc-cmm.org\/wp-content\/uploads\/2026\/01\/MWC_Sig_Blue_Horiz_webheader1-logo.svg","width":786,"height":82,"caption":"Mennonite World Conference"},"image":{"@id":"https:\/\/mwc-cmm.org\/en\/#\/schema\/logo\/image\/"},"sameAs":["https:\/\/www.facebook.com\/MennoniteWorldConference","https:\/\/www.linkedin.com\/company\/mennonite-world-conference-mwc\/","https:\/\/www.instagram.com\/mwcmm\/","https:\/\/www.youtube.com\/user\/mwccmm","https:\/\/bsky.app\/profile\/mwcmm.bsky.social"]}]}},"_links":{"self":[{"href":"https:\/\/mwc-cmm.org\/fr\/wp-json\/wp\/v2\/pages\/5861","targetHints":{"allow":["GET"]}}],"collection":[{"href":"https:\/\/mwc-cmm.org\/fr\/wp-json\/wp\/v2\/pages"}],"about":[{"href":"https:\/\/mwc-cmm.org\/fr\/wp-json\/wp\/v2\/types\/page"}],"author":[{"embeddable":true,"href":"https:\/\/mwc-cmm.org\/fr\/wp-json\/wp\/v2\/users\/1"}],"replies":[{"embeddable":true,"href":"https:\/\/mwc-cmm.org\/fr\/wp-json\/wp\/v2\/comments?post=5861"}],"version-history":[{"count":0,"href":"https:\/\/mwc-cmm.org\/fr\/wp-json\/wp\/v2\/pages\/5861\/revisions"}],"up":[{"embeddable":true,"href":"https:\/\/mwc-cmm.org\/fr\/wp-json\/wp\/v2\/pages\/11468"}],"wp:attachment":[{"href":"https:\/\/mwc-cmm.org\/fr\/wp-json\/wp\/v2\/media?parent=5861"}],"curies":[{"name":"wp","href":"https:\/\/api.w.org\/{rel}","templated":true}]}}