{"id":5857,"date":"2019-07-29T00:00:00","date_gmt":"2019-07-29T00:00:00","guid":{"rendered":"https:\/\/mwc-cmm.org\/global-youth-summit-gys-3\/"},"modified":"2025-05-02T13:27:37","modified_gmt":"2025-05-02T13:27:37","slug":"gys-sommet-mondial-de-la-jeunesse","status":"publish","type":"page","link":"https:\/\/mwc-cmm.org\/fr\/jeunes-anabaptistes-yabs\/gys-sommet-mondial-de-la-jeunesse\/","title":{"rendered":"GYS \u2013 Sommet Mondial de la Jeunesse"},"content":{"rendered":"\n<p>Le Sommet Mondial de la Jeunesse est une p\u00e9riode sp\u00e9ciale pendant laquelle les jeunes anabaptistes du monde entier se r\u00e9unissent.<\/p>\n\n\n\n<p>Faites partie de cet \u00e9v\u00e8nement merveilleux&nbsp;!<\/p>\n\n\n\n<hr class=\"wp-block-separator has-alpha-channel-opacity\"\/>\n\n\n\n<div class=\"wp-block-columns is-layout-flex wp-container-core-columns-is-layout-28f84493 wp-block-columns-is-layout-flex\">\n<div class=\"wp-block-column is-layout-flow wp-block-column-is-layout-flow\">\n<h2 class=\"wp-block-heading\"><a href=\"https:\/\/mwc-cmm.org\/fr\/le-sommet-mondial-de-la-jeunesse-2025\">Le Sommet Mondial de la Jeunesse 2025<\/a><\/h2>\n\n\n\n<p>Le prochain <a href=\"https:\/\/mwc-cmm.org\/fr\/le-sommet-mondial-de-la-jeunesse-2025\">sommet mondial de la jeunesse (GYS)<\/a> (18+) se tiendra en <strong>Allemagne en 2025<\/strong>.<\/p>\n\n\n\n<p>Le th\u00e8me du <a href=\"https:\/\/mwc-cmm.org\/fr\/le-sommet-mondial-de-la-jeunesse-2025\">GYS 2025<\/a> est <strong>Dynamis\u00e9s par l\u2019amour<\/strong> (1 Jean 4:11).<\/p>\n\n\n\n<p>\u00ab&nbsp;Le GYS&nbsp;2025 est un \u00e9v\u00e9nement sp\u00e9cial&nbsp;! Ce sera une occasion parfaite pour les jeunes de plonger dans notre h\u00e9ritage et dans les origines du mouvement anabaptiste, tout en s\u2019amusant et en \u00e9tablissant des liens avec des jeunes du monde entier&nbsp;\u00bb, d\u00e9clare Ebenezer Mondez, mentor des&nbsp;<a href=\"https:\/\/mwc-cmm.org\/fr\/yabs\">YABs (Jeunes&nbsp;Anabaptistes)<\/a>.&nbsp;<\/p>\n\n\n\n<p>Les jeunes adultes qui participeront \u00e0 cet \u00e9v\u00e9nement auront \u00e9galement la possibilit\u00e9 de se joindre \u00e0 l\u2019\u00e9v\u00e9nement de Zurich (29&nbsp;mai 2025) qui c\u00e9l\u00e8brera le<a href=\"https:\/\/mwc-cmm.org\/fr\/500-le-courage-daimer\/\">&nbsp;500e&nbsp;anniversaire de l\u2019anabaptisme.&nbsp;<\/a><\/p>\n\n\n\n<div class=\"wp-block-buttons is-layout-flex wp-block-buttons-is-layout-flex\">\n<div class=\"wp-block-button\"><a class=\"wp-block-button__link wp-element-button\" href=\"https:\/\/mwc-cmm.org\/fr\/stories\/des-jeunes-adultes-dynamises-par-lamour\/\">Des jeunes adultes, Dynamis\u00e9s par l\u2019amour<\/a><\/div>\n<\/div>\n<\/div>\n\n\n\n<div class=\"wp-block-column is-layout-flow wp-block-column-is-layout-flow\">\n<figure class=\"wp-block-image size-large\"><img decoding=\"async\" width=\"724\" height=\"1024\" data-src=\"https:\/\/mwc-cmm.org\/wp-content\/uploads\/2025\/02\/GYS-Poster-FR-rev-724x1024.jpg\" alt=\"\" class=\"wp-image-109639 lazyload\" data-srcset=\"https:\/\/mwc-cmm.org\/wp-content\/uploads\/2025\/02\/GYS-Poster-FR-rev-724x1024.jpg 724w, https:\/\/mwc-cmm.org\/wp-content\/uploads\/2025\/02\/GYS-Poster-FR-rev-212x300.jpg 212w, https:\/\/mwc-cmm.org\/wp-content\/uploads\/2025\/02\/GYS-Poster-FR-rev-768x1086.jpg 768w, https:\/\/mwc-cmm.org\/wp-content\/uploads\/2025\/02\/GYS-Poster-FR-rev-1086x1536.jpg 1086w, https:\/\/mwc-cmm.org\/wp-content\/uploads\/2025\/02\/GYS-Poster-FR-rev-1448x2048.jpg 1448w, https:\/\/mwc-cmm.org\/wp-content\/uploads\/2025\/02\/GYS-Poster-FR-rev-scaled.jpg 1810w\" data-sizes=\"(max-width: 724px) 100vw, 724px\" src=\"data:image\/svg+xml;base64,PHN2ZyB3aWR0aD0iMSIgaGVpZ2h0PSIxIiB4bWxucz0iaHR0cDovL3d3dy53My5vcmcvMjAwMC9zdmciPjwvc3ZnPg==\" style=\"--smush-placeholder-width: 724px; --smush-placeholder-aspect-ratio: 724\/1024;\" \/><\/figure>\n<\/div>\n<\/div>\n\n\n\n<hr class=\"wp-block-separator has-alpha-channel-opacity\"\/>\n\n\n\n<p>Ces jours sont un moment que le Seigneur nous accorde pour que nous nous b\u00e9nissions mutuellement, pour que nous partagions les nouvelles, les exp\u00e9riences et les difficult\u00e9s que nous vivons dans nos pays et continents respectifs; ceci, afin d\u2019enrichir la foi de chacun.<\/p>\n\n\n\n<p>Certains jeunes sont d\u00e9l\u00e9gu\u00e9s au SMJ, ils repr\u00e9sentent leurs \u00e9glises nationales et leurs pays.&nbsp;Ensemble, nous travaillons dur pour d\u00e9couvrir quels sont les meilleurs moyens d\u2019encourager les jeunes anabaptistes dans les ann\u00e9es \u00e0 venir. Apr\u00e8s le SMJ, le r\u00f4le des d\u00e9l\u00e9gu\u00e9s se poursuit puisqu\u2019ils ont la responsabilit\u00e9 de partager ce qu\u2019ils ont appris avec leur \u00e9glise nationale et ses jeunes. Il est tr\u00e8s important de donner de la continuit\u00e9 au travail et aux projets des YABs, qui, pour ce faire, ont besoin du soutien et de l\u2019aide des jeunes de la CMM.<\/p>\n\n\n\n<p>Cet \u00e9v\u00e8nement a lieu quatre jours avant l\u2019Assembl\u00e9e R\u00e9unie de la CMM, ce qui nous permet de nous assembler en une seule famille, un corps, une Eglise.<\/p>\n\n\n\n<figure class=\"wp-block-image\"><a href=\"https:\/\/mwc-cmm.org\/fr\/le-sommet-mondial-de-la-jeunesse-2025\"><img decoding=\"async\" data-src=\"https:\/\/mwc-cmm.org\/wp-content\/uploads\/2024\/10\/20220704tizbrotosudarmop1010112.jpg\" alt=\"Tiz Brotosudarmo\" width=\"1920\" class=\"smush-dimensions lazyload\" style=\"--smush-image-width: 1920px; --smush-image-aspect-ratio: 1920\/1280;\" src=\"data:image\/svg+xml;base64,PHN2ZyB3aWR0aD0iMSIgaGVpZ2h0PSIxIiB4bWxucz0iaHR0cDovL3d3dy53My5vcmcvMjAwMC9zdmciPjwvc3ZnPg==\" \/><\/a><\/figure>\n\n\n\n<p class=\"has-text-align-center\"><\/p>\n\n\n\n<h2 class=\"wp-block-heading\">Pr\u00e9c\u00e9dent GYS<\/h2>\n\n\n\n<h3 class=\"wp-block-heading\">Vivre dans l\u2019Esprit : Apprendre. Servir. Louer.<\/h3>\n\n\n\n<p>Salatiga,&nbsp;Indon\u00e9sie<\/p>\n\n\n\n<div class=\"wp-block-columns is-layout-flex wp-container-core-columns-is-layout-28f84493 wp-block-columns-is-layout-flex\">\n<div class=\"wp-block-column is-layout-flow wp-block-column-is-layout-flow\">\n<div class=\"wp-block-buttons is-layout-flex wp-block-buttons-is-layout-flex\">\n<div class=\"wp-block-button\"><a class=\"wp-block-button__link wp-element-button\" href=\"https:\/\/mwc-cmm.org\/fr\/sommet-mondial-de-la-jeunesse-gys-2022\/\">GYS 2022<\/a><\/div>\n<\/div>\n<\/div>\n\n\n\n<div class=\"wp-block-column is-layout-flow wp-block-column-is-layout-flow\">\n<div class=\"wp-block-buttons is-layout-flex wp-block-buttons-is-layout-flex\">\n<div class=\"wp-block-button\"><a class=\"wp-block-button__link wp-element-button\" href=\"https:\/\/flic.kr\/s\/aHBqjA96yQ\">PHOTOS<\/a><\/div>\n<\/div>\n<\/div>\n\n\n\n<div class=\"wp-block-column is-layout-flow wp-block-column-is-layout-flow\"><\/div>\n<\/div>\n\n\n\n<h3 class=\"wp-block-heading\">Appel\u00e9s \u00e0 partager : mes dons, nos dons&nbsp;<\/h3>\n\n\n\n<p>Pennsylvanie, \u00c9tats-Unis<\/p>\n\n\n\n<div class=\"wp-block-columns is-layout-flex wp-container-core-columns-is-layout-28f84493 wp-block-columns-is-layout-flex\">\n<div class=\"wp-block-column is-layout-flow wp-block-column-is-layout-flow\">\n<div class=\"wp-block-buttons is-layout-flex wp-block-buttons-is-layout-flex\">\n<div class=\"wp-block-button\"><a class=\"wp-block-button__link wp-element-button\" href=\"http:\/\/pa2015.mwc-cmm.org\/gys-sends-a-strong-call-to-impact-the-world-by-sharing-gifts\/ \u2197\">GYS 2015<\/a><\/div>\n<\/div>\n<\/div>\n\n\n\n<div class=\"wp-block-column is-layout-flow wp-block-column-is-layout-flow\">\n<div class=\"wp-block-buttons is-layout-flex wp-block-buttons-is-layout-flex\">\n<div class=\"wp-block-button\"><a class=\"wp-block-button__link wp-element-button\" href=\"http:\/\/pa2015.mwc-cmm.org\/fr\/gys-ends-but-stays-in-memory\/\">PHOTOS<\/a><\/div>\n<\/div>\n<\/div>\n\n\n\n<div class=\"wp-block-column is-layout-flow wp-block-column-is-layout-flow\">\n<div class=\"wp-block-buttons is-layout-flex wp-block-buttons-is-layout-flex\">\n<div class=\"wp-block-button\"><a class=\"wp-block-button__link wp-element-button\" href=\"https:\/\/mwc-cmm.org\/en\/resources\/gys-2015-highlight-video\/\">vid\u00e9o des temps forts<\/a><\/div>\n<\/div>\n<\/div>\n<\/div>\n\n\n\n<p><\/p>\n","protected":false},"excerpt":{"rendered":"<p>Le Sommet Mondial de la Jeunesse est une p\u00e9riode sp\u00e9ciale pendant laquelle les jeunes anabaptistes du monde entier se r\u00e9unissent. Faites partie de cet \u00e9v\u00e8nement merveilleux&nbsp;! Le Sommet Mondial de la Jeunesse 2025 Le prochain sommet mondial de la jeunesse (GYS) (18+) se tiendra en Allemagne en 2025. Le th\u00e8me du GYS 2025 est Dynamis\u00e9s [&hellip;]<\/p>\n","protected":false},"author":1,"featured_media":0,"parent":11467,"menu_order":0,"comment_status":"closed","ping_status":"closed","template":"","meta":{"_acf_changed":false,"footnotes":""},"class_list":["post-5857","page","type-page","status-publish","hentry"],"acf":[],"yoast_head":"<!-- This site is optimized with the Yoast SEO plugin v27.2 - https:\/\/yoast.com\/product\/yoast-seo-wordpress\/ -->\n<title>GYS \u2013 Sommet Mondial de la Jeunesse - Mennonite World Conference<\/title>\n<meta name=\"robots\" content=\"index, follow, max-snippet:-1, max-image-preview:large, max-video-preview:-1\" \/>\n<link rel=\"canonical\" href=\"https:\/\/mwc-cmm.org\/fr\/gys-sommet-mondial-de-la-jeunesse\/\" \/>\n<meta property=\"og:locale\" content=\"fr_FR\" \/>\n<meta property=\"og:type\" content=\"article\" \/>\n<meta property=\"og:title\" content=\"GYS \u2013 Sommet Mondial de la Jeunesse - Mennonite World Conference\" \/>\n<meta property=\"og:description\" content=\"Le Sommet Mondial de la Jeunesse est une p\u00e9riode sp\u00e9ciale pendant laquelle les jeunes anabaptistes du monde entier se r\u00e9unissent. Faites partie de cet \u00e9v\u00e8nement merveilleux&nbsp;! Le Sommet Mondial de la Jeunesse 2025 Le prochain sommet mondial de la jeunesse (GYS) (18+) se tiendra en Allemagne en 2025. Le th\u00e8me du GYS 2025 est Dynamis\u00e9s [&hellip;]\" \/>\n<meta property=\"og:url\" content=\"https:\/\/mwc-cmm.org\/fr\/gys-sommet-mondial-de-la-jeunesse\/\" \/>\n<meta property=\"og:site_name\" content=\"Mennonite World Conference\" \/>\n<meta property=\"article:publisher\" content=\"https:\/\/www.facebook.com\/MennoniteWorldConference\" \/>\n<meta property=\"article:modified_time\" content=\"2025-05-02T13:27:37+00:00\" \/>\n<meta property=\"og:image\" content=\"https:\/\/mwc-cmm.org\/wp-content\/uploads\/2025\/02\/GYS-Poster-FR-rev-scaled.jpg\" \/>\n\t<meta property=\"og:image:width\" content=\"1810\" \/>\n\t<meta property=\"og:image:height\" content=\"2560\" \/>\n\t<meta property=\"og:image:type\" content=\"image\/jpeg\" \/>\n<script type=\"application\/ld+json\" class=\"yoast-schema-graph\">{\"@context\":\"https:\/\/schema.org\",\"@graph\":[{\"@type\":\"WebPage\",\"@id\":\"https:\/\/mwc-cmm.org\/fr\/gys-sommet-mondial-de-la-jeunesse\/\",\"url\":\"https:\/\/mwc-cmm.org\/fr\/gys-sommet-mondial-de-la-jeunesse\/\",\"name\":\"GYS \u2013 Sommet Mondial de la Jeunesse - Mennonite World Conference\",\"isPartOf\":{\"@id\":\"https:\/\/mwc-cmm.org\/en\/#website\"},\"primaryImageOfPage\":{\"@id\":\"https:\/\/mwc-cmm.org\/fr\/gys-sommet-mondial-de-la-jeunesse\/#primaryimage\"},\"image\":{\"@id\":\"https:\/\/mwc-cmm.org\/fr\/gys-sommet-mondial-de-la-jeunesse\/#primaryimage\"},\"thumbnailUrl\":\"https:\/\/mwc-cmm.org\/wp-content\/uploads\/2025\/02\/GYS-Poster-FR-rev-724x1024.jpg\",\"datePublished\":\"2019-07-29T00:00:00+00:00\",\"dateModified\":\"2025-05-02T13:27:37+00:00\",\"breadcrumb\":{\"@id\":\"https:\/\/mwc-cmm.org\/fr\/gys-sommet-mondial-de-la-jeunesse\/#breadcrumb\"},\"inLanguage\":\"fr-FR\",\"potentialAction\":[{\"@type\":\"ReadAction\",\"target\":[\"https:\/\/mwc-cmm.org\/fr\/gys-sommet-mondial-de-la-jeunesse\/\"]}]},{\"@type\":\"ImageObject\",\"inLanguage\":\"fr-FR\",\"@id\":\"https:\/\/mwc-cmm.org\/fr\/gys-sommet-mondial-de-la-jeunesse\/#primaryimage\",\"url\":\"https:\/\/mwc-cmm.org\/wp-content\/uploads\/2025\/02\/GYS-Poster-FR-rev-724x1024.jpg\",\"contentUrl\":\"https:\/\/mwc-cmm.org\/wp-content\/uploads\/2025\/02\/GYS-Poster-FR-rev-724x1024.jpg\"},{\"@type\":\"BreadcrumbList\",\"@id\":\"https:\/\/mwc-cmm.org\/fr\/gys-sommet-mondial-de-la-jeunesse\/#breadcrumb\",\"itemListElement\":[{\"@type\":\"ListItem\",\"position\":1,\"name\":\"Home\",\"item\":\"https:\/\/mwc-cmm.org\/fr\/\"},{\"@type\":\"ListItem\",\"position\":2,\"name\":\"GYS \u2013 Sommet Mondial de la Jeunesse\"}]},{\"@type\":\"WebSite\",\"@id\":\"https:\/\/mwc-cmm.org\/en\/#website\",\"url\":\"https:\/\/mwc-cmm.org\/en\/\",\"name\":\"Mennonite World Conference\",\"description\":\"A communion of Anabaptist-related churches\",\"publisher\":{\"@id\":\"https:\/\/mwc-cmm.org\/en\/#organization\"},\"alternateName\":\"MWC\",\"potentialAction\":[{\"@type\":\"SearchAction\",\"target\":{\"@type\":\"EntryPoint\",\"urlTemplate\":\"https:\/\/mwc-cmm.org\/en\/?s={search_term_string}\"},\"query-input\":{\"@type\":\"PropertyValueSpecification\",\"valueRequired\":true,\"valueName\":\"search_term_string\"}}],\"inLanguage\":\"fr-FR\"},{\"@type\":\"Organization\",\"@id\":\"https:\/\/mwc-cmm.org\/en\/#organization\",\"name\":\"Mennonite World Conference\",\"alternateName\":\"MWC\",\"url\":\"https:\/\/mwc-cmm.org\/en\/\",\"logo\":{\"@type\":\"ImageObject\",\"inLanguage\":\"fr-FR\",\"@id\":\"https:\/\/mwc-cmm.org\/en\/#\/schema\/logo\/image\/\",\"url\":\"https:\/\/mwc-cmm.org\/wp-content\/uploads\/2026\/01\/MWC_Sig_Blue_Horiz_webheader1-logo.svg\",\"contentUrl\":\"https:\/\/mwc-cmm.org\/wp-content\/uploads\/2026\/01\/MWC_Sig_Blue_Horiz_webheader1-logo.svg\",\"width\":786,\"height\":82,\"caption\":\"Mennonite World Conference\"},\"image\":{\"@id\":\"https:\/\/mwc-cmm.org\/en\/#\/schema\/logo\/image\/\"},\"sameAs\":[\"https:\/\/www.facebook.com\/MennoniteWorldConference\",\"https:\/\/www.linkedin.com\/company\/mennonite-world-conference-mwc\/\",\"https:\/\/www.instagram.com\/mwcmm\/\",\"https:\/\/www.youtube.com\/user\/mwccmm\",\"https:\/\/bsky.app\/profile\/mwcmm.bsky.social\"]}]}<\/script>\n<!-- \/ Yoast SEO plugin. -->","yoast_head_json":{"title":"GYS \u2013 Sommet Mondial de la Jeunesse - Mennonite World Conference","robots":{"index":"index","follow":"follow","max-snippet":"max-snippet:-1","max-image-preview":"max-image-preview:large","max-video-preview":"max-video-preview:-1"},"canonical":"https:\/\/mwc-cmm.org\/fr\/gys-sommet-mondial-de-la-jeunesse\/","og_locale":"fr_FR","og_type":"article","og_title":"GYS \u2013 Sommet Mondial de la Jeunesse - Mennonite World Conference","og_description":"Le Sommet Mondial de la Jeunesse est une p\u00e9riode sp\u00e9ciale pendant laquelle les jeunes anabaptistes du monde entier se r\u00e9unissent. Faites partie de cet \u00e9v\u00e8nement merveilleux&nbsp;! Le Sommet Mondial de la Jeunesse 2025 Le prochain sommet mondial de la jeunesse (GYS) (18+) se tiendra en Allemagne en 2025. Le th\u00e8me du GYS 2025 est Dynamis\u00e9s [&hellip;]","og_url":"https:\/\/mwc-cmm.org\/fr\/gys-sommet-mondial-de-la-jeunesse\/","og_site_name":"Mennonite World Conference","article_publisher":"https:\/\/www.facebook.com\/MennoniteWorldConference","article_modified_time":"2025-05-02T13:27:37+00:00","og_image":[{"width":1810,"height":2560,"url":"https:\/\/mwc-cmm.org\/wp-content\/uploads\/2025\/02\/GYS-Poster-FR-rev-scaled.jpg","type":"image\/jpeg"}],"schema":{"@context":"https:\/\/schema.org","@graph":[{"@type":"WebPage","@id":"https:\/\/mwc-cmm.org\/fr\/gys-sommet-mondial-de-la-jeunesse\/","url":"https:\/\/mwc-cmm.org\/fr\/gys-sommet-mondial-de-la-jeunesse\/","name":"GYS \u2013 Sommet Mondial de la Jeunesse - Mennonite World Conference","isPartOf":{"@id":"https:\/\/mwc-cmm.org\/en\/#website"},"primaryImageOfPage":{"@id":"https:\/\/mwc-cmm.org\/fr\/gys-sommet-mondial-de-la-jeunesse\/#primaryimage"},"image":{"@id":"https:\/\/mwc-cmm.org\/fr\/gys-sommet-mondial-de-la-jeunesse\/#primaryimage"},"thumbnailUrl":"https:\/\/mwc-cmm.org\/wp-content\/uploads\/2025\/02\/GYS-Poster-FR-rev-724x1024.jpg","datePublished":"2019-07-29T00:00:00+00:00","dateModified":"2025-05-02T13:27:37+00:00","breadcrumb":{"@id":"https:\/\/mwc-cmm.org\/fr\/gys-sommet-mondial-de-la-jeunesse\/#breadcrumb"},"inLanguage":"fr-FR","potentialAction":[{"@type":"ReadAction","target":["https:\/\/mwc-cmm.org\/fr\/gys-sommet-mondial-de-la-jeunesse\/"]}]},{"@type":"ImageObject","inLanguage":"fr-FR","@id":"https:\/\/mwc-cmm.org\/fr\/gys-sommet-mondial-de-la-jeunesse\/#primaryimage","url":"https:\/\/mwc-cmm.org\/wp-content\/uploads\/2025\/02\/GYS-Poster-FR-rev-724x1024.jpg","contentUrl":"https:\/\/mwc-cmm.org\/wp-content\/uploads\/2025\/02\/GYS-Poster-FR-rev-724x1024.jpg"},{"@type":"BreadcrumbList","@id":"https:\/\/mwc-cmm.org\/fr\/gys-sommet-mondial-de-la-jeunesse\/#breadcrumb","itemListElement":[{"@type":"ListItem","position":1,"name":"Home","item":"https:\/\/mwc-cmm.org\/fr\/"},{"@type":"ListItem","position":2,"name":"GYS \u2013 Sommet Mondial de la Jeunesse"}]},{"@type":"WebSite","@id":"https:\/\/mwc-cmm.org\/en\/#website","url":"https:\/\/mwc-cmm.org\/en\/","name":"Mennonite World Conference","description":"A communion of Anabaptist-related churches","publisher":{"@id":"https:\/\/mwc-cmm.org\/en\/#organization"},"alternateName":"MWC","potentialAction":[{"@type":"SearchAction","target":{"@type":"EntryPoint","urlTemplate":"https:\/\/mwc-cmm.org\/en\/?s={search_term_string}"},"query-input":{"@type":"PropertyValueSpecification","valueRequired":true,"valueName":"search_term_string"}}],"inLanguage":"fr-FR"},{"@type":"Organization","@id":"https:\/\/mwc-cmm.org\/en\/#organization","name":"Mennonite World Conference","alternateName":"MWC","url":"https:\/\/mwc-cmm.org\/en\/","logo":{"@type":"ImageObject","inLanguage":"fr-FR","@id":"https:\/\/mwc-cmm.org\/en\/#\/schema\/logo\/image\/","url":"https:\/\/mwc-cmm.org\/wp-content\/uploads\/2026\/01\/MWC_Sig_Blue_Horiz_webheader1-logo.svg","contentUrl":"https:\/\/mwc-cmm.org\/wp-content\/uploads\/2026\/01\/MWC_Sig_Blue_Horiz_webheader1-logo.svg","width":786,"height":82,"caption":"Mennonite World Conference"},"image":{"@id":"https:\/\/mwc-cmm.org\/en\/#\/schema\/logo\/image\/"},"sameAs":["https:\/\/www.facebook.com\/MennoniteWorldConference","https:\/\/www.linkedin.com\/company\/mennonite-world-conference-mwc\/","https:\/\/www.instagram.com\/mwcmm\/","https:\/\/www.youtube.com\/user\/mwccmm","https:\/\/bsky.app\/profile\/mwcmm.bsky.social"]}]}},"_links":{"self":[{"href":"https:\/\/mwc-cmm.org\/fr\/wp-json\/wp\/v2\/pages\/5857","targetHints":{"allow":["GET"]}}],"collection":[{"href":"https:\/\/mwc-cmm.org\/fr\/wp-json\/wp\/v2\/pages"}],"about":[{"href":"https:\/\/mwc-cmm.org\/fr\/wp-json\/wp\/v2\/types\/page"}],"author":[{"embeddable":true,"href":"https:\/\/mwc-cmm.org\/fr\/wp-json\/wp\/v2\/users\/1"}],"replies":[{"embeddable":true,"href":"https:\/\/mwc-cmm.org\/fr\/wp-json\/wp\/v2\/comments?post=5857"}],"version-history":[{"count":0,"href":"https:\/\/mwc-cmm.org\/fr\/wp-json\/wp\/v2\/pages\/5857\/revisions"}],"up":[{"embeddable":true,"href":"https:\/\/mwc-cmm.org\/fr\/wp-json\/wp\/v2\/pages\/11467"}],"wp:attachment":[{"href":"https:\/\/mwc-cmm.org\/fr\/wp-json\/wp\/v2\/media?parent=5857"}],"curies":[{"name":"wp","href":"https:\/\/api.w.org\/{rel}","templated":true}]}}