{"id":5856,"date":"2019-07-29T00:00:00","date_gmt":"2019-07-29T00:00:00","guid":{"rendered":"https:\/\/mwc-cmm.org\/what-we-do-6\/"},"modified":"2024-11-15T22:38:36","modified_gmt":"2024-11-15T22:38:36","slug":"ce-que-nous-faisons-2","status":"publish","type":"page","link":"https:\/\/mwc-cmm.org\/fr\/ce-que-nous-faisons-2\/","title":{"rendered":"Ce que nous faisons"},"content":{"rendered":"\n<figure class=\"wp-block-image alignright size-full\"><img decoding=\"async\" width=\"390\" height=\"290\" data-src=\"https:\/\/mwc-cmm.org\/wp-content\/uploads\/2024\/10\/yabsoct162_0.jpg\" alt=\"A band is playing on a stage\" class=\"wp-image-12466 lazyload\" data-srcset=\"https:\/\/mwc-cmm.org\/wp-content\/uploads\/2024\/10\/yabsoct162_0.jpg 390w, https:\/\/mwc-cmm.org\/wp-content\/uploads\/2024\/10\/yabsoct162_0-300x223.jpg 300w\" data-sizes=\"(max-width: 390px) 100vw, 390px\" src=\"data:image\/svg+xml;base64,PHN2ZyB3aWR0aD0iMSIgaGVpZ2h0PSIxIiB4bWxucz0iaHR0cDovL3d3dy53My5vcmcvMjAwMC9zdmciPjwvc3ZnPg==\" style=\"--smush-placeholder-width: 390px; --smush-placeholder-aspect-ratio: 390\/290;\" \/><\/figure>\n\n\n\n<h2 class=\"wp-block-heading\">Quels sont nos projets&nbsp;?<\/h2>\n\n\n\n<p>Nos projets concernent les besoins des&nbsp;jeunes dans les diff\u00e9rents continents que nous repr\u00e9sentons.<\/p>\n\n\n\n<p>Il s\u2019agit de&nbsp;:<\/p>\n\n\n\n<h3 class=\"wp-block-heading\">La Communication&nbsp;et les r\u00e9seaux sociaux&nbsp;:<\/h3>\n\n\n\n<p>Nous souhaitons aider les jeunes gens de notre famille mondiale \u00e0 am\u00e9liorer leur communication. Internet est la mani\u00e8re la plus simple d\u2019\u00eatre connect\u00e9, par ce biais il est possible d\u2019apprendre les uns des autres et de partager nos histoires \u00e0 travers le monde.&nbsp;En ce moment, nous avons une page YABs sur <a href=\"https:\/\/www.facebook.com\/groups\/younganabaptists\/\">Facebook<\/a>, un compte Instagram (<a href=\"instagram.com\/younganabaptists\">@younganabaptists<\/a>) et cet espace sur le site de la CMM.<\/p>\n\n\n\n<h3 class=\"wp-block-heading\">Mat\u00e9riel didactique&nbsp;:<\/h3>\n\n\n\n<p>Nous travaillons \u00e0 la cr\u00e9ation d\u2019un mat\u00e9riel didactique visant \u00e0 renforcer notre&nbsp;identit\u00e9 anabaptiste et qui peut \u00eatre utilis\u00e9 par les jeunes dans leur contexte local, ind\u00e9pendamment de leur pays ou de leur langue. Cliquez ici pour continuer la lecture sur <a href=\"\/fr\/young-anabaptists-yabs\/semaine-de-la-fraternit%C3%A9-des-yabs\">Semaine de la Fraternit\u00e9 des YABs<\/a>.<\/p>\n\n\n\n<h3 class=\"wp-block-heading\"><a href=\"\/fr\/propos-des-jeunes-anabaptistes-yabs\/le-sommet-mondial-de-la-jeunesse-gys\">Le Sommet Mondial de la Jeunesse 18+ (GYS)&nbsp;:<\/a><\/h3>\n\n\n\n<p>Nous pr\u00e9parons le Sommet Mondial de la Jeunesse de la CMM qui a lieu tous les six ans, juste avant l\u2019Assembl\u00e9e R\u00e9unie de la CMM. Nous faisons la promotion de cet \u00e9v\u00e8nement important sur chacun de nos continents.<\/p>\n\n\n\n<h2 class=\"wp-block-heading\">A quelle fr\u00e9quence nous rencontrons-nous&nbsp;?<\/h2>\n\n\n\n<p>Nous nous rencontrons une fois par an, en m\u00eame temps que le Comit\u00e9 Ex\u00e9cutif de la CMM. Lors de ces r\u00e9unions, nous :<\/p>\n\n\n\n<p>parlons du d\u00e9roulement de notre travail pendant l\u2019ann\u00e9e \u00e9coul\u00e9e<\/p>\n\n\n\n<p>discutons des projets des YABs et des meilleurs moyens pour avancer.<\/p>\n\n\n\n<p>pr\u00e9parons et pr\u00e9sentons un rapport au Comit\u00e9 Ex\u00e9cutif de la CMM.<\/p>\n\n\n\n<p>Il est aussi important de mentionner que nous nous r\u00e9unissons avant et pendant chaque Sommet Mondial de la Jeunesse en qualit\u00e9 d\u2019\u00e9quipe organisatrice.<\/p>\n","protected":false},"excerpt":{"rendered":"<p>Quels sont nos projets&nbsp;? Nos projets concernent les besoins des&nbsp;jeunes dans les diff\u00e9rents continents que nous repr\u00e9sentons. Il s\u2019agit de&nbsp;: La Communication&nbsp;et les r\u00e9seaux sociaux&nbsp;: Nous souhaitons aider les jeunes gens de notre famille mondiale \u00e0 am\u00e9liorer leur communication. Internet est la mani\u00e8re la plus simple d\u2019\u00eatre connect\u00e9, par ce biais il est possible d\u2019apprendre [&hellip;]<\/p>\n","protected":false},"author":1,"featured_media":0,"parent":0,"menu_order":0,"comment_status":"closed","ping_status":"closed","template":"","meta":{"_acf_changed":false,"footnotes":""},"class_list":["post-5856","page","type-page","status-publish","hentry"],"acf":[],"yoast_head":"<!-- This site is optimized with the Yoast SEO plugin v27.2 - https:\/\/yoast.com\/product\/yoast-seo-wordpress\/ -->\n<title>Ce que nous faisons - Mennonite World Conference<\/title>\n<meta name=\"robots\" content=\"index, follow, max-snippet:-1, max-image-preview:large, max-video-preview:-1\" \/>\n<link rel=\"canonical\" href=\"https:\/\/mwc-cmm.org\/en\/what-we-do-2\/\" \/>\n<meta property=\"og:locale\" content=\"fr_FR\" \/>\n<meta property=\"og:type\" content=\"article\" \/>\n<meta property=\"og:title\" content=\"Ce que nous faisons - Mennonite World Conference\" \/>\n<meta property=\"og:description\" content=\"Quels sont nos projets&nbsp;? Nos projets concernent les besoins des&nbsp;jeunes dans les diff\u00e9rents continents que nous repr\u00e9sentons. Il s\u2019agit de&nbsp;: La Communication&nbsp;et les r\u00e9seaux sociaux&nbsp;: Nous souhaitons aider les jeunes gens de notre famille mondiale \u00e0 am\u00e9liorer leur communication. Internet est la mani\u00e8re la plus simple d\u2019\u00eatre connect\u00e9, par ce biais il est possible d\u2019apprendre [&hellip;]\" \/>\n<meta property=\"og:url\" content=\"https:\/\/mwc-cmm.org\/en\/what-we-do-2\/\" \/>\n<meta property=\"og:site_name\" content=\"Mennonite World Conference\" \/>\n<meta property=\"article:publisher\" content=\"https:\/\/www.facebook.com\/MennoniteWorldConference\" \/>\n<meta property=\"article:modified_time\" content=\"2024-11-15T22:38:36+00:00\" \/>\n<meta property=\"og:image\" content=\"https:\/\/mwc-cmm.org\/wp-content\/uploads\/2024\/10\/yabsoct162_0.jpg\" \/>\n\t<meta property=\"og:image:width\" content=\"390\" \/>\n\t<meta property=\"og:image:height\" content=\"290\" \/>\n\t<meta property=\"og:image:type\" content=\"image\/jpeg\" \/>\n<script type=\"application\/ld+json\" class=\"yoast-schema-graph\">{\"@context\":\"https:\/\/schema.org\",\"@graph\":[{\"@type\":\"WebPage\",\"@id\":\"https:\/\/mwc-cmm.org\/en\/what-we-do-2\/\",\"url\":\"https:\/\/mwc-cmm.org\/en\/what-we-do-2\/\",\"name\":\"Ce que nous faisons - Mennonite World Conference\",\"isPartOf\":{\"@id\":\"https:\/\/mwc-cmm.org\/en\/#website\"},\"primaryImageOfPage\":{\"@id\":\"https:\/\/mwc-cmm.org\/en\/what-we-do-2\/#primaryimage\"},\"image\":{\"@id\":\"https:\/\/mwc-cmm.org\/en\/what-we-do-2\/#primaryimage\"},\"thumbnailUrl\":\"https:\/\/mwc-cmm.org\/wp-content\/uploads\/2024\/10\/yabsoct162_0.jpg\",\"datePublished\":\"2019-07-29T00:00:00+00:00\",\"dateModified\":\"2024-11-15T22:38:36+00:00\",\"breadcrumb\":{\"@id\":\"https:\/\/mwc-cmm.org\/en\/what-we-do-2\/#breadcrumb\"},\"inLanguage\":\"fr-FR\",\"potentialAction\":[{\"@type\":\"ReadAction\",\"target\":[\"https:\/\/mwc-cmm.org\/en\/what-we-do-2\/\"]}]},{\"@type\":\"ImageObject\",\"inLanguage\":\"fr-FR\",\"@id\":\"https:\/\/mwc-cmm.org\/en\/what-we-do-2\/#primaryimage\",\"url\":\"https:\/\/mwc-cmm.org\/wp-content\/uploads\/2024\/10\/yabsoct162_0.jpg\",\"contentUrl\":\"https:\/\/mwc-cmm.org\/wp-content\/uploads\/2024\/10\/yabsoct162_0.jpg\"},{\"@type\":\"BreadcrumbList\",\"@id\":\"https:\/\/mwc-cmm.org\/en\/what-we-do-2\/#breadcrumb\",\"itemListElement\":[{\"@type\":\"ListItem\",\"position\":1,\"name\":\"Home\",\"item\":\"https:\/\/mwc-cmm.org\/fr\/\"},{\"@type\":\"ListItem\",\"position\":2,\"name\":\"Ce que nous faisons\"}]},{\"@type\":\"WebSite\",\"@id\":\"https:\/\/mwc-cmm.org\/en\/#website\",\"url\":\"https:\/\/mwc-cmm.org\/en\/\",\"name\":\"Mennonite World Conference\",\"description\":\"A communion of Anabaptist-related churches\",\"publisher\":{\"@id\":\"https:\/\/mwc-cmm.org\/en\/#organization\"},\"alternateName\":\"MWC\",\"potentialAction\":[{\"@type\":\"SearchAction\",\"target\":{\"@type\":\"EntryPoint\",\"urlTemplate\":\"https:\/\/mwc-cmm.org\/en\/?s={search_term_string}\"},\"query-input\":{\"@type\":\"PropertyValueSpecification\",\"valueRequired\":true,\"valueName\":\"search_term_string\"}}],\"inLanguage\":\"fr-FR\"},{\"@type\":\"Organization\",\"@id\":\"https:\/\/mwc-cmm.org\/en\/#organization\",\"name\":\"Mennonite World Conference\",\"alternateName\":\"MWC\",\"url\":\"https:\/\/mwc-cmm.org\/en\/\",\"logo\":{\"@type\":\"ImageObject\",\"inLanguage\":\"fr-FR\",\"@id\":\"https:\/\/mwc-cmm.org\/en\/#\/schema\/logo\/image\/\",\"url\":\"https:\/\/mwc-cmm.org\/wp-content\/uploads\/2026\/01\/MWC_Sig_Blue_Horiz_webheader1-logo.svg\",\"contentUrl\":\"https:\/\/mwc-cmm.org\/wp-content\/uploads\/2026\/01\/MWC_Sig_Blue_Horiz_webheader1-logo.svg\",\"width\":786,\"height\":82,\"caption\":\"Mennonite World Conference\"},\"image\":{\"@id\":\"https:\/\/mwc-cmm.org\/en\/#\/schema\/logo\/image\/\"},\"sameAs\":[\"https:\/\/www.facebook.com\/MennoniteWorldConference\",\"https:\/\/www.linkedin.com\/company\/mennonite-world-conference-mwc\/\",\"https:\/\/www.instagram.com\/mwcmm\/\",\"https:\/\/www.youtube.com\/user\/mwccmm\",\"https:\/\/bsky.app\/profile\/mwcmm.bsky.social\"]}]}<\/script>\n<!-- \/ Yoast SEO plugin. -->","yoast_head_json":{"title":"Ce que nous faisons - Mennonite World Conference","robots":{"index":"index","follow":"follow","max-snippet":"max-snippet:-1","max-image-preview":"max-image-preview:large","max-video-preview":"max-video-preview:-1"},"canonical":"https:\/\/mwc-cmm.org\/en\/what-we-do-2\/","og_locale":"fr_FR","og_type":"article","og_title":"Ce que nous faisons - Mennonite World Conference","og_description":"Quels sont nos projets&nbsp;? Nos projets concernent les besoins des&nbsp;jeunes dans les diff\u00e9rents continents que nous repr\u00e9sentons. Il s\u2019agit de&nbsp;: La Communication&nbsp;et les r\u00e9seaux sociaux&nbsp;: Nous souhaitons aider les jeunes gens de notre famille mondiale \u00e0 am\u00e9liorer leur communication. Internet est la mani\u00e8re la plus simple d\u2019\u00eatre connect\u00e9, par ce biais il est possible d\u2019apprendre [&hellip;]","og_url":"https:\/\/mwc-cmm.org\/en\/what-we-do-2\/","og_site_name":"Mennonite World Conference","article_publisher":"https:\/\/www.facebook.com\/MennoniteWorldConference","article_modified_time":"2024-11-15T22:38:36+00:00","og_image":[{"width":390,"height":290,"url":"https:\/\/mwc-cmm.org\/wp-content\/uploads\/2024\/10\/yabsoct162_0.jpg","type":"image\/jpeg"}],"schema":{"@context":"https:\/\/schema.org","@graph":[{"@type":"WebPage","@id":"https:\/\/mwc-cmm.org\/en\/what-we-do-2\/","url":"https:\/\/mwc-cmm.org\/en\/what-we-do-2\/","name":"Ce que nous faisons - Mennonite World Conference","isPartOf":{"@id":"https:\/\/mwc-cmm.org\/en\/#website"},"primaryImageOfPage":{"@id":"https:\/\/mwc-cmm.org\/en\/what-we-do-2\/#primaryimage"},"image":{"@id":"https:\/\/mwc-cmm.org\/en\/what-we-do-2\/#primaryimage"},"thumbnailUrl":"https:\/\/mwc-cmm.org\/wp-content\/uploads\/2024\/10\/yabsoct162_0.jpg","datePublished":"2019-07-29T00:00:00+00:00","dateModified":"2024-11-15T22:38:36+00:00","breadcrumb":{"@id":"https:\/\/mwc-cmm.org\/en\/what-we-do-2\/#breadcrumb"},"inLanguage":"fr-FR","potentialAction":[{"@type":"ReadAction","target":["https:\/\/mwc-cmm.org\/en\/what-we-do-2\/"]}]},{"@type":"ImageObject","inLanguage":"fr-FR","@id":"https:\/\/mwc-cmm.org\/en\/what-we-do-2\/#primaryimage","url":"https:\/\/mwc-cmm.org\/wp-content\/uploads\/2024\/10\/yabsoct162_0.jpg","contentUrl":"https:\/\/mwc-cmm.org\/wp-content\/uploads\/2024\/10\/yabsoct162_0.jpg"},{"@type":"BreadcrumbList","@id":"https:\/\/mwc-cmm.org\/en\/what-we-do-2\/#breadcrumb","itemListElement":[{"@type":"ListItem","position":1,"name":"Home","item":"https:\/\/mwc-cmm.org\/fr\/"},{"@type":"ListItem","position":2,"name":"Ce que nous faisons"}]},{"@type":"WebSite","@id":"https:\/\/mwc-cmm.org\/en\/#website","url":"https:\/\/mwc-cmm.org\/en\/","name":"Mennonite World Conference","description":"A communion of Anabaptist-related churches","publisher":{"@id":"https:\/\/mwc-cmm.org\/en\/#organization"},"alternateName":"MWC","potentialAction":[{"@type":"SearchAction","target":{"@type":"EntryPoint","urlTemplate":"https:\/\/mwc-cmm.org\/en\/?s={search_term_string}"},"query-input":{"@type":"PropertyValueSpecification","valueRequired":true,"valueName":"search_term_string"}}],"inLanguage":"fr-FR"},{"@type":"Organization","@id":"https:\/\/mwc-cmm.org\/en\/#organization","name":"Mennonite World Conference","alternateName":"MWC","url":"https:\/\/mwc-cmm.org\/en\/","logo":{"@type":"ImageObject","inLanguage":"fr-FR","@id":"https:\/\/mwc-cmm.org\/en\/#\/schema\/logo\/image\/","url":"https:\/\/mwc-cmm.org\/wp-content\/uploads\/2026\/01\/MWC_Sig_Blue_Horiz_webheader1-logo.svg","contentUrl":"https:\/\/mwc-cmm.org\/wp-content\/uploads\/2026\/01\/MWC_Sig_Blue_Horiz_webheader1-logo.svg","width":786,"height":82,"caption":"Mennonite World Conference"},"image":{"@id":"https:\/\/mwc-cmm.org\/en\/#\/schema\/logo\/image\/"},"sameAs":["https:\/\/www.facebook.com\/MennoniteWorldConference","https:\/\/www.linkedin.com\/company\/mennonite-world-conference-mwc\/","https:\/\/www.instagram.com\/mwcmm\/","https:\/\/www.youtube.com\/user\/mwccmm","https:\/\/bsky.app\/profile\/mwcmm.bsky.social"]}]}},"_links":{"self":[{"href":"https:\/\/mwc-cmm.org\/fr\/wp-json\/wp\/v2\/pages\/5856","targetHints":{"allow":["GET"]}}],"collection":[{"href":"https:\/\/mwc-cmm.org\/fr\/wp-json\/wp\/v2\/pages"}],"about":[{"href":"https:\/\/mwc-cmm.org\/fr\/wp-json\/wp\/v2\/types\/page"}],"author":[{"embeddable":true,"href":"https:\/\/mwc-cmm.org\/fr\/wp-json\/wp\/v2\/users\/1"}],"replies":[{"embeddable":true,"href":"https:\/\/mwc-cmm.org\/fr\/wp-json\/wp\/v2\/comments?post=5856"}],"version-history":[{"count":0,"href":"https:\/\/mwc-cmm.org\/fr\/wp-json\/wp\/v2\/pages\/5856\/revisions"}],"wp:attachment":[{"href":"https:\/\/mwc-cmm.org\/fr\/wp-json\/wp\/v2\/media?parent=5856"}],"curies":[{"name":"wp","href":"https:\/\/api.w.org\/{rel}","templated":true}]}}