{"id":5853,"date":"2019-07-29T00:00:00","date_gmt":"2019-07-29T00:00:00","guid":{"rendered":"https:\/\/mwc-cmm.org\/peace-sunday-3\/"},"modified":"2025-08-26T17:20:43","modified_gmt":"2025-08-26T17:20:43","slug":"dimanche-de-la-paix","status":"publish","type":"page","link":"https:\/\/mwc-cmm.org\/fr\/commissions-3\/commission-paix\/dimanche-de-la-paix\/","title":{"rendered":"Dimanche de la Paix"},"content":{"rendered":"\n<figure class=\"wp-block-image size-full\"><img decoding=\"async\" width=\"800\" height=\"450\" data-src=\"https:\/\/mwc-cmm.org\/wp-content\/uploads\/2024\/10\/51766357015_f31fa9e83e_c.jpg\" alt=\"A group of people in a hall, in prayer\" class=\"wp-image-12367 lazyload\" data-srcset=\"https:\/\/mwc-cmm.org\/wp-content\/uploads\/2024\/10\/51766357015_f31fa9e83e_c.jpg 800w, https:\/\/mwc-cmm.org\/wp-content\/uploads\/2024\/10\/51766357015_f31fa9e83e_c-300x169.jpg 300w, https:\/\/mwc-cmm.org\/wp-content\/uploads\/2024\/10\/51766357015_f31fa9e83e_c-768x432.jpg 768w\" data-sizes=\"(max-width: 800px) 100vw, 800px\" src=\"data:image\/svg+xml;base64,PHN2ZyB3aWR0aD0iMSIgaGVpZ2h0PSIxIiB4bWxucz0iaHR0cDovL3d3dy53My5vcmcvMjAwMC9zdmciPjwvc3ZnPg==\" style=\"--smush-placeholder-width: 800px; --smush-placeholder-aspect-ratio: 800\/450;\" \/><\/figure>\n\n\n\n<p>Ces documents pour le culte du Dimanche de la Paix sont fournis par la Commission Paix de la Conf\u00e9rence Mennonite Mondiale. Nous encourageons leur utilisation par toutes les assembl\u00e9es locales de la CMM pour le Dimanche de la Paix (<strong>24 septembre 2023<\/strong>) ou un autre dimanche compatible avec le calendrier de l\u2019assembl\u00e9e. Nous croyons que vous serez tous nourris par la fid\u00e9lit\u00e9 de ces fr\u00e8res et s\u0153urs.<\/p>\n\n\n\n<h3 class=\"wp-block-heading\"><a href=\"https:\/\/mwc-cmm.org\/fr\/ressources\/\">Cliquez ici pour ressources<\/a><\/h3>\n\n\n\n<h2 class=\"wp-block-heading\"><strong>Dimanche de la Paix 202<\/strong>5<\/h2>\n\n\n\n<div class=\"wp-block-buttons is-layout-flex wp-block-buttons-is-layout-flex\">\n<div class=\"wp-block-button\"><a class=\"wp-block-button__link wp-element-button\" href=\"https:\/\/mwc-cmm.org\/fr\/resources\/dimanche-de-la-paix-2025-materiel-pour-le-culte\/\" target=\"_blank\" rel=\"noreferrer noopener\">Mat\u00e9riel pour le culte<\/a><\/div>\n<\/div>\n\n\n\n<div class=\"wp-block-group has-global-padding is-layout-constrained wp-container-core-group-is-layout-ac10b92e wp-block-group-is-layout-constrained\">\n<a data-flickr-embed=\"true\" href=\"https:\/\/www.flickr.com\/photos\/mwcmm\/52392724323\/in\/album-72177720309941314\" title=\"20220918JuanFranciscoNovoaIMG_20220918_104425\"><img decoding=\"async\" data-src=\"https:\/\/live.staticflickr.com\/65535\/52392724323_fcb29656fb_z.jpg\" width=\"640\" height=\"480\" alt=\"20220918JuanFranciscoNovoaIMG_20220918_104425\" src=\"data:image\/svg+xml;base64,PHN2ZyB3aWR0aD0iMSIgaGVpZ2h0PSIxIiB4bWxucz0iaHR0cDovL3d3dy53My5vcmcvMjAwMC9zdmciPjwvc3ZnPg==\" class=\"lazyload\" style=\"--smush-placeholder-width: 640px; --smush-placeholder-aspect-ratio: 640\/480;\" \/><\/a><script async src=\"\/\/embedr.flickr.com\/assets\/client-code.js\" charset=\"utf-8\"><\/script>\n<\/div>\n","protected":false},"excerpt":{"rendered":"<p>Ces documents pour le culte du Dimanche de la Paix sont fournis par la Commission Paix de la Conf\u00e9rence Mennonite Mondiale. Nous encourageons leur utilisation par toutes les assembl\u00e9es locales de la CMM pour le Dimanche de la Paix (24 septembre 2023) ou un autre dimanche compatible avec le calendrier de l\u2019assembl\u00e9e. Nous croyons que [&hellip;]<\/p>\n","protected":false},"author":1,"featured_media":0,"parent":11471,"menu_order":0,"comment_status":"closed","ping_status":"closed","template":"","meta":{"_acf_changed":false,"footnotes":""},"class_list":["post-5853","page","type-page","status-publish","hentry"],"acf":[],"yoast_head":"<!-- This site is optimized with the Yoast SEO plugin v27.2 - https:\/\/yoast.com\/product\/yoast-seo-wordpress\/ -->\n<title>Dimanche de la Paix - Mennonite World Conference<\/title>\n<meta name=\"robots\" content=\"index, follow, max-snippet:-1, max-image-preview:large, max-video-preview:-1\" \/>\n<link rel=\"canonical\" href=\"https:\/\/mwc-cmm.org\/fr\/commissions-3\/commission-paix\/dimanche-de-la-paix\/\" \/>\n<meta property=\"og:locale\" content=\"fr_FR\" \/>\n<meta property=\"og:type\" content=\"article\" \/>\n<meta property=\"og:title\" content=\"Dimanche de la Paix - Mennonite World Conference\" \/>\n<meta property=\"og:description\" content=\"Ces documents pour le culte du Dimanche de la Paix sont fournis par la Commission Paix de la Conf\u00e9rence Mennonite Mondiale. Nous encourageons leur utilisation par toutes les assembl\u00e9es locales de la CMM pour le Dimanche de la Paix (24 septembre 2023) ou un autre dimanche compatible avec le calendrier de l\u2019assembl\u00e9e. Nous croyons que [&hellip;]\" \/>\n<meta property=\"og:url\" content=\"https:\/\/mwc-cmm.org\/fr\/commissions-3\/commission-paix\/dimanche-de-la-paix\/\" \/>\n<meta property=\"og:site_name\" content=\"Mennonite World Conference\" \/>\n<meta property=\"article:publisher\" content=\"https:\/\/www.facebook.com\/MennoniteWorldConference\" \/>\n<meta property=\"article:modified_time\" content=\"2025-08-26T17:20:43+00:00\" \/>\n<meta property=\"og:image\" content=\"https:\/\/mwc-cmm.org\/wp-content\/uploads\/2024\/10\/51766357015_f31fa9e83e_c.jpg\" \/>\n\t<meta property=\"og:image:width\" content=\"800\" \/>\n\t<meta property=\"og:image:height\" content=\"450\" \/>\n\t<meta property=\"og:image:type\" content=\"image\/jpeg\" \/>\n<script type=\"application\/ld+json\" class=\"yoast-schema-graph\">{\"@context\":\"https:\/\/schema.org\",\"@graph\":[{\"@type\":\"WebPage\",\"@id\":\"https:\/\/mwc-cmm.org\/fr\/commissions-3\/commission-paix\/dimanche-de-la-paix\/\",\"url\":\"https:\/\/mwc-cmm.org\/fr\/commissions-3\/commission-paix\/dimanche-de-la-paix\/\",\"name\":\"Dimanche de la Paix - Mennonite World Conference\",\"isPartOf\":{\"@id\":\"https:\/\/mwc-cmm.org\/en\/#website\"},\"primaryImageOfPage\":{\"@id\":\"https:\/\/mwc-cmm.org\/fr\/commissions-3\/commission-paix\/dimanche-de-la-paix\/#primaryimage\"},\"image\":{\"@id\":\"https:\/\/mwc-cmm.org\/fr\/commissions-3\/commission-paix\/dimanche-de-la-paix\/#primaryimage\"},\"thumbnailUrl\":\"https:\/\/mwc-cmm.org\/wp-content\/uploads\/2024\/10\/51766357015_f31fa9e83e_c.jpg\",\"datePublished\":\"2019-07-29T00:00:00+00:00\",\"dateModified\":\"2025-08-26T17:20:43+00:00\",\"breadcrumb\":{\"@id\":\"https:\/\/mwc-cmm.org\/fr\/commissions-3\/commission-paix\/dimanche-de-la-paix\/#breadcrumb\"},\"inLanguage\":\"fr-FR\",\"potentialAction\":[{\"@type\":\"ReadAction\",\"target\":[\"https:\/\/mwc-cmm.org\/fr\/commissions-3\/commission-paix\/dimanche-de-la-paix\/\"]}]},{\"@type\":\"ImageObject\",\"inLanguage\":\"fr-FR\",\"@id\":\"https:\/\/mwc-cmm.org\/fr\/commissions-3\/commission-paix\/dimanche-de-la-paix\/#primaryimage\",\"url\":\"https:\/\/mwc-cmm.org\/wp-content\/uploads\/2024\/10\/51766357015_f31fa9e83e_c.jpg\",\"contentUrl\":\"https:\/\/mwc-cmm.org\/wp-content\/uploads\/2024\/10\/51766357015_f31fa9e83e_c.jpg\"},{\"@type\":\"BreadcrumbList\",\"@id\":\"https:\/\/mwc-cmm.org\/fr\/commissions-3\/commission-paix\/dimanche-de-la-paix\/#breadcrumb\",\"itemListElement\":[{\"@type\":\"ListItem\",\"position\":1,\"name\":\"Home\",\"item\":\"https:\/\/mwc-cmm.org\/fr\/\"},{\"@type\":\"ListItem\",\"position\":2,\"name\":\"Commissions\",\"item\":\"https:\/\/mwc-cmm.org\/fr\/commissions-3\/\"},{\"@type\":\"ListItem\",\"position\":3,\"name\":\"Commission Paix\",\"item\":\"https:\/\/mwc-cmm.org\/fr\/commissions-3\/commission-paix\/\"},{\"@type\":\"ListItem\",\"position\":4,\"name\":\"Dimanche de la Paix\"}]},{\"@type\":\"WebSite\",\"@id\":\"https:\/\/mwc-cmm.org\/en\/#website\",\"url\":\"https:\/\/mwc-cmm.org\/en\/\",\"name\":\"Mennonite World Conference\",\"description\":\"A communion of Anabaptist-related churches\",\"publisher\":{\"@id\":\"https:\/\/mwc-cmm.org\/en\/#organization\"},\"alternateName\":\"MWC\",\"potentialAction\":[{\"@type\":\"SearchAction\",\"target\":{\"@type\":\"EntryPoint\",\"urlTemplate\":\"https:\/\/mwc-cmm.org\/en\/?s={search_term_string}\"},\"query-input\":{\"@type\":\"PropertyValueSpecification\",\"valueRequired\":true,\"valueName\":\"search_term_string\"}}],\"inLanguage\":\"fr-FR\"},{\"@type\":\"Organization\",\"@id\":\"https:\/\/mwc-cmm.org\/en\/#organization\",\"name\":\"Mennonite World Conference\",\"alternateName\":\"MWC\",\"url\":\"https:\/\/mwc-cmm.org\/en\/\",\"logo\":{\"@type\":\"ImageObject\",\"inLanguage\":\"fr-FR\",\"@id\":\"https:\/\/mwc-cmm.org\/en\/#\/schema\/logo\/image\/\",\"url\":\"https:\/\/mwc-cmm.org\/wp-content\/uploads\/2026\/01\/MWC_Sig_Blue_Horiz_webheader1-logo.svg\",\"contentUrl\":\"https:\/\/mwc-cmm.org\/wp-content\/uploads\/2026\/01\/MWC_Sig_Blue_Horiz_webheader1-logo.svg\",\"width\":786,\"height\":82,\"caption\":\"Mennonite World Conference\"},\"image\":{\"@id\":\"https:\/\/mwc-cmm.org\/en\/#\/schema\/logo\/image\/\"},\"sameAs\":[\"https:\/\/www.facebook.com\/MennoniteWorldConference\",\"https:\/\/www.linkedin.com\/company\/mennonite-world-conference-mwc\/\",\"https:\/\/www.instagram.com\/mwcmm\/\",\"https:\/\/www.youtube.com\/user\/mwccmm\",\"https:\/\/bsky.app\/profile\/mwcmm.bsky.social\"]}]}<\/script>\n<!-- \/ Yoast SEO plugin. -->","yoast_head_json":{"title":"Dimanche de la Paix - Mennonite World Conference","robots":{"index":"index","follow":"follow","max-snippet":"max-snippet:-1","max-image-preview":"max-image-preview:large","max-video-preview":"max-video-preview:-1"},"canonical":"https:\/\/mwc-cmm.org\/fr\/commissions-3\/commission-paix\/dimanche-de-la-paix\/","og_locale":"fr_FR","og_type":"article","og_title":"Dimanche de la Paix - Mennonite World Conference","og_description":"Ces documents pour le culte du Dimanche de la Paix sont fournis par la Commission Paix de la Conf\u00e9rence Mennonite Mondiale. Nous encourageons leur utilisation par toutes les assembl\u00e9es locales de la CMM pour le Dimanche de la Paix (24 septembre 2023) ou un autre dimanche compatible avec le calendrier de l\u2019assembl\u00e9e. Nous croyons que [&hellip;]","og_url":"https:\/\/mwc-cmm.org\/fr\/commissions-3\/commission-paix\/dimanche-de-la-paix\/","og_site_name":"Mennonite World Conference","article_publisher":"https:\/\/www.facebook.com\/MennoniteWorldConference","article_modified_time":"2025-08-26T17:20:43+00:00","og_image":[{"width":800,"height":450,"url":"https:\/\/mwc-cmm.org\/wp-content\/uploads\/2024\/10\/51766357015_f31fa9e83e_c.jpg","type":"image\/jpeg"}],"schema":{"@context":"https:\/\/schema.org","@graph":[{"@type":"WebPage","@id":"https:\/\/mwc-cmm.org\/fr\/commissions-3\/commission-paix\/dimanche-de-la-paix\/","url":"https:\/\/mwc-cmm.org\/fr\/commissions-3\/commission-paix\/dimanche-de-la-paix\/","name":"Dimanche de la Paix - Mennonite World Conference","isPartOf":{"@id":"https:\/\/mwc-cmm.org\/en\/#website"},"primaryImageOfPage":{"@id":"https:\/\/mwc-cmm.org\/fr\/commissions-3\/commission-paix\/dimanche-de-la-paix\/#primaryimage"},"image":{"@id":"https:\/\/mwc-cmm.org\/fr\/commissions-3\/commission-paix\/dimanche-de-la-paix\/#primaryimage"},"thumbnailUrl":"https:\/\/mwc-cmm.org\/wp-content\/uploads\/2024\/10\/51766357015_f31fa9e83e_c.jpg","datePublished":"2019-07-29T00:00:00+00:00","dateModified":"2025-08-26T17:20:43+00:00","breadcrumb":{"@id":"https:\/\/mwc-cmm.org\/fr\/commissions-3\/commission-paix\/dimanche-de-la-paix\/#breadcrumb"},"inLanguage":"fr-FR","potentialAction":[{"@type":"ReadAction","target":["https:\/\/mwc-cmm.org\/fr\/commissions-3\/commission-paix\/dimanche-de-la-paix\/"]}]},{"@type":"ImageObject","inLanguage":"fr-FR","@id":"https:\/\/mwc-cmm.org\/fr\/commissions-3\/commission-paix\/dimanche-de-la-paix\/#primaryimage","url":"https:\/\/mwc-cmm.org\/wp-content\/uploads\/2024\/10\/51766357015_f31fa9e83e_c.jpg","contentUrl":"https:\/\/mwc-cmm.org\/wp-content\/uploads\/2024\/10\/51766357015_f31fa9e83e_c.jpg"},{"@type":"BreadcrumbList","@id":"https:\/\/mwc-cmm.org\/fr\/commissions-3\/commission-paix\/dimanche-de-la-paix\/#breadcrumb","itemListElement":[{"@type":"ListItem","position":1,"name":"Home","item":"https:\/\/mwc-cmm.org\/fr\/"},{"@type":"ListItem","position":2,"name":"Commissions","item":"https:\/\/mwc-cmm.org\/fr\/commissions-3\/"},{"@type":"ListItem","position":3,"name":"Commission Paix","item":"https:\/\/mwc-cmm.org\/fr\/commissions-3\/commission-paix\/"},{"@type":"ListItem","position":4,"name":"Dimanche de la Paix"}]},{"@type":"WebSite","@id":"https:\/\/mwc-cmm.org\/en\/#website","url":"https:\/\/mwc-cmm.org\/en\/","name":"Mennonite World Conference","description":"A communion of Anabaptist-related churches","publisher":{"@id":"https:\/\/mwc-cmm.org\/en\/#organization"},"alternateName":"MWC","potentialAction":[{"@type":"SearchAction","target":{"@type":"EntryPoint","urlTemplate":"https:\/\/mwc-cmm.org\/en\/?s={search_term_string}"},"query-input":{"@type":"PropertyValueSpecification","valueRequired":true,"valueName":"search_term_string"}}],"inLanguage":"fr-FR"},{"@type":"Organization","@id":"https:\/\/mwc-cmm.org\/en\/#organization","name":"Mennonite World Conference","alternateName":"MWC","url":"https:\/\/mwc-cmm.org\/en\/","logo":{"@type":"ImageObject","inLanguage":"fr-FR","@id":"https:\/\/mwc-cmm.org\/en\/#\/schema\/logo\/image\/","url":"https:\/\/mwc-cmm.org\/wp-content\/uploads\/2026\/01\/MWC_Sig_Blue_Horiz_webheader1-logo.svg","contentUrl":"https:\/\/mwc-cmm.org\/wp-content\/uploads\/2026\/01\/MWC_Sig_Blue_Horiz_webheader1-logo.svg","width":786,"height":82,"caption":"Mennonite World Conference"},"image":{"@id":"https:\/\/mwc-cmm.org\/en\/#\/schema\/logo\/image\/"},"sameAs":["https:\/\/www.facebook.com\/MennoniteWorldConference","https:\/\/www.linkedin.com\/company\/mennonite-world-conference-mwc\/","https:\/\/www.instagram.com\/mwcmm\/","https:\/\/www.youtube.com\/user\/mwccmm","https:\/\/bsky.app\/profile\/mwcmm.bsky.social"]}]}},"_links":{"self":[{"href":"https:\/\/mwc-cmm.org\/fr\/wp-json\/wp\/v2\/pages\/5853","targetHints":{"allow":["GET"]}}],"collection":[{"href":"https:\/\/mwc-cmm.org\/fr\/wp-json\/wp\/v2\/pages"}],"about":[{"href":"https:\/\/mwc-cmm.org\/fr\/wp-json\/wp\/v2\/types\/page"}],"author":[{"embeddable":true,"href":"https:\/\/mwc-cmm.org\/fr\/wp-json\/wp\/v2\/users\/1"}],"replies":[{"embeddable":true,"href":"https:\/\/mwc-cmm.org\/fr\/wp-json\/wp\/v2\/comments?post=5853"}],"version-history":[{"count":0,"href":"https:\/\/mwc-cmm.org\/fr\/wp-json\/wp\/v2\/pages\/5853\/revisions"}],"up":[{"embeddable":true,"href":"https:\/\/mwc-cmm.org\/fr\/wp-json\/wp\/v2\/pages\/11471"}],"wp:attachment":[{"href":"https:\/\/mwc-cmm.org\/fr\/wp-json\/wp\/v2\/media?parent=5853"}],"curies":[{"name":"wp","href":"https:\/\/api.w.org\/{rel}","templated":true}]}}