{"id":5848,"date":"2019-07-29T00:00:00","date_gmt":"2019-07-29T00:00:00","guid":{"rendered":"https:\/\/mwc-cmm.org\/statements-3\/"},"modified":"2024-11-26T23:14:58","modified_gmt":"2024-11-26T23:14:58","slug":"declarations","status":"publish","type":"page","link":"https:\/\/mwc-cmm.org\/fr\/declarations\/","title":{"rendered":"D\u00e9clarations"},"content":{"rendered":"\n<p>La Conf\u00e9rence Mennonite Mondiale produit trois types de documents approuv\u00e9s par le Conseil G\u00e9n\u00e9ral: des documents de gouvernance, des d\u00e9clarations et et du mat\u00e9riel p\u00e9dagogique. Vous trouverez sur cette page des liens vers les d\u00e9clarations de la CMM.<\/p>\n\n\n\n<ul class=\"wp-block-list\">\n<li><a href=\"node\/3263\">Convictions communes<\/a><\/li>\n\n\n\n<li><a href=\"\/node\/3531\">\u00catre chr\u00e9tien anabaptiste aujourd\u2019hui<\/a><\/li>\n\n\n\n<li><a href=\"\/node\/3232\">D\u00e9claration de solidarit\u00e9 avec les peuples autochtones :&nbsp;de la Conf\u00e9rence Mennonite Mondiale<\/a><\/li>\n\n\n\n<li><a href=\"\/node\/3541\">Le peuple de Dieu dans la mission: une perspective anabaptiste<\/a><\/li>\n\n\n\n<li><a href=\"https:\/\/mwc-cmm.org\/fr\/resources\/declaration-sur-lobjection-de-conscience\">D\u00e9claration sur l\u2019objection de conscience<\/a><\/li>\n<\/ul>\n\n\n\n<p><a href=\"\/node\/37\">Cliquez ici<\/a> pour acc\u00e9der aux mat\u00e9riel p\u00e9dagogique de la CMM.<\/p>\n\n\n\n<p><\/p>\n","protected":false},"excerpt":{"rendered":"<p>La Conf\u00e9rence Mennonite Mondiale produit trois types de documents approuv\u00e9s par le Conseil G\u00e9n\u00e9ral: des documents de gouvernance, des d\u00e9clarations et et du mat\u00e9riel p\u00e9dagogique. Vous trouverez sur cette page des liens vers les d\u00e9clarations de la CMM. Cliquez ici pour acc\u00e9der aux mat\u00e9riel p\u00e9dagogique de la CMM.<\/p>\n","protected":false},"author":1,"featured_media":0,"parent":0,"menu_order":0,"comment_status":"closed","ping_status":"closed","template":"","meta":{"_acf_changed":false,"footnotes":""},"class_list":["post-5848","page","type-page","status-publish","hentry"],"acf":[],"yoast_head":"<!-- This site is optimized with the Yoast SEO plugin v27.2 - https:\/\/yoast.com\/product\/yoast-seo-wordpress\/ -->\n<title>D\u00e9clarations - Mennonite World Conference<\/title>\n<meta name=\"robots\" content=\"index, follow, max-snippet:-1, max-image-preview:large, max-video-preview:-1\" \/>\n<link rel=\"canonical\" href=\"https:\/\/mwc-cmm.org\/en\/statements\/\" \/>\n<meta property=\"og:locale\" content=\"fr_FR\" \/>\n<meta property=\"og:type\" content=\"article\" \/>\n<meta property=\"og:title\" content=\"D\u00e9clarations - Mennonite World Conference\" \/>\n<meta property=\"og:description\" content=\"La Conf\u00e9rence Mennonite Mondiale produit trois types de documents approuv\u00e9s par le Conseil G\u00e9n\u00e9ral: des documents de gouvernance, des d\u00e9clarations et et du mat\u00e9riel p\u00e9dagogique. Vous trouverez sur cette page des liens vers les d\u00e9clarations de la CMM. Cliquez ici pour acc\u00e9der aux mat\u00e9riel p\u00e9dagogique de la CMM.\" \/>\n<meta property=\"og:url\" content=\"https:\/\/mwc-cmm.org\/en\/statements\/\" \/>\n<meta property=\"og:site_name\" content=\"Mennonite World Conference\" \/>\n<meta property=\"article:publisher\" content=\"https:\/\/www.facebook.com\/MennoniteWorldConference\" \/>\n<meta property=\"article:modified_time\" content=\"2024-11-26T23:14:58+00:00\" \/>\n<script type=\"application\/ld+json\" class=\"yoast-schema-graph\">{\"@context\":\"https:\/\/schema.org\",\"@graph\":[{\"@type\":\"WebPage\",\"@id\":\"https:\/\/mwc-cmm.org\/en\/statements\/\",\"url\":\"https:\/\/mwc-cmm.org\/en\/statements\/\",\"name\":\"D\u00e9clarations - Mennonite World Conference\",\"isPartOf\":{\"@id\":\"https:\/\/mwc-cmm.org\/en\/#website\"},\"datePublished\":\"2019-07-29T00:00:00+00:00\",\"dateModified\":\"2024-11-26T23:14:58+00:00\",\"breadcrumb\":{\"@id\":\"https:\/\/mwc-cmm.org\/en\/statements\/#breadcrumb\"},\"inLanguage\":\"fr-FR\",\"potentialAction\":[{\"@type\":\"ReadAction\",\"target\":[\"https:\/\/mwc-cmm.org\/en\/statements\/\"]}]},{\"@type\":\"BreadcrumbList\",\"@id\":\"https:\/\/mwc-cmm.org\/en\/statements\/#breadcrumb\",\"itemListElement\":[{\"@type\":\"ListItem\",\"position\":1,\"name\":\"Home\",\"item\":\"https:\/\/mwc-cmm.org\/fr\/\"},{\"@type\":\"ListItem\",\"position\":2,\"name\":\"D\u00e9clarations\"}]},{\"@type\":\"WebSite\",\"@id\":\"https:\/\/mwc-cmm.org\/en\/#website\",\"url\":\"https:\/\/mwc-cmm.org\/en\/\",\"name\":\"Mennonite World Conference\",\"description\":\"A communion of Anabaptist-related churches\",\"publisher\":{\"@id\":\"https:\/\/mwc-cmm.org\/en\/#organization\"},\"alternateName\":\"MWC\",\"potentialAction\":[{\"@type\":\"SearchAction\",\"target\":{\"@type\":\"EntryPoint\",\"urlTemplate\":\"https:\/\/mwc-cmm.org\/en\/?s={search_term_string}\"},\"query-input\":{\"@type\":\"PropertyValueSpecification\",\"valueRequired\":true,\"valueName\":\"search_term_string\"}}],\"inLanguage\":\"fr-FR\"},{\"@type\":\"Organization\",\"@id\":\"https:\/\/mwc-cmm.org\/en\/#organization\",\"name\":\"Mennonite World Conference\",\"alternateName\":\"MWC\",\"url\":\"https:\/\/mwc-cmm.org\/en\/\",\"logo\":{\"@type\":\"ImageObject\",\"inLanguage\":\"fr-FR\",\"@id\":\"https:\/\/mwc-cmm.org\/en\/#\/schema\/logo\/image\/\",\"url\":\"https:\/\/mwc-cmm.org\/wp-content\/uploads\/2026\/01\/MWC_Sig_Blue_Horiz_webheader1-logo.svg\",\"contentUrl\":\"https:\/\/mwc-cmm.org\/wp-content\/uploads\/2026\/01\/MWC_Sig_Blue_Horiz_webheader1-logo.svg\",\"width\":786,\"height\":82,\"caption\":\"Mennonite World Conference\"},\"image\":{\"@id\":\"https:\/\/mwc-cmm.org\/en\/#\/schema\/logo\/image\/\"},\"sameAs\":[\"https:\/\/www.facebook.com\/MennoniteWorldConference\",\"https:\/\/www.linkedin.com\/company\/mennonite-world-conference-mwc\/\",\"https:\/\/www.instagram.com\/mwcmm\/\",\"https:\/\/www.youtube.com\/user\/mwccmm\",\"https:\/\/bsky.app\/profile\/mwcmm.bsky.social\"]}]}<\/script>\n<!-- \/ Yoast SEO plugin. -->","yoast_head_json":{"title":"D\u00e9clarations - Mennonite World Conference","robots":{"index":"index","follow":"follow","max-snippet":"max-snippet:-1","max-image-preview":"max-image-preview:large","max-video-preview":"max-video-preview:-1"},"canonical":"https:\/\/mwc-cmm.org\/en\/statements\/","og_locale":"fr_FR","og_type":"article","og_title":"D\u00e9clarations - Mennonite World Conference","og_description":"La Conf\u00e9rence Mennonite Mondiale produit trois types de documents approuv\u00e9s par le Conseil G\u00e9n\u00e9ral: des documents de gouvernance, des d\u00e9clarations et et du mat\u00e9riel p\u00e9dagogique. Vous trouverez sur cette page des liens vers les d\u00e9clarations de la CMM. Cliquez ici pour acc\u00e9der aux mat\u00e9riel p\u00e9dagogique de la CMM.","og_url":"https:\/\/mwc-cmm.org\/en\/statements\/","og_site_name":"Mennonite World Conference","article_publisher":"https:\/\/www.facebook.com\/MennoniteWorldConference","article_modified_time":"2024-11-26T23:14:58+00:00","schema":{"@context":"https:\/\/schema.org","@graph":[{"@type":"WebPage","@id":"https:\/\/mwc-cmm.org\/en\/statements\/","url":"https:\/\/mwc-cmm.org\/en\/statements\/","name":"D\u00e9clarations - Mennonite World Conference","isPartOf":{"@id":"https:\/\/mwc-cmm.org\/en\/#website"},"datePublished":"2019-07-29T00:00:00+00:00","dateModified":"2024-11-26T23:14:58+00:00","breadcrumb":{"@id":"https:\/\/mwc-cmm.org\/en\/statements\/#breadcrumb"},"inLanguage":"fr-FR","potentialAction":[{"@type":"ReadAction","target":["https:\/\/mwc-cmm.org\/en\/statements\/"]}]},{"@type":"BreadcrumbList","@id":"https:\/\/mwc-cmm.org\/en\/statements\/#breadcrumb","itemListElement":[{"@type":"ListItem","position":1,"name":"Home","item":"https:\/\/mwc-cmm.org\/fr\/"},{"@type":"ListItem","position":2,"name":"D\u00e9clarations"}]},{"@type":"WebSite","@id":"https:\/\/mwc-cmm.org\/en\/#website","url":"https:\/\/mwc-cmm.org\/en\/","name":"Mennonite World Conference","description":"A communion of Anabaptist-related churches","publisher":{"@id":"https:\/\/mwc-cmm.org\/en\/#organization"},"alternateName":"MWC","potentialAction":[{"@type":"SearchAction","target":{"@type":"EntryPoint","urlTemplate":"https:\/\/mwc-cmm.org\/en\/?s={search_term_string}"},"query-input":{"@type":"PropertyValueSpecification","valueRequired":true,"valueName":"search_term_string"}}],"inLanguage":"fr-FR"},{"@type":"Organization","@id":"https:\/\/mwc-cmm.org\/en\/#organization","name":"Mennonite World Conference","alternateName":"MWC","url":"https:\/\/mwc-cmm.org\/en\/","logo":{"@type":"ImageObject","inLanguage":"fr-FR","@id":"https:\/\/mwc-cmm.org\/en\/#\/schema\/logo\/image\/","url":"https:\/\/mwc-cmm.org\/wp-content\/uploads\/2026\/01\/MWC_Sig_Blue_Horiz_webheader1-logo.svg","contentUrl":"https:\/\/mwc-cmm.org\/wp-content\/uploads\/2026\/01\/MWC_Sig_Blue_Horiz_webheader1-logo.svg","width":786,"height":82,"caption":"Mennonite World Conference"},"image":{"@id":"https:\/\/mwc-cmm.org\/en\/#\/schema\/logo\/image\/"},"sameAs":["https:\/\/www.facebook.com\/MennoniteWorldConference","https:\/\/www.linkedin.com\/company\/mennonite-world-conference-mwc\/","https:\/\/www.instagram.com\/mwcmm\/","https:\/\/www.youtube.com\/user\/mwccmm","https:\/\/bsky.app\/profile\/mwcmm.bsky.social"]}]}},"_links":{"self":[{"href":"https:\/\/mwc-cmm.org\/fr\/wp-json\/wp\/v2\/pages\/5848","targetHints":{"allow":["GET"]}}],"collection":[{"href":"https:\/\/mwc-cmm.org\/fr\/wp-json\/wp\/v2\/pages"}],"about":[{"href":"https:\/\/mwc-cmm.org\/fr\/wp-json\/wp\/v2\/types\/page"}],"author":[{"embeddable":true,"href":"https:\/\/mwc-cmm.org\/fr\/wp-json\/wp\/v2\/users\/1"}],"replies":[{"embeddable":true,"href":"https:\/\/mwc-cmm.org\/fr\/wp-json\/wp\/v2\/comments?post=5848"}],"version-history":[{"count":0,"href":"https:\/\/mwc-cmm.org\/fr\/wp-json\/wp\/v2\/pages\/5848\/revisions"}],"wp:attachment":[{"href":"https:\/\/mwc-cmm.org\/fr\/wp-json\/wp\/v2\/media?parent=5848"}],"curies":[{"name":"wp","href":"https:\/\/api.w.org\/{rel}","templated":true}]}}