{"id":5844,"date":"2019-07-29T00:00:00","date_gmt":"2019-07-29T00:00:00","guid":{"rendered":"https:\/\/mwc-cmm.org\/teaching-resources-3\/"},"modified":"2025-10-03T15:22:35","modified_gmt":"2025-10-03T15:22:35","slug":"materiel-pedagogique","status":"publish","type":"page","link":"https:\/\/mwc-cmm.org\/fr\/materiel-pedagogique\/","title":{"rendered":"Mat\u00e9riel p\u00e9dagogique"},"content":{"rendered":"\n<div class=\"wp-block-columns alignwide is-layout-flex wp-container-core-columns-is-layout-7fc3d43a wp-block-columns-is-layout-flex\">\n<div class=\"wp-block-column is-layout-flow wp-block-column-is-layout-flow\" style=\"flex-basis:66.66%\">\n<p>La Conf\u00e9rence Mennonite Mondiale produit trois types de documents approuv\u00e9s par le Conseil G\u00e9n\u00e9ral :<\/p>\n\n\n\n<ul class=\"wp-block-list\">\n<li>Des documents de gouvernance<\/li>\n\n\n\n<li>Des d\u00e9clarations<\/li>\n\n\n\n<li>Du mat\u00e9riel p\u00e9dagogique.<\/li>\n<\/ul>\n\n\n\n<p>Sur cette page, vous trouverez des liens vers du <strong>mat\u00e9riel p\u00e9dagogique<\/strong> produit par les commissions de la CMM.<\/p>\n\n\n\n<h2 class=\"wp-block-heading\"><strong>Mat\u00e9riel p\u00e9dagogique<\/strong><strong>&nbsp;des commissions :<\/strong><\/h2>\n\n\n\n<div class=\"wp-block-group has-soft-gray-background-color has-background has-global-padding is-layout-constrained wp-block-group-is-layout-constrained\">\n<h3 class=\"wp-block-heading has-text-align-left\">Quatre cavit\u00e9s pour un c\u0153ur<\/h3>\n\n\n\n<p>Par Alfred Neufeld Friesen<\/p>\n\n\n\n<p>La tradition anabaptiste\u2019, ancr\u00e9e dans la R\u00e9forme radicale du XVIe si\u00e8cle, est un movement historique de contextualisation de l\u2019h\u00e9ritage biblique apostolique et proph\u00e9tique, selon l\u2019\u00c9glise primitive. La tradition t\u00e9moigne des moments de renouveau et de contextualisation, une constante dynamique.<\/p>\n\n\n\n<div class=\"wp-block-buttons is-layout-flex wp-block-buttons-is-layout-flex\">\n<div class=\"wp-block-button\"><a class=\"wp-block-button__link has-text-align-left wp-element-button\" href=\"https:\/\/mwc-cmm.org\/fr\/resources\/quatre-cavites-un-coeur\/\">Lire \u00ab Quatre cavit\u00e9s pour un c\u0153ur \u00bb<\/a><\/div>\n<\/div>\n<\/div>\n\n\n\n<div class=\"wp-block-group has-base-background-color has-background has-global-padding is-layout-constrained wp-block-group-is-layout-constrained\">\n<h2 class=\"wp-block-heading\">La \u201cTradition\u201d anabaptiste : Retrouver ses dons tout en \u00e9tant conscient de ses faiblesses<\/h2>\n\n\n\n<p>Par Hanspeter Jecker<\/p>\n\n\n\n<p>Tout au long des \u00c9critures, Dieu rappelle \u00e0 son peuple : \u2018Si vous voulez atteindre la terre promise,souvenez-vous de la route que Dieu vous a fait parcourir jusqu\u2019\u00e0 pr\u00e9sent\u2019 (Dt 8\/1-2).<br>La parabole des talents (Mt 25) invite nos assembl\u00e9es anabaptistes \u00e0 se demander quelles sont les convictions issues de notre histoire que nous devrions conserver pr\u00e9cieusement, et quelles sont celles que nous devrions mettre de c\u00f4t\u00e9. Se pourrait-il que certaines perspectives bibliques importantes ne soient pas encore parvenues au monde simplement parce que nous n\u2019entretenons ni ne savons appr\u00e9cier ces dons ?! Se pourrait-il que la \u2018tradition\u2019 anabaptiste m\u00eame, avec toutes ses faiblesses, porte en elle des tr\u00e9sors qu\u2019il faut red\u00e9couvrir plut\u00f4t qu\u2019enterrer ?<\/p>\n\n\n\n<div class=\"wp-block-buttons is-layout-flex wp-block-buttons-is-layout-flex\">\n<div class=\"wp-block-button\"><a class=\"wp-block-button__link has-text-align-left wp-element-button\" href=\"https:\/\/mwc-cmm.org\/fr\/resources\/la-tradition-anabaptiste-retrouver-ses-dons-tout-en-etant-conscient-de-ses-faiblesses\/\">Lire \u00ab La \u201cTradition\u201d anabaptiste \u00bb<\/a><\/div>\n<\/div>\n<\/div>\n\n\n\n<div class=\"wp-block-group has-soft-gray-background-color has-background has-global-padding is-layout-constrained wp-block-group-is-layout-constrained\">\n<h2 class=\"wp-block-heading\">La koinonia : ce don que nous avons en commun<\/h2>\n\n\n\n<p>Par Thomas R. Yoder Neufeld<\/p>\n\n\n\n<p>Le mot koinonia est devenu \u00e0 juste titre un concept essentiel pour la CMM. Par ses pr\u00e9sentations, ses publications et ses activit\u00e9s, les responsables ont incit\u00e9 la communaut\u00e9 anabaptiste mondiale \u00e0 approfondir ses relations. M\u00eame lorsque le mot koinonia n\u2019est pas<br>utilis\u00e9, une grande partie de notre vocabulaire s\u2019y r\u00e9f\u00e8re : satisfaction des besoins, encouragement mutuel, recevoir et donner, communion fraternelle, interd\u00e9pendance, solidarit\u00e9, consensus, communion, communaut\u00e9, unit\u00e9, \u2018\u00eatre ensemble\u2019.<\/p>\n\n\n\n<div class=\"wp-block-buttons is-layout-flex wp-block-buttons-is-layout-flex\">\n<div class=\"wp-block-button\"><a class=\"wp-block-button__link has-text-align-left wp-element-button\" href=\"https:\/\/mwc-cmm.org\/fr\/resources\/la-koinonia-ce-don-que-nous-avons-en-commun\/\">LIRE \u00ab La koinonia \u00bb<\/a><\/div>\n<\/div>\n<\/div>\n\n\n\n<div class=\"wp-block-group has-base-background-color has-background has-global-padding is-layout-constrained wp-block-group-is-layout-constrained\">\n<h2 class=\"wp-block-heading\">Une th\u00e9ologie anabaptiste du service<\/h2>\n\n\n\n<p>Par Arnold Snyder<\/p>\n\n\n\n<p>Les anabaptistes abordaient les \u00c9critures d&rsquo;une mani\u00e8re que nous qualifierions aujourd&rsquo;hui de \u00ab na\u00efve \u00bb ; pour eux, les \u00c9critures \u00e9taient simplement la parole \u00e9crite de Dieu qui rendait t\u00e9moignage au Dieu vivant. Cependant, ils ne lisaient pas les \u00c9critures \u00e0 la recherche de v\u00e9rit\u00e9s dogmatiques, mais plut\u00f4t dans l&rsquo;espoir r\u00e9el d&rsquo;y trouver la v\u00e9rit\u00e9 et la lumi\u00e8re pour leur p\u00e8lerinage en tant qu&rsquo;enfants de Dieu.<\/p>\n\n\n\n<div class=\"wp-block-buttons is-layout-flex wp-block-buttons-is-layout-flex\">\n<div class=\"wp-block-button\"><a class=\"wp-block-button__link wp-element-button\" href=\"https:\/\/mwc-cmm.org\/fr\/resources\/une-theologie-anabaptiste-du-service\/\">Lire \u00ab Une th\u00e9ologie anabaptiste du service \u00bb<\/a><\/div>\n<\/div>\n<\/div>\n\n\n\n<div class=\"wp-block-group has-soft-gray-background-color has-background has-global-padding is-layout-constrained wp-block-group-is-layout-constrained\">\n<h2 class=\"wp-block-heading\">Identit\u00e9 et \u0153cum\u00e9nicit\u00e9 Une th\u00e9ologie de l\u2019hospitalit\u00e9 inter\u00e9glises et de l\u2019identit\u00e9cdecconfession chr\u00e9tienne<\/h2>\n\n\n\n<p>Par Alfred Neufeld Friesen<\/p>\n\n\n\n<p>Lorsque nous parlons de l\u2019\u00c9glise mondiale du Christ dans le contexte de la Conf\u00e9rence Mennonite<br>Mondiale, la premi\u00e8re lettre de Paul \u00e0 l\u2019\u00e9glise de Corinthe apporte un \u00e9l\u00e9ment de r\u00e9f\u00e9rence utile.<br>Au chapitre 13, qui traite du th\u00e8me de l\u2019amour, Paul reconna\u00eet que toute connaissance humaine \u2013 m\u00eame chr\u00e9tienne, th\u00e9ologique ou confessionnelle, est limit\u00e9e. En faisant de la<br>th\u00e9ologie, nous connaissons seulement \u00ab en partie \u00bb (1 Co 13\/9), nous voyons la v\u00e9rit\u00e9 \u00ab dans un miroir \u00bb (1 Co 13\/12).2 Notre connaissance et notre capacit\u00e9 \u00e0 comprendre sont toujours influenc\u00e9es par notre point de vue. Dans la pr\u00e9sence \u00e9ternelle de Dieu, ce sera diff\u00e9rent<br>(1 Co 13\/12). Mais pour l\u2019instant, nous devons nous contenter de cela. Dans nos trajectoires d\u2019\u00eatres humains, limit\u00e9es par le temps, l\u2019espace et nos cinq sens, notre connaissance est toujours partielle et notre compr\u00e9hension de la V\u00e9rit\u00e9 est fa\u00e7onn\u00e9e par notre contexte et notre point de vue personnel.<\/p>\n\n\n\n<div class=\"wp-block-buttons is-layout-flex wp-block-buttons-is-layout-flex\">\n<div class=\"wp-block-button\"><a class=\"wp-block-button__link has-text-align-left wp-element-button\" href=\"https:\/\/mwc-cmm.org\/fr\/resources\/identite-et-oecumenicite-une-theologie-de-lhospitalite-intereglises-et-de-lidentitecdecconfession-chretienne\/\">Lire \u00abIdentit\u00e9 et \u0153cum\u00e9nicit\u00e9 \u00bb<\/a><\/div>\n<\/div>\n<\/div>\n\n\n\n<div class=\"wp-block-group has-base-background-color has-background has-global-padding is-layout-constrained wp-block-group-is-layout-constrained\">\n<h2 class=\"wp-block-heading\">Rassembl\u00e9s en Un Seul<\/h2>\n\n\n\n<p>par Thomas R. Yoder Neufeld<\/p>\n\n\n\n<p>Le titre g\u00e9n\u00e9ral de mes trois pr\u00e9sentations ou \u00e9tudes bibliques est \u00ab Rassembl\u00e9s en un seul \u00bb. Cette expression fait r\u00e9f\u00e9rence non seulement \u00e0 l&rsquo;unit\u00e9 entre nous, mais aussi \u00e0 \u00ab Celui \u00bb en qui nous trouvons notre unit\u00e9 : J\u00e9sus-Christ, \u00ab notre paix \u00bb (\u00c9ph\u00e9siens 2:14). Dans cette premi\u00e8re pr\u00e9sentation, je me concentrerai sur le Christ en tant qu&rsquo;unit\u00e9 que nous partageons ; dans la deuxi\u00e8me, sur ce qu&rsquo;\u00c9ph\u00e9siens 4:3 appelle \u00ab l&rsquo;unit\u00e9 de l&rsquo;Esprit \u00bb ; enfin, sur la mani\u00e8re dont nous vivons dans et pour cette unit\u00e9, comment nous \u00ab marchons \u00bb ensemble.<\/p>\n\n\n\n<div class=\"wp-block-buttons is-layout-flex wp-block-buttons-is-layout-flex\">\n<div class=\"wp-block-button\"><a class=\"wp-block-button__link has-text-align-left wp-element-button\" href=\"https:\/\/mwc-cmm.org\/wp-content\/uploads\/2024\/11\/tyn_gathering_part_1fr.pdf\">Lire Partie I&nbsp;&nbsp;&nbsp;<strong>&nbsp;\u00ab&nbsp;Toutes choses rassembl\u00e9es en Christ&nbsp;\u00bb<\/strong><\/a><\/div>\n\n\n\n<div class=\"wp-block-button\"><a class=\"wp-block-button__link has-text-align-left wp-element-button\" href=\"https:\/\/mwc-cmm.org\/wp-content\/uploads\/2024\/11\/tyn_gathering_part_2fr.pdf\">LIRE Partie II&nbsp;&nbsp;&nbsp;&nbsp;<strong>\u00ab&nbsp;Unit\u00e9 de l\u2019Esprit \u2014la cr\u00e9ation du corps et du temple&nbsp;\u00bb<\/strong><\/a><\/div>\n\n\n\n<div class=\"wp-block-button\"><a class=\"wp-block-button__link has-text-align-left wp-element-button\" href=\"https:\/\/mwc-cmm.org\/wp-content\/uploads\/2024\/11\/tyn_gathering_part_3fr.pdf\">LIRe Partie III&nbsp;&nbsp;&nbsp;<strong>\u00ab&nbsp;Maintenir l\u2019unit\u00e9 de l\u2019Esprit \u2013 lorsqu\u2019il est difficile de marcher ensemble&nbsp;\u00bb<\/strong><\/a><\/div>\n<\/div>\n<\/div>\n\n\n\n<div class=\"wp-block-group has-soft-gray-background-color has-background has-global-padding is-layout-constrained wp-block-group-is-layout-constrained\">\n<h2 class=\"wp-block-heading\">Car Dieu a tant aim\u00e9 le cosmos<\/h2>\n\n\n\n<p>L\u2019actualit\u00e9 nous rappelle quotidiennement les changements alarmants de notre climat. Comme le montre l\u2019enqu\u00eate du groupe de travail pour la protection de la cr\u00e9ation, nos s\u0153urs et nos fr\u00e8res de la famille mondiale de foi subissent s\u00e9cheresses, inondations, temp\u00eates destructrices, incendies, famines et ravages caus\u00e9s par les guerres. Diverses esp\u00e8ces sont menac\u00e9es, voire en voie d\u2019extinction.<\/p>\n\n\n\n<div class=\"wp-block-buttons is-layout-flex wp-block-buttons-is-layout-flex\">\n<div class=\"wp-block-button\"><a class=\"wp-block-button__link wp-element-button\" href=\"https:\/\/mwc-cmm.org\/fr\/ref36-fr\/\">lire \u00ab Car Dieu a tant aim\u00e9 le cosmos \u00bb<\/a><\/div>\n<\/div>\n<\/div>\n<\/div>\n\n\n\n<div class=\"wp-block-column is-layout-flow wp-block-column-is-layout-flow\" style=\"flex-basis:33.33%\">\n<div class=\"wp-block-buttons is-layout-flex wp-block-buttons-is-layout-flex\">\n<div class=\"wp-block-button\"><a class=\"wp-block-button__link wp-element-button\" href=\"https:\/\/mwc-cmm.org\/fr\/declarations\/\">D\u00e9clarations<\/a><\/div>\n\n\n\n<div class=\"wp-block-button\"><a class=\"wp-block-button__link has-text-align-left wp-element-button\" href=\"https:\/\/mwc-cmm.org\/fr\/ressources\/?_resource_category=reference-document\">All Reference Documents<\/a><\/div>\n\n\n\n<div class=\"wp-block-button\"><a class=\"wp-block-button__link has-text-align-left wp-element-button\">documents de gouvernance<\/a><\/div>\n\n\n\n<div class=\"wp-block-button\"><a class=\"wp-block-button__link wp-element-button\" href=\"https:\/\/mwc-cmm.org\/fr\/ressources\/\">All MWC Resources<\/a><\/div>\n<\/div>\n<\/div>\n<\/div>\n\n\n\n<p><\/p>\n","protected":false},"excerpt":{"rendered":"<p>La Conf\u00e9rence Mennonite Mondiale produit trois types de documents approuv\u00e9s par le Conseil G\u00e9n\u00e9ral : Sur cette page, vous trouverez des liens vers du mat\u00e9riel p\u00e9dagogique produit par les commissions de la CMM. Mat\u00e9riel p\u00e9dagogique&nbsp;des commissions : Quatre cavit\u00e9s pour un c\u0153ur Par Alfred Neufeld Friesen La tradition anabaptiste\u2019, ancr\u00e9e dans la R\u00e9forme radicale du [&hellip;]<\/p>\n","protected":false},"author":1,"featured_media":0,"parent":0,"menu_order":0,"comment_status":"closed","ping_status":"closed","template":"","meta":{"_acf_changed":false,"footnotes":""},"class_list":["post-5844","page","type-page","status-publish","hentry"],"acf":[],"yoast_head":"<!-- This site is optimized with the Yoast SEO plugin v27.2 - https:\/\/yoast.com\/product\/yoast-seo-wordpress\/ -->\n<title>Mat\u00e9riel p\u00e9dagogique - Mennonite World Conference<\/title>\n<meta name=\"robots\" content=\"index, follow, max-snippet:-1, max-image-preview:large, max-video-preview:-1\" \/>\n<link rel=\"canonical\" href=\"https:\/\/mwc-cmm.org\/fr\/materiel-pedagogique\/\" \/>\n<meta property=\"og:locale\" content=\"fr_FR\" \/>\n<meta property=\"og:type\" content=\"article\" \/>\n<meta property=\"og:title\" content=\"Mat\u00e9riel p\u00e9dagogique - Mennonite World Conference\" \/>\n<meta property=\"og:description\" content=\"La Conf\u00e9rence Mennonite Mondiale produit trois types de documents approuv\u00e9s par le Conseil G\u00e9n\u00e9ral : Sur cette page, vous trouverez des liens vers du mat\u00e9riel p\u00e9dagogique produit par les commissions de la CMM. Mat\u00e9riel p\u00e9dagogique&nbsp;des commissions : Quatre cavit\u00e9s pour un c\u0153ur Par Alfred Neufeld Friesen La tradition anabaptiste\u2019, ancr\u00e9e dans la R\u00e9forme radicale du [&hellip;]\" \/>\n<meta property=\"og:url\" content=\"https:\/\/mwc-cmm.org\/fr\/materiel-pedagogique\/\" \/>\n<meta property=\"og:site_name\" content=\"Mennonite World Conference\" \/>\n<meta property=\"article:publisher\" content=\"https:\/\/www.facebook.com\/MennoniteWorldConference\" \/>\n<meta property=\"article:modified_time\" content=\"2025-10-03T15:22:35+00:00\" \/>\n<script type=\"application\/ld+json\" class=\"yoast-schema-graph\">{\"@context\":\"https:\/\/schema.org\",\"@graph\":[{\"@type\":\"WebPage\",\"@id\":\"https:\/\/mwc-cmm.org\/fr\/materiel-pedagogique\/\",\"url\":\"https:\/\/mwc-cmm.org\/fr\/materiel-pedagogique\/\",\"name\":\"Mat\u00e9riel p\u00e9dagogique - Mennonite World Conference\",\"isPartOf\":{\"@id\":\"https:\/\/mwc-cmm.org\/en\/#website\"},\"datePublished\":\"2019-07-29T00:00:00+00:00\",\"dateModified\":\"2025-10-03T15:22:35+00:00\",\"breadcrumb\":{\"@id\":\"https:\/\/mwc-cmm.org\/fr\/materiel-pedagogique\/#breadcrumb\"},\"inLanguage\":\"fr-FR\",\"potentialAction\":[{\"@type\":\"ReadAction\",\"target\":[\"https:\/\/mwc-cmm.org\/fr\/materiel-pedagogique\/\"]}]},{\"@type\":\"BreadcrumbList\",\"@id\":\"https:\/\/mwc-cmm.org\/fr\/materiel-pedagogique\/#breadcrumb\",\"itemListElement\":[{\"@type\":\"ListItem\",\"position\":1,\"name\":\"Home\",\"item\":\"https:\/\/mwc-cmm.org\/fr\/\"},{\"@type\":\"ListItem\",\"position\":2,\"name\":\"Mat\u00e9riel p\u00e9dagogique\"}]},{\"@type\":\"WebSite\",\"@id\":\"https:\/\/mwc-cmm.org\/en\/#website\",\"url\":\"https:\/\/mwc-cmm.org\/en\/\",\"name\":\"Mennonite World Conference\",\"description\":\"A communion of Anabaptist-related churches\",\"publisher\":{\"@id\":\"https:\/\/mwc-cmm.org\/en\/#organization\"},\"alternateName\":\"MWC\",\"potentialAction\":[{\"@type\":\"SearchAction\",\"target\":{\"@type\":\"EntryPoint\",\"urlTemplate\":\"https:\/\/mwc-cmm.org\/en\/?s={search_term_string}\"},\"query-input\":{\"@type\":\"PropertyValueSpecification\",\"valueRequired\":true,\"valueName\":\"search_term_string\"}}],\"inLanguage\":\"fr-FR\"},{\"@type\":\"Organization\",\"@id\":\"https:\/\/mwc-cmm.org\/en\/#organization\",\"name\":\"Mennonite World Conference\",\"alternateName\":\"MWC\",\"url\":\"https:\/\/mwc-cmm.org\/en\/\",\"logo\":{\"@type\":\"ImageObject\",\"inLanguage\":\"fr-FR\",\"@id\":\"https:\/\/mwc-cmm.org\/en\/#\/schema\/logo\/image\/\",\"url\":\"https:\/\/mwc-cmm.org\/wp-content\/uploads\/2026\/01\/MWC_Sig_Blue_Horiz_webheader1-logo.svg\",\"contentUrl\":\"https:\/\/mwc-cmm.org\/wp-content\/uploads\/2026\/01\/MWC_Sig_Blue_Horiz_webheader1-logo.svg\",\"width\":786,\"height\":82,\"caption\":\"Mennonite World Conference\"},\"image\":{\"@id\":\"https:\/\/mwc-cmm.org\/en\/#\/schema\/logo\/image\/\"},\"sameAs\":[\"https:\/\/www.facebook.com\/MennoniteWorldConference\",\"https:\/\/www.linkedin.com\/company\/mennonite-world-conference-mwc\/\",\"https:\/\/www.instagram.com\/mwcmm\/\",\"https:\/\/www.youtube.com\/user\/mwccmm\",\"https:\/\/bsky.app\/profile\/mwcmm.bsky.social\"]}]}<\/script>\n<!-- \/ Yoast SEO plugin. -->","yoast_head_json":{"title":"Mat\u00e9riel p\u00e9dagogique - Mennonite World Conference","robots":{"index":"index","follow":"follow","max-snippet":"max-snippet:-1","max-image-preview":"max-image-preview:large","max-video-preview":"max-video-preview:-1"},"canonical":"https:\/\/mwc-cmm.org\/fr\/materiel-pedagogique\/","og_locale":"fr_FR","og_type":"article","og_title":"Mat\u00e9riel p\u00e9dagogique - Mennonite World Conference","og_description":"La Conf\u00e9rence Mennonite Mondiale produit trois types de documents approuv\u00e9s par le Conseil G\u00e9n\u00e9ral : Sur cette page, vous trouverez des liens vers du mat\u00e9riel p\u00e9dagogique produit par les commissions de la CMM. Mat\u00e9riel p\u00e9dagogique&nbsp;des commissions : Quatre cavit\u00e9s pour un c\u0153ur Par Alfred Neufeld Friesen La tradition anabaptiste\u2019, ancr\u00e9e dans la R\u00e9forme radicale du [&hellip;]","og_url":"https:\/\/mwc-cmm.org\/fr\/materiel-pedagogique\/","og_site_name":"Mennonite World Conference","article_publisher":"https:\/\/www.facebook.com\/MennoniteWorldConference","article_modified_time":"2025-10-03T15:22:35+00:00","schema":{"@context":"https:\/\/schema.org","@graph":[{"@type":"WebPage","@id":"https:\/\/mwc-cmm.org\/fr\/materiel-pedagogique\/","url":"https:\/\/mwc-cmm.org\/fr\/materiel-pedagogique\/","name":"Mat\u00e9riel p\u00e9dagogique - Mennonite World Conference","isPartOf":{"@id":"https:\/\/mwc-cmm.org\/en\/#website"},"datePublished":"2019-07-29T00:00:00+00:00","dateModified":"2025-10-03T15:22:35+00:00","breadcrumb":{"@id":"https:\/\/mwc-cmm.org\/fr\/materiel-pedagogique\/#breadcrumb"},"inLanguage":"fr-FR","potentialAction":[{"@type":"ReadAction","target":["https:\/\/mwc-cmm.org\/fr\/materiel-pedagogique\/"]}]},{"@type":"BreadcrumbList","@id":"https:\/\/mwc-cmm.org\/fr\/materiel-pedagogique\/#breadcrumb","itemListElement":[{"@type":"ListItem","position":1,"name":"Home","item":"https:\/\/mwc-cmm.org\/fr\/"},{"@type":"ListItem","position":2,"name":"Mat\u00e9riel p\u00e9dagogique"}]},{"@type":"WebSite","@id":"https:\/\/mwc-cmm.org\/en\/#website","url":"https:\/\/mwc-cmm.org\/en\/","name":"Mennonite World Conference","description":"A communion of Anabaptist-related churches","publisher":{"@id":"https:\/\/mwc-cmm.org\/en\/#organization"},"alternateName":"MWC","potentialAction":[{"@type":"SearchAction","target":{"@type":"EntryPoint","urlTemplate":"https:\/\/mwc-cmm.org\/en\/?s={search_term_string}"},"query-input":{"@type":"PropertyValueSpecification","valueRequired":true,"valueName":"search_term_string"}}],"inLanguage":"fr-FR"},{"@type":"Organization","@id":"https:\/\/mwc-cmm.org\/en\/#organization","name":"Mennonite World Conference","alternateName":"MWC","url":"https:\/\/mwc-cmm.org\/en\/","logo":{"@type":"ImageObject","inLanguage":"fr-FR","@id":"https:\/\/mwc-cmm.org\/en\/#\/schema\/logo\/image\/","url":"https:\/\/mwc-cmm.org\/wp-content\/uploads\/2026\/01\/MWC_Sig_Blue_Horiz_webheader1-logo.svg","contentUrl":"https:\/\/mwc-cmm.org\/wp-content\/uploads\/2026\/01\/MWC_Sig_Blue_Horiz_webheader1-logo.svg","width":786,"height":82,"caption":"Mennonite World Conference"},"image":{"@id":"https:\/\/mwc-cmm.org\/en\/#\/schema\/logo\/image\/"},"sameAs":["https:\/\/www.facebook.com\/MennoniteWorldConference","https:\/\/www.linkedin.com\/company\/mennonite-world-conference-mwc\/","https:\/\/www.instagram.com\/mwcmm\/","https:\/\/www.youtube.com\/user\/mwccmm","https:\/\/bsky.app\/profile\/mwcmm.bsky.social"]}]}},"_links":{"self":[{"href":"https:\/\/mwc-cmm.org\/fr\/wp-json\/wp\/v2\/pages\/5844","targetHints":{"allow":["GET"]}}],"collection":[{"href":"https:\/\/mwc-cmm.org\/fr\/wp-json\/wp\/v2\/pages"}],"about":[{"href":"https:\/\/mwc-cmm.org\/fr\/wp-json\/wp\/v2\/types\/page"}],"author":[{"embeddable":true,"href":"https:\/\/mwc-cmm.org\/fr\/wp-json\/wp\/v2\/users\/1"}],"replies":[{"embeddable":true,"href":"https:\/\/mwc-cmm.org\/fr\/wp-json\/wp\/v2\/comments?post=5844"}],"version-history":[{"count":0,"href":"https:\/\/mwc-cmm.org\/fr\/wp-json\/wp\/v2\/pages\/5844\/revisions"}],"wp:attachment":[{"href":"https:\/\/mwc-cmm.org\/fr\/wp-json\/wp\/v2\/media?parent=5844"}],"curies":[{"name":"wp","href":"https:\/\/api.w.org\/{rel}","templated":true}]}}