{"id":5840,"date":"2019-07-29T00:00:00","date_gmt":"2019-07-29T00:00:00","guid":{"rendered":"https:\/\/mwc-cmm.org\/shared-convictions-3\/"},"modified":"2026-01-07T02:15:22","modified_gmt":"2026-01-07T02:15:22","slug":"convictions-communes","status":"publish","type":"page","link":"https:\/\/mwc-cmm.org\/fr\/convictions-communes\/","title":{"rendered":"Convictions communes"},"content":{"rendered":"\n<div class=\"wp-block-columns is-layout-flex wp-container-core-columns-is-layout-28f84493 wp-block-columns-is-layout-flex\">\n<div class=\"wp-block-column is-layout-flow wp-block-column-is-layout-flow\" style=\"flex-basis:66.66%\">\n<p>Par la gr\u00e2ce de Dieu, nous cherchons \u00e0 vivre et \u00e0 proclamer la bonne nouvelle de la r\u00e9conciliation en J\u00e9sus-Christ. Sachant que nous faisons partie du corps unique du&nbsp;Christ en tout temps et en tout lieu, nous affirmons que les \u00e9l\u00e9ments suivants sont au centre de notre foi et de notre pratique :<\/p>\n\n\n\n<ol class=\"wp-block-list\">\n<li>Dieu est pour nous&nbsp;P\u00e8re, Fils et Saint-Esprit, le Cr\u00e9ateur qui cherche \u00e0 restaurer l\u2019humanit\u00e9 d\u00e9chue en appelant un peuple \u00e0 lui \u00eatre fid\u00e8le dans la fraternit\u00e9, le culte, le service et le t\u00e9moignage.<\/li>\n\n\n\n<li>J\u00e9sus est le Fils de Dieu. Par sa vie et ses enseignements, sa mort en croix et sa r\u00e9surrection, il nous a montr\u00e9 comment \u00eatre des disciples fid\u00e8les, il a rachet\u00e9 le monde et il lui donne la vie \u00e9ternelle.<\/li>\n\n\n\n<li>Nous sommes une \u00c9glise&nbsp;: une communaut\u00e9&nbsp;compos\u00e9e de ceux que l\u2019Esprit de Dieu appelle \u00e0 se d\u00e9tourner du p\u00e9ch\u00e9, \u00e0 reconna\u00eetre J\u00e9sus-Christ comme Seigneur, \u00e0 recevoir le bapt\u00eame sur confession de foi et \u00e0 suivre Christ dans leur vie.<\/li>\n\n\n\n<li>Nous sommes une&nbsp;communaut\u00e9 des croyants, nous reconnaissons que la Bible fait autorit\u00e9 pour nous en mati\u00e8re de foi et de vie ; nous l\u2019interpr\u00e9tons ensemble sous la direction de l\u2019Esprit Saint, \u00e0 la lumi\u00e8re de J\u00e9sus-Christ, pour discerner la volont\u00e9 de Dieu afin d\u2019y ob\u00e9ir.<\/li>\n\n\n\n<li>L\u2019Esprit de J\u00e9sus nous rend capables de faire confiance \u00e0 Dieu dans tous les domaines de la vie, de sorte que nous devenons artisans de paix renon\u00e7ant \u00e0 la violence, en aimant&nbsp;nos ennemis, en recherchant&nbsp;la justice et en partageant&nbsp;nos biens avec ceux qui sont dans le besoin.<\/li>\n\n\n\n<li>Nous nous r\u00e9unissons r\u00e9guli\u00e8rement pour&nbsp;adorer Dieu, c\u00e9l\u00e9brer le repas du Seigneur et \u00e9couter la Parole de Dieu dans un esprit de responsabilit\u00e9 mutuelle.<\/li>\n\n\n\n<li>Nous sommes une&nbsp;communaut\u00e9 mondiale de foi et de vie&nbsp;:&nbsp;nous d\u00e9passons les fronti\u00e8res de nationalit\u00e9, de race, de classe, de sexe et de langue. Nous cherchons \u00e0 vivre dans le monde sans nous conformer aux puissances du mal, \u00e0 t\u00e9moigner de la gr\u00e2ce de Dieu en servant les autres, \u00e0 prendre&nbsp;soin de la cr\u00e9ation et \u00e0 inviter tout \u00eatre humain \u00e0 conna\u00eetre J\u00e9sus comme Sauveur et Seigneur.<\/li>\n<\/ol>\n\n\n\n<p>Nous trouvons la source de&nbsp;ces convictions aupr\u00e8s de nos anc\u00eatres&nbsp;anabaptistes du XVIe&nbsp;si\u00e8cle, qui nous donnent un&nbsp;exemple de discipulat radical de&nbsp;J\u00e9sus-Christ. Nous cherchons \u00e0&nbsp;marcher en son nom par la puissance de l\u2019Esprit Saint, attendant&nbsp;avec confiance le retour de Christ et l\u2019av\u00e8nement d\u00e9finitif&nbsp;du Royaume de Dieu.<\/p>\n\n\n\n<p>Adopt\u00e9 par le Conseil G\u00e9n\u00e9ral de la Conf\u00e9rence Mennonite Mondiale<\/p>\n\n\n\n<p>\u00e0 Pasadena, Californie (\u00c9tats-Unis)<br>le 15 mars 2006<\/p>\n\n\n\n<p><a href=\"https:\/\/mwc-cmm.org\/fr\/node\/3263\">C<\/a><a href=\"https:\/\/mwc-cmm.org\/fr\/resources\/convictions-communes-2022\/\">liquez<\/a>&nbsp;ici pour acc\u00e9der au poster de nos&nbsp;<strong>convictions communes 2022.<\/strong><\/p>\n<\/div>\n\n\n\n<div class=\"wp-block-column is-layout-flow wp-block-column-is-layout-flow\" style=\"flex-basis:33.33%\">\n<figure class=\"wp-block-image size-large\"><a href=\"https:\/\/mwc-cmm.org\/fr\/resources\/convictions-communes-2022\/\"><img decoding=\"async\" width=\"442\" height=\"1024\" data-src=\"https:\/\/mwc-cmm.org\/wp-content\/uploads\/2024\/11\/website_web_banner_3-442x1024.jpg\" alt=\"\" class=\"wp-image-64282 lazyload\" data-srcset=\"https:\/\/mwc-cmm.org\/wp-content\/uploads\/2024\/11\/website_web_banner_3-442x1024.jpg 442w, https:\/\/mwc-cmm.org\/wp-content\/uploads\/2024\/11\/website_web_banner_3-129x300.jpg 129w, https:\/\/mwc-cmm.org\/wp-content\/uploads\/2024\/11\/website_web_banner_3.jpg 504w\" data-sizes=\"(max-width: 442px) 100vw, 442px\" src=\"data:image\/svg+xml;base64,PHN2ZyB3aWR0aD0iMSIgaGVpZ2h0PSIxIiB4bWxucz0iaHR0cDovL3d3dy53My5vcmcvMjAwMC9zdmciPjwvc3ZnPg==\" style=\"--smush-placeholder-width: 442px; --smush-placeholder-aspect-ratio: 442\/1024;\" \/><\/a><\/figure>\n<\/div>\n<\/div>\n\n\n\n<div class=\"wp-block-buttons is-layout-flex wp-block-buttons-is-layout-flex\">\n<div class=\"wp-block-button\"><a class=\"wp-block-button__link wp-element-button\" href=\"https:\/\/mwc-cmm.org\/fr\/resources\/convictions-communes-des-anabaptistes-du-monde-entier-2\/\">Pr\u00e9sentation des convictions communes<\/a><\/div>\n<\/div>\n\n\n\n<p><\/p>\n","protected":false},"excerpt":{"rendered":"<p>Par la gr\u00e2ce de Dieu, nous cherchons \u00e0 vivre et \u00e0 proclamer la bonne nouvelle de la r\u00e9conciliation en J\u00e9sus-Christ. Sachant que nous faisons partie du corps unique du&nbsp;Christ en tout temps et en tout lieu, nous affirmons que les \u00e9l\u00e9ments suivants sont au centre de notre foi et de notre pratique : Nous trouvons [&hellip;]<\/p>\n","protected":false},"author":1,"featured_media":0,"parent":0,"menu_order":0,"comment_status":"closed","ping_status":"closed","template":"","meta":{"_acf_changed":false,"footnotes":""},"class_list":["post-5840","page","type-page","status-publish","hentry"],"acf":[],"yoast_head":"<!-- This site is optimized with the Yoast SEO plugin v27.5 - https:\/\/yoast.com\/product\/yoast-seo-wordpress\/ -->\n<title>Convictions communes - Mennonite World Conference<\/title>\n<meta name=\"robots\" content=\"index, follow, max-snippet:-1, max-image-preview:large, max-video-preview:-1\" \/>\n<link rel=\"canonical\" href=\"https:\/\/mwc-cmm.org\/fr\/convictions-communes\/\" \/>\n<meta property=\"og:locale\" content=\"fr_FR\" \/>\n<meta property=\"og:type\" content=\"article\" \/>\n<meta property=\"og:title\" content=\"Convictions communes - Mennonite World Conference\" \/>\n<meta property=\"og:description\" content=\"Par la gr\u00e2ce de Dieu, nous cherchons \u00e0 vivre et \u00e0 proclamer la bonne nouvelle de la r\u00e9conciliation en J\u00e9sus-Christ. Sachant que nous faisons partie du corps unique du&nbsp;Christ en tout temps et en tout lieu, nous affirmons que les \u00e9l\u00e9ments suivants sont au centre de notre foi et de notre pratique : Nous trouvons [&hellip;]\" \/>\n<meta property=\"og:url\" content=\"https:\/\/mwc-cmm.org\/fr\/convictions-communes\/\" \/>\n<meta property=\"og:site_name\" content=\"Mennonite World Conference\" \/>\n<meta property=\"article:publisher\" content=\"https:\/\/www.facebook.com\/MennoniteWorldConference\" \/>\n<meta property=\"article:modified_time\" content=\"2026-01-07T02:15:22+00:00\" \/>\n<meta property=\"og:image\" content=\"https:\/\/mwc-cmm.org\/wp-content\/uploads\/2024\/11\/website_web_banner_3.jpg\" \/>\n\t<meta property=\"og:image:width\" content=\"504\" \/>\n\t<meta property=\"og:image:height\" content=\"1168\" \/>\n\t<meta property=\"og:image:type\" content=\"image\/jpeg\" \/>\n<script type=\"application\/ld+json\" class=\"yoast-schema-graph\">{\"@context\":\"https:\\\/\\\/schema.org\",\"@graph\":[{\"@type\":\"WebPage\",\"@id\":\"https:\\\/\\\/mwc-cmm.org\\\/fr\\\/convictions-communes\\\/\",\"url\":\"https:\\\/\\\/mwc-cmm.org\\\/fr\\\/convictions-communes\\\/\",\"name\":\"Convictions communes - Mennonite World Conference\",\"isPartOf\":{\"@id\":\"https:\\\/\\\/mwc-cmm.org\\\/en\\\/#website\"},\"primaryImageOfPage\":{\"@id\":\"https:\\\/\\\/mwc-cmm.org\\\/fr\\\/convictions-communes\\\/#primaryimage\"},\"image\":{\"@id\":\"https:\\\/\\\/mwc-cmm.org\\\/fr\\\/convictions-communes\\\/#primaryimage\"},\"thumbnailUrl\":\"https:\\\/\\\/mwc-cmm.org\\\/wp-content\\\/uploads\\\/2024\\\/11\\\/website_web_banner_3-442x1024.jpg\",\"datePublished\":\"2019-07-29T00:00:00+00:00\",\"dateModified\":\"2026-01-07T02:15:22+00:00\",\"breadcrumb\":{\"@id\":\"https:\\\/\\\/mwc-cmm.org\\\/fr\\\/convictions-communes\\\/#breadcrumb\"},\"inLanguage\":\"fr-FR\",\"potentialAction\":[{\"@type\":\"ReadAction\",\"target\":[\"https:\\\/\\\/mwc-cmm.org\\\/fr\\\/convictions-communes\\\/\"]}]},{\"@type\":\"ImageObject\",\"inLanguage\":\"fr-FR\",\"@id\":\"https:\\\/\\\/mwc-cmm.org\\\/fr\\\/convictions-communes\\\/#primaryimage\",\"url\":\"https:\\\/\\\/mwc-cmm.org\\\/wp-content\\\/uploads\\\/2024\\\/11\\\/website_web_banner_3-442x1024.jpg\",\"contentUrl\":\"https:\\\/\\\/mwc-cmm.org\\\/wp-content\\\/uploads\\\/2024\\\/11\\\/website_web_banner_3-442x1024.jpg\"},{\"@type\":\"BreadcrumbList\",\"@id\":\"https:\\\/\\\/mwc-cmm.org\\\/fr\\\/convictions-communes\\\/#breadcrumb\",\"itemListElement\":[{\"@type\":\"ListItem\",\"position\":1,\"name\":\"Home\",\"item\":\"https:\\\/\\\/mwc-cmm.org\\\/fr\\\/\"},{\"@type\":\"ListItem\",\"position\":2,\"name\":\"Convictions communes\"}]},{\"@type\":\"WebSite\",\"@id\":\"https:\\\/\\\/mwc-cmm.org\\\/en\\\/#website\",\"url\":\"https:\\\/\\\/mwc-cmm.org\\\/en\\\/\",\"name\":\"Mennonite World Conference\",\"description\":\"A communion of Anabaptist-related churches\",\"publisher\":{\"@id\":\"https:\\\/\\\/mwc-cmm.org\\\/en\\\/#organization\"},\"alternateName\":\"MWC\",\"potentialAction\":[{\"@type\":\"SearchAction\",\"target\":{\"@type\":\"EntryPoint\",\"urlTemplate\":\"https:\\\/\\\/mwc-cmm.org\\\/en\\\/?s={search_term_string}\"},\"query-input\":{\"@type\":\"PropertyValueSpecification\",\"valueRequired\":true,\"valueName\":\"search_term_string\"}}],\"inLanguage\":\"fr-FR\"},{\"@type\":\"Organization\",\"@id\":\"https:\\\/\\\/mwc-cmm.org\\\/en\\\/#organization\",\"name\":\"Mennonite World Conference\",\"alternateName\":\"MWC\",\"url\":\"https:\\\/\\\/mwc-cmm.org\\\/en\\\/\",\"logo\":{\"@type\":\"ImageObject\",\"inLanguage\":\"fr-FR\",\"@id\":\"https:\\\/\\\/mwc-cmm.org\\\/en\\\/#\\\/schema\\\/logo\\\/image\\\/\",\"url\":\"https:\\\/\\\/mwc-cmm.org\\\/wp-content\\\/uploads\\\/2026\\\/01\\\/MWC_Sig_Blue_Horiz_webheader1-logo.svg\",\"contentUrl\":\"https:\\\/\\\/mwc-cmm.org\\\/wp-content\\\/uploads\\\/2026\\\/01\\\/MWC_Sig_Blue_Horiz_webheader1-logo.svg\",\"width\":786,\"height\":82,\"caption\":\"Mennonite World Conference\"},\"image\":{\"@id\":\"https:\\\/\\\/mwc-cmm.org\\\/en\\\/#\\\/schema\\\/logo\\\/image\\\/\"},\"sameAs\":[\"https:\\\/\\\/www.facebook.com\\\/MennoniteWorldConference\",\"https:\\\/\\\/www.linkedin.com\\\/company\\\/mennonite-world-conference-mwc\\\/\",\"https:\\\/\\\/www.instagram.com\\\/mwcmm\\\/\",\"https:\\\/\\\/www.youtube.com\\\/user\\\/mwccmm\",\"https:\\\/\\\/bsky.app\\\/profile\\\/mwcmm.bsky.social\"]}]}<\/script>\n<!-- \/ Yoast SEO plugin. -->","yoast_head_json":{"title":"Convictions communes - Mennonite World Conference","robots":{"index":"index","follow":"follow","max-snippet":"max-snippet:-1","max-image-preview":"max-image-preview:large","max-video-preview":"max-video-preview:-1"},"canonical":"https:\/\/mwc-cmm.org\/fr\/convictions-communes\/","og_locale":"fr_FR","og_type":"article","og_title":"Convictions communes - Mennonite World Conference","og_description":"Par la gr\u00e2ce de Dieu, nous cherchons \u00e0 vivre et \u00e0 proclamer la bonne nouvelle de la r\u00e9conciliation en J\u00e9sus-Christ. Sachant que nous faisons partie du corps unique du&nbsp;Christ en tout temps et en tout lieu, nous affirmons que les \u00e9l\u00e9ments suivants sont au centre de notre foi et de notre pratique : Nous trouvons [&hellip;]","og_url":"https:\/\/mwc-cmm.org\/fr\/convictions-communes\/","og_site_name":"Mennonite World Conference","article_publisher":"https:\/\/www.facebook.com\/MennoniteWorldConference","article_modified_time":"2026-01-07T02:15:22+00:00","og_image":[{"width":504,"height":1168,"url":"https:\/\/mwc-cmm.org\/wp-content\/uploads\/2024\/11\/website_web_banner_3.jpg","type":"image\/jpeg"}],"schema":{"@context":"https:\/\/schema.org","@graph":[{"@type":"WebPage","@id":"https:\/\/mwc-cmm.org\/fr\/convictions-communes\/","url":"https:\/\/mwc-cmm.org\/fr\/convictions-communes\/","name":"Convictions communes - Mennonite World Conference","isPartOf":{"@id":"https:\/\/mwc-cmm.org\/en\/#website"},"primaryImageOfPage":{"@id":"https:\/\/mwc-cmm.org\/fr\/convictions-communes\/#primaryimage"},"image":{"@id":"https:\/\/mwc-cmm.org\/fr\/convictions-communes\/#primaryimage"},"thumbnailUrl":"https:\/\/mwc-cmm.org\/wp-content\/uploads\/2024\/11\/website_web_banner_3-442x1024.jpg","datePublished":"2019-07-29T00:00:00+00:00","dateModified":"2026-01-07T02:15:22+00:00","breadcrumb":{"@id":"https:\/\/mwc-cmm.org\/fr\/convictions-communes\/#breadcrumb"},"inLanguage":"fr-FR","potentialAction":[{"@type":"ReadAction","target":["https:\/\/mwc-cmm.org\/fr\/convictions-communes\/"]}]},{"@type":"ImageObject","inLanguage":"fr-FR","@id":"https:\/\/mwc-cmm.org\/fr\/convictions-communes\/#primaryimage","url":"https:\/\/mwc-cmm.org\/wp-content\/uploads\/2024\/11\/website_web_banner_3-442x1024.jpg","contentUrl":"https:\/\/mwc-cmm.org\/wp-content\/uploads\/2024\/11\/website_web_banner_3-442x1024.jpg"},{"@type":"BreadcrumbList","@id":"https:\/\/mwc-cmm.org\/fr\/convictions-communes\/#breadcrumb","itemListElement":[{"@type":"ListItem","position":1,"name":"Home","item":"https:\/\/mwc-cmm.org\/fr\/"},{"@type":"ListItem","position":2,"name":"Convictions communes"}]},{"@type":"WebSite","@id":"https:\/\/mwc-cmm.org\/en\/#website","url":"https:\/\/mwc-cmm.org\/en\/","name":"Mennonite World Conference","description":"A communion of Anabaptist-related churches","publisher":{"@id":"https:\/\/mwc-cmm.org\/en\/#organization"},"alternateName":"MWC","potentialAction":[{"@type":"SearchAction","target":{"@type":"EntryPoint","urlTemplate":"https:\/\/mwc-cmm.org\/en\/?s={search_term_string}"},"query-input":{"@type":"PropertyValueSpecification","valueRequired":true,"valueName":"search_term_string"}}],"inLanguage":"fr-FR"},{"@type":"Organization","@id":"https:\/\/mwc-cmm.org\/en\/#organization","name":"Mennonite World Conference","alternateName":"MWC","url":"https:\/\/mwc-cmm.org\/en\/","logo":{"@type":"ImageObject","inLanguage":"fr-FR","@id":"https:\/\/mwc-cmm.org\/en\/#\/schema\/logo\/image\/","url":"https:\/\/mwc-cmm.org\/wp-content\/uploads\/2026\/01\/MWC_Sig_Blue_Horiz_webheader1-logo.svg","contentUrl":"https:\/\/mwc-cmm.org\/wp-content\/uploads\/2026\/01\/MWC_Sig_Blue_Horiz_webheader1-logo.svg","width":786,"height":82,"caption":"Mennonite World Conference"},"image":{"@id":"https:\/\/mwc-cmm.org\/en\/#\/schema\/logo\/image\/"},"sameAs":["https:\/\/www.facebook.com\/MennoniteWorldConference","https:\/\/www.linkedin.com\/company\/mennonite-world-conference-mwc\/","https:\/\/www.instagram.com\/mwcmm\/","https:\/\/www.youtube.com\/user\/mwccmm","https:\/\/bsky.app\/profile\/mwcmm.bsky.social"]}]}},"_links":{"self":[{"href":"https:\/\/mwc-cmm.org\/fr\/wp-json\/wp\/v2\/pages\/5840","targetHints":{"allow":["GET"]}}],"collection":[{"href":"https:\/\/mwc-cmm.org\/fr\/wp-json\/wp\/v2\/pages"}],"about":[{"href":"https:\/\/mwc-cmm.org\/fr\/wp-json\/wp\/v2\/types\/page"}],"author":[{"embeddable":true,"href":"https:\/\/mwc-cmm.org\/fr\/wp-json\/wp\/v2\/users\/1"}],"replies":[{"embeddable":true,"href":"https:\/\/mwc-cmm.org\/fr\/wp-json\/wp\/v2\/comments?post=5840"}],"version-history":[{"count":0,"href":"https:\/\/mwc-cmm.org\/fr\/wp-json\/wp\/v2\/pages\/5840\/revisions"}],"wp:attachment":[{"href":"https:\/\/mwc-cmm.org\/fr\/wp-json\/wp\/v2\/media?parent=5840"}],"curies":[{"name":"wp","href":"https:\/\/api.w.org\/{rel}","templated":true}]}}