{"id":5838,"date":"2019-07-29T00:00:00","date_gmt":"2019-07-29T00:00:00","guid":{"rendered":"https:\/\/mwc-cmm.org\/about-mwc-4\/"},"modified":"2025-11-24T21:57:11","modified_gmt":"2025-11-24T21:57:11","slug":"a-propos-de-la-cmm","status":"publish","type":"page","link":"https:\/\/mwc-cmm.org\/fr\/a-propos-de-la-cmm\/","title":{"rendered":"\u00c0 propos de la CMM"},"content":{"rendered":"\n<div class=\"wp-block-columns alignwide is-layout-flex wp-container-core-columns-is-layout-7fc3d43a wp-block-columns-is-layout-flex\">\n<div class=\"wp-block-column is-layout-flow wp-block-column-is-layout-flow\">\n<p class=\"is-style-intro-style\">La Conf\u00e9rence Mennonite Mondiale (CMM) repr\u00e9sente la majorit\u00e9 de la famille mondiale des \u00c9glises chr\u00e9tiennes dont l\u2019origine remonte \u00e0 la R\u00e9forme radicale du 16e si\u00e8cle en Europe, et en particulier au mouvement anabaptiste.<\/p>\n\n\n\n<p>En novembre 2025, nous avons identifi\u00e9 110 unions d\u2019\u00e9glises et une association internationale qui sont membres ou membres associ\u00e9s de la Conf\u00e9rence Mennonite Mondiale. Ces \u00e9glises comptent 1,44 millions de croyants baptis\u00e9s.<\/p>\n\n\n\n<p>Environ 84% des croyants baptis\u00e9s des \u00c9glises membres de la CMM proviennent de pays africains, asiatiques ou latino-am\u00e9ricains et 16% d\u2019Europe et d\u2019Am\u00e9rique du Nord.<\/p>\n<\/div>\n\n\n\n<div class=\"wp-block-column is-layout-flow wp-block-column-is-layout-flow\">\n<figure class=\"wp-block-image size-full\"><img decoding=\"async\" width=\"800\" height=\"466\" data-src=\"https:\/\/mwc-cmm.org\/wp-content\/uploads\/2024\/11\/about-us-india.jpeg\" alt=\"A group of people smile and hold us a sign that says &quot;Jesus Christ: Our Hope&quot;\" class=\"wp-image-18137 lazyload\" data-srcset=\"https:\/\/mwc-cmm.org\/wp-content\/uploads\/2024\/11\/about-us-india.jpeg 800w, https:\/\/mwc-cmm.org\/wp-content\/uploads\/2024\/11\/about-us-india-300x175.jpeg 300w, https:\/\/mwc-cmm.org\/wp-content\/uploads\/2024\/11\/about-us-india-768x447.jpeg 768w\" data-sizes=\"(max-width: 800px) 100vw, 800px\" src=\"data:image\/svg+xml;base64,PHN2ZyB3aWR0aD0iMSIgaGVpZ2h0PSIxIiB4bWxucz0iaHR0cDovL3d3dy53My5vcmcvMjAwMC9zdmciPjwvc3ZnPg==\" style=\"--smush-placeholder-width: 800px; --smush-placeholder-aspect-ratio: 800\/466;\" \/><\/figure>\n<\/div>\n<\/div>\n\n\n\n<div class=\"wp-block-columns alignwide is-layout-flex wp-container-core-columns-is-layout-7fc3d43a wp-block-columns-is-layout-flex\">\n<div class=\"wp-block-column is-layout-flow wp-block-column-is-layout-flow\">\n<h2 class=\"wp-block-heading is-style-green-eyebrow\" style=\"margin-top:var(--wp--preset--spacing--50)\">Vision<\/h2>\n\n\n\n<p>La Conf\u00e9rence Mennonite Mondiale est appel\u00e9e \u00e0 \u00eatre une communion (Koinonia) d\u2019\u00e9glises anabaptistes li\u00e9es les unes aux autres dans une communaut\u00e9 de foi \u00e0 travers le monde pour vivre la communion fraternelle, le culte, le service, et le t\u00e9moignage.<\/p>\n\n\n\n<h2 class=\"wp-block-heading is-style-blue-eyebrow\" style=\"margin-top:var(--wp--preset--spacing--50)\">Mission<\/h2>\n\n\n\n<p>La Conf\u00e9rence Mennonite Mondiale a pour but de (1) \u00eatre une communaut\u00e9 mondiale de foi dans la tradition anabaptiste, (2) favoriser la dimension communautaire entre les \u00e9glises anabaptistes dans le monde, et (3) maintenir des liens avec les autres communions et organisations chr\u00e9tiennes mondiales.<\/p>\n\n\n\n<h2 class=\"wp-block-heading is-style-pink-eyebrow\" style=\"margin-top:var(--wp--preset--spacing--50)\">Convictions communes <\/h2>\n\n\n\n<p>Par la gr\u00e2ce de Dieu, nous cherchons \u00e0 vivre et \u00e0 proclamer la bonne nouvelle de la r\u00e9conciliation en J\u00e9sus-Christ. Sachant que nous faisons partie du corps unique du Christ en tout temps et en tout lieu, nous affirmons que les \u00e9l\u00e9ments suivants sont au centre de notre foi et de notre pratique.<\/p>\n\n\n\n<div class=\"wp-block-buttons is-layout-flex wp-block-buttons-is-layout-flex\">\n<div class=\"wp-block-button\"><a class=\"wp-block-button__link wp-element-button\" href=\"https:\/\/mwc-cmm.org\/fr\/vision-et-mission\/\">Notre vision, mission et nos convictions communes<\/a><\/div>\n<\/div>\n<\/div>\n\n\n\n<div class=\"wp-block-column is-layout-flow wp-block-column-is-layout-flow\">\n<h2 class=\"wp-block-heading is-style-yellow-eyebrow\" style=\"margin-top:var(--wp--preset--spacing--50)\"><em>Carte mondiale et informations sur les \u00e9glises membres<\/em><\/h2>\n\n\n\n<figure class=\"wp-block-image size-full\"><a href=\"https:\/\/mwc-cmm.org\/fr\/carte-statistiques\/\"><img decoding=\"async\" width=\"3622\" height=\"1720\" data-src=\"https:\/\/mwc-cmm.org\/wp-content\/uploads\/2025\/02\/map-global.png\" alt=\"world map with colored discs indicating the global population of baptized Mennonites by country\" class=\"wp-image-109970 lazyload\" data-srcset=\"https:\/\/mwc-cmm.org\/wp-content\/uploads\/2025\/02\/map-global.png 3622w, https:\/\/mwc-cmm.org\/wp-content\/uploads\/2025\/02\/map-global-300x142.png 300w, https:\/\/mwc-cmm.org\/wp-content\/uploads\/2025\/02\/map-global-1024x486.png 1024w, https:\/\/mwc-cmm.org\/wp-content\/uploads\/2025\/02\/map-global-768x365.png 768w, https:\/\/mwc-cmm.org\/wp-content\/uploads\/2025\/02\/map-global-1536x729.png 1536w, https:\/\/mwc-cmm.org\/wp-content\/uploads\/2025\/02\/map-global-2048x973.png 2048w\" data-sizes=\"(max-width: 3622px) 100vw, 3622px\" src=\"data:image\/svg+xml;base64,PHN2ZyB3aWR0aD0iMSIgaGVpZ2h0PSIxIiB4bWxucz0iaHR0cDovL3d3dy53My5vcmcvMjAwMC9zdmciPjwvc3ZnPg==\" style=\"--smush-placeholder-width: 3622px; --smush-placeholder-aspect-ratio: 3622\/1720;\" \/><\/a><\/figure>\n\n\n\n<div class=\"wp-block-columns is-layout-flex wp-container-core-columns-is-layout-28f84493 wp-block-columns-is-layout-flex\">\n<div class=\"wp-block-column is-layout-flow wp-block-column-is-layout-flow\">\n<p>La Conf\u00e9rence Mennonite Mondiale compile les statistiques des \u00c9glises n\u00e9es de la R\u00e9forme radicale du XVIe si\u00e8cle en Europe, et particuli\u00e8rement du mouvement anabaptiste. Cette famille spirituelle compte 2,13 millions de croyants baptis\u00e9s dans 86 pays.<\/p>\n<\/div>\n\n\n\n<div class=\"wp-block-column is-layout-flow wp-block-column-is-layout-flow\">\n<div class=\"wp-block-buttons is-layout-flex wp-block-buttons-is-layout-flex\">\n<div class=\"wp-block-button\"><a class=\"wp-block-button__link wp-element-button\" href=\"https:\/\/mwc-cmm.org\/fr\/carte-statistiques\/\" target=\"_blank\" rel=\"noreferrer noopener\">Carte du monde interactive<\/a><\/div>\n\n\n\n<div class=\"wp-block-button\"><a class=\"wp-block-button__link wp-element-button\" href=\"https:\/\/mwc-cmm.org\/fr\/carte-statistiques\/\"><em>Toutes les cartes et statistiques<\/em><\/a><\/div>\n\n\n\n<div class=\"wp-block-button\"><a class=\"wp-block-button__link wp-element-button\" href=\"https:\/\/mwc-cmm.org\/fr\/carte-statistiques\/list-de-membres\/\"><em>Liste des membres<\/em><\/a><\/div>\n<\/div>\n<\/div>\n<\/div>\n<\/div>\n<\/div>\n\n\n\n<h2 class=\"wp-block-heading alignwide\" style=\"margin-top:var(--wp--preset--spacing--50)\">Conseil G\u00e9n\u00e9ral <\/h2>\n\n\n\n<div class=\"wp-block-columns alignwide is-layout-flex wp-container-core-columns-is-layout-7fc3d43a wp-block-columns-is-layout-flex\">\n<div class=\"wp-block-column is-layout-flow wp-block-column-is-layout-flow\">\n<p class=\"is-style-intro-style\">Les \u00e9glises et unions d\u2019\u00e9glises membres de la CMM envoient chacune de un \u00e0 trois d\u00e9l\u00e9gu\u00e9s (en se basant sur le nombre de membres de l&rsquo;\u00e9glise ou de la conf\u00e9rence) aux sessions du Conseil G\u00e9n\u00e9ral.<\/p>\n\n\n\n<p>Ce groupe de responsables d&rsquo;\u00e9glises se r\u00e9unit tous les trois ans pour donner forme au mandat de la CMM, pour \u00e9changer des pr\u00e9occupations et des id\u00e9es, et prier ensemble.<\/p>\n\n\n\n<h2 class=\"wp-block-heading is-style-purple-eyebrow\" style=\"margin-top:var(--wp--preset--spacing--50)\">Constitution<\/h2>\n\n\n\n<p>Adopt\u00e9 par le Conseil G\u00e9n\u00e9ral, 14 Juillet 2009<br>Asunci\u00f3n, Paraguay<\/p>\n\n\n\n<div class=\"wp-block-buttons is-layout-flex wp-block-buttons-is-layout-flex\">\n<div class=\"wp-block-button\"><a class=\"wp-block-button__link wp-element-button\" href=\"https:\/\/mwc-cmm.org\/fr\/resources\/conference-mennonite-mondiale-constitution\/\">Consulter la constitution<\/a><\/div>\n<\/div>\n\n\n\n<h2 class=\"wp-block-heading is-style-blue-eyebrow\" style=\"margin-top:var(--wp--preset--spacing--50)\">Comit\u00e9 Ex\u00e9cutif<\/h2>\n\n\n\n<p>Un Comit\u00e9 Ex\u00e9cutif est \u00e9lu au sein du Conseil G\u00e9n\u00e9ral, et se r\u00e9unit annuellement.<\/p>\n\n\n\n<div class=\"wp-block-buttons is-layout-flex wp-block-buttons-is-layout-flex\">\n<div class=\"wp-block-button\"><a class=\"wp-block-button__link wp-element-button\" href=\"https:\/\/mwc-cmm.org\/fr\/conseil-general\/\">Rencontrez votre Comit\u00e9 Ex\u00e9cutif <\/a><\/div>\n<\/div>\n<\/div>\n\n\n\n<div class=\"wp-block-column is-layout-flow wp-block-column-is-layout-flow\">\n<figure class=\"wp-block-image size-large\"><img decoding=\"async\" width=\"1024\" height=\"683\" data-src=\"https:\/\/mwc-cmm.org\/wp-content\/uploads\/2024\/11\/assmebly-1024x683.png\" alt=\"A large church building with a stage at the front, a worship team singing and the crowd standing before them\" class=\"wp-image-18105 lazyload\" data-srcset=\"https:\/\/mwc-cmm.org\/wp-content\/uploads\/2024\/11\/assmebly-1024x683.png 1024w, https:\/\/mwc-cmm.org\/wp-content\/uploads\/2024\/11\/assmebly-300x200.png 300w, https:\/\/mwc-cmm.org\/wp-content\/uploads\/2024\/11\/assmebly-768x512.png 768w, https:\/\/mwc-cmm.org\/wp-content\/uploads\/2024\/11\/assmebly-1536x1024.png 1536w, https:\/\/mwc-cmm.org\/wp-content\/uploads\/2024\/11\/assmebly.png 1920w\" data-sizes=\"(max-width: 1024px) 100vw, 1024px\" src=\"data:image\/svg+xml;base64,PHN2ZyB3aWR0aD0iMSIgaGVpZ2h0PSIxIiB4bWxucz0iaHR0cDovL3d3dy53My5vcmcvMjAwMC9zdmciPjwvc3ZnPg==\" style=\"--smush-placeholder-width: 1024px; --smush-placeholder-aspect-ratio: 1024\/683;\" \/><\/figure>\n\n\n\n<h2 class=\"wp-block-heading is-style-green-eyebrow\" style=\"margin-top:var(--wp--preset--spacing--50)\">Documents<\/h2>\n\n\n\n<p>La Conf\u00e9rence Mennonite Mondiale produit trois types de documents approuv\u00e9s par le Conseil G\u00e9n\u00e9ral.<\/p>\n\n\n\n<div class=\"wp-block-buttons is-layout-flex wp-block-buttons-is-layout-flex\">\n<div class=\"wp-block-button\"><a class=\"wp-block-button__link wp-element-button\" href=\"https:\/\/mwc-cmm.org\/fr\/ressources\/\"><em>Voir la biblioth\u00e8que de ressources<\/em><\/a><\/div>\n<\/div>\n<\/div>\n<\/div>\n\n\n\n<p><\/p>\n","protected":false},"excerpt":{"rendered":"<p>La Conf\u00e9rence Mennonite Mondiale (CMM) repr\u00e9sente la majorit\u00e9 de la famille mondiale des \u00c9glises chr\u00e9tiennes dont l\u2019origine remonte \u00e0 la R\u00e9forme radicale du 16e si\u00e8cle en Europe, et en particulier au mouvement anabaptiste. Environ 84% des croyants baptis\u00e9s des \u00c9glises membres de la CMM proviennent de pays africains, asiatiques ou latino-am\u00e9ricains et 16% d\u2019Europe et [&hellip;]<\/p>\n","protected":false},"author":1,"featured_media":0,"parent":0,"menu_order":0,"comment_status":"closed","ping_status":"closed","template":"","meta":{"_acf_changed":false,"footnotes":""},"class_list":["post-5838","page","type-page","status-publish","hentry"],"acf":[],"yoast_head":"<!-- This site is optimized with the Yoast SEO plugin v27.2 - https:\/\/yoast.com\/product\/yoast-seo-wordpress\/ -->\n<title>\u00c0 propos de la CMM - Mennonite World Conference<\/title>\n<meta name=\"robots\" content=\"index, follow, max-snippet:-1, max-image-preview:large, max-video-preview:-1\" \/>\n<link rel=\"canonical\" href=\"https:\/\/mwc-cmm.org\/fr\/a-propos-de-la-cmm\/\" \/>\n<meta property=\"og:locale\" content=\"fr_FR\" \/>\n<meta property=\"og:type\" content=\"article\" \/>\n<meta property=\"og:title\" content=\"\u00c0 propos de la CMM - Mennonite World Conference\" \/>\n<meta property=\"og:description\" content=\"La Conf\u00e9rence Mennonite Mondiale (CMM) repr\u00e9sente la majorit\u00e9 de la famille mondiale des \u00c9glises chr\u00e9tiennes dont l\u2019origine remonte \u00e0 la R\u00e9forme radicale du 16e si\u00e8cle en Europe, et en particulier au mouvement anabaptiste. Environ 84% des croyants baptis\u00e9s des \u00c9glises membres de la CMM proviennent de pays africains, asiatiques ou latino-am\u00e9ricains et 16% d\u2019Europe et [&hellip;]\" \/>\n<meta property=\"og:url\" content=\"https:\/\/mwc-cmm.org\/fr\/a-propos-de-la-cmm\/\" \/>\n<meta property=\"og:site_name\" content=\"Mennonite World Conference\" \/>\n<meta property=\"article:publisher\" content=\"https:\/\/www.facebook.com\/MennoniteWorldConference\" \/>\n<meta property=\"article:modified_time\" content=\"2025-11-24T21:57:11+00:00\" \/>\n<meta property=\"og:image\" content=\"https:\/\/mwc-cmm.org\/wp-content\/uploads\/2024\/11\/about-us-india.jpeg\" \/>\n\t<meta property=\"og:image:width\" content=\"800\" \/>\n\t<meta property=\"og:image:height\" content=\"466\" \/>\n\t<meta property=\"og:image:type\" content=\"image\/jpeg\" \/>\n<script type=\"application\/ld+json\" class=\"yoast-schema-graph\">{\"@context\":\"https:\/\/schema.org\",\"@graph\":[{\"@type\":\"WebPage\",\"@id\":\"https:\/\/mwc-cmm.org\/fr\/a-propos-de-la-cmm\/\",\"url\":\"https:\/\/mwc-cmm.org\/fr\/a-propos-de-la-cmm\/\",\"name\":\"\u00c0 propos de la CMM - Mennonite World Conference\",\"isPartOf\":{\"@id\":\"https:\/\/mwc-cmm.org\/en\/#website\"},\"primaryImageOfPage\":{\"@id\":\"https:\/\/mwc-cmm.org\/fr\/a-propos-de-la-cmm\/#primaryimage\"},\"image\":{\"@id\":\"https:\/\/mwc-cmm.org\/fr\/a-propos-de-la-cmm\/#primaryimage\"},\"thumbnailUrl\":\"https:\/\/mwc-cmm.org\/wp-content\/uploads\/2024\/11\/about-us-india.jpeg\",\"datePublished\":\"2019-07-29T00:00:00+00:00\",\"dateModified\":\"2025-11-24T21:57:11+00:00\",\"breadcrumb\":{\"@id\":\"https:\/\/mwc-cmm.org\/fr\/a-propos-de-la-cmm\/#breadcrumb\"},\"inLanguage\":\"fr-FR\",\"potentialAction\":[{\"@type\":\"ReadAction\",\"target\":[\"https:\/\/mwc-cmm.org\/fr\/a-propos-de-la-cmm\/\"]}]},{\"@type\":\"ImageObject\",\"inLanguage\":\"fr-FR\",\"@id\":\"https:\/\/mwc-cmm.org\/fr\/a-propos-de-la-cmm\/#primaryimage\",\"url\":\"https:\/\/mwc-cmm.org\/wp-content\/uploads\/2024\/11\/about-us-india.jpeg\",\"contentUrl\":\"https:\/\/mwc-cmm.org\/wp-content\/uploads\/2024\/11\/about-us-india.jpeg\"},{\"@type\":\"BreadcrumbList\",\"@id\":\"https:\/\/mwc-cmm.org\/fr\/a-propos-de-la-cmm\/#breadcrumb\",\"itemListElement\":[{\"@type\":\"ListItem\",\"position\":1,\"name\":\"Home\",\"item\":\"https:\/\/mwc-cmm.org\/fr\/\"},{\"@type\":\"ListItem\",\"position\":2,\"name\":\"\u00c0 propos de la CMM\"}]},{\"@type\":\"WebSite\",\"@id\":\"https:\/\/mwc-cmm.org\/en\/#website\",\"url\":\"https:\/\/mwc-cmm.org\/en\/\",\"name\":\"Mennonite World Conference\",\"description\":\"A communion of Anabaptist-related churches\",\"publisher\":{\"@id\":\"https:\/\/mwc-cmm.org\/en\/#organization\"},\"alternateName\":\"MWC\",\"potentialAction\":[{\"@type\":\"SearchAction\",\"target\":{\"@type\":\"EntryPoint\",\"urlTemplate\":\"https:\/\/mwc-cmm.org\/en\/?s={search_term_string}\"},\"query-input\":{\"@type\":\"PropertyValueSpecification\",\"valueRequired\":true,\"valueName\":\"search_term_string\"}}],\"inLanguage\":\"fr-FR\"},{\"@type\":\"Organization\",\"@id\":\"https:\/\/mwc-cmm.org\/en\/#organization\",\"name\":\"Mennonite World Conference\",\"alternateName\":\"MWC\",\"url\":\"https:\/\/mwc-cmm.org\/en\/\",\"logo\":{\"@type\":\"ImageObject\",\"inLanguage\":\"fr-FR\",\"@id\":\"https:\/\/mwc-cmm.org\/en\/#\/schema\/logo\/image\/\",\"url\":\"https:\/\/mwc-cmm.org\/wp-content\/uploads\/2026\/01\/MWC_Sig_Blue_Horiz_webheader1-logo.svg\",\"contentUrl\":\"https:\/\/mwc-cmm.org\/wp-content\/uploads\/2026\/01\/MWC_Sig_Blue_Horiz_webheader1-logo.svg\",\"width\":786,\"height\":82,\"caption\":\"Mennonite World Conference\"},\"image\":{\"@id\":\"https:\/\/mwc-cmm.org\/en\/#\/schema\/logo\/image\/\"},\"sameAs\":[\"https:\/\/www.facebook.com\/MennoniteWorldConference\",\"https:\/\/www.linkedin.com\/company\/mennonite-world-conference-mwc\/\",\"https:\/\/www.instagram.com\/mwcmm\/\",\"https:\/\/www.youtube.com\/user\/mwccmm\",\"https:\/\/bsky.app\/profile\/mwcmm.bsky.social\"]}]}<\/script>\n<!-- \/ Yoast SEO plugin. -->","yoast_head_json":{"title":"\u00c0 propos de la CMM - Mennonite World Conference","robots":{"index":"index","follow":"follow","max-snippet":"max-snippet:-1","max-image-preview":"max-image-preview:large","max-video-preview":"max-video-preview:-1"},"canonical":"https:\/\/mwc-cmm.org\/fr\/a-propos-de-la-cmm\/","og_locale":"fr_FR","og_type":"article","og_title":"\u00c0 propos de la CMM - Mennonite World Conference","og_description":"La Conf\u00e9rence Mennonite Mondiale (CMM) repr\u00e9sente la majorit\u00e9 de la famille mondiale des \u00c9glises chr\u00e9tiennes dont l\u2019origine remonte \u00e0 la R\u00e9forme radicale du 16e si\u00e8cle en Europe, et en particulier au mouvement anabaptiste. Environ 84% des croyants baptis\u00e9s des \u00c9glises membres de la CMM proviennent de pays africains, asiatiques ou latino-am\u00e9ricains et 16% d\u2019Europe et [&hellip;]","og_url":"https:\/\/mwc-cmm.org\/fr\/a-propos-de-la-cmm\/","og_site_name":"Mennonite World Conference","article_publisher":"https:\/\/www.facebook.com\/MennoniteWorldConference","article_modified_time":"2025-11-24T21:57:11+00:00","og_image":[{"width":800,"height":466,"url":"https:\/\/mwc-cmm.org\/wp-content\/uploads\/2024\/11\/about-us-india.jpeg","type":"image\/jpeg"}],"schema":{"@context":"https:\/\/schema.org","@graph":[{"@type":"WebPage","@id":"https:\/\/mwc-cmm.org\/fr\/a-propos-de-la-cmm\/","url":"https:\/\/mwc-cmm.org\/fr\/a-propos-de-la-cmm\/","name":"\u00c0 propos de la CMM - Mennonite World Conference","isPartOf":{"@id":"https:\/\/mwc-cmm.org\/en\/#website"},"primaryImageOfPage":{"@id":"https:\/\/mwc-cmm.org\/fr\/a-propos-de-la-cmm\/#primaryimage"},"image":{"@id":"https:\/\/mwc-cmm.org\/fr\/a-propos-de-la-cmm\/#primaryimage"},"thumbnailUrl":"https:\/\/mwc-cmm.org\/wp-content\/uploads\/2024\/11\/about-us-india.jpeg","datePublished":"2019-07-29T00:00:00+00:00","dateModified":"2025-11-24T21:57:11+00:00","breadcrumb":{"@id":"https:\/\/mwc-cmm.org\/fr\/a-propos-de-la-cmm\/#breadcrumb"},"inLanguage":"fr-FR","potentialAction":[{"@type":"ReadAction","target":["https:\/\/mwc-cmm.org\/fr\/a-propos-de-la-cmm\/"]}]},{"@type":"ImageObject","inLanguage":"fr-FR","@id":"https:\/\/mwc-cmm.org\/fr\/a-propos-de-la-cmm\/#primaryimage","url":"https:\/\/mwc-cmm.org\/wp-content\/uploads\/2024\/11\/about-us-india.jpeg","contentUrl":"https:\/\/mwc-cmm.org\/wp-content\/uploads\/2024\/11\/about-us-india.jpeg"},{"@type":"BreadcrumbList","@id":"https:\/\/mwc-cmm.org\/fr\/a-propos-de-la-cmm\/#breadcrumb","itemListElement":[{"@type":"ListItem","position":1,"name":"Home","item":"https:\/\/mwc-cmm.org\/fr\/"},{"@type":"ListItem","position":2,"name":"\u00c0 propos de la CMM"}]},{"@type":"WebSite","@id":"https:\/\/mwc-cmm.org\/en\/#website","url":"https:\/\/mwc-cmm.org\/en\/","name":"Mennonite World Conference","description":"A communion of Anabaptist-related churches","publisher":{"@id":"https:\/\/mwc-cmm.org\/en\/#organization"},"alternateName":"MWC","potentialAction":[{"@type":"SearchAction","target":{"@type":"EntryPoint","urlTemplate":"https:\/\/mwc-cmm.org\/en\/?s={search_term_string}"},"query-input":{"@type":"PropertyValueSpecification","valueRequired":true,"valueName":"search_term_string"}}],"inLanguage":"fr-FR"},{"@type":"Organization","@id":"https:\/\/mwc-cmm.org\/en\/#organization","name":"Mennonite World Conference","alternateName":"MWC","url":"https:\/\/mwc-cmm.org\/en\/","logo":{"@type":"ImageObject","inLanguage":"fr-FR","@id":"https:\/\/mwc-cmm.org\/en\/#\/schema\/logo\/image\/","url":"https:\/\/mwc-cmm.org\/wp-content\/uploads\/2026\/01\/MWC_Sig_Blue_Horiz_webheader1-logo.svg","contentUrl":"https:\/\/mwc-cmm.org\/wp-content\/uploads\/2026\/01\/MWC_Sig_Blue_Horiz_webheader1-logo.svg","width":786,"height":82,"caption":"Mennonite World Conference"},"image":{"@id":"https:\/\/mwc-cmm.org\/en\/#\/schema\/logo\/image\/"},"sameAs":["https:\/\/www.facebook.com\/MennoniteWorldConference","https:\/\/www.linkedin.com\/company\/mennonite-world-conference-mwc\/","https:\/\/www.instagram.com\/mwcmm\/","https:\/\/www.youtube.com\/user\/mwccmm","https:\/\/bsky.app\/profile\/mwcmm.bsky.social"]}]}},"_links":{"self":[{"href":"https:\/\/mwc-cmm.org\/fr\/wp-json\/wp\/v2\/pages\/5838","targetHints":{"allow":["GET"]}}],"collection":[{"href":"https:\/\/mwc-cmm.org\/fr\/wp-json\/wp\/v2\/pages"}],"about":[{"href":"https:\/\/mwc-cmm.org\/fr\/wp-json\/wp\/v2\/types\/page"}],"author":[{"embeddable":true,"href":"https:\/\/mwc-cmm.org\/fr\/wp-json\/wp\/v2\/users\/1"}],"replies":[{"embeddable":true,"href":"https:\/\/mwc-cmm.org\/fr\/wp-json\/wp\/v2\/comments?post=5838"}],"version-history":[{"count":0,"href":"https:\/\/mwc-cmm.org\/fr\/wp-json\/wp\/v2\/pages\/5838\/revisions"}],"wp:attachment":[{"href":"https:\/\/mwc-cmm.org\/fr\/wp-json\/wp\/v2\/media?parent=5838"}],"curies":[{"name":"wp","href":"https:\/\/api.w.org\/{rel}","templated":true}]}}