{"id":5837,"date":"2019-07-29T00:00:00","date_gmt":"2019-07-29T00:00:00","guid":{"rendered":"https:\/\/mwc-cmm.org\/donate-now-3\/"},"modified":"2026-04-21T23:09:37","modified_gmt":"2026-04-21T23:09:37","slug":"faire-un-don","status":"publish","type":"page","link":"https:\/\/mwc-cmm.org\/fr\/faire-un-don\/","title":{"rendered":"Faire un don"},"content":{"rendered":"\n<h3 class=\"wp-block-heading alignwide\" style=\"text-transform:none\">Donate via Credit card<\/h3>\n\n<div class=\"wp-block-columns alignwide is-layout-flex wp-container-core-columns-is-layout-7fc3d43a wp-block-columns-is-layout-flex\">\n<div class=\"wp-block-column is-layout-flow wp-block-column-is-layout-flow\" style=\"flex-basis:66.66%\">\n<script>window.addEventListener('message',function(e){var t=document.getElementById('bfdb-em-7893');if(t){if(e.data.indexOf('resize::7893::')!==-1){var i=e.data.replace('resize::7893::','');t.style.height=i+'px';}else if(e.data.match(\/^bf-payment::(\\d+)::(open|complete)\/)){var o=t.getBoundingClientRect().top+window.scrollY;window.scrollTo({top:o,behavior:'smooth'});}}});<\/script>\r\n<iframe id=\"bfdb-em-7893\" data-src=\"https:\/\/mwc.donorbuilder.org\/pub\/donate-general-14464?bf-preview=1&#038;_layout=iframe\" style=\"width:100%; overflow:hidden; border:0;\" scrolling=\"no\" src=\"data:image\/svg+xml;base64,PHN2ZyB3aWR0aD0iMSIgaGVpZ2h0PSIxIiB4bWxucz0iaHR0cDovL3d3dy53My5vcmcvMjAwMC9zdmciPjwvc3ZnPg==\" class=\"lazyload\" data-load-mode=\"1\"><\/iframe>\r\n\n\n\n<p class=\"has-small-font-size\"><\/p>\n<\/div>\n\n\n\n<div class=\"wp-block-column is-layout-flow wp-block-column-is-layout-flow\" style=\"flex-basis:33.33%\">\n<div class=\"wp-block-group has-soft-blue-background-color has-background has-global-padding is-layout-constrained wp-block-group-is-layout-constrained\">\n<h2 class=\"wp-block-heading is-style-green-eyebrow\"><a name=\"other ways to contribute\" id=\"other ways to contribute\"><\/a>Other ways to donate :<\/h2>\n\n\n\n<h3 class=\"wp-block-heading is-style-no-line-eyebrow has-gray-color has-text-color has-link-color wp-elements-626fba13e80b964434097e193dba1a7e\">Bank Transfer<\/h3>\n\n\n\n<ul class=\"wp-block-list\">\n<li><strong>Canadian Dollars<\/strong> via Interac<br>Email to contributions@mwc-cmm.org<\/li>\n\n\n\n<li><strong>Euros<\/strong> via Cr\u00e9dit Agricole<br>Account name: Conference Mennonite Mondiale<br>IBAN number:<br>FR76 1720 6 000 09 10 1072 3101 015<br>SWIFT Code: AGRIFRPP872<\/li>\n\n\n\n<li><strong>USD<\/strong> via <a href=\"https:\/\/mwc-cmm.org\/en\/ach-donation\/\">ACH Transfer<\/a><\/li>\n<\/ul>\n\n\n\n<h3 class=\"wp-block-heading is-style-no-line-eyebrow has-gray-color has-text-color has-link-color wp-elements-e202a69b2f2bbb8f7095f2a8542c512f\">PayPal<\/h3>\n\n\n\n<ul class=\"wp-block-list\">\n<li><a href=\"https:\/\/www.paypal.com\/donate\/?cmd=_s-xclick&amp;hosted_button_id=RFX5H7G8KHZWQ&amp;source=url&amp;ssrt=1728576755459\" target=\"_blank\" rel=\"noreferrer noopener\">Canadian Dollars<\/a><\/li>\n\n\n\n<li><a href=\"http:\/\/www.paypal.com\/donate\/?cmd=_s-xclick&amp;hosted_button_id=SAC37M8MAQNKY&amp;source=url&amp;ssrt=1728576366180\" target=\"_blank\" rel=\"noreferrer noopener\">US Dollars<\/a><\/li>\n<\/ul>\n\n\n\n<h3 class=\"wp-block-heading is-style-no-line-eyebrow has-gray-color has-text-color has-link-color wp-elements-26b6cd094b659b766bdafe82e4c1ab8b\">By mail<\/h3>\n\n\n\n<ul class=\"wp-block-list\">\n<li>Checks drawn on\u202f<strong>US bank<\/strong>\u202fmay be mailed to:<br>Mennonite World Conference<br>PO Box 5364, Lancaster, PA \u202f17606-5364<\/li>\n\n\n\n<li>Cheques drawn on\u202f<strong>Canadian bank<\/strong>\u202fmay be mailed to:<br>Mennonite World Conference&nbsp;<br>50 Kent Ave., Suite 206, Kitchener, ON N2G 3R1<\/li>\n<\/ul>\n<\/div>\n\n\n\n<div class=\"wp-block-group has-dark-blue-color has-soft-gray-background-color has-text-color has-background has-link-color wp-elements-19e8609718f35f4381b54166ecbe3028 has-global-padding is-layout-constrained wp-block-group-is-layout-constrained\">\n<p>Vous souhaitez payer une partie de vos <strong>frais d\u2019adh\u00e9sion<\/strong> ou de <strong>Part \u00c9quitable\u00a0<\/strong>?<\/p>\n\n\n\n<div class=\"wp-block-buttons is-layout-flex wp-block-buttons-is-layout-flex\">\n<div class=\"wp-block-button\"><a class=\"wp-block-button__link wp-element-button\" href=\"https:\/\/mwc-cmm.org\/fr\/contribution-part-equitable\/\">Payer la Part \u00c9quitable<\/a><\/div>\n<\/div>\n<\/div>\n\n\n\n<div class=\"wp-block-group has-dark-blue-color has-soft-blue-background-color has-text-color has-background has-link-color wp-elements-5aa1f80ee0850c2e9125bc5f2d505bfb has-global-padding is-layout-constrained wp-block-group-is-layout-constrained\">\n<p>Vous souhaitez payer une partie des frais d\u2019adh\u00e9sion \u00e0 un r\u00e9seau\u00a0?<\/p>\n\n\n\n<div class=\"wp-block-buttons is-layout-flex wp-block-buttons-is-layout-flex\">\n<div class=\"wp-block-button\"><a class=\"wp-block-button__link wp-element-button\" href=\"https:\/\/mwc-cmm.org\/fr\/network-fees\/\">Payer les frais de R\u00e9seau<\/a><\/div>\n<\/div>\n<\/div>\n<\/div>\n<\/div>\n\n<h5 class=\"wp-block-heading\" id=\"charitable\">La Conf\u00e9rence mennonite mondiale est une organisation \u00e0 but non lucratif, enregistr\u00e9e au Canada, aux \u00c9tats-Unis et en France.&#13;\n<\/h5>\n\n<ul class=\"wp-block-list\">\n<li>Canada: Mennonite World Conference Canada, Inc., CRA Registration Number <br\/>13470 4618 RR0001<\/li>\n\n\n\n<li>USA: Mennonite World Conference Inc., Tax Identification Number 362956449<\/li>\n\n\n\n<li>France: Conference Mennonite Mondiale (CMM),\u00a0Identifiant SIREN: 401 282 918<\/li>\n<\/ul>\n","protected":false},"excerpt":{"rendered":"<p>Donate via Credit card Vous souhaitez payer une partie de vos frais d\u2019adh\u00e9sion ou de Part \u00c9quitable\u00a0? Vous souhaitez payer une partie des frais d\u2019adh\u00e9sion \u00e0 un r\u00e9seau\u00a0? La Conf\u00e9rence mennonite mondiale est une organisation \u00e0 but non lucratif, enregistr\u00e9e au Canada, aux \u00c9tats-Unis et en France.&#13;<\/p>\n","protected":false},"author":1,"featured_media":0,"parent":0,"menu_order":0,"comment_status":"closed","ping_status":"closed","template":"","meta":{"_acf_changed":false,"footnotes":""},"class_list":["post-5837","page","type-page","status-publish","hentry"],"acf":[],"yoast_head":"<!-- This site is optimized with the Yoast SEO plugin v27.2 - https:\/\/yoast.com\/product\/yoast-seo-wordpress\/ -->\n<title>Faire un don - Mennonite World Conference<\/title>\n<meta name=\"robots\" content=\"index, follow, max-snippet:-1, max-image-preview:large, max-video-preview:-1\" \/>\n<link rel=\"canonical\" href=\"https:\/\/mwc-cmm.org\/en\/donate-now\/\" \/>\n<meta property=\"og:locale\" content=\"fr_FR\" \/>\n<meta property=\"og:type\" content=\"article\" \/>\n<meta property=\"og:title\" content=\"Faire un don - Mennonite World Conference\" \/>\n<meta property=\"og:description\" content=\"Donate via Credit card Vous souhaitez payer une partie de vos frais d\u2019adh\u00e9sion ou de Part \u00c9quitable\u00a0? Vous souhaitez payer une partie des frais d\u2019adh\u00e9sion \u00e0 un r\u00e9seau\u00a0? La Conf\u00e9rence mennonite mondiale est une organisation \u00e0 but non lucratif, enregistr\u00e9e au Canada, aux \u00c9tats-Unis et en France.&#013;\" \/>\n<meta property=\"og:url\" content=\"https:\/\/mwc-cmm.org\/en\/donate-now\/\" \/>\n<meta property=\"og:site_name\" content=\"Mennonite World Conference\" \/>\n<meta property=\"article:publisher\" content=\"https:\/\/www.facebook.com\/MennoniteWorldConference\" \/>\n<meta property=\"article:modified_time\" content=\"2026-04-21T23:09:37+00:00\" \/>\n<script type=\"application\/ld+json\" class=\"yoast-schema-graph\">{\"@context\":\"https:\/\/schema.org\",\"@graph\":[{\"@type\":\"WebPage\",\"@id\":\"https:\/\/mwc-cmm.org\/en\/donate-now\/\",\"url\":\"https:\/\/mwc-cmm.org\/en\/donate-now\/\",\"name\":\"Faire un don - Mennonite World Conference\",\"isPartOf\":{\"@id\":\"https:\/\/mwc-cmm.org\/en\/#website\"},\"datePublished\":\"2019-07-29T00:00:00+00:00\",\"dateModified\":\"2026-04-21T23:09:37+00:00\",\"breadcrumb\":{\"@id\":\"https:\/\/mwc-cmm.org\/en\/donate-now\/#breadcrumb\"},\"inLanguage\":\"fr-FR\",\"potentialAction\":[{\"@type\":\"ReadAction\",\"target\":[\"https:\/\/mwc-cmm.org\/en\/donate-now\/\"]}]},{\"@type\":\"BreadcrumbList\",\"@id\":\"https:\/\/mwc-cmm.org\/en\/donate-now\/#breadcrumb\",\"itemListElement\":[{\"@type\":\"ListItem\",\"position\":1,\"name\":\"Home\",\"item\":\"https:\/\/mwc-cmm.org\/fr\/\"},{\"@type\":\"ListItem\",\"position\":2,\"name\":\"Faire un don\"}]},{\"@type\":\"WebSite\",\"@id\":\"https:\/\/mwc-cmm.org\/en\/#website\",\"url\":\"https:\/\/mwc-cmm.org\/en\/\",\"name\":\"Mennonite World Conference\",\"description\":\"A communion of Anabaptist-related churches\",\"publisher\":{\"@id\":\"https:\/\/mwc-cmm.org\/en\/#organization\"},\"alternateName\":\"MWC\",\"potentialAction\":[{\"@type\":\"SearchAction\",\"target\":{\"@type\":\"EntryPoint\",\"urlTemplate\":\"https:\/\/mwc-cmm.org\/en\/?s={search_term_string}\"},\"query-input\":{\"@type\":\"PropertyValueSpecification\",\"valueRequired\":true,\"valueName\":\"search_term_string\"}}],\"inLanguage\":\"fr-FR\"},{\"@type\":\"Organization\",\"@id\":\"https:\/\/mwc-cmm.org\/en\/#organization\",\"name\":\"Mennonite World Conference\",\"alternateName\":\"MWC\",\"url\":\"https:\/\/mwc-cmm.org\/en\/\",\"logo\":{\"@type\":\"ImageObject\",\"inLanguage\":\"fr-FR\",\"@id\":\"https:\/\/mwc-cmm.org\/en\/#\/schema\/logo\/image\/\",\"url\":\"https:\/\/mwc-cmm.org\/wp-content\/uploads\/2026\/01\/MWC_Sig_Blue_Horiz_webheader1-logo.svg\",\"contentUrl\":\"https:\/\/mwc-cmm.org\/wp-content\/uploads\/2026\/01\/MWC_Sig_Blue_Horiz_webheader1-logo.svg\",\"width\":786,\"height\":82,\"caption\":\"Mennonite World Conference\"},\"image\":{\"@id\":\"https:\/\/mwc-cmm.org\/en\/#\/schema\/logo\/image\/\"},\"sameAs\":[\"https:\/\/www.facebook.com\/MennoniteWorldConference\",\"https:\/\/www.linkedin.com\/company\/mennonite-world-conference-mwc\/\",\"https:\/\/www.instagram.com\/mwcmm\/\",\"https:\/\/www.youtube.com\/user\/mwccmm\",\"https:\/\/bsky.app\/profile\/mwcmm.bsky.social\"]}]}<\/script>\n<!-- \/ Yoast SEO plugin. -->","yoast_head_json":{"title":"Faire un don - Mennonite World Conference","robots":{"index":"index","follow":"follow","max-snippet":"max-snippet:-1","max-image-preview":"max-image-preview:large","max-video-preview":"max-video-preview:-1"},"canonical":"https:\/\/mwc-cmm.org\/en\/donate-now\/","og_locale":"fr_FR","og_type":"article","og_title":"Faire un don - Mennonite World Conference","og_description":"Donate via Credit card Vous souhaitez payer une partie de vos frais d\u2019adh\u00e9sion ou de Part \u00c9quitable\u00a0? Vous souhaitez payer une partie des frais d\u2019adh\u00e9sion \u00e0 un r\u00e9seau\u00a0? La Conf\u00e9rence mennonite mondiale est une organisation \u00e0 but non lucratif, enregistr\u00e9e au Canada, aux \u00c9tats-Unis et en France.&#13;","og_url":"https:\/\/mwc-cmm.org\/en\/donate-now\/","og_site_name":"Mennonite World Conference","article_publisher":"https:\/\/www.facebook.com\/MennoniteWorldConference","article_modified_time":"2026-04-21T23:09:37+00:00","schema":{"@context":"https:\/\/schema.org","@graph":[{"@type":"WebPage","@id":"https:\/\/mwc-cmm.org\/en\/donate-now\/","url":"https:\/\/mwc-cmm.org\/en\/donate-now\/","name":"Faire un don - Mennonite World Conference","isPartOf":{"@id":"https:\/\/mwc-cmm.org\/en\/#website"},"datePublished":"2019-07-29T00:00:00+00:00","dateModified":"2026-04-21T23:09:37+00:00","breadcrumb":{"@id":"https:\/\/mwc-cmm.org\/en\/donate-now\/#breadcrumb"},"inLanguage":"fr-FR","potentialAction":[{"@type":"ReadAction","target":["https:\/\/mwc-cmm.org\/en\/donate-now\/"]}]},{"@type":"BreadcrumbList","@id":"https:\/\/mwc-cmm.org\/en\/donate-now\/#breadcrumb","itemListElement":[{"@type":"ListItem","position":1,"name":"Home","item":"https:\/\/mwc-cmm.org\/fr\/"},{"@type":"ListItem","position":2,"name":"Faire un don"}]},{"@type":"WebSite","@id":"https:\/\/mwc-cmm.org\/en\/#website","url":"https:\/\/mwc-cmm.org\/en\/","name":"Mennonite World Conference","description":"A communion of Anabaptist-related churches","publisher":{"@id":"https:\/\/mwc-cmm.org\/en\/#organization"},"alternateName":"MWC","potentialAction":[{"@type":"SearchAction","target":{"@type":"EntryPoint","urlTemplate":"https:\/\/mwc-cmm.org\/en\/?s={search_term_string}"},"query-input":{"@type":"PropertyValueSpecification","valueRequired":true,"valueName":"search_term_string"}}],"inLanguage":"fr-FR"},{"@type":"Organization","@id":"https:\/\/mwc-cmm.org\/en\/#organization","name":"Mennonite World Conference","alternateName":"MWC","url":"https:\/\/mwc-cmm.org\/en\/","logo":{"@type":"ImageObject","inLanguage":"fr-FR","@id":"https:\/\/mwc-cmm.org\/en\/#\/schema\/logo\/image\/","url":"https:\/\/mwc-cmm.org\/wp-content\/uploads\/2026\/01\/MWC_Sig_Blue_Horiz_webheader1-logo.svg","contentUrl":"https:\/\/mwc-cmm.org\/wp-content\/uploads\/2026\/01\/MWC_Sig_Blue_Horiz_webheader1-logo.svg","width":786,"height":82,"caption":"Mennonite World Conference"},"image":{"@id":"https:\/\/mwc-cmm.org\/en\/#\/schema\/logo\/image\/"},"sameAs":["https:\/\/www.facebook.com\/MennoniteWorldConference","https:\/\/www.linkedin.com\/company\/mennonite-world-conference-mwc\/","https:\/\/www.instagram.com\/mwcmm\/","https:\/\/www.youtube.com\/user\/mwccmm","https:\/\/bsky.app\/profile\/mwcmm.bsky.social"]}]}},"_links":{"self":[{"href":"https:\/\/mwc-cmm.org\/fr\/wp-json\/wp\/v2\/pages\/5837","targetHints":{"allow":["GET"]}}],"collection":[{"href":"https:\/\/mwc-cmm.org\/fr\/wp-json\/wp\/v2\/pages"}],"about":[{"href":"https:\/\/mwc-cmm.org\/fr\/wp-json\/wp\/v2\/types\/page"}],"author":[{"embeddable":true,"href":"https:\/\/mwc-cmm.org\/fr\/wp-json\/wp\/v2\/users\/1"}],"replies":[{"embeddable":true,"href":"https:\/\/mwc-cmm.org\/fr\/wp-json\/wp\/v2\/comments?post=5837"}],"version-history":[{"count":0,"href":"https:\/\/mwc-cmm.org\/fr\/wp-json\/wp\/v2\/pages\/5837\/revisions"}],"wp:attachment":[{"href":"https:\/\/mwc-cmm.org\/fr\/wp-json\/wp\/v2\/media?parent=5837"}],"curies":[{"name":"wp","href":"https:\/\/api.w.org\/{rel}","templated":true}]}}