{"id":5835,"date":"2019-07-29T00:00:00","date_gmt":"2019-07-29T00:00:00","guid":{"rendered":"https:\/\/mwc-cmm.org\/get-involved-4\/"},"modified":"2026-03-03T18:30:49","modified_gmt":"2026-03-03T18:30:49","slug":"participez","status":"publish","type":"page","link":"https:\/\/mwc-cmm.org\/fr\/participez\/","title":{"rendered":"Participez"},"content":{"rendered":"\n<h2 class=\"wp-block-heading\">Joignez-vous \u00e0 la mission de la Conf\u00e9rence Mennonite Mondiale<\/h2>\n\n\n\n<figure class=\"wp-block-image size-large is-resized\"><img decoding=\"async\" data-src=\"https:\/\/mwc-cmm.org\/wp-content\/uploads\/2024\/11\/praying2-1536x1397.jpg\" alt=\"\" style=\"--smush-image-width: 1536px; --smush-image-aspect-ratio: 1536\/1397;width:450px\" width=\"1536\" class=\"smush-dimensions lazyload\" src=\"data:image\/svg+xml;base64,PHN2ZyB3aWR0aD0iMSIgaGVpZ2h0PSIxIiB4bWxucz0iaHR0cDovL3d3dy53My5vcmcvMjAwMC9zdmciPjwvc3ZnPg==\" \/><\/figure>\n\n\n\n<p><a href=\"https:\/\/mwc-cmm.org\/fr\/prieres\/\" target=\"_blank\" rel=\"noreferrer noopener\"><strong>Priez<\/strong>\u00a0<\/a>pour vos fr\u00e8res et s\u0153urs dans la foi de votre famille mondiale et pour le personnel Conf\u00e9rence Mennonite Mondiale et les dirigeants \u00e9lus. <\/p>\n\n\n\n<p>Et\u00a0<strong>rendons gr\u00e2ce<\/strong>\u00a0pour ce que Dieu fait \u00e0 travers l&rsquo;\u00e9glise.<\/p>\n\n\n\n<figure class=\"wp-block-image size-large is-resized\"><img decoding=\"async\" data-src=\"https:\/\/mwc-cmm.org\/wp-content\/uploads\/2024\/12\/2024JamesKrabill-768x572.jpg\" alt=\"\" style=\"--smush-image-width: 768px; --smush-image-aspect-ratio: 768\/572;width:450px\" width=\"768\" class=\"smush-dimensions lazyload\" src=\"data:image\/svg+xml;base64,PHN2ZyB3aWR0aD0iMSIgaGVpZ2h0PSIxIiB4bWxucz0iaHR0cDovL3d3dy53My5vcmcvMjAwMC9zdmciPjwvc3ZnPg==\" \/><\/figure>\n\n\n\n<p><strong>Envoyer\u00a0<a href=\"mailto:storyideas@mwc-cmm.org\">id\u00e9es d&rsquo;articles<\/a>\u00a0et\u00a0<a href=\"mailto:prieres@mwc-cmm.org\">pri\u00e8res de gratitude et d&rsquo;intercession<\/a>.<\/strong>\u00a0<\/p>\n\n\n\n<p>Envoyer vos suggestions\u00a0d&rsquo;histoires nouvelles et des reportages ainsi que des demandes de pri\u00e8res que vous aimeriez partager avec votre communaut\u00e9 de foi mondiale.<\/p>\n\n\n\n<figure class=\"wp-block-image size-large\"><img decoding=\"async\" data-src=\"https:\/\/mwc-cmm.org\/wp-content\/uploads\/2024\/12\/image-4-768x246.png\" alt=\"\" width=\"768\" class=\"smush-dimensions lazyload\" style=\"--smush-image-width: 768px; --smush-image-aspect-ratio: 768\/246;\" src=\"data:image\/svg+xml;base64,PHN2ZyB3aWR0aD0iMSIgaGVpZ2h0PSIxIiB4bWxucz0iaHR0cDovL3d3dy53My5vcmcvMjAwMC9zdmciPjwvc3ZnPg==\" \/><\/figure>\n\n\n\n<p><strong>Enregistrer ce site dans la liste des favoris<\/strong>.\u00a0<\/p>\n\n\n\n<p>Cherchez des histoires sur les gens et les \u00e9glises de la communaut\u00e9 mondiale et de la CMM \u00e0 jour des informations sur la CMM.<\/p>\n\n\n\n<figure class=\"wp-block-image size-large is-resized\"><img decoding=\"async\" data-src=\"https:\/\/mwc-cmm.org\/wp-content\/uploads\/2024\/11\/ccc38.1desktoppreview-768x450.png\" alt=\"\" style=\"--smush-image-width: 768px; --smush-image-aspect-ratio: 768\/450;width:450px\" width=\"768\" class=\"smush-dimensions lazyload\" src=\"data:image\/svg+xml;base64,PHN2ZyB3aWR0aD0iMSIgaGVpZ2h0PSIxIiB4bWxucz0iaHR0cDovL3d3dy53My5vcmcvMjAwMC9zdmciPjwvc3ZnPg==\" \/><\/figure>\n\n\n\n<p><strong>Abonnez-vous<\/strong>\u00a0pour recevoir les publications\u00a0<a href=\"https:\/\/mwc-cmm.org\/fr\/abonnement-aux-publications-electroniques\/\" target=\"_blank\" rel=\"noreferrer noopener\">\u00e9lectroniques\u00a0<\/a>et\u00a0<a href=\"https:\/\/mwc-cmm.org\/fr\/courrier\/abonnement-aux-publications-imprimee\/\" target=\"_blank\" rel=\"noreferrer noopener\">imprim\u00e9es\u00a0<\/a>de la Conf\u00e9rence Mennonite Mondiale.<\/p>\n\n\n\n<figure class=\"wp-block-image size-large is-resized\"><img decoding=\"async\" data-src=\"https:\/\/mwc-cmm.org\/wp-content\/uploads\/2024\/11\/ccc_34.1-resources-pres-col-offering-kinshasa-full_frame-kraybill-min-768x432.jpg\" alt=\"\" style=\"--smush-image-width: 768px; --smush-image-aspect-ratio: 768\/432;width:450px\" width=\"768\" class=\"smush-dimensions lazyload\" src=\"data:image\/svg+xml;base64,PHN2ZyB3aWR0aD0iMSIgaGVpZ2h0PSIxIiB4bWxucz0iaHR0cDovL3d3dy53My5vcmcvMjAwMC9zdmciPjwvc3ZnPg==\" \/><\/figure>\n\n\n\n<p><strong><a href=\"https:\/\/mwc-cmm.org\/fr\/faire-un-don\/\" type=\"link\" id=\"https:\/\/mwc-cmm.org\/fr\/faire-un-don\/\">Faites un don<\/a><\/strong>\u00a0pour les travaux de la Conf\u00e9rence Mennonite Mondiale.<\/p>\n\n\n\n<p><\/p>\n","protected":false},"excerpt":{"rendered":"<p>Joignez-vous \u00e0 la mission de la Conf\u00e9rence Mennonite Mondiale Priez\u00a0pour vos fr\u00e8res et s\u0153urs dans la foi de votre famille mondiale et pour le personnel Conf\u00e9rence Mennonite Mondiale et les dirigeants \u00e9lus. Et\u00a0rendons gr\u00e2ce\u00a0pour ce que Dieu fait \u00e0 travers l&rsquo;\u00e9glise. Envoyer\u00a0id\u00e9es d&rsquo;articles\u00a0et\u00a0pri\u00e8res de gratitude et d&rsquo;intercession.\u00a0 Envoyer vos suggestions\u00a0d&rsquo;histoires nouvelles et des reportages ainsi [&hellip;]<\/p>\n","protected":false},"author":1,"featured_media":0,"parent":0,"menu_order":0,"comment_status":"closed","ping_status":"closed","template":"","meta":{"_acf_changed":false,"footnotes":""},"class_list":["post-5835","page","type-page","status-publish","hentry"],"acf":[],"yoast_head":"<!-- This site is optimized with the Yoast SEO plugin v27.2 - https:\/\/yoast.com\/product\/yoast-seo-wordpress\/ -->\n<title>Participez - Mennonite World Conference<\/title>\n<meta name=\"robots\" content=\"index, follow, max-snippet:-1, max-image-preview:large, max-video-preview:-1\" \/>\n<link rel=\"canonical\" href=\"https:\/\/mwc-cmm.org\/fr\/participez\/\" \/>\n<meta property=\"og:locale\" content=\"fr_FR\" \/>\n<meta property=\"og:type\" content=\"article\" \/>\n<meta property=\"og:title\" content=\"Participez - Mennonite World Conference\" \/>\n<meta property=\"og:description\" content=\"Joignez-vous \u00e0 la mission de la Conf\u00e9rence Mennonite Mondiale Priez\u00a0pour vos fr\u00e8res et s\u0153urs dans la foi de votre famille mondiale et pour le personnel Conf\u00e9rence Mennonite Mondiale et les dirigeants \u00e9lus. Et\u00a0rendons gr\u00e2ce\u00a0pour ce que Dieu fait \u00e0 travers l&rsquo;\u00e9glise. Envoyer\u00a0id\u00e9es d&rsquo;articles\u00a0et\u00a0pri\u00e8res de gratitude et d&rsquo;intercession.\u00a0 Envoyer vos suggestions\u00a0d&rsquo;histoires nouvelles et des reportages ainsi [&hellip;]\" \/>\n<meta property=\"og:url\" content=\"https:\/\/mwc-cmm.org\/fr\/participez\/\" \/>\n<meta property=\"og:site_name\" content=\"Mennonite World Conference\" \/>\n<meta property=\"article:publisher\" content=\"https:\/\/www.facebook.com\/MennoniteWorldConference\" \/>\n<meta property=\"article:modified_time\" content=\"2026-03-03T18:30:49+00:00\" \/>\n<meta property=\"og:image\" content=\"https:\/\/mwc-cmm.org\/wp-content\/uploads\/2024\/11\/praying2-1536x1397.jpg\" \/>\n<script type=\"application\/ld+json\" class=\"yoast-schema-graph\">{\"@context\":\"https:\/\/schema.org\",\"@graph\":[{\"@type\":\"WebPage\",\"@id\":\"https:\/\/mwc-cmm.org\/fr\/participez\/\",\"url\":\"https:\/\/mwc-cmm.org\/fr\/participez\/\",\"name\":\"Participez - Mennonite World Conference\",\"isPartOf\":{\"@id\":\"https:\/\/mwc-cmm.org\/en\/#website\"},\"primaryImageOfPage\":{\"@id\":\"https:\/\/mwc-cmm.org\/fr\/participez\/#primaryimage\"},\"image\":{\"@id\":\"https:\/\/mwc-cmm.org\/fr\/participez\/#primaryimage\"},\"thumbnailUrl\":\"https:\/\/mwc-cmm.org\/wp-content\/uploads\/2024\/11\/praying2-1536x1397.jpg\",\"datePublished\":\"2019-07-29T00:00:00+00:00\",\"dateModified\":\"2026-03-03T18:30:49+00:00\",\"breadcrumb\":{\"@id\":\"https:\/\/mwc-cmm.org\/fr\/participez\/#breadcrumb\"},\"inLanguage\":\"fr-FR\",\"potentialAction\":[{\"@type\":\"ReadAction\",\"target\":[\"https:\/\/mwc-cmm.org\/fr\/participez\/\"]}]},{\"@type\":\"ImageObject\",\"inLanguage\":\"fr-FR\",\"@id\":\"https:\/\/mwc-cmm.org\/fr\/participez\/#primaryimage\",\"url\":\"https:\/\/mwc-cmm.org\/wp-content\/uploads\/2024\/11\/praying2-1536x1397.jpg\",\"contentUrl\":\"https:\/\/mwc-cmm.org\/wp-content\/uploads\/2024\/11\/praying2-1536x1397.jpg\"},{\"@type\":\"BreadcrumbList\",\"@id\":\"https:\/\/mwc-cmm.org\/fr\/participez\/#breadcrumb\",\"itemListElement\":[{\"@type\":\"ListItem\",\"position\":1,\"name\":\"Home\",\"item\":\"https:\/\/mwc-cmm.org\/fr\/\"},{\"@type\":\"ListItem\",\"position\":2,\"name\":\"Participez\"}]},{\"@type\":\"WebSite\",\"@id\":\"https:\/\/mwc-cmm.org\/en\/#website\",\"url\":\"https:\/\/mwc-cmm.org\/en\/\",\"name\":\"Mennonite World Conference\",\"description\":\"A communion of Anabaptist-related churches\",\"publisher\":{\"@id\":\"https:\/\/mwc-cmm.org\/en\/#organization\"},\"alternateName\":\"MWC\",\"potentialAction\":[{\"@type\":\"SearchAction\",\"target\":{\"@type\":\"EntryPoint\",\"urlTemplate\":\"https:\/\/mwc-cmm.org\/en\/?s={search_term_string}\"},\"query-input\":{\"@type\":\"PropertyValueSpecification\",\"valueRequired\":true,\"valueName\":\"search_term_string\"}}],\"inLanguage\":\"fr-FR\"},{\"@type\":\"Organization\",\"@id\":\"https:\/\/mwc-cmm.org\/en\/#organization\",\"name\":\"Mennonite World Conference\",\"alternateName\":\"MWC\",\"url\":\"https:\/\/mwc-cmm.org\/en\/\",\"logo\":{\"@type\":\"ImageObject\",\"inLanguage\":\"fr-FR\",\"@id\":\"https:\/\/mwc-cmm.org\/en\/#\/schema\/logo\/image\/\",\"url\":\"https:\/\/mwc-cmm.org\/wp-content\/uploads\/2026\/01\/MWC_Sig_Blue_Horiz_webheader1-logo.svg\",\"contentUrl\":\"https:\/\/mwc-cmm.org\/wp-content\/uploads\/2026\/01\/MWC_Sig_Blue_Horiz_webheader1-logo.svg\",\"width\":786,\"height\":82,\"caption\":\"Mennonite World Conference\"},\"image\":{\"@id\":\"https:\/\/mwc-cmm.org\/en\/#\/schema\/logo\/image\/\"},\"sameAs\":[\"https:\/\/www.facebook.com\/MennoniteWorldConference\",\"https:\/\/www.linkedin.com\/company\/mennonite-world-conference-mwc\/\",\"https:\/\/www.instagram.com\/mwcmm\/\",\"https:\/\/www.youtube.com\/user\/mwccmm\",\"https:\/\/bsky.app\/profile\/mwcmm.bsky.social\"]}]}<\/script>\n<!-- \/ Yoast SEO plugin. -->","yoast_head_json":{"title":"Participez - Mennonite World Conference","robots":{"index":"index","follow":"follow","max-snippet":"max-snippet:-1","max-image-preview":"max-image-preview:large","max-video-preview":"max-video-preview:-1"},"canonical":"https:\/\/mwc-cmm.org\/fr\/participez\/","og_locale":"fr_FR","og_type":"article","og_title":"Participez - Mennonite World Conference","og_description":"Joignez-vous \u00e0 la mission de la Conf\u00e9rence Mennonite Mondiale Priez\u00a0pour vos fr\u00e8res et s\u0153urs dans la foi de votre famille mondiale et pour le personnel Conf\u00e9rence Mennonite Mondiale et les dirigeants \u00e9lus. Et\u00a0rendons gr\u00e2ce\u00a0pour ce que Dieu fait \u00e0 travers l&rsquo;\u00e9glise. Envoyer\u00a0id\u00e9es d&rsquo;articles\u00a0et\u00a0pri\u00e8res de gratitude et d&rsquo;intercession.\u00a0 Envoyer vos suggestions\u00a0d&rsquo;histoires nouvelles et des reportages ainsi [&hellip;]","og_url":"https:\/\/mwc-cmm.org\/fr\/participez\/","og_site_name":"Mennonite World Conference","article_publisher":"https:\/\/www.facebook.com\/MennoniteWorldConference","article_modified_time":"2026-03-03T18:30:49+00:00","og_image":[{"url":"https:\/\/mwc-cmm.org\/wp-content\/uploads\/2024\/11\/praying2-1536x1397.jpg","type":"","width":"","height":""}],"schema":{"@context":"https:\/\/schema.org","@graph":[{"@type":"WebPage","@id":"https:\/\/mwc-cmm.org\/fr\/participez\/","url":"https:\/\/mwc-cmm.org\/fr\/participez\/","name":"Participez - Mennonite World Conference","isPartOf":{"@id":"https:\/\/mwc-cmm.org\/en\/#website"},"primaryImageOfPage":{"@id":"https:\/\/mwc-cmm.org\/fr\/participez\/#primaryimage"},"image":{"@id":"https:\/\/mwc-cmm.org\/fr\/participez\/#primaryimage"},"thumbnailUrl":"https:\/\/mwc-cmm.org\/wp-content\/uploads\/2024\/11\/praying2-1536x1397.jpg","datePublished":"2019-07-29T00:00:00+00:00","dateModified":"2026-03-03T18:30:49+00:00","breadcrumb":{"@id":"https:\/\/mwc-cmm.org\/fr\/participez\/#breadcrumb"},"inLanguage":"fr-FR","potentialAction":[{"@type":"ReadAction","target":["https:\/\/mwc-cmm.org\/fr\/participez\/"]}]},{"@type":"ImageObject","inLanguage":"fr-FR","@id":"https:\/\/mwc-cmm.org\/fr\/participez\/#primaryimage","url":"https:\/\/mwc-cmm.org\/wp-content\/uploads\/2024\/11\/praying2-1536x1397.jpg","contentUrl":"https:\/\/mwc-cmm.org\/wp-content\/uploads\/2024\/11\/praying2-1536x1397.jpg"},{"@type":"BreadcrumbList","@id":"https:\/\/mwc-cmm.org\/fr\/participez\/#breadcrumb","itemListElement":[{"@type":"ListItem","position":1,"name":"Home","item":"https:\/\/mwc-cmm.org\/fr\/"},{"@type":"ListItem","position":2,"name":"Participez"}]},{"@type":"WebSite","@id":"https:\/\/mwc-cmm.org\/en\/#website","url":"https:\/\/mwc-cmm.org\/en\/","name":"Mennonite World Conference","description":"A communion of Anabaptist-related churches","publisher":{"@id":"https:\/\/mwc-cmm.org\/en\/#organization"},"alternateName":"MWC","potentialAction":[{"@type":"SearchAction","target":{"@type":"EntryPoint","urlTemplate":"https:\/\/mwc-cmm.org\/en\/?s={search_term_string}"},"query-input":{"@type":"PropertyValueSpecification","valueRequired":true,"valueName":"search_term_string"}}],"inLanguage":"fr-FR"},{"@type":"Organization","@id":"https:\/\/mwc-cmm.org\/en\/#organization","name":"Mennonite World Conference","alternateName":"MWC","url":"https:\/\/mwc-cmm.org\/en\/","logo":{"@type":"ImageObject","inLanguage":"fr-FR","@id":"https:\/\/mwc-cmm.org\/en\/#\/schema\/logo\/image\/","url":"https:\/\/mwc-cmm.org\/wp-content\/uploads\/2026\/01\/MWC_Sig_Blue_Horiz_webheader1-logo.svg","contentUrl":"https:\/\/mwc-cmm.org\/wp-content\/uploads\/2026\/01\/MWC_Sig_Blue_Horiz_webheader1-logo.svg","width":786,"height":82,"caption":"Mennonite World Conference"},"image":{"@id":"https:\/\/mwc-cmm.org\/en\/#\/schema\/logo\/image\/"},"sameAs":["https:\/\/www.facebook.com\/MennoniteWorldConference","https:\/\/www.linkedin.com\/company\/mennonite-world-conference-mwc\/","https:\/\/www.instagram.com\/mwcmm\/","https:\/\/www.youtube.com\/user\/mwccmm","https:\/\/bsky.app\/profile\/mwcmm.bsky.social"]}]}},"_links":{"self":[{"href":"https:\/\/mwc-cmm.org\/fr\/wp-json\/wp\/v2\/pages\/5835","targetHints":{"allow":["GET"]}}],"collection":[{"href":"https:\/\/mwc-cmm.org\/fr\/wp-json\/wp\/v2\/pages"}],"about":[{"href":"https:\/\/mwc-cmm.org\/fr\/wp-json\/wp\/v2\/types\/page"}],"author":[{"embeddable":true,"href":"https:\/\/mwc-cmm.org\/fr\/wp-json\/wp\/v2\/users\/1"}],"replies":[{"embeddable":true,"href":"https:\/\/mwc-cmm.org\/fr\/wp-json\/wp\/v2\/comments?post=5835"}],"version-history":[{"count":0,"href":"https:\/\/mwc-cmm.org\/fr\/wp-json\/wp\/v2\/pages\/5835\/revisions"}],"wp:attachment":[{"href":"https:\/\/mwc-cmm.org\/fr\/wp-json\/wp\/v2\/media?parent=5835"}],"curies":[{"name":"wp","href":"https:\/\/api.w.org\/{rel}","templated":true}]}}