{"id":18927,"date":"2024-11-19T16:50:57","date_gmt":"2024-11-19T16:50:57","guid":{"rendered":"https:\/\/mwc-cmm.org\/prayers\/prayer-network\/"},"modified":"2026-03-18T20:35:12","modified_gmt":"2026-03-18T20:35:12","slug":"reseau-de-priere-de-la-cmm","status":"publish","type":"page","link":"https:\/\/mwc-cmm.org\/fr\/prieres\/reseau-de-priere-de-la-cmm\/","title":{"rendered":"R\u00e9seau de pri\u00e8re de la CMM"},"content":{"rendered":"\n<h2 class=\"wp-block-heading\">R\u00e9seau de pri\u00e8re de la CMM<\/h2>\n\n\n\n<p><em>\u201cJe recommande en tout premier lieu que l&rsquo;on adresse \u00e0 Dieu des demandes, des pri\u00e8res, des supplications et des remerciements pour tous les hommes\u201d (Timoth\u00e9e 2:1).<\/em><\/p>\n\n\n\n<p>Joignez-vous \u00e0 un r\u00e9seau de fr\u00e8res et de s\u0153urs engag\u00e9s \u00e0 prier pour la famille anabaptiste mondiale.<\/p>\n\n\n\n<p>La Commission Diacres et le service des communications de la CMM continuent cette initiative, lanc\u00e9e dans le cadre des pr\u00e9paratifs du Rassemblement de la CMM PA 2015, afin de r\u00e9unir la famille mondiale dans la pri\u00e8re.<\/p>\n\n\n\n<p>La CMM communique d\u00e9j\u00e0 des sujets de pri\u00e8re sur son site Web et sur sa page Facebook. Le R\u00e9seau de pri\u00e8re est une autre fa\u00e7on \u2013 ax\u00e9e principalement sur la pri\u00e8re \u2013 de soutenir notre famille mondiale. Toute personne qui se joindra au r\u00e9seau recevra des sujets de pri\u00e8re de la famille de foi mondiale directement dans sa bo\u00eete de r\u00e9ception.<\/p>\n\n\n\n<p>Le R\u00e9seau de pri\u00e8re enverra par courriel de quatre \u00e0 cinq pri\u00e8res tous les deux mois. Des courriels suppl\u00e9mentaires pourraient aussi \u00eatre envoy\u00e9s lorsqu\u2019un appel urgent \u00e0 la pri\u00e8re se fait entendre.<\/p>\n\n\n\n<p>Les courriels sont disponibles en anglais, en espagnol ou en fran\u00e7ais. &nbsp;<\/p>\n\n\n\n<p>Si vous souhaitez partager un sujet de pri\u00e8re ou une pri\u00e8re avec nous, \u00e9crivez-nous \u00e0&nbsp;<a href=\"mailto:prieres@mwc-cmm.org\">prieres@mwc-cmm.org<\/a>.<\/p>\n\n\n\n<div class=\"wp-block-buttons is-layout-flex wp-block-buttons-is-layout-flex\">\n<div class=\"wp-block-button\"><a class=\"wp-block-button__link wp-element-button\" href=\"https:\/\/mwc-cmm.org\/fr\/prieres\/soumettre-une-priere\/\">Soumettre une pri\u00e8re<\/a><\/div>\n<\/div>\n\n\n\n<figure class=\"wp-block-image size-large\"><img decoding=\"async\" width=\"1024\" height=\"1024\" data-src=\"https:\/\/mwc-cmm.org\/wp-content\/uploads\/2026\/02\/OPH-FR-1024x1024.jpg\" alt=\"\" class=\"wp-image-124026 lazyload\" data-srcset=\"https:\/\/mwc-cmm.org\/wp-content\/uploads\/2026\/02\/OPH-FR-1024x1024.jpg 1024w, https:\/\/mwc-cmm.org\/wp-content\/uploads\/2026\/02\/OPH-FR-300x300.jpg 300w, https:\/\/mwc-cmm.org\/wp-content\/uploads\/2026\/02\/OPH-FR-150x150.jpg 150w, https:\/\/mwc-cmm.org\/wp-content\/uploads\/2026\/02\/OPH-FR-768x768.jpg 768w, https:\/\/mwc-cmm.org\/wp-content\/uploads\/2026\/02\/OPH-FR.jpg 1080w\" data-sizes=\"(max-width: 1024px) 100vw, 1024px\" src=\"data:image\/svg+xml;base64,PHN2ZyB3aWR0aD0iMSIgaGVpZ2h0PSIxIiB4bWxucz0iaHR0cDovL3d3dy53My5vcmcvMjAwMC9zdmciPjwvc3ZnPg==\" style=\"--smush-placeholder-width: 1024px; --smush-placeholder-aspect-ratio: 1024\/1024;\" \/><\/figure>\n\n\n\n<div class=\"wp-block-columns is-layout-flex wp-container-core-columns-is-layout-28f84493 wp-block-columns-is-layout-flex\">\n<div class=\"wp-block-column is-layout-flow wp-block-column-is-layout-flow\">\n<p class=\"is-style-no-line-eyebrow is-style-eyebrow has-contrast-color has-text-color has-link-color wp-elements-d4d6eecefe99f92f3d09c518feb56130\"><strong>R\u00e9seau de pri\u00e8re<\/strong>&nbsp;de la CMM<\/p>\n\n\n\n<div class=\"wp-block-buttons is-layout-flex wp-block-buttons-is-layout-flex\">\n<div class=\"wp-block-button\"><a class=\"wp-block-button__link wp-element-button\" href=\"https:\/\/mwc-cmm.org\/fr\/prieres\/reseau-de-priere-de-la-cmm\/\">Inscrivez-vous<\/a><\/div>\n<\/div>\n\n\n\n<p class=\"is-style-eyebrow\"><strong>Heure de pri\u00e8re virtuelle<\/strong><\/p>\n\n\n\n<div class=\"wp-block-buttons is-layout-flex wp-block-buttons-is-layout-flex\">\n<div class=\"wp-block-button\"><a class=\"wp-block-button__link wp-element-button\" href=\"https:\/\/mwc-cmm.org\/fr\/prieres\/heure-de-priere-virtuelle-inscription\/\">inscription<\/a><\/div>\n<\/div>\n<\/div>\n\n\n\n<div class=\"wp-block-column is-layout-flow wp-block-column-is-layout-flow\">\n<p class=\"is-style-eyebrow\">Web des&nbsp;<strong>pri\u00e8res<\/strong><\/p>\n\n\n\n<div class=\"wp-block-buttons is-layout-flex wp-block-buttons-is-layout-flex\">\n<div class=\"wp-block-button\"><a class=\"wp-block-button__link wp-element-button\" href=\"https:\/\/mwc-cmm.org\/fr\/prieres\/\">Pri\u00e8res<\/a><\/div>\n<\/div>\n\n\n\n<p class=\"is-style-eyebrow\"><strong>Commission Diacres<\/strong><\/p>\n\n\n\n<div class=\"wp-block-buttons is-layout-flex wp-block-buttons-is-layout-flex\">\n<div class=\"wp-block-button\"><a class=\"wp-block-button__link wp-element-button\" href=\"https:\/\/mwc-cmm.org\/fr\/commissions-3\/commission-diacres\/\">en savoir plus<\/a><\/div>\n<\/div>\n<\/div>\n<\/div>\n\n\n\n<hr class=\"wp-block-separator has-alpha-channel-opacity\"\/>\n\n\n\n<div class=\"wp-block-group has-soft-gray-background-color has-background has-global-padding is-layout-constrained wp-block-group-is-layout-constrained\">\n<h2 class=\"wp-block-heading\" id=\"urgent-prayer-jump-link\" style=\"text-transform:none\">Lettres pastorales et pri\u00e8re urgente<\/h2>\n\n\n\n<div class=\"wp-block-query is-layout-flow wp-block-query-is-layout-flow\"><ul class=\"columns-3 wp-block-post-template is-layout-grid wp-container-core-post-template-is-layout-6d3fbd8f wp-block-post-template-is-layout-grid\"><li class=\"wp-block-post post-125050 post type-post status-publish format-standard has-post-thumbnail hentry category-articles-en-vedette-fr category-de-nos-responsables category-priere-urgente tag-cesar-garcia-fr tag-ecumenism-fr tag-paix tag-pastoral-letter-fr tag-prayer-fr\">\n\n<div class=\"wp-block-group is-layout-flow wp-block-group-is-layout-flow\" style=\"padding-top:0px;padding-right:0px;padding-bottom:0px;padding-left:0px\"><h4 style=\"text-transform:capitalize;\" class=\"wp-block-post-title has-medium-font-size\"><a href=\"https:\/\/mwc-cmm.org\/fr\/stories\/communique-oecumenique-joint-sur-lescalade-du-conflit-au-moyen-orient\/\" target=\"_self\" >Communiqu\u00e9 \u0153cum\u00e9nique joint sur l\u2019escalade du conflit au Moyen-Orient.<\/a><\/h4>\n\n<div style=\"text-transform:uppercase;\" class=\"wp-block-post-date has-small-font-size\"><time datetime=\"2026-03-09T18:57:21+00:00\">9 mars 2026<\/time><\/div>\n\n<div class=\"wp-block-post-excerpt has-small-font-size\"><p class=\"wp-block-post-excerpt__excerpt\">Le Conseil \u0153cum\u00e9nique des \u00c9glises, le Conseil des \u00c9glises du Moyen-Orient, la F\u00e9d\u00e9ration luth\u00e9rienne mondiale, la Communion mondiale d\u2019\u00c9glises r\u00e9form\u00e9es, le Conseil m\u00e9thodiste mondial, la\u2026<\/p><p class=\"wp-block-post-excerpt__more-text\"><a class=\"wp-block-post-excerpt__more-link\" href=\"https:\/\/mwc-cmm.org\/fr\/stories\/communique-oecumenique-joint-sur-lescalade-du-conflit-au-moyen-orient\/\">Lire la suite<\/a><\/p><\/div><\/div>\n\n<\/li><li class=\"wp-block-post post-124600 post type-post status-publish format-standard has-post-thumbnail hentry category-priere-urgente tag-commission-diacres tag-les-caraibes tag-prayer-fr tag-representants-regionaux network-commissions network-deacons-commission eventcategory-online-prayer-hour\">\n\n<div class=\"wp-block-group is-layout-flow wp-block-group-is-layout-flow\" style=\"padding-top:0px;padding-right:0px;padding-bottom:0px;padding-left:0px\"><h4 style=\"text-transform:capitalize;\" class=\"wp-block-post-title has-medium-font-size\"><a href=\"https:\/\/mwc-cmm.org\/fr\/stories\/priere-urgente-pour-cuba\/\" target=\"_self\" >Pri\u00e8re urgente pour Cuba<\/a><\/h4>\n\n<div style=\"text-transform:uppercase;\" class=\"wp-block-post-date has-small-font-size\"><time datetime=\"2026-02-27T22:24:34+00:00\">27 f\u00e9vrier 2026<\/time><\/div>\n\n<div class=\"wp-block-post-excerpt has-small-font-size\"><p class=\"wp-block-post-excerpt__excerpt\">We call on your prayers and actions of solidarity with our members in Cuba. Pastor Luis Hern\u00e1ndez Bermudez of MWC member church Sociedad Misionera Cubana\u2026<\/p><p class=\"wp-block-post-excerpt__more-text\"><a class=\"wp-block-post-excerpt__more-link\" href=\"https:\/\/mwc-cmm.org\/fr\/stories\/priere-urgente-pour-cuba\/\">Lire la suite<\/a><\/p><\/div><\/div>\n\n<\/li><li class=\"wp-block-post post-124092 post type-post status-publish format-standard has-post-thumbnail hentry category-articles-en-vedette-fr category-priere-urgente tag-asia-pacific tag-asie-et-pacifique tag-commission-paix tag-commission-diacres tag-prayer-fr tag-priere-urgente network-commissions-fr network-deacons-commission-fr network-peace-commission-fr\">\n\n<div class=\"wp-block-group is-layout-flow wp-block-group-is-layout-flow\" style=\"padding-top:0px;padding-right:0px;padding-bottom:0px;padding-left:0px\"><h4 style=\"text-transform:capitalize;\" class=\"wp-block-post-title has-medium-font-size\"><a href=\"https:\/\/mwc-cmm.org\/fr\/stories\/priere-urgente-bombardements-au-myanmar\/\" target=\"_self\" >Pri\u00e8re urgente : bombardements au Myanmar<\/a><\/h4>\n\n<div style=\"text-transform:uppercase;\" class=\"wp-block-post-date has-small-font-size\"><time datetime=\"2026-02-11T06:59:38+00:00\">11 f\u00e9vrier 2026<\/time><\/div>\n\n<div class=\"wp-block-post-excerpt has-small-font-size\"><p class=\"wp-block-post-excerpt__excerpt\">\u00ab\u00a0SEIGNEUR, \u00e9coute ma pri\u00e8re, que mon cri parvienne jusqu\u2019\u00e0 toi\u00a0! Ne me cache pas ton visage au jour de ma d\u00e9tresse. Tends vers moi l\u2019oreille.\u2026<\/p><p class=\"wp-block-post-excerpt__more-text\"><a class=\"wp-block-post-excerpt__more-link\" href=\"https:\/\/mwc-cmm.org\/fr\/stories\/priere-urgente-bombardements-au-myanmar\/\">Lire la suite<\/a><\/p><\/div><\/div>\n\n<\/li><li class=\"wp-block-post post-122991 post type-post status-publish format-standard has-post-thumbnail hentry category-articles-en-vedette-fr category-priere-urgente tag-guerre tag-latin-america-fr tag-paix tag-pastoral-letter-fr tag-prayer-fr tag-venezuela network-deacons-commission network-peace-commission\">\n\n<div class=\"wp-block-group is-layout-flow wp-block-group-is-layout-flow\" style=\"padding-top:0px;padding-right:0px;padding-bottom:0px;padding-left:0px\"><h4 style=\"text-transform:capitalize;\" class=\"wp-block-post-title has-medium-font-size\"><a href=\"https:\/\/mwc-cmm.org\/fr\/stories\/lettre-pastorale-pour-les-anabaptistes-mennonites-du-venezuela\/\" target=\"_self\" >Lettre pastorale pour les anabaptistes-mennonites du Venezuela\u202f\u202f\u202f<\/a><\/h4>\n\n<div style=\"text-transform:uppercase;\" class=\"wp-block-post-date has-small-font-size\"><time datetime=\"2026-01-07T16:27:51+00:00\">7 janvier 2026<\/time><\/div>\n\n<div class=\"wp-block-post-excerpt has-small-font-size\"><p class=\"wp-block-post-excerpt__excerpt\">S\u0153urs et fr\u00e8res bien-aim\u00e9s\u00a0: La Conf\u00e9rence Mennonite Mondiale appelle tous ses membres \u00e0 prier pour nos s\u0153urs et fr\u00e8res au Venezuela. Le 3 janvier 2026\u2026<\/p><p class=\"wp-block-post-excerpt__more-text\"><a class=\"wp-block-post-excerpt__more-link\" href=\"https:\/\/mwc-cmm.org\/fr\/stories\/lettre-pastorale-pour-les-anabaptistes-mennonites-du-venezuela\/\">Lire la suite<\/a><\/p><\/div><\/div>\n\n<\/li><li class=\"wp-block-post post-120545 post type-post status-publish format-standard has-post-thumbnail hentry category-priere-urgente tag-les-caraibes tag-pastoral-letter-fr tag-prayer-fr\">\n\n<div class=\"wp-block-group is-layout-flow wp-block-group-is-layout-flow\" style=\"padding-top:0px;padding-right:0px;padding-bottom:0px;padding-left:0px\"><h4 style=\"text-transform:capitalize;\" class=\"wp-block-post-title has-medium-font-size\"><a href=\"https:\/\/mwc-cmm.org\/fr\/stories\/lettre-pastorale-pour-les-caribeens-et-caribeennes\/\" target=\"_self\" >Lettre pastorale pour les Carib\u00e9ens et Carib\u00e9ennes.<\/a><\/h4>\n\n<div style=\"text-transform:uppercase;\" class=\"wp-block-post-date has-small-font-size\"><time datetime=\"2025-11-05T09:44:35+00:00\">5 novembre 2025<\/time><\/div>\n\n<div class=\"wp-block-post-excerpt has-small-font-size\"><p class=\"wp-block-post-excerpt__excerpt\">S\u0153urs et fr\u00e8res bien-aim\u00e9s : Nous invitons la famille anabaptiste mondiale \u00e0 prier pour les populations de la r\u00e9gion des Cara\u00efbes apr\u00e8s le passage de\u2026<\/p><p class=\"wp-block-post-excerpt__more-text\"><a class=\"wp-block-post-excerpt__more-link\" href=\"https:\/\/mwc-cmm.org\/fr\/stories\/lettre-pastorale-pour-les-caribeens-et-caribeennes\/\">Lire la suite<\/a><\/p><\/div><\/div>\n\n<\/li><li class=\"wp-block-post post-119268 post type-post status-publish format-standard has-post-thumbnail hentry category-articles-en-vedette-fr category-priere-urgente tag-paix tag-pastoral-letter-fr tag-prayer-fr network-commissions-fr network-deacons-commission-fr network-peace-commission-fr\">\n\n<div class=\"wp-block-group is-layout-flow wp-block-group-is-layout-flow\" style=\"padding-top:0px;padding-right:0px;padding-bottom:0px;padding-left:0px\"><h4 style=\"text-transform:capitalize;\" class=\"wp-block-post-title has-medium-font-size\"><a href=\"https:\/\/mwc-cmm.org\/fr\/stories\/lettre-pastorale-de-souvenir-et-de-deuil\/\" target=\"_self\" >Lettre pastorale de souvenir et de deuil<\/a><\/h4>\n\n<div style=\"text-transform:uppercase;\" class=\"wp-block-post-date has-small-font-size\"><time datetime=\"2025-10-07T03:34:06+00:00\">7 octobre 2025<\/time><\/div>\n\n<div class=\"wp-block-post-excerpt has-small-font-size\"><p class=\"wp-block-post-excerpt__excerpt\">Le 7\u202foctobre 2025 marque le triste anniversaire d\u2019une flamb\u00e9e de violence qui a caus\u00e9 la mort de centaines de milliers de personnes en Isra\u00ebl, en\u2026<\/p><p class=\"wp-block-post-excerpt__more-text\"><a class=\"wp-block-post-excerpt__more-link\" href=\"https:\/\/mwc-cmm.org\/fr\/stories\/lettre-pastorale-de-souvenir-et-de-deuil\/\">Lire la suite<\/a><\/p><\/div><\/div>\n\n<\/li><\/ul>\n\n<nav class=\"wp-block-query-pagination is-layout-flex wp-block-query-pagination-is-layout-flex\" aria-label=\"Pagination\">\n\n\n<div class=\"wp-block-query-pagination-numbers\"><span aria-current=\"page\" class=\"page-numbers current\">1<\/span>\n<a class=\"page-numbers\" href=\"?query-11-page=2\">2<\/a>\n<a class=\"page-numbers\" href=\"?query-11-page=3\">3<\/a>\n<span class=\"page-numbers dots\">\u2026<\/span>\n<a class=\"page-numbers\" href=\"?query-11-page=6\">6<\/a><\/div>\n\n<a href=\"\/fr\/wp-json\/wp\/v2\/pages\/18927?query-11-page=2\" class=\"wp-block-query-pagination-next\">Page suivante<\/a>\n<\/nav><\/div>\n<\/div>\n","protected":false},"excerpt":{"rendered":"<p>R\u00e9seau de pri\u00e8re de la CMM \u201cJe recommande en tout premier lieu que l&rsquo;on adresse \u00e0 Dieu des demandes, des pri\u00e8res, des supplications et des remerciements pour tous les hommes\u201d (Timoth\u00e9e 2:1). Joignez-vous \u00e0 un r\u00e9seau de fr\u00e8res et de s\u0153urs engag\u00e9s \u00e0 prier pour la famille anabaptiste mondiale. La Commission Diacres et le service [&hellip;]<\/p>\n","protected":false},"author":2,"featured_media":0,"parent":14960,"menu_order":0,"comment_status":"closed","ping_status":"closed","template":"","meta":{"_acf_changed":false,"footnotes":""},"class_list":["post-18927","page","type-page","status-publish","hentry"],"acf":[],"yoast_head":"<!-- This site is optimized with the Yoast SEO plugin v27.2 - https:\/\/yoast.com\/product\/yoast-seo-wordpress\/ -->\n<title>R\u00e9seau de pri\u00e8re de la CMM - Mennonite World Conference<\/title>\n<meta name=\"robots\" content=\"index, follow, max-snippet:-1, max-image-preview:large, max-video-preview:-1\" \/>\n<link rel=\"canonical\" href=\"https:\/\/mwc-cmm.org\/fr\/prieres\/reseau-de-priere-de-la-cmm\/\" \/>\n<link rel=\"next\" href=\"https:\/\/mwc-cmm.org\/fr\/prieres\/reseau-de-priere-de-la-cmm\/18927?query-11-page=2\" \/>\n<meta property=\"og:locale\" content=\"fr_FR\" \/>\n<meta property=\"og:type\" content=\"article\" \/>\n<meta property=\"og:title\" content=\"R\u00e9seau de pri\u00e8re de la CMM - Mennonite World Conference\" \/>\n<meta property=\"og:description\" content=\"R\u00e9seau de pri\u00e8re de la CMM \u201cJe recommande en tout premier lieu que l&rsquo;on adresse \u00e0 Dieu des demandes, des pri\u00e8res, des supplications et des remerciements pour tous les hommes\u201d (Timoth\u00e9e 2:1). Joignez-vous \u00e0 un r\u00e9seau de fr\u00e8res et de s\u0153urs engag\u00e9s \u00e0 prier pour la famille anabaptiste mondiale. La Commission Diacres et le service [&hellip;]\" \/>\n<meta property=\"og:url\" content=\"https:\/\/mwc-cmm.org\/fr\/prieres\/reseau-de-priere-de-la-cmm\/\" \/>\n<meta property=\"og:site_name\" content=\"Mennonite World Conference\" \/>\n<meta property=\"article:publisher\" content=\"https:\/\/www.facebook.com\/MennoniteWorldConference\" \/>\n<meta property=\"article:modified_time\" content=\"2026-03-18T20:35:12+00:00\" \/>\n<meta property=\"og:image\" content=\"https:\/\/mwc-cmm.org\/wp-content\/uploads\/2026\/02\/OPH-FR.jpg\" \/>\n\t<meta property=\"og:image:width\" content=\"1080\" \/>\n\t<meta property=\"og:image:height\" content=\"1080\" \/>\n\t<meta property=\"og:image:type\" content=\"image\/jpeg\" \/>\n<script type=\"application\/ld+json\" class=\"yoast-schema-graph\">{\"@context\":\"https:\/\/schema.org\",\"@graph\":[{\"@type\":\"WebPage\",\"@id\":\"https:\/\/mwc-cmm.org\/fr\/prieres\/reseau-de-priere-de-la-cmm\/\",\"url\":\"https:\/\/mwc-cmm.org\/fr\/prieres\/reseau-de-priere-de-la-cmm\/\",\"name\":\"R\u00e9seau de pri\u00e8re de la CMM - Mennonite World Conference\",\"isPartOf\":{\"@id\":\"https:\/\/mwc-cmm.org\/en\/#website\"},\"primaryImageOfPage\":{\"@id\":\"https:\/\/mwc-cmm.org\/fr\/prieres\/reseau-de-priere-de-la-cmm\/#primaryimage\"},\"image\":{\"@id\":\"https:\/\/mwc-cmm.org\/fr\/prieres\/reseau-de-priere-de-la-cmm\/#primaryimage\"},\"thumbnailUrl\":\"https:\/\/mwc-cmm.org\/wp-content\/uploads\/2026\/02\/OPH-FR-1024x1024.jpg\",\"datePublished\":\"2024-11-19T16:50:57+00:00\",\"dateModified\":\"2026-03-18T20:35:12+00:00\",\"breadcrumb\":{\"@id\":\"https:\/\/mwc-cmm.org\/fr\/prieres\/reseau-de-priere-de-la-cmm\/#breadcrumb\"},\"inLanguage\":\"fr-FR\",\"potentialAction\":[{\"@type\":\"ReadAction\",\"target\":[\"https:\/\/mwc-cmm.org\/fr\/prieres\/reseau-de-priere-de-la-cmm\/\"]}]},{\"@type\":\"ImageObject\",\"inLanguage\":\"fr-FR\",\"@id\":\"https:\/\/mwc-cmm.org\/fr\/prieres\/reseau-de-priere-de-la-cmm\/#primaryimage\",\"url\":\"https:\/\/mwc-cmm.org\/wp-content\/uploads\/2026\/02\/OPH-FR-1024x1024.jpg\",\"contentUrl\":\"https:\/\/mwc-cmm.org\/wp-content\/uploads\/2026\/02\/OPH-FR-1024x1024.jpg\"},{\"@type\":\"BreadcrumbList\",\"@id\":\"https:\/\/mwc-cmm.org\/fr\/prieres\/reseau-de-priere-de-la-cmm\/#breadcrumb\",\"itemListElement\":[{\"@type\":\"ListItem\",\"position\":1,\"name\":\"Home\",\"item\":\"https:\/\/mwc-cmm.org\/fr\/\"},{\"@type\":\"ListItem\",\"position\":2,\"name\":\"Pri\u00e8res\",\"item\":\"https:\/\/mwc-cmm.org\/fr\/prieres\/\"},{\"@type\":\"ListItem\",\"position\":3,\"name\":\"R\u00e9seau de pri\u00e8re de la CMM\"}]},{\"@type\":\"WebSite\",\"@id\":\"https:\/\/mwc-cmm.org\/en\/#website\",\"url\":\"https:\/\/mwc-cmm.org\/en\/\",\"name\":\"Mennonite World Conference\",\"description\":\"A communion of Anabaptist-related churches\",\"publisher\":{\"@id\":\"https:\/\/mwc-cmm.org\/en\/#organization\"},\"alternateName\":\"MWC\",\"potentialAction\":[{\"@type\":\"SearchAction\",\"target\":{\"@type\":\"EntryPoint\",\"urlTemplate\":\"https:\/\/mwc-cmm.org\/en\/?s={search_term_string}\"},\"query-input\":{\"@type\":\"PropertyValueSpecification\",\"valueRequired\":true,\"valueName\":\"search_term_string\"}}],\"inLanguage\":\"fr-FR\"},{\"@type\":\"Organization\",\"@id\":\"https:\/\/mwc-cmm.org\/en\/#organization\",\"name\":\"Mennonite World Conference\",\"alternateName\":\"MWC\",\"url\":\"https:\/\/mwc-cmm.org\/en\/\",\"logo\":{\"@type\":\"ImageObject\",\"inLanguage\":\"fr-FR\",\"@id\":\"https:\/\/mwc-cmm.org\/en\/#\/schema\/logo\/image\/\",\"url\":\"https:\/\/mwc-cmm.org\/wp-content\/uploads\/2026\/01\/MWC_Sig_Blue_Horiz_webheader1-logo.svg\",\"contentUrl\":\"https:\/\/mwc-cmm.org\/wp-content\/uploads\/2026\/01\/MWC_Sig_Blue_Horiz_webheader1-logo.svg\",\"width\":786,\"height\":82,\"caption\":\"Mennonite World Conference\"},\"image\":{\"@id\":\"https:\/\/mwc-cmm.org\/en\/#\/schema\/logo\/image\/\"},\"sameAs\":[\"https:\/\/www.facebook.com\/MennoniteWorldConference\",\"https:\/\/www.linkedin.com\/company\/mennonite-world-conference-mwc\/\",\"https:\/\/www.instagram.com\/mwcmm\/\",\"https:\/\/www.youtube.com\/user\/mwccmm\",\"https:\/\/bsky.app\/profile\/mwcmm.bsky.social\"]}]}<\/script>\n<!-- \/ Yoast SEO plugin. -->","yoast_head_json":{"title":"R\u00e9seau de pri\u00e8re de la CMM - Mennonite World Conference","robots":{"index":"index","follow":"follow","max-snippet":"max-snippet:-1","max-image-preview":"max-image-preview:large","max-video-preview":"max-video-preview:-1"},"canonical":"https:\/\/mwc-cmm.org\/fr\/prieres\/reseau-de-priere-de-la-cmm\/","next":"https:\/\/mwc-cmm.org\/fr\/prieres\/reseau-de-priere-de-la-cmm\/18927?query-11-page=2","og_locale":"fr_FR","og_type":"article","og_title":"R\u00e9seau de pri\u00e8re de la CMM - Mennonite World Conference","og_description":"R\u00e9seau de pri\u00e8re de la CMM \u201cJe recommande en tout premier lieu que l&rsquo;on adresse \u00e0 Dieu des demandes, des pri\u00e8res, des supplications et des remerciements pour tous les hommes\u201d (Timoth\u00e9e 2:1). Joignez-vous \u00e0 un r\u00e9seau de fr\u00e8res et de s\u0153urs engag\u00e9s \u00e0 prier pour la famille anabaptiste mondiale. La Commission Diacres et le service [&hellip;]","og_url":"https:\/\/mwc-cmm.org\/fr\/prieres\/reseau-de-priere-de-la-cmm\/","og_site_name":"Mennonite World Conference","article_publisher":"https:\/\/www.facebook.com\/MennoniteWorldConference","article_modified_time":"2026-03-18T20:35:12+00:00","og_image":[{"width":1080,"height":1080,"url":"https:\/\/mwc-cmm.org\/wp-content\/uploads\/2026\/02\/OPH-FR.jpg","type":"image\/jpeg"}],"schema":{"@context":"https:\/\/schema.org","@graph":[{"@type":"WebPage","@id":"https:\/\/mwc-cmm.org\/fr\/prieres\/reseau-de-priere-de-la-cmm\/","url":"https:\/\/mwc-cmm.org\/fr\/prieres\/reseau-de-priere-de-la-cmm\/","name":"R\u00e9seau de pri\u00e8re de la CMM - Mennonite World Conference","isPartOf":{"@id":"https:\/\/mwc-cmm.org\/en\/#website"},"primaryImageOfPage":{"@id":"https:\/\/mwc-cmm.org\/fr\/prieres\/reseau-de-priere-de-la-cmm\/#primaryimage"},"image":{"@id":"https:\/\/mwc-cmm.org\/fr\/prieres\/reseau-de-priere-de-la-cmm\/#primaryimage"},"thumbnailUrl":"https:\/\/mwc-cmm.org\/wp-content\/uploads\/2026\/02\/OPH-FR-1024x1024.jpg","datePublished":"2024-11-19T16:50:57+00:00","dateModified":"2026-03-18T20:35:12+00:00","breadcrumb":{"@id":"https:\/\/mwc-cmm.org\/fr\/prieres\/reseau-de-priere-de-la-cmm\/#breadcrumb"},"inLanguage":"fr-FR","potentialAction":[{"@type":"ReadAction","target":["https:\/\/mwc-cmm.org\/fr\/prieres\/reseau-de-priere-de-la-cmm\/"]}]},{"@type":"ImageObject","inLanguage":"fr-FR","@id":"https:\/\/mwc-cmm.org\/fr\/prieres\/reseau-de-priere-de-la-cmm\/#primaryimage","url":"https:\/\/mwc-cmm.org\/wp-content\/uploads\/2026\/02\/OPH-FR-1024x1024.jpg","contentUrl":"https:\/\/mwc-cmm.org\/wp-content\/uploads\/2026\/02\/OPH-FR-1024x1024.jpg"},{"@type":"BreadcrumbList","@id":"https:\/\/mwc-cmm.org\/fr\/prieres\/reseau-de-priere-de-la-cmm\/#breadcrumb","itemListElement":[{"@type":"ListItem","position":1,"name":"Home","item":"https:\/\/mwc-cmm.org\/fr\/"},{"@type":"ListItem","position":2,"name":"Pri\u00e8res","item":"https:\/\/mwc-cmm.org\/fr\/prieres\/"},{"@type":"ListItem","position":3,"name":"R\u00e9seau de pri\u00e8re de la CMM"}]},{"@type":"WebSite","@id":"https:\/\/mwc-cmm.org\/en\/#website","url":"https:\/\/mwc-cmm.org\/en\/","name":"Mennonite World Conference","description":"A communion of Anabaptist-related churches","publisher":{"@id":"https:\/\/mwc-cmm.org\/en\/#organization"},"alternateName":"MWC","potentialAction":[{"@type":"SearchAction","target":{"@type":"EntryPoint","urlTemplate":"https:\/\/mwc-cmm.org\/en\/?s={search_term_string}"},"query-input":{"@type":"PropertyValueSpecification","valueRequired":true,"valueName":"search_term_string"}}],"inLanguage":"fr-FR"},{"@type":"Organization","@id":"https:\/\/mwc-cmm.org\/en\/#organization","name":"Mennonite World Conference","alternateName":"MWC","url":"https:\/\/mwc-cmm.org\/en\/","logo":{"@type":"ImageObject","inLanguage":"fr-FR","@id":"https:\/\/mwc-cmm.org\/en\/#\/schema\/logo\/image\/","url":"https:\/\/mwc-cmm.org\/wp-content\/uploads\/2026\/01\/MWC_Sig_Blue_Horiz_webheader1-logo.svg","contentUrl":"https:\/\/mwc-cmm.org\/wp-content\/uploads\/2026\/01\/MWC_Sig_Blue_Horiz_webheader1-logo.svg","width":786,"height":82,"caption":"Mennonite World Conference"},"image":{"@id":"https:\/\/mwc-cmm.org\/en\/#\/schema\/logo\/image\/"},"sameAs":["https:\/\/www.facebook.com\/MennoniteWorldConference","https:\/\/www.linkedin.com\/company\/mennonite-world-conference-mwc\/","https:\/\/www.instagram.com\/mwcmm\/","https:\/\/www.youtube.com\/user\/mwccmm","https:\/\/bsky.app\/profile\/mwcmm.bsky.social"]}]}},"_links":{"self":[{"href":"https:\/\/mwc-cmm.org\/fr\/wp-json\/wp\/v2\/pages\/18927","targetHints":{"allow":["GET"]}}],"collection":[{"href":"https:\/\/mwc-cmm.org\/fr\/wp-json\/wp\/v2\/pages"}],"about":[{"href":"https:\/\/mwc-cmm.org\/fr\/wp-json\/wp\/v2\/types\/page"}],"author":[{"embeddable":true,"href":"https:\/\/mwc-cmm.org\/fr\/wp-json\/wp\/v2\/users\/2"}],"replies":[{"embeddable":true,"href":"https:\/\/mwc-cmm.org\/fr\/wp-json\/wp\/v2\/comments?post=18927"}],"version-history":[{"count":0,"href":"https:\/\/mwc-cmm.org\/fr\/wp-json\/wp\/v2\/pages\/18927\/revisions"}],"up":[{"embeddable":true,"href":"https:\/\/mwc-cmm.org\/fr\/wp-json\/wp\/v2\/pages\/14960"}],"wp:attachment":[{"href":"https:\/\/mwc-cmm.org\/fr\/wp-json\/wp\/v2\/media?parent=18927"}],"curies":[{"name":"wp","href":"https:\/\/api.w.org\/{rel}","templated":true}]}}