{"id":12090,"date":"2020-05-03T00:00:00","date_gmt":"2020-05-03T00:00:00","guid":{"rendered":"https:\/\/mwc-cmm.org\/mwc-responds-to-covid-19\/"},"modified":"2024-10-23T16:20:17","modified_gmt":"2024-10-23T16:20:17","slug":"mwc-responds-to-covid-19","status":"publish","type":"page","link":"https:\/\/mwc-cmm.org\/fr\/mwc-responds-to-covid-19\/","title":{"rendered":"MWC responds to COVID-19"},"content":{"rendered":"\n<h2 class=\"wp-block-heading\"><a href=\"https:\/\/mwc-cmm.org\/node\/3610\">Le Fonds de Partage de l\u2019\u00c9glise Mondiale de la CMM se mobilise contre la pand\u00e9mie<\/a><\/h2>\n\n\n\n<p>Loin d\u2019\u00eatre un \u00e9l\u00e9ment \u00e9galiseur, la pand\u00e9mie de COVID-19 expose au grand jour les in\u00e9galit\u00e9s syst\u00e9miques existantes qui favorisent certains au d\u00e9triment d\u2019autres. Que peut faire la famille anabaptiste&nbsp;?&nbsp;<\/p>\n\n\n\n<p>La Conf\u00e9rence Mennonite Mondiale a invit\u00e9 les organisations d\u2019entraide et de mission \u00e0 coordonner leur aide financi\u00e8re pour soulager les difficult\u00e9s li\u00e9es au COVID-19 affectant surtout les \u00e9glises membres avec peu de moyen partout dans le monde.&nbsp;<\/p>\n\n\n\n<p><em>14 Mai 2020<\/em><\/p>\n\n\n\n<hr class=\"wp-block-separator has-alpha-channel-opacity\"\/>\n\n\n\n<h2 class=\"wp-block-heading\"><a href=\"https:\/\/mwc-cmm.org\/fr\/node\/3921\">La CMM continue son action pastorale face \u00e0 la Covid-19<\/a><\/h2>\n\n\n\n<p><a href=\"https:\/\/mwc-cmm.org\/es\/file\/untitledstory1png\">untitled_story1.png<\/a><\/p>\n\n\n\n<figure class=\"wp-block-image size-large\"><img decoding=\"async\" width=\"1024\" height=\"576\" data-src=\"https:\/\/mwc-cmm.org\/wp-content\/uploads\/2024\/10\/untitled_story2-1-1024x576.png\" alt=\"A map of project locations\" class=\"wp-image-12109 lazyload\" data-srcset=\"https:\/\/mwc-cmm.org\/wp-content\/uploads\/2024\/10\/untitled_story2-1-1024x576.png 1024w, https:\/\/mwc-cmm.org\/wp-content\/uploads\/2024\/10\/untitled_story2-1-300x169.png 300w, https:\/\/mwc-cmm.org\/wp-content\/uploads\/2024\/10\/untitled_story2-1-768x432.png 768w, https:\/\/mwc-cmm.org\/wp-content\/uploads\/2024\/10\/untitled_story2-1-1536x864.png 1536w, https:\/\/mwc-cmm.org\/wp-content\/uploads\/2024\/10\/untitled_story2-1.png 1920w\" data-sizes=\"(max-width: 1024px) 100vw, 1024px\" src=\"data:image\/svg+xml;base64,PHN2ZyB3aWR0aD0iMSIgaGVpZ2h0PSIxIiB4bWxucz0iaHR0cDovL3d3dy53My5vcmcvMjAwMC9zdmciPjwvc3ZnPg==\" style=\"--smush-placeholder-width: 1024px; --smush-placeholder-aspect-ratio: 1024\/576;\" \/><\/figure>\n\n\n\n<p>Au d\u00e9but de la pand\u00e9mie de coronavirus, beaucoup d\u2019\u00e9glises membres de la CMM nous \u00e9crivaient pour nous parler des pertes d\u2019emploi et de la faim dans leurs paroisses \u00e0 cause des fermetures et des confinements. La Conf\u00e9rence Mennonite Mondiale a commenc\u00e9 \u00e0 lever des fonds pour r\u00e9pondre aux besoins li\u00e9s \u00e0 la pand\u00e9mie dans la famille anabaptiste.<\/p>\n\n\n\n<p>Un an apr\u00e8s le d\u00e9but de la pand\u00e9mie, la CMM b\u00e9nie et affirme le travail des agences mennonites-anabaptistes d\u2019entraides et de mission alors qu\u2019elles continuent de d\u00e9ployer leurs efforts pour faire face \u00e0 la pand\u00e9mie en partenariat avec les \u00e9glises anabaptistes partout dans le monde.<\/p>\n\n\n\n<p><em>6 F\u00e9vrier 2021<\/em><\/p>\n\n\n\n<hr class=\"wp-block-separator has-alpha-channel-opacity\"\/>\n\n\n\n<h2 class=\"wp-block-heading\"><a href=\"https:\/\/mwc-cmm.org\/fr\/node\/3849\">Le fonds de solidarit\u00e9 cible les in\u00e9galit\u00e9s dans l\u2019\u00c9glise mondiale<\/a><\/h2>\n\n\n\n<p>En mai 2020, la CMM a constitu\u00e9 un groupe de travail issu des agences anabaptistes d\u2019entraide et de mission pour \u00e9tudier les demandes d\u2019aide financi\u00e8re \u00e9manant des \u00e9glises membres de la CMM dans les pays du Sud.&nbsp;<\/p>\n\n\n\n<p>\u00ab&nbsp;Le fonds a \u00e9t\u00e9 cr\u00e9\u00e9 en sachant que, comme c\u2019est souvent le cas lors de catastrophes, l\u2019impact sanitaire et \u00e9conomique n\u2019est pas le m\u00eame \u00e0 travers l\u2019\u00c9glise mondiale,&nbsp;\u00bb explique Henk Stenvers, secr\u00e9taire de la commission Diacres.&nbsp;<\/p>\n\n\n\n<p><em>24 Novembre 2020<\/em><\/p>\n\n\n\n<hr class=\"wp-block-separator has-alpha-channel-opacity\"\/>\n\n\n\n<h2 class=\"wp-block-heading\"><a href=\"https:\/\/mwc-cmm.org\/fr\/node\/3821\">Intr\u00e9pides et prudentes: Nos \u00e9glises traversent la crise<\/a><\/h2>\n\n\n\n<p>Les 12 repr\u00e9sentants r\u00e9gionaux de la CMM se r\u00e9unissent tous les trimestres pour partager les peines et les joies des \u00e9glises anabaptistes de leur r\u00e9gion. Lors de notre derni\u00e8re r\u00e9union, les repr\u00e9sentants ont \u00e9voqu\u00e9 les fardeaux qui affectent les \u00e9glises et leur r\u00e9action r\u00e9siliente face au COVID-19.<\/p>\n\n\n\n<p><em>14 October 2020<\/em><\/p>\n\n\n\n<hr class=\"wp-block-separator has-alpha-channel-opacity\"\/>\n\n\n\n<h2 class=\"wp-block-heading\"><a href=\"https:\/\/mwc-cmm.org\/fr\/node\/3770\">Le Fonds mondial de solidarit\u00e9 COVID-19 vient en aide aux \u00e9glises &#8211; No 3<\/a><\/h2>\n\n\n\n<p>\u00ab&nbsp;J\u2019ai vu des familles enti\u00e8res chercher de quoi calmer leur faim en fouillant dans les d\u00e9charges \u00e0 ciel ouvert. J\u2019ai malheureusement vu des personnes \u00e2g\u00e9es \u00eatre renvoy\u00e9es de l\u2019h\u00f4pital sans y avoir \u00e9t\u00e9 soign\u00e9es et sans m\u00e9dicaments par manque de capacit\u00e9 et de moyens,&nbsp;\u00bb racontait Erwin Francisco Mirabal Gonz\u00e1lez, pasteur mennonite au Venezuela. Il coordonnait l\u2019action de secours COVID-19 de son \u00e9glise en partenariat avec Mennonite Mission Network et l\u2019\u00c9glise mennonite de Colombie (IMCOL) avant de contracter le virus et d\u2019en d\u00e9c\u00e9der.<\/p>\n\n\n\n<p><em>3 Septembre 2020<\/em><\/p>\n\n\n\n<hr class=\"wp-block-separator has-alpha-channel-opacity\"\/>\n\n\n\n<h2 class=\"wp-block-heading\"><a href=\"https:\/\/mwc-cmm.org\/fr\/node\/3741\">Une lointaine \u00eele indon\u00e9sienne b\u00e9n\u00e9ficie du Fonds de Solidarit\u00e9 COVID-19 de la CMM<\/a><\/h2>\n\n\n\n<p>La pand\u00e9mie de COVID-19 est le moindre des soucis des habitants de l\u2019\u00eele Sumba. Gr\u00e2ce \u00e0 leur \u00e9loignement g\u00e9ographique, seule une dizaine de cas confirm\u00e9s a \u00e9t\u00e9 signal\u00e9e sur l\u2019\u00eele \u00e0 la date du 4&nbsp;ao\u00fbt&nbsp;2020. Cependant, cette communaut\u00e9 est touch\u00e9e de plein fouet par l\u2019impact \u00e9conomique des mesures de confinement li\u00e9es au coronavirus.<\/p>\n\n\n\n<p>Les membres des cinq \u00e9glises issues de Gereja Kristen Muria Indonesia (GKMI) Ekklesia (Bali) implant\u00e9es sur l\u2019\u00eele, sont, pour la plupart, producteurs de ma\u00efs et d\u2019algues ou tisseurs traditionnels. Tous ont vu leurs revenus diminuer. Leurs r\u00e9coltes ne sont pas enti\u00e8rement liquid\u00e9es sur les march\u00e9s et le march\u00e9 du tissage a compl\u00e9tement disparu avec l\u2019arr\u00eat du tourisme.<\/p>\n\n\n\n<p><em>14 Aout 2020<\/em><\/p>\n\n\n\n<hr class=\"wp-block-separator has-alpha-channel-opacity\"\/>\n\n\n\n<h2 class=\"wp-block-heading\"><a href=\"https:\/\/mwc-cmm.org\/fr\/node\/3713\">Le Fonds mondial de solidarit\u00e9 COVID-19 vient en aide aux \u00e9glises&nbsp;<\/a><strong><a href=\"https:\/\/mwc-cmm.org\/fr\/node\/3695\">&#8211; N<\/a><a href=\"https:\/\/mwc-cmm.org\/fr\/node\/3713\">o<\/a>&nbsp;2<\/strong><\/h2>\n\n\n\n<p>\u00ab&nbsp;L\u2019intervention de l\u2019\u00c9glise est unique parce qu\u2019il ne s\u2019agit pas simplement d\u2019une distribution de denr\u00e9es mais bien d\u2019un accompagnement qui nous permet de cheminer ensemble, d\u2019alimenter le corps et l\u2019\u00e2me durant cette p\u00e9riode o\u00f9 le d\u00e9sespoir am\u00e8ne beaucoup \u00e0 perdre de vue le sens de la vie,&nbsp;\u00bb explique Yanett Palacios, pr\u00e9sidente de Iglesia Evang\u00e9lica Menonita de Guatemala.<\/p>\n\n\n\n<p>Le&nbsp;groupe de travail inter-organisations&nbsp;de la Conf\u00e9rence Mennonite Mondiale pour l\u2019action COVID-19 a approuv\u00e9 21 propositions d\u2019actions humanitaires dont celle de Yanett Palacios de IEMG, une union d\u2019\u00e9glises membre de la CMM au Guatemala.<\/p>\n\n\n\n<p><em>31 Juillet 2020<\/em><\/p>\n\n\n\n<hr class=\"wp-block-separator has-alpha-channel-opacity\"\/>\n\n\n\n<h2 class=\"wp-block-heading\"><a href=\"https:\/\/mwc-cmm.org\/fr\/node\/3695\">Le Fonds mondial de solidarit\u00e9 COVID-19 vient en aide aux \u00e9glises &#8211; No 1<\/a><\/h2>\n\n\n\n<p>\u00ab&nbsp;Notre amour du Christ se r\u00e9percute sur eux, c\u2019est la marque de notre int\u00e9r\u00eat et de notre pr\u00e9occupation pour eux et nous apportons \u00e9galement un sourire sur leur visage,&nbsp;\u00bb d\u00e9clare le Dr. Bijoy Kumar Roul, \u00e9v\u00eaque et pr\u00e9sident de l\u2019\u00c9glise des Fr\u00e8res en Christ, Odisha, Inde.<\/p>\n\n\n\n<p>Le groupe de travail inter-organisations de la Conf\u00e9rence Mennonite Mondiale pour l\u2019action COVID-19 a approuv\u00e9 21 propositions d\u2019actions humanitaires dont celle de l\u2019\u00e9v\u00eaque Bijoy Roul de l\u2019\u00c9glise Fr\u00e8re en Christ d\u2019Odisha. &nbsp;<\/p>\n\n\n\n<p><em>16 Juillet 2020<\/em><\/p>\n\n\n\n<hr class=\"wp-block-separator has-alpha-channel-opacity\"\/>\n\n\n\n<h2 class=\"wp-block-heading\"><a href=\"https:\/\/mwc-cmm.org\/fr\/node\/3615\">Des mennonites au c\u0153ur de la pand\u00e9mie de COVID-19 \u00e0 Kudus agissent<\/a><\/h2>\n\n\n\n<p>Alors que le monde fait face \u00e0 la pand\u00e9mie de COVID-19, la communaut\u00e9 mennonite de Kudus, en Java centrale, Indon\u00e9sie, travaille main dans la main avec les autorit\u00e9s locales pour att\u00e9nuer les risques et la propagation des cas de COVID-19 dans Kudus, ville de plus de 800 000 habitants.<\/p>\n\n\n\n<p>L\u2019h\u00f4pital Mardi Rahayu a \u00e9t\u00e9 construit en 1969 par des membres de la paroisse Gereja Kristen Muria Indonesia (GKMI) de Kudus apr\u00e8s qu\u2019ils aient, pendant cinq ans, tenu une clinique \u00e0 c\u00f4t\u00e9 du b\u00e2timent de l\u2019\u00e9glise. L\u2019h\u00f4pital traite les cas de COVID-19 depuis le 20 mars 2020.<\/p>\n\n\n\n<p><em>19 May 2020<\/em><\/p>\n\n\n\n<hr class=\"wp-block-separator has-alpha-channel-opacity\"\/>\n\n\n\n<h2 class=\"wp-block-heading\"><a href=\"https:\/\/mwc-cmm.org\/fr\/stories\/12-points-%C3%A0-consid%C3%A9rer-avant-de-rouvrir-les-portes-de-votre-%C3%A9glise\"><strong>12 points \u00e0 consid\u00e9rer avant de rouvrir les portes de votre \u00e9glise<\/strong><\/a><\/h2>\n\n\n\n<p>Lorsque les mesures de confinement seront assouplies et que les portes des \u00e9glises et des lieux de culte pourront rouvrir, les cultes et les activit\u00e9s d\u2019\u00e9glises seront tr\u00e8s certainement diff\u00e9rentes d\u2019avant l\u2019\u00e9pid\u00e9mie de COVID-19. Et c\u2019est le prix \u00e0 payer pour garder nos communaut\u00e9s spirituelles en s\u00e9curit\u00e9 et en bonne sant\u00e9.&nbsp;<\/p>\n\n\n\n<p>Cela veut aussi dire que les pasteurs et les responsables d\u2019\u00e9glise devront se pr\u00e9parer au nouvel \u00e9tat des choses dans leur paroisse et leur minist\u00e8re. Voici une liste de points \u00e0 consid\u00e9rer avant d\u2019inviter les paroissiens \u00e0 r\u00e9investir les bancs de l\u2019\u00e9glise.<\/p>\n\n\n\n<hr class=\"wp-block-separator has-alpha-channel-opacity\"\/>\n\n\n\n<h2 class=\"wp-block-heading\"><a href=\"https:\/\/mwc-cmm.org\/node\/3609\">J\u00e9sus Christ : Notre seul espoir<\/a><\/h2>\n\n\n\n<p>Il semblerait que le monde ait perdu espoir. Mais l\u2019humanit\u00e9 trouve une r\u00e9ponse dans la Bible aujourd\u2019hui.<\/p>\n\n\n\n<hr class=\"wp-block-separator has-alpha-channel-opacity\"\/>\n\n\n\n<h2 class=\"wp-block-heading\"><a href=\"https:\/\/mwc-cmm.org\/node\/3601\">Les \u00c9glises au temps du Coronavirus<\/a><\/h2>\n\n\n\n<p>Nous vivons des temps particuli\u00e8rement difficiles partout dans le monde. Le coronavirus s\u2019est abattu sur nombre d\u2019entre nous et il continuera de frapper. Dans les moments d\u2019adversit\u00e9 nous voulons pouvoir nous r\u00e9unir, prier ensemble, implorer Dieu d\u2019une seule voix pour la gu\u00e9rison et l\u2019espoir. Et nous voulons visiter les malades, les prendre dans nos bras, leur apporter \u00e0 manger et \u00eatre avec eux. C\u2019est ce que nous avons l\u2019habitude de faire pour exprimer l\u2019amour de Dieu.<\/p>\n\n\n\n<hr class=\"wp-block-separator has-alpha-channel-opacity\"\/>\n\n\n\n<h2 class=\"wp-block-heading\"><a href=\"https:\/\/www.youtube.com\/playlist?list=PLrO98PUzjOB2OI2f16qF14iWZej1DCeBw\">Videos<\/a><\/h2>\n\n\n\n<hr class=\"wp-block-separator has-alpha-channel-opacity\"\/>\n\n\n\n<h2 class=\"wp-block-heading\"><a href=\"https:\/\/mwc-cmm.org\/stories\/call-prayer-human-family\">Appel \u00e0 prier pour la famille humaine<\/a><\/h2>\n\n\n\n<p>\u00ab Joignons-nous \u00e0 nos fr\u00e8res et s\u0153urs en Christ de toutes les d\u00e9nominations en unissant nos pri\u00e8res aux leurs en signe de solidarit\u00e9 et de foi en J\u00e9sus \u00bb C\u00e9sar Garc\u00eda, secr\u00e9taire g\u00e9n\u00e9ral de la Conf\u00e9rence Mennonite Mondiale.<\/p>\n\n\n\n<h2 class=\"wp-block-heading\"><a href=\"https:\/\/mwc-cmm.org\/node\/3591\">N\u2019aie pas peur : Pri\u00e8res pour l\u2019\u00e9pid\u00e9mie de COVID-19<\/a><\/h2>\n\n\n\n<p>C\u00e9sar Garc\u00eda, secr\u00e9taire g\u00e9n\u00e9ral de la CMM, nous invite \u00e0 prier ensemble maintenant pour la s\u00e9curit\u00e9 de la famille anabaptiste mondiale et pour la fin de cette \u00e9pid\u00e9mie. Prenez toutes les pr\u00e9cautions recommand\u00e9es par les autorit\u00e9s de sant\u00e9. Apr\u00e8s avoir fait tout ce qui \u00e9tait possible, reposez-vous en sachant que Dieu pourvoira. \u00ab D\u00e9chargez-vous sur lui de tous vos soucis, car il prend soin de vous. \u00bb (1 Pierre 5\/7)<\/p>\n\n\n\n<h2 class=\"wp-block-heading\"><a href=\"https:\/\/mwc-cmm.org\/node\/3585\">Annulation de Renouveau 2027 et des r\u00e9unions du comit\u00e9 ex\u00e9cutif en Colombie Britannique<\/a><\/h2>\n\n\n\n<hr class=\"wp-block-separator has-alpha-channel-opacity\"\/>\n\n\n\n<h3 class=\"wp-block-heading\">Avril 2020:<\/h3>\n\n\n\n<p>Nous pensons aux nombreuses personnes &#8211; m\u00e9decins, infirmiers, proches, amis \u2013 qui prennent soin de ceux qui souffrent de cette maladie contagieuse. Nous rendons gr\u00e2ce pour leur altruisme et nous prions pour leur s\u00e9curit\u00e9 et pour que leur \u00e9nergie soit renouvel\u00e9e. Que le Ressuscit\u00e9 soit \u00e0 leur chevet, \u00e0 l\u2019h\u00f4pital, \u00e0 leurs c\u00f4t\u00e9s.<\/p>\n\n\n\n<p>Nous pensons \u00e9galement aux nombreuses personnes dans notre famille mondiale pour qui la distanciation physique est impossible. Nous prions pour la gr\u00e2ce de la protection de Dieu sur elles.<\/p>\n\n\n\n<p>Que cette crise mondiale puisse nous rapprocher de Dieu et nous rapprocher les uns des autres. Que nous puissions trouver des moyens de montrer et de t\u00e9moigner de l\u2019amour de Dieu en J\u00e9sus Christ. Et que nous puissions avoir le courage d\u2019\u00eatre le Corps du Ressuscit\u00e9 alors que le monde souffre.<\/p>\n\n\n\n<h3 class=\"wp-block-heading\">Fevrier 2020:<\/h3>\n\n\n\n<p>la Conf\u00e9rence Mennonite Mondiale appelle les \u00e9glises anabaptistes et mennonites \u00e0 s\u2019unir dans la pri\u00e8re et \u00e0 prendre des mesures de pr\u00e9cautions dans les \u00e9glises. Prions pour ceux qui sont isol\u00e9s, inquiets ou malades, en particulier \u00e0 Wuhan, dans la province de Hubei et en Chine continentale. Prions pour que l\u2019\u00c9tat chinois fasse preuve de sagesse dans sa gestion de la crise et prions pour la s\u00e9curit\u00e9 et la compassion des professionnels de sant\u00e9 qui travaillent sans rel\u00e2che pour sauver des vies. Prions pour que Dieu accorde la sagesse aux dirigeants et aux autorit\u00e9s de sant\u00e9 qui tentent d\u2019emp\u00eacher la propagation du virus. Qu\u2019ils puissent agir avec compassion et prudence.<\/p>\n","protected":false},"excerpt":{"rendered":"<p>Le Fonds de Partage de l\u2019\u00c9glise Mondiale de la CMM se mobilise contre la pand\u00e9mie Loin d\u2019\u00eatre un \u00e9l\u00e9ment \u00e9galiseur, la pand\u00e9mie de COVID-19 expose au grand jour les in\u00e9galit\u00e9s syst\u00e9miques existantes qui favorisent certains au d\u00e9triment d\u2019autres. Que peut faire la famille anabaptiste&nbsp;?&nbsp; La Conf\u00e9rence Mennonite Mondiale a invit\u00e9 les organisations d\u2019entraide et de [&hellip;]<\/p>\n","protected":false},"author":1,"featured_media":0,"parent":0,"menu_order":0,"comment_status":"closed","ping_status":"closed","template":"","meta":{"_acf_changed":false,"footnotes":""},"class_list":["post-12090","page","type-page","status-publish","hentry"],"acf":[],"yoast_head":"<!-- This site is optimized with the Yoast SEO plugin v27.2 - https:\/\/yoast.com\/product\/yoast-seo-wordpress\/ -->\n<title>MWC responds to COVID-19 - Mennonite World Conference<\/title>\n<meta name=\"robots\" content=\"index, follow, max-snippet:-1, max-image-preview:large, max-video-preview:-1\" \/>\n<link rel=\"canonical\" href=\"https:\/\/mwc-cmm.org\/en\/mwc-responds-to-covid-19\/\" \/>\n<meta property=\"og:locale\" content=\"fr_FR\" \/>\n<meta property=\"og:type\" content=\"article\" \/>\n<meta property=\"og:title\" content=\"MWC responds to COVID-19 - Mennonite World Conference\" \/>\n<meta property=\"og:description\" content=\"Le Fonds de Partage de l\u2019\u00c9glise Mondiale de la CMM se mobilise contre la pand\u00e9mie Loin d\u2019\u00eatre un \u00e9l\u00e9ment \u00e9galiseur, la pand\u00e9mie de COVID-19 expose au grand jour les in\u00e9galit\u00e9s syst\u00e9miques existantes qui favorisent certains au d\u00e9triment d\u2019autres. Que peut faire la famille anabaptiste&nbsp;?&nbsp; La Conf\u00e9rence Mennonite Mondiale a invit\u00e9 les organisations d\u2019entraide et de [&hellip;]\" \/>\n<meta property=\"og:url\" content=\"https:\/\/mwc-cmm.org\/en\/mwc-responds-to-covid-19\/\" \/>\n<meta property=\"og:site_name\" content=\"Mennonite World Conference\" \/>\n<meta property=\"article:publisher\" content=\"https:\/\/www.facebook.com\/MennoniteWorldConference\" \/>\n<meta property=\"article:modified_time\" content=\"2024-10-23T16:20:17+00:00\" \/>\n<meta property=\"og:image\" content=\"https:\/\/mwc-cmm.org\/wp-content\/uploads\/2024\/10\/untitled_story2-1.png\" \/>\n\t<meta property=\"og:image:width\" content=\"1920\" \/>\n\t<meta property=\"og:image:height\" content=\"1080\" \/>\n\t<meta property=\"og:image:type\" content=\"image\/png\" \/>\n<script type=\"application\/ld+json\" class=\"yoast-schema-graph\">{\"@context\":\"https:\/\/schema.org\",\"@graph\":[{\"@type\":\"WebPage\",\"@id\":\"https:\/\/mwc-cmm.org\/en\/mwc-responds-to-covid-19\/\",\"url\":\"https:\/\/mwc-cmm.org\/en\/mwc-responds-to-covid-19\/\",\"name\":\"MWC responds to COVID-19 - Mennonite World Conference\",\"isPartOf\":{\"@id\":\"https:\/\/mwc-cmm.org\/en\/#website\"},\"primaryImageOfPage\":{\"@id\":\"https:\/\/mwc-cmm.org\/en\/mwc-responds-to-covid-19\/#primaryimage\"},\"image\":{\"@id\":\"https:\/\/mwc-cmm.org\/en\/mwc-responds-to-covid-19\/#primaryimage\"},\"thumbnailUrl\":\"https:\/\/mwc-cmm.org\/wp-content\/uploads\/2024\/10\/untitled_story2-1-1024x576.png\",\"datePublished\":\"2020-05-03T00:00:00+00:00\",\"dateModified\":\"2024-10-23T16:20:17+00:00\",\"breadcrumb\":{\"@id\":\"https:\/\/mwc-cmm.org\/en\/mwc-responds-to-covid-19\/#breadcrumb\"},\"inLanguage\":\"fr-FR\",\"potentialAction\":[{\"@type\":\"ReadAction\",\"target\":[\"https:\/\/mwc-cmm.org\/en\/mwc-responds-to-covid-19\/\"]}]},{\"@type\":\"ImageObject\",\"inLanguage\":\"fr-FR\",\"@id\":\"https:\/\/mwc-cmm.org\/en\/mwc-responds-to-covid-19\/#primaryimage\",\"url\":\"https:\/\/mwc-cmm.org\/wp-content\/uploads\/2024\/10\/untitled_story2-1-1024x576.png\",\"contentUrl\":\"https:\/\/mwc-cmm.org\/wp-content\/uploads\/2024\/10\/untitled_story2-1-1024x576.png\"},{\"@type\":\"BreadcrumbList\",\"@id\":\"https:\/\/mwc-cmm.org\/en\/mwc-responds-to-covid-19\/#breadcrumb\",\"itemListElement\":[{\"@type\":\"ListItem\",\"position\":1,\"name\":\"Home\",\"item\":\"https:\/\/mwc-cmm.org\/fr\/\"},{\"@type\":\"ListItem\",\"position\":2,\"name\":\"MWC responds to COVID-19\"}]},{\"@type\":\"WebSite\",\"@id\":\"https:\/\/mwc-cmm.org\/en\/#website\",\"url\":\"https:\/\/mwc-cmm.org\/en\/\",\"name\":\"Mennonite World Conference\",\"description\":\"A communion of Anabaptist-related churches\",\"publisher\":{\"@id\":\"https:\/\/mwc-cmm.org\/en\/#organization\"},\"alternateName\":\"MWC\",\"potentialAction\":[{\"@type\":\"SearchAction\",\"target\":{\"@type\":\"EntryPoint\",\"urlTemplate\":\"https:\/\/mwc-cmm.org\/en\/?s={search_term_string}\"},\"query-input\":{\"@type\":\"PropertyValueSpecification\",\"valueRequired\":true,\"valueName\":\"search_term_string\"}}],\"inLanguage\":\"fr-FR\"},{\"@type\":\"Organization\",\"@id\":\"https:\/\/mwc-cmm.org\/en\/#organization\",\"name\":\"Mennonite World Conference\",\"alternateName\":\"MWC\",\"url\":\"https:\/\/mwc-cmm.org\/en\/\",\"logo\":{\"@type\":\"ImageObject\",\"inLanguage\":\"fr-FR\",\"@id\":\"https:\/\/mwc-cmm.org\/en\/#\/schema\/logo\/image\/\",\"url\":\"https:\/\/mwc-cmm.org\/wp-content\/uploads\/2026\/01\/MWC_Sig_Blue_Horiz_webheader1-logo.svg\",\"contentUrl\":\"https:\/\/mwc-cmm.org\/wp-content\/uploads\/2026\/01\/MWC_Sig_Blue_Horiz_webheader1-logo.svg\",\"width\":786,\"height\":82,\"caption\":\"Mennonite World Conference\"},\"image\":{\"@id\":\"https:\/\/mwc-cmm.org\/en\/#\/schema\/logo\/image\/\"},\"sameAs\":[\"https:\/\/www.facebook.com\/MennoniteWorldConference\",\"https:\/\/www.linkedin.com\/company\/mennonite-world-conference-mwc\/\",\"https:\/\/www.instagram.com\/mwcmm\/\",\"https:\/\/www.youtube.com\/user\/mwccmm\",\"https:\/\/bsky.app\/profile\/mwcmm.bsky.social\"]}]}<\/script>\n<!-- \/ Yoast SEO plugin. -->","yoast_head_json":{"title":"MWC responds to COVID-19 - Mennonite World Conference","robots":{"index":"index","follow":"follow","max-snippet":"max-snippet:-1","max-image-preview":"max-image-preview:large","max-video-preview":"max-video-preview:-1"},"canonical":"https:\/\/mwc-cmm.org\/en\/mwc-responds-to-covid-19\/","og_locale":"fr_FR","og_type":"article","og_title":"MWC responds to COVID-19 - Mennonite World Conference","og_description":"Le Fonds de Partage de l\u2019\u00c9glise Mondiale de la CMM se mobilise contre la pand\u00e9mie Loin d\u2019\u00eatre un \u00e9l\u00e9ment \u00e9galiseur, la pand\u00e9mie de COVID-19 expose au grand jour les in\u00e9galit\u00e9s syst\u00e9miques existantes qui favorisent certains au d\u00e9triment d\u2019autres. Que peut faire la famille anabaptiste&nbsp;?&nbsp; La Conf\u00e9rence Mennonite Mondiale a invit\u00e9 les organisations d\u2019entraide et de [&hellip;]","og_url":"https:\/\/mwc-cmm.org\/en\/mwc-responds-to-covid-19\/","og_site_name":"Mennonite World Conference","article_publisher":"https:\/\/www.facebook.com\/MennoniteWorldConference","article_modified_time":"2024-10-23T16:20:17+00:00","og_image":[{"width":1920,"height":1080,"url":"https:\/\/mwc-cmm.org\/wp-content\/uploads\/2024\/10\/untitled_story2-1.png","type":"image\/png"}],"schema":{"@context":"https:\/\/schema.org","@graph":[{"@type":"WebPage","@id":"https:\/\/mwc-cmm.org\/en\/mwc-responds-to-covid-19\/","url":"https:\/\/mwc-cmm.org\/en\/mwc-responds-to-covid-19\/","name":"MWC responds to COVID-19 - Mennonite World Conference","isPartOf":{"@id":"https:\/\/mwc-cmm.org\/en\/#website"},"primaryImageOfPage":{"@id":"https:\/\/mwc-cmm.org\/en\/mwc-responds-to-covid-19\/#primaryimage"},"image":{"@id":"https:\/\/mwc-cmm.org\/en\/mwc-responds-to-covid-19\/#primaryimage"},"thumbnailUrl":"https:\/\/mwc-cmm.org\/wp-content\/uploads\/2024\/10\/untitled_story2-1-1024x576.png","datePublished":"2020-05-03T00:00:00+00:00","dateModified":"2024-10-23T16:20:17+00:00","breadcrumb":{"@id":"https:\/\/mwc-cmm.org\/en\/mwc-responds-to-covid-19\/#breadcrumb"},"inLanguage":"fr-FR","potentialAction":[{"@type":"ReadAction","target":["https:\/\/mwc-cmm.org\/en\/mwc-responds-to-covid-19\/"]}]},{"@type":"ImageObject","inLanguage":"fr-FR","@id":"https:\/\/mwc-cmm.org\/en\/mwc-responds-to-covid-19\/#primaryimage","url":"https:\/\/mwc-cmm.org\/wp-content\/uploads\/2024\/10\/untitled_story2-1-1024x576.png","contentUrl":"https:\/\/mwc-cmm.org\/wp-content\/uploads\/2024\/10\/untitled_story2-1-1024x576.png"},{"@type":"BreadcrumbList","@id":"https:\/\/mwc-cmm.org\/en\/mwc-responds-to-covid-19\/#breadcrumb","itemListElement":[{"@type":"ListItem","position":1,"name":"Home","item":"https:\/\/mwc-cmm.org\/fr\/"},{"@type":"ListItem","position":2,"name":"MWC responds to COVID-19"}]},{"@type":"WebSite","@id":"https:\/\/mwc-cmm.org\/en\/#website","url":"https:\/\/mwc-cmm.org\/en\/","name":"Mennonite World Conference","description":"A communion of Anabaptist-related churches","publisher":{"@id":"https:\/\/mwc-cmm.org\/en\/#organization"},"alternateName":"MWC","potentialAction":[{"@type":"SearchAction","target":{"@type":"EntryPoint","urlTemplate":"https:\/\/mwc-cmm.org\/en\/?s={search_term_string}"},"query-input":{"@type":"PropertyValueSpecification","valueRequired":true,"valueName":"search_term_string"}}],"inLanguage":"fr-FR"},{"@type":"Organization","@id":"https:\/\/mwc-cmm.org\/en\/#organization","name":"Mennonite World Conference","alternateName":"MWC","url":"https:\/\/mwc-cmm.org\/en\/","logo":{"@type":"ImageObject","inLanguage":"fr-FR","@id":"https:\/\/mwc-cmm.org\/en\/#\/schema\/logo\/image\/","url":"https:\/\/mwc-cmm.org\/wp-content\/uploads\/2026\/01\/MWC_Sig_Blue_Horiz_webheader1-logo.svg","contentUrl":"https:\/\/mwc-cmm.org\/wp-content\/uploads\/2026\/01\/MWC_Sig_Blue_Horiz_webheader1-logo.svg","width":786,"height":82,"caption":"Mennonite World Conference"},"image":{"@id":"https:\/\/mwc-cmm.org\/en\/#\/schema\/logo\/image\/"},"sameAs":["https:\/\/www.facebook.com\/MennoniteWorldConference","https:\/\/www.linkedin.com\/company\/mennonite-world-conference-mwc\/","https:\/\/www.instagram.com\/mwcmm\/","https:\/\/www.youtube.com\/user\/mwccmm","https:\/\/bsky.app\/profile\/mwcmm.bsky.social"]}]}},"_links":{"self":[{"href":"https:\/\/mwc-cmm.org\/fr\/wp-json\/wp\/v2\/pages\/12090","targetHints":{"allow":["GET"]}}],"collection":[{"href":"https:\/\/mwc-cmm.org\/fr\/wp-json\/wp\/v2\/pages"}],"about":[{"href":"https:\/\/mwc-cmm.org\/fr\/wp-json\/wp\/v2\/types\/page"}],"author":[{"embeddable":true,"href":"https:\/\/mwc-cmm.org\/fr\/wp-json\/wp\/v2\/users\/1"}],"replies":[{"embeddable":true,"href":"https:\/\/mwc-cmm.org\/fr\/wp-json\/wp\/v2\/comments?post=12090"}],"version-history":[{"count":0,"href":"https:\/\/mwc-cmm.org\/fr\/wp-json\/wp\/v2\/pages\/12090\/revisions"}],"wp:attachment":[{"href":"https:\/\/mwc-cmm.org\/fr\/wp-json\/wp\/v2\/media?parent=12090"}],"curies":[{"name":"wp","href":"https:\/\/api.w.org\/{rel}","templated":true}]}}