{"id":11485,"date":"2024-08-12T00:00:00","date_gmt":"2024-08-12T00:00:00","guid":{"rendered":"https:\/\/mwc-cmm.org\/global-anabaptist-service-network-gasn-3\/"},"modified":"2026-02-04T02:22:32","modified_gmt":"2026-02-04T02:22:32","slug":"rencontrez-votre-reseau-anabaptiste-mondial-dentraide","status":"publish","type":"page","link":"https:\/\/mwc-cmm.org\/fr\/reseaux-cmm\/rencontrez-votre-reseau-anabaptiste-mondial-dentraide\/","title":{"rendered":"Rencontrez votre R\u00e9seau Anabaptiste Mondial d\u2019Entraide (GASN)"},"content":{"rendered":"\n<div class=\"wp-block-columns alignwide is-layout-flex wp-container-core-columns-is-layout-7fc3d43a wp-block-columns-is-layout-flex\">\n<div class=\"wp-block-column is-layout-flow wp-block-column-is-layout-flow\">\n<h2 class=\"wp-block-heading is-style-green-eyebrow\" style=\"margin-top:0\">GASN <strong>Vision<\/strong><\/h2>\n\n\n\n<p>C\u2019est un r\u00e9seau mondial d\u2019organisations des \u00e9glises anabaptistes qui cherche &nbsp;\u00e0 mettre en pratique l\u2019\u00e9vangile holistique de J\u00e9sus-Christ et la mission de l\u2019\u00c9glise par des minist\u00e8res d\u2019entraide dans nos communaut\u00e9s, dans nos pays et dans le monde, comme l\u2019affirment les&nbsp;<em>Convictions Communes&nbsp;<\/em>de la CMM.<\/p>\n<\/div>\n\n\n\n<div class=\"wp-block-column is-layout-flow wp-block-column-is-layout-flow\"><figure class=\"wp-block-post-featured-image\"><img decoding=\"async\" width=\"1000\" height=\"500\" data-src=\"https:\/\/mwc-cmm.org\/wp-content\/uploads\/2025\/08\/2025-GASN.jpg\" class=\"attachment-post-thumbnail size-post-thumbnail wp-post-image lazyload\" alt=\"GASN group photo\" style=\"--smush-placeholder-width: 1000px; --smush-placeholder-aspect-ratio: 1000\/500;object-fit:cover;\" data-srcset=\"https:\/\/mwc-cmm.org\/wp-content\/uploads\/2025\/08\/2025-GASN.jpg 1000w, https:\/\/mwc-cmm.org\/wp-content\/uploads\/2025\/08\/2025-GASN-300x150.jpg 300w, https:\/\/mwc-cmm.org\/wp-content\/uploads\/2025\/08\/2025-GASN-768x384.jpg 768w\" data-sizes=\"(max-width: 1000px) 100vw, 1000px\" src=\"data:image\/svg+xml;base64,PHN2ZyB3aWR0aD0iMSIgaGVpZ2h0PSIxIiB4bWxucz0iaHR0cDovL3d3dy53My5vcmcvMjAwMC9zdmciPjwvc3ZnPg==\" \/><\/figure>\n\n\n<div class=\"wp-block-buttons is-layout-flex wp-block-buttons-is-layout-flex\">\n<div class=\"wp-block-button\"><a class=\"wp-block-button__link wp-element-button\" href=\"https:\/\/mwc-cmm.org\/fr\/resources\/tous-les-webinaires\/\">webinaires du r\u00e9seau \u00e0 venir et pr\u00e9c\u00e9dents<\/a><\/div>\n<\/div>\n<\/div>\n<\/div>\n\n\n\n<h2 class=\"wp-block-heading alignwide is-style-yellow-eyebrow\" style=\"margin-top:var(--wp--preset--spacing--50)\"><strong>Mission<\/strong><\/h2>\n\n\n\n<div class=\"wp-block-group alignwide has-global-padding is-content-justification-left is-layout-constrained wp-container-core-group-is-layout-e665fb53 wp-block-group-is-layout-constrained\">\n<p>Le R\u00e9seau Anabaptiste Mondial d\u2019Entraide (GASN) cherche \u00e0 renforcer la capacit\u00e9 des \u00e9glises anabaptistes et de leurs organisations \u00e0 tendre la main \u00e0 \u2018la veuve, l\u2019orphelin et l\u2019\u00e9tranger\u2019 pour t\u00e9moigner de l\u2019amour et de la compassion de Dieu pour tous. Il encourage la transformation et promeut la justice dans nos communaut\u00e9s.<\/p>\n\n\n\n<p>Il travaille sous la tutelle de la Commission Mission qui cherche \u00e0 renouveler dans chaque \u00e9glise la vision apostolique du corps entier du Christ compos\u00e9 de disciples fid\u00e8les, remplis du Saint-Esprit, qui tendent la main \u00e0 ceux qui sont proches et \u00e0 ceux qui sont au loin, l\u00e0 o\u00f9 le Seigneur la conduit.<\/p>\n\n\n\n<p>Les objectifs du R\u00e9seau Anabaptiste Mondial d\u2019Entraide sont :<\/p>\n<\/div>\n\n\n\n<div class=\"wp-block-columns alignwide is-layout-flex wp-container-core-columns-is-layout-7fc3d43a wp-block-columns-is-layout-flex\">\n<div class=\"wp-block-column is-layout-flow wp-block-column-is-layout-flow\">\n<h3 class=\"wp-block-heading is-style-no-line-eyebrow has-gray-color has-text-color has-link-color wp-elements-c9bcba279d8c8b93e52ec895a4ecc66a\">Relations<\/h3>\n\n\n\n<ul class=\"wp-block-list\">\n<li>Donner un espace aux organisations d\u2019entraide pour \u00eatre en relation les unes avec les autres.<\/li>\n\n\n\n<li>Aider \u00e0 prendre conscience du travail des organisations du R\u00e9seau d\u2019Entraide et \u00e0 le concevoir comme un minist\u00e8re des \u00e9glises.<\/li>\n\n\n\n<li>Proposer des occasions \u00e0 l\u2019\u00c9glise anabaptiste mondiale de conseiller les membres du R\u00e9seau d\u2019Entraide.<\/li>\n<\/ul>\n<\/div>\n\n\n\n<div class=\"wp-block-column is-layout-flow wp-block-column-is-layout-flow\">\n<h3 class=\"wp-block-heading is-style-no-line-eyebrow has-gray-color has-text-color has-link-color wp-elements-524fc72fac7fdff057b91bef94e19873\">Collaboration<\/h3>\n\n\n\n<ul class=\"wp-block-list\">\n<li>Encourager une meilleure et plus forte collaboration entre les membres.<\/li>\n\n\n\n<li>Augmenter le nombre de canaux de communication et d\u2019interaction entre les membres.<\/li>\n\n\n\n<li>Travailler ensemble pour accomplir plus que ce que les membres pourraient r\u00e9aliser individuellement.<\/li>\n\n\n\n<li>Honorer les dons de tous les membres sans tenir compte de leur taille.<\/li>\n<\/ul>\n<\/div>\n\n\n\n<div class=\"wp-block-column is-layout-flow wp-block-column-is-layout-flow\">\n<h3 class=\"wp-block-heading is-style-no-line-eyebrow has-gray-color has-text-color has-link-color wp-elements-c82cc658246d08b9bc4b6909f58e208e\">Renforcement des capacit\u00e9s<\/h3>\n\n\n\n<ul class=\"wp-block-list\">\n<li>\u00c9changer les meilleures pratiques et les le\u00e7ons apprises entre membres.<\/li>\n\n\n\n<li>Proposer des occasions de formation, de croissance et de d\u00e9veloppement<\/li>\n\n\n\n<li>R\u00e9fl\u00e9chir ensemble sur ce que signifie \u00eatre une organisation d\u2019entraide anabaptiste.<\/li>\n\n\n\n<li>Mieux conna\u00eetre les besoins mondiaux et la mani\u00e8re d\u2019y r\u00e9pondre efficacement.<\/li>\n<\/ul>\n<\/div>\n<\/div>\n\n\n\n<h2 class=\"wp-block-heading alignwide is-style-cyan-eyebrow\" style=\"margin-top:var(--wp--preset--spacing--50);text-transform:none\">Valeurs de bas<\/h2>\n\n\n\n<div class=\"wp-block-group alignwide has-global-padding is-content-justification-left is-layout-constrained wp-container-core-group-is-layout-e665fb53 wp-block-group-is-layout-constrained\">\n<p>Le R\u00e9seau Anabaptiste Mondial d\u2019Entraide est \u00e9difi\u00e9 sur les valeurs suivantes :<\/p>\n\n\n\n<ul class=\"wp-block-list\">\n<li><strong>Engagement&nbsp;:&nbsp;<\/strong>Cheminer avec les personnes marginalis\u00e9es fait partie int\u00e9grante des commandements de Dieu (Deut\u00e9ronome 26&nbsp;\/12, Matthieu 25&nbsp;\/31-46).<\/li>\n\n\n\n<li><strong>Dignit\u00e9&nbsp;:&nbsp;<\/strong>Tous les membres ont des besoins, et tous peuvent contribuer (2 Corinthiens 8).<\/li>\n\n\n\n<li><strong>Unit\u00e9&nbsp;:&nbsp;<\/strong>Tous les membres appartiennent \u00e0 un m\u00eame Corps ; si un membre souffre, tous les membres souffrent avec lui (1 Corinthiens 12).<\/li>\n\n\n\n<li><strong>Vie et t\u00e9moignage&nbsp;:&nbsp;<\/strong>Tous les membres sont appel\u00e9s \u00e0 \u00eatre sel et lumi\u00e8re, \u00e0 annoncer le Royaume de Dieu et \u00e0 le vivre o\u00f9 qu\u2019ils se trouvent.<\/li>\n<\/ul>\n<\/div>\n\n\n\n<h2 class=\"wp-block-heading alignwide is-style-pink-eyebrow\" style=\"margin-top:var(--wp--preset--spacing--50)\">Adh\u00e9sion<\/h2>\n\n\n\n<div class=\"wp-block-group alignwide has-global-padding is-content-justification-left is-layout-constrained wp-container-core-group-is-layout-e665fb53 wp-block-group-is-layout-constrained\">\n<p>Le R\u00e9seau Anabaptiste Mondial d\u2019Entraide est une association mondiale d\u2019organisations d\u2019entraide des \u00e9glises li\u00e9es \u00e0 l\u2019anabaptisme. Ses membres exercent des minist\u00e8res d\u2019entraide au-del\u00e0 de leur assembl\u00e9e locale, se d\u00e9finissent comme anabaptistes et se reconnaissent dans les&nbsp;<em>Convictions Communes&nbsp;<\/em>de la CMM. Leur minist\u00e8re prioritaire s\u2019inscrit dans une large d\u00e9finition de ce qu\u2019est l\u2019entraide (par exemple&nbsp;: secours, d\u00e9veloppement, soins m\u00e9dicaux, travail pour la paix et la justice).<\/p>\n\n\n\n<h3 class=\"wp-block-heading\">Quelles organisations font partie du GASN&nbsp;?<\/h3>\n\n\n\n<div class=\"wp-block-buttons is-layout-flex wp-block-buttons-is-layout-flex\">\n<div class=\"wp-block-button\"><a class=\"wp-block-button__link wp-element-button\" href=\"https:\/\/mwc-cmm.org\/fr\/commissions-3\/commission-mission\/organisations-membres\/?_member_network=gasn\">D\u00e9couvrez-le ici<\/a><\/div>\n<\/div>\n<\/div>\n\n\n\n<div class=\"wp-block-columns alignwide is-layout-flex wp-container-core-columns-is-layout-28f84493 wp-block-columns-is-layout-flex\">\n<div class=\"wp-block-column is-layout-flow wp-block-column-is-layout-flow\">\n<h2 class=\"wp-block-heading alignwide is-style-green-eyebrow\" style=\"text-transform:none\">Membres du groupe de travail GASN<\/h2>\n\n\n\n<ul class=\"wp-block-list\">\n<li>Fabio Carvalho (Br\u00e9sil), pr\u00e9sident de la GASN<\/li>\n\n\n\n<li>Rukshan Fernando (\u00c9tats-Unis)<\/li>\n\n\n\n<li>Shambu Hurissa (\u00c9thiopie)<\/li>\n\n\n\n<li>Sophie Hege (France)<\/li>\n\n\n\n<li>Sunju Moon (Cor\u00e9e du Sud)<\/li>\n\n\n\n<li>Barbara Hege-Galle (Allemagne)<\/li>\n<\/ul>\n<\/div>\n<\/div>\n","protected":false},"excerpt":{"rendered":"<p>GASN Vision C\u2019est un r\u00e9seau mondial d\u2019organisations des \u00e9glises anabaptistes qui cherche &nbsp;\u00e0 mettre en pratique l\u2019\u00e9vangile holistique de J\u00e9sus-Christ et la mission de l\u2019\u00c9glise par des minist\u00e8res d\u2019entraide dans nos communaut\u00e9s, dans nos pays et dans le monde, comme l\u2019affirment les&nbsp;Convictions Communes&nbsp;de la CMM. Mission Le R\u00e9seau Anabaptiste Mondial d\u2019Entraide (GASN) cherche \u00e0 renforcer [&hellip;]<\/p>\n","protected":false},"author":1,"featured_media":117949,"parent":5895,"menu_order":0,"comment_status":"closed","ping_status":"closed","template":"","meta":{"_acf_changed":false,"footnotes":""},"class_list":["post-11485","page","type-page","status-publish","has-post-thumbnail","hentry"],"acf":[],"yoast_head":"<!-- This site is optimized with the Yoast SEO plugin v27.2 - https:\/\/yoast.com\/product\/yoast-seo-wordpress\/ -->\n<title>Rencontrez votre R\u00e9seau Anabaptiste Mondial d\u2019Entraide (GASN) - Mennonite World Conference<\/title>\n<meta name=\"robots\" content=\"index, follow, max-snippet:-1, max-image-preview:large, max-video-preview:-1\" \/>\n<link rel=\"canonical\" href=\"https:\/\/mwc-cmm.org\/fr\/reseaux-cmm\/rencontrez-votre-reseau-anabaptiste-mondial-dentraide\/\" \/>\n<meta property=\"og:locale\" content=\"fr_FR\" \/>\n<meta property=\"og:type\" content=\"article\" \/>\n<meta property=\"og:title\" content=\"Rencontrez votre R\u00e9seau Anabaptiste Mondial d\u2019Entraide (GASN) - Mennonite World Conference\" \/>\n<meta property=\"og:description\" content=\"GASN Vision C\u2019est un r\u00e9seau mondial d\u2019organisations des \u00e9glises anabaptistes qui cherche &nbsp;\u00e0 mettre en pratique l\u2019\u00e9vangile holistique de J\u00e9sus-Christ et la mission de l\u2019\u00c9glise par des minist\u00e8res d\u2019entraide dans nos communaut\u00e9s, dans nos pays et dans le monde, comme l\u2019affirment les&nbsp;Convictions Communes&nbsp;de la CMM. Mission Le R\u00e9seau Anabaptiste Mondial d\u2019Entraide (GASN) cherche \u00e0 renforcer [&hellip;]\" \/>\n<meta property=\"og:url\" content=\"https:\/\/mwc-cmm.org\/fr\/reseaux-cmm\/rencontrez-votre-reseau-anabaptiste-mondial-dentraide\/\" \/>\n<meta property=\"og:site_name\" content=\"Mennonite World Conference\" \/>\n<meta property=\"article:publisher\" content=\"https:\/\/www.facebook.com\/MennoniteWorldConference\" \/>\n<meta property=\"article:modified_time\" content=\"2026-02-04T02:22:32+00:00\" \/>\n<meta property=\"og:image\" content=\"https:\/\/mwc-cmm.org\/wp-content\/uploads\/2025\/08\/2025-GASN.jpg\" \/>\n\t<meta property=\"og:image:width\" content=\"1000\" \/>\n\t<meta property=\"og:image:height\" content=\"500\" \/>\n\t<meta property=\"og:image:type\" content=\"image\/jpeg\" \/>\n<script type=\"application\/ld+json\" class=\"yoast-schema-graph\">{\"@context\":\"https:\/\/schema.org\",\"@graph\":[{\"@type\":\"WebPage\",\"@id\":\"https:\/\/mwc-cmm.org\/fr\/reseaux-cmm\/rencontrez-votre-reseau-anabaptiste-mondial-dentraide\/\",\"url\":\"https:\/\/mwc-cmm.org\/fr\/reseaux-cmm\/rencontrez-votre-reseau-anabaptiste-mondial-dentraide\/\",\"name\":\"Rencontrez votre R\u00e9seau Anabaptiste Mondial d\u2019Entraide (GASN) - Mennonite World Conference\",\"isPartOf\":{\"@id\":\"https:\/\/mwc-cmm.org\/en\/#website\"},\"primaryImageOfPage\":{\"@id\":\"https:\/\/mwc-cmm.org\/fr\/reseaux-cmm\/rencontrez-votre-reseau-anabaptiste-mondial-dentraide\/#primaryimage\"},\"image\":{\"@id\":\"https:\/\/mwc-cmm.org\/fr\/reseaux-cmm\/rencontrez-votre-reseau-anabaptiste-mondial-dentraide\/#primaryimage\"},\"thumbnailUrl\":\"https:\/\/mwc-cmm.org\/wp-content\/uploads\/2025\/08\/2025-GASN.jpg\",\"datePublished\":\"2024-08-12T00:00:00+00:00\",\"dateModified\":\"2026-02-04T02:22:32+00:00\",\"breadcrumb\":{\"@id\":\"https:\/\/mwc-cmm.org\/fr\/reseaux-cmm\/rencontrez-votre-reseau-anabaptiste-mondial-dentraide\/#breadcrumb\"},\"inLanguage\":\"fr-FR\",\"potentialAction\":[{\"@type\":\"ReadAction\",\"target\":[\"https:\/\/mwc-cmm.org\/fr\/reseaux-cmm\/rencontrez-votre-reseau-anabaptiste-mondial-dentraide\/\"]}]},{\"@type\":\"ImageObject\",\"inLanguage\":\"fr-FR\",\"@id\":\"https:\/\/mwc-cmm.org\/fr\/reseaux-cmm\/rencontrez-votre-reseau-anabaptiste-mondial-dentraide\/#primaryimage\",\"url\":\"https:\/\/mwc-cmm.org\/wp-content\/uploads\/2025\/08\/2025-GASN.jpg\",\"contentUrl\":\"https:\/\/mwc-cmm.org\/wp-content\/uploads\/2025\/08\/2025-GASN.jpg\",\"width\":1000,\"height\":500,\"caption\":\"GASN group photo\"},{\"@type\":\"BreadcrumbList\",\"@id\":\"https:\/\/mwc-cmm.org\/fr\/reseaux-cmm\/rencontrez-votre-reseau-anabaptiste-mondial-dentraide\/#breadcrumb\",\"itemListElement\":[{\"@type\":\"ListItem\",\"position\":1,\"name\":\"Home\",\"item\":\"https:\/\/mwc-cmm.org\/fr\/\"},{\"@type\":\"ListItem\",\"position\":2,\"name\":\"R\u00e9seaux de la CMM\",\"item\":\"https:\/\/mwc-cmm.org\/fr\/reseaux-cmm\/\"},{\"@type\":\"ListItem\",\"position\":3,\"name\":\"Rencontrez votre R\u00e9seau Anabaptiste Mondial d\u2019Entraide (GASN)\"}]},{\"@type\":\"WebSite\",\"@id\":\"https:\/\/mwc-cmm.org\/en\/#website\",\"url\":\"https:\/\/mwc-cmm.org\/en\/\",\"name\":\"Mennonite World Conference\",\"description\":\"A communion of Anabaptist-related churches\",\"publisher\":{\"@id\":\"https:\/\/mwc-cmm.org\/en\/#organization\"},\"alternateName\":\"MWC\",\"potentialAction\":[{\"@type\":\"SearchAction\",\"target\":{\"@type\":\"EntryPoint\",\"urlTemplate\":\"https:\/\/mwc-cmm.org\/en\/?s={search_term_string}\"},\"query-input\":{\"@type\":\"PropertyValueSpecification\",\"valueRequired\":true,\"valueName\":\"search_term_string\"}}],\"inLanguage\":\"fr-FR\"},{\"@type\":\"Organization\",\"@id\":\"https:\/\/mwc-cmm.org\/en\/#organization\",\"name\":\"Mennonite World Conference\",\"alternateName\":\"MWC\",\"url\":\"https:\/\/mwc-cmm.org\/en\/\",\"logo\":{\"@type\":\"ImageObject\",\"inLanguage\":\"fr-FR\",\"@id\":\"https:\/\/mwc-cmm.org\/en\/#\/schema\/logo\/image\/\",\"url\":\"https:\/\/mwc-cmm.org\/wp-content\/uploads\/2026\/01\/MWC_Sig_Blue_Horiz_webheader1-logo.svg\",\"contentUrl\":\"https:\/\/mwc-cmm.org\/wp-content\/uploads\/2026\/01\/MWC_Sig_Blue_Horiz_webheader1-logo.svg\",\"width\":786,\"height\":82,\"caption\":\"Mennonite World Conference\"},\"image\":{\"@id\":\"https:\/\/mwc-cmm.org\/en\/#\/schema\/logo\/image\/\"},\"sameAs\":[\"https:\/\/www.facebook.com\/MennoniteWorldConference\",\"https:\/\/www.linkedin.com\/company\/mennonite-world-conference-mwc\/\",\"https:\/\/www.instagram.com\/mwcmm\/\",\"https:\/\/www.youtube.com\/user\/mwccmm\",\"https:\/\/bsky.app\/profile\/mwcmm.bsky.social\"]}]}<\/script>\n<!-- \/ Yoast SEO plugin. -->","yoast_head_json":{"title":"Rencontrez votre R\u00e9seau Anabaptiste Mondial d\u2019Entraide (GASN) - Mennonite World Conference","robots":{"index":"index","follow":"follow","max-snippet":"max-snippet:-1","max-image-preview":"max-image-preview:large","max-video-preview":"max-video-preview:-1"},"canonical":"https:\/\/mwc-cmm.org\/fr\/reseaux-cmm\/rencontrez-votre-reseau-anabaptiste-mondial-dentraide\/","og_locale":"fr_FR","og_type":"article","og_title":"Rencontrez votre R\u00e9seau Anabaptiste Mondial d\u2019Entraide (GASN) - Mennonite World Conference","og_description":"GASN Vision C\u2019est un r\u00e9seau mondial d\u2019organisations des \u00e9glises anabaptistes qui cherche &nbsp;\u00e0 mettre en pratique l\u2019\u00e9vangile holistique de J\u00e9sus-Christ et la mission de l\u2019\u00c9glise par des minist\u00e8res d\u2019entraide dans nos communaut\u00e9s, dans nos pays et dans le monde, comme l\u2019affirment les&nbsp;Convictions Communes&nbsp;de la CMM. Mission Le R\u00e9seau Anabaptiste Mondial d\u2019Entraide (GASN) cherche \u00e0 renforcer [&hellip;]","og_url":"https:\/\/mwc-cmm.org\/fr\/reseaux-cmm\/rencontrez-votre-reseau-anabaptiste-mondial-dentraide\/","og_site_name":"Mennonite World Conference","article_publisher":"https:\/\/www.facebook.com\/MennoniteWorldConference","article_modified_time":"2026-02-04T02:22:32+00:00","og_image":[{"width":1000,"height":500,"url":"https:\/\/mwc-cmm.org\/wp-content\/uploads\/2025\/08\/2025-GASN.jpg","type":"image\/jpeg"}],"schema":{"@context":"https:\/\/schema.org","@graph":[{"@type":"WebPage","@id":"https:\/\/mwc-cmm.org\/fr\/reseaux-cmm\/rencontrez-votre-reseau-anabaptiste-mondial-dentraide\/","url":"https:\/\/mwc-cmm.org\/fr\/reseaux-cmm\/rencontrez-votre-reseau-anabaptiste-mondial-dentraide\/","name":"Rencontrez votre R\u00e9seau Anabaptiste Mondial d\u2019Entraide (GASN) - Mennonite World Conference","isPartOf":{"@id":"https:\/\/mwc-cmm.org\/en\/#website"},"primaryImageOfPage":{"@id":"https:\/\/mwc-cmm.org\/fr\/reseaux-cmm\/rencontrez-votre-reseau-anabaptiste-mondial-dentraide\/#primaryimage"},"image":{"@id":"https:\/\/mwc-cmm.org\/fr\/reseaux-cmm\/rencontrez-votre-reseau-anabaptiste-mondial-dentraide\/#primaryimage"},"thumbnailUrl":"https:\/\/mwc-cmm.org\/wp-content\/uploads\/2025\/08\/2025-GASN.jpg","datePublished":"2024-08-12T00:00:00+00:00","dateModified":"2026-02-04T02:22:32+00:00","breadcrumb":{"@id":"https:\/\/mwc-cmm.org\/fr\/reseaux-cmm\/rencontrez-votre-reseau-anabaptiste-mondial-dentraide\/#breadcrumb"},"inLanguage":"fr-FR","potentialAction":[{"@type":"ReadAction","target":["https:\/\/mwc-cmm.org\/fr\/reseaux-cmm\/rencontrez-votre-reseau-anabaptiste-mondial-dentraide\/"]}]},{"@type":"ImageObject","inLanguage":"fr-FR","@id":"https:\/\/mwc-cmm.org\/fr\/reseaux-cmm\/rencontrez-votre-reseau-anabaptiste-mondial-dentraide\/#primaryimage","url":"https:\/\/mwc-cmm.org\/wp-content\/uploads\/2025\/08\/2025-GASN.jpg","contentUrl":"https:\/\/mwc-cmm.org\/wp-content\/uploads\/2025\/08\/2025-GASN.jpg","width":1000,"height":500,"caption":"GASN group photo"},{"@type":"BreadcrumbList","@id":"https:\/\/mwc-cmm.org\/fr\/reseaux-cmm\/rencontrez-votre-reseau-anabaptiste-mondial-dentraide\/#breadcrumb","itemListElement":[{"@type":"ListItem","position":1,"name":"Home","item":"https:\/\/mwc-cmm.org\/fr\/"},{"@type":"ListItem","position":2,"name":"R\u00e9seaux de la CMM","item":"https:\/\/mwc-cmm.org\/fr\/reseaux-cmm\/"},{"@type":"ListItem","position":3,"name":"Rencontrez votre R\u00e9seau Anabaptiste Mondial d\u2019Entraide (GASN)"}]},{"@type":"WebSite","@id":"https:\/\/mwc-cmm.org\/en\/#website","url":"https:\/\/mwc-cmm.org\/en\/","name":"Mennonite World Conference","description":"A communion of Anabaptist-related churches","publisher":{"@id":"https:\/\/mwc-cmm.org\/en\/#organization"},"alternateName":"MWC","potentialAction":[{"@type":"SearchAction","target":{"@type":"EntryPoint","urlTemplate":"https:\/\/mwc-cmm.org\/en\/?s={search_term_string}"},"query-input":{"@type":"PropertyValueSpecification","valueRequired":true,"valueName":"search_term_string"}}],"inLanguage":"fr-FR"},{"@type":"Organization","@id":"https:\/\/mwc-cmm.org\/en\/#organization","name":"Mennonite World Conference","alternateName":"MWC","url":"https:\/\/mwc-cmm.org\/en\/","logo":{"@type":"ImageObject","inLanguage":"fr-FR","@id":"https:\/\/mwc-cmm.org\/en\/#\/schema\/logo\/image\/","url":"https:\/\/mwc-cmm.org\/wp-content\/uploads\/2026\/01\/MWC_Sig_Blue_Horiz_webheader1-logo.svg","contentUrl":"https:\/\/mwc-cmm.org\/wp-content\/uploads\/2026\/01\/MWC_Sig_Blue_Horiz_webheader1-logo.svg","width":786,"height":82,"caption":"Mennonite World Conference"},"image":{"@id":"https:\/\/mwc-cmm.org\/en\/#\/schema\/logo\/image\/"},"sameAs":["https:\/\/www.facebook.com\/MennoniteWorldConference","https:\/\/www.linkedin.com\/company\/mennonite-world-conference-mwc\/","https:\/\/www.instagram.com\/mwcmm\/","https:\/\/www.youtube.com\/user\/mwccmm","https:\/\/bsky.app\/profile\/mwcmm.bsky.social"]}]}},"_links":{"self":[{"href":"https:\/\/mwc-cmm.org\/fr\/wp-json\/wp\/v2\/pages\/11485","targetHints":{"allow":["GET"]}}],"collection":[{"href":"https:\/\/mwc-cmm.org\/fr\/wp-json\/wp\/v2\/pages"}],"about":[{"href":"https:\/\/mwc-cmm.org\/fr\/wp-json\/wp\/v2\/types\/page"}],"author":[{"embeddable":true,"href":"https:\/\/mwc-cmm.org\/fr\/wp-json\/wp\/v2\/users\/1"}],"replies":[{"embeddable":true,"href":"https:\/\/mwc-cmm.org\/fr\/wp-json\/wp\/v2\/comments?post=11485"}],"version-history":[{"count":0,"href":"https:\/\/mwc-cmm.org\/fr\/wp-json\/wp\/v2\/pages\/11485\/revisions"}],"up":[{"embeddable":true,"href":"https:\/\/mwc-cmm.org\/fr\/wp-json\/wp\/v2\/pages\/5895"}],"wp:featuredmedia":[{"embeddable":true,"href":"https:\/\/mwc-cmm.org\/fr\/wp-json\/wp\/v2\/media\/117949"}],"wp:attachment":[{"href":"https:\/\/mwc-cmm.org\/fr\/wp-json\/wp\/v2\/media?parent=11485"}],"curies":[{"name":"wp","href":"https:\/\/api.w.org\/{rel}","templated":true}]}}