{"id":11482,"date":"2020-11-12T00:00:00","date_gmt":"2020-11-12T00:00:00","guid":{"rendered":"https:\/\/mwc-cmm.org\/global-anabaptist-education-networks-gaen-3\/"},"modified":"2025-11-14T18:45:33","modified_gmt":"2025-11-14T18:45:33","slug":"gaen-le-reseau-anabaptiste-mondial-pour-leducation","status":"publish","type":"page","link":"https:\/\/mwc-cmm.org\/fr\/reseaux-cmm\/gaen-le-reseau-anabaptiste-mondial-pour-leducation\/","title":{"rendered":"GAEN, le R\u00e9seau anabaptiste mondial pour l\u2019\u00e9ducation"},"content":{"rendered":"\n<div class=\"wp-block-columns alignwide is-layout-flex wp-container-core-columns-is-layout-7fc3d43a wp-block-columns-is-layout-flex\">\n<div class=\"wp-block-column is-layout-flow wp-block-column-is-layout-flow\">\n<p>La Commission Foi et Vie facilite le R\u00e9seau anabaptiste mondial pour l\u2019\u00e9ducation (GAEN). Le GAEN met en lien les diff\u00e9rents \u00e9tablissements d\u2019\u00e9ducation dirig\u00e9s par les membres de la CMM, qu\u2019ils concernent la petite enfance, le secondaire ou l\u2019\u00e9ducation sup\u00e9rieure (universit\u00e9s, s\u00e9minaires et centres de formation informelle).<\/p>\n\n\n\n<h2 class=\"wp-block-heading is-style-yellow-eyebrow\" style=\"margin-top:var(--wp--preset--spacing--50);text-transform:none\"><strong>Mission du GAEN<\/strong><\/h2>\n\n\n\n<p>Notre mission est de renforcer la collaboration dans le domaine de l\u2019\u00e9ducation (\u00e9tablissements, administration, enseignants et universitaires), et d\u2019incarner et de montrer nos convictions et notre spiritualit\u00e9 anabaptistes afin que notre communion refl\u00e8te mieux notre volont\u00e9 de ressembler \u00e0 J\u00e9sus dans le monde.<\/p>\n<\/div>\n\n\n\n<div class=\"wp-block-column is-layout-flow wp-block-column-is-layout-flow\"><figure class=\"wp-block-post-featured-image\"><img decoding=\"async\" width=\"1000\" height=\"500\" data-src=\"https:\/\/mwc-cmm.org\/wp-content\/uploads\/2025\/08\/2025-GAEN.jpg\" class=\"attachment-post-thumbnail size-post-thumbnail wp-post-image lazyload\" alt=\"2025 GAEN group photo\" style=\"--smush-placeholder-width: 1000px; --smush-placeholder-aspect-ratio: 1000\/500;object-fit:cover;\" data-srcset=\"https:\/\/mwc-cmm.org\/wp-content\/uploads\/2025\/08\/2025-GAEN.jpg 1000w, https:\/\/mwc-cmm.org\/wp-content\/uploads\/2025\/08\/2025-GAEN-300x150.jpg 300w, https:\/\/mwc-cmm.org\/wp-content\/uploads\/2025\/08\/2025-GAEN-768x384.jpg 768w\" data-sizes=\"(max-width: 1000px) 100vw, 1000px\" src=\"data:image\/svg+xml;base64,PHN2ZyB3aWR0aD0iMSIgaGVpZ2h0PSIxIiB4bWxucz0iaHR0cDovL3d3dy53My5vcmcvMjAwMC9zdmciPjwvc3ZnPg==\" \/><\/figure>\n\n\n<div class=\"wp-block-buttons is-layout-flex wp-block-buttons-is-layout-flex\">\n<div class=\"wp-block-button\"><a class=\"wp-block-button__link wp-element-button\" href=\"https:\/\/mwc-cmm.org\/fr\/resources\/tous-les-webinaires\/\" target=\"_blank\" rel=\"noreferrer noopener\">webinaires du r\u00e9seau \u00e0 venir et pr\u00e9c\u00e9dents<\/a><\/div>\n<\/div>\n\n\n\n<h2 class=\"wp-block-heading is-style-green-eyebrow\">Key Documents<\/h2>\n\n\n\n<div class=\"wp-block-buttons is-layout-flex wp-block-buttons-is-layout-flex\">\n<div class=\"wp-block-button\"><a class=\"wp-block-button__link wp-element-button\" href=\"https:\/\/mwc-cmm.org\/wp-content\/uploads\/2024\/11\/education_networks_memorandum_of_clarity.pdf\">GAEN Memorandum of Clarity<\/a><\/div>\n<\/div>\n<\/div>\n<\/div>\n\n\n\n<h2 class=\"wp-block-heading alignwide is-style-cyan-eyebrow\" style=\"margin-top:var(--wp--preset--spacing--50);text-transform:none\"><strong>Vision du GAEN<\/strong><\/h2>\n\n\n\n<div class=\"wp-block-group alignwide has-global-padding is-content-justification-left is-layout-constrained wp-container-core-group-is-layout-136d4644 wp-block-group-is-layout-constrained\">\n<ul class=\"wp-block-list\">\n<li>Nous croyons que nos \u00e9coles peuvent particuli\u00e8rement diffuser nos convictions communes parmi les membres de notre mouvement international, en commen\u00e7ant par les petits enfants jusqu\u2019aux responsables d\u2019\u00e9glises.<\/li>\n\n\n\n<li>Nos \u00e9tablissements sont des outils qui donnent une identit\u00e9 et une coh\u00e9sion \u00e0 nos \u00e9glises au niveau national et r\u00e9gional et qui en font des centres de la pens\u00e9e et de l\u2019enseignement th\u00e9ologiques.&nbsp;<\/li>\n\n\n\n<li>La CMM est l\u2019entit\u00e9 dans laquelle nous pouvons rendre nos \u00e9coles et leur mission de formation th\u00e9ologique centr\u00e9e sur le Christ plus fortes et accompagner leur r\u00f4le de solidification de l\u2019\u00c9glise.<\/li>\n<\/ul>\n<\/div>\n\n\n\n<h2 class=\"wp-block-heading alignwide is-style-pink-eyebrow\" style=\"margin-top:var(--wp--preset--spacing--50)\"><strong>Organisation<\/strong><\/h2>\n\n\n\n<div class=\"wp-block-group alignwide has-global-padding is-content-justification-left is-layout-constrained wp-container-core-group-is-layout-e665fb53 wp-block-group-is-layout-constrained\">\n<p>Le GAEN est divis\u00e9 en deux groupes facilit\u00e9s par un comit\u00e9 de pilotage chacun. Ceux-ci s\u2019occupent de projets cibl\u00e9s et de l\u2019organisation d\u2019\u00e9v\u00e9nements.&nbsp;Un comit\u00e9 d&rsquo;organisation assure la direction des deux groupes. Les repr\u00e9sentants sont : Conrad Swartzentruber et Gloria Fumana (GAPSEN) et Henry Paetkau et Victor Wall (GAHEN).<\/p>\n<\/div>\n\n\n\n<div class=\"wp-block-columns alignwide is-layout-flex wp-container-core-columns-is-layout-7fc3d43a wp-block-columns-is-layout-flex\">\n<div class=\"wp-block-column is-layout-flow wp-block-column-is-layout-flow\">\n<h3 class=\"wp-block-heading is-style-no-line-eyebrow has-gray-color has-text-color has-link-color wp-elements-04b8576cb50b9c0d047d6ff6035c3451\">Global Anabaptist Primary\/Secondary Education Network (GAPSEN)<\/h3>\n\n\n\n<p>Le R\u00e9seau anabaptiste mondial pour l\u2019\u00e9ducation primaire et secondaire met en lien les \u00e9tablissements de la petite enfance et du secondaire.&nbsp;<\/p>\n\n\n\n<p>Membres du comit\u00e9 directeur de GAPSEN :\u00a0Conrad Swartzentruber, Theo &amp; Gloria Fumana, Delbert Unruh, Melody Raj, Arnold Driediger.<\/p>\n<\/div>\n\n\n\n<div class=\"wp-block-column is-layout-flow wp-block-column-is-layout-flow\">\n<h3 class=\"wp-block-heading is-style-no-line-eyebrow has-gray-color has-text-color has-link-color wp-elements-7a52fa7b800a49c64f2cba5654f72f43\">Global Anabaptist Higher Education Network (GAHEN)<\/h3>\n\n\n\n<p>Le R\u00e9seau anabaptiste mondial pour l\u2019\u00e9ducation sup\u00e9rieure met en lien les \u00e9tablissements d\u2019\u00e9ducation sup\u00e9rieure dont les facult\u00e9s, universit\u00e9s, s\u00e9minaires ainsi que les centres de formation ou les programmes d\u2019\u00e9ducation informelle qui n\u2019offrent pas de cr\u00e9dits universitaires et qui s\u2019adressent souvent aux pasteurs et peuvent \u00eatre suivit par correspondance. &nbsp;<\/p>\n\n\n\n<p>Membres du comit\u00e9 directeur de GAHEN&nbsp;: Henry Paetkau, Cheryl Pauls, Santiago Espitia, Victor Wall, Marlene Wall, Gishu Ebissa, Teguh Karyanto.<\/p>\n<\/div>\n<\/div>\n\n\n\n<p><br><\/p>\n\n\n\n<h2 class=\"wp-block-heading alignwide is-style-purple-eyebrow\" style=\"margin-top:var(--wp--preset--spacing--50)\"><strong>Objectifs<\/strong><\/h2>\n\n\n\n<div class=\"wp-block-columns alignwide is-layout-flex wp-container-core-columns-is-layout-7fc3d43a wp-block-columns-is-layout-flex\">\n<div class=\"wp-block-column is-layout-flow wp-block-column-is-layout-flow\">\n<h3 class=\"wp-block-heading is-style-no-line-eyebrow has-gray-color has-text-color has-link-color wp-elements-bcd78fb1863beb2930bbbf7334b7d17f\" style=\"text-transform:none\"><strong>Les objectifs du GAPSEN&nbsp;:<\/strong><\/h3>\n\n\n\n<ul class=\"wp-block-list\">\n<li>Promouvoir les liens pour s\u2019encourager mutuellement<\/li>\n\n\n\n<li>Partager les bonnes pratiques<\/li>\n\n\n\n<li>Promouvoir la collaboration dans l\u2019\u00e9laboration de programmes scolaires et autres mat\u00e9riels<\/li>\n\n\n\n<li>Promouvoir les \u00e9changes d\u2019enseignants, d\u2019\u00e9l\u00e8ves et de mat\u00e9riel<\/li>\n\n\n\n<li>Promouvoir l\u2019enseignement en ligne, les accr\u00e9ditations et la cr\u00e9ation de nouveaux \u00e9tablissements<\/li>\n\n\n\n<li>Cr\u00e9er des \u00e9v\u00e9nements ponctuels pour faciliter les relations et le r\u00e9seautage et pour faire connaitre des mod\u00e8les \u00e9ducatifs.<\/li>\n<\/ul>\n<\/div>\n\n\n\n<div class=\"wp-block-column is-layout-flow wp-block-column-is-layout-flow\">\n<h3 class=\"wp-block-heading is-style-no-line-eyebrow has-gray-color has-text-color has-link-color wp-elements-88552d04030fabbe5a16ca4028df0fcb\" style=\"text-transform:none\"><strong>Les objectifs du GAHEN&nbsp;:<\/strong><\/h3>\n\n\n\n<p>En plus des points mentionn\u00e9s ci-dessus, le GAHEN&nbsp;:<\/p>\n\n\n\n<ul class=\"wp-block-list\">\n<li>\u00c9crit, partage et publie des articles sur des sujets en lien avec l\u2019\u00e9ducation sup\u00e9rieure&nbsp;<\/li>\n\n\n\n<li>Cherche des moyens de rendre la formation th\u00e9ologique accessible dans les r\u00e9gions recul\u00e9es<\/li>\n<\/ul>\n\n\n\n<h3 class=\"wp-block-heading is-style-no-line-eyebrow has-gray-color has-text-color has-link-color wp-elements-445fb9db27942ab02b03dd24b7a2f8ec\" style=\"text-transform:none\"><strong>Valeurs et Approche du GAEN<\/strong><\/h3>\n\n\n\n<ul class=\"wp-block-list\">\n<li>Commencer modestement et grandir petit \u00e0 petit pour durer dans le temps<\/li>\n\n\n\n<li>Organiser des r\u00e9unions en personnes de mani\u00e8re ponctuelle et faire usage des outils internet pour conserver et renforcer les liens<\/li>\n\n\n\n<li>D\u00e9centraliser pour permettre aux membres de se retrouver et de se soutenir sur la base d\u2019int\u00e9r\u00eats communs<\/li>\n\n\n\n<li>Porter une attention particuli\u00e8re aux petits \u00e9tablissements qui sont souvent plus demandeurs de mat\u00e9riel et de soutien<\/li>\n<\/ul>\n<\/div>\n<\/div>\n\n\n\n<h2 class=\"wp-block-heading alignwide is-style-blue-eyebrow\" style=\"margin-top:var(--wp--preset--spacing--50)\"><strong>Adh\u00e9sion<\/strong><\/h2>\n\n\n\n<div class=\"wp-block-group alignwide has-global-padding is-content-justification-left is-layout-constrained wp-container-core-group-is-layout-acbac23d wp-block-group-is-layout-constrained\">\n<p>Environ 400 \u00e9tablissements, allant de la petite enfance jusqu\u2019au secondaire, sont dirig\u00e9s par des membres de la CMM.&nbsp; S\u2019ajoutent \u00e0 cela, 50 \u00e0 60 instituts et centres d\u2019\u00e9ducation sup\u00e9rieure (post-secondaire).<\/p>\n\n\n\n<p>Au-del\u00e0 des \u00e9tablissements ci-dessus, nous aimerions accueillir des centres \u00e0 la sensibilit\u00e9 anabaptiste qui se trouvent au sein d\u2019\u00e9tablissements plus larges. Nous invitons aussi les universitaires et les enseignants qui ne travaillent pas dans un \u00e9tablissement membre, ainsi que les r\u00e9seaux de chercheurs anabaptistes.<\/p>\n\n\n\n<p>Toutes les personnes r\u00e9pondant aux crit\u00e8res suivants sont invit\u00e9es \u00e0 adh\u00e9rer aux GAEN&nbsp;:<\/p>\n\n\n\n<ul class=\"wp-block-list\">\n<li>\u00catre impliqu\u00e9 dans un minist\u00e8re \u00e9ducatif<\/li>\n\n\n\n<li>S\u2019identifier comme anabaptiste et adh\u00e9rer aux convictions communes de la CMM<\/li>\n\n\n\n<li>\u00catre \u00e9tabli officiellement (l\u00e9galement, ou au sein du d\u00e9partement d\u2019une autre organisation l\u00e9gale, tenir r\u00e9guli\u00e8rement des r\u00e9unions des dirigeants\/ du conseil d\u2019administration, etc.)&nbsp;<\/li>\n\n\n\n<li>Verser sa part \u00e9quitable des frais d\u2019adh\u00e9sion<\/li>\n<\/ul>\n\n\n\n<p><strong><em>Rejoignez notre R\u00e9seau&nbsp;!&nbsp;<\/em><\/strong>Contacter&nbsp;<a href=\"mailto:magalimoreno@mwc-cmm.org?subject=contact%20from%20website\">Magali Moreno<\/a>&nbsp;pour plus d&rsquo;informations<\/p>\n\n\n\n<h2 class=\"wp-block-heading\">Prochains \u00e9v\u00e9nements<\/h2>\n\n\n\n<figure class=\"wp-block-image size-medium\"><img decoding=\"async\" width=\"300\" height=\"300\" data-src=\"https:\/\/mwc-cmm.org\/wp-content\/uploads\/2024\/11\/gahen_fr-1-300x300.png\" alt=\"\" class=\"wp-image-64449 lazyload\" data-srcset=\"https:\/\/mwc-cmm.org\/wp-content\/uploads\/2024\/11\/gahen_fr-1-300x300.png 300w, https:\/\/mwc-cmm.org\/wp-content\/uploads\/2024\/11\/gahen_fr-1-1024x1024.png 1024w, https:\/\/mwc-cmm.org\/wp-content\/uploads\/2024\/11\/gahen_fr-1-150x150.png 150w, https:\/\/mwc-cmm.org\/wp-content\/uploads\/2024\/11\/gahen_fr-1-768x768.png 768w, https:\/\/mwc-cmm.org\/wp-content\/uploads\/2024\/11\/gahen_fr-1-1536x1536.png 1536w, https:\/\/mwc-cmm.org\/wp-content\/uploads\/2024\/11\/gahen_fr-1-400x400.png 400w, https:\/\/mwc-cmm.org\/wp-content\/uploads\/2024\/11\/gahen_fr-1-600x600.png 600w, https:\/\/mwc-cmm.org\/wp-content\/uploads\/2024\/11\/gahen_fr-1.png 1654w\" data-sizes=\"(max-width: 300px) 100vw, 300px\" src=\"data:image\/svg+xml;base64,PHN2ZyB3aWR0aD0iMSIgaGVpZ2h0PSIxIiB4bWxucz0iaHR0cDovL3d3dy53My5vcmcvMjAwMC9zdmciPjwvc3ZnPg==\" style=\"--smush-placeholder-width: 300px; --smush-placeholder-aspect-ratio: 300\/300;\" \/><\/figure>\n\n\n\n<h3 class=\"wp-block-heading\">Documents importants<\/h3>\n\n\n\n<p><a href=\"https:\/\/mwc-cmm.org\/wp-content\/uploads\/2024\/11\/education_networks_memorandum_of_clarity.pdf\" target=\"_blank\" rel=\"noreferrer noopener\">GAEN Memorandum of Clarity<\/a><\/p>\n\n\n\n<p><a href=\"https:\/\/mwc-cmm.org\/wp-content\/uploads\/2024\/11\/structure_of_gaen_education_networks.pdf\" target=\"_blank\" rel=\"noreferrer noopener\">Proposed structure of the Faith and Life Commission\/GAEN and its potential participant groups<\/a><\/p>\n<\/div>\n","protected":false},"excerpt":{"rendered":"<p>La Commission Foi et Vie facilite le R\u00e9seau anabaptiste mondial pour l\u2019\u00e9ducation (GAEN). Le GAEN met en lien les diff\u00e9rents \u00e9tablissements d\u2019\u00e9ducation dirig\u00e9s par les membres de la CMM, qu\u2019ils concernent la petite enfance, le secondaire ou l\u2019\u00e9ducation sup\u00e9rieure (universit\u00e9s, s\u00e9minaires et centres de formation informelle). Mission du GAEN Notre mission est de renforcer la [&hellip;]<\/p>\n","protected":false},"author":1,"featured_media":117978,"parent":5895,"menu_order":0,"comment_status":"closed","ping_status":"closed","template":"","meta":{"_acf_changed":false,"footnotes":""},"class_list":["post-11482","page","type-page","status-publish","has-post-thumbnail","hentry"],"acf":[],"yoast_head":"<!-- This site is optimized with the Yoast SEO plugin v27.2 - https:\/\/yoast.com\/product\/yoast-seo-wordpress\/ -->\n<title>GAEN, le R\u00e9seau anabaptiste mondial pour l\u2019\u00e9ducation - Mennonite World Conference<\/title>\n<meta name=\"robots\" content=\"index, follow, max-snippet:-1, max-image-preview:large, max-video-preview:-1\" \/>\n<link rel=\"canonical\" href=\"https:\/\/mwc-cmm.org\/fr\/reseaux-cmm\/gaen-le-reseau-anabaptiste-mondial-pour-leducation\/\" \/>\n<meta property=\"og:locale\" content=\"fr_FR\" \/>\n<meta property=\"og:type\" content=\"article\" \/>\n<meta property=\"og:title\" content=\"GAEN, le R\u00e9seau anabaptiste mondial pour l\u2019\u00e9ducation - Mennonite World Conference\" \/>\n<meta property=\"og:description\" content=\"La Commission Foi et Vie facilite le R\u00e9seau anabaptiste mondial pour l\u2019\u00e9ducation (GAEN). Le GAEN met en lien les diff\u00e9rents \u00e9tablissements d\u2019\u00e9ducation dirig\u00e9s par les membres de la CMM, qu\u2019ils concernent la petite enfance, le secondaire ou l\u2019\u00e9ducation sup\u00e9rieure (universit\u00e9s, s\u00e9minaires et centres de formation informelle). Mission du GAEN Notre mission est de renforcer la [&hellip;]\" \/>\n<meta property=\"og:url\" content=\"https:\/\/mwc-cmm.org\/fr\/reseaux-cmm\/gaen-le-reseau-anabaptiste-mondial-pour-leducation\/\" \/>\n<meta property=\"og:site_name\" content=\"Mennonite World Conference\" \/>\n<meta property=\"article:publisher\" content=\"https:\/\/www.facebook.com\/MennoniteWorldConference\" \/>\n<meta property=\"article:modified_time\" content=\"2025-11-14T18:45:33+00:00\" \/>\n<meta property=\"og:image\" content=\"https:\/\/mwc-cmm.org\/wp-content\/uploads\/2025\/08\/2025-GAEN.jpg\" \/>\n\t<meta property=\"og:image:width\" content=\"1000\" \/>\n\t<meta property=\"og:image:height\" content=\"500\" \/>\n\t<meta property=\"og:image:type\" content=\"image\/jpeg\" \/>\n<script type=\"application\/ld+json\" class=\"yoast-schema-graph\">{\"@context\":\"https:\/\/schema.org\",\"@graph\":[{\"@type\":\"WebPage\",\"@id\":\"https:\/\/mwc-cmm.org\/fr\/reseaux-cmm\/gaen-le-reseau-anabaptiste-mondial-pour-leducation\/\",\"url\":\"https:\/\/mwc-cmm.org\/fr\/reseaux-cmm\/gaen-le-reseau-anabaptiste-mondial-pour-leducation\/\",\"name\":\"GAEN, le R\u00e9seau anabaptiste mondial pour l\u2019\u00e9ducation - Mennonite World Conference\",\"isPartOf\":{\"@id\":\"https:\/\/mwc-cmm.org\/en\/#website\"},\"primaryImageOfPage\":{\"@id\":\"https:\/\/mwc-cmm.org\/fr\/reseaux-cmm\/gaen-le-reseau-anabaptiste-mondial-pour-leducation\/#primaryimage\"},\"image\":{\"@id\":\"https:\/\/mwc-cmm.org\/fr\/reseaux-cmm\/gaen-le-reseau-anabaptiste-mondial-pour-leducation\/#primaryimage\"},\"thumbnailUrl\":\"https:\/\/mwc-cmm.org\/wp-content\/uploads\/2025\/08\/2025-GAEN.jpg\",\"datePublished\":\"2020-11-12T00:00:00+00:00\",\"dateModified\":\"2025-11-14T18:45:33+00:00\",\"breadcrumb\":{\"@id\":\"https:\/\/mwc-cmm.org\/fr\/reseaux-cmm\/gaen-le-reseau-anabaptiste-mondial-pour-leducation\/#breadcrumb\"},\"inLanguage\":\"fr-FR\",\"potentialAction\":[{\"@type\":\"ReadAction\",\"target\":[\"https:\/\/mwc-cmm.org\/fr\/reseaux-cmm\/gaen-le-reseau-anabaptiste-mondial-pour-leducation\/\"]}]},{\"@type\":\"ImageObject\",\"inLanguage\":\"fr-FR\",\"@id\":\"https:\/\/mwc-cmm.org\/fr\/reseaux-cmm\/gaen-le-reseau-anabaptiste-mondial-pour-leducation\/#primaryimage\",\"url\":\"https:\/\/mwc-cmm.org\/wp-content\/uploads\/2025\/08\/2025-GAEN.jpg\",\"contentUrl\":\"https:\/\/mwc-cmm.org\/wp-content\/uploads\/2025\/08\/2025-GAEN.jpg\",\"width\":1000,\"height\":500,\"caption\":\"2025 GAEN group photo\"},{\"@type\":\"BreadcrumbList\",\"@id\":\"https:\/\/mwc-cmm.org\/fr\/reseaux-cmm\/gaen-le-reseau-anabaptiste-mondial-pour-leducation\/#breadcrumb\",\"itemListElement\":[{\"@type\":\"ListItem\",\"position\":1,\"name\":\"Home\",\"item\":\"https:\/\/mwc-cmm.org\/fr\/\"},{\"@type\":\"ListItem\",\"position\":2,\"name\":\"R\u00e9seaux de la CMM\",\"item\":\"https:\/\/mwc-cmm.org\/fr\/reseaux-cmm\/\"},{\"@type\":\"ListItem\",\"position\":3,\"name\":\"GAEN, le R\u00e9seau anabaptiste mondial pour l\u2019\u00e9ducation\"}]},{\"@type\":\"WebSite\",\"@id\":\"https:\/\/mwc-cmm.org\/en\/#website\",\"url\":\"https:\/\/mwc-cmm.org\/en\/\",\"name\":\"Mennonite World Conference\",\"description\":\"A communion of Anabaptist-related churches\",\"publisher\":{\"@id\":\"https:\/\/mwc-cmm.org\/en\/#organization\"},\"alternateName\":\"MWC\",\"potentialAction\":[{\"@type\":\"SearchAction\",\"target\":{\"@type\":\"EntryPoint\",\"urlTemplate\":\"https:\/\/mwc-cmm.org\/en\/?s={search_term_string}\"},\"query-input\":{\"@type\":\"PropertyValueSpecification\",\"valueRequired\":true,\"valueName\":\"search_term_string\"}}],\"inLanguage\":\"fr-FR\"},{\"@type\":\"Organization\",\"@id\":\"https:\/\/mwc-cmm.org\/en\/#organization\",\"name\":\"Mennonite World Conference\",\"alternateName\":\"MWC\",\"url\":\"https:\/\/mwc-cmm.org\/en\/\",\"logo\":{\"@type\":\"ImageObject\",\"inLanguage\":\"fr-FR\",\"@id\":\"https:\/\/mwc-cmm.org\/en\/#\/schema\/logo\/image\/\",\"url\":\"https:\/\/mwc-cmm.org\/wp-content\/uploads\/2026\/01\/MWC_Sig_Blue_Horiz_webheader1-logo.svg\",\"contentUrl\":\"https:\/\/mwc-cmm.org\/wp-content\/uploads\/2026\/01\/MWC_Sig_Blue_Horiz_webheader1-logo.svg\",\"width\":786,\"height\":82,\"caption\":\"Mennonite World Conference\"},\"image\":{\"@id\":\"https:\/\/mwc-cmm.org\/en\/#\/schema\/logo\/image\/\"},\"sameAs\":[\"https:\/\/www.facebook.com\/MennoniteWorldConference\",\"https:\/\/www.linkedin.com\/company\/mennonite-world-conference-mwc\/\",\"https:\/\/www.instagram.com\/mwcmm\/\",\"https:\/\/www.youtube.com\/user\/mwccmm\",\"https:\/\/bsky.app\/profile\/mwcmm.bsky.social\"]}]}<\/script>\n<!-- \/ Yoast SEO plugin. -->","yoast_head_json":{"title":"GAEN, le R\u00e9seau anabaptiste mondial pour l\u2019\u00e9ducation - Mennonite World Conference","robots":{"index":"index","follow":"follow","max-snippet":"max-snippet:-1","max-image-preview":"max-image-preview:large","max-video-preview":"max-video-preview:-1"},"canonical":"https:\/\/mwc-cmm.org\/fr\/reseaux-cmm\/gaen-le-reseau-anabaptiste-mondial-pour-leducation\/","og_locale":"fr_FR","og_type":"article","og_title":"GAEN, le R\u00e9seau anabaptiste mondial pour l\u2019\u00e9ducation - Mennonite World Conference","og_description":"La Commission Foi et Vie facilite le R\u00e9seau anabaptiste mondial pour l\u2019\u00e9ducation (GAEN). Le GAEN met en lien les diff\u00e9rents \u00e9tablissements d\u2019\u00e9ducation dirig\u00e9s par les membres de la CMM, qu\u2019ils concernent la petite enfance, le secondaire ou l\u2019\u00e9ducation sup\u00e9rieure (universit\u00e9s, s\u00e9minaires et centres de formation informelle). Mission du GAEN Notre mission est de renforcer la [&hellip;]","og_url":"https:\/\/mwc-cmm.org\/fr\/reseaux-cmm\/gaen-le-reseau-anabaptiste-mondial-pour-leducation\/","og_site_name":"Mennonite World Conference","article_publisher":"https:\/\/www.facebook.com\/MennoniteWorldConference","article_modified_time":"2025-11-14T18:45:33+00:00","og_image":[{"width":1000,"height":500,"url":"https:\/\/mwc-cmm.org\/wp-content\/uploads\/2025\/08\/2025-GAEN.jpg","type":"image\/jpeg"}],"schema":{"@context":"https:\/\/schema.org","@graph":[{"@type":"WebPage","@id":"https:\/\/mwc-cmm.org\/fr\/reseaux-cmm\/gaen-le-reseau-anabaptiste-mondial-pour-leducation\/","url":"https:\/\/mwc-cmm.org\/fr\/reseaux-cmm\/gaen-le-reseau-anabaptiste-mondial-pour-leducation\/","name":"GAEN, le R\u00e9seau anabaptiste mondial pour l\u2019\u00e9ducation - Mennonite World Conference","isPartOf":{"@id":"https:\/\/mwc-cmm.org\/en\/#website"},"primaryImageOfPage":{"@id":"https:\/\/mwc-cmm.org\/fr\/reseaux-cmm\/gaen-le-reseau-anabaptiste-mondial-pour-leducation\/#primaryimage"},"image":{"@id":"https:\/\/mwc-cmm.org\/fr\/reseaux-cmm\/gaen-le-reseau-anabaptiste-mondial-pour-leducation\/#primaryimage"},"thumbnailUrl":"https:\/\/mwc-cmm.org\/wp-content\/uploads\/2025\/08\/2025-GAEN.jpg","datePublished":"2020-11-12T00:00:00+00:00","dateModified":"2025-11-14T18:45:33+00:00","breadcrumb":{"@id":"https:\/\/mwc-cmm.org\/fr\/reseaux-cmm\/gaen-le-reseau-anabaptiste-mondial-pour-leducation\/#breadcrumb"},"inLanguage":"fr-FR","potentialAction":[{"@type":"ReadAction","target":["https:\/\/mwc-cmm.org\/fr\/reseaux-cmm\/gaen-le-reseau-anabaptiste-mondial-pour-leducation\/"]}]},{"@type":"ImageObject","inLanguage":"fr-FR","@id":"https:\/\/mwc-cmm.org\/fr\/reseaux-cmm\/gaen-le-reseau-anabaptiste-mondial-pour-leducation\/#primaryimage","url":"https:\/\/mwc-cmm.org\/wp-content\/uploads\/2025\/08\/2025-GAEN.jpg","contentUrl":"https:\/\/mwc-cmm.org\/wp-content\/uploads\/2025\/08\/2025-GAEN.jpg","width":1000,"height":500,"caption":"2025 GAEN group photo"},{"@type":"BreadcrumbList","@id":"https:\/\/mwc-cmm.org\/fr\/reseaux-cmm\/gaen-le-reseau-anabaptiste-mondial-pour-leducation\/#breadcrumb","itemListElement":[{"@type":"ListItem","position":1,"name":"Home","item":"https:\/\/mwc-cmm.org\/fr\/"},{"@type":"ListItem","position":2,"name":"R\u00e9seaux de la CMM","item":"https:\/\/mwc-cmm.org\/fr\/reseaux-cmm\/"},{"@type":"ListItem","position":3,"name":"GAEN, le R\u00e9seau anabaptiste mondial pour l\u2019\u00e9ducation"}]},{"@type":"WebSite","@id":"https:\/\/mwc-cmm.org\/en\/#website","url":"https:\/\/mwc-cmm.org\/en\/","name":"Mennonite World Conference","description":"A communion of Anabaptist-related churches","publisher":{"@id":"https:\/\/mwc-cmm.org\/en\/#organization"},"alternateName":"MWC","potentialAction":[{"@type":"SearchAction","target":{"@type":"EntryPoint","urlTemplate":"https:\/\/mwc-cmm.org\/en\/?s={search_term_string}"},"query-input":{"@type":"PropertyValueSpecification","valueRequired":true,"valueName":"search_term_string"}}],"inLanguage":"fr-FR"},{"@type":"Organization","@id":"https:\/\/mwc-cmm.org\/en\/#organization","name":"Mennonite World Conference","alternateName":"MWC","url":"https:\/\/mwc-cmm.org\/en\/","logo":{"@type":"ImageObject","inLanguage":"fr-FR","@id":"https:\/\/mwc-cmm.org\/en\/#\/schema\/logo\/image\/","url":"https:\/\/mwc-cmm.org\/wp-content\/uploads\/2026\/01\/MWC_Sig_Blue_Horiz_webheader1-logo.svg","contentUrl":"https:\/\/mwc-cmm.org\/wp-content\/uploads\/2026\/01\/MWC_Sig_Blue_Horiz_webheader1-logo.svg","width":786,"height":82,"caption":"Mennonite World Conference"},"image":{"@id":"https:\/\/mwc-cmm.org\/en\/#\/schema\/logo\/image\/"},"sameAs":["https:\/\/www.facebook.com\/MennoniteWorldConference","https:\/\/www.linkedin.com\/company\/mennonite-world-conference-mwc\/","https:\/\/www.instagram.com\/mwcmm\/","https:\/\/www.youtube.com\/user\/mwccmm","https:\/\/bsky.app\/profile\/mwcmm.bsky.social"]}]}},"_links":{"self":[{"href":"https:\/\/mwc-cmm.org\/fr\/wp-json\/wp\/v2\/pages\/11482","targetHints":{"allow":["GET"]}}],"collection":[{"href":"https:\/\/mwc-cmm.org\/fr\/wp-json\/wp\/v2\/pages"}],"about":[{"href":"https:\/\/mwc-cmm.org\/fr\/wp-json\/wp\/v2\/types\/page"}],"author":[{"embeddable":true,"href":"https:\/\/mwc-cmm.org\/fr\/wp-json\/wp\/v2\/users\/1"}],"replies":[{"embeddable":true,"href":"https:\/\/mwc-cmm.org\/fr\/wp-json\/wp\/v2\/comments?post=11482"}],"version-history":[{"count":0,"href":"https:\/\/mwc-cmm.org\/fr\/wp-json\/wp\/v2\/pages\/11482\/revisions"}],"up":[{"embeddable":true,"href":"https:\/\/mwc-cmm.org\/fr\/wp-json\/wp\/v2\/pages\/5895"}],"wp:featuredmedia":[{"embeddable":true,"href":"https:\/\/mwc-cmm.org\/fr\/wp-json\/wp\/v2\/media\/117978"}],"wp:attachment":[{"href":"https:\/\/mwc-cmm.org\/fr\/wp-json\/wp\/v2\/media?parent=11482"}],"curies":[{"name":"wp","href":"https:\/\/api.w.org\/{rel}","templated":true}]}}