{"id":11480,"date":"2020-06-16T00:00:00","date_gmt":"2020-06-16T00:00:00","guid":{"rendered":"https:\/\/mwc-cmm.org\/creation-care-task-force-3\/"},"modified":"2026-03-18T10:16:05","modified_gmt":"2026-03-18T10:16:05","slug":"groupe-de-travail-de-la-cmm-pour-la-protection-de-la-creation","status":"publish","type":"page","link":"https:\/\/mwc-cmm.org\/fr\/groupe-de-travail-de-la-cmm-pour-la-protection-de-la-creation\/","title":{"rendered":"Groupe de travail de la CMM pour la protection de la cr\u00e9ation"},"content":{"rendered":"\n<div class=\"wp-block-columns is-layout-flex wp-container-core-columns-is-layout-28f84493 wp-block-columns-is-layout-flex\">\n<div class=\"wp-block-column is-layout-flow wp-block-column-is-layout-flow\" style=\"flex-basis:66.66%\">\n<p>La CMM est une communion mondiale d&rsquo;\u00e9glises anabaptistes qui font face ensemble \u00e0 la crise climatique.<\/p>\n\n\n\n<p>R\u00e9agir avec fid\u00e9lit\u00e9 face aux probl\u00e8mes de notre monde est au c\u00faur de notre \u00e9thique. Comment suivre J\u00e9sus dans ces temps de crise ? Les \u00e9glises membres, tout comme le reste de l&rsquo;humanit\u00e9, sont toutes concern\u00e9es par les cons\u00e9quences de la crise climatique.<\/p>\n\n\n\n<p>Certaines, en particulier celles des pays du Nord, se situent plut\u00f4t du c\u00f4t\u00e9 de la production de cette crise.<\/p>\n\n\n\n<p>Cela veut dire que, au sein de notre communion, il y a une diversit\u00e9 d&rsquo;exp\u00e9riences et de responsabilit\u00e9s.<\/p>\n\n\n\n<p>Ce groupe de travail \u00e9laborera le plan d&rsquo;action de la CMM et impulsera des projets pour accro\u00eetre la prise de conscience et l&rsquo;action.<\/p>\n<\/div>\n\n\n\n<div class=\"wp-block-column is-layout-flow wp-block-column-is-layout-flow\" style=\"flex-basis:33.33%\">\n<h2 class=\"wp-block-heading is-style-green-eyebrow\">En savoir plus<\/h2>\n\n\n\n<div class=\"wp-block-buttons is-layout-flex wp-block-buttons-is-layout-flex\">\n<div class=\"wp-block-button\"><a class=\"wp-block-button__link wp-element-button\" href=\"https:\/\/mwc-cmm.org\/fr\/groupe-de-travail-de-la-cmm-pour-la-protection-de-la-creation\/temps-de-la-creation-prieres\/\">Temps de la Cr\u00e9ation<\/a><\/div>\n<\/div>\n\n\n\n<div class=\"wp-block-buttons is-layout-flex wp-block-buttons-is-layout-flex\">\n<div class=\"wp-block-button\"><a class=\"wp-block-button__link wp-element-button\" href=\"https:\/\/mwc-cmm.org\/en\/creation-care-task-force\/creation-care-grant\/\">Creation Care Grant<\/a><\/div>\n<\/div>\n\n\n\n<div class=\"wp-block-buttons is-layout-flex wp-block-buttons-is-layout-flex\">\n<div class=\"wp-block-button\"><a class=\"wp-block-button__link wp-element-button\" href=\"https:\/\/mwc-cmm.org\/en\/creation-care-task-force\/creation-care-task-force-stories\/\">Histoires<\/a><\/div>\n\n\n\n<div class=\"wp-block-button\"><a class=\"wp-block-button__link wp-element-button\" href=\"https:\/\/mwc-cmm.org\/fr\/ressources\/?_resource_theme=creation-care\">Ressources<\/a><\/div>\n<\/div>\n<\/div>\n<\/div>\n\n\n\n<h2 class=\"wp-block-heading is-style-h3-style\"><strong>Le groupe de travail pour la protection de la cr\u00e9ation collaborera avec les \u00e9glises de la CMM pour <\/strong><\/h2>\n\n\n\n<ul class=\"wp-block-list\">\n<li>accro\u00eetre la prise de conscience de la crise climatique.<\/li>\n\n\n\n<li>proposer des fa\u00e7ons concr\u00e8tes de vivre plus \u00e9cologiquement.<\/li>\n\n\n\n<li>\u00e9tudier les impacts de la crise climatique sur les pays repr\u00e9sent\u00e9s.<\/li>\n\n\n\n<li>encourager le d\u00e9veloppement de capacit\u00e9s bibliques et th\u00e9ologiques en lien avec la crise climatique.<\/li>\n\n\n\n<li>\u00e9laborer un plan strat\u00e9gique pour la CMM, d\u00e9taillant des objectifs concrets imm\u00e9diats, \u00e0 moyen-terme et \u00e0 long-terme.<\/li>\n<\/ul>\n\n\n\n<div class=\"wp-block-buttons is-layout-flex wp-block-buttons-is-layout-flex\">\n<div class=\"wp-block-button\"><a class=\"wp-block-button__link wp-element-button\" href=\"https:\/\/mwc-cmm.org\/fr\/resources\/groupe-de-travail-pour-la-protection-de-la-creation-justification\/\">Groupe de travail pour la protection de la cr\u00e9ation: Justification<\/a><\/div>\n<\/div>\n\n\n\n<h2 class=\"wp-block-heading is-style-green-eyebrow\">D\u00e9couvrez votre Groupe de travail pour la Protection de la Cr\u00e9ation<\/h2>\n\n\n\n<div class=\"wp-block-columns is-layout-flex wp-container-core-columns-is-layout-28f84493 wp-block-columns-is-layout-flex\">\n<div class=\"wp-block-column is-layout-flow wp-block-column-is-layout-flow\">\n<figure class=\"wp-block-image size-full\"><img decoding=\"async\" width=\"600\" height=\"600\" data-src=\"https:\/\/mwc-cmm.org\/wp-content\/uploads\/2026\/03\/DouglasGraberNeufeld20250523IrmaSulistyorini_DSC04852-1.png\" alt=\"\" class=\"wp-image-125191 lazyload\" data-srcset=\"https:\/\/mwc-cmm.org\/wp-content\/uploads\/2026\/03\/DouglasGraberNeufeld20250523IrmaSulistyorini_DSC04852-1.png 600w, https:\/\/mwc-cmm.org\/wp-content\/uploads\/2026\/03\/DouglasGraberNeufeld20250523IrmaSulistyorini_DSC04852-1-300x300.png 300w, https:\/\/mwc-cmm.org\/wp-content\/uploads\/2026\/03\/DouglasGraberNeufeld20250523IrmaSulistyorini_DSC04852-1-150x150.png 150w\" data-sizes=\"(max-width: 600px) 100vw, 600px\" src=\"data:image\/svg+xml;base64,PHN2ZyB3aWR0aD0iMSIgaGVpZ2h0PSIxIiB4bWxucz0iaHR0cDovL3d3dy53My5vcmcvMjAwMC9zdmciPjwvc3ZnPg==\" style=\"--smush-placeholder-width: 600px; --smush-placeholder-aspect-ratio: 600\/600;\" \/><\/figure>\n\n\n\n<h3 class=\"wp-block-heading\">Pr\u00e9sident\u00a0<\/h3>\n\n\n\n<p><strong>Doug Graber Neufeld<\/strong><\/p>\n\n\n\n<ul class=\"wp-block-list\">\n<li>professeur de biologie \u00e0 Eastern Mennonite university, Harrisonburg, USA\u00a0;<\/li>\n\n\n\n<li>directeur du Center for Sustainable Climate Solutions. Paroisse:<\/li>\n\n\n\n<li>Community Mennonite Church (MCUSA), Harrisonburg, Virginie, \u00c9tats-Unis.<\/li>\n<\/ul>\n<\/div>\n\n\n\n<div class=\"wp-block-column is-layout-flow wp-block-column-is-layout-flow\">\n<figure class=\"wp-block-image size-full\"><img decoding=\"async\" width=\"600\" height=\"600\" data-src=\"https:\/\/mwc-cmm.org\/wp-content\/uploads\/2026\/03\/DavidNussbaumer20250524IrmaSulistyorini_DSC05108-1.png\" alt=\"\" class=\"wp-image-125177 lazyload\" data-srcset=\"https:\/\/mwc-cmm.org\/wp-content\/uploads\/2026\/03\/DavidNussbaumer20250524IrmaSulistyorini_DSC05108-1.png 600w, https:\/\/mwc-cmm.org\/wp-content\/uploads\/2026\/03\/DavidNussbaumer20250524IrmaSulistyorini_DSC05108-1-300x300.png 300w, https:\/\/mwc-cmm.org\/wp-content\/uploads\/2026\/03\/DavidNussbaumer20250524IrmaSulistyorini_DSC05108-1-150x150.png 150w\" data-sizes=\"(max-width: 600px) 100vw, 600px\" src=\"data:image\/svg+xml;base64,PHN2ZyB3aWR0aD0iMSIgaGVpZ2h0PSIxIiB4bWxucz0iaHR0cDovL3d3dy53My5vcmcvMjAwMC9zdmciPjwvc3ZnPg==\" style=\"--smush-placeholder-width: 600px; --smush-placeholder-aspect-ratio: 600\/600;\" \/><\/figure>\n\n\n\n<h3 class=\"wp-block-heading\">Europe<\/h3>\n\n\n\n<p><strong>David Nussbaumer<\/strong><\/p>\n\n\n\n<ul class=\"wp-block-list\">\n<li>coordinateur compensation \u00e9cologique, CEN Alsace, France<\/li>\n\n\n\n<li>dipl\u00f4me d\u2019\u00e9tudes chr\u00e9tiennes, Regent College, Vancouver, Canada<\/li>\n\n\n\n<li>\u00c9glise mennonite d\u2019Altkirch, France<\/li>\n<\/ul>\n<\/div>\n\n\n\n<div class=\"wp-block-column is-layout-flow wp-block-column-is-layout-flow\">\n<figure class=\"wp-block-image size-full\"><img decoding=\"async\" width=\"600\" height=\"600\" data-src=\"https:\/\/mwc-cmm.org\/wp-content\/uploads\/2026\/03\/Sibonokuhle-Ncube-1.png\" alt=\"\" class=\"wp-image-125233 lazyload\" data-srcset=\"https:\/\/mwc-cmm.org\/wp-content\/uploads\/2026\/03\/Sibonokuhle-Ncube-1.png 600w, https:\/\/mwc-cmm.org\/wp-content\/uploads\/2026\/03\/Sibonokuhle-Ncube-1-300x300.png 300w, https:\/\/mwc-cmm.org\/wp-content\/uploads\/2026\/03\/Sibonokuhle-Ncube-1-150x150.png 150w\" data-sizes=\"(max-width: 600px) 100vw, 600px\" src=\"data:image\/svg+xml;base64,PHN2ZyB3aWR0aD0iMSIgaGVpZ2h0PSIxIiB4bWxucz0iaHR0cDovL3d3dy53My5vcmcvMjAwMC9zdmciPjwvc3ZnPg==\" style=\"--smush-placeholder-width: 600px; --smush-placeholder-aspect-ratio: 600\/600;\" \/><\/figure>\n\n\n\n<h3 class=\"wp-block-heading\">Afrique<\/h3>\n\n\n\n<p><strong>Sibonokuhle Ncube<\/strong><\/p>\n\n\n\n<ul class=\"wp-block-list\">\n<li>coordinatrice nationale de Compassionate development service,\u00a0\u00c9glise des Fr\u00e8res en Christ, Zimbabwe\u00a0;<\/li>\n\n\n\n<li>candidate au Master en th\u00e9ologie, Anabaptist Mennonite Biblical Seminary, Elkhart, \u00c9tats-Unis.<\/li>\n<\/ul>\n<\/div>\n<\/div>\n\n\n\n<div class=\"wp-block-columns is-layout-flex wp-container-core-columns-is-layout-28f84493 wp-block-columns-is-layout-flex\">\n<div class=\"wp-block-column is-layout-flow wp-block-column-is-layout-flow\">\n<figure class=\"wp-block-image size-full\"><img decoding=\"async\" width=\"600\" height=\"600\" data-src=\"https:\/\/mwc-cmm.org\/wp-content\/uploads\/2026\/03\/JulianaMorillo20250524IrmaSulistyorini_DSC05122-1.png\" alt=\"\" class=\"wp-image-125248 lazyload\" data-srcset=\"https:\/\/mwc-cmm.org\/wp-content\/uploads\/2026\/03\/JulianaMorillo20250524IrmaSulistyorini_DSC05122-1.png 600w, https:\/\/mwc-cmm.org\/wp-content\/uploads\/2026\/03\/JulianaMorillo20250524IrmaSulistyorini_DSC05122-1-300x300.png 300w, https:\/\/mwc-cmm.org\/wp-content\/uploads\/2026\/03\/JulianaMorillo20250524IrmaSulistyorini_DSC05122-1-150x150.png 150w\" data-sizes=\"(max-width: 600px) 100vw, 600px\" src=\"data:image\/svg+xml;base64,PHN2ZyB3aWR0aD0iMSIgaGVpZ2h0PSIxIiB4bWxucz0iaHR0cDovL3d3dy53My5vcmcvMjAwMC9zdmciPjwvc3ZnPg==\" style=\"--smush-placeholder-width: 600px; --smush-placeholder-aspect-ratio: 600\/600;\" \/><\/figure>\n\n\n\n<h3 class=\"wp-block-heading\">Am\u00e9rique latine\u00a0<\/h3>\n\n\n\n<p><strong>Juliana Morillo<\/strong><\/p>\n\n\n\n<ul class=\"wp-block-list\">\n<li>Master en d\u00e9veloppement et gestion de l\u2019environnement\u00a0;<\/li>\n\n\n\n<li>facilitatrice pour l\u2019Am\u00e9rique latine, World Evangelical Association Creation Care Network.<\/li>\n<\/ul>\n<\/div>\n\n\n\n<div class=\"wp-block-column is-layout-flow wp-block-column-is-layout-flow\">\n<figure class=\"wp-block-image size-full\"><img decoding=\"async\" width=\"600\" height=\"600\" data-src=\"https:\/\/mwc-cmm.org\/wp-content\/uploads\/2026\/03\/NindyoSasongko20250523IrmaSulistyorini_DSC04882-1.png\" alt=\"\" class=\"wp-image-125219 lazyload\" data-srcset=\"https:\/\/mwc-cmm.org\/wp-content\/uploads\/2026\/03\/NindyoSasongko20250523IrmaSulistyorini_DSC04882-1.png 600w, https:\/\/mwc-cmm.org\/wp-content\/uploads\/2026\/03\/NindyoSasongko20250523IrmaSulistyorini_DSC04882-1-300x300.png 300w, https:\/\/mwc-cmm.org\/wp-content\/uploads\/2026\/03\/NindyoSasongko20250523IrmaSulistyorini_DSC04882-1-150x150.png 150w\" data-sizes=\"(max-width: 600px) 100vw, 600px\" src=\"data:image\/svg+xml;base64,PHN2ZyB3aWR0aD0iMSIgaGVpZ2h0PSIxIiB4bWxucz0iaHR0cDovL3d3dy53My5vcmcvMjAwMC9zdmciPjwvc3ZnPg==\" style=\"--smush-placeholder-width: 600px; --smush-placeholder-aspect-ratio: 600\/600;\" \/><\/figure>\n\n\n\n<h3 class=\"wp-block-heading\">Asie<\/h3>\n\n\n\n<p><strong>Nindyo Sasongko<\/strong><\/p>\n\n\n\n<ul class=\"wp-block-list\">\n<li>candidat au doctorat en th\u00e9ologie syst\u00e9matique, Fordham University,<\/li>\n\n\n\n<li>pasteur, \u00e9glise mennonite GKMI, Indon\u00e9sie.<\/li>\n<\/ul>\n<\/div>\n\n\n\n<div class=\"wp-block-column is-layout-flow wp-block-column-is-layout-flow\">\n<figure class=\"wp-block-image size-full\"><img decoding=\"async\" width=\"600\" height=\"600\" data-src=\"https:\/\/mwc-cmm.org\/wp-content\/uploads\/2026\/03\/JenniferSchrock20250524IrmaSulistyorini_DSC05089-1.png\" alt=\"\" class=\"wp-image-125205 lazyload\" data-srcset=\"https:\/\/mwc-cmm.org\/wp-content\/uploads\/2026\/03\/JenniferSchrock20250524IrmaSulistyorini_DSC05089-1.png 600w, https:\/\/mwc-cmm.org\/wp-content\/uploads\/2026\/03\/JenniferSchrock20250524IrmaSulistyorini_DSC05089-1-300x300.png 300w, https:\/\/mwc-cmm.org\/wp-content\/uploads\/2026\/03\/JenniferSchrock20250524IrmaSulistyorini_DSC05089-1-150x150.png 150w\" data-sizes=\"(max-width: 600px) 100vw, 600px\" src=\"data:image\/svg+xml;base64,PHN2ZyB3aWR0aD0iMSIgaGVpZ2h0PSIxIiB4bWxucz0iaHR0cDovL3d3dy53My5vcmcvMjAwMC9zdmciPjwvc3ZnPg==\" style=\"--smush-placeholder-width: 600px; --smush-placeholder-aspect-ratio: 600\/600;\" \/><\/figure>\n\n\n\n<h3 class=\"wp-block-heading\">Am\u00e9rique du Nord<\/h3>\n\n\n\n<p><strong>Jennifer Schrock<\/strong><\/p>\n\n\n\n<ul class=\"wp-block-list\">\n<li>Master en th\u00e9ologie, Chicago Theological Seminary\u00a0;<\/li>\n\n\n\n<li>directrice, Mennonite Creation Care Network, Goshen, \u00c9tats-Unis.<\/li>\n\n\n\n<li>Paroisse:\u00a0Berkey Avenue Mennonite Fellowship, Goshen, Indiana, \u00c9tats-Unis.<\/li>\n<\/ul>\n<\/div>\n<\/div>\n\n\n\n<div class=\"wp-block-columns is-layout-flex wp-container-core-columns-is-layout-28f84493 wp-block-columns-is-layout-flex\">\n<div class=\"wp-block-column is-layout-flow wp-block-column-is-layout-flow\">\n<figure class=\"wp-block-image size-full\"><img decoding=\"async\" width=\"600\" height=\"600\" data-src=\"https:\/\/mwc-cmm.org\/wp-content\/uploads\/2026\/03\/AnnaVogt20250524IrmaSulistyorini_DSC05087-1.png\" alt=\"\" class=\"wp-image-125163 lazyload\" data-srcset=\"https:\/\/mwc-cmm.org\/wp-content\/uploads\/2026\/03\/AnnaVogt20250524IrmaSulistyorini_DSC05087-1.png 600w, https:\/\/mwc-cmm.org\/wp-content\/uploads\/2026\/03\/AnnaVogt20250524IrmaSulistyorini_DSC05087-1-300x300.png 300w, https:\/\/mwc-cmm.org\/wp-content\/uploads\/2026\/03\/AnnaVogt20250524IrmaSulistyorini_DSC05087-1-150x150.png 150w\" data-sizes=\"(max-width: 600px) 100vw, 600px\" src=\"data:image\/svg+xml;base64,PHN2ZyB3aWR0aD0iMSIgaGVpZ2h0PSIxIiB4bWxucz0iaHR0cDovL3d3dy53My5vcmcvMjAwMC9zdmciPjwvc3ZnPg==\" style=\"--smush-placeholder-width: 600px; --smush-placeholder-aspect-ratio: 600\/600;\" \/><\/figure>\n\n\n\n<h3 class=\"wp-block-heading\">MCC<\/h3>\n\n\n\n<p><strong>Anna Vogt<\/strong><\/p>\n\n\n\n<ul class=\"wp-block-list\">\n<li>directrice de MCC Ottawa,<\/li>\n\n\n\n<li>anciennement participante du programme SEED du MCC et collaboratrice de Justapaz en Colombie.<\/li>\n<\/ul>\n<\/div>\n\n\n\n<div class=\"wp-block-column is-layout-flow wp-block-column-is-layout-flow\"><\/div>\n\n\n\n<div class=\"wp-block-column is-layout-flow wp-block-column-is-layout-flow\"><\/div>\n<\/div>\n\n\n\n<p><\/p>\n","protected":false},"excerpt":{"rendered":"<p>La CMM est une communion mondiale d&rsquo;\u00e9glises anabaptistes qui font face ensemble \u00e0 la crise climatique. R\u00e9agir avec fid\u00e9lit\u00e9 face aux probl\u00e8mes de notre monde est au c\u00faur de notre \u00e9thique. Comment suivre J\u00e9sus dans ces temps de crise ? Les \u00e9glises membres, tout comme le reste de l&rsquo;humanit\u00e9, sont toutes concern\u00e9es par les cons\u00e9quences [&hellip;]<\/p>\n","protected":false},"author":1,"featured_media":0,"parent":0,"menu_order":0,"comment_status":"closed","ping_status":"closed","template":"","meta":{"_acf_changed":false,"footnotes":""},"class_list":["post-11480","page","type-page","status-publish","hentry"],"acf":[],"yoast_head":"<!-- This site is optimized with the Yoast SEO plugin v27.2 - https:\/\/yoast.com\/product\/yoast-seo-wordpress\/ -->\n<title>Groupe de travail de la CMM pour la protection de la cr\u00e9ation - Mennonite World Conference<\/title>\n<meta name=\"robots\" content=\"index, follow, max-snippet:-1, max-image-preview:large, max-video-preview:-1\" \/>\n<link rel=\"canonical\" href=\"https:\/\/mwc-cmm.org\/fr\/groupe-de-travail-de-la-cmm-pour-la-protection-de-la-creation\/\" \/>\n<meta property=\"og:locale\" content=\"fr_FR\" \/>\n<meta property=\"og:type\" content=\"article\" \/>\n<meta property=\"og:title\" content=\"Groupe de travail de la CMM pour la protection de la cr\u00e9ation - Mennonite World Conference\" \/>\n<meta property=\"og:description\" content=\"La CMM est une communion mondiale d&rsquo;\u00e9glises anabaptistes qui font face ensemble \u00e0 la crise climatique. R\u00e9agir avec fid\u00e9lit\u00e9 face aux probl\u00e8mes de notre monde est au c\u00faur de notre \u00e9thique. Comment suivre J\u00e9sus dans ces temps de crise ? Les \u00e9glises membres, tout comme le reste de l&rsquo;humanit\u00e9, sont toutes concern\u00e9es par les cons\u00e9quences [&hellip;]\" \/>\n<meta property=\"og:url\" content=\"https:\/\/mwc-cmm.org\/fr\/groupe-de-travail-de-la-cmm-pour-la-protection-de-la-creation\/\" \/>\n<meta property=\"og:site_name\" content=\"Mennonite World Conference\" \/>\n<meta property=\"article:publisher\" content=\"https:\/\/www.facebook.com\/MennoniteWorldConference\" \/>\n<meta property=\"article:modified_time\" content=\"2026-03-18T10:16:05+00:00\" \/>\n<meta property=\"og:image\" content=\"https:\/\/mwc-cmm.org\/wp-content\/uploads\/2026\/03\/DouglasGraberNeufeld20250523IrmaSulistyorini_DSC04852-1.png\" \/>\n\t<meta property=\"og:image:width\" content=\"600\" \/>\n\t<meta property=\"og:image:height\" content=\"600\" \/>\n\t<meta property=\"og:image:type\" content=\"image\/png\" \/>\n<script type=\"application\/ld+json\" class=\"yoast-schema-graph\">{\"@context\":\"https:\/\/schema.org\",\"@graph\":[{\"@type\":\"WebPage\",\"@id\":\"https:\/\/mwc-cmm.org\/fr\/groupe-de-travail-de-la-cmm-pour-la-protection-de-la-creation\/\",\"url\":\"https:\/\/mwc-cmm.org\/fr\/groupe-de-travail-de-la-cmm-pour-la-protection-de-la-creation\/\",\"name\":\"Groupe de travail de la CMM pour la protection de la cr\u00e9ation - Mennonite World Conference\",\"isPartOf\":{\"@id\":\"https:\/\/mwc-cmm.org\/en\/#website\"},\"primaryImageOfPage\":{\"@id\":\"https:\/\/mwc-cmm.org\/fr\/groupe-de-travail-de-la-cmm-pour-la-protection-de-la-creation\/#primaryimage\"},\"image\":{\"@id\":\"https:\/\/mwc-cmm.org\/fr\/groupe-de-travail-de-la-cmm-pour-la-protection-de-la-creation\/#primaryimage\"},\"thumbnailUrl\":\"https:\/\/mwc-cmm.org\/wp-content\/uploads\/2026\/03\/DouglasGraberNeufeld20250523IrmaSulistyorini_DSC04852-1.png\",\"datePublished\":\"2020-06-16T00:00:00+00:00\",\"dateModified\":\"2026-03-18T10:16:05+00:00\",\"breadcrumb\":{\"@id\":\"https:\/\/mwc-cmm.org\/fr\/groupe-de-travail-de-la-cmm-pour-la-protection-de-la-creation\/#breadcrumb\"},\"inLanguage\":\"fr-FR\",\"potentialAction\":[{\"@type\":\"ReadAction\",\"target\":[\"https:\/\/mwc-cmm.org\/fr\/groupe-de-travail-de-la-cmm-pour-la-protection-de-la-creation\/\"]}]},{\"@type\":\"ImageObject\",\"inLanguage\":\"fr-FR\",\"@id\":\"https:\/\/mwc-cmm.org\/fr\/groupe-de-travail-de-la-cmm-pour-la-protection-de-la-creation\/#primaryimage\",\"url\":\"https:\/\/mwc-cmm.org\/wp-content\/uploads\/2026\/03\/DouglasGraberNeufeld20250523IrmaSulistyorini_DSC04852-1.png\",\"contentUrl\":\"https:\/\/mwc-cmm.org\/wp-content\/uploads\/2026\/03\/DouglasGraberNeufeld20250523IrmaSulistyorini_DSC04852-1.png\"},{\"@type\":\"BreadcrumbList\",\"@id\":\"https:\/\/mwc-cmm.org\/fr\/groupe-de-travail-de-la-cmm-pour-la-protection-de-la-creation\/#breadcrumb\",\"itemListElement\":[{\"@type\":\"ListItem\",\"position\":1,\"name\":\"Home\",\"item\":\"https:\/\/mwc-cmm.org\/fr\/\"},{\"@type\":\"ListItem\",\"position\":2,\"name\":\"Groupe de travail de la CMM pour la protection de la cr\u00e9ation\"}]},{\"@type\":\"WebSite\",\"@id\":\"https:\/\/mwc-cmm.org\/en\/#website\",\"url\":\"https:\/\/mwc-cmm.org\/en\/\",\"name\":\"Mennonite World Conference\",\"description\":\"A communion of Anabaptist-related churches\",\"publisher\":{\"@id\":\"https:\/\/mwc-cmm.org\/en\/#organization\"},\"alternateName\":\"MWC\",\"potentialAction\":[{\"@type\":\"SearchAction\",\"target\":{\"@type\":\"EntryPoint\",\"urlTemplate\":\"https:\/\/mwc-cmm.org\/en\/?s={search_term_string}\"},\"query-input\":{\"@type\":\"PropertyValueSpecification\",\"valueRequired\":true,\"valueName\":\"search_term_string\"}}],\"inLanguage\":\"fr-FR\"},{\"@type\":\"Organization\",\"@id\":\"https:\/\/mwc-cmm.org\/en\/#organization\",\"name\":\"Mennonite World Conference\",\"alternateName\":\"MWC\",\"url\":\"https:\/\/mwc-cmm.org\/en\/\",\"logo\":{\"@type\":\"ImageObject\",\"inLanguage\":\"fr-FR\",\"@id\":\"https:\/\/mwc-cmm.org\/en\/#\/schema\/logo\/image\/\",\"url\":\"https:\/\/mwc-cmm.org\/wp-content\/uploads\/2026\/01\/MWC_Sig_Blue_Horiz_webheader1-logo.svg\",\"contentUrl\":\"https:\/\/mwc-cmm.org\/wp-content\/uploads\/2026\/01\/MWC_Sig_Blue_Horiz_webheader1-logo.svg\",\"width\":786,\"height\":82,\"caption\":\"Mennonite World Conference\"},\"image\":{\"@id\":\"https:\/\/mwc-cmm.org\/en\/#\/schema\/logo\/image\/\"},\"sameAs\":[\"https:\/\/www.facebook.com\/MennoniteWorldConference\",\"https:\/\/www.linkedin.com\/company\/mennonite-world-conference-mwc\/\",\"https:\/\/www.instagram.com\/mwcmm\/\",\"https:\/\/www.youtube.com\/user\/mwccmm\",\"https:\/\/bsky.app\/profile\/mwcmm.bsky.social\"]}]}<\/script>\n<!-- \/ Yoast SEO plugin. -->","yoast_head_json":{"title":"Groupe de travail de la CMM pour la protection de la cr\u00e9ation - Mennonite World Conference","robots":{"index":"index","follow":"follow","max-snippet":"max-snippet:-1","max-image-preview":"max-image-preview:large","max-video-preview":"max-video-preview:-1"},"canonical":"https:\/\/mwc-cmm.org\/fr\/groupe-de-travail-de-la-cmm-pour-la-protection-de-la-creation\/","og_locale":"fr_FR","og_type":"article","og_title":"Groupe de travail de la CMM pour la protection de la cr\u00e9ation - Mennonite World Conference","og_description":"La CMM est une communion mondiale d&rsquo;\u00e9glises anabaptistes qui font face ensemble \u00e0 la crise climatique. R\u00e9agir avec fid\u00e9lit\u00e9 face aux probl\u00e8mes de notre monde est au c\u00faur de notre \u00e9thique. Comment suivre J\u00e9sus dans ces temps de crise ? Les \u00e9glises membres, tout comme le reste de l&rsquo;humanit\u00e9, sont toutes concern\u00e9es par les cons\u00e9quences [&hellip;]","og_url":"https:\/\/mwc-cmm.org\/fr\/groupe-de-travail-de-la-cmm-pour-la-protection-de-la-creation\/","og_site_name":"Mennonite World Conference","article_publisher":"https:\/\/www.facebook.com\/MennoniteWorldConference","article_modified_time":"2026-03-18T10:16:05+00:00","og_image":[{"width":600,"height":600,"url":"https:\/\/mwc-cmm.org\/wp-content\/uploads\/2026\/03\/DouglasGraberNeufeld20250523IrmaSulistyorini_DSC04852-1.png","type":"image\/png"}],"schema":{"@context":"https:\/\/schema.org","@graph":[{"@type":"WebPage","@id":"https:\/\/mwc-cmm.org\/fr\/groupe-de-travail-de-la-cmm-pour-la-protection-de-la-creation\/","url":"https:\/\/mwc-cmm.org\/fr\/groupe-de-travail-de-la-cmm-pour-la-protection-de-la-creation\/","name":"Groupe de travail de la CMM pour la protection de la cr\u00e9ation - Mennonite World Conference","isPartOf":{"@id":"https:\/\/mwc-cmm.org\/en\/#website"},"primaryImageOfPage":{"@id":"https:\/\/mwc-cmm.org\/fr\/groupe-de-travail-de-la-cmm-pour-la-protection-de-la-creation\/#primaryimage"},"image":{"@id":"https:\/\/mwc-cmm.org\/fr\/groupe-de-travail-de-la-cmm-pour-la-protection-de-la-creation\/#primaryimage"},"thumbnailUrl":"https:\/\/mwc-cmm.org\/wp-content\/uploads\/2026\/03\/DouglasGraberNeufeld20250523IrmaSulistyorini_DSC04852-1.png","datePublished":"2020-06-16T00:00:00+00:00","dateModified":"2026-03-18T10:16:05+00:00","breadcrumb":{"@id":"https:\/\/mwc-cmm.org\/fr\/groupe-de-travail-de-la-cmm-pour-la-protection-de-la-creation\/#breadcrumb"},"inLanguage":"fr-FR","potentialAction":[{"@type":"ReadAction","target":["https:\/\/mwc-cmm.org\/fr\/groupe-de-travail-de-la-cmm-pour-la-protection-de-la-creation\/"]}]},{"@type":"ImageObject","inLanguage":"fr-FR","@id":"https:\/\/mwc-cmm.org\/fr\/groupe-de-travail-de-la-cmm-pour-la-protection-de-la-creation\/#primaryimage","url":"https:\/\/mwc-cmm.org\/wp-content\/uploads\/2026\/03\/DouglasGraberNeufeld20250523IrmaSulistyorini_DSC04852-1.png","contentUrl":"https:\/\/mwc-cmm.org\/wp-content\/uploads\/2026\/03\/DouglasGraberNeufeld20250523IrmaSulistyorini_DSC04852-1.png"},{"@type":"BreadcrumbList","@id":"https:\/\/mwc-cmm.org\/fr\/groupe-de-travail-de-la-cmm-pour-la-protection-de-la-creation\/#breadcrumb","itemListElement":[{"@type":"ListItem","position":1,"name":"Home","item":"https:\/\/mwc-cmm.org\/fr\/"},{"@type":"ListItem","position":2,"name":"Groupe de travail de la CMM pour la protection de la cr\u00e9ation"}]},{"@type":"WebSite","@id":"https:\/\/mwc-cmm.org\/en\/#website","url":"https:\/\/mwc-cmm.org\/en\/","name":"Mennonite World Conference","description":"A communion of Anabaptist-related churches","publisher":{"@id":"https:\/\/mwc-cmm.org\/en\/#organization"},"alternateName":"MWC","potentialAction":[{"@type":"SearchAction","target":{"@type":"EntryPoint","urlTemplate":"https:\/\/mwc-cmm.org\/en\/?s={search_term_string}"},"query-input":{"@type":"PropertyValueSpecification","valueRequired":true,"valueName":"search_term_string"}}],"inLanguage":"fr-FR"},{"@type":"Organization","@id":"https:\/\/mwc-cmm.org\/en\/#organization","name":"Mennonite World Conference","alternateName":"MWC","url":"https:\/\/mwc-cmm.org\/en\/","logo":{"@type":"ImageObject","inLanguage":"fr-FR","@id":"https:\/\/mwc-cmm.org\/en\/#\/schema\/logo\/image\/","url":"https:\/\/mwc-cmm.org\/wp-content\/uploads\/2026\/01\/MWC_Sig_Blue_Horiz_webheader1-logo.svg","contentUrl":"https:\/\/mwc-cmm.org\/wp-content\/uploads\/2026\/01\/MWC_Sig_Blue_Horiz_webheader1-logo.svg","width":786,"height":82,"caption":"Mennonite World Conference"},"image":{"@id":"https:\/\/mwc-cmm.org\/en\/#\/schema\/logo\/image\/"},"sameAs":["https:\/\/www.facebook.com\/MennoniteWorldConference","https:\/\/www.linkedin.com\/company\/mennonite-world-conference-mwc\/","https:\/\/www.instagram.com\/mwcmm\/","https:\/\/www.youtube.com\/user\/mwccmm","https:\/\/bsky.app\/profile\/mwcmm.bsky.social"]}]}},"_links":{"self":[{"href":"https:\/\/mwc-cmm.org\/fr\/wp-json\/wp\/v2\/pages\/11480","targetHints":{"allow":["GET"]}}],"collection":[{"href":"https:\/\/mwc-cmm.org\/fr\/wp-json\/wp\/v2\/pages"}],"about":[{"href":"https:\/\/mwc-cmm.org\/fr\/wp-json\/wp\/v2\/types\/page"}],"author":[{"embeddable":true,"href":"https:\/\/mwc-cmm.org\/fr\/wp-json\/wp\/v2\/users\/1"}],"replies":[{"embeddable":true,"href":"https:\/\/mwc-cmm.org\/fr\/wp-json\/wp\/v2\/comments?post=11480"}],"version-history":[{"count":0,"href":"https:\/\/mwc-cmm.org\/fr\/wp-json\/wp\/v2\/pages\/11480\/revisions"}],"wp:attachment":[{"href":"https:\/\/mwc-cmm.org\/fr\/wp-json\/wp\/v2\/media?parent=11480"}],"curies":[{"name":"wp","href":"https:\/\/api.w.org\/{rel}","templated":true}]}}