{"id":11478,"date":"2019-11-08T00:00:00","date_gmt":"2019-11-08T00:00:00","guid":{"rendered":"https:\/\/mwc-cmm.org\/yamen-4\/"},"modified":"2025-03-11T18:52:40","modified_gmt":"2025-03-11T18:52:40","slug":"yamen-fr","status":"publish","type":"page","link":"https:\/\/mwc-cmm.org\/fr\/jeunes-anabaptistes-yabs\/yamen-fr\/","title":{"rendered":"R\u00e9seau Anabaptiste Mondial d\u2019Echange de Jeunes (YAMEN)"},"content":{"rendered":"\n<div class=\"wp-block-columns alignwide is-layout-flex wp-container-core-columns-is-layout-7fc3d43a wp-block-columns-is-layout-flex\">\n<div class=\"wp-block-column is-layout-flow wp-block-column-is-layout-flow\" style=\"flex-basis:66.66%\">\n<p>Le R\u00e9seau Anabaptiste Mondial d\u2019\u00c9change de Jeunes (YAMEN) est un programme conjoint du Comit\u00e9 central mennonite et de la Conf\u00e9rence Mennonite Mondiale. Il a pour objectif de promouvoir la communion entre les \u00e9glises de la tradition anabaptiste et de former de jeunes dirigeants partout dans le monde. Les participants vivent une ann\u00e9e dans un contexte interculturel, \u00e0 compter du mois d&rsquo;ao\u00fbt jusqu&rsquo;au mois de juillet de l&rsquo;ann\u00e9e suivante.<\/p>\n<\/div>\n\n\n\n<div class=\"wp-block-column is-layout-flow wp-block-column-is-layout-flow\" style=\"flex-basis:33.33%\">\n<div class=\"wp-block-buttons is-layout-flex wp-block-buttons-is-layout-flex\">\n<div class=\"wp-block-button\"><a class=\"wp-block-button__link wp-element-button\" href=\"https:\/\/mcc.org\/get-involved\/volunteer\/yamen\">la page YAMEN sur le site Web du Comit\u00e9 central mennonite<\/a><\/div>\n<\/div>\n<\/div>\n<\/div>\n\n\n\n<div class=\"wp-block-query alignwide is-layout-flow wp-block-query-is-layout-flow\"><ul class=\"wp-block-post-template is-layout-flow wp-block-post-template-is-layout-flow\"><li class=\"wp-block-post post-119908 post type-post status-publish format-standard has-post-thumbnail hentry category-non-classifiee tag-jeunes tag-yamen-fr network-yamen network-young-anabaptists\">\n\n<div class=\"wp-block-columns alignwide is-layout-flex wp-container-core-columns-is-layout-28f84493 wp-block-columns-is-layout-flex\">\n<div class=\"wp-block-column is-layout-flow wp-block-column-is-layout-flow\" style=\"flex-basis:33.33%\"><figure class=\"wp-block-post-featured-image\"><a href=\"https:\/\/mwc-cmm.org\/fr\/stories\/transformation-spirituelle-profonde-yamen\/\" target=\"_self\"  ><img decoding=\"async\" width=\"1000\" height=\"450\" data-src=\"https:\/\/mwc-cmm.org\/wp-content\/uploads\/2025\/10\/20240827-MosesJumbo-YAMEN-WA0062.jpg\" class=\"attachment-post-thumbnail size-post-thumbnail wp-post-image lazyload\" alt=\"Une transformation spirituelle profonde au cours du programme YAMEN\" style=\"--smush-placeholder-width: 1000px; --smush-placeholder-aspect-ratio: 1000\/450;object-fit:cover;\" data-srcset=\"https:\/\/mwc-cmm.org\/wp-content\/uploads\/2025\/10\/20240827-MosesJumbo-YAMEN-WA0062.jpg 1000w, https:\/\/mwc-cmm.org\/wp-content\/uploads\/2025\/10\/20240827-MosesJumbo-YAMEN-WA0062-300x135.jpg 300w, https:\/\/mwc-cmm.org\/wp-content\/uploads\/2025\/10\/20240827-MosesJumbo-YAMEN-WA0062-768x346.jpg 768w\" data-sizes=\"(max-width: 1000px) 100vw, 1000px\" src=\"data:image\/svg+xml;base64,PHN2ZyB3aWR0aD0iMSIgaGVpZ2h0PSIxIiB4bWxucz0iaHR0cDovL3d3dy53My5vcmcvMjAwMC9zdmciPjwvc3ZnPg==\" \/><\/a><\/figure><\/div>\n\n\n\n<div class=\"wp-block-column is-layout-flow wp-block-column-is-layout-flow\" style=\"flex-basis:66.66%\"><h2 class=\"wp-block-post-title\"><a href=\"https:\/\/mwc-cmm.org\/fr\/stories\/transformation-spirituelle-profonde-yamen\/\" target=\"_self\" >Une transformation spirituelle profonde au cours du programme YAMEN<\/a><\/h2>\n\n<div class=\"wp-block-post-excerpt\"><p class=\"wp-block-post-excerpt__excerpt\">\u00ab&nbsp;J\u2019ai toujours souhait\u00e9 voir et comprendre le monde au-del\u00e0 de mon environnement imm\u00e9diat, d\u2019apprendre aupr\u00e8s de diff\u00e9rentes communaut\u00e9s. Quand j\u2019ai d\u00e9couvert la vision de YAMEN pour les jeunes en mati\u00e8re d\u2019apprentissage et de service au niveau mondial, j\u2019y ai vu une plateforme qui me permettrait de m\u2019\u00e9panouir, de me former et de m\u2019\u00e9quiper pour mon<\/p><p class=\"wp-block-post-excerpt__more-text\"><a class=\"wp-block-post-excerpt__more-link\" href=\"https:\/\/mwc-cmm.org\/fr\/stories\/transformation-spirituelle-profonde-yamen\/\">Lire la suite<\/a><\/p><\/div><\/div>\n<\/div>\n\n<\/li><\/ul>\n\n<\/div>\n\n\n\n<p><\/p>\n","protected":false},"excerpt":{"rendered":"<p>Le R\u00e9seau Anabaptiste Mondial d\u2019\u00c9change de Jeunes (YAMEN) est un programme conjoint du Comit\u00e9 central mennonite et de la Conf\u00e9rence Mennonite Mondiale. Il a pour objectif de promouvoir la communion entre les \u00e9glises de la tradition anabaptiste et de former de jeunes dirigeants partout dans le monde. Les participants vivent une ann\u00e9e dans un contexte [&hellip;]<\/p>\n","protected":false},"author":1,"featured_media":0,"parent":11467,"menu_order":0,"comment_status":"closed","ping_status":"closed","template":"","meta":{"_acf_changed":false,"footnotes":""},"class_list":["post-11478","page","type-page","status-publish","hentry"],"acf":[],"yoast_head":"<!-- This site is optimized with the Yoast SEO plugin v27.2 - https:\/\/yoast.com\/product\/yoast-seo-wordpress\/ -->\n<title>R\u00e9seau Anabaptiste Mondial d\u2019Echange de Jeunes (YAMEN) - Mennonite World Conference<\/title>\n<meta name=\"robots\" content=\"index, follow, max-snippet:-1, max-image-preview:large, max-video-preview:-1\" \/>\n<link rel=\"canonical\" href=\"https:\/\/mwc-cmm.org\/fr\/jeunes-anabaptistes-yabs\/yamen-fr\/\" \/>\n<meta property=\"og:locale\" content=\"fr_FR\" \/>\n<meta property=\"og:type\" content=\"article\" \/>\n<meta property=\"og:title\" content=\"R\u00e9seau Anabaptiste Mondial d\u2019Echange de Jeunes (YAMEN) - Mennonite World Conference\" \/>\n<meta property=\"og:description\" content=\"Le R\u00e9seau Anabaptiste Mondial d\u2019\u00c9change de Jeunes (YAMEN) est un programme conjoint du Comit\u00e9 central mennonite et de la Conf\u00e9rence Mennonite Mondiale. Il a pour objectif de promouvoir la communion entre les \u00e9glises de la tradition anabaptiste et de former de jeunes dirigeants partout dans le monde. Les participants vivent une ann\u00e9e dans un contexte [&hellip;]\" \/>\n<meta property=\"og:url\" content=\"https:\/\/mwc-cmm.org\/fr\/jeunes-anabaptistes-yabs\/yamen-fr\/\" \/>\n<meta property=\"og:site_name\" content=\"Mennonite World Conference\" \/>\n<meta property=\"article:publisher\" content=\"https:\/\/www.facebook.com\/MennoniteWorldConference\" \/>\n<meta property=\"article:modified_time\" content=\"2025-03-11T18:52:40+00:00\" \/>\n<script type=\"application\/ld+json\" class=\"yoast-schema-graph\">{\"@context\":\"https:\/\/schema.org\",\"@graph\":[{\"@type\":\"WebPage\",\"@id\":\"https:\/\/mwc-cmm.org\/fr\/jeunes-anabaptistes-yabs\/yamen-fr\/\",\"url\":\"https:\/\/mwc-cmm.org\/fr\/jeunes-anabaptistes-yabs\/yamen-fr\/\",\"name\":\"R\u00e9seau Anabaptiste Mondial d\u2019Echange de Jeunes (YAMEN) - Mennonite World Conference\",\"isPartOf\":{\"@id\":\"https:\/\/mwc-cmm.org\/en\/#website\"},\"datePublished\":\"2019-11-08T00:00:00+00:00\",\"dateModified\":\"2025-03-11T18:52:40+00:00\",\"breadcrumb\":{\"@id\":\"https:\/\/mwc-cmm.org\/fr\/jeunes-anabaptistes-yabs\/yamen-fr\/#breadcrumb\"},\"inLanguage\":\"fr-FR\",\"potentialAction\":[{\"@type\":\"ReadAction\",\"target\":[\"https:\/\/mwc-cmm.org\/fr\/jeunes-anabaptistes-yabs\/yamen-fr\/\"]}]},{\"@type\":\"BreadcrumbList\",\"@id\":\"https:\/\/mwc-cmm.org\/fr\/jeunes-anabaptistes-yabs\/yamen-fr\/#breadcrumb\",\"itemListElement\":[{\"@type\":\"ListItem\",\"position\":1,\"name\":\"Home\",\"item\":\"https:\/\/mwc-cmm.org\/fr\/\"},{\"@type\":\"ListItem\",\"position\":2,\"name\":\"Jeunes Anabaptistes (YABs)\",\"item\":\"https:\/\/mwc-cmm.org\/fr\/jeunes-anabaptistes-yabs\/\"},{\"@type\":\"ListItem\",\"position\":3,\"name\":\"R\u00e9seau Anabaptiste Mondial d\u2019Echange de Jeunes (YAMEN)\"}]},{\"@type\":\"WebSite\",\"@id\":\"https:\/\/mwc-cmm.org\/en\/#website\",\"url\":\"https:\/\/mwc-cmm.org\/en\/\",\"name\":\"Mennonite World Conference\",\"description\":\"A communion of Anabaptist-related churches\",\"publisher\":{\"@id\":\"https:\/\/mwc-cmm.org\/en\/#organization\"},\"alternateName\":\"MWC\",\"potentialAction\":[{\"@type\":\"SearchAction\",\"target\":{\"@type\":\"EntryPoint\",\"urlTemplate\":\"https:\/\/mwc-cmm.org\/en\/?s={search_term_string}\"},\"query-input\":{\"@type\":\"PropertyValueSpecification\",\"valueRequired\":true,\"valueName\":\"search_term_string\"}}],\"inLanguage\":\"fr-FR\"},{\"@type\":\"Organization\",\"@id\":\"https:\/\/mwc-cmm.org\/en\/#organization\",\"name\":\"Mennonite World Conference\",\"alternateName\":\"MWC\",\"url\":\"https:\/\/mwc-cmm.org\/en\/\",\"logo\":{\"@type\":\"ImageObject\",\"inLanguage\":\"fr-FR\",\"@id\":\"https:\/\/mwc-cmm.org\/en\/#\/schema\/logo\/image\/\",\"url\":\"https:\/\/mwc-cmm.org\/wp-content\/uploads\/2026\/01\/MWC_Sig_Blue_Horiz_webheader1-logo.svg\",\"contentUrl\":\"https:\/\/mwc-cmm.org\/wp-content\/uploads\/2026\/01\/MWC_Sig_Blue_Horiz_webheader1-logo.svg\",\"width\":786,\"height\":82,\"caption\":\"Mennonite World Conference\"},\"image\":{\"@id\":\"https:\/\/mwc-cmm.org\/en\/#\/schema\/logo\/image\/\"},\"sameAs\":[\"https:\/\/www.facebook.com\/MennoniteWorldConference\",\"https:\/\/www.linkedin.com\/company\/mennonite-world-conference-mwc\/\",\"https:\/\/www.instagram.com\/mwcmm\/\",\"https:\/\/www.youtube.com\/user\/mwccmm\",\"https:\/\/bsky.app\/profile\/mwcmm.bsky.social\"]}]}<\/script>\n<!-- \/ Yoast SEO plugin. -->","yoast_head_json":{"title":"R\u00e9seau Anabaptiste Mondial d\u2019Echange de Jeunes (YAMEN) - Mennonite World Conference","robots":{"index":"index","follow":"follow","max-snippet":"max-snippet:-1","max-image-preview":"max-image-preview:large","max-video-preview":"max-video-preview:-1"},"canonical":"https:\/\/mwc-cmm.org\/fr\/jeunes-anabaptistes-yabs\/yamen-fr\/","og_locale":"fr_FR","og_type":"article","og_title":"R\u00e9seau Anabaptiste Mondial d\u2019Echange de Jeunes (YAMEN) - Mennonite World Conference","og_description":"Le R\u00e9seau Anabaptiste Mondial d\u2019\u00c9change de Jeunes (YAMEN) est un programme conjoint du Comit\u00e9 central mennonite et de la Conf\u00e9rence Mennonite Mondiale. Il a pour objectif de promouvoir la communion entre les \u00e9glises de la tradition anabaptiste et de former de jeunes dirigeants partout dans le monde. Les participants vivent une ann\u00e9e dans un contexte [&hellip;]","og_url":"https:\/\/mwc-cmm.org\/fr\/jeunes-anabaptistes-yabs\/yamen-fr\/","og_site_name":"Mennonite World Conference","article_publisher":"https:\/\/www.facebook.com\/MennoniteWorldConference","article_modified_time":"2025-03-11T18:52:40+00:00","schema":{"@context":"https:\/\/schema.org","@graph":[{"@type":"WebPage","@id":"https:\/\/mwc-cmm.org\/fr\/jeunes-anabaptistes-yabs\/yamen-fr\/","url":"https:\/\/mwc-cmm.org\/fr\/jeunes-anabaptistes-yabs\/yamen-fr\/","name":"R\u00e9seau Anabaptiste Mondial d\u2019Echange de Jeunes (YAMEN) - Mennonite World Conference","isPartOf":{"@id":"https:\/\/mwc-cmm.org\/en\/#website"},"datePublished":"2019-11-08T00:00:00+00:00","dateModified":"2025-03-11T18:52:40+00:00","breadcrumb":{"@id":"https:\/\/mwc-cmm.org\/fr\/jeunes-anabaptistes-yabs\/yamen-fr\/#breadcrumb"},"inLanguage":"fr-FR","potentialAction":[{"@type":"ReadAction","target":["https:\/\/mwc-cmm.org\/fr\/jeunes-anabaptistes-yabs\/yamen-fr\/"]}]},{"@type":"BreadcrumbList","@id":"https:\/\/mwc-cmm.org\/fr\/jeunes-anabaptistes-yabs\/yamen-fr\/#breadcrumb","itemListElement":[{"@type":"ListItem","position":1,"name":"Home","item":"https:\/\/mwc-cmm.org\/fr\/"},{"@type":"ListItem","position":2,"name":"Jeunes Anabaptistes (YABs)","item":"https:\/\/mwc-cmm.org\/fr\/jeunes-anabaptistes-yabs\/"},{"@type":"ListItem","position":3,"name":"R\u00e9seau Anabaptiste Mondial d\u2019Echange de Jeunes (YAMEN)"}]},{"@type":"WebSite","@id":"https:\/\/mwc-cmm.org\/en\/#website","url":"https:\/\/mwc-cmm.org\/en\/","name":"Mennonite World Conference","description":"A communion of Anabaptist-related churches","publisher":{"@id":"https:\/\/mwc-cmm.org\/en\/#organization"},"alternateName":"MWC","potentialAction":[{"@type":"SearchAction","target":{"@type":"EntryPoint","urlTemplate":"https:\/\/mwc-cmm.org\/en\/?s={search_term_string}"},"query-input":{"@type":"PropertyValueSpecification","valueRequired":true,"valueName":"search_term_string"}}],"inLanguage":"fr-FR"},{"@type":"Organization","@id":"https:\/\/mwc-cmm.org\/en\/#organization","name":"Mennonite World Conference","alternateName":"MWC","url":"https:\/\/mwc-cmm.org\/en\/","logo":{"@type":"ImageObject","inLanguage":"fr-FR","@id":"https:\/\/mwc-cmm.org\/en\/#\/schema\/logo\/image\/","url":"https:\/\/mwc-cmm.org\/wp-content\/uploads\/2026\/01\/MWC_Sig_Blue_Horiz_webheader1-logo.svg","contentUrl":"https:\/\/mwc-cmm.org\/wp-content\/uploads\/2026\/01\/MWC_Sig_Blue_Horiz_webheader1-logo.svg","width":786,"height":82,"caption":"Mennonite World Conference"},"image":{"@id":"https:\/\/mwc-cmm.org\/en\/#\/schema\/logo\/image\/"},"sameAs":["https:\/\/www.facebook.com\/MennoniteWorldConference","https:\/\/www.linkedin.com\/company\/mennonite-world-conference-mwc\/","https:\/\/www.instagram.com\/mwcmm\/","https:\/\/www.youtube.com\/user\/mwccmm","https:\/\/bsky.app\/profile\/mwcmm.bsky.social"]}]}},"_links":{"self":[{"href":"https:\/\/mwc-cmm.org\/fr\/wp-json\/wp\/v2\/pages\/11478","targetHints":{"allow":["GET"]}}],"collection":[{"href":"https:\/\/mwc-cmm.org\/fr\/wp-json\/wp\/v2\/pages"}],"about":[{"href":"https:\/\/mwc-cmm.org\/fr\/wp-json\/wp\/v2\/types\/page"}],"author":[{"embeddable":true,"href":"https:\/\/mwc-cmm.org\/fr\/wp-json\/wp\/v2\/users\/1"}],"replies":[{"embeddable":true,"href":"https:\/\/mwc-cmm.org\/fr\/wp-json\/wp\/v2\/comments?post=11478"}],"version-history":[{"count":0,"href":"https:\/\/mwc-cmm.org\/fr\/wp-json\/wp\/v2\/pages\/11478\/revisions"}],"up":[{"embeddable":true,"href":"https:\/\/mwc-cmm.org\/fr\/wp-json\/wp\/v2\/pages\/11467"}],"wp:attachment":[{"href":"https:\/\/mwc-cmm.org\/fr\/wp-json\/wp\/v2\/media?parent=11478"}],"curies":[{"name":"wp","href":"https:\/\/api.w.org\/{rel}","templated":true}]}}