{"id":11477,"date":"2019-10-08T00:00:00","date_gmt":"2019-10-08T00:00:00","guid":{"rendered":"https:\/\/mwc-cmm.org\/anabaptist-world-fellowship-sunday-3\/"},"modified":"2026-04-14T17:47:26","modified_gmt":"2026-04-14T17:47:26","slug":"dimanche-de-la-fraternite-anabaptiste-mondiale","status":"publish","type":"page","link":"https:\/\/mwc-cmm.org\/fr\/dimanche-de-la-fraternite-anabaptiste-mondiale\/","title":{"rendered":"Dimanche de la Fraternit\u00e9 Anabaptiste Mondiale"},"content":{"rendered":"\n<h2 class=\"wp-block-heading\">Notez cette date!<\/h2>\n\n\n\n<h3 class=\"wp-block-heading\">Dimanche 24 janvier 2027<\/h3>\n\n\n\n<div class=\"wp-block-columns is-layout-flex wp-container-core-columns-is-layout-28f84493 wp-block-columns-is-layout-flex\">\n<div class=\"wp-block-column is-layout-flow wp-block-column-is-layout-flow\" style=\"flex-basis:66.66%\">\n<figure class=\"wp-block-image size-full\"><img decoding=\"async\" width=\"800\" height=\"450\" data-src=\"https:\/\/mwc-cmm.org\/wp-content\/uploads\/2024\/10\/AnabaptistWorldFellowshipSunday.jpg\" alt=\"A crowd of people \" class=\"wp-image-13159 lazyload\" data-srcset=\"https:\/\/mwc-cmm.org\/wp-content\/uploads\/2024\/10\/AnabaptistWorldFellowshipSunday.jpg 800w, https:\/\/mwc-cmm.org\/wp-content\/uploads\/2024\/10\/AnabaptistWorldFellowshipSunday-300x169.jpg 300w, https:\/\/mwc-cmm.org\/wp-content\/uploads\/2024\/10\/AnabaptistWorldFellowshipSunday-768x432.jpg 768w\" data-sizes=\"(max-width: 800px) 100vw, 800px\" src=\"data:image\/svg+xml;base64,PHN2ZyB3aWR0aD0iMSIgaGVpZ2h0PSIxIiB4bWxucz0iaHR0cDovL3d3dy53My5vcmcvMjAwMC9zdmciPjwvc3ZnPg==\" style=\"--smush-placeholder-width: 800px; --smush-placeholder-aspect-ratio: 800\/450;\" \/><\/figure>\n\n\n\n<p>Chaque ann\u00e9e, les \u00e9glises anabaptistes du monde entier sont encourag\u00e9es \u00e0 prier, le dimanche le plus proche du 21 janvier (habituellement le quatri\u00e8me dimanche de janvier), autour d&rsquo;un th\u00e8me commun. En 1525, en cette m\u00eame date, le premier bapt\u00eame anabaptiste avait eu lieu \u00e0 Zurich en Suisse. Le Dimanche de la Fraternit\u00e9 Anabaptiste Mondiale offre ainsi l&rsquo;occasion de se souvenir de nos racines communes et de c\u00e9l\u00e9brer notre koinonia mondiale.<\/p>\n<\/div>\n\n\n\n<div class=\"wp-block-column is-layout-flow wp-block-column-is-layout-flow\" style=\"flex-basis:33.33%\">\n<div class=\"wp-block-buttons is-layout-flex wp-block-buttons-is-layout-flex\">\n<div class=\"wp-block-button\"><a class=\"wp-block-button__link wp-element-button\" href=\"https:\/\/mwc-cmm.org\/fr\/resources\/dimanche-fraternite-anabaptiste-mondiale-2026\/\">Dimanche de la Fraternit\u00e9 Anabaptiste Mondiale 2026<\/a><\/div>\n<\/div>\n<\/div>\n<\/div>\n\n\n\n<p>Les membres du Comit\u00e9 Ex\u00e9cutif de la CMM des diff\u00e9rentes r\u00e9gions continentales d\u00e9signent les r\u00e9dacteurs et dirigent la pr\u00e9paration des documents liturgiques refl\u00e9tant la vie et l&rsquo;\u00e9glise de leur partie du monde pour cette c\u00e9l\u00e9bration. La planification pour cette journ\u00e9e sp\u00e9ciale est tournante entre les cinq r\u00e9gions continentales.<\/p>\n\n\n\n<p>Les documents incluent g\u00e9n\u00e9ralement des suggestions pour le culte, des demandes de pri\u00e8re de partout dans le monde, une pr\u00e9sentation de l&rsquo;\u00e9glise de la r\u00e9gion produisant les documents, des r\u00e9cits et des suggestions de sermon. Les unions d&rsquo;\u00e9glises sont invit\u00e9es \u00e0 traduire au besoin, \u00e0 adapter, copier et distribuer les documents \u00e0 leurs \u00e9glises locales. Il est demand\u00e9 aux \u00e9glises de planifier un service dominical qui les aidera \u00e0 entrer plus pleinement dans la communion, l&rsquo;intercession et l&rsquo;action de gr\u00e2ces avec et en faveur de la famille spirituelle mondiale.<\/p>\n\n\n\n<h2 class=\"wp-block-heading is-style-green-eyebrow\">Offrande \u00ab un d\u00e9jeuner \u00bb<\/h2>\n\n\n\n<p>La CMM invite les \u00c9glises membres \u00e0 d\u00e9signer une offrande sp\u00e9ciale au mouvement de l\u2019\u00e9glise anabaptiste mondiale le Dimanche de la Fraternit\u00e9 Anabaptiste Mondiale. Une fa\u00e7on d&rsquo;imaginer cette offrande serait d&rsquo;inviter chaque membre de l&rsquo;assembl\u00e9e \u00e0 contribuer avec un montant \u00e9quivalent \u00e0 un d\u00e9jeuner\/d\u00eener dans leur propre communaut\u00e9 afin d&rsquo;appuyer les r\u00e9seaux et les ressources de notre famille mondiale d&rsquo;\u00c9glises anabaptistes.<\/p>\n\n\n\n<div class=\"wp-block-buttons is-layout-flex wp-block-buttons-is-layout-flex\">\n<div class=\"wp-block-button\"><a class=\"wp-block-button__link wp-element-button\" href=\"https:\/\/mwc-cmm.org\/fr\/offrande-un-dejeuner\/\">Offrande \u00ab un d\u00e9jeuner \u00bb<\/a><\/div>\n<\/div>\n\n\n\n<hr class=\"wp-block-separator has-alpha-channel-opacity\"\/>\n\n\n\n<h2 class=\"wp-block-heading is-style-yellow-eyebrow\">M\u00e9dias sociaux<\/h2>\n\n\n\n<p>Rejoins la page Facebook de la CMM, pour y trouver des informations flash au sujet de la louange, y d\u00e9poser ou y lire des demandes de pri\u00e8re, et pour partager tes propres id\u00e9es pour c\u00e9l\u00e8brer notre communaut\u00e9 mondiale au sein de ton assembl\u00e9e.&nbsp;<\/p>\n\n\n\n<div class=\"wp-block-buttons is-layout-flex wp-block-buttons-is-layout-flex\">\n<div class=\"wp-block-button\"><a class=\"wp-block-button__link wp-element-button\" href=\"https:\/\/www.facebook.com\/MennoniteWorldConference\/\">CMM Facebook&nbsp;<\/a><\/div>\n<\/div>\n\n\n\n<hr class=\"wp-block-separator has-alpha-channel-opacity\"\/>\n\n\n\n<div class=\"wp-block-query is-layout-flow wp-block-query-is-layout-flow\"><\/div>\n","protected":false},"excerpt":{"rendered":"<p>Notez cette date! Dimanche 24 janvier 2027 Chaque ann\u00e9e, les \u00e9glises anabaptistes du monde entier sont encourag\u00e9es \u00e0 prier, le dimanche le plus proche du 21 janvier (habituellement le quatri\u00e8me dimanche de janvier), autour d&rsquo;un th\u00e8me commun. En 1525, en cette m\u00eame date, le premier bapt\u00eame anabaptiste avait eu lieu \u00e0 Zurich en Suisse. Le [&hellip;]<\/p>\n","protected":false},"author":1,"featured_media":0,"parent":0,"menu_order":0,"comment_status":"closed","ping_status":"closed","template":"","meta":{"_acf_changed":false,"footnotes":""},"class_list":["post-11477","page","type-page","status-publish","hentry"],"acf":[],"yoast_head":"<!-- This site is optimized with the Yoast SEO plugin v27.2 - https:\/\/yoast.com\/product\/yoast-seo-wordpress\/ -->\n<title>Dimanche de la Fraternit\u00e9 Anabaptiste Mondiale - Mennonite World Conference<\/title>\n<meta name=\"robots\" content=\"index, follow, max-snippet:-1, max-image-preview:large, max-video-preview:-1\" \/>\n<link rel=\"canonical\" href=\"https:\/\/mwc-cmm.org\/fr\/dimanche-de-la-fraternite-anabaptiste-mondiale\/\" \/>\n<meta property=\"og:locale\" content=\"fr_FR\" \/>\n<meta property=\"og:type\" content=\"article\" \/>\n<meta property=\"og:title\" content=\"Dimanche de la Fraternit\u00e9 Anabaptiste Mondiale - Mennonite World Conference\" \/>\n<meta property=\"og:description\" content=\"Notez cette date! Dimanche 24 janvier 2027 Chaque ann\u00e9e, les \u00e9glises anabaptistes du monde entier sont encourag\u00e9es \u00e0 prier, le dimanche le plus proche du 21 janvier (habituellement le quatri\u00e8me dimanche de janvier), autour d&rsquo;un th\u00e8me commun. En 1525, en cette m\u00eame date, le premier bapt\u00eame anabaptiste avait eu lieu \u00e0 Zurich en Suisse. Le [&hellip;]\" \/>\n<meta property=\"og:url\" content=\"https:\/\/mwc-cmm.org\/fr\/dimanche-de-la-fraternite-anabaptiste-mondiale\/\" \/>\n<meta property=\"og:site_name\" content=\"Mennonite World Conference\" \/>\n<meta property=\"article:publisher\" content=\"https:\/\/www.facebook.com\/MennoniteWorldConference\" \/>\n<meta property=\"article:modified_time\" content=\"2026-04-14T17:47:26+00:00\" \/>\n<meta property=\"og:image\" content=\"https:\/\/mwc-cmm.org\/wp-content\/uploads\/2024\/10\/AnabaptistWorldFellowshipSunday.jpg\" \/>\n\t<meta property=\"og:image:width\" content=\"800\" \/>\n\t<meta property=\"og:image:height\" content=\"450\" \/>\n\t<meta property=\"og:image:type\" content=\"image\/jpeg\" \/>\n<script type=\"application\/ld+json\" class=\"yoast-schema-graph\">{\"@context\":\"https:\/\/schema.org\",\"@graph\":[{\"@type\":\"WebPage\",\"@id\":\"https:\/\/mwc-cmm.org\/fr\/dimanche-de-la-fraternite-anabaptiste-mondiale\/\",\"url\":\"https:\/\/mwc-cmm.org\/fr\/dimanche-de-la-fraternite-anabaptiste-mondiale\/\",\"name\":\"Dimanche de la Fraternit\u00e9 Anabaptiste Mondiale - Mennonite World Conference\",\"isPartOf\":{\"@id\":\"https:\/\/mwc-cmm.org\/en\/#website\"},\"primaryImageOfPage\":{\"@id\":\"https:\/\/mwc-cmm.org\/fr\/dimanche-de-la-fraternite-anabaptiste-mondiale\/#primaryimage\"},\"image\":{\"@id\":\"https:\/\/mwc-cmm.org\/fr\/dimanche-de-la-fraternite-anabaptiste-mondiale\/#primaryimage\"},\"thumbnailUrl\":\"https:\/\/mwc-cmm.org\/wp-content\/uploads\/2024\/10\/AnabaptistWorldFellowshipSunday.jpg\",\"datePublished\":\"2019-10-08T00:00:00+00:00\",\"dateModified\":\"2026-04-14T17:47:26+00:00\",\"breadcrumb\":{\"@id\":\"https:\/\/mwc-cmm.org\/fr\/dimanche-de-la-fraternite-anabaptiste-mondiale\/#breadcrumb\"},\"inLanguage\":\"fr-FR\",\"potentialAction\":[{\"@type\":\"ReadAction\",\"target\":[\"https:\/\/mwc-cmm.org\/fr\/dimanche-de-la-fraternite-anabaptiste-mondiale\/\"]}]},{\"@type\":\"ImageObject\",\"inLanguage\":\"fr-FR\",\"@id\":\"https:\/\/mwc-cmm.org\/fr\/dimanche-de-la-fraternite-anabaptiste-mondiale\/#primaryimage\",\"url\":\"https:\/\/mwc-cmm.org\/wp-content\/uploads\/2024\/10\/AnabaptistWorldFellowshipSunday.jpg\",\"contentUrl\":\"https:\/\/mwc-cmm.org\/wp-content\/uploads\/2024\/10\/AnabaptistWorldFellowshipSunday.jpg\"},{\"@type\":\"BreadcrumbList\",\"@id\":\"https:\/\/mwc-cmm.org\/fr\/dimanche-de-la-fraternite-anabaptiste-mondiale\/#breadcrumb\",\"itemListElement\":[{\"@type\":\"ListItem\",\"position\":1,\"name\":\"Home\",\"item\":\"https:\/\/mwc-cmm.org\/fr\/\"},{\"@type\":\"ListItem\",\"position\":2,\"name\":\"Dimanche de la Fraternit\u00e9 Anabaptiste Mondiale\"}]},{\"@type\":\"WebSite\",\"@id\":\"https:\/\/mwc-cmm.org\/en\/#website\",\"url\":\"https:\/\/mwc-cmm.org\/en\/\",\"name\":\"Mennonite World Conference\",\"description\":\"A communion of Anabaptist-related churches\",\"publisher\":{\"@id\":\"https:\/\/mwc-cmm.org\/en\/#organization\"},\"alternateName\":\"MWC\",\"potentialAction\":[{\"@type\":\"SearchAction\",\"target\":{\"@type\":\"EntryPoint\",\"urlTemplate\":\"https:\/\/mwc-cmm.org\/en\/?s={search_term_string}\"},\"query-input\":{\"@type\":\"PropertyValueSpecification\",\"valueRequired\":true,\"valueName\":\"search_term_string\"}}],\"inLanguage\":\"fr-FR\"},{\"@type\":\"Organization\",\"@id\":\"https:\/\/mwc-cmm.org\/en\/#organization\",\"name\":\"Mennonite World Conference\",\"alternateName\":\"MWC\",\"url\":\"https:\/\/mwc-cmm.org\/en\/\",\"logo\":{\"@type\":\"ImageObject\",\"inLanguage\":\"fr-FR\",\"@id\":\"https:\/\/mwc-cmm.org\/en\/#\/schema\/logo\/image\/\",\"url\":\"https:\/\/mwc-cmm.org\/wp-content\/uploads\/2026\/01\/MWC_Sig_Blue_Horiz_webheader1-logo.svg\",\"contentUrl\":\"https:\/\/mwc-cmm.org\/wp-content\/uploads\/2026\/01\/MWC_Sig_Blue_Horiz_webheader1-logo.svg\",\"width\":786,\"height\":82,\"caption\":\"Mennonite World Conference\"},\"image\":{\"@id\":\"https:\/\/mwc-cmm.org\/en\/#\/schema\/logo\/image\/\"},\"sameAs\":[\"https:\/\/www.facebook.com\/MennoniteWorldConference\",\"https:\/\/www.linkedin.com\/company\/mennonite-world-conference-mwc\/\",\"https:\/\/www.instagram.com\/mwcmm\/\",\"https:\/\/www.youtube.com\/user\/mwccmm\",\"https:\/\/bsky.app\/profile\/mwcmm.bsky.social\"]}]}<\/script>\n<!-- \/ Yoast SEO plugin. -->","yoast_head_json":{"title":"Dimanche de la Fraternit\u00e9 Anabaptiste Mondiale - Mennonite World Conference","robots":{"index":"index","follow":"follow","max-snippet":"max-snippet:-1","max-image-preview":"max-image-preview:large","max-video-preview":"max-video-preview:-1"},"canonical":"https:\/\/mwc-cmm.org\/fr\/dimanche-de-la-fraternite-anabaptiste-mondiale\/","og_locale":"fr_FR","og_type":"article","og_title":"Dimanche de la Fraternit\u00e9 Anabaptiste Mondiale - Mennonite World Conference","og_description":"Notez cette date! Dimanche 24 janvier 2027 Chaque ann\u00e9e, les \u00e9glises anabaptistes du monde entier sont encourag\u00e9es \u00e0 prier, le dimanche le plus proche du 21 janvier (habituellement le quatri\u00e8me dimanche de janvier), autour d&rsquo;un th\u00e8me commun. En 1525, en cette m\u00eame date, le premier bapt\u00eame anabaptiste avait eu lieu \u00e0 Zurich en Suisse. Le [&hellip;]","og_url":"https:\/\/mwc-cmm.org\/fr\/dimanche-de-la-fraternite-anabaptiste-mondiale\/","og_site_name":"Mennonite World Conference","article_publisher":"https:\/\/www.facebook.com\/MennoniteWorldConference","article_modified_time":"2026-04-14T17:47:26+00:00","og_image":[{"width":800,"height":450,"url":"https:\/\/mwc-cmm.org\/wp-content\/uploads\/2024\/10\/AnabaptistWorldFellowshipSunday.jpg","type":"image\/jpeg"}],"schema":{"@context":"https:\/\/schema.org","@graph":[{"@type":"WebPage","@id":"https:\/\/mwc-cmm.org\/fr\/dimanche-de-la-fraternite-anabaptiste-mondiale\/","url":"https:\/\/mwc-cmm.org\/fr\/dimanche-de-la-fraternite-anabaptiste-mondiale\/","name":"Dimanche de la Fraternit\u00e9 Anabaptiste Mondiale - Mennonite World Conference","isPartOf":{"@id":"https:\/\/mwc-cmm.org\/en\/#website"},"primaryImageOfPage":{"@id":"https:\/\/mwc-cmm.org\/fr\/dimanche-de-la-fraternite-anabaptiste-mondiale\/#primaryimage"},"image":{"@id":"https:\/\/mwc-cmm.org\/fr\/dimanche-de-la-fraternite-anabaptiste-mondiale\/#primaryimage"},"thumbnailUrl":"https:\/\/mwc-cmm.org\/wp-content\/uploads\/2024\/10\/AnabaptistWorldFellowshipSunday.jpg","datePublished":"2019-10-08T00:00:00+00:00","dateModified":"2026-04-14T17:47:26+00:00","breadcrumb":{"@id":"https:\/\/mwc-cmm.org\/fr\/dimanche-de-la-fraternite-anabaptiste-mondiale\/#breadcrumb"},"inLanguage":"fr-FR","potentialAction":[{"@type":"ReadAction","target":["https:\/\/mwc-cmm.org\/fr\/dimanche-de-la-fraternite-anabaptiste-mondiale\/"]}]},{"@type":"ImageObject","inLanguage":"fr-FR","@id":"https:\/\/mwc-cmm.org\/fr\/dimanche-de-la-fraternite-anabaptiste-mondiale\/#primaryimage","url":"https:\/\/mwc-cmm.org\/wp-content\/uploads\/2024\/10\/AnabaptistWorldFellowshipSunday.jpg","contentUrl":"https:\/\/mwc-cmm.org\/wp-content\/uploads\/2024\/10\/AnabaptistWorldFellowshipSunday.jpg"},{"@type":"BreadcrumbList","@id":"https:\/\/mwc-cmm.org\/fr\/dimanche-de-la-fraternite-anabaptiste-mondiale\/#breadcrumb","itemListElement":[{"@type":"ListItem","position":1,"name":"Home","item":"https:\/\/mwc-cmm.org\/fr\/"},{"@type":"ListItem","position":2,"name":"Dimanche de la Fraternit\u00e9 Anabaptiste Mondiale"}]},{"@type":"WebSite","@id":"https:\/\/mwc-cmm.org\/en\/#website","url":"https:\/\/mwc-cmm.org\/en\/","name":"Mennonite World Conference","description":"A communion of Anabaptist-related churches","publisher":{"@id":"https:\/\/mwc-cmm.org\/en\/#organization"},"alternateName":"MWC","potentialAction":[{"@type":"SearchAction","target":{"@type":"EntryPoint","urlTemplate":"https:\/\/mwc-cmm.org\/en\/?s={search_term_string}"},"query-input":{"@type":"PropertyValueSpecification","valueRequired":true,"valueName":"search_term_string"}}],"inLanguage":"fr-FR"},{"@type":"Organization","@id":"https:\/\/mwc-cmm.org\/en\/#organization","name":"Mennonite World Conference","alternateName":"MWC","url":"https:\/\/mwc-cmm.org\/en\/","logo":{"@type":"ImageObject","inLanguage":"fr-FR","@id":"https:\/\/mwc-cmm.org\/en\/#\/schema\/logo\/image\/","url":"https:\/\/mwc-cmm.org\/wp-content\/uploads\/2026\/01\/MWC_Sig_Blue_Horiz_webheader1-logo.svg","contentUrl":"https:\/\/mwc-cmm.org\/wp-content\/uploads\/2026\/01\/MWC_Sig_Blue_Horiz_webheader1-logo.svg","width":786,"height":82,"caption":"Mennonite World Conference"},"image":{"@id":"https:\/\/mwc-cmm.org\/en\/#\/schema\/logo\/image\/"},"sameAs":["https:\/\/www.facebook.com\/MennoniteWorldConference","https:\/\/www.linkedin.com\/company\/mennonite-world-conference-mwc\/","https:\/\/www.instagram.com\/mwcmm\/","https:\/\/www.youtube.com\/user\/mwccmm","https:\/\/bsky.app\/profile\/mwcmm.bsky.social"]}]}},"_links":{"self":[{"href":"https:\/\/mwc-cmm.org\/fr\/wp-json\/wp\/v2\/pages\/11477","targetHints":{"allow":["GET"]}}],"collection":[{"href":"https:\/\/mwc-cmm.org\/fr\/wp-json\/wp\/v2\/pages"}],"about":[{"href":"https:\/\/mwc-cmm.org\/fr\/wp-json\/wp\/v2\/types\/page"}],"author":[{"embeddable":true,"href":"https:\/\/mwc-cmm.org\/fr\/wp-json\/wp\/v2\/users\/1"}],"replies":[{"embeddable":true,"href":"https:\/\/mwc-cmm.org\/fr\/wp-json\/wp\/v2\/comments?post=11477"}],"version-history":[{"count":0,"href":"https:\/\/mwc-cmm.org\/fr\/wp-json\/wp\/v2\/pages\/11477\/revisions"}],"wp:attachment":[{"href":"https:\/\/mwc-cmm.org\/fr\/wp-json\/wp\/v2\/media?parent=11477"}],"curies":[{"name":"wp","href":"https:\/\/api.w.org\/{rel}","templated":true}]}}