{"id":11476,"date":"2019-10-08T00:00:00","date_gmt":"2019-10-08T00:00:00","guid":{"rendered":"https:\/\/mwc-cmm.org\/global-mission-fellowship-gmf-3\/"},"modified":"2026-03-24T19:30:25","modified_gmt":"2026-03-24T19:30:25","slug":"fraternite-missionnaire-mondiale-gmf","status":"publish","type":"page","link":"https:\/\/mwc-cmm.org\/fr\/reseaux-cmm\/fraternite-missionnaire-mondiale-gmf\/","title":{"rendered":"Fraternit\u00e9 Missionnaire Mondiale (GMF)"},"content":{"rendered":"\n<div class=\"wp-block-group alignwide has-global-padding is-layout-constrained wp-container-core-group-is-layout-ac10b92e wp-block-group-is-layout-constrained\">\n<div class=\"wp-block-columns alignwide is-layout-flex wp-container-core-columns-is-layout-28f84493 wp-block-columns-is-layout-flex\">\n<div class=\"wp-block-column is-layout-flow wp-block-column-is-layout-flow\">\n<p>La Commission Mission rassemble le\u00a0<a href=\"https:\/\/mwc-cmm.org\/fr\/reseaux-cmm\/rencontrez-votre-reseau-anabaptiste-mondial-dentraide\/\" target=\"_blank\" rel=\"noreferrer noopener\">R\u00e9seau Anabaptiste Mondial pour la Diaconie (GASN)<\/a>\u00a0et la<a href=\"https:\/\/mwc-cmm.org\/fr\/reseaux-cmm\/fraternite-missionnaire-mondiale-gmf\/\" target=\"_blank\" rel=\"noreferrer noopener\">\u00a0Fraternit\u00e9 Missionnaire Mondiale (GMF).<\/a><\/p>\n<\/div>\n\n\n\n<div class=\"wp-block-column is-layout-flow wp-block-column-is-layout-flow\">\n<figure class=\"wp-block-image size-full\"><img decoding=\"async\" width=\"1000\" height=\"500\" data-src=\"https:\/\/mwc-cmm.org\/wp-content\/uploads\/2025\/08\/2025-GMF.jpg\" alt=\"\" class=\"wp-image-117959 lazyload\" data-srcset=\"https:\/\/mwc-cmm.org\/wp-content\/uploads\/2025\/08\/2025-GMF.jpg 1000w, https:\/\/mwc-cmm.org\/wp-content\/uploads\/2025\/08\/2025-GMF-300x150.jpg 300w, https:\/\/mwc-cmm.org\/wp-content\/uploads\/2025\/08\/2025-GMF-768x384.jpg 768w\" data-sizes=\"(max-width: 1000px) 100vw, 1000px\" src=\"data:image\/svg+xml;base64,PHN2ZyB3aWR0aD0iMSIgaGVpZ2h0PSIxIiB4bWxucz0iaHR0cDovL3d3dy53My5vcmcvMjAwMC9zdmciPjwvc3ZnPg==\" style=\"--smush-placeholder-width: 1000px; --smush-placeholder-aspect-ratio: 1000\/500;\" \/><\/figure>\n\n\n\n<div class=\"wp-block-buttons is-layout-flex wp-block-buttons-is-layout-flex\">\n<div class=\"wp-block-button\"><a class=\"wp-block-button__link wp-element-button\" href=\"https:\/\/mwc-cmm.org\/fr\/resources\/tous-les-webinaires\/\" target=\"_blank\" rel=\"noreferrer noopener\">webinaires du r\u00e9seau \u00e0 venir et pr\u00e9c\u00e9dents<\/a><\/div>\n<\/div>\n\n\n\n<h3 class=\"wp-block-heading is-style-green-eyebrow\">Documents cl\u00e9s<\/h3>\n\n\n\n<div class=\"wp-block-buttons is-layout-flex wp-block-buttons-is-layout-flex\">\n<div class=\"wp-block-button\"><a class=\"wp-block-button__link wp-element-button\" href=\"https:\/\/mwc-cmm.org\/fr\/commissions-3\/commission-mission\/organisations-membres\/?_member_network=gmf\">Liste des membres<\/a><\/div>\n<\/div>\n<\/div>\n<\/div>\n<\/div>\n\n\n\n<div class=\"wp-block-columns alignwide is-layout-flex wp-container-core-columns-is-layout-28f84493 wp-block-columns-is-layout-flex\">\n<div class=\"wp-block-column is-layout-flow wp-block-column-is-layout-flow\">\n<h2 class=\"wp-block-heading is-style-yellow-eyebrow\" style=\"text-transform:none\">Vision et Mission de la GMF<\/h2>\n\n\n\n<p>La GMF souhaite que les organisations missionnaires anabaptistes aient un impact plus important dans l&rsquo;accomplissement de la mission de Dieu.<\/p>\n\n\n\n<p>La GMF catalyse et renforce l&rsquo;impact missionaire gr\u00e2ce \u00e0 la mise en r\u00e9seau de ses membres, \u00e0 des initiatives d&rsquo;apprentissage collectif, \u00e0 la responsabilit\u00e9 mutuelle et \u00e0 des partenariats collaboratifs.<\/p>\n<\/div>\n\n\n\n<div class=\"wp-block-column is-layout-flow wp-block-column-is-layout-flow\">\n<h2 class=\"wp-block-heading is-style-cyan-eyebrow\">Objectifs<\/h2>\n\n\n\n<p><\/p>\n<\/div>\n<\/div>\n\n\n\n<div class=\"wp-block-group alignwide has-global-padding is-content-justification-left is-layout-constrained wp-container-core-group-is-layout-12dd3699 wp-block-group-is-layout-constrained\">\n<h2 class=\"wp-block-heading alignwide is-style-green-eyebrow\" style=\"text-transform:none\">Membres du groupe de travail<\/h2>\n\n\n\n<ul class=\"wp-block-list\">\n<li>Nelson Okanya<\/li>\n\n\n\n<li>Lorri Bentch<\/li>\n\n\n\n<li>Carlos Daniel Soto<\/li>\n\n\n\n<li>Sangita Tigga<\/li>\n\n\n\n<li>Gomes De Miranda<\/li>\n\n\n\n<li>Noelia Fox<\/li>\n<\/ul>\n<\/div>\n","protected":false},"excerpt":{"rendered":"<p>La Commission Mission rassemble le\u00a0R\u00e9seau Anabaptiste Mondial pour la Diaconie (GASN)\u00a0et la\u00a0Fraternit\u00e9 Missionnaire Mondiale (GMF). Documents cl\u00e9s Vision et Mission de la GMF La GMF souhaite que les organisations missionnaires anabaptistes aient un impact plus important dans l&rsquo;accomplissement de la mission de Dieu. La GMF catalyse et renforce l&rsquo;impact missionaire gr\u00e2ce \u00e0 la mise en [&hellip;]<\/p>\n","protected":false},"author":1,"featured_media":117959,"parent":5895,"menu_order":0,"comment_status":"closed","ping_status":"closed","template":"","meta":{"_acf_changed":false,"footnotes":""},"class_list":["post-11476","page","type-page","status-publish","has-post-thumbnail","hentry"],"acf":[],"yoast_head":"<!-- This site is optimized with the Yoast SEO plugin v27.2 - https:\/\/yoast.com\/product\/yoast-seo-wordpress\/ -->\n<title>Fraternit\u00e9 Missionnaire Mondiale (GMF) - Mennonite World Conference<\/title>\n<meta name=\"robots\" content=\"index, follow, max-snippet:-1, max-image-preview:large, max-video-preview:-1\" \/>\n<link rel=\"canonical\" href=\"https:\/\/mwc-cmm.org\/fr\/reseaux-cmm\/fraternite-missionnaire-mondiale-gmf\/\" \/>\n<meta property=\"og:locale\" content=\"fr_FR\" \/>\n<meta property=\"og:type\" content=\"article\" \/>\n<meta property=\"og:title\" content=\"Fraternit\u00e9 Missionnaire Mondiale (GMF) - Mennonite World Conference\" \/>\n<meta property=\"og:description\" content=\"La Commission Mission rassemble le\u00a0R\u00e9seau Anabaptiste Mondial pour la Diaconie (GASN)\u00a0et la\u00a0Fraternit\u00e9 Missionnaire Mondiale (GMF). Documents cl\u00e9s Vision et Mission de la GMF La GMF souhaite que les organisations missionnaires anabaptistes aient un impact plus important dans l&rsquo;accomplissement de la mission de Dieu. La GMF catalyse et renforce l&rsquo;impact missionaire gr\u00e2ce \u00e0 la mise en [&hellip;]\" \/>\n<meta property=\"og:url\" content=\"https:\/\/mwc-cmm.org\/fr\/reseaux-cmm\/fraternite-missionnaire-mondiale-gmf\/\" \/>\n<meta property=\"og:site_name\" content=\"Mennonite World Conference\" \/>\n<meta property=\"article:publisher\" content=\"https:\/\/www.facebook.com\/MennoniteWorldConference\" \/>\n<meta property=\"article:modified_time\" content=\"2026-03-24T19:30:25+00:00\" \/>\n<meta property=\"og:image\" content=\"https:\/\/mwc-cmm.org\/wp-content\/uploads\/2025\/08\/2025-GMF.jpg\" \/>\n\t<meta property=\"og:image:width\" content=\"1000\" \/>\n\t<meta property=\"og:image:height\" content=\"500\" \/>\n\t<meta property=\"og:image:type\" content=\"image\/jpeg\" \/>\n<script type=\"application\/ld+json\" class=\"yoast-schema-graph\">{\"@context\":\"https:\/\/schema.org\",\"@graph\":[{\"@type\":\"WebPage\",\"@id\":\"https:\/\/mwc-cmm.org\/fr\/reseaux-cmm\/fraternite-missionnaire-mondiale-gmf\/\",\"url\":\"https:\/\/mwc-cmm.org\/fr\/reseaux-cmm\/fraternite-missionnaire-mondiale-gmf\/\",\"name\":\"Fraternit\u00e9 Missionnaire Mondiale (GMF) - Mennonite World Conference\",\"isPartOf\":{\"@id\":\"https:\/\/mwc-cmm.org\/en\/#website\"},\"primaryImageOfPage\":{\"@id\":\"https:\/\/mwc-cmm.org\/fr\/reseaux-cmm\/fraternite-missionnaire-mondiale-gmf\/#primaryimage\"},\"image\":{\"@id\":\"https:\/\/mwc-cmm.org\/fr\/reseaux-cmm\/fraternite-missionnaire-mondiale-gmf\/#primaryimage\"},\"thumbnailUrl\":\"https:\/\/mwc-cmm.org\/wp-content\/uploads\/2025\/08\/2025-GMF.jpg\",\"datePublished\":\"2019-10-08T00:00:00+00:00\",\"dateModified\":\"2026-03-24T19:30:25+00:00\",\"breadcrumb\":{\"@id\":\"https:\/\/mwc-cmm.org\/fr\/reseaux-cmm\/fraternite-missionnaire-mondiale-gmf\/#breadcrumb\"},\"inLanguage\":\"fr-FR\",\"potentialAction\":[{\"@type\":\"ReadAction\",\"target\":[\"https:\/\/mwc-cmm.org\/fr\/reseaux-cmm\/fraternite-missionnaire-mondiale-gmf\/\"]}]},{\"@type\":\"ImageObject\",\"inLanguage\":\"fr-FR\",\"@id\":\"https:\/\/mwc-cmm.org\/fr\/reseaux-cmm\/fraternite-missionnaire-mondiale-gmf\/#primaryimage\",\"url\":\"https:\/\/mwc-cmm.org\/wp-content\/uploads\/2025\/08\/2025-GMF.jpg\",\"contentUrl\":\"https:\/\/mwc-cmm.org\/wp-content\/uploads\/2025\/08\/2025-GMF.jpg\",\"width\":1000,\"height\":500},{\"@type\":\"BreadcrumbList\",\"@id\":\"https:\/\/mwc-cmm.org\/fr\/reseaux-cmm\/fraternite-missionnaire-mondiale-gmf\/#breadcrumb\",\"itemListElement\":[{\"@type\":\"ListItem\",\"position\":1,\"name\":\"Home\",\"item\":\"https:\/\/mwc-cmm.org\/fr\/\"},{\"@type\":\"ListItem\",\"position\":2,\"name\":\"R\u00e9seaux de la CMM\",\"item\":\"https:\/\/mwc-cmm.org\/fr\/reseaux-cmm\/\"},{\"@type\":\"ListItem\",\"position\":3,\"name\":\"Fraternit\u00e9 Missionnaire Mondiale (GMF)\"}]},{\"@type\":\"WebSite\",\"@id\":\"https:\/\/mwc-cmm.org\/en\/#website\",\"url\":\"https:\/\/mwc-cmm.org\/en\/\",\"name\":\"Mennonite World Conference\",\"description\":\"A communion of Anabaptist-related churches\",\"publisher\":{\"@id\":\"https:\/\/mwc-cmm.org\/en\/#organization\"},\"alternateName\":\"MWC\",\"potentialAction\":[{\"@type\":\"SearchAction\",\"target\":{\"@type\":\"EntryPoint\",\"urlTemplate\":\"https:\/\/mwc-cmm.org\/en\/?s={search_term_string}\"},\"query-input\":{\"@type\":\"PropertyValueSpecification\",\"valueRequired\":true,\"valueName\":\"search_term_string\"}}],\"inLanguage\":\"fr-FR\"},{\"@type\":\"Organization\",\"@id\":\"https:\/\/mwc-cmm.org\/en\/#organization\",\"name\":\"Mennonite World Conference\",\"alternateName\":\"MWC\",\"url\":\"https:\/\/mwc-cmm.org\/en\/\",\"logo\":{\"@type\":\"ImageObject\",\"inLanguage\":\"fr-FR\",\"@id\":\"https:\/\/mwc-cmm.org\/en\/#\/schema\/logo\/image\/\",\"url\":\"https:\/\/mwc-cmm.org\/wp-content\/uploads\/2026\/01\/MWC_Sig_Blue_Horiz_webheader1-logo.svg\",\"contentUrl\":\"https:\/\/mwc-cmm.org\/wp-content\/uploads\/2026\/01\/MWC_Sig_Blue_Horiz_webheader1-logo.svg\",\"width\":786,\"height\":82,\"caption\":\"Mennonite World Conference\"},\"image\":{\"@id\":\"https:\/\/mwc-cmm.org\/en\/#\/schema\/logo\/image\/\"},\"sameAs\":[\"https:\/\/www.facebook.com\/MennoniteWorldConference\",\"https:\/\/www.linkedin.com\/company\/mennonite-world-conference-mwc\/\",\"https:\/\/www.instagram.com\/mwcmm\/\",\"https:\/\/www.youtube.com\/user\/mwccmm\",\"https:\/\/bsky.app\/profile\/mwcmm.bsky.social\"]}]}<\/script>\n<!-- \/ Yoast SEO plugin. -->","yoast_head_json":{"title":"Fraternit\u00e9 Missionnaire Mondiale (GMF) - Mennonite World Conference","robots":{"index":"index","follow":"follow","max-snippet":"max-snippet:-1","max-image-preview":"max-image-preview:large","max-video-preview":"max-video-preview:-1"},"canonical":"https:\/\/mwc-cmm.org\/fr\/reseaux-cmm\/fraternite-missionnaire-mondiale-gmf\/","og_locale":"fr_FR","og_type":"article","og_title":"Fraternit\u00e9 Missionnaire Mondiale (GMF) - Mennonite World Conference","og_description":"La Commission Mission rassemble le\u00a0R\u00e9seau Anabaptiste Mondial pour la Diaconie (GASN)\u00a0et la\u00a0Fraternit\u00e9 Missionnaire Mondiale (GMF). Documents cl\u00e9s Vision et Mission de la GMF La GMF souhaite que les organisations missionnaires anabaptistes aient un impact plus important dans l&rsquo;accomplissement de la mission de Dieu. La GMF catalyse et renforce l&rsquo;impact missionaire gr\u00e2ce \u00e0 la mise en [&hellip;]","og_url":"https:\/\/mwc-cmm.org\/fr\/reseaux-cmm\/fraternite-missionnaire-mondiale-gmf\/","og_site_name":"Mennonite World Conference","article_publisher":"https:\/\/www.facebook.com\/MennoniteWorldConference","article_modified_time":"2026-03-24T19:30:25+00:00","og_image":[{"width":1000,"height":500,"url":"https:\/\/mwc-cmm.org\/wp-content\/uploads\/2025\/08\/2025-GMF.jpg","type":"image\/jpeg"}],"schema":{"@context":"https:\/\/schema.org","@graph":[{"@type":"WebPage","@id":"https:\/\/mwc-cmm.org\/fr\/reseaux-cmm\/fraternite-missionnaire-mondiale-gmf\/","url":"https:\/\/mwc-cmm.org\/fr\/reseaux-cmm\/fraternite-missionnaire-mondiale-gmf\/","name":"Fraternit\u00e9 Missionnaire Mondiale (GMF) - Mennonite World Conference","isPartOf":{"@id":"https:\/\/mwc-cmm.org\/en\/#website"},"primaryImageOfPage":{"@id":"https:\/\/mwc-cmm.org\/fr\/reseaux-cmm\/fraternite-missionnaire-mondiale-gmf\/#primaryimage"},"image":{"@id":"https:\/\/mwc-cmm.org\/fr\/reseaux-cmm\/fraternite-missionnaire-mondiale-gmf\/#primaryimage"},"thumbnailUrl":"https:\/\/mwc-cmm.org\/wp-content\/uploads\/2025\/08\/2025-GMF.jpg","datePublished":"2019-10-08T00:00:00+00:00","dateModified":"2026-03-24T19:30:25+00:00","breadcrumb":{"@id":"https:\/\/mwc-cmm.org\/fr\/reseaux-cmm\/fraternite-missionnaire-mondiale-gmf\/#breadcrumb"},"inLanguage":"fr-FR","potentialAction":[{"@type":"ReadAction","target":["https:\/\/mwc-cmm.org\/fr\/reseaux-cmm\/fraternite-missionnaire-mondiale-gmf\/"]}]},{"@type":"ImageObject","inLanguage":"fr-FR","@id":"https:\/\/mwc-cmm.org\/fr\/reseaux-cmm\/fraternite-missionnaire-mondiale-gmf\/#primaryimage","url":"https:\/\/mwc-cmm.org\/wp-content\/uploads\/2025\/08\/2025-GMF.jpg","contentUrl":"https:\/\/mwc-cmm.org\/wp-content\/uploads\/2025\/08\/2025-GMF.jpg","width":1000,"height":500},{"@type":"BreadcrumbList","@id":"https:\/\/mwc-cmm.org\/fr\/reseaux-cmm\/fraternite-missionnaire-mondiale-gmf\/#breadcrumb","itemListElement":[{"@type":"ListItem","position":1,"name":"Home","item":"https:\/\/mwc-cmm.org\/fr\/"},{"@type":"ListItem","position":2,"name":"R\u00e9seaux de la CMM","item":"https:\/\/mwc-cmm.org\/fr\/reseaux-cmm\/"},{"@type":"ListItem","position":3,"name":"Fraternit\u00e9 Missionnaire Mondiale (GMF)"}]},{"@type":"WebSite","@id":"https:\/\/mwc-cmm.org\/en\/#website","url":"https:\/\/mwc-cmm.org\/en\/","name":"Mennonite World Conference","description":"A communion of Anabaptist-related churches","publisher":{"@id":"https:\/\/mwc-cmm.org\/en\/#organization"},"alternateName":"MWC","potentialAction":[{"@type":"SearchAction","target":{"@type":"EntryPoint","urlTemplate":"https:\/\/mwc-cmm.org\/en\/?s={search_term_string}"},"query-input":{"@type":"PropertyValueSpecification","valueRequired":true,"valueName":"search_term_string"}}],"inLanguage":"fr-FR"},{"@type":"Organization","@id":"https:\/\/mwc-cmm.org\/en\/#organization","name":"Mennonite World Conference","alternateName":"MWC","url":"https:\/\/mwc-cmm.org\/en\/","logo":{"@type":"ImageObject","inLanguage":"fr-FR","@id":"https:\/\/mwc-cmm.org\/en\/#\/schema\/logo\/image\/","url":"https:\/\/mwc-cmm.org\/wp-content\/uploads\/2026\/01\/MWC_Sig_Blue_Horiz_webheader1-logo.svg","contentUrl":"https:\/\/mwc-cmm.org\/wp-content\/uploads\/2026\/01\/MWC_Sig_Blue_Horiz_webheader1-logo.svg","width":786,"height":82,"caption":"Mennonite World Conference"},"image":{"@id":"https:\/\/mwc-cmm.org\/en\/#\/schema\/logo\/image\/"},"sameAs":["https:\/\/www.facebook.com\/MennoniteWorldConference","https:\/\/www.linkedin.com\/company\/mennonite-world-conference-mwc\/","https:\/\/www.instagram.com\/mwcmm\/","https:\/\/www.youtube.com\/user\/mwccmm","https:\/\/bsky.app\/profile\/mwcmm.bsky.social"]}]}},"_links":{"self":[{"href":"https:\/\/mwc-cmm.org\/fr\/wp-json\/wp\/v2\/pages\/11476","targetHints":{"allow":["GET"]}}],"collection":[{"href":"https:\/\/mwc-cmm.org\/fr\/wp-json\/wp\/v2\/pages"}],"about":[{"href":"https:\/\/mwc-cmm.org\/fr\/wp-json\/wp\/v2\/types\/page"}],"author":[{"embeddable":true,"href":"https:\/\/mwc-cmm.org\/fr\/wp-json\/wp\/v2\/users\/1"}],"replies":[{"embeddable":true,"href":"https:\/\/mwc-cmm.org\/fr\/wp-json\/wp\/v2\/comments?post=11476"}],"version-history":[{"count":0,"href":"https:\/\/mwc-cmm.org\/fr\/wp-json\/wp\/v2\/pages\/11476\/revisions"}],"up":[{"embeddable":true,"href":"https:\/\/mwc-cmm.org\/fr\/wp-json\/wp\/v2\/pages\/5895"}],"wp:featuredmedia":[{"embeddable":true,"href":"https:\/\/mwc-cmm.org\/fr\/wp-json\/wp\/v2\/media\/117959"}],"wp:attachment":[{"href":"https:\/\/mwc-cmm.org\/fr\/wp-json\/wp\/v2\/media?parent=11476"}],"curies":[{"name":"wp","href":"https:\/\/api.w.org\/{rel}","templated":true}]}}