{"id":11473,"date":"2019-10-08T00:00:00","date_gmt":"2019-10-08T00:00:00","guid":{"rendered":"https:\/\/mwc-cmm.org\/global-anabaptist-peace-network-3\/"},"modified":"2025-09-12T20:32:44","modified_gmt":"2025-09-12T20:32:44","slug":"reseau-anabaptiste-mondial-pour-la-paix-gapn","status":"publish","type":"page","link":"https:\/\/mwc-cmm.org\/fr\/reseaux-cmm\/reseau-anabaptiste-mondial-pour-la-paix-gapn\/","title":{"rendered":"R\u00e9seau Anabaptiste Mondial pour la Paix (GAPN)"},"content":{"rendered":"\n<div class=\"wp-block-columns alignwide is-layout-flex wp-container-core-columns-is-layout-7fc3d43a wp-block-columns-is-layout-flex\">\n<div class=\"wp-block-column is-layout-flow wp-block-column-is-layout-flow\">\n<p>Nous voulons faire de la paix et de la justice une r\u00e9alit\u00e9 concr\u00e8te dans notre monde et, pour ce faire, nous avons besoin d&rsquo;aide, de motivation, de soutien. Car ce n&rsquo;est pas une entreprise facile ! Nous avons besoin des autres. Et les autres ont besoin de nous.<\/p>\n\n\n\n<p>C&rsquo;est pour cela que le R\u00e9seau Anabaptiste Mondial pour la Paix (GAPN pour son sigle en anglais) met en lien et apporte un soutien aux organisations de paix (agences, \u00e9coles, programmes de formations, projets de recherche, groupes de r\u00e9flexion, initiatives militantes, militants, universitaires) qui sont issues de notre communion mondiale d&rsquo;\u00e9glises anabaptistes-mennonites et sont au service de celle-ci. Nous esp\u00e9rons cr\u00e9er une communaut\u00e9 solidaire o\u00f9 tous et toutes \u00fauvrent ensemble \u00e0 la construction d&rsquo;un monde meilleur et plus juste. Nous voulons nous aider les uns les autres \u00e0 incarner et t\u00e9moigner de la justice, la paix et la r\u00e9conciliation.<\/p>\n<\/div>\n\n\n\n<div class=\"wp-block-column is-layout-flow wp-block-column-is-layout-flow\"><figure class=\"aligncenter wp-block-post-featured-image\"><img decoding=\"async\" width=\"1000\" height=\"500\" data-src=\"https:\/\/mwc-cmm.org\/wp-content\/uploads\/2025\/08\/2025-GAPN.jpg\" class=\"attachment-post-thumbnail size-post-thumbnail wp-post-image lazyload\" alt=\"2025 GAPN group photo\" style=\"--smush-placeholder-width: 1000px; --smush-placeholder-aspect-ratio: 1000\/500;object-fit:cover;\" data-srcset=\"https:\/\/mwc-cmm.org\/wp-content\/uploads\/2025\/08\/2025-GAPN.jpg 1000w, https:\/\/mwc-cmm.org\/wp-content\/uploads\/2025\/08\/2025-GAPN-300x150.jpg 300w, https:\/\/mwc-cmm.org\/wp-content\/uploads\/2025\/08\/2025-GAPN-768x384.jpg 768w\" data-sizes=\"(max-width: 1000px) 100vw, 1000px\" src=\"data:image\/svg+xml;base64,PHN2ZyB3aWR0aD0iMSIgaGVpZ2h0PSIxIiB4bWxucz0iaHR0cDovL3d3dy53My5vcmcvMjAwMC9zdmciPjwvc3ZnPg==\" \/><\/figure>\n\n\n<h2 class=\"wp-block-heading\">Upcoming Events<\/h2>\n\n\n\n<p>Click here to learn about the <a href=\"https:\/\/mwc-cmm.org\/fr\/commissions-3\/commission-paix\/\">Peace Commission<\/a><\/p>\n\n\n\n<div class=\"wp-block-buttons is-layout-flex wp-block-buttons-is-layout-flex\">\n<div class=\"wp-block-button\"><a class=\"wp-block-button__link wp-element-button\" href=\"https:\/\/mwc-cmm.org\/fr\/redes-del-cmm\/reseau-anabaptiste-mondial-pour-la-paix-gapn\/gapn-member-list\/\">GAPN Member List<\/a><\/div>\n<\/div>\n<\/div>\n<\/div>\n\n\n\n<p>Dans cette perspective, le GAPN cherche \u00e0 :<\/p>\n\n\n\n<ul class=\"wp-block-list\">\n<li>Mettre en commun le \u00ab fruit \u00bb des \u00e9glises membres de la Conf\u00e9rence Mennonite Mondiale, \u00eatre solidaires, nous accompagner et nous soutenir les uns les autres.<\/li>\n\n\n\n<li>Fortifier l\u2019\u00e9glise et les communaut\u00e9s de paix et de justice dans le monde et pour le monde.<\/li>\n\n\n\n<li>Cr\u00e9er des opportunit\u00e9s de r\u00e9flexion sur notre engagement \u00e0 suivre la voie de la paix trac\u00e9e par J\u00e9sus.<\/li>\n\n\n\n<li>Renforcer notre identit\u00e9 anabaptiste-mennonite chr\u00e9tienne et notre conscientisation \u00e0 la paix.<\/li>\n<\/ul>\n\n\n\n<p>Pour atteindre ces objectifs et participer \u00e0 l&rsquo;effort collectif actuel des agents de paix et de justice, le GAPN offre les \u00e9l\u00e9ments suivants :<\/p>\n\n\n\n<ol class=\"wp-block-list\">\n<li><strong>Partage d&rsquo;informations<\/strong>: nous partageons et fournissons des informations, des sujets de pri\u00e8re et des outils (du mat\u00e9riel p\u00e9dagogique, par exemple) entre les diff\u00e9rentes organisations membres.<\/li>\n\n\n\n<li><strong>Mise en relation<\/strong>: nous voulons \u00eatre en lien et apprendre les uns des autres. Pour faciliter ces relations, nous r\u00e9pertorions et cartographions la pr\u00e9sence et les activit\u00e9s des organisations et partageons+H12 ces informations avec les organisations membres.<\/li>\n\n\n\n<li><strong>Ouverture d&rsquo;espaces<\/strong>: nous cr\u00e9ons des espaces o\u00f9 les organisations membres peuvent se rencontrer, apprendre et \u00eatre transform\u00e9es lors de r\u00e9unions et d\u00edoccasions de se rassembler. Le GAPN soutient et facilite les initiatives qui permettent aux membres de se retrouver, de partager, d&rsquo;apprendre les uns des autres, et de tisser des liens, que ce soit en chair (c.\u00e0.d. en personne) ou virtuellement.<\/li>\n<\/ol>\n\n\n\n<p>Membres de la groupe de travail GAPN<\/p>\n\n\n\n<ul class=\"wp-block-list\">\n<li>John Wambura (Tanzanie)<\/li>\n\n\n\n<li>Daniel Moya (Colombie)<\/li>\n\n\n\n<li>Kristiawan Danang (Indon\u00e9sie)<\/li>\n\n\n\n<li>Fernado Enns (Allemagne)<\/li>\n\n\n\n<li>Ruth Plett (Canada)<\/li>\n<\/ul>\n\n\n\n<p>Si vous et votre organisation d\u00e9sirez devenir membre de ce r\u00e9seau ou si vous voulez en savoir plus sur l&rsquo;adh\u00e9sion au GAPN, cliquez ici.<\/p>\n\n\n\n<p><a href=\"\/fr\/node\/4115\">Demande d&rsquo;adh\u00e9sion au R\u00e9seau Anabaptiste Mondial pour la Paix (GAPN)<\/a><\/p>\n","protected":false},"excerpt":{"rendered":"<p>Nous voulons faire de la paix et de la justice une r\u00e9alit\u00e9 concr\u00e8te dans notre monde et, pour ce faire, nous avons besoin d&rsquo;aide, de motivation, de soutien. Car ce n&rsquo;est pas une entreprise facile ! Nous avons besoin des autres. Et les autres ont besoin de nous. C&rsquo;est pour cela que le R\u00e9seau Anabaptiste [&hellip;]<\/p>\n","protected":false},"author":1,"featured_media":117991,"parent":5895,"menu_order":0,"comment_status":"closed","ping_status":"closed","template":"","meta":{"_acf_changed":false,"footnotes":""},"class_list":["post-11473","page","type-page","status-publish","has-post-thumbnail","hentry"],"acf":[],"yoast_head":"<!-- This site is optimized with the Yoast SEO plugin v27.2 - https:\/\/yoast.com\/product\/yoast-seo-wordpress\/ -->\n<title>R\u00e9seau Anabaptiste Mondial pour la Paix (GAPN) - Mennonite World Conference<\/title>\n<meta name=\"robots\" content=\"index, follow, max-snippet:-1, max-image-preview:large, max-video-preview:-1\" \/>\n<link rel=\"canonical\" href=\"https:\/\/mwc-cmm.org\/fr\/reseaux-cmm\/reseau-anabaptiste-mondial-pour-la-paix-gapn\/\" \/>\n<meta property=\"og:locale\" content=\"fr_FR\" \/>\n<meta property=\"og:type\" content=\"article\" \/>\n<meta property=\"og:title\" content=\"R\u00e9seau Anabaptiste Mondial pour la Paix (GAPN) - Mennonite World Conference\" \/>\n<meta property=\"og:description\" content=\"Nous voulons faire de la paix et de la justice une r\u00e9alit\u00e9 concr\u00e8te dans notre monde et, pour ce faire, nous avons besoin d&rsquo;aide, de motivation, de soutien. Car ce n&rsquo;est pas une entreprise facile ! Nous avons besoin des autres. Et les autres ont besoin de nous. C&rsquo;est pour cela que le R\u00e9seau Anabaptiste [&hellip;]\" \/>\n<meta property=\"og:url\" content=\"https:\/\/mwc-cmm.org\/fr\/reseaux-cmm\/reseau-anabaptiste-mondial-pour-la-paix-gapn\/\" \/>\n<meta property=\"og:site_name\" content=\"Mennonite World Conference\" \/>\n<meta property=\"article:publisher\" content=\"https:\/\/www.facebook.com\/MennoniteWorldConference\" \/>\n<meta property=\"article:modified_time\" content=\"2025-09-12T20:32:44+00:00\" \/>\n<meta property=\"og:image\" content=\"https:\/\/mwc-cmm.org\/wp-content\/uploads\/2025\/08\/2025-GAPN.jpg\" \/>\n\t<meta property=\"og:image:width\" content=\"1000\" \/>\n\t<meta property=\"og:image:height\" content=\"500\" \/>\n\t<meta property=\"og:image:type\" content=\"image\/jpeg\" \/>\n<script type=\"application\/ld+json\" class=\"yoast-schema-graph\">{\"@context\":\"https:\/\/schema.org\",\"@graph\":[{\"@type\":\"WebPage\",\"@id\":\"https:\/\/mwc-cmm.org\/fr\/reseaux-cmm\/reseau-anabaptiste-mondial-pour-la-paix-gapn\/\",\"url\":\"https:\/\/mwc-cmm.org\/fr\/reseaux-cmm\/reseau-anabaptiste-mondial-pour-la-paix-gapn\/\",\"name\":\"R\u00e9seau Anabaptiste Mondial pour la Paix (GAPN) - Mennonite World Conference\",\"isPartOf\":{\"@id\":\"https:\/\/mwc-cmm.org\/en\/#website\"},\"primaryImageOfPage\":{\"@id\":\"https:\/\/mwc-cmm.org\/fr\/reseaux-cmm\/reseau-anabaptiste-mondial-pour-la-paix-gapn\/#primaryimage\"},\"image\":{\"@id\":\"https:\/\/mwc-cmm.org\/fr\/reseaux-cmm\/reseau-anabaptiste-mondial-pour-la-paix-gapn\/#primaryimage\"},\"thumbnailUrl\":\"https:\/\/mwc-cmm.org\/wp-content\/uploads\/2025\/08\/2025-GAPN.jpg\",\"datePublished\":\"2019-10-08T00:00:00+00:00\",\"dateModified\":\"2025-09-12T20:32:44+00:00\",\"breadcrumb\":{\"@id\":\"https:\/\/mwc-cmm.org\/fr\/reseaux-cmm\/reseau-anabaptiste-mondial-pour-la-paix-gapn\/#breadcrumb\"},\"inLanguage\":\"fr-FR\",\"potentialAction\":[{\"@type\":\"ReadAction\",\"target\":[\"https:\/\/mwc-cmm.org\/fr\/reseaux-cmm\/reseau-anabaptiste-mondial-pour-la-paix-gapn\/\"]}]},{\"@type\":\"ImageObject\",\"inLanguage\":\"fr-FR\",\"@id\":\"https:\/\/mwc-cmm.org\/fr\/reseaux-cmm\/reseau-anabaptiste-mondial-pour-la-paix-gapn\/#primaryimage\",\"url\":\"https:\/\/mwc-cmm.org\/wp-content\/uploads\/2025\/08\/2025-GAPN.jpg\",\"contentUrl\":\"https:\/\/mwc-cmm.org\/wp-content\/uploads\/2025\/08\/2025-GAPN.jpg\",\"width\":1000,\"height\":500,\"caption\":\"2025 GAPN group photo\"},{\"@type\":\"BreadcrumbList\",\"@id\":\"https:\/\/mwc-cmm.org\/fr\/reseaux-cmm\/reseau-anabaptiste-mondial-pour-la-paix-gapn\/#breadcrumb\",\"itemListElement\":[{\"@type\":\"ListItem\",\"position\":1,\"name\":\"Home\",\"item\":\"https:\/\/mwc-cmm.org\/fr\/\"},{\"@type\":\"ListItem\",\"position\":2,\"name\":\"R\u00e9seaux de la CMM\",\"item\":\"https:\/\/mwc-cmm.org\/fr\/reseaux-cmm\/\"},{\"@type\":\"ListItem\",\"position\":3,\"name\":\"R\u00e9seau Anabaptiste Mondial pour la Paix (GAPN)\"}]},{\"@type\":\"WebSite\",\"@id\":\"https:\/\/mwc-cmm.org\/en\/#website\",\"url\":\"https:\/\/mwc-cmm.org\/en\/\",\"name\":\"Mennonite World Conference\",\"description\":\"A communion of Anabaptist-related churches\",\"publisher\":{\"@id\":\"https:\/\/mwc-cmm.org\/en\/#organization\"},\"alternateName\":\"MWC\",\"potentialAction\":[{\"@type\":\"SearchAction\",\"target\":{\"@type\":\"EntryPoint\",\"urlTemplate\":\"https:\/\/mwc-cmm.org\/en\/?s={search_term_string}\"},\"query-input\":{\"@type\":\"PropertyValueSpecification\",\"valueRequired\":true,\"valueName\":\"search_term_string\"}}],\"inLanguage\":\"fr-FR\"},{\"@type\":\"Organization\",\"@id\":\"https:\/\/mwc-cmm.org\/en\/#organization\",\"name\":\"Mennonite World Conference\",\"alternateName\":\"MWC\",\"url\":\"https:\/\/mwc-cmm.org\/en\/\",\"logo\":{\"@type\":\"ImageObject\",\"inLanguage\":\"fr-FR\",\"@id\":\"https:\/\/mwc-cmm.org\/en\/#\/schema\/logo\/image\/\",\"url\":\"https:\/\/mwc-cmm.org\/wp-content\/uploads\/2026\/01\/MWC_Sig_Blue_Horiz_webheader1-logo.svg\",\"contentUrl\":\"https:\/\/mwc-cmm.org\/wp-content\/uploads\/2026\/01\/MWC_Sig_Blue_Horiz_webheader1-logo.svg\",\"width\":786,\"height\":82,\"caption\":\"Mennonite World Conference\"},\"image\":{\"@id\":\"https:\/\/mwc-cmm.org\/en\/#\/schema\/logo\/image\/\"},\"sameAs\":[\"https:\/\/www.facebook.com\/MennoniteWorldConference\",\"https:\/\/www.linkedin.com\/company\/mennonite-world-conference-mwc\/\",\"https:\/\/www.instagram.com\/mwcmm\/\",\"https:\/\/www.youtube.com\/user\/mwccmm\",\"https:\/\/bsky.app\/profile\/mwcmm.bsky.social\"]}]}<\/script>\n<!-- \/ Yoast SEO plugin. -->","yoast_head_json":{"title":"R\u00e9seau Anabaptiste Mondial pour la Paix (GAPN) - Mennonite World Conference","robots":{"index":"index","follow":"follow","max-snippet":"max-snippet:-1","max-image-preview":"max-image-preview:large","max-video-preview":"max-video-preview:-1"},"canonical":"https:\/\/mwc-cmm.org\/fr\/reseaux-cmm\/reseau-anabaptiste-mondial-pour-la-paix-gapn\/","og_locale":"fr_FR","og_type":"article","og_title":"R\u00e9seau Anabaptiste Mondial pour la Paix (GAPN) - Mennonite World Conference","og_description":"Nous voulons faire de la paix et de la justice une r\u00e9alit\u00e9 concr\u00e8te dans notre monde et, pour ce faire, nous avons besoin d&rsquo;aide, de motivation, de soutien. Car ce n&rsquo;est pas une entreprise facile ! Nous avons besoin des autres. Et les autres ont besoin de nous. C&rsquo;est pour cela que le R\u00e9seau Anabaptiste [&hellip;]","og_url":"https:\/\/mwc-cmm.org\/fr\/reseaux-cmm\/reseau-anabaptiste-mondial-pour-la-paix-gapn\/","og_site_name":"Mennonite World Conference","article_publisher":"https:\/\/www.facebook.com\/MennoniteWorldConference","article_modified_time":"2025-09-12T20:32:44+00:00","og_image":[{"width":1000,"height":500,"url":"https:\/\/mwc-cmm.org\/wp-content\/uploads\/2025\/08\/2025-GAPN.jpg","type":"image\/jpeg"}],"schema":{"@context":"https:\/\/schema.org","@graph":[{"@type":"WebPage","@id":"https:\/\/mwc-cmm.org\/fr\/reseaux-cmm\/reseau-anabaptiste-mondial-pour-la-paix-gapn\/","url":"https:\/\/mwc-cmm.org\/fr\/reseaux-cmm\/reseau-anabaptiste-mondial-pour-la-paix-gapn\/","name":"R\u00e9seau Anabaptiste Mondial pour la Paix (GAPN) - Mennonite World Conference","isPartOf":{"@id":"https:\/\/mwc-cmm.org\/en\/#website"},"primaryImageOfPage":{"@id":"https:\/\/mwc-cmm.org\/fr\/reseaux-cmm\/reseau-anabaptiste-mondial-pour-la-paix-gapn\/#primaryimage"},"image":{"@id":"https:\/\/mwc-cmm.org\/fr\/reseaux-cmm\/reseau-anabaptiste-mondial-pour-la-paix-gapn\/#primaryimage"},"thumbnailUrl":"https:\/\/mwc-cmm.org\/wp-content\/uploads\/2025\/08\/2025-GAPN.jpg","datePublished":"2019-10-08T00:00:00+00:00","dateModified":"2025-09-12T20:32:44+00:00","breadcrumb":{"@id":"https:\/\/mwc-cmm.org\/fr\/reseaux-cmm\/reseau-anabaptiste-mondial-pour-la-paix-gapn\/#breadcrumb"},"inLanguage":"fr-FR","potentialAction":[{"@type":"ReadAction","target":["https:\/\/mwc-cmm.org\/fr\/reseaux-cmm\/reseau-anabaptiste-mondial-pour-la-paix-gapn\/"]}]},{"@type":"ImageObject","inLanguage":"fr-FR","@id":"https:\/\/mwc-cmm.org\/fr\/reseaux-cmm\/reseau-anabaptiste-mondial-pour-la-paix-gapn\/#primaryimage","url":"https:\/\/mwc-cmm.org\/wp-content\/uploads\/2025\/08\/2025-GAPN.jpg","contentUrl":"https:\/\/mwc-cmm.org\/wp-content\/uploads\/2025\/08\/2025-GAPN.jpg","width":1000,"height":500,"caption":"2025 GAPN group photo"},{"@type":"BreadcrumbList","@id":"https:\/\/mwc-cmm.org\/fr\/reseaux-cmm\/reseau-anabaptiste-mondial-pour-la-paix-gapn\/#breadcrumb","itemListElement":[{"@type":"ListItem","position":1,"name":"Home","item":"https:\/\/mwc-cmm.org\/fr\/"},{"@type":"ListItem","position":2,"name":"R\u00e9seaux de la CMM","item":"https:\/\/mwc-cmm.org\/fr\/reseaux-cmm\/"},{"@type":"ListItem","position":3,"name":"R\u00e9seau Anabaptiste Mondial pour la Paix (GAPN)"}]},{"@type":"WebSite","@id":"https:\/\/mwc-cmm.org\/en\/#website","url":"https:\/\/mwc-cmm.org\/en\/","name":"Mennonite World Conference","description":"A communion of Anabaptist-related churches","publisher":{"@id":"https:\/\/mwc-cmm.org\/en\/#organization"},"alternateName":"MWC","potentialAction":[{"@type":"SearchAction","target":{"@type":"EntryPoint","urlTemplate":"https:\/\/mwc-cmm.org\/en\/?s={search_term_string}"},"query-input":{"@type":"PropertyValueSpecification","valueRequired":true,"valueName":"search_term_string"}}],"inLanguage":"fr-FR"},{"@type":"Organization","@id":"https:\/\/mwc-cmm.org\/en\/#organization","name":"Mennonite World Conference","alternateName":"MWC","url":"https:\/\/mwc-cmm.org\/en\/","logo":{"@type":"ImageObject","inLanguage":"fr-FR","@id":"https:\/\/mwc-cmm.org\/en\/#\/schema\/logo\/image\/","url":"https:\/\/mwc-cmm.org\/wp-content\/uploads\/2026\/01\/MWC_Sig_Blue_Horiz_webheader1-logo.svg","contentUrl":"https:\/\/mwc-cmm.org\/wp-content\/uploads\/2026\/01\/MWC_Sig_Blue_Horiz_webheader1-logo.svg","width":786,"height":82,"caption":"Mennonite World Conference"},"image":{"@id":"https:\/\/mwc-cmm.org\/en\/#\/schema\/logo\/image\/"},"sameAs":["https:\/\/www.facebook.com\/MennoniteWorldConference","https:\/\/www.linkedin.com\/company\/mennonite-world-conference-mwc\/","https:\/\/www.instagram.com\/mwcmm\/","https:\/\/www.youtube.com\/user\/mwccmm","https:\/\/bsky.app\/profile\/mwcmm.bsky.social"]}]}},"_links":{"self":[{"href":"https:\/\/mwc-cmm.org\/fr\/wp-json\/wp\/v2\/pages\/11473","targetHints":{"allow":["GET"]}}],"collection":[{"href":"https:\/\/mwc-cmm.org\/fr\/wp-json\/wp\/v2\/pages"}],"about":[{"href":"https:\/\/mwc-cmm.org\/fr\/wp-json\/wp\/v2\/types\/page"}],"author":[{"embeddable":true,"href":"https:\/\/mwc-cmm.org\/fr\/wp-json\/wp\/v2\/users\/1"}],"replies":[{"embeddable":true,"href":"https:\/\/mwc-cmm.org\/fr\/wp-json\/wp\/v2\/comments?post=11473"}],"version-history":[{"count":0,"href":"https:\/\/mwc-cmm.org\/fr\/wp-json\/wp\/v2\/pages\/11473\/revisions"}],"up":[{"embeddable":true,"href":"https:\/\/mwc-cmm.org\/fr\/wp-json\/wp\/v2\/pages\/5895"}],"wp:featuredmedia":[{"embeddable":true,"href":"https:\/\/mwc-cmm.org\/fr\/wp-json\/wp\/v2\/media\/117991"}],"wp:attachment":[{"href":"https:\/\/mwc-cmm.org\/fr\/wp-json\/wp\/v2\/media?parent=11473"}],"curies":[{"name":"wp","href":"https:\/\/api.w.org\/{rel}","templated":true}]}}