{"id":11467,"date":"2019-09-03T00:00:00","date_gmt":"2019-09-03T00:00:00","guid":{"rendered":"https:\/\/mwc-cmm.org\/young-anabaptists-yabs-3\/"},"modified":"2026-04-10T22:21:32","modified_gmt":"2026-04-10T22:21:32","slug":"jeunes-anabaptistes-yabs","status":"publish","type":"page","link":"https:\/\/mwc-cmm.org\/fr\/jeunes-anabaptistes-yabs\/","title":{"rendered":"Jeunes Anabaptistes (YABs)"},"content":{"rendered":"\n<div class=\"wp-block-columns alignwide is-layout-flex wp-container-core-columns-is-layout-7fc3d43a wp-block-columns-is-layout-flex\">\n<div class=\"wp-block-column is-layout-flow wp-block-column-is-layout-flow\" style=\"flex-basis:66.66%\">\n<p>Nous sommes tous des YABs, Jeunes Anabaptistes!<\/p>\n\n\n\n<p>Cela pour dire que le terme YABs fait r\u00e9f\u00e9rence \u00e0 tous les jeunes anabaptistes des \u00e9glises membres de la CMM. Bien que nous ayons diff\u00e9rents visages, cultures, langues et mani\u00e8res de pratiquer notre foi anabaptiste, tous les jeunes de la famille anabaptiste mondiale font partie des YABs. Quel don extravagant&nbsp;!<\/p>\n\n\n\n<p>Nous avons tellement de choses \u00e0 partager ensemble&nbsp;!<\/p>\n\n\n\n<p>Tout comme les commissions et autres groupes de la CMM, les YABs ont aussi un comit\u00e9, le Comit\u00e9 des YABs.<\/p>\n\n\n\n<p>Ce comit\u00e9 repr\u00e9sente tous les jeunes gens devant le Conseil G\u00e9n\u00e9ral de la CMM et travaille avec le Comit\u00e9 Ex\u00e9cutif de la CMM.<\/p>\n\n\n\n<p>Le Comit\u00e9 YABs (Jeunes Anabaptistes) est compos\u00e9 d\u2019un repr\u00e9sentant de chaque continent et d\u2019un mentor. Le Comit\u00e9 YABs change tous les six ans apr\u00e8s le Sommet mondial de la jeunesse.\u00a0 Le responsable des YABs pour 2022-2028 est Ebenezer Mondez (Philippines).\u00a0<\/p>\n\n\n\n<p>Le r\u00f4le de ces repr\u00e9sentants est de faire part des besoins des jeunes de leur continent au Comit\u00e9 des YABs, puis de parler ensemble des diff\u00e9rents projets et th\u00e8mes qui touchent les jeunes anabaptistes.&nbsp;Le r\u00f4le du mentor est de superviser le travail du Comit\u00e9 des YABs.<\/p>\n<\/div>\n\n\n\n<div class=\"wp-block-column is-layout-flow wp-block-column-is-layout-flow\" style=\"flex-basis:33.33%\">\n<div class=\"wp-block-buttons is-layout-flex wp-block-buttons-is-layout-flex\">\n<div class=\"wp-block-button\"><a class=\"wp-block-button__link wp-element-button\" href=\"https:\/\/mwc-cmm.org\/fr\/jeunes-anabaptistes-yabs\/semaine-de-la-fraternite-des-yabs\/\">Semaine de la Fraternit\u00e9 des YABs<br><\/a><\/div>\n\n\n\n<div class=\"wp-block-button\"><a class=\"wp-block-button__link wp-element-button\" href=\"https:\/\/mwc-cmm.org\/fr\/gys-sommet-mondial-de-la-jeunesse\/\">GYS \u2013 Sommet Mondial de la Jeunesse<\/a><\/div>\n\n\n\n<div class=\"wp-block-button\"><a class=\"wp-block-button__link wp-element-button\" href=\"https:\/\/mwc-cmm.org\/fr\/jeunes-anabaptistes-yabs\/stagiaire-de-la-cmm-a-lonu\/\">Stagiaire de la CMM \u00e0 l\u2019ONU<\/a><\/div>\n\n\n\n<div class=\"wp-block-button\"><a class=\"wp-block-button__link wp-element-button\" href=\"https:\/\/mwc-cmm.org\/fr\/jeunes-anabaptistes-yabs\/yamen-4\/\">YAMEN<\/a><\/div>\n<\/div>\n\n\n\n<h2 class=\"wp-block-heading is-style-green-eyebrow\" style=\"margin-top:var(--wp--preset--spacing--50)\">Find us on Social Media<\/h2>\n\n\n\n<ul class=\"wp-block-social-links has-icon-color has-icon-background-color is-layout-flex wp-block-social-links-is-layout-flex\"><li style=\"color:#ffffff;background-color:#D91249;\" class=\"wp-social-link wp-social-link-facebook has-base-color has-magenta-background-color wp-block-social-link\"><a href=\"https:\/\/www.facebook.com\/younganabaptists\" class=\"wp-block-social-link-anchor\"><svg width=\"24\" height=\"24\" viewBox=\"0 0 24 24\" version=\"1.1\" xmlns=\"http:\/\/www.w3.org\/2000\/svg\" aria-hidden=\"true\" focusable=\"false\"><path d=\"M12 2C6.5 2 2 6.5 2 12c0 5 3.7 9.1 8.4 9.9v-7H7.9V12h2.5V9.8c0-2.5 1.5-3.9 3.8-3.9 1.1 0 2.2.2 2.2.2v2.5h-1.3c-1.2 0-1.6.8-1.6 1.6V12h2.8l-.4 2.9h-2.3v7C18.3 21.1 22 17 22 12c0-5.5-4.5-10-10-10z\"><\/path><\/svg><span class=\"wp-block-social-link-label screen-reader-text\">Facebook<\/span><\/a><\/li>\n\n<li style=\"color:#ffffff;background-color:#D91249;\" class=\"wp-social-link wp-social-link-instagram has-base-color has-magenta-background-color wp-block-social-link\"><a href=\"https:\/\/www.instagram.com\/younganabaptists\/\" class=\"wp-block-social-link-anchor\"><svg width=\"24\" height=\"24\" viewBox=\"0 0 24 24\" version=\"1.1\" xmlns=\"http:\/\/www.w3.org\/2000\/svg\" aria-hidden=\"true\" focusable=\"false\"><path d=\"M12,4.622c2.403,0,2.688,0.009,3.637,0.052c0.877,0.04,1.354,0.187,1.671,0.31c0.42,0.163,0.72,0.358,1.035,0.673 c0.315,0.315,0.51,0.615,0.673,1.035c0.123,0.317,0.27,0.794,0.31,1.671c0.043,0.949,0.052,1.234,0.052,3.637 s-0.009,2.688-0.052,3.637c-0.04,0.877-0.187,1.354-0.31,1.671c-0.163,0.42-0.358,0.72-0.673,1.035 c-0.315,0.315-0.615,0.51-1.035,0.673c-0.317,0.123-0.794,0.27-1.671,0.31c-0.949,0.043-1.233,0.052-3.637,0.052 s-2.688-0.009-3.637-0.052c-0.877-0.04-1.354-0.187-1.671-0.31c-0.42-0.163-0.72-0.358-1.035-0.673 c-0.315-0.315-0.51-0.615-0.673-1.035c-0.123-0.317-0.27-0.794-0.31-1.671C4.631,14.688,4.622,14.403,4.622,12 s0.009-2.688,0.052-3.637c0.04-0.877,0.187-1.354,0.31-1.671c0.163-0.42,0.358-0.72,0.673-1.035 c0.315-0.315,0.615-0.51,1.035-0.673c0.317-0.123,0.794-0.27,1.671-0.31C9.312,4.631,9.597,4.622,12,4.622 M12,3 C9.556,3,9.249,3.01,8.289,3.054C7.331,3.098,6.677,3.25,6.105,3.472C5.513,3.702,5.011,4.01,4.511,4.511 c-0.5,0.5-0.808,1.002-1.038,1.594C3.25,6.677,3.098,7.331,3.054,8.289C3.01,9.249,3,9.556,3,12c0,2.444,0.01,2.751,0.054,3.711 c0.044,0.958,0.196,1.612,0.418,2.185c0.23,0.592,0.538,1.094,1.038,1.594c0.5,0.5,1.002,0.808,1.594,1.038 c0.572,0.222,1.227,0.375,2.185,0.418C9.249,20.99,9.556,21,12,21s2.751-0.01,3.711-0.054c0.958-0.044,1.612-0.196,2.185-0.418 c0.592-0.23,1.094-0.538,1.594-1.038c0.5-0.5,0.808-1.002,1.038-1.594c0.222-0.572,0.375-1.227,0.418-2.185 C20.99,14.751,21,14.444,21,12s-0.01-2.751-0.054-3.711c-0.044-0.958-0.196-1.612-0.418-2.185c-0.23-0.592-0.538-1.094-1.038-1.594 c-0.5-0.5-1.002-0.808-1.594-1.038c-0.572-0.222-1.227-0.375-2.185-0.418C14.751,3.01,14.444,3,12,3L12,3z M12,7.378 c-2.552,0-4.622,2.069-4.622,4.622S9.448,16.622,12,16.622s4.622-2.069,4.622-4.622S14.552,7.378,12,7.378z M12,15 c-1.657,0-3-1.343-3-3s1.343-3,3-3s3,1.343,3,3S13.657,15,12,15z M16.804,6.116c-0.596,0-1.08,0.484-1.08,1.08 s0.484,1.08,1.08,1.08c0.596,0,1.08-0.484,1.08-1.08S17.401,6.116,16.804,6.116z\"><\/path><\/svg><span class=\"wp-block-social-link-label screen-reader-text\">Instagram<\/span><\/a><\/li><\/ul>\n<\/div>\n<\/div>\n\n\n\n<h2 class=\"wp-block-heading alignwide is-style-yellow-eyebrow\" id=\"le-comite-yabs\">Le Comit\u00e9 YABs&nbsp; 2025-2028 :<\/h2>\n\n\n\n<div class=\"wp-block-columns alignwide is-layout-flex wp-container-core-columns-is-layout-7fc3d43a wp-block-columns-is-layout-flex\">\n<div class=\"wp-block-column is-layout-flow wp-block-column-is-layout-flow\">\n<figure class=\"wp-block-image size-full\"><img decoding=\"async\" width=\"600\" height=\"600\" data-src=\"https:\/\/mwc-cmm.org\/wp-content\/uploads\/2026\/01\/LiamKachkar-1.png\" alt=\"\" class=\"wp-image-123203 lazyload\" data-srcset=\"https:\/\/mwc-cmm.org\/wp-content\/uploads\/2026\/01\/LiamKachkar-1.png 600w, https:\/\/mwc-cmm.org\/wp-content\/uploads\/2026\/01\/LiamKachkar-1-300x300.png 300w, https:\/\/mwc-cmm.org\/wp-content\/uploads\/2026\/01\/LiamKachkar-1-150x150.png 150w\" data-sizes=\"(max-width: 600px) 100vw, 600px\" src=\"data:image\/svg+xml;base64,PHN2ZyB3aWR0aD0iMSIgaGVpZ2h0PSIxIiB4bWxucz0iaHR0cDovL3d3dy53My5vcmcvMjAwMC9zdmciPjwvc3ZnPg==\" style=\"--smush-placeholder-width: 600px; --smush-placeholder-aspect-ratio: 600\/600;\" \/><\/figure>\n\n\n\n<h2 class=\"wp-block-heading is-style-eyebrow is-style-no-line-eyebrow has-gray-color has-text-color has-link-color wp-elements-817eaa6eeef9604e94cb976784848432\">Repr\u00e9sentants Am\u00e9rique du Nord<\/h2>\n\n\n\n<h3 class=\"wp-block-heading\" style=\"margin-top:0;margin-bottom:0\">Liam Kachkar&nbsp;<\/h3>\n\n\n\n<p style=\"margin-top:0;margin-bottom:0\"><em>Canada<\/em><\/p>\n<\/div>\n\n\n\n<div class=\"wp-block-column is-layout-flow wp-block-column-is-layout-flow\">\n<figure class=\"wp-block-image size-full\"><img decoding=\"async\" width=\"600\" height=\"600\" data-src=\"https:\/\/mwc-cmm.org\/wp-content\/uploads\/2026\/01\/Raphael-Burkhalter20250528IrmaSulistyorini_1522168-1.png\" alt=\"\" class=\"wp-image-123217 lazyload\" data-srcset=\"https:\/\/mwc-cmm.org\/wp-content\/uploads\/2026\/01\/Raphael-Burkhalter20250528IrmaSulistyorini_1522168-1.png 600w, https:\/\/mwc-cmm.org\/wp-content\/uploads\/2026\/01\/Raphael-Burkhalter20250528IrmaSulistyorini_1522168-1-300x300.png 300w, https:\/\/mwc-cmm.org\/wp-content\/uploads\/2026\/01\/Raphael-Burkhalter20250528IrmaSulistyorini_1522168-1-150x150.png 150w\" data-sizes=\"(max-width: 600px) 100vw, 600px\" src=\"data:image\/svg+xml;base64,PHN2ZyB3aWR0aD0iMSIgaGVpZ2h0PSIxIiB4bWxucz0iaHR0cDovL3d3dy53My5vcmcvMjAwMC9zdmciPjwvc3ZnPg==\" style=\"--smush-placeholder-width: 600px; --smush-placeholder-aspect-ratio: 600\/600;\" \/><\/figure>\n\n\n\n<h2 class=\"wp-block-heading is-style-eyebrow is-style-no-line-eyebrow has-gray-color has-text-color has-link-color wp-elements-f4797f3d11e5336ed2ad8e6a0fdfc98f\">Repr\u00e9sentants Europe<\/h2>\n\n\n\n<h3 class=\"wp-block-heading\" style=\"margin-top:0;margin-bottom:0\"><strong>Raphael Burkhalter&nbsp;<\/strong><\/h3>\n\n\n\n<p style=\"margin-top:0;margin-bottom:0\"><em><em>Suisse<\/em><\/em><\/p>\n<\/div>\n\n\n\n<div class=\"wp-block-column is-layout-flow wp-block-column-is-layout-flow\">\n<figure class=\"wp-block-image size-full\"><img decoding=\"async\" width=\"600\" height=\"600\" data-src=\"https:\/\/mwc-cmm.org\/wp-content\/uploads\/2026\/02\/ValentinaKunze20250525IrmaSulistyorini_DSC05274-1.png\" alt=\"\" class=\"wp-image-123906 lazyload\" data-srcset=\"https:\/\/mwc-cmm.org\/wp-content\/uploads\/2026\/02\/ValentinaKunze20250525IrmaSulistyorini_DSC05274-1.png 600w, https:\/\/mwc-cmm.org\/wp-content\/uploads\/2026\/02\/ValentinaKunze20250525IrmaSulistyorini_DSC05274-1-300x300.png 300w, https:\/\/mwc-cmm.org\/wp-content\/uploads\/2026\/02\/ValentinaKunze20250525IrmaSulistyorini_DSC05274-1-150x150.png 150w\" data-sizes=\"(max-width: 600px) 100vw, 600px\" src=\"data:image\/svg+xml;base64,PHN2ZyB3aWR0aD0iMSIgaGVpZ2h0PSIxIiB4bWxucz0iaHR0cDovL3d3dy53My5vcmcvMjAwMC9zdmciPjwvc3ZnPg==\" style=\"--smush-placeholder-width: 600px; --smush-placeholder-aspect-ratio: 600\/600;\" \/><\/figure>\n\n\n\n<h2 class=\"wp-block-heading is-style-eyebrow is-style-no-line-eyebrow has-gray-color has-text-color has-link-color wp-elements-f8ee9721649ff04a636a32987abd62de\">Repr\u00e9sentants Am\u00e9rique Latine<\/h2>\n\n\n\n<h3 class=\"wp-block-heading\" style=\"margin-top:0;margin-bottom:0\">Valentina Kunze<\/h3>\n\n\n\n<p style=\"margin-top:0;margin-bottom:0\"><em>Uruguay<\/em><\/p>\n<\/div>\n<\/div>\n\n\n\n<div class=\"wp-block-columns alignwide is-layout-flex wp-container-core-columns-is-layout-7fc3d43a wp-block-columns-is-layout-flex\">\n<div class=\"wp-block-column is-layout-flow wp-block-column-is-layout-flow\">\n<figure class=\"wp-block-image size-full\"><img decoding=\"async\" width=\"600\" height=\"600\" data-src=\"https:\/\/mwc-cmm.org\/wp-content\/uploads\/2026\/01\/BlessingJoyTurqueza20250527IrmaSulistyorini_1511998-1.png\" alt=\"\" class=\"wp-image-123231 lazyload\" data-srcset=\"https:\/\/mwc-cmm.org\/wp-content\/uploads\/2026\/01\/BlessingJoyTurqueza20250527IrmaSulistyorini_1511998-1.png 600w, https:\/\/mwc-cmm.org\/wp-content\/uploads\/2026\/01\/BlessingJoyTurqueza20250527IrmaSulistyorini_1511998-1-300x300.png 300w, https:\/\/mwc-cmm.org\/wp-content\/uploads\/2026\/01\/BlessingJoyTurqueza20250527IrmaSulistyorini_1511998-1-150x150.png 150w\" data-sizes=\"(max-width: 600px) 100vw, 600px\" src=\"data:image\/svg+xml;base64,PHN2ZyB3aWR0aD0iMSIgaGVpZ2h0PSIxIiB4bWxucz0iaHR0cDovL3d3dy53My5vcmcvMjAwMC9zdmciPjwvc3ZnPg==\" style=\"--smush-placeholder-width: 600px; --smush-placeholder-aspect-ratio: 600\/600;\" \/><\/figure>\n\n\n\n<h2 class=\"wp-block-heading is-style-eyebrow is-style-no-line-eyebrow has-gray-color has-text-color has-link-color wp-elements-980c483c01528614fa0f75be544743a1\">Repr\u00e9sentants Asie<\/h2>\n\n\n\n<h3 class=\"wp-block-heading\" style=\"margin-top:0;margin-bottom:0\">Blessing Joy&nbsp;Turqueza&nbsp;<\/h3>\n\n\n\n<p style=\"margin-top:0;margin-bottom:0\"><em>Philippines<\/em><\/p>\n<\/div>\n\n\n\n<div class=\"wp-block-column is-layout-flow wp-block-column-is-layout-flow\">\n<figure class=\"wp-block-image size-full\"><img decoding=\"async\" width=\"600\" height=\"600\" data-src=\"https:\/\/mwc-cmm.org\/wp-content\/uploads\/2026\/02\/IsaacGborbitey20250524IrmaSulistyorini_DSC05134-1.png\" alt=\"\" class=\"wp-image-123892 lazyload\" data-srcset=\"https:\/\/mwc-cmm.org\/wp-content\/uploads\/2026\/02\/IsaacGborbitey20250524IrmaSulistyorini_DSC05134-1.png 600w, https:\/\/mwc-cmm.org\/wp-content\/uploads\/2026\/02\/IsaacGborbitey20250524IrmaSulistyorini_DSC05134-1-300x300.png 300w, https:\/\/mwc-cmm.org\/wp-content\/uploads\/2026\/02\/IsaacGborbitey20250524IrmaSulistyorini_DSC05134-1-150x150.png 150w\" data-sizes=\"(max-width: 600px) 100vw, 600px\" src=\"data:image\/svg+xml;base64,PHN2ZyB3aWR0aD0iMSIgaGVpZ2h0PSIxIiB4bWxucz0iaHR0cDovL3d3dy53My5vcmcvMjAwMC9zdmciPjwvc3ZnPg==\" style=\"--smush-placeholder-width: 600px; --smush-placeholder-aspect-ratio: 600\/600;\" \/><\/figure>\n\n\n\n<h2 class=\"wp-block-heading is-style-eyebrow is-style-no-line-eyebrow has-gray-color has-text-color has-link-color wp-elements-29991f142bc35ff68f47befba9c63cfc\">Repr\u00e9sentants Afrique<\/h2>\n\n\n\n<h3 class=\"wp-block-heading\" style=\"margin-top:0;margin-bottom:0\">Isaac Nii Torgbor Gborbitey<\/h3>\n\n\n\n<p style=\"margin-top:0;margin-bottom:0\"><em>Ghana<\/em><\/p>\n<\/div>\n\n\n\n<div class=\"wp-block-column is-layout-flow wp-block-column-is-layout-flow\">\n<figure class=\"wp-block-image size-full\"><img decoding=\"async\" width=\"600\" height=\"600\" data-src=\"https:\/\/mwc-cmm.org\/wp-content\/uploads\/2026\/02\/Ebenezer-Mondez20250527IrmaSulistyorini_1522033-1.png\" alt=\"\" class=\"wp-image-123836 lazyload\" data-srcset=\"https:\/\/mwc-cmm.org\/wp-content\/uploads\/2026\/02\/Ebenezer-Mondez20250527IrmaSulistyorini_1522033-1.png 600w, https:\/\/mwc-cmm.org\/wp-content\/uploads\/2026\/02\/Ebenezer-Mondez20250527IrmaSulistyorini_1522033-1-300x300.png 300w, https:\/\/mwc-cmm.org\/wp-content\/uploads\/2026\/02\/Ebenezer-Mondez20250527IrmaSulistyorini_1522033-1-150x150.png 150w\" data-sizes=\"(max-width: 600px) 100vw, 600px\" src=\"data:image\/svg+xml;base64,PHN2ZyB3aWR0aD0iMSIgaGVpZ2h0PSIxIiB4bWxucz0iaHR0cDovL3d3dy53My5vcmcvMjAwMC9zdmciPjwvc3ZnPg==\" style=\"--smush-placeholder-width: 600px; --smush-placeholder-aspect-ratio: 600\/600;\" \/><\/figure>\n\n\n\n<h2 class=\"wp-block-heading is-style-eyebrow is-style-no-line-eyebrow has-gray-color has-text-color has-link-color wp-elements-f330a7c22a7922dd84d089ae4e6c82cb\">Responsable des YABs<\/h2>\n\n\n\n<h3 class=\"wp-block-heading has-text-align-left\" style=\"margin-top:0;margin-bottom:0\">Ebenezer Mondez<\/h3>\n\n\n\n<p class=\"has-text-align-left\" style=\"margin-top:0;margin-bottom:0\"><em>Philippines<\/em><\/p>\n<\/div>\n<\/div>\n\n\n\n<h2 class=\"wp-block-heading alignwide is-style-blue-eyebrow\">Histoire<\/h2>\n\n\n\n<div class=\"wp-block-columns alignwide is-layout-flex wp-container-core-columns-is-layout-28f84493 wp-block-columns-is-layout-flex\">\n<div class=\"wp-block-column is-layout-flow wp-container-core-column-is-layout-119bc444 wp-block-column-is-layout-flow\">\n<p>Le r\u00e9seau YABs a reprit le travail du comit\u00e9 de jeunes de la CMM nomm\u00e9 AMIGOS. Cet ancien comit\u00e9 a \u00e9t\u00e9 actif de 2004 \u00e0 2009 et a organis\u00e9 le Sommet Mondial de la Jeunesse en 2009 lors du Congr\u00e8s Mennonite Mondial au Paraguay.&nbsp;En se fondant sur cette exp\u00e9rience, un Groupe de Travail de la Jeunesse a \u00e9t\u00e9 form\u00e9 afin de d\u00e9velopper un mod\u00e8le pour l&rsquo;avenir (<a href=\"https:\/\/mwc-cmm.org\/sites\/default\/files\/website_files\/yabs_tor_-_2016.pdf\">voir le document mod\u00e8le &#8211; en anglais<\/a>). Le plan a \u00e9t\u00e9 officiellement adopt\u00e9 par le Comit\u00e9 Ex\u00e9cutif de la CMM en 2010, et le groupe de travail de la jeunesse a \u00e9t\u00e9 remplac\u00e9 par un Comit\u00e9 de Jeunes Anabaptistes (YABs) compos\u00e9 d&rsquo;un repr\u00e9sentant de chacune des cinq r\u00e9gions continentales de la CMM.<\/p>\n\n\n\n<p>Le comit\u00e9 continue de repr\u00e9senter les jeunes aupr\u00e8s de la CMM, ce qui facilite les liens et les relations entre les jeunes de l\u2019Eglise mondiale.<\/p>\n<\/div>\n\n\n\n<div class=\"wp-block-column is-layout-flow wp-block-column-is-layout-flow\">\n<figure class=\"wp-block-image aligncenter\"><img decoding=\"async\" data-src=\"https:\/\/mwc-cmm.org\/wp-content\/uploads\/2024\/10\/20220703tizbrotosudarmoimg_4922.jpg\" alt=\"\" width=\"799\" class=\"smush-dimensions lazyload\" style=\"--smush-image-width: 799px; --smush-image-aspect-ratio: 799\/533;\" src=\"data:image\/svg+xml;base64,PHN2ZyB3aWR0aD0iMSIgaGVpZ2h0PSIxIiB4bWxucz0iaHR0cDovL3d3dy53My5vcmcvMjAwMC9zdmciPjwvc3ZnPg==\" \/><\/figure>\n<\/div>\n<\/div>\n","protected":false},"excerpt":{"rendered":"<p>Nous sommes tous des YABs, Jeunes Anabaptistes! Cela pour dire que le terme YABs fait r\u00e9f\u00e9rence \u00e0 tous les jeunes anabaptistes des \u00e9glises membres de la CMM. Bien que nous ayons diff\u00e9rents visages, cultures, langues et mani\u00e8res de pratiquer notre foi anabaptiste, tous les jeunes de la famille anabaptiste mondiale font partie des YABs. Quel [&hellip;]<\/p>\n","protected":false},"author":1,"featured_media":0,"parent":0,"menu_order":0,"comment_status":"closed","ping_status":"closed","template":"","meta":{"_acf_changed":false,"footnotes":""},"class_list":["post-11467","page","type-page","status-publish","hentry"],"acf":[],"yoast_head":"<!-- This site is optimized with the Yoast SEO plugin v27.2 - https:\/\/yoast.com\/product\/yoast-seo-wordpress\/ -->\n<title>Jeunes Anabaptistes (YABs) - Mennonite World Conference<\/title>\n<meta name=\"robots\" content=\"index, follow, max-snippet:-1, max-image-preview:large, max-video-preview:-1\" \/>\n<link rel=\"canonical\" href=\"https:\/\/mwc-cmm.org\/fr\/jeunes-anabaptistes-yabs\/\" \/>\n<meta property=\"og:locale\" content=\"fr_FR\" \/>\n<meta property=\"og:type\" content=\"article\" \/>\n<meta property=\"og:title\" content=\"Jeunes Anabaptistes (YABs) - Mennonite World Conference\" \/>\n<meta property=\"og:description\" content=\"Nous sommes tous des YABs, Jeunes Anabaptistes! Cela pour dire que le terme YABs fait r\u00e9f\u00e9rence \u00e0 tous les jeunes anabaptistes des \u00e9glises membres de la CMM. Bien que nous ayons diff\u00e9rents visages, cultures, langues et mani\u00e8res de pratiquer notre foi anabaptiste, tous les jeunes de la famille anabaptiste mondiale font partie des YABs. Quel [&hellip;]\" \/>\n<meta property=\"og:url\" content=\"https:\/\/mwc-cmm.org\/fr\/jeunes-anabaptistes-yabs\/\" \/>\n<meta property=\"og:site_name\" content=\"Mennonite World Conference\" \/>\n<meta property=\"article:publisher\" content=\"https:\/\/www.facebook.com\/MennoniteWorldConference\" \/>\n<meta property=\"article:modified_time\" content=\"2026-04-10T22:21:32+00:00\" \/>\n<meta property=\"og:image\" content=\"https:\/\/mwc-cmm.org\/wp-content\/uploads\/2026\/01\/LiamKachkar-1.png\" \/>\n\t<meta property=\"og:image:width\" content=\"600\" \/>\n\t<meta property=\"og:image:height\" content=\"600\" \/>\n\t<meta property=\"og:image:type\" content=\"image\/png\" \/>\n<script type=\"application\/ld+json\" class=\"yoast-schema-graph\">{\"@context\":\"https:\/\/schema.org\",\"@graph\":[{\"@type\":\"WebPage\",\"@id\":\"https:\/\/mwc-cmm.org\/fr\/jeunes-anabaptistes-yabs\/\",\"url\":\"https:\/\/mwc-cmm.org\/fr\/jeunes-anabaptistes-yabs\/\",\"name\":\"Jeunes Anabaptistes (YABs) - Mennonite World Conference\",\"isPartOf\":{\"@id\":\"https:\/\/mwc-cmm.org\/en\/#website\"},\"primaryImageOfPage\":{\"@id\":\"https:\/\/mwc-cmm.org\/fr\/jeunes-anabaptistes-yabs\/#primaryimage\"},\"image\":{\"@id\":\"https:\/\/mwc-cmm.org\/fr\/jeunes-anabaptistes-yabs\/#primaryimage\"},\"thumbnailUrl\":\"https:\/\/mwc-cmm.org\/wp-content\/uploads\/2026\/01\/LiamKachkar-1.png\",\"datePublished\":\"2019-09-03T00:00:00+00:00\",\"dateModified\":\"2026-04-10T22:21:32+00:00\",\"breadcrumb\":{\"@id\":\"https:\/\/mwc-cmm.org\/fr\/jeunes-anabaptistes-yabs\/#breadcrumb\"},\"inLanguage\":\"fr-FR\",\"potentialAction\":[{\"@type\":\"ReadAction\",\"target\":[\"https:\/\/mwc-cmm.org\/fr\/jeunes-anabaptistes-yabs\/\"]}]},{\"@type\":\"ImageObject\",\"inLanguage\":\"fr-FR\",\"@id\":\"https:\/\/mwc-cmm.org\/fr\/jeunes-anabaptistes-yabs\/#primaryimage\",\"url\":\"https:\/\/mwc-cmm.org\/wp-content\/uploads\/2026\/01\/LiamKachkar-1.png\",\"contentUrl\":\"https:\/\/mwc-cmm.org\/wp-content\/uploads\/2026\/01\/LiamKachkar-1.png\"},{\"@type\":\"BreadcrumbList\",\"@id\":\"https:\/\/mwc-cmm.org\/fr\/jeunes-anabaptistes-yabs\/#breadcrumb\",\"itemListElement\":[{\"@type\":\"ListItem\",\"position\":1,\"name\":\"Home\",\"item\":\"https:\/\/mwc-cmm.org\/fr\/\"},{\"@type\":\"ListItem\",\"position\":2,\"name\":\"Jeunes Anabaptistes (YABs)\"}]},{\"@type\":\"WebSite\",\"@id\":\"https:\/\/mwc-cmm.org\/en\/#website\",\"url\":\"https:\/\/mwc-cmm.org\/en\/\",\"name\":\"Mennonite World Conference\",\"description\":\"A communion of Anabaptist-related churches\",\"publisher\":{\"@id\":\"https:\/\/mwc-cmm.org\/en\/#organization\"},\"alternateName\":\"MWC\",\"potentialAction\":[{\"@type\":\"SearchAction\",\"target\":{\"@type\":\"EntryPoint\",\"urlTemplate\":\"https:\/\/mwc-cmm.org\/en\/?s={search_term_string}\"},\"query-input\":{\"@type\":\"PropertyValueSpecification\",\"valueRequired\":true,\"valueName\":\"search_term_string\"}}],\"inLanguage\":\"fr-FR\"},{\"@type\":\"Organization\",\"@id\":\"https:\/\/mwc-cmm.org\/en\/#organization\",\"name\":\"Mennonite World Conference\",\"alternateName\":\"MWC\",\"url\":\"https:\/\/mwc-cmm.org\/en\/\",\"logo\":{\"@type\":\"ImageObject\",\"inLanguage\":\"fr-FR\",\"@id\":\"https:\/\/mwc-cmm.org\/en\/#\/schema\/logo\/image\/\",\"url\":\"https:\/\/mwc-cmm.org\/wp-content\/uploads\/2026\/01\/MWC_Sig_Blue_Horiz_webheader1-logo.svg\",\"contentUrl\":\"https:\/\/mwc-cmm.org\/wp-content\/uploads\/2026\/01\/MWC_Sig_Blue_Horiz_webheader1-logo.svg\",\"width\":786,\"height\":82,\"caption\":\"Mennonite World Conference\"},\"image\":{\"@id\":\"https:\/\/mwc-cmm.org\/en\/#\/schema\/logo\/image\/\"},\"sameAs\":[\"https:\/\/www.facebook.com\/MennoniteWorldConference\",\"https:\/\/www.linkedin.com\/company\/mennonite-world-conference-mwc\/\",\"https:\/\/www.instagram.com\/mwcmm\/\",\"https:\/\/www.youtube.com\/user\/mwccmm\",\"https:\/\/bsky.app\/profile\/mwcmm.bsky.social\"]}]}<\/script>\n<!-- \/ Yoast SEO plugin. -->","yoast_head_json":{"title":"Jeunes Anabaptistes (YABs) - Mennonite World Conference","robots":{"index":"index","follow":"follow","max-snippet":"max-snippet:-1","max-image-preview":"max-image-preview:large","max-video-preview":"max-video-preview:-1"},"canonical":"https:\/\/mwc-cmm.org\/fr\/jeunes-anabaptistes-yabs\/","og_locale":"fr_FR","og_type":"article","og_title":"Jeunes Anabaptistes (YABs) - Mennonite World Conference","og_description":"Nous sommes tous des YABs, Jeunes Anabaptistes! Cela pour dire que le terme YABs fait r\u00e9f\u00e9rence \u00e0 tous les jeunes anabaptistes des \u00e9glises membres de la CMM. Bien que nous ayons diff\u00e9rents visages, cultures, langues et mani\u00e8res de pratiquer notre foi anabaptiste, tous les jeunes de la famille anabaptiste mondiale font partie des YABs. Quel [&hellip;]","og_url":"https:\/\/mwc-cmm.org\/fr\/jeunes-anabaptistes-yabs\/","og_site_name":"Mennonite World Conference","article_publisher":"https:\/\/www.facebook.com\/MennoniteWorldConference","article_modified_time":"2026-04-10T22:21:32+00:00","og_image":[{"width":600,"height":600,"url":"https:\/\/mwc-cmm.org\/wp-content\/uploads\/2026\/01\/LiamKachkar-1.png","type":"image\/png"}],"schema":{"@context":"https:\/\/schema.org","@graph":[{"@type":"WebPage","@id":"https:\/\/mwc-cmm.org\/fr\/jeunes-anabaptistes-yabs\/","url":"https:\/\/mwc-cmm.org\/fr\/jeunes-anabaptistes-yabs\/","name":"Jeunes Anabaptistes (YABs) - Mennonite World Conference","isPartOf":{"@id":"https:\/\/mwc-cmm.org\/en\/#website"},"primaryImageOfPage":{"@id":"https:\/\/mwc-cmm.org\/fr\/jeunes-anabaptistes-yabs\/#primaryimage"},"image":{"@id":"https:\/\/mwc-cmm.org\/fr\/jeunes-anabaptistes-yabs\/#primaryimage"},"thumbnailUrl":"https:\/\/mwc-cmm.org\/wp-content\/uploads\/2026\/01\/LiamKachkar-1.png","datePublished":"2019-09-03T00:00:00+00:00","dateModified":"2026-04-10T22:21:32+00:00","breadcrumb":{"@id":"https:\/\/mwc-cmm.org\/fr\/jeunes-anabaptistes-yabs\/#breadcrumb"},"inLanguage":"fr-FR","potentialAction":[{"@type":"ReadAction","target":["https:\/\/mwc-cmm.org\/fr\/jeunes-anabaptistes-yabs\/"]}]},{"@type":"ImageObject","inLanguage":"fr-FR","@id":"https:\/\/mwc-cmm.org\/fr\/jeunes-anabaptistes-yabs\/#primaryimage","url":"https:\/\/mwc-cmm.org\/wp-content\/uploads\/2026\/01\/LiamKachkar-1.png","contentUrl":"https:\/\/mwc-cmm.org\/wp-content\/uploads\/2026\/01\/LiamKachkar-1.png"},{"@type":"BreadcrumbList","@id":"https:\/\/mwc-cmm.org\/fr\/jeunes-anabaptistes-yabs\/#breadcrumb","itemListElement":[{"@type":"ListItem","position":1,"name":"Home","item":"https:\/\/mwc-cmm.org\/fr\/"},{"@type":"ListItem","position":2,"name":"Jeunes Anabaptistes (YABs)"}]},{"@type":"WebSite","@id":"https:\/\/mwc-cmm.org\/en\/#website","url":"https:\/\/mwc-cmm.org\/en\/","name":"Mennonite World Conference","description":"A communion of Anabaptist-related churches","publisher":{"@id":"https:\/\/mwc-cmm.org\/en\/#organization"},"alternateName":"MWC","potentialAction":[{"@type":"SearchAction","target":{"@type":"EntryPoint","urlTemplate":"https:\/\/mwc-cmm.org\/en\/?s={search_term_string}"},"query-input":{"@type":"PropertyValueSpecification","valueRequired":true,"valueName":"search_term_string"}}],"inLanguage":"fr-FR"},{"@type":"Organization","@id":"https:\/\/mwc-cmm.org\/en\/#organization","name":"Mennonite World Conference","alternateName":"MWC","url":"https:\/\/mwc-cmm.org\/en\/","logo":{"@type":"ImageObject","inLanguage":"fr-FR","@id":"https:\/\/mwc-cmm.org\/en\/#\/schema\/logo\/image\/","url":"https:\/\/mwc-cmm.org\/wp-content\/uploads\/2026\/01\/MWC_Sig_Blue_Horiz_webheader1-logo.svg","contentUrl":"https:\/\/mwc-cmm.org\/wp-content\/uploads\/2026\/01\/MWC_Sig_Blue_Horiz_webheader1-logo.svg","width":786,"height":82,"caption":"Mennonite World Conference"},"image":{"@id":"https:\/\/mwc-cmm.org\/en\/#\/schema\/logo\/image\/"},"sameAs":["https:\/\/www.facebook.com\/MennoniteWorldConference","https:\/\/www.linkedin.com\/company\/mennonite-world-conference-mwc\/","https:\/\/www.instagram.com\/mwcmm\/","https:\/\/www.youtube.com\/user\/mwccmm","https:\/\/bsky.app\/profile\/mwcmm.bsky.social"]}]}},"_links":{"self":[{"href":"https:\/\/mwc-cmm.org\/fr\/wp-json\/wp\/v2\/pages\/11467","targetHints":{"allow":["GET"]}}],"collection":[{"href":"https:\/\/mwc-cmm.org\/fr\/wp-json\/wp\/v2\/pages"}],"about":[{"href":"https:\/\/mwc-cmm.org\/fr\/wp-json\/wp\/v2\/types\/page"}],"author":[{"embeddable":true,"href":"https:\/\/mwc-cmm.org\/fr\/wp-json\/wp\/v2\/users\/1"}],"replies":[{"embeddable":true,"href":"https:\/\/mwc-cmm.org\/fr\/wp-json\/wp\/v2\/comments?post=11467"}],"version-history":[{"count":0,"href":"https:\/\/mwc-cmm.org\/fr\/wp-json\/wp\/v2\/pages\/11467\/revisions"}],"wp:attachment":[{"href":"https:\/\/mwc-cmm.org\/fr\/wp-json\/wp\/v2\/media?parent=11467"}],"curies":[{"name":"wp","href":"https:\/\/api.w.org\/{rel}","templated":true}]}}