{"id":102708,"date":"2024-12-05T14:58:04","date_gmt":"2024-12-05T14:58:04","guid":{"rendered":"https:\/\/mwc-cmm.org\/webinars\/"},"modified":"2024-12-11T16:51:31","modified_gmt":"2024-12-11T16:51:31","slug":"webinaires","status":"publish","type":"page","link":"https:\/\/mwc-cmm.org\/fr\/webinaires\/","title":{"rendered":"Webinaires"},"content":{"rendered":"\n<p>Gr\u00e2ce \u00e0 la technologie, nous pouvons nous r\u00e9unir dans le monde entier, en temps r\u00e9el et par vid\u00e9o. Vous pouvez vous inscrire pour participer aux prochains webinaires ou regarder les enregistrements des \u00e9v\u00e9nements pass\u00e9s.<\/p>\n\n\n\n<h2 class=\"wp-block-heading\">R\u00e9seaux<\/h2>\n\n\n\n<p>Les r\u00e9seaux de la CMM (GAEN, GAPN, GASN, GMF, GAHN) apprennent ensemble et partagent leurs meilleures pratiques et leurs encouragements en se rencontrant sur Zoom.<\/p>\n\n\n\n<div class=\"wp-block-buttons is-layout-flex wp-block-buttons-is-layout-flex\">\n<div class=\"wp-block-button\"><a class=\"wp-block-button__link wp-element-button\" href=\"https:\/\/mailchi.mp\/mwc-cmm.org\/the-hope-of-christian-witness-in-a-polarized-world-17225820?e=%5bUNIQID\">Prochain webinaire des r\u00e9seaux<\/a><\/div>\n<\/div>\n\n\n\n<h2 class=\"wp-block-heading\" id=\"pollinisateur-climatique\">Pollinisateur Climatique<\/h2>\n\n\n\n<p>Le groupe de travail pour la protection de la cr\u00e9ation de la CMM a organis\u00e9 une s\u00e9rie de webinaires pour partager des exemples d\u2019innovation dans chaque r\u00e9gion du monde.<\/p>\n\n\n\n<div class=\"wp-block-buttons is-layout-flex wp-block-buttons-is-layout-flex\">\n<div class=\"wp-block-button\"><a class=\"wp-block-button__link wp-element-button\" href=\"https:\/\/www.youtube.com\/playlist?list=PLrO98PUzjOB2aMOQWCW-moJMSZnVZfvZN\">Regarder les webinaires pollinisateurs climatiques<\/a><\/div>\n<\/div>\n\n\n\n<h2 class=\"wp-block-heading\">Ateliers de l\u2019Assembl\u00e9e<\/h2>\n\n\n\n<p>Des responsables de la famille anabaptiste ont parl\u00e9 de leur travail dans les domaines de la paix, de la mission, de la sant\u00e9 et plus encore. Ces webinaires sont disponibles en anglais, en espagnol, en fran\u00e7ais et en indon\u00e9sien.<\/p>\n\n\n\n<div class=\"wp-block-buttons is-layout-flex wp-block-buttons-is-layout-flex\">\n<div class=\"wp-block-button\"><a class=\"wp-block-button__link wp-element-button\" href=\"https:\/\/www.youtube.com\/playlist?list=PLrO98PUzjOB2ch474VUCRXWzNVoUAxwaJ\">Assembly Workshops Playlist<\/a><\/div>\n<\/div>\n\n\n\n<p><\/p>\n","protected":false},"excerpt":{"rendered":"<p>Gr\u00e2ce \u00e0 la technologie, nous pouvons nous r\u00e9unir dans le monde entier, en temps r\u00e9el et par vid\u00e9o. Vous pouvez vous inscrire pour participer aux prochains webinaires ou regarder les enregistrements des \u00e9v\u00e9nements pass\u00e9s. R\u00e9seaux Les r\u00e9seaux de la CMM (GAEN, GAPN, GASN, GMF, GAHN) apprennent ensemble et partagent leurs meilleures pratiques et leurs encouragements [&hellip;]<\/p>\n","protected":false},"author":2,"featured_media":0,"parent":0,"menu_order":0,"comment_status":"closed","ping_status":"closed","template":"","meta":{"_acf_changed":false,"footnotes":""},"class_list":["post-102708","page","type-page","status-publish","hentry"],"acf":[],"yoast_head":"<!-- This site is optimized with the Yoast SEO plugin v27.2 - https:\/\/yoast.com\/product\/yoast-seo-wordpress\/ -->\n<title>Webinaires - Mennonite World Conference<\/title>\n<meta name=\"robots\" content=\"index, follow, max-snippet:-1, max-image-preview:large, max-video-preview:-1\" \/>\n<link rel=\"canonical\" href=\"https:\/\/mwc-cmm.org\/en\/webinars\/\" \/>\n<meta property=\"og:locale\" content=\"fr_FR\" \/>\n<meta property=\"og:type\" content=\"article\" \/>\n<meta property=\"og:title\" content=\"Webinaires - Mennonite World Conference\" \/>\n<meta property=\"og:description\" content=\"Gr\u00e2ce \u00e0 la technologie, nous pouvons nous r\u00e9unir dans le monde entier, en temps r\u00e9el et par vid\u00e9o. Vous pouvez vous inscrire pour participer aux prochains webinaires ou regarder les enregistrements des \u00e9v\u00e9nements pass\u00e9s. R\u00e9seaux Les r\u00e9seaux de la CMM (GAEN, GAPN, GASN, GMF, GAHN) apprennent ensemble et partagent leurs meilleures pratiques et leurs encouragements [&hellip;]\" \/>\n<meta property=\"og:url\" content=\"https:\/\/mwc-cmm.org\/en\/webinars\/\" \/>\n<meta property=\"og:site_name\" content=\"Mennonite World Conference\" \/>\n<meta property=\"article:publisher\" content=\"https:\/\/www.facebook.com\/MennoniteWorldConference\" \/>\n<meta property=\"article:modified_time\" content=\"2024-12-11T16:51:31+00:00\" \/>\n<script type=\"application\/ld+json\" class=\"yoast-schema-graph\">{\"@context\":\"https:\/\/schema.org\",\"@graph\":[{\"@type\":\"WebPage\",\"@id\":\"https:\/\/mwc-cmm.org\/en\/webinars\/\",\"url\":\"https:\/\/mwc-cmm.org\/en\/webinars\/\",\"name\":\"Webinaires - Mennonite World Conference\",\"isPartOf\":{\"@id\":\"https:\/\/mwc-cmm.org\/en\/#website\"},\"datePublished\":\"2024-12-05T14:58:04+00:00\",\"dateModified\":\"2024-12-11T16:51:31+00:00\",\"breadcrumb\":{\"@id\":\"https:\/\/mwc-cmm.org\/en\/webinars\/#breadcrumb\"},\"inLanguage\":\"fr-FR\",\"potentialAction\":[{\"@type\":\"ReadAction\",\"target\":[\"https:\/\/mwc-cmm.org\/en\/webinars\/\"]}]},{\"@type\":\"BreadcrumbList\",\"@id\":\"https:\/\/mwc-cmm.org\/en\/webinars\/#breadcrumb\",\"itemListElement\":[{\"@type\":\"ListItem\",\"position\":1,\"name\":\"Home\",\"item\":\"https:\/\/mwc-cmm.org\/fr\/\"},{\"@type\":\"ListItem\",\"position\":2,\"name\":\"Webinaires\"}]},{\"@type\":\"WebSite\",\"@id\":\"https:\/\/mwc-cmm.org\/en\/#website\",\"url\":\"https:\/\/mwc-cmm.org\/en\/\",\"name\":\"Mennonite World Conference\",\"description\":\"A communion of Anabaptist-related churches\",\"publisher\":{\"@id\":\"https:\/\/mwc-cmm.org\/en\/#organization\"},\"alternateName\":\"MWC\",\"potentialAction\":[{\"@type\":\"SearchAction\",\"target\":{\"@type\":\"EntryPoint\",\"urlTemplate\":\"https:\/\/mwc-cmm.org\/en\/?s={search_term_string}\"},\"query-input\":{\"@type\":\"PropertyValueSpecification\",\"valueRequired\":true,\"valueName\":\"search_term_string\"}}],\"inLanguage\":\"fr-FR\"},{\"@type\":\"Organization\",\"@id\":\"https:\/\/mwc-cmm.org\/en\/#organization\",\"name\":\"Mennonite World Conference\",\"alternateName\":\"MWC\",\"url\":\"https:\/\/mwc-cmm.org\/en\/\",\"logo\":{\"@type\":\"ImageObject\",\"inLanguage\":\"fr-FR\",\"@id\":\"https:\/\/mwc-cmm.org\/en\/#\/schema\/logo\/image\/\",\"url\":\"https:\/\/mwc-cmm.org\/wp-content\/uploads\/2026\/01\/MWC_Sig_Blue_Horiz_webheader1-logo.svg\",\"contentUrl\":\"https:\/\/mwc-cmm.org\/wp-content\/uploads\/2026\/01\/MWC_Sig_Blue_Horiz_webheader1-logo.svg\",\"width\":786,\"height\":82,\"caption\":\"Mennonite World Conference\"},\"image\":{\"@id\":\"https:\/\/mwc-cmm.org\/en\/#\/schema\/logo\/image\/\"},\"sameAs\":[\"https:\/\/www.facebook.com\/MennoniteWorldConference\",\"https:\/\/www.linkedin.com\/company\/mennonite-world-conference-mwc\/\",\"https:\/\/www.instagram.com\/mwcmm\/\",\"https:\/\/www.youtube.com\/user\/mwccmm\",\"https:\/\/bsky.app\/profile\/mwcmm.bsky.social\"]}]}<\/script>\n<!-- \/ Yoast SEO plugin. -->","yoast_head_json":{"title":"Webinaires - Mennonite World Conference","robots":{"index":"index","follow":"follow","max-snippet":"max-snippet:-1","max-image-preview":"max-image-preview:large","max-video-preview":"max-video-preview:-1"},"canonical":"https:\/\/mwc-cmm.org\/en\/webinars\/","og_locale":"fr_FR","og_type":"article","og_title":"Webinaires - Mennonite World Conference","og_description":"Gr\u00e2ce \u00e0 la technologie, nous pouvons nous r\u00e9unir dans le monde entier, en temps r\u00e9el et par vid\u00e9o. Vous pouvez vous inscrire pour participer aux prochains webinaires ou regarder les enregistrements des \u00e9v\u00e9nements pass\u00e9s. R\u00e9seaux Les r\u00e9seaux de la CMM (GAEN, GAPN, GASN, GMF, GAHN) apprennent ensemble et partagent leurs meilleures pratiques et leurs encouragements [&hellip;]","og_url":"https:\/\/mwc-cmm.org\/en\/webinars\/","og_site_name":"Mennonite World Conference","article_publisher":"https:\/\/www.facebook.com\/MennoniteWorldConference","article_modified_time":"2024-12-11T16:51:31+00:00","schema":{"@context":"https:\/\/schema.org","@graph":[{"@type":"WebPage","@id":"https:\/\/mwc-cmm.org\/en\/webinars\/","url":"https:\/\/mwc-cmm.org\/en\/webinars\/","name":"Webinaires - Mennonite World Conference","isPartOf":{"@id":"https:\/\/mwc-cmm.org\/en\/#website"},"datePublished":"2024-12-05T14:58:04+00:00","dateModified":"2024-12-11T16:51:31+00:00","breadcrumb":{"@id":"https:\/\/mwc-cmm.org\/en\/webinars\/#breadcrumb"},"inLanguage":"fr-FR","potentialAction":[{"@type":"ReadAction","target":["https:\/\/mwc-cmm.org\/en\/webinars\/"]}]},{"@type":"BreadcrumbList","@id":"https:\/\/mwc-cmm.org\/en\/webinars\/#breadcrumb","itemListElement":[{"@type":"ListItem","position":1,"name":"Home","item":"https:\/\/mwc-cmm.org\/fr\/"},{"@type":"ListItem","position":2,"name":"Webinaires"}]},{"@type":"WebSite","@id":"https:\/\/mwc-cmm.org\/en\/#website","url":"https:\/\/mwc-cmm.org\/en\/","name":"Mennonite World Conference","description":"A communion of Anabaptist-related churches","publisher":{"@id":"https:\/\/mwc-cmm.org\/en\/#organization"},"alternateName":"MWC","potentialAction":[{"@type":"SearchAction","target":{"@type":"EntryPoint","urlTemplate":"https:\/\/mwc-cmm.org\/en\/?s={search_term_string}"},"query-input":{"@type":"PropertyValueSpecification","valueRequired":true,"valueName":"search_term_string"}}],"inLanguage":"fr-FR"},{"@type":"Organization","@id":"https:\/\/mwc-cmm.org\/en\/#organization","name":"Mennonite World Conference","alternateName":"MWC","url":"https:\/\/mwc-cmm.org\/en\/","logo":{"@type":"ImageObject","inLanguage":"fr-FR","@id":"https:\/\/mwc-cmm.org\/en\/#\/schema\/logo\/image\/","url":"https:\/\/mwc-cmm.org\/wp-content\/uploads\/2026\/01\/MWC_Sig_Blue_Horiz_webheader1-logo.svg","contentUrl":"https:\/\/mwc-cmm.org\/wp-content\/uploads\/2026\/01\/MWC_Sig_Blue_Horiz_webheader1-logo.svg","width":786,"height":82,"caption":"Mennonite World Conference"},"image":{"@id":"https:\/\/mwc-cmm.org\/en\/#\/schema\/logo\/image\/"},"sameAs":["https:\/\/www.facebook.com\/MennoniteWorldConference","https:\/\/www.linkedin.com\/company\/mennonite-world-conference-mwc\/","https:\/\/www.instagram.com\/mwcmm\/","https:\/\/www.youtube.com\/user\/mwccmm","https:\/\/bsky.app\/profile\/mwcmm.bsky.social"]}]}},"_links":{"self":[{"href":"https:\/\/mwc-cmm.org\/fr\/wp-json\/wp\/v2\/pages\/102708","targetHints":{"allow":["GET"]}}],"collection":[{"href":"https:\/\/mwc-cmm.org\/fr\/wp-json\/wp\/v2\/pages"}],"about":[{"href":"https:\/\/mwc-cmm.org\/fr\/wp-json\/wp\/v2\/types\/page"}],"author":[{"embeddable":true,"href":"https:\/\/mwc-cmm.org\/fr\/wp-json\/wp\/v2\/users\/2"}],"replies":[{"embeddable":true,"href":"https:\/\/mwc-cmm.org\/fr\/wp-json\/wp\/v2\/comments?post=102708"}],"version-history":[{"count":0,"href":"https:\/\/mwc-cmm.org\/fr\/wp-json\/wp\/v2\/pages\/102708\/revisions"}],"wp:attachment":[{"href":"https:\/\/mwc-cmm.org\/fr\/wp-json\/wp\/v2\/media?parent=102708"}],"curies":[{"name":"wp","href":"https:\/\/api.w.org\/{rel}","templated":true}]}}