{"id":102587,"date":"2024-12-09T20:35:30","date_gmt":"2024-12-09T20:35:30","guid":{"rendered":"https:\/\/mwc-cmm.org\/commissions-3\/commission-diacres\/deacons-commission-stories\/"},"modified":"2025-02-19T21:25:44","modified_gmt":"2025-02-19T21:25:44","slug":"deacons-commission-stories","status":"publish","type":"page","link":"https:\/\/mwc-cmm.org\/fr\/commissions-3\/commission-diacres\/deacons-commission-stories\/","title":{"rendered":"Histoires de la Commission des diacres"},"content":{"rendered":"\n<div class=\"wp-block-query alignwide is-layout-flow wp-block-query-is-layout-flow\"><ul class=\"wp-block-post-template is-layout-flow wp-block-post-template-is-layout-flow\"><li class=\"wp-block-post post-124600 post type-post status-publish format-standard has-post-thumbnail hentry category-priere-urgente tag-commission-diacres tag-les-caraibes tag-prayer-fr tag-representants-regionaux network-commissions network-deacons-commission eventcategory-online-prayer-hour\">\n\n<div class=\"wp-block-columns is-layout-flex wp-container-core-columns-is-layout-28f84493 wp-block-columns-is-layout-flex\">\n<div class=\"wp-block-column is-layout-flow wp-block-column-is-layout-flow\" style=\"flex-basis:66.66%\"><h2 style=\"text-transform:none;\" class=\"wp-block-post-title\"><a href=\"https:\/\/mwc-cmm.org\/fr\/stories\/priere-urgente-pour-cuba\/\" target=\"_self\" >Pri\u00e8re urgente pour Cuba<\/a><\/h2>\n\n<div style=\"font-size:clamp(0.875rem, 0.875rem + ((1vw - 0.2rem) * 0.009), 0.88rem);font-style:normal;font-weight:700;text-transform:uppercase;letter-spacing:1px;\" class=\"has-link-color wp-elements-dffcda0fc49f590ff6aa9eb08ad4abfa wp-block-post-date has-text-color has-gray-color\"><time datetime=\"2026-02-27T22:24:34+00:00\">27 f\u00e9vrier 2026<\/time><\/div>\n\n<div class=\"wp-block-post-excerpt\"><p class=\"wp-block-post-excerpt__excerpt\">We call on your prayers and actions of solidarity with our members in Cuba. Pastor Luis Hern\u00e1ndez Bermudez of MWC member church Sociedad Misionera Cubana Hermanos en Cristo (Brethren in Christ) writes&#8230;<\/p><p class=\"wp-block-post-excerpt__more-text\"><a class=\"wp-block-post-excerpt__more-link\" href=\"https:\/\/mwc-cmm.org\/fr\/stories\/priere-urgente-pour-cuba\/\">Lire la suite<\/a><\/p><\/div><\/div>\n\n\n\n<div class=\"wp-block-column is-layout-flow wp-block-column-is-layout-flow\" style=\"flex-basis:33.33%\"><figure style=\"aspect-ratio:3\/2;\" class=\"wp-block-post-featured-image\"><img decoding=\"async\" width=\"810\" height=\"608\" data-src=\"https:\/\/mwc-cmm.org\/wp-content\/uploads\/2026\/02\/Pray-for-Cuba-3x4-1.png\" class=\"attachment-post-thumbnail size-post-thumbnail wp-post-image lazyload\" alt=\"pray for Cuba\" style=\"--smush-placeholder-width: 810px; --smush-placeholder-aspect-ratio: 810\/608;width:100%;height:100%;object-fit:cover;\" data-srcset=\"https:\/\/mwc-cmm.org\/wp-content\/uploads\/2026\/02\/Pray-for-Cuba-3x4-1.png 810w, https:\/\/mwc-cmm.org\/wp-content\/uploads\/2026\/02\/Pray-for-Cuba-3x4-1-300x225.png 300w, https:\/\/mwc-cmm.org\/wp-content\/uploads\/2026\/02\/Pray-for-Cuba-3x4-1-768x576.png 768w\" data-sizes=\"(max-width: 810px) 100vw, 810px\" src=\"data:image\/svg+xml;base64,PHN2ZyB3aWR0aD0iMSIgaGVpZ2h0PSIxIiB4bWxucz0iaHR0cDovL3d3dy53My5vcmcvMjAwMC9zdmciPjwvc3ZnPg==\" \/><\/figure><\/div>\n<\/div>\n\n\n\n<hr class=\"wp-block-separator has-text-color has-dark-blue-color has-alpha-channel-opacity has-dark-blue-background-color has-background is-style-wide\" style=\"margin-top:var(--wp--preset--spacing--30);margin-bottom:var(--wp--preset--spacing--30)\"\/>\n\n<\/li><li class=\"wp-block-post post-122991 post type-post status-publish format-standard has-post-thumbnail hentry category-articles-en-vedette-fr category-priere-urgente tag-guerre tag-latin-america-fr tag-paix tag-pastoral-letter-fr tag-prayer-fr tag-venezuela network-deacons-commission network-peace-commission\">\n\n<div class=\"wp-block-columns is-layout-flex wp-container-core-columns-is-layout-28f84493 wp-block-columns-is-layout-flex\">\n<div class=\"wp-block-column is-layout-flow wp-block-column-is-layout-flow\" style=\"flex-basis:66.66%\"><h2 style=\"text-transform:none;\" class=\"wp-block-post-title\"><a href=\"https:\/\/mwc-cmm.org\/fr\/stories\/lettre-pastorale-pour-les-anabaptistes-mennonites-du-venezuela\/\" target=\"_self\" >Lettre pastorale pour les anabaptistes-mennonites du Venezuela\u202f\u202f\u202f<\/a><\/h2>\n\n<div style=\"font-size:clamp(0.875rem, 0.875rem + ((1vw - 0.2rem) * 0.009), 0.88rem);font-style:normal;font-weight:700;text-transform:uppercase;letter-spacing:1px;\" class=\"has-link-color wp-elements-dffcda0fc49f590ff6aa9eb08ad4abfa wp-block-post-date has-text-color has-gray-color\"><time datetime=\"2026-01-07T16:27:51+00:00\">07 janvier 2026<\/time><\/div>\n\n<div class=\"wp-block-post-excerpt\"><p class=\"wp-block-post-excerpt__excerpt\">S\u0153urs et fr\u00e8res bien-aim\u00e9s\u00a0: La Conf\u00e9rence Mennonite Mondiale appelle tous ses membres \u00e0 prier pour nos s\u0153urs et fr\u00e8res au Venezuela. Le 3 janvier 2026 \u00e0 2 heures du matin, heure locale, les \u00c9tats-Unis ont bombard\u00e9 des bases militaires dans la capitale, Caracas, et dans les \u00c9tats de Miranda, Aragua et La Guaira. Les forces<\/p><p class=\"wp-block-post-excerpt__more-text\"><a class=\"wp-block-post-excerpt__more-link\" href=\"https:\/\/mwc-cmm.org\/fr\/stories\/lettre-pastorale-pour-les-anabaptistes-mennonites-du-venezuela\/\">Lire la suite<\/a><\/p><\/div><\/div>\n\n\n\n<div class=\"wp-block-column is-layout-flow wp-block-column-is-layout-flow\" style=\"flex-basis:33.33%\"><figure style=\"aspect-ratio:3\/2;\" class=\"wp-block-post-featured-image\"><img decoding=\"async\" width=\"800\" height=\"450\" data-src=\"https:\/\/mwc-cmm.org\/wp-content\/uploads\/2026\/01\/20190215-Pablo-Ortega-IBICA.jpg\" class=\"attachment-post-thumbnail size-post-thumbnail wp-post-image lazyload\" alt=\"man and woman hand out bowls of soup across a table\" style=\"--smush-placeholder-width: 800px; --smush-placeholder-aspect-ratio: 800\/450;width:100%;height:100%;object-fit:cover;\" data-srcset=\"https:\/\/mwc-cmm.org\/wp-content\/uploads\/2026\/01\/20190215-Pablo-Ortega-IBICA.jpg 800w, https:\/\/mwc-cmm.org\/wp-content\/uploads\/2026\/01\/20190215-Pablo-Ortega-IBICA-300x169.jpg 300w, https:\/\/mwc-cmm.org\/wp-content\/uploads\/2026\/01\/20190215-Pablo-Ortega-IBICA-768x432.jpg 768w\" data-sizes=\"(max-width: 800px) 100vw, 800px\" src=\"data:image\/svg+xml;base64,PHN2ZyB3aWR0aD0iMSIgaGVpZ2h0PSIxIiB4bWxucz0iaHR0cDovL3d3dy53My5vcmcvMjAwMC9zdmciPjwvc3ZnPg==\" \/><\/figure><\/div>\n<\/div>\n\n\n\n<hr class=\"wp-block-separator has-text-color has-dark-blue-color has-alpha-channel-opacity has-dark-blue-background-color has-background is-style-wide\" style=\"margin-top:var(--wp--preset--spacing--30);margin-bottom:var(--wp--preset--spacing--30)\"\/>\n\n<\/li><li class=\"wp-block-post post-122577 post type-post status-publish format-standard has-post-thumbnail hentry category-courier-fr tag-anniversaire tag-commissions tag-courier-fr tag-unity-fr tag-vivre-lunite network-commissions-pt-pt network-commissions network-courier-es network-courier-de network-courier-id network-courier-nl network-courier-hi network-courier-zh-hant network-courier-ja network-courier-fr network-courier network-deacons-commission network-faith-and-life-commission network-mission-commission network-peace-commission\">\n\n<div class=\"wp-block-columns is-layout-flex wp-container-core-columns-is-layout-28f84493 wp-block-columns-is-layout-flex\">\n<div class=\"wp-block-column is-layout-flow wp-block-column-is-layout-flow\" style=\"flex-basis:66.66%\"><h2 style=\"text-transform:none;\" class=\"wp-block-post-title\"><a href=\"https:\/\/mwc-cmm.org\/fr\/stories\/une-source-tangible-de-soutien-et-de-temoignage\/\" target=\"_self\" >Une source tangible de soutien et de t\u00e9moignage<\/a><\/h2>\n\n<div style=\"font-size:clamp(0.875rem, 0.875rem + ((1vw - 0.2rem) * 0.009), 0.88rem);font-style:normal;font-weight:700;text-transform:uppercase;letter-spacing:1px;\" class=\"has-link-color wp-elements-dffcda0fc49f590ff6aa9eb08ad4abfa wp-block-post-date has-text-color has-gray-color\"><time datetime=\"2025-12-30T20:02:58+00:00\">30 d\u00e9cembre 2025<\/time><\/div>\n\n<div class=\"wp-block-post-excerpt\"><p class=\"wp-block-post-excerpt__excerpt\">Les commissions pr\u00e9parent des questions ou documents \u00e0 \u00e9tudier par le Conseil G\u00e9n\u00e9ral, conseillent et proposent des outils \u00e0 la CMM ou \u00e0 ses \u00e9glises membres, et peuvent aussi aider les r\u00e9seaux de la CMM ou des lieux de communion fraternelle \u00e0 travailler ensemble sur des questions d\u2019int\u00e9r\u00eat commun.<\/p><p class=\"wp-block-post-excerpt__more-text\"><a class=\"wp-block-post-excerpt__more-link\" href=\"https:\/\/mwc-cmm.org\/fr\/stories\/une-source-tangible-de-soutien-et-de-temoignage\/\">Lire la suite<\/a><\/p><\/div><\/div>\n\n\n\n<div class=\"wp-block-column is-layout-flow wp-block-column-is-layout-flow\" style=\"flex-basis:33.33%\"><figure style=\"aspect-ratio:3\/2;\" class=\"wp-block-post-featured-image\"><img decoding=\"async\" width=\"533\" height=\"300\" data-src=\"https:\/\/mwc-cmm.org\/wp-content\/uploads\/2026\/01\/bb_dans_un_site_img_1653_2_1_0.jpg\" class=\"attachment-post-thumbnail size-post-thumbnail wp-post-image lazyload\" alt=\"diversity group discussion\" style=\"--smush-placeholder-width: 533px; --smush-placeholder-aspect-ratio: 533\/300;width:100%;height:100%;object-fit:cover;\" data-srcset=\"https:\/\/mwc-cmm.org\/wp-content\/uploads\/2026\/01\/bb_dans_un_site_img_1653_2_1_0.jpg 533w, https:\/\/mwc-cmm.org\/wp-content\/uploads\/2026\/01\/bb_dans_un_site_img_1653_2_1_0-300x169.jpg 300w\" data-sizes=\"(max-width: 533px) 100vw, 533px\" src=\"data:image\/svg+xml;base64,PHN2ZyB3aWR0aD0iMSIgaGVpZ2h0PSIxIiB4bWxucz0iaHR0cDovL3d3dy53My5vcmcvMjAwMC9zdmciPjwvc3ZnPg==\" \/><\/figure><\/div>\n<\/div>\n\n\n\n<hr class=\"wp-block-separator has-text-color has-dark-blue-color has-alpha-channel-opacity has-dark-blue-background-color has-background is-style-wide\" style=\"margin-top:var(--wp--preset--spacing--30);margin-bottom:var(--wp--preset--spacing--30)\"\/>\n\n<\/li><\/ul>\n\n<\/div>\n","protected":false},"excerpt":{"rendered":"","protected":false},"author":1,"featured_media":0,"parent":11468,"menu_order":0,"comment_status":"closed","ping_status":"closed","template":"","meta":{"_acf_changed":false,"footnotes":""},"class_list":["post-102587","page","type-page","status-publish","hentry"],"acf":[],"yoast_head":"<!-- This site is optimized with the Yoast SEO plugin v27.2 - https:\/\/yoast.com\/product\/yoast-seo-wordpress\/ -->\n<title>Histoires de la Commission des diacres - Mennonite World Conference<\/title>\n<meta name=\"robots\" content=\"index, follow, max-snippet:-1, max-image-preview:large, max-video-preview:-1\" \/>\n<link rel=\"canonical\" href=\"https:\/\/mwc-cmm.org\/fr\/commissions-3\/commission-diacres\/deacons-commission-stories\/\" \/>\n<meta property=\"og:locale\" content=\"fr_FR\" \/>\n<meta property=\"og:type\" content=\"article\" \/>\n<meta property=\"og:title\" content=\"Histoires de la Commission des diacres - Mennonite World Conference\" \/>\n<meta property=\"og:url\" content=\"https:\/\/mwc-cmm.org\/fr\/commissions-3\/commission-diacres\/deacons-commission-stories\/\" \/>\n<meta property=\"og:site_name\" content=\"Mennonite World Conference\" \/>\n<meta property=\"article:publisher\" content=\"https:\/\/www.facebook.com\/MennoniteWorldConference\" \/>\n<meta property=\"article:modified_time\" content=\"2025-02-19T21:25:44+00:00\" \/>\n<script type=\"application\/ld+json\" class=\"yoast-schema-graph\">{\"@context\":\"https:\/\/schema.org\",\"@graph\":[{\"@type\":\"WebPage\",\"@id\":\"https:\/\/mwc-cmm.org\/fr\/commissions-3\/commission-diacres\/deacons-commission-stories\/\",\"url\":\"https:\/\/mwc-cmm.org\/fr\/commissions-3\/commission-diacres\/deacons-commission-stories\/\",\"name\":\"Histoires de la Commission des diacres - Mennonite World Conference\",\"isPartOf\":{\"@id\":\"https:\/\/mwc-cmm.org\/en\/#website\"},\"datePublished\":\"2024-12-09T20:35:30+00:00\",\"dateModified\":\"2025-02-19T21:25:44+00:00\",\"breadcrumb\":{\"@id\":\"https:\/\/mwc-cmm.org\/fr\/commissions-3\/commission-diacres\/deacons-commission-stories\/#breadcrumb\"},\"inLanguage\":\"fr-FR\",\"potentialAction\":[{\"@type\":\"ReadAction\",\"target\":[\"https:\/\/mwc-cmm.org\/fr\/commissions-3\/commission-diacres\/deacons-commission-stories\/\"]}]},{\"@type\":\"BreadcrumbList\",\"@id\":\"https:\/\/mwc-cmm.org\/fr\/commissions-3\/commission-diacres\/deacons-commission-stories\/#breadcrumb\",\"itemListElement\":[{\"@type\":\"ListItem\",\"position\":1,\"name\":\"Home\",\"item\":\"https:\/\/mwc-cmm.org\/fr\/\"},{\"@type\":\"ListItem\",\"position\":2,\"name\":\"Commissions\",\"item\":\"https:\/\/mwc-cmm.org\/fr\/commissions-3\/\"},{\"@type\":\"ListItem\",\"position\":3,\"name\":\"Commission Diacres\",\"item\":\"https:\/\/mwc-cmm.org\/fr\/commissions-3\/commission-diacres\/\"},{\"@type\":\"ListItem\",\"position\":4,\"name\":\"Histoires de la Commission des diacres\"}]},{\"@type\":\"WebSite\",\"@id\":\"https:\/\/mwc-cmm.org\/en\/#website\",\"url\":\"https:\/\/mwc-cmm.org\/en\/\",\"name\":\"Mennonite World Conference\",\"description\":\"A communion of Anabaptist-related churches\",\"publisher\":{\"@id\":\"https:\/\/mwc-cmm.org\/en\/#organization\"},\"alternateName\":\"MWC\",\"potentialAction\":[{\"@type\":\"SearchAction\",\"target\":{\"@type\":\"EntryPoint\",\"urlTemplate\":\"https:\/\/mwc-cmm.org\/en\/?s={search_term_string}\"},\"query-input\":{\"@type\":\"PropertyValueSpecification\",\"valueRequired\":true,\"valueName\":\"search_term_string\"}}],\"inLanguage\":\"fr-FR\"},{\"@type\":\"Organization\",\"@id\":\"https:\/\/mwc-cmm.org\/en\/#organization\",\"name\":\"Mennonite World Conference\",\"alternateName\":\"MWC\",\"url\":\"https:\/\/mwc-cmm.org\/en\/\",\"logo\":{\"@type\":\"ImageObject\",\"inLanguage\":\"fr-FR\",\"@id\":\"https:\/\/mwc-cmm.org\/en\/#\/schema\/logo\/image\/\",\"url\":\"https:\/\/mwc-cmm.org\/wp-content\/uploads\/2026\/01\/MWC_Sig_Blue_Horiz_webheader1-logo.svg\",\"contentUrl\":\"https:\/\/mwc-cmm.org\/wp-content\/uploads\/2026\/01\/MWC_Sig_Blue_Horiz_webheader1-logo.svg\",\"width\":786,\"height\":82,\"caption\":\"Mennonite World Conference\"},\"image\":{\"@id\":\"https:\/\/mwc-cmm.org\/en\/#\/schema\/logo\/image\/\"},\"sameAs\":[\"https:\/\/www.facebook.com\/MennoniteWorldConference\",\"https:\/\/www.linkedin.com\/company\/mennonite-world-conference-mwc\/\",\"https:\/\/www.instagram.com\/mwcmm\/\",\"https:\/\/www.youtube.com\/user\/mwccmm\",\"https:\/\/bsky.app\/profile\/mwcmm.bsky.social\"]}]}<\/script>\n<!-- \/ Yoast SEO plugin. -->","yoast_head_json":{"title":"Histoires de la Commission des diacres - Mennonite World Conference","robots":{"index":"index","follow":"follow","max-snippet":"max-snippet:-1","max-image-preview":"max-image-preview:large","max-video-preview":"max-video-preview:-1"},"canonical":"https:\/\/mwc-cmm.org\/fr\/commissions-3\/commission-diacres\/deacons-commission-stories\/","og_locale":"fr_FR","og_type":"article","og_title":"Histoires de la Commission des diacres - Mennonite World Conference","og_url":"https:\/\/mwc-cmm.org\/fr\/commissions-3\/commission-diacres\/deacons-commission-stories\/","og_site_name":"Mennonite World Conference","article_publisher":"https:\/\/www.facebook.com\/MennoniteWorldConference","article_modified_time":"2025-02-19T21:25:44+00:00","schema":{"@context":"https:\/\/schema.org","@graph":[{"@type":"WebPage","@id":"https:\/\/mwc-cmm.org\/fr\/commissions-3\/commission-diacres\/deacons-commission-stories\/","url":"https:\/\/mwc-cmm.org\/fr\/commissions-3\/commission-diacres\/deacons-commission-stories\/","name":"Histoires de la Commission des diacres - Mennonite World Conference","isPartOf":{"@id":"https:\/\/mwc-cmm.org\/en\/#website"},"datePublished":"2024-12-09T20:35:30+00:00","dateModified":"2025-02-19T21:25:44+00:00","breadcrumb":{"@id":"https:\/\/mwc-cmm.org\/fr\/commissions-3\/commission-diacres\/deacons-commission-stories\/#breadcrumb"},"inLanguage":"fr-FR","potentialAction":[{"@type":"ReadAction","target":["https:\/\/mwc-cmm.org\/fr\/commissions-3\/commission-diacres\/deacons-commission-stories\/"]}]},{"@type":"BreadcrumbList","@id":"https:\/\/mwc-cmm.org\/fr\/commissions-3\/commission-diacres\/deacons-commission-stories\/#breadcrumb","itemListElement":[{"@type":"ListItem","position":1,"name":"Home","item":"https:\/\/mwc-cmm.org\/fr\/"},{"@type":"ListItem","position":2,"name":"Commissions","item":"https:\/\/mwc-cmm.org\/fr\/commissions-3\/"},{"@type":"ListItem","position":3,"name":"Commission Diacres","item":"https:\/\/mwc-cmm.org\/fr\/commissions-3\/commission-diacres\/"},{"@type":"ListItem","position":4,"name":"Histoires de la Commission des diacres"}]},{"@type":"WebSite","@id":"https:\/\/mwc-cmm.org\/en\/#website","url":"https:\/\/mwc-cmm.org\/en\/","name":"Mennonite World Conference","description":"A communion of Anabaptist-related churches","publisher":{"@id":"https:\/\/mwc-cmm.org\/en\/#organization"},"alternateName":"MWC","potentialAction":[{"@type":"SearchAction","target":{"@type":"EntryPoint","urlTemplate":"https:\/\/mwc-cmm.org\/en\/?s={search_term_string}"},"query-input":{"@type":"PropertyValueSpecification","valueRequired":true,"valueName":"search_term_string"}}],"inLanguage":"fr-FR"},{"@type":"Organization","@id":"https:\/\/mwc-cmm.org\/en\/#organization","name":"Mennonite World Conference","alternateName":"MWC","url":"https:\/\/mwc-cmm.org\/en\/","logo":{"@type":"ImageObject","inLanguage":"fr-FR","@id":"https:\/\/mwc-cmm.org\/en\/#\/schema\/logo\/image\/","url":"https:\/\/mwc-cmm.org\/wp-content\/uploads\/2026\/01\/MWC_Sig_Blue_Horiz_webheader1-logo.svg","contentUrl":"https:\/\/mwc-cmm.org\/wp-content\/uploads\/2026\/01\/MWC_Sig_Blue_Horiz_webheader1-logo.svg","width":786,"height":82,"caption":"Mennonite World Conference"},"image":{"@id":"https:\/\/mwc-cmm.org\/en\/#\/schema\/logo\/image\/"},"sameAs":["https:\/\/www.facebook.com\/MennoniteWorldConference","https:\/\/www.linkedin.com\/company\/mennonite-world-conference-mwc\/","https:\/\/www.instagram.com\/mwcmm\/","https:\/\/www.youtube.com\/user\/mwccmm","https:\/\/bsky.app\/profile\/mwcmm.bsky.social"]}]}},"_links":{"self":[{"href":"https:\/\/mwc-cmm.org\/fr\/wp-json\/wp\/v2\/pages\/102587","targetHints":{"allow":["GET"]}}],"collection":[{"href":"https:\/\/mwc-cmm.org\/fr\/wp-json\/wp\/v2\/pages"}],"about":[{"href":"https:\/\/mwc-cmm.org\/fr\/wp-json\/wp\/v2\/types\/page"}],"author":[{"embeddable":true,"href":"https:\/\/mwc-cmm.org\/fr\/wp-json\/wp\/v2\/users\/1"}],"replies":[{"embeddable":true,"href":"https:\/\/mwc-cmm.org\/fr\/wp-json\/wp\/v2\/comments?post=102587"}],"version-history":[{"count":0,"href":"https:\/\/mwc-cmm.org\/fr\/wp-json\/wp\/v2\/pages\/102587\/revisions"}],"up":[{"embeddable":true,"href":"https:\/\/mwc-cmm.org\/fr\/wp-json\/wp\/v2\/pages\/11468"}],"wp:attachment":[{"href":"https:\/\/mwc-cmm.org\/fr\/wp-json\/wp\/v2\/media?parent=102587"}],"curies":[{"name":"wp","href":"https:\/\/api.w.org\/{rel}","templated":true}]}}