{"id":5832,"date":"2024-08-08T00:00:00","date_gmt":"2024-08-08T00:00:00","guid":{"rendered":"https:\/\/mwc-cmm.org\/courier-magazine-sign-up-print-2\/"},"modified":"2025-01-28T15:40:45","modified_gmt":"2025-01-28T15:40:45","slug":"suscripcion-a-publicaciones-impresas","status":"publish","type":"page","link":"https:\/\/mwc-cmm.org\/es\/correo\/suscripcion-a-publicaciones-impresas\/","title":{"rendered":"Suscripci\u00f3n a publicaciones impresas"},"content":{"rendered":"\n<p>Por la suscripci\u00f3n en cualquiera de las publicaciones del CMM usted tambi\u00e9n recibir\u00e1 correos electr\u00f3nicos de parte de C\u00e9sar Garc\u00eda, nuestro Secretario General, en \u00abd\u00edas santos\u00bb (Domingo de la Fraternidad Mundial, Domingo de Resurrecci\u00f3n, Pentecost\u00e9s, Domingo de la Paz, Navidad).<\/p>\n\n\n\n<p><script>window.addEventListener('message',function(e){var t=document.getElementById('bfdb-em-7946');if(t){if(e.data.indexOf('resize::7946::')!==-1){var i=e.data.replace('resize::7946::','');t.style.height=i+'px';}else if(e.data.match(\/^bf-payment::(\\d+)::(open|complete)\/)){var o=t.getBoundingClientRect().top+window.scrollY;window.scrollTo({top:o,behavior:'smooth'});}}});<\/script>\n<iframe id=\"bfdb-em-7946\" data-src=\"https:\/\/mwc.donorbuilder.org\/pub\/website-print-publication-signup-form-sp-64794?bf-preview=1&#038;_layout=iframe\" style=\"width:100%; overflow:hidden; border:0;\" scrolling=\"no\" src=\"data:image\/svg+xml;base64,PHN2ZyB3aWR0aD0iMSIgaGVpZ2h0PSIxIiB4bWxucz0iaHR0cDovL3d3dy53My5vcmcvMjAwMC9zdmciPjwvc3ZnPg==\" class=\"lazyload\" data-load-mode=\"1\"><\/iframe><\/p>\n","protected":false},"excerpt":{"rendered":"<p>Por la suscripci\u00f3n en cualquiera de las publicaciones del CMM usted tambi\u00e9n recibir\u00e1 correos electr\u00f3nicos de parte de C\u00e9sar Garc\u00eda, nuestro Secretario General, en \u00abd\u00edas santos\u00bb (Domingo de la Fraternidad Mundial, Domingo de Resurrecci\u00f3n, Pentecost\u00e9s, Domingo de la Paz, Navidad).<\/p>\n","protected":false},"author":1,"featured_media":0,"parent":11453,"menu_order":0,"comment_status":"closed","ping_status":"closed","template":"","meta":{"_acf_changed":false,"footnotes":""},"class_list":["post-5832","page","type-page","status-publish","hentry"],"acf":[],"yoast_head":"<!-- This site is optimized with the Yoast SEO plugin v27.2 - https:\/\/yoast.com\/product\/yoast-seo-wordpress\/ -->\n<title>Suscripci\u00f3n a publicaciones impresas - Mennonite World Conference<\/title>\n<meta name=\"robots\" content=\"index, follow, max-snippet:-1, max-image-preview:large, max-video-preview:-1\" \/>\n<link rel=\"canonical\" href=\"https:\/\/mwc-cmm.org\/es\/suscripcion-a-publicaciones-impresas\/\" \/>\n<meta property=\"og:locale\" content=\"es_ES\" \/>\n<meta property=\"og:type\" content=\"article\" \/>\n<meta property=\"og:title\" content=\"Suscripci\u00f3n a publicaciones impresas - Mennonite World Conference\" \/>\n<meta property=\"og:description\" content=\"Por la suscripci\u00f3n en cualquiera de las publicaciones del CMM usted tambi\u00e9n recibir\u00e1 correos electr\u00f3nicos de parte de C\u00e9sar Garc\u00eda, nuestro Secretario General, en \u00abd\u00edas santos\u00bb (Domingo de la Fraternidad Mundial, Domingo de Resurrecci\u00f3n, Pentecost\u00e9s, Domingo de la Paz, Navidad).\" \/>\n<meta property=\"og:url\" content=\"https:\/\/mwc-cmm.org\/es\/suscripcion-a-publicaciones-impresas\/\" \/>\n<meta property=\"og:site_name\" content=\"Mennonite World Conference\" \/>\n<meta property=\"article:publisher\" content=\"https:\/\/www.facebook.com\/MennoniteWorldConference\" \/>\n<meta property=\"article:modified_time\" content=\"2025-01-28T15:40:45+00:00\" \/>\n<script type=\"application\/ld+json\" class=\"yoast-schema-graph\">{\"@context\":\"https:\/\/schema.org\",\"@graph\":[{\"@type\":\"WebPage\",\"@id\":\"https:\/\/mwc-cmm.org\/es\/suscripcion-a-publicaciones-impresas\/\",\"url\":\"https:\/\/mwc-cmm.org\/es\/suscripcion-a-publicaciones-impresas\/\",\"name\":\"Suscripci\u00f3n a publicaciones impresas - Mennonite World Conference\",\"isPartOf\":{\"@id\":\"https:\/\/mwc-cmm.org\/en\/#website\"},\"datePublished\":\"2024-08-08T00:00:00+00:00\",\"dateModified\":\"2025-01-28T15:40:45+00:00\",\"breadcrumb\":{\"@id\":\"https:\/\/mwc-cmm.org\/es\/suscripcion-a-publicaciones-impresas\/#breadcrumb\"},\"inLanguage\":\"es\",\"potentialAction\":[{\"@type\":\"ReadAction\",\"target\":[\"https:\/\/mwc-cmm.org\/es\/suscripcion-a-publicaciones-impresas\/\"]}]},{\"@type\":\"BreadcrumbList\",\"@id\":\"https:\/\/mwc-cmm.org\/es\/suscripcion-a-publicaciones-impresas\/#breadcrumb\",\"itemListElement\":[{\"@type\":\"ListItem\",\"position\":1,\"name\":\"Home\",\"item\":\"https:\/\/mwc-cmm.org\/es\/\"},{\"@type\":\"ListItem\",\"position\":2,\"name\":\"Suscripci\u00f3n a publicaciones impresas\"}]},{\"@type\":\"WebSite\",\"@id\":\"https:\/\/mwc-cmm.org\/en\/#website\",\"url\":\"https:\/\/mwc-cmm.org\/en\/\",\"name\":\"Mennonite World Conference\",\"description\":\"A communion of Anabaptist-related churches\",\"publisher\":{\"@id\":\"https:\/\/mwc-cmm.org\/en\/#organization\"},\"alternateName\":\"MWC\",\"potentialAction\":[{\"@type\":\"SearchAction\",\"target\":{\"@type\":\"EntryPoint\",\"urlTemplate\":\"https:\/\/mwc-cmm.org\/en\/?s={search_term_string}\"},\"query-input\":{\"@type\":\"PropertyValueSpecification\",\"valueRequired\":true,\"valueName\":\"search_term_string\"}}],\"inLanguage\":\"es\"},{\"@type\":\"Organization\",\"@id\":\"https:\/\/mwc-cmm.org\/en\/#organization\",\"name\":\"Mennonite World Conference\",\"alternateName\":\"MWC\",\"url\":\"https:\/\/mwc-cmm.org\/en\/\",\"logo\":{\"@type\":\"ImageObject\",\"inLanguage\":\"es\",\"@id\":\"https:\/\/mwc-cmm.org\/en\/#\/schema\/logo\/image\/\",\"url\":\"https:\/\/mwc-cmm.org\/wp-content\/uploads\/2026\/01\/MWC_Sig_Blue_Horiz_webheader1-logo.svg\",\"contentUrl\":\"https:\/\/mwc-cmm.org\/wp-content\/uploads\/2026\/01\/MWC_Sig_Blue_Horiz_webheader1-logo.svg\",\"width\":786,\"height\":82,\"caption\":\"Mennonite World Conference\"},\"image\":{\"@id\":\"https:\/\/mwc-cmm.org\/en\/#\/schema\/logo\/image\/\"},\"sameAs\":[\"https:\/\/www.facebook.com\/MennoniteWorldConference\",\"https:\/\/www.linkedin.com\/company\/mennonite-world-conference-mwc\/\",\"https:\/\/www.instagram.com\/mwcmm\/\",\"https:\/\/www.youtube.com\/user\/mwccmm\",\"https:\/\/bsky.app\/profile\/mwcmm.bsky.social\"]}]}<\/script>\n<!-- \/ Yoast SEO plugin. -->","yoast_head_json":{"title":"Suscripci\u00f3n a publicaciones impresas - Mennonite World Conference","robots":{"index":"index","follow":"follow","max-snippet":"max-snippet:-1","max-image-preview":"max-image-preview:large","max-video-preview":"max-video-preview:-1"},"canonical":"https:\/\/mwc-cmm.org\/es\/suscripcion-a-publicaciones-impresas\/","og_locale":"es_ES","og_type":"article","og_title":"Suscripci\u00f3n a publicaciones impresas - Mennonite World Conference","og_description":"Por la suscripci\u00f3n en cualquiera de las publicaciones del CMM usted tambi\u00e9n recibir\u00e1 correos electr\u00f3nicos de parte de C\u00e9sar Garc\u00eda, nuestro Secretario General, en \u00abd\u00edas santos\u00bb (Domingo de la Fraternidad Mundial, Domingo de Resurrecci\u00f3n, Pentecost\u00e9s, Domingo de la Paz, Navidad).","og_url":"https:\/\/mwc-cmm.org\/es\/suscripcion-a-publicaciones-impresas\/","og_site_name":"Mennonite World Conference","article_publisher":"https:\/\/www.facebook.com\/MennoniteWorldConference","article_modified_time":"2025-01-28T15:40:45+00:00","schema":{"@context":"https:\/\/schema.org","@graph":[{"@type":"WebPage","@id":"https:\/\/mwc-cmm.org\/es\/suscripcion-a-publicaciones-impresas\/","url":"https:\/\/mwc-cmm.org\/es\/suscripcion-a-publicaciones-impresas\/","name":"Suscripci\u00f3n a publicaciones impresas - Mennonite World Conference","isPartOf":{"@id":"https:\/\/mwc-cmm.org\/en\/#website"},"datePublished":"2024-08-08T00:00:00+00:00","dateModified":"2025-01-28T15:40:45+00:00","breadcrumb":{"@id":"https:\/\/mwc-cmm.org\/es\/suscripcion-a-publicaciones-impresas\/#breadcrumb"},"inLanguage":"es","potentialAction":[{"@type":"ReadAction","target":["https:\/\/mwc-cmm.org\/es\/suscripcion-a-publicaciones-impresas\/"]}]},{"@type":"BreadcrumbList","@id":"https:\/\/mwc-cmm.org\/es\/suscripcion-a-publicaciones-impresas\/#breadcrumb","itemListElement":[{"@type":"ListItem","position":1,"name":"Home","item":"https:\/\/mwc-cmm.org\/es\/"},{"@type":"ListItem","position":2,"name":"Suscripci\u00f3n a publicaciones impresas"}]},{"@type":"WebSite","@id":"https:\/\/mwc-cmm.org\/en\/#website","url":"https:\/\/mwc-cmm.org\/en\/","name":"Mennonite World Conference","description":"A communion of Anabaptist-related churches","publisher":{"@id":"https:\/\/mwc-cmm.org\/en\/#organization"},"alternateName":"MWC","potentialAction":[{"@type":"SearchAction","target":{"@type":"EntryPoint","urlTemplate":"https:\/\/mwc-cmm.org\/en\/?s={search_term_string}"},"query-input":{"@type":"PropertyValueSpecification","valueRequired":true,"valueName":"search_term_string"}}],"inLanguage":"es"},{"@type":"Organization","@id":"https:\/\/mwc-cmm.org\/en\/#organization","name":"Mennonite World Conference","alternateName":"MWC","url":"https:\/\/mwc-cmm.org\/en\/","logo":{"@type":"ImageObject","inLanguage":"es","@id":"https:\/\/mwc-cmm.org\/en\/#\/schema\/logo\/image\/","url":"https:\/\/mwc-cmm.org\/wp-content\/uploads\/2026\/01\/MWC_Sig_Blue_Horiz_webheader1-logo.svg","contentUrl":"https:\/\/mwc-cmm.org\/wp-content\/uploads\/2026\/01\/MWC_Sig_Blue_Horiz_webheader1-logo.svg","width":786,"height":82,"caption":"Mennonite World Conference"},"image":{"@id":"https:\/\/mwc-cmm.org\/en\/#\/schema\/logo\/image\/"},"sameAs":["https:\/\/www.facebook.com\/MennoniteWorldConference","https:\/\/www.linkedin.com\/company\/mennonite-world-conference-mwc\/","https:\/\/www.instagram.com\/mwcmm\/","https:\/\/www.youtube.com\/user\/mwccmm","https:\/\/bsky.app\/profile\/mwcmm.bsky.social"]}]}},"_links":{"self":[{"href":"https:\/\/mwc-cmm.org\/es\/wp-json\/wp\/v2\/pages\/5832","targetHints":{"allow":["GET"]}}],"collection":[{"href":"https:\/\/mwc-cmm.org\/es\/wp-json\/wp\/v2\/pages"}],"about":[{"href":"https:\/\/mwc-cmm.org\/es\/wp-json\/wp\/v2\/types\/page"}],"author":[{"embeddable":true,"href":"https:\/\/mwc-cmm.org\/es\/wp-json\/wp\/v2\/users\/1"}],"replies":[{"embeddable":true,"href":"https:\/\/mwc-cmm.org\/es\/wp-json\/wp\/v2\/comments?post=5832"}],"version-history":[{"count":0,"href":"https:\/\/mwc-cmm.org\/es\/wp-json\/wp\/v2\/pages\/5832\/revisions"}],"up":[{"embeddable":true,"href":"https:\/\/mwc-cmm.org\/es\/wp-json\/wp\/v2\/pages\/11453"}],"wp:attachment":[{"href":"https:\/\/mwc-cmm.org\/es\/wp-json\/wp\/v2\/media?parent=5832"}],"curies":[{"name":"wp","href":"https:\/\/api.w.org\/{rel}","templated":true}]}}