{"id":5831,"date":"2024-07-25T00:00:00","date_gmt":"2024-07-25T00:00:00","guid":{"rendered":"https:\/\/mwc-cmm.org\/global-youth-summit-2025-2\/"},"modified":"2025-05-25T12:37:17","modified_gmt":"2025-05-25T12:37:17","slug":"cumbre-mundial-de-la-juventud-2025","status":"publish","type":"page","link":"https:\/\/mwc-cmm.org\/es\/jovenes-anabautistas-yabs\/cumbre-mundial-de-la-juventud-gys\/cumbre-mundial-de-la-juventud-2025\/","title":{"rendered":"Cumbre Mundial de la Juventud  2025"},"content":{"rendered":"\n<div class=\"wp-block-columns is-layout-flex wp-container-core-columns-is-layout-28f84493 wp-block-columns-is-layout-flex\">\n<div class=\"wp-block-column is-layout-flow wp-block-column-is-layout-flow\" style=\"flex-basis:66.66%\">\n<p>Cumbre Mundial de la Juventud (GYS): Un tiempo para adorar juntos, reflexionar sobre la fe en distintas culturas, aprender sobre la cultura local y crecer en el entendimiento a trav\u00e9s de talleres relevantes y del amor.&nbsp;<strong>Del 30 de mayo al 1 de junio&nbsp;2025<\/strong>&nbsp;se llevar\u00e1 a cabo la quinta (5\u00aa) Cumbre Mundial de la Juventud en Alemania con el tema:&nbsp;<strong>Empoderados por el amor &#8211; \u00abInspiriert durch Liebe<\/strong>\u00bb&nbsp;(1 Juan 4:11).<\/p>\n\n\n\n<p>El p\u00fablico objetivo son j\u00f3venes de entre 18 y 30 a\u00f1os, pero tambi\u00e9n pueden registrarse para participar grupos de j\u00f3venes acompa\u00f1ados por un adulto supervisor.<\/p>\n<\/div>\n\n\n\n<div class=\"wp-block-column is-layout-flow wp-block-column-is-layout-flow\" style=\"flex-basis:33.33%\">\n<figure class=\"wp-block-image size-large\"><img decoding=\"async\" width=\"724\" height=\"1024\" data-src=\"https:\/\/mwc-cmm.org\/wp-content\/uploads\/2025\/02\/GYS-Poster-SP-rev-724x1024.jpg\" alt=\"\" class=\"wp-image-109655 lazyload\" data-srcset=\"https:\/\/mwc-cmm.org\/wp-content\/uploads\/2025\/02\/GYS-Poster-SP-rev-724x1024.jpg 724w, https:\/\/mwc-cmm.org\/wp-content\/uploads\/2025\/02\/GYS-Poster-SP-rev-212x300.jpg 212w, https:\/\/mwc-cmm.org\/wp-content\/uploads\/2025\/02\/GYS-Poster-SP-rev-768x1086.jpg 768w, https:\/\/mwc-cmm.org\/wp-content\/uploads\/2025\/02\/GYS-Poster-SP-rev-1086x1536.jpg 1086w, https:\/\/mwc-cmm.org\/wp-content\/uploads\/2025\/02\/GYS-Poster-SP-rev-1448x2048.jpg 1448w, https:\/\/mwc-cmm.org\/wp-content\/uploads\/2025\/02\/GYS-Poster-SP-rev-scaled.jpg 1810w\" data-sizes=\"(max-width: 724px) 100vw, 724px\" src=\"data:image\/svg+xml;base64,PHN2ZyB3aWR0aD0iMSIgaGVpZ2h0PSIxIiB4bWxucz0iaHR0cDovL3d3dy53My5vcmcvMjAwMC9zdmciPjwvc3ZnPg==\" style=\"--smush-placeholder-width: 724px; --smush-placeholder-aspect-ratio: 724\/1024;\" \/><\/figure>\n<\/div>\n<\/div>\n\n\n\n<hr class=\"wp-block-separator has-alpha-channel-opacity\"\/>\n\n\n\n<h3 class=\"wp-block-heading\">Precios: &nbsp;<\/h3>\n\n\n\n<p>Tarifa diaria: 70 euros <\/p>\n\n\n\n<hr class=\"wp-block-separator has-alpha-channel-opacity\"\/>\n\n\n\n<h3 class=\"wp-block-heading\">Conexiones de tren<\/h3>\n\n\n\n<p>40 euros por trayecto. &nbsp;<br>11:34 de Zurich a Stuttgart &nbsp;<br>15:08 de Stuttgart a Schwabisch Gmund 15:43 pm<br>Luego caminar 26 minutos hasta &nbsp;<br><strong>Sch\u00f6nblick Christian Guest Center W\u00fcrttemberg (centro Cristiano de huespedes), Alemania<\/strong>&nbsp;<\/p>\n\n\n\n<p><iframe data-src=\"https:\/\/www.google.com\/maps\/embed?pb=!1m24!1m8!1m3!1d21021.831421343126!2d9.792374!3d48.806152!3m2!1i1024!2i768!4f13.1!4m13!3e0!4m5!1s0x4799080b4400e09d%3A0x41ffd3c8d096fd0!2zU2Nod8OkYmlzY2ggR23DvG5kLCBHZXJtYW55!3m2!1d48.7994019!2d9.8045704!4m5!1s0x4799a84476bb2fbb%3A0x9a505e38ac720319!2sSch%C3%B6nblick.%20Christliches%20G%C3%A4stezentrum%2C%20Willy-Schenk-Stra%C3%9Fe%209%2C%2073527%20Schw%C3%A4bisch%20Gm%C3%BCnd%2C%20Germany!3m2!1d48.8128107!2d9.781075399999999!5e0!3m2!1sen!2sid!4v1729545998107!5m2!1sen!2sid\" width=\"600\" height=\"450\" style=\"border:0;\" allowfullscreen=\"\" referrerpolicy=\"no-referrer-when-downgrade\" src=\"data:image\/svg+xml;base64,PHN2ZyB3aWR0aD0iMSIgaGVpZ2h0PSIxIiB4bWxucz0iaHR0cDovL3d3dy53My5vcmcvMjAwMC9zdmciPjwvc3ZnPg==\" class=\"lazyload\" data-load-mode=\"1\"><\/iframe><\/p>\n\n\n\n<h3 class=\"wp-block-heading\">Horario \/ Descripci\u00f3n general del programa GYS 2025:&nbsp;<\/h3>\n\n\n\n<figure class=\"wp-block-table\"><table class=\"has-fixed-layout\"><tbody><tr><td><strong>30 de mayo del 2025, viernes<\/strong><\/td><td><strong>Llegada<\/strong><\/td><\/tr><tr><td>16:00<\/td><td>Registro<\/td><\/tr><tr><td>18:00 \u2013 19:30<\/td><td>Cena<\/td><\/tr><tr><td>19:30 \u2013 21:30<\/td><td>Programaci\u00f3n de la noche &nbsp;&nbsp;<\/td><\/tr><tr><td>21:30 \u2013 23:00<strong><\/strong><\/td><td>Tiempo libre para relajarse<\/td><\/tr><tr><td><strong>31 de mayo del 2025, s\u00e1bado<\/strong><\/td><td>&nbsp;<\/td><\/tr><tr><td>07:30 \u2013 09:00<\/td><td>Desayuno<\/td><\/tr><tr><td>09:00 \u2013 09:30<\/td><td>Adoraci\u00f3n de la ma\u00f1ana &nbsp;<\/td><\/tr><tr><td>09:30 \u2013 10:00<\/td><td>Grupos<\/td><\/tr><tr><td>10:15&nbsp;\u2013&nbsp;11:45<\/td><td>Talleres de aprendizaje &nbsp;<\/td><\/tr><tr><td>12:00 \u2013 14:30<\/td><td>Receso del almuerzo y tiempo libre<\/td><\/tr><tr><td>15:00 \u2013 17:45<\/td><td>Actividades de la tarde<\/td><\/tr><tr><td>18:00 \u2013 19:30<\/td><td>Cena<\/td><\/tr><tr><td>19:00 \u2013 21:30<\/td><td>Programaci\u00f3n de la noche&nbsp;<\/td><\/tr><tr><td>21:30 \u2013 24:00<\/td><td>Tiempo libre para relajarse<\/td><\/tr><tr><td><strong>01 de junio del 2025, Domingo<\/strong><\/td><td>&nbsp;<\/td><\/tr><tr><td>07:30 \u2013 09:30<\/td><td>Desayuno<\/td><\/tr><tr><td>09:30 \u2013 11:45<\/td><td>Culto internacional<\/td><\/tr><tr><td>12:00 \u2013 13:00<\/td><td>Almuerzo<\/td><\/tr><tr><td>&nbsp;<\/td><td><strong>Salidas<\/strong><\/td><\/tr><\/tbody><\/table><\/figure>\n\n\n\n<p><\/p>\n","protected":false},"excerpt":{"rendered":"<p>Cumbre Mundial de la Juventud (GYS): Un tiempo para adorar juntos, reflexionar sobre la fe en distintas culturas, aprender sobre la cultura local y crecer en el entendimiento a trav\u00e9s de talleres relevantes y del amor.&nbsp;Del 30 de mayo al 1 de junio&nbsp;2025&nbsp;se llevar\u00e1 a cabo la quinta (5\u00aa) Cumbre Mundial de la Juventud en [&hellip;]<\/p>\n","protected":false},"author":1,"featured_media":0,"parent":5742,"menu_order":0,"comment_status":"closed","ping_status":"closed","template":"","meta":{"_acf_changed":false,"footnotes":""},"class_list":["post-5831","page","type-page","status-publish","hentry"],"acf":[],"yoast_head":"<!-- This site is optimized with the Yoast SEO plugin v27.2 - https:\/\/yoast.com\/product\/yoast-seo-wordpress\/ -->\n<title>Cumbre Mundial de la Juventud 2025 - Mennonite World Conference<\/title>\n<meta name=\"robots\" content=\"index, follow, max-snippet:-1, max-image-preview:large, max-video-preview:-1\" \/>\n<link rel=\"canonical\" href=\"https:\/\/mwc-cmm.org\/es\/cumbre-mundial-de-la-juventud-gys\/cumbre-mundial-de-la-juventud-2025\/\" \/>\n<meta property=\"og:locale\" content=\"es_ES\" \/>\n<meta property=\"og:type\" content=\"article\" \/>\n<meta property=\"og:title\" content=\"Cumbre Mundial de la Juventud 2025 - Mennonite World Conference\" \/>\n<meta property=\"og:description\" content=\"Cumbre Mundial de la Juventud (GYS): Un tiempo para adorar juntos, reflexionar sobre la fe en distintas culturas, aprender sobre la cultura local y crecer en el entendimiento a trav\u00e9s de talleres relevantes y del amor.&nbsp;Del 30 de mayo al 1 de junio&nbsp;2025&nbsp;se llevar\u00e1 a cabo la quinta (5\u00aa) Cumbre Mundial de la Juventud en [&hellip;]\" \/>\n<meta property=\"og:url\" content=\"https:\/\/mwc-cmm.org\/es\/cumbre-mundial-de-la-juventud-gys\/cumbre-mundial-de-la-juventud-2025\/\" \/>\n<meta property=\"og:site_name\" content=\"Mennonite World Conference\" \/>\n<meta property=\"article:publisher\" content=\"https:\/\/www.facebook.com\/MennoniteWorldConference\" \/>\n<meta property=\"article:modified_time\" content=\"2025-05-25T12:37:17+00:00\" \/>\n<meta property=\"og:image\" content=\"https:\/\/mwc-cmm.org\/wp-content\/uploads\/2025\/02\/GYS-Poster-SP-rev-scaled.jpg\" \/>\n\t<meta property=\"og:image:width\" content=\"1810\" \/>\n\t<meta property=\"og:image:height\" content=\"2560\" \/>\n\t<meta property=\"og:image:type\" content=\"image\/jpeg\" \/>\n<script type=\"application\/ld+json\" class=\"yoast-schema-graph\">{\"@context\":\"https:\/\/schema.org\",\"@graph\":[{\"@type\":\"WebPage\",\"@id\":\"https:\/\/mwc-cmm.org\/es\/cumbre-mundial-de-la-juventud-gys\/cumbre-mundial-de-la-juventud-2025\/\",\"url\":\"https:\/\/mwc-cmm.org\/es\/cumbre-mundial-de-la-juventud-gys\/cumbre-mundial-de-la-juventud-2025\/\",\"name\":\"Cumbre Mundial de la Juventud 2025 - Mennonite World Conference\",\"isPartOf\":{\"@id\":\"https:\/\/mwc-cmm.org\/en\/#website\"},\"primaryImageOfPage\":{\"@id\":\"https:\/\/mwc-cmm.org\/es\/cumbre-mundial-de-la-juventud-gys\/cumbre-mundial-de-la-juventud-2025\/#primaryimage\"},\"image\":{\"@id\":\"https:\/\/mwc-cmm.org\/es\/cumbre-mundial-de-la-juventud-gys\/cumbre-mundial-de-la-juventud-2025\/#primaryimage\"},\"thumbnailUrl\":\"https:\/\/mwc-cmm.org\/wp-content\/uploads\/2025\/02\/GYS-Poster-SP-rev-724x1024.jpg\",\"datePublished\":\"2024-07-25T00:00:00+00:00\",\"dateModified\":\"2025-05-25T12:37:17+00:00\",\"breadcrumb\":{\"@id\":\"https:\/\/mwc-cmm.org\/es\/cumbre-mundial-de-la-juventud-gys\/cumbre-mundial-de-la-juventud-2025\/#breadcrumb\"},\"inLanguage\":\"es\",\"potentialAction\":[{\"@type\":\"ReadAction\",\"target\":[\"https:\/\/mwc-cmm.org\/es\/cumbre-mundial-de-la-juventud-gys\/cumbre-mundial-de-la-juventud-2025\/\"]}]},{\"@type\":\"ImageObject\",\"inLanguage\":\"es\",\"@id\":\"https:\/\/mwc-cmm.org\/es\/cumbre-mundial-de-la-juventud-gys\/cumbre-mundial-de-la-juventud-2025\/#primaryimage\",\"url\":\"https:\/\/mwc-cmm.org\/wp-content\/uploads\/2025\/02\/GYS-Poster-SP-rev-724x1024.jpg\",\"contentUrl\":\"https:\/\/mwc-cmm.org\/wp-content\/uploads\/2025\/02\/GYS-Poster-SP-rev-724x1024.jpg\"},{\"@type\":\"BreadcrumbList\",\"@id\":\"https:\/\/mwc-cmm.org\/es\/cumbre-mundial-de-la-juventud-gys\/cumbre-mundial-de-la-juventud-2025\/#breadcrumb\",\"itemListElement\":[{\"@type\":\"ListItem\",\"position\":1,\"name\":\"Home\",\"item\":\"https:\/\/mwc-cmm.org\/es\/\"},{\"@type\":\"ListItem\",\"position\":2,\"name\":\"Cumbre Mundial de la Juventud (GYS)\",\"item\":\"https:\/\/mwc-cmm.org\/es\/cumbre-mundial-de-la-juventud-gys\/\"},{\"@type\":\"ListItem\",\"position\":3,\"name\":\"Cumbre Mundial de la Juventud 2025\"}]},{\"@type\":\"WebSite\",\"@id\":\"https:\/\/mwc-cmm.org\/en\/#website\",\"url\":\"https:\/\/mwc-cmm.org\/en\/\",\"name\":\"Mennonite World Conference\",\"description\":\"A communion of Anabaptist-related churches\",\"publisher\":{\"@id\":\"https:\/\/mwc-cmm.org\/en\/#organization\"},\"alternateName\":\"MWC\",\"potentialAction\":[{\"@type\":\"SearchAction\",\"target\":{\"@type\":\"EntryPoint\",\"urlTemplate\":\"https:\/\/mwc-cmm.org\/en\/?s={search_term_string}\"},\"query-input\":{\"@type\":\"PropertyValueSpecification\",\"valueRequired\":true,\"valueName\":\"search_term_string\"}}],\"inLanguage\":\"es\"},{\"@type\":\"Organization\",\"@id\":\"https:\/\/mwc-cmm.org\/en\/#organization\",\"name\":\"Mennonite World Conference\",\"alternateName\":\"MWC\",\"url\":\"https:\/\/mwc-cmm.org\/en\/\",\"logo\":{\"@type\":\"ImageObject\",\"inLanguage\":\"es\",\"@id\":\"https:\/\/mwc-cmm.org\/en\/#\/schema\/logo\/image\/\",\"url\":\"https:\/\/mwc-cmm.org\/wp-content\/uploads\/2026\/01\/MWC_Sig_Blue_Horiz_webheader1-logo.svg\",\"contentUrl\":\"https:\/\/mwc-cmm.org\/wp-content\/uploads\/2026\/01\/MWC_Sig_Blue_Horiz_webheader1-logo.svg\",\"width\":786,\"height\":82,\"caption\":\"Mennonite World Conference\"},\"image\":{\"@id\":\"https:\/\/mwc-cmm.org\/en\/#\/schema\/logo\/image\/\"},\"sameAs\":[\"https:\/\/www.facebook.com\/MennoniteWorldConference\",\"https:\/\/www.linkedin.com\/company\/mennonite-world-conference-mwc\/\",\"https:\/\/www.instagram.com\/mwcmm\/\",\"https:\/\/www.youtube.com\/user\/mwccmm\",\"https:\/\/bsky.app\/profile\/mwcmm.bsky.social\"]}]}<\/script>\n<!-- \/ Yoast SEO plugin. -->","yoast_head_json":{"title":"Cumbre Mundial de la Juventud 2025 - Mennonite World Conference","robots":{"index":"index","follow":"follow","max-snippet":"max-snippet:-1","max-image-preview":"max-image-preview:large","max-video-preview":"max-video-preview:-1"},"canonical":"https:\/\/mwc-cmm.org\/es\/cumbre-mundial-de-la-juventud-gys\/cumbre-mundial-de-la-juventud-2025\/","og_locale":"es_ES","og_type":"article","og_title":"Cumbre Mundial de la Juventud 2025 - Mennonite World Conference","og_description":"Cumbre Mundial de la Juventud (GYS): Un tiempo para adorar juntos, reflexionar sobre la fe en distintas culturas, aprender sobre la cultura local y crecer en el entendimiento a trav\u00e9s de talleres relevantes y del amor.&nbsp;Del 30 de mayo al 1 de junio&nbsp;2025&nbsp;se llevar\u00e1 a cabo la quinta (5\u00aa) Cumbre Mundial de la Juventud en [&hellip;]","og_url":"https:\/\/mwc-cmm.org\/es\/cumbre-mundial-de-la-juventud-gys\/cumbre-mundial-de-la-juventud-2025\/","og_site_name":"Mennonite World Conference","article_publisher":"https:\/\/www.facebook.com\/MennoniteWorldConference","article_modified_time":"2025-05-25T12:37:17+00:00","og_image":[{"width":1810,"height":2560,"url":"https:\/\/mwc-cmm.org\/wp-content\/uploads\/2025\/02\/GYS-Poster-SP-rev-scaled.jpg","type":"image\/jpeg"}],"schema":{"@context":"https:\/\/schema.org","@graph":[{"@type":"WebPage","@id":"https:\/\/mwc-cmm.org\/es\/cumbre-mundial-de-la-juventud-gys\/cumbre-mundial-de-la-juventud-2025\/","url":"https:\/\/mwc-cmm.org\/es\/cumbre-mundial-de-la-juventud-gys\/cumbre-mundial-de-la-juventud-2025\/","name":"Cumbre Mundial de la Juventud 2025 - Mennonite World Conference","isPartOf":{"@id":"https:\/\/mwc-cmm.org\/en\/#website"},"primaryImageOfPage":{"@id":"https:\/\/mwc-cmm.org\/es\/cumbre-mundial-de-la-juventud-gys\/cumbre-mundial-de-la-juventud-2025\/#primaryimage"},"image":{"@id":"https:\/\/mwc-cmm.org\/es\/cumbre-mundial-de-la-juventud-gys\/cumbre-mundial-de-la-juventud-2025\/#primaryimage"},"thumbnailUrl":"https:\/\/mwc-cmm.org\/wp-content\/uploads\/2025\/02\/GYS-Poster-SP-rev-724x1024.jpg","datePublished":"2024-07-25T00:00:00+00:00","dateModified":"2025-05-25T12:37:17+00:00","breadcrumb":{"@id":"https:\/\/mwc-cmm.org\/es\/cumbre-mundial-de-la-juventud-gys\/cumbre-mundial-de-la-juventud-2025\/#breadcrumb"},"inLanguage":"es","potentialAction":[{"@type":"ReadAction","target":["https:\/\/mwc-cmm.org\/es\/cumbre-mundial-de-la-juventud-gys\/cumbre-mundial-de-la-juventud-2025\/"]}]},{"@type":"ImageObject","inLanguage":"es","@id":"https:\/\/mwc-cmm.org\/es\/cumbre-mundial-de-la-juventud-gys\/cumbre-mundial-de-la-juventud-2025\/#primaryimage","url":"https:\/\/mwc-cmm.org\/wp-content\/uploads\/2025\/02\/GYS-Poster-SP-rev-724x1024.jpg","contentUrl":"https:\/\/mwc-cmm.org\/wp-content\/uploads\/2025\/02\/GYS-Poster-SP-rev-724x1024.jpg"},{"@type":"BreadcrumbList","@id":"https:\/\/mwc-cmm.org\/es\/cumbre-mundial-de-la-juventud-gys\/cumbre-mundial-de-la-juventud-2025\/#breadcrumb","itemListElement":[{"@type":"ListItem","position":1,"name":"Home","item":"https:\/\/mwc-cmm.org\/es\/"},{"@type":"ListItem","position":2,"name":"Cumbre Mundial de la Juventud (GYS)","item":"https:\/\/mwc-cmm.org\/es\/cumbre-mundial-de-la-juventud-gys\/"},{"@type":"ListItem","position":3,"name":"Cumbre Mundial de la Juventud 2025"}]},{"@type":"WebSite","@id":"https:\/\/mwc-cmm.org\/en\/#website","url":"https:\/\/mwc-cmm.org\/en\/","name":"Mennonite World Conference","description":"A communion of Anabaptist-related churches","publisher":{"@id":"https:\/\/mwc-cmm.org\/en\/#organization"},"alternateName":"MWC","potentialAction":[{"@type":"SearchAction","target":{"@type":"EntryPoint","urlTemplate":"https:\/\/mwc-cmm.org\/en\/?s={search_term_string}"},"query-input":{"@type":"PropertyValueSpecification","valueRequired":true,"valueName":"search_term_string"}}],"inLanguage":"es"},{"@type":"Organization","@id":"https:\/\/mwc-cmm.org\/en\/#organization","name":"Mennonite World Conference","alternateName":"MWC","url":"https:\/\/mwc-cmm.org\/en\/","logo":{"@type":"ImageObject","inLanguage":"es","@id":"https:\/\/mwc-cmm.org\/en\/#\/schema\/logo\/image\/","url":"https:\/\/mwc-cmm.org\/wp-content\/uploads\/2026\/01\/MWC_Sig_Blue_Horiz_webheader1-logo.svg","contentUrl":"https:\/\/mwc-cmm.org\/wp-content\/uploads\/2026\/01\/MWC_Sig_Blue_Horiz_webheader1-logo.svg","width":786,"height":82,"caption":"Mennonite World Conference"},"image":{"@id":"https:\/\/mwc-cmm.org\/en\/#\/schema\/logo\/image\/"},"sameAs":["https:\/\/www.facebook.com\/MennoniteWorldConference","https:\/\/www.linkedin.com\/company\/mennonite-world-conference-mwc\/","https:\/\/www.instagram.com\/mwcmm\/","https:\/\/www.youtube.com\/user\/mwccmm","https:\/\/bsky.app\/profile\/mwcmm.bsky.social"]}]}},"_links":{"self":[{"href":"https:\/\/mwc-cmm.org\/es\/wp-json\/wp\/v2\/pages\/5831","targetHints":{"allow":["GET"]}}],"collection":[{"href":"https:\/\/mwc-cmm.org\/es\/wp-json\/wp\/v2\/pages"}],"about":[{"href":"https:\/\/mwc-cmm.org\/es\/wp-json\/wp\/v2\/types\/page"}],"author":[{"embeddable":true,"href":"https:\/\/mwc-cmm.org\/es\/wp-json\/wp\/v2\/users\/1"}],"replies":[{"embeddable":true,"href":"https:\/\/mwc-cmm.org\/es\/wp-json\/wp\/v2\/comments?post=5831"}],"version-history":[{"count":0,"href":"https:\/\/mwc-cmm.org\/es\/wp-json\/wp\/v2\/pages\/5831\/revisions"}],"up":[{"embeddable":true,"href":"https:\/\/mwc-cmm.org\/es\/wp-json\/wp\/v2\/pages\/5742"}],"wp:attachment":[{"href":"https:\/\/mwc-cmm.org\/es\/wp-json\/wp\/v2\/media?parent=5831"}],"curies":[{"name":"wp","href":"https:\/\/api.w.org\/{rel}","templated":true}]}}