{"id":5799,"date":"2020-12-15T00:00:00","date_gmt":"2020-12-15T00:00:00","guid":{"rendered":"https:\/\/mwc-cmm.org\/christmas-2020-2\/"},"modified":"2025-12-22T22:01:27","modified_gmt":"2025-12-22T22:01:27","slug":"felicitaciones-navidenas","status":"publish","type":"page","link":"https:\/\/mwc-cmm.org\/es\/felicitaciones-navidenas\/","title":{"rendered":"Felicitaciones navide\u00f1as"},"content":{"rendered":"\n<details class=\"wp-block-details is-layout-flow wp-block-details-is-layout-flow\"><summary>Navidad 2025<\/summary>\n<p>\u201cTodos ten\u00edan que ir a su propio pueblo a inscribirse. Por esto, Jos\u00e9 sali\u00f3 del pueblo de Nazaret, de la regi\u00f3n de Galilea, y se fue a Bel\u00e9n, en Judea\u2026porque Jos\u00e9 era descendiente de David.\u201d&nbsp;<\/p>\n\n\n\n<p>Lucas 2:3-4&nbsp;<\/p>\n\n\n\n<p><em>En la primera Navidad, Jos\u00e9 y Mar\u00eda regresaron a sus ra\u00edces, as\u00ed como lo hicimos nosotros en este a\u00f1o de aniversario. Que tambi\u00e9n podamos vivir en una nueva era del Pr\u00edncipe de Paz.<\/em>\u00a0<\/p>\n\n\n\n<div class=\"wp-block-columns is-layout-flex wp-container-core-columns-is-layout-28f84493 wp-block-columns-is-layout-flex\">\n<div class=\"wp-block-column is-layout-flow wp-block-column-is-layout-flow\">\n<figure class=\"wp-block-image size-full\"><img decoding=\"async\" width=\"640\" height=\"800\" data-src=\"https:\/\/mwc-cmm.org\/wp-content\/uploads\/2025\/12\/2025-Christmas-IG-feed_RGB-01.jpg\" alt=\"\" class=\"wp-image-122309 lazyload\" data-srcset=\"https:\/\/mwc-cmm.org\/wp-content\/uploads\/2025\/12\/2025-Christmas-IG-feed_RGB-01.jpg 640w, https:\/\/mwc-cmm.org\/wp-content\/uploads\/2025\/12\/2025-Christmas-IG-feed_RGB-01-240x300.jpg 240w\" data-sizes=\"(max-width: 640px) 100vw, 640px\" src=\"data:image\/svg+xml;base64,PHN2ZyB3aWR0aD0iMSIgaGVpZ2h0PSIxIiB4bWxucz0iaHR0cDovL3d3dy53My5vcmcvMjAwMC9zdmciPjwvc3ZnPg==\" style=\"--smush-placeholder-width: 640px; --smush-placeholder-aspect-ratio: 640\/800;\" \/><\/figure>\n<\/div>\n\n\n\n<div class=\"wp-block-column is-layout-flow wp-block-column-is-layout-flow\">\n<figure class=\"wp-block-image size-large\"><img decoding=\"async\" width=\"819\" height=\"1024\" data-src=\"https:\/\/mwc-cmm.org\/wp-content\/uploads\/2025\/12\/2025-Christmas-IG-feed_RGB-02-819x1024.jpg\" alt=\"\" class=\"wp-image-122323 lazyload\" data-srcset=\"https:\/\/mwc-cmm.org\/wp-content\/uploads\/2025\/12\/2025-Christmas-IG-feed_RGB-02-819x1024.jpg 819w, https:\/\/mwc-cmm.org\/wp-content\/uploads\/2025\/12\/2025-Christmas-IG-feed_RGB-02-240x300.jpg 240w, https:\/\/mwc-cmm.org\/wp-content\/uploads\/2025\/12\/2025-Christmas-IG-feed_RGB-02-768x960.jpg 768w, https:\/\/mwc-cmm.org\/wp-content\/uploads\/2025\/12\/2025-Christmas-IG-feed_RGB-02-1229x1536.jpg 1229w, https:\/\/mwc-cmm.org\/wp-content\/uploads\/2025\/12\/2025-Christmas-IG-feed_RGB-02-1638x2048.jpg 1638w, https:\/\/mwc-cmm.org\/wp-content\/uploads\/2025\/12\/2025-Christmas-IG-feed_RGB-02-scaled.jpg 2048w\" data-sizes=\"(max-width: 819px) 100vw, 819px\" src=\"data:image\/svg+xml;base64,PHN2ZyB3aWR0aD0iMSIgaGVpZ2h0PSIxIiB4bWxucz0iaHR0cDovL3d3dy53My5vcmcvMjAwMC9zdmciPjwvc3ZnPg==\" style=\"--smush-placeholder-width: 819px; --smush-placeholder-aspect-ratio: 819\/1024;\" \/><\/figure>\n<\/div>\n<\/div>\n<\/details>\n","protected":false},"excerpt":{"rendered":"","protected":false},"author":1,"featured_media":0,"parent":0,"menu_order":0,"comment_status":"closed","ping_status":"closed","template":"","meta":{"_acf_changed":false,"footnotes":""},"class_list":["post-5799","page","type-page","status-publish","hentry"],"acf":[],"yoast_head":"<!-- This site is optimized with the Yoast SEO plugin v27.5 - https:\/\/yoast.com\/product\/yoast-seo-wordpress\/ -->\n<title>Felicitaciones navide\u00f1as - Mennonite World Conference<\/title>\n<meta name=\"description\" content=\"Felicitaciones navide\u00f1as\" \/>\n<meta name=\"robots\" content=\"index, follow, max-snippet:-1, max-image-preview:large, max-video-preview:-1\" \/>\n<link rel=\"canonical\" href=\"https:\/\/mwc-cmm.org\/es\/felicitaciones-navidenas\/\" \/>\n<meta property=\"og:locale\" content=\"es_ES\" \/>\n<meta property=\"og:type\" content=\"article\" \/>\n<meta property=\"og:title\" content=\"Felicitaciones navide\u00f1as - Mennonite World Conference\" \/>\n<meta property=\"og:description\" content=\"Felicitaciones navide\u00f1as\" \/>\n<meta property=\"og:url\" content=\"https:\/\/mwc-cmm.org\/es\/felicitaciones-navidenas\/\" \/>\n<meta property=\"og:site_name\" content=\"Mennonite World Conference\" \/>\n<meta property=\"article:publisher\" content=\"https:\/\/www.facebook.com\/MennoniteWorldConference\" \/>\n<meta property=\"article:modified_time\" content=\"2025-12-22T22:01:27+00:00\" \/>\n<meta property=\"og:image\" content=\"https:\/\/mwc-cmm.org\/wp-content\/uploads\/2025\/12\/2025-Christmas-IG-feed_RGB-01.jpg\" \/>\n\t<meta property=\"og:image:width\" content=\"640\" \/>\n\t<meta property=\"og:image:height\" content=\"800\" \/>\n\t<meta property=\"og:image:type\" content=\"image\/jpeg\" \/>\n<script type=\"application\/ld+json\" class=\"yoast-schema-graph\">{\"@context\":\"https:\\\/\\\/schema.org\",\"@graph\":[{\"@type\":\"WebPage\",\"@id\":\"https:\\\/\\\/mwc-cmm.org\\\/es\\\/felicitaciones-navidenas\\\/\",\"url\":\"https:\\\/\\\/mwc-cmm.org\\\/es\\\/felicitaciones-navidenas\\\/\",\"name\":\"Felicitaciones navide\u00f1as - Mennonite World Conference\",\"isPartOf\":{\"@id\":\"https:\\\/\\\/mwc-cmm.org\\\/en\\\/#website\"},\"primaryImageOfPage\":{\"@id\":\"https:\\\/\\\/mwc-cmm.org\\\/es\\\/felicitaciones-navidenas\\\/#primaryimage\"},\"image\":{\"@id\":\"https:\\\/\\\/mwc-cmm.org\\\/es\\\/felicitaciones-navidenas\\\/#primaryimage\"},\"thumbnailUrl\":\"https:\\\/\\\/mwc-cmm.org\\\/wp-content\\\/uploads\\\/2025\\\/12\\\/2025-Christmas-IG-feed_RGB-01.jpg\",\"datePublished\":\"2020-12-15T00:00:00+00:00\",\"dateModified\":\"2025-12-22T22:01:27+00:00\",\"description\":\"Felicitaciones navide\u00f1as\",\"breadcrumb\":{\"@id\":\"https:\\\/\\\/mwc-cmm.org\\\/es\\\/felicitaciones-navidenas\\\/#breadcrumb\"},\"inLanguage\":\"es\",\"potentialAction\":[{\"@type\":\"ReadAction\",\"target\":[\"https:\\\/\\\/mwc-cmm.org\\\/es\\\/felicitaciones-navidenas\\\/\"]}]},{\"@type\":\"ImageObject\",\"inLanguage\":\"es\",\"@id\":\"https:\\\/\\\/mwc-cmm.org\\\/es\\\/felicitaciones-navidenas\\\/#primaryimage\",\"url\":\"https:\\\/\\\/mwc-cmm.org\\\/wp-content\\\/uploads\\\/2025\\\/12\\\/2025-Christmas-IG-feed_RGB-01.jpg\",\"contentUrl\":\"https:\\\/\\\/mwc-cmm.org\\\/wp-content\\\/uploads\\\/2025\\\/12\\\/2025-Christmas-IG-feed_RGB-01.jpg\"},{\"@type\":\"BreadcrumbList\",\"@id\":\"https:\\\/\\\/mwc-cmm.org\\\/es\\\/felicitaciones-navidenas\\\/#breadcrumb\",\"itemListElement\":[{\"@type\":\"ListItem\",\"position\":1,\"name\":\"Home\",\"item\":\"https:\\\/\\\/mwc-cmm.org\\\/es\\\/\"},{\"@type\":\"ListItem\",\"position\":2,\"name\":\"Felicitaciones navide\u00f1as\"}]},{\"@type\":\"WebSite\",\"@id\":\"https:\\\/\\\/mwc-cmm.org\\\/en\\\/#website\",\"url\":\"https:\\\/\\\/mwc-cmm.org\\\/en\\\/\",\"name\":\"Mennonite World Conference\",\"description\":\"A communion of Anabaptist-related churches\",\"publisher\":{\"@id\":\"https:\\\/\\\/mwc-cmm.org\\\/en\\\/#organization\"},\"alternateName\":\"MWC\",\"potentialAction\":[{\"@type\":\"SearchAction\",\"target\":{\"@type\":\"EntryPoint\",\"urlTemplate\":\"https:\\\/\\\/mwc-cmm.org\\\/en\\\/?s={search_term_string}\"},\"query-input\":{\"@type\":\"PropertyValueSpecification\",\"valueRequired\":true,\"valueName\":\"search_term_string\"}}],\"inLanguage\":\"es\"},{\"@type\":\"Organization\",\"@id\":\"https:\\\/\\\/mwc-cmm.org\\\/en\\\/#organization\",\"name\":\"Mennonite World Conference\",\"alternateName\":\"MWC\",\"url\":\"https:\\\/\\\/mwc-cmm.org\\\/en\\\/\",\"logo\":{\"@type\":\"ImageObject\",\"inLanguage\":\"es\",\"@id\":\"https:\\\/\\\/mwc-cmm.org\\\/en\\\/#\\\/schema\\\/logo\\\/image\\\/\",\"url\":\"https:\\\/\\\/mwc-cmm.org\\\/wp-content\\\/uploads\\\/2026\\\/01\\\/MWC_Sig_Blue_Horiz_webheader1-logo.svg\",\"contentUrl\":\"https:\\\/\\\/mwc-cmm.org\\\/wp-content\\\/uploads\\\/2026\\\/01\\\/MWC_Sig_Blue_Horiz_webheader1-logo.svg\",\"width\":786,\"height\":82,\"caption\":\"Mennonite World Conference\"},\"image\":{\"@id\":\"https:\\\/\\\/mwc-cmm.org\\\/en\\\/#\\\/schema\\\/logo\\\/image\\\/\"},\"sameAs\":[\"https:\\\/\\\/www.facebook.com\\\/MennoniteWorldConference\",\"https:\\\/\\\/www.linkedin.com\\\/company\\\/mennonite-world-conference-mwc\\\/\",\"https:\\\/\\\/www.instagram.com\\\/mwcmm\\\/\",\"https:\\\/\\\/www.youtube.com\\\/user\\\/mwccmm\",\"https:\\\/\\\/bsky.app\\\/profile\\\/mwcmm.bsky.social\"]}]}<\/script>\n<!-- \/ Yoast SEO plugin. -->","yoast_head_json":{"title":"Felicitaciones navide\u00f1as - Mennonite World Conference","description":"Felicitaciones navide\u00f1as","robots":{"index":"index","follow":"follow","max-snippet":"max-snippet:-1","max-image-preview":"max-image-preview:large","max-video-preview":"max-video-preview:-1"},"canonical":"https:\/\/mwc-cmm.org\/es\/felicitaciones-navidenas\/","og_locale":"es_ES","og_type":"article","og_title":"Felicitaciones navide\u00f1as - Mennonite World Conference","og_description":"Felicitaciones navide\u00f1as","og_url":"https:\/\/mwc-cmm.org\/es\/felicitaciones-navidenas\/","og_site_name":"Mennonite World Conference","article_publisher":"https:\/\/www.facebook.com\/MennoniteWorldConference","article_modified_time":"2025-12-22T22:01:27+00:00","og_image":[{"width":640,"height":800,"url":"https:\/\/mwc-cmm.org\/wp-content\/uploads\/2025\/12\/2025-Christmas-IG-feed_RGB-01.jpg","type":"image\/jpeg"}],"schema":{"@context":"https:\/\/schema.org","@graph":[{"@type":"WebPage","@id":"https:\/\/mwc-cmm.org\/es\/felicitaciones-navidenas\/","url":"https:\/\/mwc-cmm.org\/es\/felicitaciones-navidenas\/","name":"Felicitaciones navide\u00f1as - Mennonite World Conference","isPartOf":{"@id":"https:\/\/mwc-cmm.org\/en\/#website"},"primaryImageOfPage":{"@id":"https:\/\/mwc-cmm.org\/es\/felicitaciones-navidenas\/#primaryimage"},"image":{"@id":"https:\/\/mwc-cmm.org\/es\/felicitaciones-navidenas\/#primaryimage"},"thumbnailUrl":"https:\/\/mwc-cmm.org\/wp-content\/uploads\/2025\/12\/2025-Christmas-IG-feed_RGB-01.jpg","datePublished":"2020-12-15T00:00:00+00:00","dateModified":"2025-12-22T22:01:27+00:00","description":"Felicitaciones navide\u00f1as","breadcrumb":{"@id":"https:\/\/mwc-cmm.org\/es\/felicitaciones-navidenas\/#breadcrumb"},"inLanguage":"es","potentialAction":[{"@type":"ReadAction","target":["https:\/\/mwc-cmm.org\/es\/felicitaciones-navidenas\/"]}]},{"@type":"ImageObject","inLanguage":"es","@id":"https:\/\/mwc-cmm.org\/es\/felicitaciones-navidenas\/#primaryimage","url":"https:\/\/mwc-cmm.org\/wp-content\/uploads\/2025\/12\/2025-Christmas-IG-feed_RGB-01.jpg","contentUrl":"https:\/\/mwc-cmm.org\/wp-content\/uploads\/2025\/12\/2025-Christmas-IG-feed_RGB-01.jpg"},{"@type":"BreadcrumbList","@id":"https:\/\/mwc-cmm.org\/es\/felicitaciones-navidenas\/#breadcrumb","itemListElement":[{"@type":"ListItem","position":1,"name":"Home","item":"https:\/\/mwc-cmm.org\/es\/"},{"@type":"ListItem","position":2,"name":"Felicitaciones navide\u00f1as"}]},{"@type":"WebSite","@id":"https:\/\/mwc-cmm.org\/en\/#website","url":"https:\/\/mwc-cmm.org\/en\/","name":"Mennonite World Conference","description":"A communion of Anabaptist-related churches","publisher":{"@id":"https:\/\/mwc-cmm.org\/en\/#organization"},"alternateName":"MWC","potentialAction":[{"@type":"SearchAction","target":{"@type":"EntryPoint","urlTemplate":"https:\/\/mwc-cmm.org\/en\/?s={search_term_string}"},"query-input":{"@type":"PropertyValueSpecification","valueRequired":true,"valueName":"search_term_string"}}],"inLanguage":"es"},{"@type":"Organization","@id":"https:\/\/mwc-cmm.org\/en\/#organization","name":"Mennonite World Conference","alternateName":"MWC","url":"https:\/\/mwc-cmm.org\/en\/","logo":{"@type":"ImageObject","inLanguage":"es","@id":"https:\/\/mwc-cmm.org\/en\/#\/schema\/logo\/image\/","url":"https:\/\/mwc-cmm.org\/wp-content\/uploads\/2026\/01\/MWC_Sig_Blue_Horiz_webheader1-logo.svg","contentUrl":"https:\/\/mwc-cmm.org\/wp-content\/uploads\/2026\/01\/MWC_Sig_Blue_Horiz_webheader1-logo.svg","width":786,"height":82,"caption":"Mennonite World Conference"},"image":{"@id":"https:\/\/mwc-cmm.org\/en\/#\/schema\/logo\/image\/"},"sameAs":["https:\/\/www.facebook.com\/MennoniteWorldConference","https:\/\/www.linkedin.com\/company\/mennonite-world-conference-mwc\/","https:\/\/www.instagram.com\/mwcmm\/","https:\/\/www.youtube.com\/user\/mwccmm","https:\/\/bsky.app\/profile\/mwcmm.bsky.social"]}]}},"_links":{"self":[{"href":"https:\/\/mwc-cmm.org\/es\/wp-json\/wp\/v2\/pages\/5799","targetHints":{"allow":["GET"]}}],"collection":[{"href":"https:\/\/mwc-cmm.org\/es\/wp-json\/wp\/v2\/pages"}],"about":[{"href":"https:\/\/mwc-cmm.org\/es\/wp-json\/wp\/v2\/types\/page"}],"author":[{"embeddable":true,"href":"https:\/\/mwc-cmm.org\/es\/wp-json\/wp\/v2\/users\/1"}],"replies":[{"embeddable":true,"href":"https:\/\/mwc-cmm.org\/es\/wp-json\/wp\/v2\/comments?post=5799"}],"version-history":[{"count":0,"href":"https:\/\/mwc-cmm.org\/es\/wp-json\/wp\/v2\/pages\/5799\/revisions"}],"wp:attachment":[{"href":"https:\/\/mwc-cmm.org\/es\/wp-json\/wp\/v2\/media?parent=5799"}],"curies":[{"name":"wp","href":"https:\/\/api.w.org\/{rel}","templated":true}]}}