{"id":5796,"date":"2020-11-04T00:00:00","date_gmt":"2020-11-04T00:00:00","guid":{"rendered":"https:\/\/mwc-cmm.org\/awfs-2021-celebration-map-2\/"},"modified":"2024-11-15T22:55:35","modified_gmt":"2024-11-15T22:55:35","slug":"mapa-de-celebracion-del-awfs","status":"publish","type":"page","link":"https:\/\/mwc-cmm.org\/es\/domingo-de-la-fraternidad-anabautista-mundial\/mapa-de-celebracion-del-awfs\/","title":{"rendered":"Mapa de celebraci\u00f3n del AWFS"},"content":{"rendered":"\n<p>Si usted planea participar del Domingo de la Fraternidad Anabautista Mundial (AWFS por sus siglas en ingl\u00e9s), coloque un pin de localizaci\u00f3n aqu\u00ed (vea las instrucciones en la parte inferior) para que podamos celebrar y orar junto con usted:\u00a0<\/p>\n\n\n\n<p><em>image<\/em><\/p>\n\n\n\n<p>Como agregar un pin<\/p>\n\n\n\n<p>En el escritorio:<\/p>\n\n\n\n<p>Abra el mapa en google maps<\/p>\n\n\n\n<p><em>image<\/em><\/p>\n\n\n\n<p>Haga clic en \u201ceditar\u201d<\/p>\n\n\n\n<p><em>image<\/em><\/p>\n\n\n\n<p>Seleccione la opci\u00f3n \u201csoltar un pin\u201d. Use la barra de b\u00fasqueda para buscar el nombre de su congregaci\u00f3n\/ciudad. Haga clic en \u201cagregue su pin\u201d.<\/p>\n\n\n\n<p><em>image<\/em><\/p>\n\n\n\n<p>A\u00f1ada el nombre de su congregaci\u00f3n. Inserte la URL del sitio web de su congregaci\u00f3n en la descripci\u00f3n si as\u00ed lo desea.<\/p>\n\n\n\n<p><em>image<\/em><\/p>\n","protected":false},"excerpt":{"rendered":"<p>Si usted planea participar del Domingo de la Fraternidad Anabautista Mundial (AWFS por sus siglas en ingl\u00e9s), coloque un pin de localizaci\u00f3n aqu\u00ed (vea las instrucciones en la parte inferior) para que podamos celebrar y orar junto con usted:\u00a0 image Como agregar un pin En el escritorio: Abra el mapa en google maps image Haga [&hellip;]<\/p>\n","protected":false},"author":1,"featured_media":0,"parent":11458,"menu_order":0,"comment_status":"closed","ping_status":"closed","template":"","meta":{"_acf_changed":false,"footnotes":""},"class_list":["post-5796","page","type-page","status-publish","hentry"],"acf":[],"yoast_head":"<!-- This site is optimized with the Yoast SEO plugin v27.2 - https:\/\/yoast.com\/product\/yoast-seo-wordpress\/ -->\n<title>Mapa de celebraci\u00f3n del AWFS - Mennonite World Conference<\/title>\n<meta name=\"robots\" content=\"index, follow, max-snippet:-1, max-image-preview:large, max-video-preview:-1\" \/>\n<link rel=\"canonical\" href=\"https:\/\/mwc-cmm.org\/es\/mapa-de-celebracion-del-awfs\/\" \/>\n<meta property=\"og:locale\" content=\"es_ES\" \/>\n<meta property=\"og:type\" content=\"article\" \/>\n<meta property=\"og:title\" content=\"Mapa de celebraci\u00f3n del AWFS - Mennonite World Conference\" \/>\n<meta property=\"og:description\" content=\"Si usted planea participar del Domingo de la Fraternidad Anabautista Mundial (AWFS por sus siglas en ingl\u00e9s), coloque un pin de localizaci\u00f3n aqu\u00ed (vea las instrucciones en la parte inferior) para que podamos celebrar y orar junto con usted:\u00a0 image Como agregar un pin En el escritorio: Abra el mapa en google maps image Haga [&hellip;]\" \/>\n<meta property=\"og:url\" content=\"https:\/\/mwc-cmm.org\/es\/mapa-de-celebracion-del-awfs\/\" \/>\n<meta property=\"og:site_name\" content=\"Mennonite World Conference\" \/>\n<meta property=\"article:publisher\" content=\"https:\/\/www.facebook.com\/MennoniteWorldConference\" \/>\n<meta property=\"article:modified_time\" content=\"2024-11-15T22:55:35+00:00\" \/>\n<script type=\"application\/ld+json\" class=\"yoast-schema-graph\">{\"@context\":\"https:\/\/schema.org\",\"@graph\":[{\"@type\":\"WebPage\",\"@id\":\"https:\/\/mwc-cmm.org\/es\/mapa-de-celebracion-del-awfs\/\",\"url\":\"https:\/\/mwc-cmm.org\/es\/mapa-de-celebracion-del-awfs\/\",\"name\":\"Mapa de celebraci\u00f3n del AWFS - Mennonite World Conference\",\"isPartOf\":{\"@id\":\"https:\/\/mwc-cmm.org\/en\/#website\"},\"datePublished\":\"2020-11-04T00:00:00+00:00\",\"dateModified\":\"2024-11-15T22:55:35+00:00\",\"breadcrumb\":{\"@id\":\"https:\/\/mwc-cmm.org\/es\/mapa-de-celebracion-del-awfs\/#breadcrumb\"},\"inLanguage\":\"es\",\"potentialAction\":[{\"@type\":\"ReadAction\",\"target\":[\"https:\/\/mwc-cmm.org\/es\/mapa-de-celebracion-del-awfs\/\"]}]},{\"@type\":\"BreadcrumbList\",\"@id\":\"https:\/\/mwc-cmm.org\/es\/mapa-de-celebracion-del-awfs\/#breadcrumb\",\"itemListElement\":[{\"@type\":\"ListItem\",\"position\":1,\"name\":\"Home\",\"item\":\"https:\/\/mwc-cmm.org\/es\/\"},{\"@type\":\"ListItem\",\"position\":2,\"name\":\"Mapa de celebraci\u00f3n del AWFS\"}]},{\"@type\":\"WebSite\",\"@id\":\"https:\/\/mwc-cmm.org\/en\/#website\",\"url\":\"https:\/\/mwc-cmm.org\/en\/\",\"name\":\"Mennonite World Conference\",\"description\":\"A communion of Anabaptist-related churches\",\"publisher\":{\"@id\":\"https:\/\/mwc-cmm.org\/en\/#organization\"},\"alternateName\":\"MWC\",\"potentialAction\":[{\"@type\":\"SearchAction\",\"target\":{\"@type\":\"EntryPoint\",\"urlTemplate\":\"https:\/\/mwc-cmm.org\/en\/?s={search_term_string}\"},\"query-input\":{\"@type\":\"PropertyValueSpecification\",\"valueRequired\":true,\"valueName\":\"search_term_string\"}}],\"inLanguage\":\"es\"},{\"@type\":\"Organization\",\"@id\":\"https:\/\/mwc-cmm.org\/en\/#organization\",\"name\":\"Mennonite World Conference\",\"alternateName\":\"MWC\",\"url\":\"https:\/\/mwc-cmm.org\/en\/\",\"logo\":{\"@type\":\"ImageObject\",\"inLanguage\":\"es\",\"@id\":\"https:\/\/mwc-cmm.org\/en\/#\/schema\/logo\/image\/\",\"url\":\"https:\/\/mwc-cmm.org\/wp-content\/uploads\/2026\/01\/MWC_Sig_Blue_Horiz_webheader1-logo.svg\",\"contentUrl\":\"https:\/\/mwc-cmm.org\/wp-content\/uploads\/2026\/01\/MWC_Sig_Blue_Horiz_webheader1-logo.svg\",\"width\":786,\"height\":82,\"caption\":\"Mennonite World Conference\"},\"image\":{\"@id\":\"https:\/\/mwc-cmm.org\/en\/#\/schema\/logo\/image\/\"},\"sameAs\":[\"https:\/\/www.facebook.com\/MennoniteWorldConference\",\"https:\/\/www.linkedin.com\/company\/mennonite-world-conference-mwc\/\",\"https:\/\/www.instagram.com\/mwcmm\/\",\"https:\/\/www.youtube.com\/user\/mwccmm\",\"https:\/\/bsky.app\/profile\/mwcmm.bsky.social\"]}]}<\/script>\n<!-- \/ Yoast SEO plugin. -->","yoast_head_json":{"title":"Mapa de celebraci\u00f3n del AWFS - Mennonite World Conference","robots":{"index":"index","follow":"follow","max-snippet":"max-snippet:-1","max-image-preview":"max-image-preview:large","max-video-preview":"max-video-preview:-1"},"canonical":"https:\/\/mwc-cmm.org\/es\/mapa-de-celebracion-del-awfs\/","og_locale":"es_ES","og_type":"article","og_title":"Mapa de celebraci\u00f3n del AWFS - Mennonite World Conference","og_description":"Si usted planea participar del Domingo de la Fraternidad Anabautista Mundial (AWFS por sus siglas en ingl\u00e9s), coloque un pin de localizaci\u00f3n aqu\u00ed (vea las instrucciones en la parte inferior) para que podamos celebrar y orar junto con usted:\u00a0 image Como agregar un pin En el escritorio: Abra el mapa en google maps image Haga [&hellip;]","og_url":"https:\/\/mwc-cmm.org\/es\/mapa-de-celebracion-del-awfs\/","og_site_name":"Mennonite World Conference","article_publisher":"https:\/\/www.facebook.com\/MennoniteWorldConference","article_modified_time":"2024-11-15T22:55:35+00:00","schema":{"@context":"https:\/\/schema.org","@graph":[{"@type":"WebPage","@id":"https:\/\/mwc-cmm.org\/es\/mapa-de-celebracion-del-awfs\/","url":"https:\/\/mwc-cmm.org\/es\/mapa-de-celebracion-del-awfs\/","name":"Mapa de celebraci\u00f3n del AWFS - Mennonite World Conference","isPartOf":{"@id":"https:\/\/mwc-cmm.org\/en\/#website"},"datePublished":"2020-11-04T00:00:00+00:00","dateModified":"2024-11-15T22:55:35+00:00","breadcrumb":{"@id":"https:\/\/mwc-cmm.org\/es\/mapa-de-celebracion-del-awfs\/#breadcrumb"},"inLanguage":"es","potentialAction":[{"@type":"ReadAction","target":["https:\/\/mwc-cmm.org\/es\/mapa-de-celebracion-del-awfs\/"]}]},{"@type":"BreadcrumbList","@id":"https:\/\/mwc-cmm.org\/es\/mapa-de-celebracion-del-awfs\/#breadcrumb","itemListElement":[{"@type":"ListItem","position":1,"name":"Home","item":"https:\/\/mwc-cmm.org\/es\/"},{"@type":"ListItem","position":2,"name":"Mapa de celebraci\u00f3n del AWFS"}]},{"@type":"WebSite","@id":"https:\/\/mwc-cmm.org\/en\/#website","url":"https:\/\/mwc-cmm.org\/en\/","name":"Mennonite World Conference","description":"A communion of Anabaptist-related churches","publisher":{"@id":"https:\/\/mwc-cmm.org\/en\/#organization"},"alternateName":"MWC","potentialAction":[{"@type":"SearchAction","target":{"@type":"EntryPoint","urlTemplate":"https:\/\/mwc-cmm.org\/en\/?s={search_term_string}"},"query-input":{"@type":"PropertyValueSpecification","valueRequired":true,"valueName":"search_term_string"}}],"inLanguage":"es"},{"@type":"Organization","@id":"https:\/\/mwc-cmm.org\/en\/#organization","name":"Mennonite World Conference","alternateName":"MWC","url":"https:\/\/mwc-cmm.org\/en\/","logo":{"@type":"ImageObject","inLanguage":"es","@id":"https:\/\/mwc-cmm.org\/en\/#\/schema\/logo\/image\/","url":"https:\/\/mwc-cmm.org\/wp-content\/uploads\/2026\/01\/MWC_Sig_Blue_Horiz_webheader1-logo.svg","contentUrl":"https:\/\/mwc-cmm.org\/wp-content\/uploads\/2026\/01\/MWC_Sig_Blue_Horiz_webheader1-logo.svg","width":786,"height":82,"caption":"Mennonite World Conference"},"image":{"@id":"https:\/\/mwc-cmm.org\/en\/#\/schema\/logo\/image\/"},"sameAs":["https:\/\/www.facebook.com\/MennoniteWorldConference","https:\/\/www.linkedin.com\/company\/mennonite-world-conference-mwc\/","https:\/\/www.instagram.com\/mwcmm\/","https:\/\/www.youtube.com\/user\/mwccmm","https:\/\/bsky.app\/profile\/mwcmm.bsky.social"]}]}},"_links":{"self":[{"href":"https:\/\/mwc-cmm.org\/es\/wp-json\/wp\/v2\/pages\/5796","targetHints":{"allow":["GET"]}}],"collection":[{"href":"https:\/\/mwc-cmm.org\/es\/wp-json\/wp\/v2\/pages"}],"about":[{"href":"https:\/\/mwc-cmm.org\/es\/wp-json\/wp\/v2\/types\/page"}],"author":[{"embeddable":true,"href":"https:\/\/mwc-cmm.org\/es\/wp-json\/wp\/v2\/users\/1"}],"replies":[{"embeddable":true,"href":"https:\/\/mwc-cmm.org\/es\/wp-json\/wp\/v2\/comments?post=5796"}],"version-history":[{"count":0,"href":"https:\/\/mwc-cmm.org\/es\/wp-json\/wp\/v2\/pages\/5796\/revisions"}],"up":[{"embeddable":true,"href":"https:\/\/mwc-cmm.org\/es\/wp-json\/wp\/v2\/pages\/11458"}],"wp:attachment":[{"href":"https:\/\/mwc-cmm.org\/es\/wp-json\/wp\/v2\/media?parent=5796"}],"curies":[{"name":"wp","href":"https:\/\/api.w.org\/{rel}","templated":true}]}}