{"id":5788,"date":"2020-08-24T00:00:00","date_gmt":"2020-08-24T00:00:00","guid":{"rendered":"https:\/\/mwc-cmm.org\/online-prayer-hour-registration-2\/"},"modified":"2026-01-16T19:15:37","modified_gmt":"2026-01-16T19:15:37","slug":"hora-de-oracion-en-linea-inscripcion","status":"publish","type":"page","link":"https:\/\/mwc-cmm.org\/es\/oraciones\/hora-de-oracion-en-linea-inscripcion\/","title":{"rendered":"Hora de oraci\u00f3n en l\u00ednea &#8211; inscripci\u00f3n"},"content":{"rendered":"\n<p>Cada dos meses, anabautista de todo el mundo se re\u00fanen en l\u00ednea para orar juntos. Esto se realiza los viernes a las 14:00\u202fUTC, de acuerdo a cada regi\u00f3n eso corresponde a la ma\u00f1ana en Am\u00e9rica, en la tarde en \u00c1frica y Europa, y por la noche en Asia.&nbsp;<\/p>\n\n\n\n<p>Los di\u00e1conos y los representantes regionales facilitan la oraci\u00f3n en grupos peque\u00f1os en salas separadas, all\u00ed comparten inquietudes y alegr\u00edas de su regi\u00f3n.&nbsp;<\/p>\n\n\n\n<h3 class=\"wp-block-heading is-style-purple-eyebrow\">Hora de oraci\u00f3n en l\u00ednea<\/h3>\n\n\n\n<p>Pr\u00f3ximos eventos: 14:00 hs. UTC (Tiempo Universal Coordinado)<\/p>\n\n\n\n<ul class=\"wp-block-list\">\n<li>Viernes, 15 de mayo de 2026<\/li>\n\n\n\n<li>Viernes, 17 de julio de 2026<\/li>\n<\/ul>\n\n\n\n<div class=\"wp-block-buttons is-layout-flex wp-block-buttons-is-layout-flex\">\n<div class=\"wp-block-button\"><a class=\"wp-block-button__link wp-element-button\" href=\"https:\/\/www.timeanddate.com\/worldclock\/fixedtime.html?msg=Online+Prayer+Hour+May+2026&amp;iso=20260515T14&amp;p1=1440&amp;ah=1\" target=\"_blank\" rel=\"noreferrer noopener\">Encuentre su zona horaria<\/a><\/div>\n<\/div>\n\n\n\n<script>window.addEventListener('message',function(e){var t=document.getElementById('bfdb-em-7906');if(t){if(e.data.indexOf('resize::7906::')!==-1){var i=e.data.replace('resize::7906::','');t.style.height=i+'px';}else if(e.data.match(\/^bf-payment::(\\d+)::(open|complete)\/)){var o=t.getBoundingClientRect().top+window.scrollY;window.scrollTo({top:o,behavior:'smooth'});}}});<\/script>\n<iframe id=\"bfdb-em-7906\" data-src=\"https:\/\/mwc.donorbuilder.org\/pub\/website-online-prayer-hour-15441?lang=es-bf-preview=1&#038;_layout=iframe\" style=\"width:100%; overflow:hidden; border:0; max-width:870px; margin:3rem auto; display:block;\" scrolling=\"no\" src=\"data:image\/svg+xml;base64,PHN2ZyB3aWR0aD0iMSIgaGVpZ2h0PSIxIiB4bWxucz0iaHR0cDovL3d3dy53My5vcmcvMjAwMC9zdmciPjwvc3ZnPg==\" class=\"lazyload\" data-load-mode=\"1\"><\/iframe>\n\n\n\n\n<h2 class=\"wp-block-heading\">Noticias de Hora de oraci\u00f3n en l\u00ednea<\/h2>\n\n\n\n<div class=\"wp-block-query has-global-padding is-layout-constrained wp-block-query-is-layout-constrained\"><ul class=\"wp-block-post-template has-global-padding is-layout-constrained wp-block-post-template-is-layout-constrained\"><li class=\"wp-block-post post-124110 post type-post status-publish format-standard has-post-thumbnail hentry category-sin-categorizar tag-hora-de-oracion-en-linea tag-oracion\">\n\n<div class=\"wp-block-columns is-layout-flex wp-container-core-columns-is-layout-28f84493 wp-block-columns-is-layout-flex\">\n<div class=\"wp-block-column is-layout-flow wp-block-column-is-layout-flow\" style=\"flex-basis:33.33%\"><figure class=\"wp-block-post-featured-image\"><img decoding=\"async\" width=\"1366\" height=\"768\" data-src=\"https:\/\/mwc-cmm.org\/wp-content\/uploads\/2026\/02\/Begin-with-prayer-.jpg\" class=\"attachment-post-thumbnail size-post-thumbnail wp-post-image lazyload\" alt=\"OPH mock up photo\" style=\"--smush-placeholder-width: 1366px; --smush-placeholder-aspect-ratio: 1366\/768;object-fit:cover;\" data-srcset=\"https:\/\/mwc-cmm.org\/wp-content\/uploads\/2026\/02\/Begin-with-prayer-.jpg 1366w, https:\/\/mwc-cmm.org\/wp-content\/uploads\/2026\/02\/Begin-with-prayer--300x169.jpg 300w, https:\/\/mwc-cmm.org\/wp-content\/uploads\/2026\/02\/Begin-with-prayer--1024x576.jpg 1024w, https:\/\/mwc-cmm.org\/wp-content\/uploads\/2026\/02\/Begin-with-prayer--768x432.jpg 768w\" data-sizes=\"(max-width: 1366px) 100vw, 1366px\" src=\"data:image\/svg+xml;base64,PHN2ZyB3aWR0aD0iMSIgaGVpZ2h0PSIxIiB4bWxucz0iaHR0cDovL3d3dy53My5vcmcvMjAwMC9zdmciPjwvc3ZnPg==\" \/><\/figure><\/div>\n\n\n\n<div class=\"wp-block-column is-layout-flow wp-block-column-is-layout-flow\" style=\"flex-basis:66.66%\"><h2 style=\"font-style:normal;font-weight:600;\" class=\"wp-block-post-title has-medium-font-size\">Comenzando con la oraci\u00f3n<\/h2>\n\n<div class=\"wp-block-post-date\"><time datetime=\"2026-02-12T08:00:00+00:00\">12 de febrero de 2026<\/time><\/div>\n\n<div class=\"wp-block-post-excerpt\"><p class=\"wp-block-post-excerpt__excerpt\">Willi Hugo P\u00e9rez despu\u00e9s de la hora de oraci\u00f3n en l\u00ednea de enero, expres\u00f3 que \u201cFue maravilloso comenzar este a\u00f1o orando juntos. Que Dios anime y fortalezca el esp\u00edritu de unidad y paz en nuestra&hellip;<\/p><p class=\"wp-block-post-excerpt__more-text\"><a class=\"wp-block-post-excerpt__more-link\" href=\"https:\/\/mwc-cmm.org\/es\/stories\/comenzando-con-oracion\/\">Lea m\u00e1s<\/a><\/p><\/div><\/div>\n<\/div>\n\n<\/li><li class=\"wp-block-post post-119063 post type-post status-publish format-standard has-post-thumbnail hentry category-sin-categorizar tag-comision-de-diaconos tag-hora-de-oracion-en-linea tag-oracion network-deacons-commission-es eventcategory-online-prayer-hour-es\">\n\n<div class=\"wp-block-columns is-layout-flex wp-container-core-columns-is-layout-28f84493 wp-block-columns-is-layout-flex\">\n<div class=\"wp-block-column is-layout-flow wp-block-column-is-layout-flow\" style=\"flex-basis:33.33%\"><figure class=\"wp-block-post-featured-image\"><img decoding=\"async\" width=\"1366\" height=\"768\" data-src=\"https:\/\/mwc-cmm.org\/wp-content\/uploads\/2025\/09\/OPH.jpg\" class=\"attachment-post-thumbnail size-post-thumbnail wp-post-image lazyload\" alt=\"OPH September 2025\" style=\"--smush-placeholder-width: 1366px; --smush-placeholder-aspect-ratio: 1366\/768;object-fit:cover;\" data-srcset=\"https:\/\/mwc-cmm.org\/wp-content\/uploads\/2025\/09\/OPH.jpg 1366w, https:\/\/mwc-cmm.org\/wp-content\/uploads\/2025\/09\/OPH-300x169.jpg 300w, https:\/\/mwc-cmm.org\/wp-content\/uploads\/2025\/09\/OPH-1024x576.jpg 1024w, https:\/\/mwc-cmm.org\/wp-content\/uploads\/2025\/09\/OPH-768x432.jpg 768w\" data-sizes=\"(max-width: 1366px) 100vw, 1366px\" src=\"data:image\/svg+xml;base64,PHN2ZyB3aWR0aD0iMSIgaGVpZ2h0PSIxIiB4bWxucz0iaHR0cDovL3d3dy53My5vcmcvMjAwMC9zdmciPjwvc3ZnPg==\" \/><\/figure><\/div>\n\n\n\n<div class=\"wp-block-column is-layout-flow wp-block-column-is-layout-flow\" style=\"flex-basis:66.66%\"><h2 style=\"font-style:normal;font-weight:600;\" class=\"wp-block-post-title has-medium-font-size\">Un desaf\u00edo y una oraci\u00f3n<\/h2>\n\n<div class=\"wp-block-post-date\"><time datetime=\"2025-09-26T11:15:44+00:00\">26 de septiembre de 2025<\/time><\/div>\n\n<div class=\"wp-block-post-excerpt\"><p class=\"wp-block-post-excerpt__excerpt\">Ginny Hostetler, de Kitchener, Ontario, Canad\u00e1, expresa: \u201cSiempre me voy de la Hora de Oraci\u00f3n en L\u00ednea sinti\u00e9ndome animada\u201d. Cada dos meses, el Congreso Mundial Menonita organiza esta reuni\u00f3n en l\u00ednea. Los participantes pasan la&hellip;<\/p><p class=\"wp-block-post-excerpt__more-text\"><a class=\"wp-block-post-excerpt__more-link\" href=\"https:\/\/mwc-cmm.org\/es\/stories\/desafio-oracion\/\">Lea m\u00e1s<\/a><\/p><\/div><\/div>\n<\/div>\n\n<\/li><li class=\"wp-block-post post-113301 post type-post status-publish format-standard has-post-thumbnail hentry category-sin-categorizar tag-comision-de-diaconos tag-concilio-general tag-hora-de-oracion-en-linea tag-oracion network-deacons-commission-es eventcategory-online-prayer-hour-es\">\n\n<div class=\"wp-block-columns is-layout-flex wp-container-core-columns-is-layout-28f84493 wp-block-columns-is-layout-flex\">\n<div class=\"wp-block-column is-layout-flow wp-block-column-is-layout-flow\" style=\"flex-basis:33.33%\"><figure class=\"wp-block-post-featured-image\"><img decoding=\"async\" width=\"1366\" height=\"768\" data-src=\"https:\/\/mwc-cmm.org\/wp-content\/uploads\/2025\/05\/Powering-the-spinning-wheel_feature.jpg\" class=\"attachment-post-thumbnail size-post-thumbnail wp-post-image lazyload\" alt=\"OPH mock photo\" style=\"--smush-placeholder-width: 1366px; --smush-placeholder-aspect-ratio: 1366\/768;object-fit:cover;\" data-srcset=\"https:\/\/mwc-cmm.org\/wp-content\/uploads\/2025\/05\/Powering-the-spinning-wheel_feature.jpg 1366w, https:\/\/mwc-cmm.org\/wp-content\/uploads\/2025\/05\/Powering-the-spinning-wheel_feature-300x169.jpg 300w, https:\/\/mwc-cmm.org\/wp-content\/uploads\/2025\/05\/Powering-the-spinning-wheel_feature-1024x576.jpg 1024w, https:\/\/mwc-cmm.org\/wp-content\/uploads\/2025\/05\/Powering-the-spinning-wheel_feature-768x432.jpg 768w\" data-sizes=\"(max-width: 1366px) 100vw, 1366px\" src=\"data:image\/svg+xml;base64,PHN2ZyB3aWR0aD0iMSIgaGVpZ2h0PSIxIiB4bWxucz0iaHR0cDovL3d3dy53My5vcmcvMjAwMC9zdmciPjwvc3ZnPg==\" \/><\/figure><\/div>\n\n\n\n<div class=\"wp-block-column is-layout-flow wp-block-column-is-layout-flow\" style=\"flex-basis:66.66%\"><h2 style=\"font-style:normal;font-weight:600;\" class=\"wp-block-post-title has-medium-font-size\">Alimentando la rueca<\/h2>\n\n<div class=\"wp-block-post-date\"><time datetime=\"2025-05-15T20:16:11+00:00\">15 de mayo de 2025<\/time><\/div>\n\n<div class=\"wp-block-post-excerpt\"><p class=\"wp-block-post-excerpt__excerpt\">\u00danase a la oraci\u00f3n por la familia global&nbsp; \u201cLa oraci\u00f3n ha sido nuestra rueca. Gracias a la iglesia mundial por la resiliencia de sus oraciones. Es alentador saber que alguien, en alg\u00fan lugar del planeta,&hellip;<\/p><p class=\"wp-block-post-excerpt__more-text\"><a class=\"wp-block-post-excerpt__more-link\" href=\"https:\/\/mwc-cmm.org\/es\/stories\/alimentando-la-rueca\/\">Lea m\u00e1s<\/a><\/p><\/div><\/div>\n<\/div>\n\n<\/li><\/ul><\/div>\n","protected":false},"excerpt":{"rendered":"<p>Cada dos meses, anabautista de todo el mundo se re\u00fanen en l\u00ednea para orar juntos. Esto se realiza los viernes a las 14:00\u202fUTC, de acuerdo a cada regi\u00f3n eso corresponde a la ma\u00f1ana en Am\u00e9rica, en la tarde en \u00c1frica y Europa, y por la noche en Asia.&nbsp; Los di\u00e1conos y los representantes regionales facilitan [&hellip;]<\/p>\n","protected":false},"author":1,"featured_media":107747,"parent":14959,"menu_order":0,"comment_status":"closed","ping_status":"closed","template":"","meta":{"_acf_changed":false,"footnotes":""},"class_list":["post-5788","page","type-page","status-publish","has-post-thumbnail","hentry"],"acf":[],"yoast_head":"<!-- This site is optimized with the Yoast SEO plugin v27.2 - https:\/\/yoast.com\/product\/yoast-seo-wordpress\/ -->\n<title>Hora de oraci\u00f3n en l\u00ednea - inscripci\u00f3n - Mennonite World Conference<\/title>\n<meta name=\"robots\" content=\"index, follow, max-snippet:-1, max-image-preview:large, max-video-preview:-1\" \/>\n<link rel=\"canonical\" href=\"https:\/\/mwc-cmm.org\/es\/oraciones\/hora-de-oracion-en-linea-inscripcion\/\" \/>\n<meta property=\"og:locale\" content=\"es_ES\" \/>\n<meta property=\"og:type\" content=\"article\" \/>\n<meta property=\"og:title\" content=\"Hora de oraci\u00f3n en l\u00ednea - inscripci\u00f3n - Mennonite World Conference\" \/>\n<meta property=\"og:description\" content=\"Cada dos meses, anabautista de todo el mundo se re\u00fanen en l\u00ednea para orar juntos. Esto se realiza los viernes a las 14:00\u202fUTC, de acuerdo a cada regi\u00f3n eso corresponde a la ma\u00f1ana en Am\u00e9rica, en la tarde en \u00c1frica y Europa, y por la noche en Asia.&nbsp; Los di\u00e1conos y los representantes regionales facilitan [&hellip;]\" \/>\n<meta property=\"og:url\" content=\"https:\/\/mwc-cmm.org\/es\/oraciones\/hora-de-oracion-en-linea-inscripcion\/\" \/>\n<meta property=\"og:site_name\" content=\"Mennonite World Conference\" \/>\n<meta property=\"article:publisher\" content=\"https:\/\/www.facebook.com\/MennoniteWorldConference\" \/>\n<meta property=\"article:modified_time\" content=\"2026-01-16T19:15:37+00:00\" \/>\n<meta property=\"og:image\" content=\"https:\/\/mwc-cmm.org\/wp-content\/uploads\/2024\/12\/OPH-generic.png\" \/>\n\t<meta property=\"og:image:width\" content=\"1076\" \/>\n\t<meta property=\"og:image:height\" content=\"875\" \/>\n\t<meta property=\"og:image:type\" content=\"image\/png\" \/>\n<script type=\"application\/ld+json\" class=\"yoast-schema-graph\">{\"@context\":\"https:\/\/schema.org\",\"@graph\":[{\"@type\":\"WebPage\",\"@id\":\"https:\/\/mwc-cmm.org\/es\/oraciones\/hora-de-oracion-en-linea-inscripcion\/\",\"url\":\"https:\/\/mwc-cmm.org\/es\/oraciones\/hora-de-oracion-en-linea-inscripcion\/\",\"name\":\"Hora de oraci\u00f3n en l\u00ednea - inscripci\u00f3n - Mennonite World Conference\",\"isPartOf\":{\"@id\":\"https:\/\/mwc-cmm.org\/en\/#website\"},\"primaryImageOfPage\":{\"@id\":\"https:\/\/mwc-cmm.org\/es\/oraciones\/hora-de-oracion-en-linea-inscripcion\/#primaryimage\"},\"image\":{\"@id\":\"https:\/\/mwc-cmm.org\/es\/oraciones\/hora-de-oracion-en-linea-inscripcion\/#primaryimage\"},\"thumbnailUrl\":\"https:\/\/mwc-cmm.org\/wp-content\/uploads\/2024\/12\/OPH-generic.png\",\"datePublished\":\"2020-08-24T00:00:00+00:00\",\"dateModified\":\"2026-01-16T19:15:37+00:00\",\"breadcrumb\":{\"@id\":\"https:\/\/mwc-cmm.org\/es\/oraciones\/hora-de-oracion-en-linea-inscripcion\/#breadcrumb\"},\"inLanguage\":\"es\",\"potentialAction\":[{\"@type\":\"ReadAction\",\"target\":[\"https:\/\/mwc-cmm.org\/es\/oraciones\/hora-de-oracion-en-linea-inscripcion\/\"]}]},{\"@type\":\"ImageObject\",\"inLanguage\":\"es\",\"@id\":\"https:\/\/mwc-cmm.org\/es\/oraciones\/hora-de-oracion-en-linea-inscripcion\/#primaryimage\",\"url\":\"https:\/\/mwc-cmm.org\/wp-content\/uploads\/2024\/12\/OPH-generic.png\",\"contentUrl\":\"https:\/\/mwc-cmm.org\/wp-content\/uploads\/2024\/12\/OPH-generic.png\",\"width\":1076,\"height\":875},{\"@type\":\"BreadcrumbList\",\"@id\":\"https:\/\/mwc-cmm.org\/es\/oraciones\/hora-de-oracion-en-linea-inscripcion\/#breadcrumb\",\"itemListElement\":[{\"@type\":\"ListItem\",\"position\":1,\"name\":\"Home\",\"item\":\"https:\/\/mwc-cmm.org\/es\/\"},{\"@type\":\"ListItem\",\"position\":2,\"name\":\"Oraciones\",\"item\":\"https:\/\/mwc-cmm.org\/es\/oraciones\/\"},{\"@type\":\"ListItem\",\"position\":3,\"name\":\"Hora de oraci\u00f3n en l\u00ednea &#8211; inscripci\u00f3n\"}]},{\"@type\":\"WebSite\",\"@id\":\"https:\/\/mwc-cmm.org\/en\/#website\",\"url\":\"https:\/\/mwc-cmm.org\/en\/\",\"name\":\"Mennonite World Conference\",\"description\":\"A communion of Anabaptist-related churches\",\"publisher\":{\"@id\":\"https:\/\/mwc-cmm.org\/en\/#organization\"},\"alternateName\":\"MWC\",\"potentialAction\":[{\"@type\":\"SearchAction\",\"target\":{\"@type\":\"EntryPoint\",\"urlTemplate\":\"https:\/\/mwc-cmm.org\/en\/?s={search_term_string}\"},\"query-input\":{\"@type\":\"PropertyValueSpecification\",\"valueRequired\":true,\"valueName\":\"search_term_string\"}}],\"inLanguage\":\"es\"},{\"@type\":\"Organization\",\"@id\":\"https:\/\/mwc-cmm.org\/en\/#organization\",\"name\":\"Mennonite World Conference\",\"alternateName\":\"MWC\",\"url\":\"https:\/\/mwc-cmm.org\/en\/\",\"logo\":{\"@type\":\"ImageObject\",\"inLanguage\":\"es\",\"@id\":\"https:\/\/mwc-cmm.org\/en\/#\/schema\/logo\/image\/\",\"url\":\"https:\/\/mwc-cmm.org\/wp-content\/uploads\/2026\/01\/MWC_Sig_Blue_Horiz_webheader1-logo.svg\",\"contentUrl\":\"https:\/\/mwc-cmm.org\/wp-content\/uploads\/2026\/01\/MWC_Sig_Blue_Horiz_webheader1-logo.svg\",\"width\":786,\"height\":82,\"caption\":\"Mennonite World Conference\"},\"image\":{\"@id\":\"https:\/\/mwc-cmm.org\/en\/#\/schema\/logo\/image\/\"},\"sameAs\":[\"https:\/\/www.facebook.com\/MennoniteWorldConference\",\"https:\/\/www.linkedin.com\/company\/mennonite-world-conference-mwc\/\",\"https:\/\/www.instagram.com\/mwcmm\/\",\"https:\/\/www.youtube.com\/user\/mwccmm\",\"https:\/\/bsky.app\/profile\/mwcmm.bsky.social\"]}]}<\/script>\n<!-- \/ Yoast SEO plugin. -->","yoast_head_json":{"title":"Hora de oraci\u00f3n en l\u00ednea - inscripci\u00f3n - Mennonite World Conference","robots":{"index":"index","follow":"follow","max-snippet":"max-snippet:-1","max-image-preview":"max-image-preview:large","max-video-preview":"max-video-preview:-1"},"canonical":"https:\/\/mwc-cmm.org\/es\/oraciones\/hora-de-oracion-en-linea-inscripcion\/","og_locale":"es_ES","og_type":"article","og_title":"Hora de oraci\u00f3n en l\u00ednea - inscripci\u00f3n - Mennonite World Conference","og_description":"Cada dos meses, anabautista de todo el mundo se re\u00fanen en l\u00ednea para orar juntos. Esto se realiza los viernes a las 14:00\u202fUTC, de acuerdo a cada regi\u00f3n eso corresponde a la ma\u00f1ana en Am\u00e9rica, en la tarde en \u00c1frica y Europa, y por la noche en Asia.&nbsp; Los di\u00e1conos y los representantes regionales facilitan [&hellip;]","og_url":"https:\/\/mwc-cmm.org\/es\/oraciones\/hora-de-oracion-en-linea-inscripcion\/","og_site_name":"Mennonite World Conference","article_publisher":"https:\/\/www.facebook.com\/MennoniteWorldConference","article_modified_time":"2026-01-16T19:15:37+00:00","og_image":[{"width":1076,"height":875,"url":"https:\/\/mwc-cmm.org\/wp-content\/uploads\/2024\/12\/OPH-generic.png","type":"image\/png"}],"schema":{"@context":"https:\/\/schema.org","@graph":[{"@type":"WebPage","@id":"https:\/\/mwc-cmm.org\/es\/oraciones\/hora-de-oracion-en-linea-inscripcion\/","url":"https:\/\/mwc-cmm.org\/es\/oraciones\/hora-de-oracion-en-linea-inscripcion\/","name":"Hora de oraci\u00f3n en l\u00ednea - inscripci\u00f3n - Mennonite World Conference","isPartOf":{"@id":"https:\/\/mwc-cmm.org\/en\/#website"},"primaryImageOfPage":{"@id":"https:\/\/mwc-cmm.org\/es\/oraciones\/hora-de-oracion-en-linea-inscripcion\/#primaryimage"},"image":{"@id":"https:\/\/mwc-cmm.org\/es\/oraciones\/hora-de-oracion-en-linea-inscripcion\/#primaryimage"},"thumbnailUrl":"https:\/\/mwc-cmm.org\/wp-content\/uploads\/2024\/12\/OPH-generic.png","datePublished":"2020-08-24T00:00:00+00:00","dateModified":"2026-01-16T19:15:37+00:00","breadcrumb":{"@id":"https:\/\/mwc-cmm.org\/es\/oraciones\/hora-de-oracion-en-linea-inscripcion\/#breadcrumb"},"inLanguage":"es","potentialAction":[{"@type":"ReadAction","target":["https:\/\/mwc-cmm.org\/es\/oraciones\/hora-de-oracion-en-linea-inscripcion\/"]}]},{"@type":"ImageObject","inLanguage":"es","@id":"https:\/\/mwc-cmm.org\/es\/oraciones\/hora-de-oracion-en-linea-inscripcion\/#primaryimage","url":"https:\/\/mwc-cmm.org\/wp-content\/uploads\/2024\/12\/OPH-generic.png","contentUrl":"https:\/\/mwc-cmm.org\/wp-content\/uploads\/2024\/12\/OPH-generic.png","width":1076,"height":875},{"@type":"BreadcrumbList","@id":"https:\/\/mwc-cmm.org\/es\/oraciones\/hora-de-oracion-en-linea-inscripcion\/#breadcrumb","itemListElement":[{"@type":"ListItem","position":1,"name":"Home","item":"https:\/\/mwc-cmm.org\/es\/"},{"@type":"ListItem","position":2,"name":"Oraciones","item":"https:\/\/mwc-cmm.org\/es\/oraciones\/"},{"@type":"ListItem","position":3,"name":"Hora de oraci\u00f3n en l\u00ednea &#8211; inscripci\u00f3n"}]},{"@type":"WebSite","@id":"https:\/\/mwc-cmm.org\/en\/#website","url":"https:\/\/mwc-cmm.org\/en\/","name":"Mennonite World Conference","description":"A communion of Anabaptist-related churches","publisher":{"@id":"https:\/\/mwc-cmm.org\/en\/#organization"},"alternateName":"MWC","potentialAction":[{"@type":"SearchAction","target":{"@type":"EntryPoint","urlTemplate":"https:\/\/mwc-cmm.org\/en\/?s={search_term_string}"},"query-input":{"@type":"PropertyValueSpecification","valueRequired":true,"valueName":"search_term_string"}}],"inLanguage":"es"},{"@type":"Organization","@id":"https:\/\/mwc-cmm.org\/en\/#organization","name":"Mennonite World Conference","alternateName":"MWC","url":"https:\/\/mwc-cmm.org\/en\/","logo":{"@type":"ImageObject","inLanguage":"es","@id":"https:\/\/mwc-cmm.org\/en\/#\/schema\/logo\/image\/","url":"https:\/\/mwc-cmm.org\/wp-content\/uploads\/2026\/01\/MWC_Sig_Blue_Horiz_webheader1-logo.svg","contentUrl":"https:\/\/mwc-cmm.org\/wp-content\/uploads\/2026\/01\/MWC_Sig_Blue_Horiz_webheader1-logo.svg","width":786,"height":82,"caption":"Mennonite World Conference"},"image":{"@id":"https:\/\/mwc-cmm.org\/en\/#\/schema\/logo\/image\/"},"sameAs":["https:\/\/www.facebook.com\/MennoniteWorldConference","https:\/\/www.linkedin.com\/company\/mennonite-world-conference-mwc\/","https:\/\/www.instagram.com\/mwcmm\/","https:\/\/www.youtube.com\/user\/mwccmm","https:\/\/bsky.app\/profile\/mwcmm.bsky.social"]}]}},"_links":{"self":[{"href":"https:\/\/mwc-cmm.org\/es\/wp-json\/wp\/v2\/pages\/5788","targetHints":{"allow":["GET"]}}],"collection":[{"href":"https:\/\/mwc-cmm.org\/es\/wp-json\/wp\/v2\/pages"}],"about":[{"href":"https:\/\/mwc-cmm.org\/es\/wp-json\/wp\/v2\/types\/page"}],"author":[{"embeddable":true,"href":"https:\/\/mwc-cmm.org\/es\/wp-json\/wp\/v2\/users\/1"}],"replies":[{"embeddable":true,"href":"https:\/\/mwc-cmm.org\/es\/wp-json\/wp\/v2\/comments?post=5788"}],"version-history":[{"count":0,"href":"https:\/\/mwc-cmm.org\/es\/wp-json\/wp\/v2\/pages\/5788\/revisions"}],"up":[{"embeddable":true,"href":"https:\/\/mwc-cmm.org\/es\/wp-json\/wp\/v2\/pages\/14959"}],"wp:featuredmedia":[{"embeddable":true,"href":"https:\/\/mwc-cmm.org\/es\/wp-json\/wp\/v2\/media\/107747"}],"wp:attachment":[{"href":"https:\/\/mwc-cmm.org\/es\/wp-json\/wp\/v2\/media?parent=5788"}],"curies":[{"name":"wp","href":"https:\/\/api.w.org\/{rel}","templated":true}]}}