{"id":5767,"date":"2019-08-13T00:00:00","date_gmt":"2019-08-13T00:00:00","guid":{"rendered":"https:\/\/mwc-cmm.org\/community-guidelines-2\/"},"modified":"2024-11-15T22:55:53","modified_gmt":"2024-11-15T22:55:53","slug":"normas-de-la-comunidad","status":"publish","type":"page","link":"https:\/\/mwc-cmm.org\/es\/normas-de-la-comunidad\/","title":{"rendered":"Normas de la comunidad"},"content":{"rendered":"\n<p>En el CMM, nos alegramos cuando ponen comentarios en lo que publicamos, hacen preguntas, y tratan temas relevantes con la familia anabautista. Sin embargo, queremos mantener nuestra p\u00e1gina como un lugar seguro y respetuoso, as\u00ed que favor de tener en mente que cuando publican comentarios o una nueva entrada en nuestra p\u00e1gina de Facebook est\u00e1n de acuerdo en seguir estas normas comunitarias:<\/p>\n\n\n\n<p class=\"has-text-align-right\">Voy a expresarme de forma cort\u00e9s y civil y con respeto a todos, especialmente hacia las personas con las que no estoy de acuerdo, aun si siento que se me ha faltado el respeto.<\/p>\n\n\n\n<p class=\"has-text-align-right\">(Romanos 12,17\u201321)<\/p>\n\n\n\n<p class=\"has-text-align-right\">Expresar\u00e9 mi desacuerdo con las ideas de los dem\u00e1s sin insultarlos, burlarme o atacarlos personalmente.<\/p>\n\n\n\n<p class=\"has-text-align-right\">(Mateo 5,22)<\/p>\n\n\n\n<p class=\"has-text-align-right\">No voy a exagerar las creencias de los dem\u00e1s o hacer suposiciones ni prejuicios infundados basados en etiquetas, categor\u00edas o estereotipos. Siempre voy a conceder el beneficio de la duda.<\/p>\n\n\n\n<p class=\"has-text-align-right\">(Efesios 4,29)<\/p>\n\n\n\n<p class=\"has-text-align-right\">Al entablar conversaci\u00f3n, recordar\u00e9 el prop\u00f3sito del CMM de fomentar las relaciones entre las iglesias afines al anabautismo a nivel mundial edificando y alentando a la iglesia.<\/p>\n\n\n\n<p class=\"has-text-align-right\">(1&nbsp;Tesalonicenses 5,11)<\/p>\n\n\n\n<p class=\"has-text-align-right\">Entiendo que los comentarios que no cumplan con estas normas posiblemente ser\u00e1n quitados. Entiendo que un comportamiento repetido que viole este contrato tendr\u00e1 como resultado que sea bloqueado de este sitio.<\/p>\n\n\n\n<p class=\"has-text-align-right\">(Proverbios 18,7)<\/p>\n\n\n\n<p>(Adaptado de&nbsp;<a href=\"https:\/\/l.facebook.com\/l.php?u=http%3A%2F%2Fsojo.net%2F%3Ffbclid%3DIwAR3LUV7nYgE2ie55uDumyyL-bHxciHlg8hwAx9DhBTH64kwEyjtamTuZq30&amp;h=AT3_gJtmeGHQEahkndGwwmvj2VLCEaD0XZxn8LS2oAd6dRAsI6hvqjmGPFXqzewX07Is9bOSpWEp9L03YFBZTY4n3ElG-QNmwZaZ0S_z7G2hOLkTkSviH9UnWxVfwmkt8bU\" target=\"_blank\" rel=\"noreferrer noopener\">Sojo.net<\/a>)<\/p>\n","protected":false},"excerpt":{"rendered":"<p>En el CMM, nos alegramos cuando ponen comentarios en lo que publicamos, hacen preguntas, y tratan temas relevantes con la familia anabautista. Sin embargo, queremos mantener nuestra p\u00e1gina como un lugar seguro y respetuoso, as\u00ed que favor de tener en mente que cuando publican comentarios o una nueva entrada en nuestra p\u00e1gina de Facebook est\u00e1n [&hellip;]<\/p>\n","protected":false},"author":1,"featured_media":0,"parent":0,"menu_order":0,"comment_status":"closed","ping_status":"closed","template":"","meta":{"_acf_changed":false,"footnotes":""},"class_list":["post-5767","page","type-page","status-publish","hentry"],"acf":[],"yoast_head":"<!-- This site is optimized with the Yoast SEO plugin v27.2 - https:\/\/yoast.com\/product\/yoast-seo-wordpress\/ -->\n<title>Normas de la comunidad - Mennonite World Conference<\/title>\n<meta name=\"robots\" content=\"index, follow, max-snippet:-1, max-image-preview:large, max-video-preview:-1\" \/>\n<link rel=\"canonical\" href=\"https:\/\/mwc-cmm.org\/en\/community-guidelines\/\" \/>\n<meta property=\"og:locale\" content=\"es_ES\" \/>\n<meta property=\"og:type\" content=\"article\" \/>\n<meta property=\"og:title\" content=\"Normas de la comunidad - Mennonite World Conference\" \/>\n<meta property=\"og:description\" content=\"En el CMM, nos alegramos cuando ponen comentarios en lo que publicamos, hacen preguntas, y tratan temas relevantes con la familia anabautista. Sin embargo, queremos mantener nuestra p\u00e1gina como un lugar seguro y respetuoso, as\u00ed que favor de tener en mente que cuando publican comentarios o una nueva entrada en nuestra p\u00e1gina de Facebook est\u00e1n [&hellip;]\" \/>\n<meta property=\"og:url\" content=\"https:\/\/mwc-cmm.org\/en\/community-guidelines\/\" \/>\n<meta property=\"og:site_name\" content=\"Mennonite World Conference\" \/>\n<meta property=\"article:publisher\" content=\"https:\/\/www.facebook.com\/MennoniteWorldConference\" \/>\n<meta property=\"article:modified_time\" content=\"2024-11-15T22:55:53+00:00\" \/>\n<script type=\"application\/ld+json\" class=\"yoast-schema-graph\">{\"@context\":\"https:\/\/schema.org\",\"@graph\":[{\"@type\":\"WebPage\",\"@id\":\"https:\/\/mwc-cmm.org\/en\/community-guidelines\/\",\"url\":\"https:\/\/mwc-cmm.org\/en\/community-guidelines\/\",\"name\":\"Normas de la comunidad - Mennonite World Conference\",\"isPartOf\":{\"@id\":\"https:\/\/mwc-cmm.org\/en\/#website\"},\"datePublished\":\"2019-08-13T00:00:00+00:00\",\"dateModified\":\"2024-11-15T22:55:53+00:00\",\"breadcrumb\":{\"@id\":\"https:\/\/mwc-cmm.org\/en\/community-guidelines\/#breadcrumb\"},\"inLanguage\":\"es\",\"potentialAction\":[{\"@type\":\"ReadAction\",\"target\":[\"https:\/\/mwc-cmm.org\/en\/community-guidelines\/\"]}]},{\"@type\":\"BreadcrumbList\",\"@id\":\"https:\/\/mwc-cmm.org\/en\/community-guidelines\/#breadcrumb\",\"itemListElement\":[{\"@type\":\"ListItem\",\"position\":1,\"name\":\"Home\",\"item\":\"https:\/\/mwc-cmm.org\/es\/\"},{\"@type\":\"ListItem\",\"position\":2,\"name\":\"Normas de la comunidad\"}]},{\"@type\":\"WebSite\",\"@id\":\"https:\/\/mwc-cmm.org\/en\/#website\",\"url\":\"https:\/\/mwc-cmm.org\/en\/\",\"name\":\"Mennonite World Conference\",\"description\":\"A communion of Anabaptist-related churches\",\"publisher\":{\"@id\":\"https:\/\/mwc-cmm.org\/en\/#organization\"},\"alternateName\":\"MWC\",\"potentialAction\":[{\"@type\":\"SearchAction\",\"target\":{\"@type\":\"EntryPoint\",\"urlTemplate\":\"https:\/\/mwc-cmm.org\/en\/?s={search_term_string}\"},\"query-input\":{\"@type\":\"PropertyValueSpecification\",\"valueRequired\":true,\"valueName\":\"search_term_string\"}}],\"inLanguage\":\"es\"},{\"@type\":\"Organization\",\"@id\":\"https:\/\/mwc-cmm.org\/en\/#organization\",\"name\":\"Mennonite World Conference\",\"alternateName\":\"MWC\",\"url\":\"https:\/\/mwc-cmm.org\/en\/\",\"logo\":{\"@type\":\"ImageObject\",\"inLanguage\":\"es\",\"@id\":\"https:\/\/mwc-cmm.org\/en\/#\/schema\/logo\/image\/\",\"url\":\"https:\/\/mwc-cmm.org\/wp-content\/uploads\/2026\/01\/MWC_Sig_Blue_Horiz_webheader1-logo.svg\",\"contentUrl\":\"https:\/\/mwc-cmm.org\/wp-content\/uploads\/2026\/01\/MWC_Sig_Blue_Horiz_webheader1-logo.svg\",\"width\":786,\"height\":82,\"caption\":\"Mennonite World Conference\"},\"image\":{\"@id\":\"https:\/\/mwc-cmm.org\/en\/#\/schema\/logo\/image\/\"},\"sameAs\":[\"https:\/\/www.facebook.com\/MennoniteWorldConference\",\"https:\/\/www.linkedin.com\/company\/mennonite-world-conference-mwc\/\",\"https:\/\/www.instagram.com\/mwcmm\/\",\"https:\/\/www.youtube.com\/user\/mwccmm\",\"https:\/\/bsky.app\/profile\/mwcmm.bsky.social\"]}]}<\/script>\n<!-- \/ Yoast SEO plugin. -->","yoast_head_json":{"title":"Normas de la comunidad - Mennonite World Conference","robots":{"index":"index","follow":"follow","max-snippet":"max-snippet:-1","max-image-preview":"max-image-preview:large","max-video-preview":"max-video-preview:-1"},"canonical":"https:\/\/mwc-cmm.org\/en\/community-guidelines\/","og_locale":"es_ES","og_type":"article","og_title":"Normas de la comunidad - Mennonite World Conference","og_description":"En el CMM, nos alegramos cuando ponen comentarios en lo que publicamos, hacen preguntas, y tratan temas relevantes con la familia anabautista. Sin embargo, queremos mantener nuestra p\u00e1gina como un lugar seguro y respetuoso, as\u00ed que favor de tener en mente que cuando publican comentarios o una nueva entrada en nuestra p\u00e1gina de Facebook est\u00e1n [&hellip;]","og_url":"https:\/\/mwc-cmm.org\/en\/community-guidelines\/","og_site_name":"Mennonite World Conference","article_publisher":"https:\/\/www.facebook.com\/MennoniteWorldConference","article_modified_time":"2024-11-15T22:55:53+00:00","schema":{"@context":"https:\/\/schema.org","@graph":[{"@type":"WebPage","@id":"https:\/\/mwc-cmm.org\/en\/community-guidelines\/","url":"https:\/\/mwc-cmm.org\/en\/community-guidelines\/","name":"Normas de la comunidad - Mennonite World Conference","isPartOf":{"@id":"https:\/\/mwc-cmm.org\/en\/#website"},"datePublished":"2019-08-13T00:00:00+00:00","dateModified":"2024-11-15T22:55:53+00:00","breadcrumb":{"@id":"https:\/\/mwc-cmm.org\/en\/community-guidelines\/#breadcrumb"},"inLanguage":"es","potentialAction":[{"@type":"ReadAction","target":["https:\/\/mwc-cmm.org\/en\/community-guidelines\/"]}]},{"@type":"BreadcrumbList","@id":"https:\/\/mwc-cmm.org\/en\/community-guidelines\/#breadcrumb","itemListElement":[{"@type":"ListItem","position":1,"name":"Home","item":"https:\/\/mwc-cmm.org\/es\/"},{"@type":"ListItem","position":2,"name":"Normas de la comunidad"}]},{"@type":"WebSite","@id":"https:\/\/mwc-cmm.org\/en\/#website","url":"https:\/\/mwc-cmm.org\/en\/","name":"Mennonite World Conference","description":"A communion of Anabaptist-related churches","publisher":{"@id":"https:\/\/mwc-cmm.org\/en\/#organization"},"alternateName":"MWC","potentialAction":[{"@type":"SearchAction","target":{"@type":"EntryPoint","urlTemplate":"https:\/\/mwc-cmm.org\/en\/?s={search_term_string}"},"query-input":{"@type":"PropertyValueSpecification","valueRequired":true,"valueName":"search_term_string"}}],"inLanguage":"es"},{"@type":"Organization","@id":"https:\/\/mwc-cmm.org\/en\/#organization","name":"Mennonite World Conference","alternateName":"MWC","url":"https:\/\/mwc-cmm.org\/en\/","logo":{"@type":"ImageObject","inLanguage":"es","@id":"https:\/\/mwc-cmm.org\/en\/#\/schema\/logo\/image\/","url":"https:\/\/mwc-cmm.org\/wp-content\/uploads\/2026\/01\/MWC_Sig_Blue_Horiz_webheader1-logo.svg","contentUrl":"https:\/\/mwc-cmm.org\/wp-content\/uploads\/2026\/01\/MWC_Sig_Blue_Horiz_webheader1-logo.svg","width":786,"height":82,"caption":"Mennonite World Conference"},"image":{"@id":"https:\/\/mwc-cmm.org\/en\/#\/schema\/logo\/image\/"},"sameAs":["https:\/\/www.facebook.com\/MennoniteWorldConference","https:\/\/www.linkedin.com\/company\/mennonite-world-conference-mwc\/","https:\/\/www.instagram.com\/mwcmm\/","https:\/\/www.youtube.com\/user\/mwccmm","https:\/\/bsky.app\/profile\/mwcmm.bsky.social"]}]}},"_links":{"self":[{"href":"https:\/\/mwc-cmm.org\/es\/wp-json\/wp\/v2\/pages\/5767","targetHints":{"allow":["GET"]}}],"collection":[{"href":"https:\/\/mwc-cmm.org\/es\/wp-json\/wp\/v2\/pages"}],"about":[{"href":"https:\/\/mwc-cmm.org\/es\/wp-json\/wp\/v2\/types\/page"}],"author":[{"embeddable":true,"href":"https:\/\/mwc-cmm.org\/es\/wp-json\/wp\/v2\/users\/1"}],"replies":[{"embeddable":true,"href":"https:\/\/mwc-cmm.org\/es\/wp-json\/wp\/v2\/comments?post=5767"}],"version-history":[{"count":0,"href":"https:\/\/mwc-cmm.org\/es\/wp-json\/wp\/v2\/pages\/5767\/revisions"}],"wp:attachment":[{"href":"https:\/\/mwc-cmm.org\/es\/wp-json\/wp\/v2\/media?parent=5767"}],"curies":[{"name":"wp","href":"https:\/\/api.w.org\/{rel}","templated":true}]}}