{"id":5758,"date":"2019-07-29T00:00:00","date_gmt":"2019-07-29T00:00:00","guid":{"rendered":"https:\/\/mwc-cmm.org\/pa-2015-2\/"},"modified":"2026-02-06T23:40:28","modified_gmt":"2026-02-06T23:40:28","slug":"pa-2015-2","status":"publish","type":"page","link":"https:\/\/mwc-cmm.org\/es\/asamblea\/pa-2015-2\/","title":{"rendered":"Pennsylvania 2015"},"content":{"rendered":"\n<div class=\"wp-block-columns is-layout-flex wp-container-core-columns-is-layout-28f84493 wp-block-columns-is-layout-flex\">\n<div class=\"wp-block-column is-layout-flow wp-block-column-is-layout-flow\">\n<p>Las asambleas del CMM son reuniones de la familia anabautista-menonita a nivel mundial y tienen lugar cada seis a\u00f1os. <\/p>\n<\/div>\n\n\n\n<div class=\"wp-block-column is-layout-flow wp-block-column-is-layout-flow\">\n<figure class=\"wp-block-image alignright size-full\"><img decoding=\"async\" width=\"417\" height=\"125\" data-src=\"https:\/\/mwc-cmm.org\/wp-content\/uploads\/2024\/10\/logo_pa_2015-1.jpg\" alt=\"Walking with God logo\" class=\"wp-image-12349 lazyload\" data-srcset=\"https:\/\/mwc-cmm.org\/wp-content\/uploads\/2024\/10\/logo_pa_2015-1.jpg 417w, https:\/\/mwc-cmm.org\/wp-content\/uploads\/2024\/10\/logo_pa_2015-1-300x90.jpg 300w\" data-sizes=\"(max-width: 417px) 100vw, 417px\" src=\"data:image\/svg+xml;base64,PHN2ZyB3aWR0aD0iMSIgaGVpZ2h0PSIxIiB4bWxucz0iaHR0cDovL3d3dy53My5vcmcvMjAwMC9zdmciPjwvc3ZnPg==\" style=\"--smush-placeholder-width: 417px; --smush-placeholder-aspect-ratio: 417\/125;\" \/><\/figure>\n<\/div>\n<\/div>\n\n\n\n<p>La\u00a0Decimosexta Asamblea\u00a0tuvo lugar del 21 al 26 de julio de 2015 en Harrisburg, Pennsylvania. El tema fue \u00abCaminado con Dios\u00bb\u00a0\u00a0La Asamblea Reunida se realiz\u00f3 solamente en un lugar. La Asamblea Dispersa se realiz\u00f3 en m\u00faltiples sitios.<\/p>\n\n\n\n<p>La Cumbre Mundial de la Juventud (18+)&nbsp;tuvo lugar del 17 al 19 de julio del 2015 en Messiah College en Mechanicsburg, Pennsylvania, E.E.U.U.<\/p>\n\n\n\n<p>Haga <a href=\"http:\/\/pa2015.mwc-cmm.org\/es\/\">clic aqu\u00ed<\/a> para ver fotos, videos, historias y m\u00e1s sobre PA 2015<\/p>\n\n\n\n<p>A continuaci\u00f3n encontrar\u00e1 materiales de la Asamblea 16 del Congreso Mundial Menonita:<\/p>\n\n\n\n<ul class=\"wp-block-list\">\n<li><a href=\"\/es\/node\/3708\">Memorias<\/a><\/li>\n\n\n\n<li><a href=\"https:\/\/mwc-cmm.org\/es\/resources\/asamblea-16-programa\/\" type=\"link\" id=\"https:\/\/mwc-cmm.org\/es\/resources\/asamblea-16-programa\/\">A 16 Programa<\/a><\/li>\n\n\n\n<li><a href=\"\/es\/node\/3961\">A 16 Talleres<\/a><\/li>\n<\/ul>\n\n\n\n<figure class=\"wp-block-image size-large\"><img decoding=\"async\" width=\"1024\" height=\"307\" data-src=\"https:\/\/mwc-cmm.org\/wp-content\/uploads\/2024\/10\/suvsite-1-1024x307.jpg\" alt=\"\" class=\"wp-image-12362 lazyload\" data-srcset=\"https:\/\/mwc-cmm.org\/wp-content\/uploads\/2024\/10\/suvsite-1-1024x307.jpg 1024w, https:\/\/mwc-cmm.org\/wp-content\/uploads\/2024\/10\/suvsite-1-300x90.jpg 300w, https:\/\/mwc-cmm.org\/wp-content\/uploads\/2024\/10\/suvsite-1-768x230.jpg 768w, https:\/\/mwc-cmm.org\/wp-content\/uploads\/2024\/10\/suvsite-1-1536x461.jpg 1536w, https:\/\/mwc-cmm.org\/wp-content\/uploads\/2024\/10\/suvsite-1.jpg 2000w\" data-sizes=\"(max-width: 1024px) 100vw, 1024px\" src=\"data:image\/svg+xml;base64,PHN2ZyB3aWR0aD0iMSIgaGVpZ2h0PSIxIiB4bWxucz0iaHR0cDovL3d3dy53My5vcmcvMjAwMC9zdmciPjwvc3ZnPg==\" style=\"--smush-placeholder-width: 1024px; --smush-placeholder-aspect-ratio: 1024\/307;\" \/><\/figure>\n","protected":false},"excerpt":{"rendered":"<p>Las asambleas del CMM son reuniones de la familia anabautista-menonita a nivel mundial y tienen lugar cada seis a\u00f1os. La\u00a0Decimosexta Asamblea\u00a0tuvo lugar del 21 al 26 de julio de 2015 en Harrisburg, Pennsylvania. El tema fue \u00abCaminado con Dios\u00bb\u00a0\u00a0La Asamblea Reunida se realiz\u00f3 solamente en un lugar. La Asamblea Dispersa se realiz\u00f3 en m\u00faltiples sitios. [&hellip;]<\/p>\n","protected":false},"author":1,"featured_media":0,"parent":11456,"menu_order":0,"comment_status":"closed","ping_status":"closed","template":"","meta":{"_acf_changed":false,"footnotes":""},"class_list":["post-5758","page","type-page","status-publish","hentry"],"acf":[],"yoast_head":"<!-- This site is optimized with the Yoast SEO plugin v27.2 - https:\/\/yoast.com\/product\/yoast-seo-wordpress\/ -->\n<title>Pennsylvania 2015 - Mennonite World Conference<\/title>\n<meta name=\"description\" content=\"La\u00a0Decimosexta Asamblea, PA 2015,\u00a0tuvo lugar del 21 al 26 de julio de 2015 en Harrisburg, Pennsylvania.\" \/>\n<meta name=\"robots\" content=\"index, follow, max-snippet:-1, max-image-preview:large, max-video-preview:-1\" \/>\n<link rel=\"canonical\" href=\"https:\/\/mwc-cmm.org\/es\/asamblea\/pa-2015-2\/\" \/>\n<meta property=\"og:locale\" content=\"es_ES\" \/>\n<meta property=\"og:type\" content=\"article\" \/>\n<meta property=\"og:title\" content=\"Pennsylvania 2015 - Mennonite World Conference\" \/>\n<meta property=\"og:description\" content=\"La\u00a0Decimosexta Asamblea, PA 2015,\u00a0tuvo lugar del 21 al 26 de julio de 2015 en Harrisburg, Pennsylvania.\" \/>\n<meta property=\"og:url\" content=\"https:\/\/mwc-cmm.org\/es\/asamblea\/pa-2015-2\/\" \/>\n<meta property=\"og:site_name\" content=\"Mennonite World Conference\" \/>\n<meta property=\"article:publisher\" content=\"https:\/\/www.facebook.com\/MennoniteWorldConference\" \/>\n<meta property=\"article:modified_time\" content=\"2026-02-06T23:40:28+00:00\" \/>\n<meta property=\"og:image\" content=\"https:\/\/mwc-cmm.org\/wp-content\/uploads\/2024\/10\/logo_pa_2015-1.jpg\" \/>\n\t<meta property=\"og:image:width\" content=\"417\" \/>\n\t<meta property=\"og:image:height\" content=\"125\" \/>\n\t<meta property=\"og:image:type\" content=\"image\/jpeg\" \/>\n<script type=\"application\/ld+json\" class=\"yoast-schema-graph\">{\"@context\":\"https:\/\/schema.org\",\"@graph\":[{\"@type\":\"WebPage\",\"@id\":\"https:\/\/mwc-cmm.org\/es\/asamblea\/pa-2015-2\/\",\"url\":\"https:\/\/mwc-cmm.org\/es\/asamblea\/pa-2015-2\/\",\"name\":\"Pennsylvania 2015 - Mennonite World Conference\",\"isPartOf\":{\"@id\":\"https:\/\/mwc-cmm.org\/en\/#website\"},\"primaryImageOfPage\":{\"@id\":\"https:\/\/mwc-cmm.org\/es\/asamblea\/pa-2015-2\/#primaryimage\"},\"image\":{\"@id\":\"https:\/\/mwc-cmm.org\/es\/asamblea\/pa-2015-2\/#primaryimage\"},\"thumbnailUrl\":\"https:\/\/mwc-cmm.org\/wp-content\/uploads\/2024\/10\/logo_pa_2015-1.jpg\",\"datePublished\":\"2019-07-29T00:00:00+00:00\",\"dateModified\":\"2026-02-06T23:40:28+00:00\",\"description\":\"La\u00a0Decimosexta Asamblea, PA 2015,\u00a0tuvo lugar del 21 al 26 de julio de 2015 en Harrisburg, Pennsylvania.\",\"breadcrumb\":{\"@id\":\"https:\/\/mwc-cmm.org\/es\/asamblea\/pa-2015-2\/#breadcrumb\"},\"inLanguage\":\"es\",\"potentialAction\":[{\"@type\":\"ReadAction\",\"target\":[\"https:\/\/mwc-cmm.org\/es\/asamblea\/pa-2015-2\/\"]}]},{\"@type\":\"ImageObject\",\"inLanguage\":\"es\",\"@id\":\"https:\/\/mwc-cmm.org\/es\/asamblea\/pa-2015-2\/#primaryimage\",\"url\":\"https:\/\/mwc-cmm.org\/wp-content\/uploads\/2024\/10\/logo_pa_2015-1.jpg\",\"contentUrl\":\"https:\/\/mwc-cmm.org\/wp-content\/uploads\/2024\/10\/logo_pa_2015-1.jpg\"},{\"@type\":\"BreadcrumbList\",\"@id\":\"https:\/\/mwc-cmm.org\/es\/asamblea\/pa-2015-2\/#breadcrumb\",\"itemListElement\":[{\"@type\":\"ListItem\",\"position\":1,\"name\":\"Home\",\"item\":\"https:\/\/mwc-cmm.org\/es\/\"},{\"@type\":\"ListItem\",\"position\":2,\"name\":\"Asamblea\",\"item\":\"https:\/\/mwc-cmm.org\/es\/asamblea\/\"},{\"@type\":\"ListItem\",\"position\":3,\"name\":\"Pennsylvania 2015\"}]},{\"@type\":\"WebSite\",\"@id\":\"https:\/\/mwc-cmm.org\/en\/#website\",\"url\":\"https:\/\/mwc-cmm.org\/en\/\",\"name\":\"Mennonite World Conference\",\"description\":\"A communion of Anabaptist-related churches\",\"publisher\":{\"@id\":\"https:\/\/mwc-cmm.org\/en\/#organization\"},\"alternateName\":\"MWC\",\"potentialAction\":[{\"@type\":\"SearchAction\",\"target\":{\"@type\":\"EntryPoint\",\"urlTemplate\":\"https:\/\/mwc-cmm.org\/en\/?s={search_term_string}\"},\"query-input\":{\"@type\":\"PropertyValueSpecification\",\"valueRequired\":true,\"valueName\":\"search_term_string\"}}],\"inLanguage\":\"es\"},{\"@type\":\"Organization\",\"@id\":\"https:\/\/mwc-cmm.org\/en\/#organization\",\"name\":\"Mennonite World Conference\",\"alternateName\":\"MWC\",\"url\":\"https:\/\/mwc-cmm.org\/en\/\",\"logo\":{\"@type\":\"ImageObject\",\"inLanguage\":\"es\",\"@id\":\"https:\/\/mwc-cmm.org\/en\/#\/schema\/logo\/image\/\",\"url\":\"https:\/\/mwc-cmm.org\/wp-content\/uploads\/2026\/01\/MWC_Sig_Blue_Horiz_webheader1-logo.svg\",\"contentUrl\":\"https:\/\/mwc-cmm.org\/wp-content\/uploads\/2026\/01\/MWC_Sig_Blue_Horiz_webheader1-logo.svg\",\"width\":786,\"height\":82,\"caption\":\"Mennonite World Conference\"},\"image\":{\"@id\":\"https:\/\/mwc-cmm.org\/en\/#\/schema\/logo\/image\/\"},\"sameAs\":[\"https:\/\/www.facebook.com\/MennoniteWorldConference\",\"https:\/\/www.linkedin.com\/company\/mennonite-world-conference-mwc\/\",\"https:\/\/www.instagram.com\/mwcmm\/\",\"https:\/\/www.youtube.com\/user\/mwccmm\",\"https:\/\/bsky.app\/profile\/mwcmm.bsky.social\"]}]}<\/script>\n<!-- \/ Yoast SEO plugin. -->","yoast_head_json":{"title":"Pennsylvania 2015 - Mennonite World Conference","description":"La\u00a0Decimosexta Asamblea, PA 2015,\u00a0tuvo lugar del 21 al 26 de julio de 2015 en Harrisburg, Pennsylvania.","robots":{"index":"index","follow":"follow","max-snippet":"max-snippet:-1","max-image-preview":"max-image-preview:large","max-video-preview":"max-video-preview:-1"},"canonical":"https:\/\/mwc-cmm.org\/es\/asamblea\/pa-2015-2\/","og_locale":"es_ES","og_type":"article","og_title":"Pennsylvania 2015 - Mennonite World Conference","og_description":"La\u00a0Decimosexta Asamblea, PA 2015,\u00a0tuvo lugar del 21 al 26 de julio de 2015 en Harrisburg, Pennsylvania.","og_url":"https:\/\/mwc-cmm.org\/es\/asamblea\/pa-2015-2\/","og_site_name":"Mennonite World Conference","article_publisher":"https:\/\/www.facebook.com\/MennoniteWorldConference","article_modified_time":"2026-02-06T23:40:28+00:00","og_image":[{"width":417,"height":125,"url":"https:\/\/mwc-cmm.org\/wp-content\/uploads\/2024\/10\/logo_pa_2015-1.jpg","type":"image\/jpeg"}],"schema":{"@context":"https:\/\/schema.org","@graph":[{"@type":"WebPage","@id":"https:\/\/mwc-cmm.org\/es\/asamblea\/pa-2015-2\/","url":"https:\/\/mwc-cmm.org\/es\/asamblea\/pa-2015-2\/","name":"Pennsylvania 2015 - Mennonite World Conference","isPartOf":{"@id":"https:\/\/mwc-cmm.org\/en\/#website"},"primaryImageOfPage":{"@id":"https:\/\/mwc-cmm.org\/es\/asamblea\/pa-2015-2\/#primaryimage"},"image":{"@id":"https:\/\/mwc-cmm.org\/es\/asamblea\/pa-2015-2\/#primaryimage"},"thumbnailUrl":"https:\/\/mwc-cmm.org\/wp-content\/uploads\/2024\/10\/logo_pa_2015-1.jpg","datePublished":"2019-07-29T00:00:00+00:00","dateModified":"2026-02-06T23:40:28+00:00","description":"La\u00a0Decimosexta Asamblea, PA 2015,\u00a0tuvo lugar del 21 al 26 de julio de 2015 en Harrisburg, Pennsylvania.","breadcrumb":{"@id":"https:\/\/mwc-cmm.org\/es\/asamblea\/pa-2015-2\/#breadcrumb"},"inLanguage":"es","potentialAction":[{"@type":"ReadAction","target":["https:\/\/mwc-cmm.org\/es\/asamblea\/pa-2015-2\/"]}]},{"@type":"ImageObject","inLanguage":"es","@id":"https:\/\/mwc-cmm.org\/es\/asamblea\/pa-2015-2\/#primaryimage","url":"https:\/\/mwc-cmm.org\/wp-content\/uploads\/2024\/10\/logo_pa_2015-1.jpg","contentUrl":"https:\/\/mwc-cmm.org\/wp-content\/uploads\/2024\/10\/logo_pa_2015-1.jpg"},{"@type":"BreadcrumbList","@id":"https:\/\/mwc-cmm.org\/es\/asamblea\/pa-2015-2\/#breadcrumb","itemListElement":[{"@type":"ListItem","position":1,"name":"Home","item":"https:\/\/mwc-cmm.org\/es\/"},{"@type":"ListItem","position":2,"name":"Asamblea","item":"https:\/\/mwc-cmm.org\/es\/asamblea\/"},{"@type":"ListItem","position":3,"name":"Pennsylvania 2015"}]},{"@type":"WebSite","@id":"https:\/\/mwc-cmm.org\/en\/#website","url":"https:\/\/mwc-cmm.org\/en\/","name":"Mennonite World Conference","description":"A communion of Anabaptist-related churches","publisher":{"@id":"https:\/\/mwc-cmm.org\/en\/#organization"},"alternateName":"MWC","potentialAction":[{"@type":"SearchAction","target":{"@type":"EntryPoint","urlTemplate":"https:\/\/mwc-cmm.org\/en\/?s={search_term_string}"},"query-input":{"@type":"PropertyValueSpecification","valueRequired":true,"valueName":"search_term_string"}}],"inLanguage":"es"},{"@type":"Organization","@id":"https:\/\/mwc-cmm.org\/en\/#organization","name":"Mennonite World Conference","alternateName":"MWC","url":"https:\/\/mwc-cmm.org\/en\/","logo":{"@type":"ImageObject","inLanguage":"es","@id":"https:\/\/mwc-cmm.org\/en\/#\/schema\/logo\/image\/","url":"https:\/\/mwc-cmm.org\/wp-content\/uploads\/2026\/01\/MWC_Sig_Blue_Horiz_webheader1-logo.svg","contentUrl":"https:\/\/mwc-cmm.org\/wp-content\/uploads\/2026\/01\/MWC_Sig_Blue_Horiz_webheader1-logo.svg","width":786,"height":82,"caption":"Mennonite World Conference"},"image":{"@id":"https:\/\/mwc-cmm.org\/en\/#\/schema\/logo\/image\/"},"sameAs":["https:\/\/www.facebook.com\/MennoniteWorldConference","https:\/\/www.linkedin.com\/company\/mennonite-world-conference-mwc\/","https:\/\/www.instagram.com\/mwcmm\/","https:\/\/www.youtube.com\/user\/mwccmm","https:\/\/bsky.app\/profile\/mwcmm.bsky.social"]}]}},"_links":{"self":[{"href":"https:\/\/mwc-cmm.org\/es\/wp-json\/wp\/v2\/pages\/5758","targetHints":{"allow":["GET"]}}],"collection":[{"href":"https:\/\/mwc-cmm.org\/es\/wp-json\/wp\/v2\/pages"}],"about":[{"href":"https:\/\/mwc-cmm.org\/es\/wp-json\/wp\/v2\/types\/page"}],"author":[{"embeddable":true,"href":"https:\/\/mwc-cmm.org\/es\/wp-json\/wp\/v2\/users\/1"}],"replies":[{"embeddable":true,"href":"https:\/\/mwc-cmm.org\/es\/wp-json\/wp\/v2\/comments?post=5758"}],"version-history":[{"count":0,"href":"https:\/\/mwc-cmm.org\/es\/wp-json\/wp\/v2\/pages\/5758\/revisions"}],"up":[{"embeddable":true,"href":"https:\/\/mwc-cmm.org\/es\/wp-json\/wp\/v2\/pages\/11456"}],"wp:attachment":[{"href":"https:\/\/mwc-cmm.org\/es\/wp-json\/wp\/v2\/media?parent=5758"}],"curies":[{"name":"wp","href":"https:\/\/api.w.org\/{rel}","templated":true}]}}