{"id":5749,"date":"2019-07-29T00:00:00","date_gmt":"2019-07-29T00:00:00","guid":{"rendered":"https:\/\/mwc-cmm.org\/francophone-network-2\/"},"modified":"2024-11-15T22:57:40","modified_gmt":"2024-11-15T22:57:40","slug":"red-francofona","status":"publish","type":"page","link":"https:\/\/mwc-cmm.org\/es\/red-francofona\/","title":{"rendered":"Red Franc\u00f3fona"},"content":{"rendered":"\n<figure class=\"wp-block-image size-full\"><img decoding=\"async\" width=\"600\" height=\"192\" data-src=\"https:\/\/mwc-cmm.org\/wp-content\/uploads\/2024\/10\/resfrasxb2010.jpg\" alt=\"A group of people, siting a tables arranged in a square \" class=\"wp-image-11535 lazyload\" data-srcset=\"https:\/\/mwc-cmm.org\/wp-content\/uploads\/2024\/10\/resfrasxb2010.jpg 600w, https:\/\/mwc-cmm.org\/wp-content\/uploads\/2024\/10\/resfrasxb2010-300x96.jpg 300w\" data-sizes=\"(max-width: 600px) 100vw, 600px\" src=\"data:image\/svg+xml;base64,PHN2ZyB3aWR0aD0iMSIgaGVpZ2h0PSIxIiB4bWxucz0iaHR0cDovL3d3dy53My5vcmcvMjAwMC9zdmciPjwvc3ZnPg==\" style=\"--smush-placeholder-width: 600px; --smush-placeholder-aspect-ratio: 600\/192;\" \/><\/figure>\n\n\n\n<p>La red incluye comunidades anabautistas-menonitas francesas en tres continentes: Africa, Europa y Am\u00e9rica del Norte<\/p>\n\n\n\n<p>Para informaci\u00f3n e historias sobre la Red Franc\u00f3fona, consulte la versi\u00f3n en franc\u00e9s de esta p\u00e1gina.<\/p>\n\n\n\n<p><strong>\u00bfC\u00f3mo le est\u00e1 yendo a la R\u00e9seau mennonite francophone &#8211; o Red Menonita Franc\u00f3fona \u2013 al comienzo del a\u00f1o 2013?<\/strong><\/p>\n\n\n\n<p>Bueno, est\u00e1 avanzando silenciosamente, \u00a1pero muy eficientemente!<\/p>\n\n\n\n<p>Las organizaciones menonitas internacionales de habla francesa llevan a cabo muchas actividades que se alinean f\u00e1cilmente con el objetivo de la Red. Algunas de estas actividades son iniciadas directamente por la Red y su objetivo principal es unir a los menonitas de habla francesa provenientes de diferentes horizontes. Otras son iniciadas por las diversas organizaciones de habla francesa. Nuevamente, el objetivo principal es promover la cooperaci\u00f3n entre los menonitas de habla francesa. Todas estas acciones convergen hacia el objetivo de la Red de crear una red internacional de actividades complementarias para servir a nuestro maestro en com\u00fan, Jesucristo.&nbsp;<a href=\"\/sites\/default\/files\/website_files\/francophone_network_2013_overview_es.pdf\">Leer m\u00e1s<\/a>.<\/p>\n","protected":false},"excerpt":{"rendered":"<p>La red incluye comunidades anabautistas-menonitas francesas en tres continentes: Africa, Europa y Am\u00e9rica del Norte Para informaci\u00f3n e historias sobre la Red Franc\u00f3fona, consulte la versi\u00f3n en franc\u00e9s de esta p\u00e1gina. \u00bfC\u00f3mo le est\u00e1 yendo a la R\u00e9seau mennonite francophone &#8211; o Red Menonita Franc\u00f3fona \u2013 al comienzo del a\u00f1o 2013? Bueno, est\u00e1 avanzando silenciosamente, [&hellip;]<\/p>\n","protected":false},"author":1,"featured_media":0,"parent":0,"menu_order":0,"comment_status":"closed","ping_status":"closed","template":"","meta":{"_acf_changed":false,"footnotes":""},"class_list":["post-5749","page","type-page","status-publish","hentry"],"acf":[],"yoast_head":"<!-- This site is optimized with the Yoast SEO plugin v27.2 - https:\/\/yoast.com\/product\/yoast-seo-wordpress\/ -->\n<title>Red Franc\u00f3fona - Mennonite World Conference<\/title>\n<meta name=\"robots\" content=\"index, follow, max-snippet:-1, max-image-preview:large, max-video-preview:-1\" \/>\n<link rel=\"canonical\" href=\"https:\/\/mwc-cmm.org\/en\/francophone-network\/\" \/>\n<meta property=\"og:locale\" content=\"es_ES\" \/>\n<meta property=\"og:type\" content=\"article\" \/>\n<meta property=\"og:title\" content=\"Red Franc\u00f3fona - Mennonite World Conference\" \/>\n<meta property=\"og:description\" content=\"La red incluye comunidades anabautistas-menonitas francesas en tres continentes: Africa, Europa y Am\u00e9rica del Norte Para informaci\u00f3n e historias sobre la Red Franc\u00f3fona, consulte la versi\u00f3n en franc\u00e9s de esta p\u00e1gina. \u00bfC\u00f3mo le est\u00e1 yendo a la R\u00e9seau mennonite francophone &#8211; o Red Menonita Franc\u00f3fona \u2013 al comienzo del a\u00f1o 2013? Bueno, est\u00e1 avanzando silenciosamente, [&hellip;]\" \/>\n<meta property=\"og:url\" content=\"https:\/\/mwc-cmm.org\/en\/francophone-network\/\" \/>\n<meta property=\"og:site_name\" content=\"Mennonite World Conference\" \/>\n<meta property=\"article:publisher\" content=\"https:\/\/www.facebook.com\/MennoniteWorldConference\" \/>\n<meta property=\"article:modified_time\" content=\"2024-11-15T22:57:40+00:00\" \/>\n<meta property=\"og:image\" content=\"https:\/\/mwc-cmm.org\/wp-content\/uploads\/2024\/10\/resfrasxb2010.jpg\" \/>\n\t<meta property=\"og:image:width\" content=\"600\" \/>\n\t<meta property=\"og:image:height\" content=\"192\" \/>\n\t<meta property=\"og:image:type\" content=\"image\/jpeg\" \/>\n<script type=\"application\/ld+json\" class=\"yoast-schema-graph\">{\"@context\":\"https:\/\/schema.org\",\"@graph\":[{\"@type\":\"WebPage\",\"@id\":\"https:\/\/mwc-cmm.org\/en\/francophone-network\/\",\"url\":\"https:\/\/mwc-cmm.org\/en\/francophone-network\/\",\"name\":\"Red Franc\u00f3fona - Mennonite World Conference\",\"isPartOf\":{\"@id\":\"https:\/\/mwc-cmm.org\/en\/#website\"},\"primaryImageOfPage\":{\"@id\":\"https:\/\/mwc-cmm.org\/en\/francophone-network\/#primaryimage\"},\"image\":{\"@id\":\"https:\/\/mwc-cmm.org\/en\/francophone-network\/#primaryimage\"},\"thumbnailUrl\":\"https:\/\/mwc-cmm.org\/wp-content\/uploads\/2024\/10\/resfrasxb2010.jpg\",\"datePublished\":\"2019-07-29T00:00:00+00:00\",\"dateModified\":\"2024-11-15T22:57:40+00:00\",\"breadcrumb\":{\"@id\":\"https:\/\/mwc-cmm.org\/en\/francophone-network\/#breadcrumb\"},\"inLanguage\":\"es\",\"potentialAction\":[{\"@type\":\"ReadAction\",\"target\":[\"https:\/\/mwc-cmm.org\/en\/francophone-network\/\"]}]},{\"@type\":\"ImageObject\",\"inLanguage\":\"es\",\"@id\":\"https:\/\/mwc-cmm.org\/en\/francophone-network\/#primaryimage\",\"url\":\"https:\/\/mwc-cmm.org\/wp-content\/uploads\/2024\/10\/resfrasxb2010.jpg\",\"contentUrl\":\"https:\/\/mwc-cmm.org\/wp-content\/uploads\/2024\/10\/resfrasxb2010.jpg\"},{\"@type\":\"BreadcrumbList\",\"@id\":\"https:\/\/mwc-cmm.org\/en\/francophone-network\/#breadcrumb\",\"itemListElement\":[{\"@type\":\"ListItem\",\"position\":1,\"name\":\"Home\",\"item\":\"https:\/\/mwc-cmm.org\/es\/\"},{\"@type\":\"ListItem\",\"position\":2,\"name\":\"Red Franc\u00f3fona\"}]},{\"@type\":\"WebSite\",\"@id\":\"https:\/\/mwc-cmm.org\/en\/#website\",\"url\":\"https:\/\/mwc-cmm.org\/en\/\",\"name\":\"Mennonite World Conference\",\"description\":\"A communion of Anabaptist-related churches\",\"publisher\":{\"@id\":\"https:\/\/mwc-cmm.org\/en\/#organization\"},\"alternateName\":\"MWC\",\"potentialAction\":[{\"@type\":\"SearchAction\",\"target\":{\"@type\":\"EntryPoint\",\"urlTemplate\":\"https:\/\/mwc-cmm.org\/en\/?s={search_term_string}\"},\"query-input\":{\"@type\":\"PropertyValueSpecification\",\"valueRequired\":true,\"valueName\":\"search_term_string\"}}],\"inLanguage\":\"es\"},{\"@type\":\"Organization\",\"@id\":\"https:\/\/mwc-cmm.org\/en\/#organization\",\"name\":\"Mennonite World Conference\",\"alternateName\":\"MWC\",\"url\":\"https:\/\/mwc-cmm.org\/en\/\",\"logo\":{\"@type\":\"ImageObject\",\"inLanguage\":\"es\",\"@id\":\"https:\/\/mwc-cmm.org\/en\/#\/schema\/logo\/image\/\",\"url\":\"https:\/\/mwc-cmm.org\/wp-content\/uploads\/2026\/01\/MWC_Sig_Blue_Horiz_webheader1-logo.svg\",\"contentUrl\":\"https:\/\/mwc-cmm.org\/wp-content\/uploads\/2026\/01\/MWC_Sig_Blue_Horiz_webheader1-logo.svg\",\"width\":786,\"height\":82,\"caption\":\"Mennonite World Conference\"},\"image\":{\"@id\":\"https:\/\/mwc-cmm.org\/en\/#\/schema\/logo\/image\/\"},\"sameAs\":[\"https:\/\/www.facebook.com\/MennoniteWorldConference\",\"https:\/\/www.linkedin.com\/company\/mennonite-world-conference-mwc\/\",\"https:\/\/www.instagram.com\/mwcmm\/\",\"https:\/\/www.youtube.com\/user\/mwccmm\",\"https:\/\/bsky.app\/profile\/mwcmm.bsky.social\"]}]}<\/script>\n<!-- \/ Yoast SEO plugin. -->","yoast_head_json":{"title":"Red Franc\u00f3fona - Mennonite World Conference","robots":{"index":"index","follow":"follow","max-snippet":"max-snippet:-1","max-image-preview":"max-image-preview:large","max-video-preview":"max-video-preview:-1"},"canonical":"https:\/\/mwc-cmm.org\/en\/francophone-network\/","og_locale":"es_ES","og_type":"article","og_title":"Red Franc\u00f3fona - Mennonite World Conference","og_description":"La red incluye comunidades anabautistas-menonitas francesas en tres continentes: Africa, Europa y Am\u00e9rica del Norte Para informaci\u00f3n e historias sobre la Red Franc\u00f3fona, consulte la versi\u00f3n en franc\u00e9s de esta p\u00e1gina. \u00bfC\u00f3mo le est\u00e1 yendo a la R\u00e9seau mennonite francophone &#8211; o Red Menonita Franc\u00f3fona \u2013 al comienzo del a\u00f1o 2013? Bueno, est\u00e1 avanzando silenciosamente, [&hellip;]","og_url":"https:\/\/mwc-cmm.org\/en\/francophone-network\/","og_site_name":"Mennonite World Conference","article_publisher":"https:\/\/www.facebook.com\/MennoniteWorldConference","article_modified_time":"2024-11-15T22:57:40+00:00","og_image":[{"width":600,"height":192,"url":"https:\/\/mwc-cmm.org\/wp-content\/uploads\/2024\/10\/resfrasxb2010.jpg","type":"image\/jpeg"}],"schema":{"@context":"https:\/\/schema.org","@graph":[{"@type":"WebPage","@id":"https:\/\/mwc-cmm.org\/en\/francophone-network\/","url":"https:\/\/mwc-cmm.org\/en\/francophone-network\/","name":"Red Franc\u00f3fona - Mennonite World Conference","isPartOf":{"@id":"https:\/\/mwc-cmm.org\/en\/#website"},"primaryImageOfPage":{"@id":"https:\/\/mwc-cmm.org\/en\/francophone-network\/#primaryimage"},"image":{"@id":"https:\/\/mwc-cmm.org\/en\/francophone-network\/#primaryimage"},"thumbnailUrl":"https:\/\/mwc-cmm.org\/wp-content\/uploads\/2024\/10\/resfrasxb2010.jpg","datePublished":"2019-07-29T00:00:00+00:00","dateModified":"2024-11-15T22:57:40+00:00","breadcrumb":{"@id":"https:\/\/mwc-cmm.org\/en\/francophone-network\/#breadcrumb"},"inLanguage":"es","potentialAction":[{"@type":"ReadAction","target":["https:\/\/mwc-cmm.org\/en\/francophone-network\/"]}]},{"@type":"ImageObject","inLanguage":"es","@id":"https:\/\/mwc-cmm.org\/en\/francophone-network\/#primaryimage","url":"https:\/\/mwc-cmm.org\/wp-content\/uploads\/2024\/10\/resfrasxb2010.jpg","contentUrl":"https:\/\/mwc-cmm.org\/wp-content\/uploads\/2024\/10\/resfrasxb2010.jpg"},{"@type":"BreadcrumbList","@id":"https:\/\/mwc-cmm.org\/en\/francophone-network\/#breadcrumb","itemListElement":[{"@type":"ListItem","position":1,"name":"Home","item":"https:\/\/mwc-cmm.org\/es\/"},{"@type":"ListItem","position":2,"name":"Red Franc\u00f3fona"}]},{"@type":"WebSite","@id":"https:\/\/mwc-cmm.org\/en\/#website","url":"https:\/\/mwc-cmm.org\/en\/","name":"Mennonite World Conference","description":"A communion of Anabaptist-related churches","publisher":{"@id":"https:\/\/mwc-cmm.org\/en\/#organization"},"alternateName":"MWC","potentialAction":[{"@type":"SearchAction","target":{"@type":"EntryPoint","urlTemplate":"https:\/\/mwc-cmm.org\/en\/?s={search_term_string}"},"query-input":{"@type":"PropertyValueSpecification","valueRequired":true,"valueName":"search_term_string"}}],"inLanguage":"es"},{"@type":"Organization","@id":"https:\/\/mwc-cmm.org\/en\/#organization","name":"Mennonite World Conference","alternateName":"MWC","url":"https:\/\/mwc-cmm.org\/en\/","logo":{"@type":"ImageObject","inLanguage":"es","@id":"https:\/\/mwc-cmm.org\/en\/#\/schema\/logo\/image\/","url":"https:\/\/mwc-cmm.org\/wp-content\/uploads\/2026\/01\/MWC_Sig_Blue_Horiz_webheader1-logo.svg","contentUrl":"https:\/\/mwc-cmm.org\/wp-content\/uploads\/2026\/01\/MWC_Sig_Blue_Horiz_webheader1-logo.svg","width":786,"height":82,"caption":"Mennonite World Conference"},"image":{"@id":"https:\/\/mwc-cmm.org\/en\/#\/schema\/logo\/image\/"},"sameAs":["https:\/\/www.facebook.com\/MennoniteWorldConference","https:\/\/www.linkedin.com\/company\/mennonite-world-conference-mwc\/","https:\/\/www.instagram.com\/mwcmm\/","https:\/\/www.youtube.com\/user\/mwccmm","https:\/\/bsky.app\/profile\/mwcmm.bsky.social"]}]}},"_links":{"self":[{"href":"https:\/\/mwc-cmm.org\/es\/wp-json\/wp\/v2\/pages\/5749","targetHints":{"allow":["GET"]}}],"collection":[{"href":"https:\/\/mwc-cmm.org\/es\/wp-json\/wp\/v2\/pages"}],"about":[{"href":"https:\/\/mwc-cmm.org\/es\/wp-json\/wp\/v2\/types\/page"}],"author":[{"embeddable":true,"href":"https:\/\/mwc-cmm.org\/es\/wp-json\/wp\/v2\/users\/1"}],"replies":[{"embeddable":true,"href":"https:\/\/mwc-cmm.org\/es\/wp-json\/wp\/v2\/comments?post=5749"}],"version-history":[{"count":0,"href":"https:\/\/mwc-cmm.org\/es\/wp-json\/wp\/v2\/pages\/5749\/revisions"}],"wp:attachment":[{"href":"https:\/\/mwc-cmm.org\/es\/wp-json\/wp\/v2\/media?parent=5749"}],"curies":[{"name":"wp","href":"https:\/\/api.w.org\/{rel}","templated":true}]}}