{"id":5746,"date":"2019-07-29T00:00:00","date_gmt":"2019-07-29T00:00:00","guid":{"rendered":"https:\/\/mwc-cmm.org\/global-church-sharing-fund-2\/"},"modified":"2025-07-29T20:22:15","modified_gmt":"2025-07-29T20:22:15","slug":"fondo-de-ayuda-de-la-iglesia-mundial","status":"publish","type":"page","link":"https:\/\/mwc-cmm.org\/es\/comisiones\/comision-de-diaconos\/fondo-de-ayuda-de-la-iglesia-mundial\/","title":{"rendered":"Fondo de Ayuda de la Iglesia Mundial"},"content":{"rendered":"\n<h2 class=\"wp-block-heading\">El fondo de Jubileo del Fondo de Ayuda de la Iglesia Mundial&nbsp;<\/h2>\n\n\n\n<p>Inspirado en la ense\u00f1anza b\u00edblica de \u201cJubileo\u201d (en Lev\u00edtico 25, por ejemplo), el Congreso Mundial Menonita estableci\u00f3 el Fondo de Ayuda de la Iglesia Mundial. El objetivo es poner en pr\u00e1ctica las palabras del Ap\u00f3stol Pablo a los Corintios:&nbsp;<\/p>\n\n\n\n<p>\u201cNo digo esto para que haya para otros holgura y para vosotros escasez, sino para que en este momento, con igualdad, la abundancia vuestra supla la escasez de ellos, para que tambi\u00e9n la abundancia de ellos supla la necesidad vuestra, para que haya igualdad, como est\u00e1 escrito, \u2018El que recogi\u00f3 mucho no tuvo m\u00e1s y el que poco, no tuvo menos.\u2019\u201d (2\u202fCorintios 8,13-15).&nbsp;<\/p>\n\n\n\n<p>Lamentablemente, una profunda desigualdad econ\u00f3mica acompa\u00f1a a nuestra diversa familia anabautista menonita mundial.&nbsp;<\/p>\n\n\n\n<p>La mayor\u00eda de nuestros miembros en nuestra familia mundial de fe se encuentran en el sur global (\u00c1frica 52%, Asia 24%, Am\u00e9rica Latina 7%). Aun as\u00ed, gran parte de nuestros recursos financieros permanecen en las manos de norteamericanos (43%) y europeos (30%). (quienes representan el 15% y el 1% de la membres\u00eda del CMM, respectivamente).&nbsp;<\/p>\n\n\n\n<p>A trav\u00e9s del fondo de Jubileo del Fondo de Ayuda de la iglesia Mundial, las iglesias miembros y miembros asociados del CMM en \u00c1frica, Asia y Am\u00e9rica Latina y el Caribe pueden reciben una subvenci\u00f3n de hasta\u202f $10\u202f000 d\u00f3lares americanos para ser utilizados en ministerios que desarrollen la vida y misi\u00f3n de sus iglesias.&nbsp;<\/p>\n\n\n\n<p>Quienes reciben la donaci\u00f3n tienen pueden determinar de la mejor manera c\u00f3mo esta favorecer\u00e1 la misi\u00f3n de Dios basados en sus circunstancias.&nbsp;<\/p>\n\n\n\n<p>El personal del CMM administra el fondo y monitorea su uso, bajo la supervisi\u00f3n del Comit\u00e9 Ejecutivo del CMM, que es responsable ante el Concilio General del CMM.&nbsp;<\/p>\n\n\n\n<div class=\"wp-block-buttons is-layout-flex wp-block-buttons-is-layout-flex\">\n<div class=\"wp-block-button\"><a class=\"wp-block-button__link wp-element-button\" href=\"https:\/\/mwc-cmm.org\/es\/resources\/fondo-de-ayuda-de-la-iglesia-mundial-formulario-de-solicitud\/\"><strong>Descargue aqu\u00ed los formatos de aplicaci\u00f3n y rendici\u00f3n de informes<\/strong><\/a><\/div>\n<\/div>\n\n\n\n<p>Las iglesias del hemisferio Sur han utilizado <strong>los fondos de Ayuda de la Iglesia Mundial <\/strong>en una variedad de formas, incluyendo:&nbsp;<\/p>\n\n\n\n<ul class=\"wp-block-list\">\n<li>la traducci\u00f3n y publicaci\u00f3n de materiales;&nbsp;<\/li>\n\n\n\n<li>becas para estudiantes;<\/li>\n\n\n\n<li>actualizaci\u00f3n de sistemas operativos,<\/li>\n\n\n\n<li>compra de suministros para la iglesia,<\/li>\n\n\n\n<li>compra de bicicletas para evangelistas;<\/li>\n\n\n\n<li>veh\u00edculos para la supervisi\u00f3n y administraci\u00f3n de la iglesia;<\/li>\n\n\n\n<li>pago de cuotas de suscripci\u00f3n a organizaciones misioneras y eclesiales;<\/li>\n\n\n\n<li>costos de transporte;<\/li>\n\n\n\n<li>capacitaci\u00f3n en liderazgo y evangelismo;<\/li>\n\n\n\n<li>compra de tierras;<\/li>\n\n\n\n<li>construcci\u00f3n y reparaci\u00f3n de instalaciones de la iglesia;<\/li>\n\n\n\n<li>promoci\u00f3n de la identidad y pertenencia anabautista,<\/li>\n\n\n\n<li>salarios pastorales y retiros, y<\/li>\n\n\n\n<li>fondo de donaciones para pastores retirados.<\/li>\n<\/ul>\n\n\n\n<p>El fondo tambi\u00e9n se ha utilizado para apoyar a las iglesias con acciones de respuesta a emergencias cuando hay un desastre natural en su regi\u00f3n.&nbsp;<\/p>\n\n\n\n<p>Entre el 2019 y el 2021, las iglesias miembros recibieron subvenciones del fondo de respuesta al COVID-19, supervisadas por el CMM en colaboraci\u00f3n con m\u00e1s de una docena de organizaciones anabautistas-menonitas de servicio y misiones.&nbsp;<\/p>\n\n\n\n<h2 class=\"wp-block-heading\">Comparte&nbsp;<\/h2>\n\n\n\n<p>Puedes contribuir al Fondo de Ayuda de la Iglesia Mundial por medio de una donaci\u00f3n al CMM. Aseg\u00farate de indicar claramente que la donaci\u00f3n es para <strong>el Fondo de Ayuda de la Iglesia Mundial<\/strong>.&nbsp;<\/p>\n\n\n\n<div class=\"wp-block-buttons is-layout-flex wp-block-buttons-is-layout-flex\">\n<div class=\"wp-block-button\"><a class=\"wp-block-button__link wp-element-button\" href=\"https:\/\/mwc-cmm.org\/es\/done-ahora\/\">Done Ahora<\/a><\/div>\n<\/div>\n\n\n\n<p>\u201cCompartir crea abundancia porque no hay alienaci\u00f3n involucrada. Cuando verdaderamente comparto mis dones, no estoy perdiendo nada; en cambio, me estoy extendiendo a m\u00ed mismo junto con mis dones, hacia otra persona, y en el proceso me estoy convirtiendo en parte del empoderamiento de los propios dones de dicha persona\u201d.&nbsp;<a href=\"https:\/\/archive.org\/details\/compartiendodone00tshi\" target=\"_blank\" rel=\"noreferrer noopener\"><em>Compartiendo los dones en la familia mundial de la fe<\/em><\/a>&nbsp;por Pakisa K. Tshimika y Tim Lind&nbsp;<\/p>\n\n\n\n<p>El Fondo de Ayuda de la Iglesia Mundial est\u00e1 compuesto por cuatro cuentas: General (reserva), Jubileo, Di\u00e1conos, Compensaci\u00f3n por Emisiones de Carbono&nbsp;<\/p>\n\n\n\n<p>Obtenga m\u00e1s informaci\u00f3n sobre las cuentas del Fondo de Ayuda de la Iglesia Mundial en el Libro de referencia del CMM, documento 8.2.3.&nbsp;<\/p>\n\n\n\n<p>El CMM representa a 109 iglesias nacionales con 1.47 millones de miembros. Estas hermanas y hermanos comparten muchos dones, renovando as\u00ed la vida de la Iglesia mundial a la vez que extienden el Reino de Dios.&nbsp;<\/p>\n\n\n\n<p><\/p>\n","protected":false},"excerpt":{"rendered":"<p>El fondo de Jubileo del Fondo de Ayuda de la Iglesia Mundial&nbsp; Inspirado en la ense\u00f1anza b\u00edblica de \u201cJubileo\u201d (en Lev\u00edtico 25, por ejemplo), el Congreso Mundial Menonita estableci\u00f3 el Fondo de Ayuda de la Iglesia Mundial. El objetivo es poner en pr\u00e1ctica las palabras del Ap\u00f3stol Pablo a los Corintios:&nbsp; \u201cNo digo esto para [&hellip;]<\/p>\n","protected":false},"author":1,"featured_media":0,"parent":11449,"menu_order":0,"comment_status":"closed","ping_status":"closed","template":"","meta":{"_acf_changed":false,"footnotes":""},"class_list":["post-5746","page","type-page","status-publish","hentry"],"acf":[],"yoast_head":"<!-- This site is optimized with the Yoast SEO plugin v27.2 - https:\/\/yoast.com\/product\/yoast-seo-wordpress\/ -->\n<title>Fondo de Ayuda de la Iglesia Mundial - Mennonite World Conference<\/title>\n<meta name=\"description\" content=\"Inspirado en la ense\u00f1anza de \u201cJubileo\u201d, el CMM estableci\u00f3 el Fondo de Ayuda de la Iglesia Mundial. El objetivo es poner en pr\u00e1ctica las palabras del Ap\u00f3stol Pablo.\" \/>\n<meta name=\"robots\" content=\"index, follow, max-snippet:-1, max-image-preview:large, max-video-preview:-1\" \/>\n<link rel=\"canonical\" href=\"https:\/\/mwc-cmm.org\/es\/comisiones\/comision-de-diaconos\/fondo-de-ayuda-de-la-iglesia-mundial\/\" \/>\n<meta property=\"og:locale\" content=\"es_ES\" \/>\n<meta property=\"og:type\" content=\"article\" \/>\n<meta property=\"og:title\" content=\"Fondo de Ayuda de la Iglesia Mundial - Mennonite World Conference\" \/>\n<meta property=\"og:description\" content=\"Inspirado en la ense\u00f1anza de \u201cJubileo\u201d, el CMM estableci\u00f3 el Fondo de Ayuda de la Iglesia Mundial. El objetivo es poner en pr\u00e1ctica las palabras del Ap\u00f3stol Pablo.\" \/>\n<meta property=\"og:url\" content=\"https:\/\/mwc-cmm.org\/es\/comisiones\/comision-de-diaconos\/fondo-de-ayuda-de-la-iglesia-mundial\/\" \/>\n<meta property=\"og:site_name\" content=\"Mennonite World Conference\" \/>\n<meta property=\"article:publisher\" content=\"https:\/\/www.facebook.com\/MennoniteWorldConference\" \/>\n<meta property=\"article:modified_time\" content=\"2025-07-29T20:22:15+00:00\" \/>\n<script type=\"application\/ld+json\" class=\"yoast-schema-graph\">{\"@context\":\"https:\/\/schema.org\",\"@graph\":[{\"@type\":\"WebPage\",\"@id\":\"https:\/\/mwc-cmm.org\/es\/comisiones\/comision-de-diaconos\/fondo-de-ayuda-de-la-iglesia-mundial\/\",\"url\":\"https:\/\/mwc-cmm.org\/es\/comisiones\/comision-de-diaconos\/fondo-de-ayuda-de-la-iglesia-mundial\/\",\"name\":\"Fondo de Ayuda de la Iglesia Mundial - Mennonite World Conference\",\"isPartOf\":{\"@id\":\"https:\/\/mwc-cmm.org\/en\/#website\"},\"datePublished\":\"2019-07-29T00:00:00+00:00\",\"dateModified\":\"2025-07-29T20:22:15+00:00\",\"description\":\"Inspirado en la ense\u00f1anza de \u201cJubileo\u201d, el CMM estableci\u00f3 el Fondo de Ayuda de la Iglesia Mundial. El objetivo es poner en pr\u00e1ctica las palabras del Ap\u00f3stol Pablo.\",\"breadcrumb\":{\"@id\":\"https:\/\/mwc-cmm.org\/es\/comisiones\/comision-de-diaconos\/fondo-de-ayuda-de-la-iglesia-mundial\/#breadcrumb\"},\"inLanguage\":\"es\",\"potentialAction\":[{\"@type\":\"ReadAction\",\"target\":[\"https:\/\/mwc-cmm.org\/es\/comisiones\/comision-de-diaconos\/fondo-de-ayuda-de-la-iglesia-mundial\/\"]}]},{\"@type\":\"BreadcrumbList\",\"@id\":\"https:\/\/mwc-cmm.org\/es\/comisiones\/comision-de-diaconos\/fondo-de-ayuda-de-la-iglesia-mundial\/#breadcrumb\",\"itemListElement\":[{\"@type\":\"ListItem\",\"position\":1,\"name\":\"Home\",\"item\":\"https:\/\/mwc-cmm.org\/es\/\"},{\"@type\":\"ListItem\",\"position\":2,\"name\":\"Comisiones\",\"item\":\"https:\/\/mwc-cmm.org\/es\/comisiones\/\"},{\"@type\":\"ListItem\",\"position\":3,\"name\":\"Comisi\u00f3n de Di\u00e1conos\",\"item\":\"https:\/\/mwc-cmm.org\/es\/comisiones\/comision-de-diaconos\/\"},{\"@type\":\"ListItem\",\"position\":4,\"name\":\"Fondo de Ayuda de la Iglesia Mundial\"}]},{\"@type\":\"WebSite\",\"@id\":\"https:\/\/mwc-cmm.org\/en\/#website\",\"url\":\"https:\/\/mwc-cmm.org\/en\/\",\"name\":\"Mennonite World Conference\",\"description\":\"A communion of Anabaptist-related churches\",\"publisher\":{\"@id\":\"https:\/\/mwc-cmm.org\/en\/#organization\"},\"alternateName\":\"MWC\",\"potentialAction\":[{\"@type\":\"SearchAction\",\"target\":{\"@type\":\"EntryPoint\",\"urlTemplate\":\"https:\/\/mwc-cmm.org\/en\/?s={search_term_string}\"},\"query-input\":{\"@type\":\"PropertyValueSpecification\",\"valueRequired\":true,\"valueName\":\"search_term_string\"}}],\"inLanguage\":\"es\"},{\"@type\":\"Organization\",\"@id\":\"https:\/\/mwc-cmm.org\/en\/#organization\",\"name\":\"Mennonite World Conference\",\"alternateName\":\"MWC\",\"url\":\"https:\/\/mwc-cmm.org\/en\/\",\"logo\":{\"@type\":\"ImageObject\",\"inLanguage\":\"es\",\"@id\":\"https:\/\/mwc-cmm.org\/en\/#\/schema\/logo\/image\/\",\"url\":\"https:\/\/mwc-cmm.org\/wp-content\/uploads\/2026\/01\/MWC_Sig_Blue_Horiz_webheader1-logo.svg\",\"contentUrl\":\"https:\/\/mwc-cmm.org\/wp-content\/uploads\/2026\/01\/MWC_Sig_Blue_Horiz_webheader1-logo.svg\",\"width\":786,\"height\":82,\"caption\":\"Mennonite World Conference\"},\"image\":{\"@id\":\"https:\/\/mwc-cmm.org\/en\/#\/schema\/logo\/image\/\"},\"sameAs\":[\"https:\/\/www.facebook.com\/MennoniteWorldConference\",\"https:\/\/www.linkedin.com\/company\/mennonite-world-conference-mwc\/\",\"https:\/\/www.instagram.com\/mwcmm\/\",\"https:\/\/www.youtube.com\/user\/mwccmm\",\"https:\/\/bsky.app\/profile\/mwcmm.bsky.social\"]}]}<\/script>\n<!-- \/ Yoast SEO plugin. -->","yoast_head_json":{"title":"Fondo de Ayuda de la Iglesia Mundial - Mennonite World Conference","description":"Inspirado en la ense\u00f1anza de \u201cJubileo\u201d, el CMM estableci\u00f3 el Fondo de Ayuda de la Iglesia Mundial. El objetivo es poner en pr\u00e1ctica las palabras del Ap\u00f3stol Pablo.","robots":{"index":"index","follow":"follow","max-snippet":"max-snippet:-1","max-image-preview":"max-image-preview:large","max-video-preview":"max-video-preview:-1"},"canonical":"https:\/\/mwc-cmm.org\/es\/comisiones\/comision-de-diaconos\/fondo-de-ayuda-de-la-iglesia-mundial\/","og_locale":"es_ES","og_type":"article","og_title":"Fondo de Ayuda de la Iglesia Mundial - Mennonite World Conference","og_description":"Inspirado en la ense\u00f1anza de \u201cJubileo\u201d, el CMM estableci\u00f3 el Fondo de Ayuda de la Iglesia Mundial. El objetivo es poner en pr\u00e1ctica las palabras del Ap\u00f3stol Pablo.","og_url":"https:\/\/mwc-cmm.org\/es\/comisiones\/comision-de-diaconos\/fondo-de-ayuda-de-la-iglesia-mundial\/","og_site_name":"Mennonite World Conference","article_publisher":"https:\/\/www.facebook.com\/MennoniteWorldConference","article_modified_time":"2025-07-29T20:22:15+00:00","schema":{"@context":"https:\/\/schema.org","@graph":[{"@type":"WebPage","@id":"https:\/\/mwc-cmm.org\/es\/comisiones\/comision-de-diaconos\/fondo-de-ayuda-de-la-iglesia-mundial\/","url":"https:\/\/mwc-cmm.org\/es\/comisiones\/comision-de-diaconos\/fondo-de-ayuda-de-la-iglesia-mundial\/","name":"Fondo de Ayuda de la Iglesia Mundial - Mennonite World Conference","isPartOf":{"@id":"https:\/\/mwc-cmm.org\/en\/#website"},"datePublished":"2019-07-29T00:00:00+00:00","dateModified":"2025-07-29T20:22:15+00:00","description":"Inspirado en la ense\u00f1anza de \u201cJubileo\u201d, el CMM estableci\u00f3 el Fondo de Ayuda de la Iglesia Mundial. El objetivo es poner en pr\u00e1ctica las palabras del Ap\u00f3stol Pablo.","breadcrumb":{"@id":"https:\/\/mwc-cmm.org\/es\/comisiones\/comision-de-diaconos\/fondo-de-ayuda-de-la-iglesia-mundial\/#breadcrumb"},"inLanguage":"es","potentialAction":[{"@type":"ReadAction","target":["https:\/\/mwc-cmm.org\/es\/comisiones\/comision-de-diaconos\/fondo-de-ayuda-de-la-iglesia-mundial\/"]}]},{"@type":"BreadcrumbList","@id":"https:\/\/mwc-cmm.org\/es\/comisiones\/comision-de-diaconos\/fondo-de-ayuda-de-la-iglesia-mundial\/#breadcrumb","itemListElement":[{"@type":"ListItem","position":1,"name":"Home","item":"https:\/\/mwc-cmm.org\/es\/"},{"@type":"ListItem","position":2,"name":"Comisiones","item":"https:\/\/mwc-cmm.org\/es\/comisiones\/"},{"@type":"ListItem","position":3,"name":"Comisi\u00f3n de Di\u00e1conos","item":"https:\/\/mwc-cmm.org\/es\/comisiones\/comision-de-diaconos\/"},{"@type":"ListItem","position":4,"name":"Fondo de Ayuda de la Iglesia Mundial"}]},{"@type":"WebSite","@id":"https:\/\/mwc-cmm.org\/en\/#website","url":"https:\/\/mwc-cmm.org\/en\/","name":"Mennonite World Conference","description":"A communion of Anabaptist-related churches","publisher":{"@id":"https:\/\/mwc-cmm.org\/en\/#organization"},"alternateName":"MWC","potentialAction":[{"@type":"SearchAction","target":{"@type":"EntryPoint","urlTemplate":"https:\/\/mwc-cmm.org\/en\/?s={search_term_string}"},"query-input":{"@type":"PropertyValueSpecification","valueRequired":true,"valueName":"search_term_string"}}],"inLanguage":"es"},{"@type":"Organization","@id":"https:\/\/mwc-cmm.org\/en\/#organization","name":"Mennonite World Conference","alternateName":"MWC","url":"https:\/\/mwc-cmm.org\/en\/","logo":{"@type":"ImageObject","inLanguage":"es","@id":"https:\/\/mwc-cmm.org\/en\/#\/schema\/logo\/image\/","url":"https:\/\/mwc-cmm.org\/wp-content\/uploads\/2026\/01\/MWC_Sig_Blue_Horiz_webheader1-logo.svg","contentUrl":"https:\/\/mwc-cmm.org\/wp-content\/uploads\/2026\/01\/MWC_Sig_Blue_Horiz_webheader1-logo.svg","width":786,"height":82,"caption":"Mennonite World Conference"},"image":{"@id":"https:\/\/mwc-cmm.org\/en\/#\/schema\/logo\/image\/"},"sameAs":["https:\/\/www.facebook.com\/MennoniteWorldConference","https:\/\/www.linkedin.com\/company\/mennonite-world-conference-mwc\/","https:\/\/www.instagram.com\/mwcmm\/","https:\/\/www.youtube.com\/user\/mwccmm","https:\/\/bsky.app\/profile\/mwcmm.bsky.social"]}]}},"_links":{"self":[{"href":"https:\/\/mwc-cmm.org\/es\/wp-json\/wp\/v2\/pages\/5746","targetHints":{"allow":["GET"]}}],"collection":[{"href":"https:\/\/mwc-cmm.org\/es\/wp-json\/wp\/v2\/pages"}],"about":[{"href":"https:\/\/mwc-cmm.org\/es\/wp-json\/wp\/v2\/types\/page"}],"author":[{"embeddable":true,"href":"https:\/\/mwc-cmm.org\/es\/wp-json\/wp\/v2\/users\/1"}],"replies":[{"embeddable":true,"href":"https:\/\/mwc-cmm.org\/es\/wp-json\/wp\/v2\/comments?post=5746"}],"version-history":[{"count":0,"href":"https:\/\/mwc-cmm.org\/es\/wp-json\/wp\/v2\/pages\/5746\/revisions"}],"up":[{"embeddable":true,"href":"https:\/\/mwc-cmm.org\/es\/wp-json\/wp\/v2\/pages\/11449"}],"wp:attachment":[{"href":"https:\/\/mwc-cmm.org\/es\/wp-json\/wp\/v2\/media?parent=5746"}],"curies":[{"name":"wp","href":"https:\/\/api.w.org\/{rel}","templated":true}]}}