{"id":5742,"date":"2019-07-29T00:00:00","date_gmt":"2019-07-29T00:00:00","guid":{"rendered":"https:\/\/mwc-cmm.org\/global-youth-summit-gys-2\/"},"modified":"2025-05-02T13:28:23","modified_gmt":"2025-05-02T13:28:23","slug":"cumbre-mundial-de-la-juventud-gys","status":"publish","type":"page","link":"https:\/\/mwc-cmm.org\/es\/jovenes-anabautistas-yabs\/cumbre-mundial-de-la-juventud-gys\/","title":{"rendered":"Cumbre Mundial de la Juventud (GYS)"},"content":{"rendered":"\n<p>La cumbre Mundial de la Juventud es un tiempo especial donde se re\u00fanen j\u00f3venes anabautistas de todo el mundo.<\/p>\n\n\n\n<hr class=\"wp-block-separator has-alpha-channel-opacity\"\/>\n\n\n\n<div class=\"wp-block-columns is-layout-flex wp-container-core-columns-is-layout-28f84493 wp-block-columns-is-layout-flex\">\n<div class=\"wp-block-column is-layout-flow wp-block-column-is-layout-flow\">\n<h2 class=\"wp-block-heading\">Cumbre Mundial de la Juventud 2025<\/h2>\n\n\n\n<p>La pr\u00f3xima Cumbre Mundial de la Juventud (18+) se reunir\u00e1 en <strong>Alemania en 2025<\/strong>.<\/p>\n\n\n\n<p>El tema de la <a href=\"https:\/\/mwc-cmm.org\/es\/cumbre-mundial-de-la-juventud-2025\">Cumbre Mundial de la Juventud 2025<\/a> es <strong>Empoderados por el amor (1 Juan 4:11)<\/strong><\/p>\n\n\n\n<p>\u201c\u00a1La GYS 2025 es un evento especial! Esta ser\u00e1 una oportunidad perfecta para que los j\u00f3venes se sumerjan en nuestra herencia y los or\u00edgenes del movimiento anabautista mientras se divierten y hacen conexiones con j\u00f3venes de alrededor del mundo\u201d, afirma Ebenezer Mondez, consejero de los YABs.&nbsp;<\/p>\n\n\n\n<p>Los j\u00f3venes adultos que asistan a este evento tambi\u00e9n tendr\u00e1n la oportunidad de unirse al evento de Z\u00farich (el 29 de mayo del 2025) que conmemorar\u00e1&nbsp;<a href=\"https:\/\/mwc-cmm.org\/es\/500-la-valentia-de-amar\/\">los 500 a\u00f1os del anabautismo<\/a>.&nbsp;<\/p>\n\n\n\n<div class=\"wp-block-buttons is-layout-flex wp-block-buttons-is-layout-flex\">\n<div class=\"wp-block-button\"><a class=\"wp-block-button__link wp-element-button\" href=\"https:\/\/mwc-cmm.org\/es\/stories\/los-jovenes-adultos-seran-empoderados-por-el-amor\/\"><p><strong>Los j\u00f3venes adultos ser\u00e1n empoderados por el amor<\/strong><\/p><\/a><\/div>\n<\/div>\n<\/div>\n\n\n\n<div class=\"wp-block-column is-layout-flow wp-block-column-is-layout-flow\">\n<figure class=\"wp-block-image size-large\"><img decoding=\"async\" width=\"724\" height=\"1024\" data-src=\"https:\/\/mwc-cmm.org\/wp-content\/uploads\/2025\/02\/GYS-Poster-SP-rev-724x1024.jpg\" alt=\"\" class=\"wp-image-109655 lazyload\" data-srcset=\"https:\/\/mwc-cmm.org\/wp-content\/uploads\/2025\/02\/GYS-Poster-SP-rev-724x1024.jpg 724w, https:\/\/mwc-cmm.org\/wp-content\/uploads\/2025\/02\/GYS-Poster-SP-rev-212x300.jpg 212w, https:\/\/mwc-cmm.org\/wp-content\/uploads\/2025\/02\/GYS-Poster-SP-rev-768x1086.jpg 768w, https:\/\/mwc-cmm.org\/wp-content\/uploads\/2025\/02\/GYS-Poster-SP-rev-1086x1536.jpg 1086w, https:\/\/mwc-cmm.org\/wp-content\/uploads\/2025\/02\/GYS-Poster-SP-rev-1448x2048.jpg 1448w, https:\/\/mwc-cmm.org\/wp-content\/uploads\/2025\/02\/GYS-Poster-SP-rev-scaled.jpg 1810w\" data-sizes=\"(max-width: 724px) 100vw, 724px\" src=\"data:image\/svg+xml;base64,PHN2ZyB3aWR0aD0iMSIgaGVpZ2h0PSIxIiB4bWxucz0iaHR0cDovL3d3dy53My5vcmcvMjAwMC9zdmciPjwvc3ZnPg==\" style=\"--smush-placeholder-width: 724px; --smush-placeholder-aspect-ratio: 724\/1024;\" \/><\/figure>\n<\/div>\n<\/div>\n\n\n\n<ul class=\"wp-block-list\">\n<li><\/li>\n<\/ul>\n\n\n\n<hr class=\"wp-block-separator has-alpha-channel-opacity\"\/>\n\n\n\n<p>En estos&nbsp;d\u00edas el Se\u00f1or nos permite bendecirnos mutuamente compartiendo noticias, oraciones, experiencias y las luchas que vivimos en nuestros continentes o pa\u00edses, para enriquecer la fe todos.<\/p>\n\n\n\n<p>Algunos de estos j\u00f3venes son delegados, y tienen un papel especial representando a sus iglesias, conferencias y pa\u00edses de origen. Junto a ellos, trabajamos duro para ver hacia d\u00f3nde impulsar a los j\u00f3venes anabautistas en los pr\u00f3ximos a\u00f1os. Al finalizar el GYS, tienen la tarea de llevar y compartir en sus iglesias y conferencias lo que han aprendido para dar seguimiento al trabajo y proyectos que nos competen a todos los j\u00f3venes anabautistas.<\/p>\n\n\n\n<p>Esta reuni\u00f3n sucede algunos d\u00edas antes de la Asamblea del CMM, y nos permite enlazarnos en una sola familia,&nbsp;en un solo cuerpo, en una sola iglesia<\/p>\n\n\n\n<figure class=\"wp-block-image\"><a href=\"https:\/\/mwc-cmm.org\/es\/cumbre-mundial-de-la-juventud-2025\"><img decoding=\"async\" data-src=\"https:\/\/mwc-cmm.org\/wp-content\/uploads\/2024\/10\/20220704tizbrotosudarmop1010112.jpg\" alt=\"Tiz Brotosudarmo\" width=\"1920\" class=\"smush-dimensions lazyload\" style=\"--smush-image-width: 1920px; --smush-image-aspect-ratio: 1920\/1280;\" src=\"data:image\/svg+xml;base64,PHN2ZyB3aWR0aD0iMSIgaGVpZ2h0PSIxIiB4bWxucz0iaHR0cDovL3d3dy53My5vcmcvMjAwMC9zdmciPjwvc3ZnPg==\" \/><\/a><\/figure>\n\n\n\n<h2 class=\"wp-block-heading\">Anterior GYS<\/h2>\n\n\n\n<h3 class=\"wp-block-heading\">Vida en el Esp\u00edritu: Aprender. Servir. Adorar.<\/h3>\n\n\n\n<p>Salatiga, Indonesia<\/p>\n\n\n\n<div class=\"wp-block-columns is-layout-flex wp-container-core-columns-is-layout-28f84493 wp-block-columns-is-layout-flex\">\n<div class=\"wp-block-column is-layout-flow wp-block-column-is-layout-flow\">\n<div class=\"wp-block-buttons is-layout-flex wp-block-buttons-is-layout-flex\">\n<div class=\"wp-block-button\"><a class=\"wp-block-button__link wp-element-button\" href=\"https:\/\/mwc-cmm.org\/es\/cumbre-mundial-de-la-juventud-gys-2022\/\">GYS 2022<\/a><\/div>\n<\/div>\n<\/div>\n\n\n\n<div class=\"wp-block-column is-layout-flow wp-block-column-is-layout-flow\">\n<div class=\"wp-block-buttons is-layout-flex wp-block-buttons-is-layout-flex\">\n<div class=\"wp-block-button\"><a class=\"wp-block-button__link wp-element-button\" href=\"https:\/\/flic.kr\/s\/aHBqjA96yQ\">Fotos<\/a><\/div>\n<\/div>\n<\/div>\n\n\n\n<div class=\"wp-block-column is-layout-flow wp-block-column-is-layout-flow\"><\/div>\n<\/div>\n\n\n\n<h3 class=\"wp-block-heading\">Llamados a compartir: mis dones, nuestros dones&nbsp;<\/h3>\n\n\n\n<p>Pennsylvania, EE.UU<\/p>\n\n\n\n<div class=\"wp-block-columns is-layout-flex wp-container-core-columns-is-layout-28f84493 wp-block-columns-is-layout-flex\">\n<div class=\"wp-block-column is-layout-flow wp-block-column-is-layout-flow\">\n<div class=\"wp-block-buttons is-layout-flex wp-block-buttons-is-layout-flex\">\n<div class=\"wp-block-button\"><a class=\"wp-block-button__link wp-element-button\" href=\"https:\/\/pa2015.mwc-cmm.org\/category\/articles\/gys\/\">GYS 2015<\/a><\/div>\n<\/div>\n<\/div>\n\n\n\n<div class=\"wp-block-column is-layout-flow wp-block-column-is-layout-flow\">\n<div class=\"wp-block-buttons is-layout-flex wp-block-buttons-is-layout-flex\">\n<div class=\"wp-block-button\"><a class=\"wp-block-button__link wp-element-button\" href=\"http:\/\/pa2015.mwc-cmm.org\/es\/gys-ends-but-stays-in-memory\/\">Im\u00e1genes <\/a><\/div>\n<\/div>\n<\/div>\n\n\n\n<div class=\"wp-block-column is-layout-flow wp-block-column-is-layout-flow\">\n<div class=\"wp-block-buttons is-layout-flex wp-block-buttons-is-layout-flex\">\n<div class=\"wp-block-button\"><a class=\"wp-block-button__link wp-element-button\" href=\"https:\/\/mwc-cmm.org\/en\/resources\/gys-2015-highlight-video\/\">video destacado&nbsp;<\/a><\/div>\n<\/div>\n<\/div>\n<\/div>\n\n\n\n<p><\/p>\n","protected":false},"excerpt":{"rendered":"<p>La cumbre Mundial de la Juventud es un tiempo especial donde se re\u00fanen j\u00f3venes anabautistas de todo el mundo. Cumbre Mundial de la Juventud 2025 La pr\u00f3xima Cumbre Mundial de la Juventud (18+) se reunir\u00e1 en Alemania en 2025. El tema de la Cumbre Mundial de la Juventud 2025 es Empoderados por el amor (1 [&hellip;]<\/p>\n","protected":false},"author":1,"featured_media":0,"parent":11448,"menu_order":0,"comment_status":"closed","ping_status":"closed","template":"","meta":{"_acf_changed":false,"footnotes":""},"class_list":["post-5742","page","type-page","status-publish","hentry"],"acf":[],"yoast_head":"<!-- This site is optimized with the Yoast SEO plugin v27.2 - https:\/\/yoast.com\/product\/yoast-seo-wordpress\/ -->\n<title>Cumbre Mundial de la Juventud (GYS) - Mennonite World Conference<\/title>\n<meta name=\"robots\" content=\"index, follow, max-snippet:-1, max-image-preview:large, max-video-preview:-1\" \/>\n<link rel=\"canonical\" href=\"https:\/\/mwc-cmm.org\/es\/cumbre-mundial-de-la-juventud-gys\/\" \/>\n<meta property=\"og:locale\" content=\"es_ES\" \/>\n<meta property=\"og:type\" content=\"article\" \/>\n<meta property=\"og:title\" content=\"Cumbre Mundial de la Juventud (GYS) - Mennonite World Conference\" \/>\n<meta property=\"og:description\" content=\"La cumbre Mundial de la Juventud es un tiempo especial donde se re\u00fanen j\u00f3venes anabautistas de todo el mundo. Cumbre Mundial de la Juventud 2025 La pr\u00f3xima Cumbre Mundial de la Juventud (18+) se reunir\u00e1 en Alemania en 2025. El tema de la Cumbre Mundial de la Juventud 2025 es Empoderados por el amor (1 [&hellip;]\" \/>\n<meta property=\"og:url\" content=\"https:\/\/mwc-cmm.org\/es\/cumbre-mundial-de-la-juventud-gys\/\" \/>\n<meta property=\"og:site_name\" content=\"Mennonite World Conference\" \/>\n<meta property=\"article:publisher\" content=\"https:\/\/www.facebook.com\/MennoniteWorldConference\" \/>\n<meta property=\"article:modified_time\" content=\"2025-05-02T13:28:23+00:00\" \/>\n<meta property=\"og:image\" content=\"https:\/\/mwc-cmm.org\/wp-content\/uploads\/2025\/02\/GYS-Poster-SP-rev-scaled.jpg\" \/>\n\t<meta property=\"og:image:width\" content=\"1810\" \/>\n\t<meta property=\"og:image:height\" content=\"2560\" \/>\n\t<meta property=\"og:image:type\" content=\"image\/jpeg\" \/>\n<script type=\"application\/ld+json\" class=\"yoast-schema-graph\">{\"@context\":\"https:\/\/schema.org\",\"@graph\":[{\"@type\":\"WebPage\",\"@id\":\"https:\/\/mwc-cmm.org\/es\/cumbre-mundial-de-la-juventud-gys\/\",\"url\":\"https:\/\/mwc-cmm.org\/es\/cumbre-mundial-de-la-juventud-gys\/\",\"name\":\"Cumbre Mundial de la Juventud (GYS) - Mennonite World Conference\",\"isPartOf\":{\"@id\":\"https:\/\/mwc-cmm.org\/en\/#website\"},\"primaryImageOfPage\":{\"@id\":\"https:\/\/mwc-cmm.org\/es\/cumbre-mundial-de-la-juventud-gys\/#primaryimage\"},\"image\":{\"@id\":\"https:\/\/mwc-cmm.org\/es\/cumbre-mundial-de-la-juventud-gys\/#primaryimage\"},\"thumbnailUrl\":\"https:\/\/mwc-cmm.org\/wp-content\/uploads\/2025\/02\/GYS-Poster-SP-rev-724x1024.jpg\",\"datePublished\":\"2019-07-29T00:00:00+00:00\",\"dateModified\":\"2025-05-02T13:28:23+00:00\",\"breadcrumb\":{\"@id\":\"https:\/\/mwc-cmm.org\/es\/cumbre-mundial-de-la-juventud-gys\/#breadcrumb\"},\"inLanguage\":\"es\",\"potentialAction\":[{\"@type\":\"ReadAction\",\"target\":[\"https:\/\/mwc-cmm.org\/es\/cumbre-mundial-de-la-juventud-gys\/\"]}]},{\"@type\":\"ImageObject\",\"inLanguage\":\"es\",\"@id\":\"https:\/\/mwc-cmm.org\/es\/cumbre-mundial-de-la-juventud-gys\/#primaryimage\",\"url\":\"https:\/\/mwc-cmm.org\/wp-content\/uploads\/2025\/02\/GYS-Poster-SP-rev-724x1024.jpg\",\"contentUrl\":\"https:\/\/mwc-cmm.org\/wp-content\/uploads\/2025\/02\/GYS-Poster-SP-rev-724x1024.jpg\"},{\"@type\":\"BreadcrumbList\",\"@id\":\"https:\/\/mwc-cmm.org\/es\/cumbre-mundial-de-la-juventud-gys\/#breadcrumb\",\"itemListElement\":[{\"@type\":\"ListItem\",\"position\":1,\"name\":\"Home\",\"item\":\"https:\/\/mwc-cmm.org\/es\/\"},{\"@type\":\"ListItem\",\"position\":2,\"name\":\"Cumbre Mundial de la Juventud (GYS)\"}]},{\"@type\":\"WebSite\",\"@id\":\"https:\/\/mwc-cmm.org\/en\/#website\",\"url\":\"https:\/\/mwc-cmm.org\/en\/\",\"name\":\"Mennonite World Conference\",\"description\":\"A communion of Anabaptist-related churches\",\"publisher\":{\"@id\":\"https:\/\/mwc-cmm.org\/en\/#organization\"},\"alternateName\":\"MWC\",\"potentialAction\":[{\"@type\":\"SearchAction\",\"target\":{\"@type\":\"EntryPoint\",\"urlTemplate\":\"https:\/\/mwc-cmm.org\/en\/?s={search_term_string}\"},\"query-input\":{\"@type\":\"PropertyValueSpecification\",\"valueRequired\":true,\"valueName\":\"search_term_string\"}}],\"inLanguage\":\"es\"},{\"@type\":\"Organization\",\"@id\":\"https:\/\/mwc-cmm.org\/en\/#organization\",\"name\":\"Mennonite World Conference\",\"alternateName\":\"MWC\",\"url\":\"https:\/\/mwc-cmm.org\/en\/\",\"logo\":{\"@type\":\"ImageObject\",\"inLanguage\":\"es\",\"@id\":\"https:\/\/mwc-cmm.org\/en\/#\/schema\/logo\/image\/\",\"url\":\"https:\/\/mwc-cmm.org\/wp-content\/uploads\/2026\/01\/MWC_Sig_Blue_Horiz_webheader1-logo.svg\",\"contentUrl\":\"https:\/\/mwc-cmm.org\/wp-content\/uploads\/2026\/01\/MWC_Sig_Blue_Horiz_webheader1-logo.svg\",\"width\":786,\"height\":82,\"caption\":\"Mennonite World Conference\"},\"image\":{\"@id\":\"https:\/\/mwc-cmm.org\/en\/#\/schema\/logo\/image\/\"},\"sameAs\":[\"https:\/\/www.facebook.com\/MennoniteWorldConference\",\"https:\/\/www.linkedin.com\/company\/mennonite-world-conference-mwc\/\",\"https:\/\/www.instagram.com\/mwcmm\/\",\"https:\/\/www.youtube.com\/user\/mwccmm\",\"https:\/\/bsky.app\/profile\/mwcmm.bsky.social\"]}]}<\/script>\n<!-- \/ Yoast SEO plugin. -->","yoast_head_json":{"title":"Cumbre Mundial de la Juventud (GYS) - Mennonite World Conference","robots":{"index":"index","follow":"follow","max-snippet":"max-snippet:-1","max-image-preview":"max-image-preview:large","max-video-preview":"max-video-preview:-1"},"canonical":"https:\/\/mwc-cmm.org\/es\/cumbre-mundial-de-la-juventud-gys\/","og_locale":"es_ES","og_type":"article","og_title":"Cumbre Mundial de la Juventud (GYS) - Mennonite World Conference","og_description":"La cumbre Mundial de la Juventud es un tiempo especial donde se re\u00fanen j\u00f3venes anabautistas de todo el mundo. Cumbre Mundial de la Juventud 2025 La pr\u00f3xima Cumbre Mundial de la Juventud (18+) se reunir\u00e1 en Alemania en 2025. El tema de la Cumbre Mundial de la Juventud 2025 es Empoderados por el amor (1 [&hellip;]","og_url":"https:\/\/mwc-cmm.org\/es\/cumbre-mundial-de-la-juventud-gys\/","og_site_name":"Mennonite World Conference","article_publisher":"https:\/\/www.facebook.com\/MennoniteWorldConference","article_modified_time":"2025-05-02T13:28:23+00:00","og_image":[{"width":1810,"height":2560,"url":"https:\/\/mwc-cmm.org\/wp-content\/uploads\/2025\/02\/GYS-Poster-SP-rev-scaled.jpg","type":"image\/jpeg"}],"schema":{"@context":"https:\/\/schema.org","@graph":[{"@type":"WebPage","@id":"https:\/\/mwc-cmm.org\/es\/cumbre-mundial-de-la-juventud-gys\/","url":"https:\/\/mwc-cmm.org\/es\/cumbre-mundial-de-la-juventud-gys\/","name":"Cumbre Mundial de la Juventud (GYS) - Mennonite World Conference","isPartOf":{"@id":"https:\/\/mwc-cmm.org\/en\/#website"},"primaryImageOfPage":{"@id":"https:\/\/mwc-cmm.org\/es\/cumbre-mundial-de-la-juventud-gys\/#primaryimage"},"image":{"@id":"https:\/\/mwc-cmm.org\/es\/cumbre-mundial-de-la-juventud-gys\/#primaryimage"},"thumbnailUrl":"https:\/\/mwc-cmm.org\/wp-content\/uploads\/2025\/02\/GYS-Poster-SP-rev-724x1024.jpg","datePublished":"2019-07-29T00:00:00+00:00","dateModified":"2025-05-02T13:28:23+00:00","breadcrumb":{"@id":"https:\/\/mwc-cmm.org\/es\/cumbre-mundial-de-la-juventud-gys\/#breadcrumb"},"inLanguage":"es","potentialAction":[{"@type":"ReadAction","target":["https:\/\/mwc-cmm.org\/es\/cumbre-mundial-de-la-juventud-gys\/"]}]},{"@type":"ImageObject","inLanguage":"es","@id":"https:\/\/mwc-cmm.org\/es\/cumbre-mundial-de-la-juventud-gys\/#primaryimage","url":"https:\/\/mwc-cmm.org\/wp-content\/uploads\/2025\/02\/GYS-Poster-SP-rev-724x1024.jpg","contentUrl":"https:\/\/mwc-cmm.org\/wp-content\/uploads\/2025\/02\/GYS-Poster-SP-rev-724x1024.jpg"},{"@type":"BreadcrumbList","@id":"https:\/\/mwc-cmm.org\/es\/cumbre-mundial-de-la-juventud-gys\/#breadcrumb","itemListElement":[{"@type":"ListItem","position":1,"name":"Home","item":"https:\/\/mwc-cmm.org\/es\/"},{"@type":"ListItem","position":2,"name":"Cumbre Mundial de la Juventud (GYS)"}]},{"@type":"WebSite","@id":"https:\/\/mwc-cmm.org\/en\/#website","url":"https:\/\/mwc-cmm.org\/en\/","name":"Mennonite World Conference","description":"A communion of Anabaptist-related churches","publisher":{"@id":"https:\/\/mwc-cmm.org\/en\/#organization"},"alternateName":"MWC","potentialAction":[{"@type":"SearchAction","target":{"@type":"EntryPoint","urlTemplate":"https:\/\/mwc-cmm.org\/en\/?s={search_term_string}"},"query-input":{"@type":"PropertyValueSpecification","valueRequired":true,"valueName":"search_term_string"}}],"inLanguage":"es"},{"@type":"Organization","@id":"https:\/\/mwc-cmm.org\/en\/#organization","name":"Mennonite World Conference","alternateName":"MWC","url":"https:\/\/mwc-cmm.org\/en\/","logo":{"@type":"ImageObject","inLanguage":"es","@id":"https:\/\/mwc-cmm.org\/en\/#\/schema\/logo\/image\/","url":"https:\/\/mwc-cmm.org\/wp-content\/uploads\/2026\/01\/MWC_Sig_Blue_Horiz_webheader1-logo.svg","contentUrl":"https:\/\/mwc-cmm.org\/wp-content\/uploads\/2026\/01\/MWC_Sig_Blue_Horiz_webheader1-logo.svg","width":786,"height":82,"caption":"Mennonite World Conference"},"image":{"@id":"https:\/\/mwc-cmm.org\/en\/#\/schema\/logo\/image\/"},"sameAs":["https:\/\/www.facebook.com\/MennoniteWorldConference","https:\/\/www.linkedin.com\/company\/mennonite-world-conference-mwc\/","https:\/\/www.instagram.com\/mwcmm\/","https:\/\/www.youtube.com\/user\/mwccmm","https:\/\/bsky.app\/profile\/mwcmm.bsky.social"]}]}},"_links":{"self":[{"href":"https:\/\/mwc-cmm.org\/es\/wp-json\/wp\/v2\/pages\/5742","targetHints":{"allow":["GET"]}}],"collection":[{"href":"https:\/\/mwc-cmm.org\/es\/wp-json\/wp\/v2\/pages"}],"about":[{"href":"https:\/\/mwc-cmm.org\/es\/wp-json\/wp\/v2\/types\/page"}],"author":[{"embeddable":true,"href":"https:\/\/mwc-cmm.org\/es\/wp-json\/wp\/v2\/users\/1"}],"replies":[{"embeddable":true,"href":"https:\/\/mwc-cmm.org\/es\/wp-json\/wp\/v2\/comments?post=5742"}],"version-history":[{"count":0,"href":"https:\/\/mwc-cmm.org\/es\/wp-json\/wp\/v2\/pages\/5742\/revisions"}],"up":[{"embeddable":true,"href":"https:\/\/mwc-cmm.org\/es\/wp-json\/wp\/v2\/pages\/11448"}],"wp:attachment":[{"href":"https:\/\/mwc-cmm.org\/es\/wp-json\/wp\/v2\/media?parent=5742"}],"curies":[{"name":"wp","href":"https:\/\/api.w.org\/{rel}","templated":true}]}}