{"id":5740,"date":"2019-07-29T00:00:00","date_gmt":"2019-07-29T00:00:00","guid":{"rendered":"https:\/\/mwc-cmm.org\/yabs-fellowship-week-2\/"},"modified":"2025-06-16T16:37:20","modified_gmt":"2025-06-16T16:37:20","slug":"semana-de-la-fraternidad-yabs","status":"publish","type":"page","link":"https:\/\/mwc-cmm.org\/es\/jovenes-anabautistas-yabs\/semana-de-la-fraternidad-yabs\/","title":{"rendered":"Semana de la Fraternidad YABs"},"content":{"rendered":"\n<div class=\"wp-block-columns alignwide is-layout-flex wp-container-core-columns-is-layout-7fc3d43a wp-block-columns-is-layout-flex\">\n<div class=\"wp-block-column is-layout-flow wp-container-core-column-is-layout-119bc444 wp-block-column-is-layout-flow\" style=\"flex-basis:66.66%\">\n<p>Como<strong>&nbsp;j\u00f3venes anabautistas (YABs)<\/strong>, queremos utilizar la&nbsp;<em><strong>tercera semana de junio&nbsp;<\/strong><\/em>cada a\u00f1o, para celebrar nuestra fe y ra\u00edces comunes en nuestros diferentes contextos culturales, por medio de estudiar y discutir un pasaje de la escritura, compartir canciones y peticiones de oraci\u00f3n, o\u00edr nuestras historias mutuamente y orar unos los unos por otros. Hemos recopilado algunos materiales que se muestran a continuaci\u00f3n para incorporar en tu propio contexto local, no importa a qu\u00e9 hora se re\u00fanan durante la semana. Nuestra oraci\u00f3n es que estos recursos les ayuden a acercarse m\u00e1s en una gran comunidad (<em>Koinonia<\/em>), no solamente en sus comunidades locales, sino tambi\u00e9n en su comunidad anabautista internacional.<\/p>\n\n\n\n<figure class=\"wp-block-image size-large\"><img decoding=\"async\" width=\"1024\" height=\"684\" data-src=\"https:\/\/mwc-cmm.org\/wp-content\/uploads\/2025\/06\/250601MaHaiYanghaiyang_ma_gys_2025_final_134-1024x684.jpg\" alt=\"worship time during GYS 2025\" class=\"wp-image-113951 lazyload\" data-srcset=\"https:\/\/mwc-cmm.org\/wp-content\/uploads\/2025\/06\/250601MaHaiYanghaiyang_ma_gys_2025_final_134-1024x684.jpg 1024w, https:\/\/mwc-cmm.org\/wp-content\/uploads\/2025\/06\/250601MaHaiYanghaiyang_ma_gys_2025_final_134-300x200.jpg 300w, https:\/\/mwc-cmm.org\/wp-content\/uploads\/2025\/06\/250601MaHaiYanghaiyang_ma_gys_2025_final_134-768x513.jpg 768w, https:\/\/mwc-cmm.org\/wp-content\/uploads\/2025\/06\/250601MaHaiYanghaiyang_ma_gys_2025_final_134-1536x1026.jpg 1536w, https:\/\/mwc-cmm.org\/wp-content\/uploads\/2025\/06\/250601MaHaiYanghaiyang_ma_gys_2025_final_134-2048x1368.jpg 2048w\" data-sizes=\"(max-width: 1024px) 100vw, 1024px\" src=\"data:image\/svg+xml;base64,PHN2ZyB3aWR0aD0iMSIgaGVpZ2h0PSIxIiB4bWxucz0iaHR0cDovL3d3dy53My5vcmcvMjAwMC9zdmciPjwvc3ZnPg==\" style=\"--smush-placeholder-width: 1024px; --smush-placeholder-aspect-ratio: 1024\/684;\" \/><\/figure>\n\n\n\n<p class=\"has-text-align-center\"><strong><a href=\"https:\/\/mwc-cmm.org\/es\/recursos\/\">Semana de la Fraternidad YABs Recursos<\/a><\/strong><\/p>\n\n\n\n<p>\u00a1Aseg\u00farese de ver Facebook y el sitio de internet para ver los materiales que estar\u00e1n disponibles m\u00e1s adelante durante el mes en curso!<\/p>\n\n\n\n<p>Si\u00e9ntete libre de&nbsp;<a href=\"mailto:yabs@mwc-cmm.org?subject=contact%20from%20website\">contactarnos&nbsp;<\/a>si tienes alguna pregunta. Env\u00ede fotos, videos o testimonios de su celebraci\u00f3n de YABs&nbsp;<a href=\"https:\/\/mwc-cmm.org\/es\/form\/env%C3%ADe-alguna-idea-para-una-historia\">aqu\u00ed<\/a>.<\/p>\n\n\n\n<p>Contacto:&nbsp;<a href=\"mailto:yabs@mwc-cmm.org?subject=unase%20reunion%20virtual\">yabs@mwc-cmm.org<\/a><\/p>\n\n\n\n<p>Gracia y paz en el nombre de Jes\u00fas,<\/p>\n\n\n\n<p>El Comit\u00e9 de YABs<\/p>\n<\/div>\n\n\n\n<div class=\"wp-block-column is-layout-flow wp-block-column-is-layout-flow\" style=\"flex-basis:33.33%\">\n<div class=\"wp-block-buttons is-layout-flex wp-block-buttons-is-layout-flex\">\n<div class=\"wp-block-button\"><a class=\"wp-block-button__link wp-element-button\" href=\"https:\/\/mwc-cmm.org\/es\/jovenes-anabautistas-yabs\/#el-comite-yabs\">El Comit\u00e9 de YABs<\/a><\/div>\n<\/div>\n\n\n\n<div class=\"wp-block-buttons is-layout-flex wp-block-buttons-is-layout-flex\">\n<div class=\"wp-block-button\"><a class=\"wp-block-button__link wp-element-button\" href=\"https:\/\/mwc-cmm.org\/es\/recursos\/?_resource_network=young-anabaptists\">Recurso<\/a><\/div>\n<\/div>\n<\/div>\n<\/div>\n","protected":false},"excerpt":{"rendered":"<p>Como&nbsp;j\u00f3venes anabautistas (YABs), queremos utilizar la&nbsp;tercera semana de junio&nbsp;cada a\u00f1o, para celebrar nuestra fe y ra\u00edces comunes en nuestros diferentes contextos culturales, por medio de estudiar y discutir un pasaje de la escritura, compartir canciones y peticiones de oraci\u00f3n, o\u00edr nuestras historias mutuamente y orar unos los unos por otros. Hemos recopilado algunos materiales que [&hellip;]<\/p>\n","protected":false},"author":1,"featured_media":0,"parent":11448,"menu_order":0,"comment_status":"closed","ping_status":"closed","template":"","meta":{"_acf_changed":false,"footnotes":""},"class_list":["post-5740","page","type-page","status-publish","hentry"],"acf":[],"yoast_head":"<!-- This site is optimized with the Yoast SEO plugin v27.5 - https:\/\/yoast.com\/product\/yoast-seo-wordpress\/ -->\n<title>Semana de la Fraternidad YABs - Mennonite World Conference<\/title>\n<meta name=\"robots\" content=\"index, follow, max-snippet:-1, max-image-preview:large, max-video-preview:-1\" \/>\n<link rel=\"canonical\" href=\"https:\/\/mwc-cmm.org\/es\/jovenes-anabautistas-yabs\/semana-de-la-fraternidad-yabs\/\" \/>\n<meta property=\"og:locale\" content=\"es_ES\" \/>\n<meta property=\"og:type\" content=\"article\" \/>\n<meta property=\"og:title\" content=\"Semana de la Fraternidad YABs - Mennonite World Conference\" \/>\n<meta property=\"og:description\" content=\"Como&nbsp;j\u00f3venes anabautistas (YABs), queremos utilizar la&nbsp;tercera semana de junio&nbsp;cada a\u00f1o, para celebrar nuestra fe y ra\u00edces comunes en nuestros diferentes contextos culturales, por medio de estudiar y discutir un pasaje de la escritura, compartir canciones y peticiones de oraci\u00f3n, o\u00edr nuestras historias mutuamente y orar unos los unos por otros. Hemos recopilado algunos materiales que [&hellip;]\" \/>\n<meta property=\"og:url\" content=\"https:\/\/mwc-cmm.org\/es\/jovenes-anabautistas-yabs\/semana-de-la-fraternidad-yabs\/\" \/>\n<meta property=\"og:site_name\" content=\"Mennonite World Conference\" \/>\n<meta property=\"article:publisher\" content=\"https:\/\/www.facebook.com\/MennoniteWorldConference\" \/>\n<meta property=\"article:modified_time\" content=\"2025-06-16T16:37:20+00:00\" \/>\n<meta property=\"og:image\" content=\"https:\/\/mwc-cmm.org\/wp-content\/uploads\/2025\/06\/250601MaHaiYanghaiyang_ma_gys_2025_final_134-scaled.jpg\" \/>\n\t<meta property=\"og:image:width\" content=\"2560\" \/>\n\t<meta property=\"og:image:height\" content=\"1710\" \/>\n\t<meta property=\"og:image:type\" content=\"image\/jpeg\" \/>\n<script type=\"application\/ld+json\" class=\"yoast-schema-graph\">{\"@context\":\"https:\\\/\\\/schema.org\",\"@graph\":[{\"@type\":\"WebPage\",\"@id\":\"https:\\\/\\\/mwc-cmm.org\\\/es\\\/jovenes-anabautistas-yabs\\\/semana-de-la-fraternidad-yabs\\\/\",\"url\":\"https:\\\/\\\/mwc-cmm.org\\\/es\\\/jovenes-anabautistas-yabs\\\/semana-de-la-fraternidad-yabs\\\/\",\"name\":\"Semana de la Fraternidad YABs - Mennonite World Conference\",\"isPartOf\":{\"@id\":\"https:\\\/\\\/mwc-cmm.org\\\/en\\\/#website\"},\"primaryImageOfPage\":{\"@id\":\"https:\\\/\\\/mwc-cmm.org\\\/es\\\/jovenes-anabautistas-yabs\\\/semana-de-la-fraternidad-yabs\\\/#primaryimage\"},\"image\":{\"@id\":\"https:\\\/\\\/mwc-cmm.org\\\/es\\\/jovenes-anabautistas-yabs\\\/semana-de-la-fraternidad-yabs\\\/#primaryimage\"},\"thumbnailUrl\":\"https:\\\/\\\/mwc-cmm.org\\\/wp-content\\\/uploads\\\/2025\\\/06\\\/250601MaHaiYanghaiyang_ma_gys_2025_final_134-1024x684.jpg\",\"datePublished\":\"2019-07-29T00:00:00+00:00\",\"dateModified\":\"2025-06-16T16:37:20+00:00\",\"breadcrumb\":{\"@id\":\"https:\\\/\\\/mwc-cmm.org\\\/es\\\/jovenes-anabautistas-yabs\\\/semana-de-la-fraternidad-yabs\\\/#breadcrumb\"},\"inLanguage\":\"es\",\"potentialAction\":[{\"@type\":\"ReadAction\",\"target\":[\"https:\\\/\\\/mwc-cmm.org\\\/es\\\/jovenes-anabautistas-yabs\\\/semana-de-la-fraternidad-yabs\\\/\"]}]},{\"@type\":\"ImageObject\",\"inLanguage\":\"es\",\"@id\":\"https:\\\/\\\/mwc-cmm.org\\\/es\\\/jovenes-anabautistas-yabs\\\/semana-de-la-fraternidad-yabs\\\/#primaryimage\",\"url\":\"https:\\\/\\\/mwc-cmm.org\\\/wp-content\\\/uploads\\\/2025\\\/06\\\/250601MaHaiYanghaiyang_ma_gys_2025_final_134-1024x684.jpg\",\"contentUrl\":\"https:\\\/\\\/mwc-cmm.org\\\/wp-content\\\/uploads\\\/2025\\\/06\\\/250601MaHaiYanghaiyang_ma_gys_2025_final_134-1024x684.jpg\"},{\"@type\":\"BreadcrumbList\",\"@id\":\"https:\\\/\\\/mwc-cmm.org\\\/es\\\/jovenes-anabautistas-yabs\\\/semana-de-la-fraternidad-yabs\\\/#breadcrumb\",\"itemListElement\":[{\"@type\":\"ListItem\",\"position\":1,\"name\":\"Home\",\"item\":\"https:\\\/\\\/mwc-cmm.org\\\/es\\\/\"},{\"@type\":\"ListItem\",\"position\":2,\"name\":\"J\u00f3venes Anabautistas (YABs)\",\"item\":\"https:\\\/\\\/mwc-cmm.org\\\/es\\\/jovenes-anabautistas-yabs\\\/\"},{\"@type\":\"ListItem\",\"position\":3,\"name\":\"Semana de la Fraternidad YABs\"}]},{\"@type\":\"WebSite\",\"@id\":\"https:\\\/\\\/mwc-cmm.org\\\/en\\\/#website\",\"url\":\"https:\\\/\\\/mwc-cmm.org\\\/en\\\/\",\"name\":\"Mennonite World Conference\",\"description\":\"A communion of Anabaptist-related churches\",\"publisher\":{\"@id\":\"https:\\\/\\\/mwc-cmm.org\\\/en\\\/#organization\"},\"alternateName\":\"MWC\",\"potentialAction\":[{\"@type\":\"SearchAction\",\"target\":{\"@type\":\"EntryPoint\",\"urlTemplate\":\"https:\\\/\\\/mwc-cmm.org\\\/en\\\/?s={search_term_string}\"},\"query-input\":{\"@type\":\"PropertyValueSpecification\",\"valueRequired\":true,\"valueName\":\"search_term_string\"}}],\"inLanguage\":\"es\"},{\"@type\":\"Organization\",\"@id\":\"https:\\\/\\\/mwc-cmm.org\\\/en\\\/#organization\",\"name\":\"Mennonite World Conference\",\"alternateName\":\"MWC\",\"url\":\"https:\\\/\\\/mwc-cmm.org\\\/en\\\/\",\"logo\":{\"@type\":\"ImageObject\",\"inLanguage\":\"es\",\"@id\":\"https:\\\/\\\/mwc-cmm.org\\\/en\\\/#\\\/schema\\\/logo\\\/image\\\/\",\"url\":\"https:\\\/\\\/mwc-cmm.org\\\/wp-content\\\/uploads\\\/2026\\\/01\\\/MWC_Sig_Blue_Horiz_webheader1-logo.svg\",\"contentUrl\":\"https:\\\/\\\/mwc-cmm.org\\\/wp-content\\\/uploads\\\/2026\\\/01\\\/MWC_Sig_Blue_Horiz_webheader1-logo.svg\",\"width\":786,\"height\":82,\"caption\":\"Mennonite World Conference\"},\"image\":{\"@id\":\"https:\\\/\\\/mwc-cmm.org\\\/en\\\/#\\\/schema\\\/logo\\\/image\\\/\"},\"sameAs\":[\"https:\\\/\\\/www.facebook.com\\\/MennoniteWorldConference\",\"https:\\\/\\\/www.linkedin.com\\\/company\\\/mennonite-world-conference-mwc\\\/\",\"https:\\\/\\\/www.instagram.com\\\/mwcmm\\\/\",\"https:\\\/\\\/www.youtube.com\\\/user\\\/mwccmm\",\"https:\\\/\\\/bsky.app\\\/profile\\\/mwcmm.bsky.social\"]}]}<\/script>\n<!-- \/ Yoast SEO plugin. -->","yoast_head_json":{"title":"Semana de la Fraternidad YABs - Mennonite World Conference","robots":{"index":"index","follow":"follow","max-snippet":"max-snippet:-1","max-image-preview":"max-image-preview:large","max-video-preview":"max-video-preview:-1"},"canonical":"https:\/\/mwc-cmm.org\/es\/jovenes-anabautistas-yabs\/semana-de-la-fraternidad-yabs\/","og_locale":"es_ES","og_type":"article","og_title":"Semana de la Fraternidad YABs - Mennonite World Conference","og_description":"Como&nbsp;j\u00f3venes anabautistas (YABs), queremos utilizar la&nbsp;tercera semana de junio&nbsp;cada a\u00f1o, para celebrar nuestra fe y ra\u00edces comunes en nuestros diferentes contextos culturales, por medio de estudiar y discutir un pasaje de la escritura, compartir canciones y peticiones de oraci\u00f3n, o\u00edr nuestras historias mutuamente y orar unos los unos por otros. Hemos recopilado algunos materiales que [&hellip;]","og_url":"https:\/\/mwc-cmm.org\/es\/jovenes-anabautistas-yabs\/semana-de-la-fraternidad-yabs\/","og_site_name":"Mennonite World Conference","article_publisher":"https:\/\/www.facebook.com\/MennoniteWorldConference","article_modified_time":"2025-06-16T16:37:20+00:00","og_image":[{"width":2560,"height":1710,"url":"https:\/\/mwc-cmm.org\/wp-content\/uploads\/2025\/06\/250601MaHaiYanghaiyang_ma_gys_2025_final_134-scaled.jpg","type":"image\/jpeg"}],"schema":{"@context":"https:\/\/schema.org","@graph":[{"@type":"WebPage","@id":"https:\/\/mwc-cmm.org\/es\/jovenes-anabautistas-yabs\/semana-de-la-fraternidad-yabs\/","url":"https:\/\/mwc-cmm.org\/es\/jovenes-anabautistas-yabs\/semana-de-la-fraternidad-yabs\/","name":"Semana de la Fraternidad YABs - Mennonite World Conference","isPartOf":{"@id":"https:\/\/mwc-cmm.org\/en\/#website"},"primaryImageOfPage":{"@id":"https:\/\/mwc-cmm.org\/es\/jovenes-anabautistas-yabs\/semana-de-la-fraternidad-yabs\/#primaryimage"},"image":{"@id":"https:\/\/mwc-cmm.org\/es\/jovenes-anabautistas-yabs\/semana-de-la-fraternidad-yabs\/#primaryimage"},"thumbnailUrl":"https:\/\/mwc-cmm.org\/wp-content\/uploads\/2025\/06\/250601MaHaiYanghaiyang_ma_gys_2025_final_134-1024x684.jpg","datePublished":"2019-07-29T00:00:00+00:00","dateModified":"2025-06-16T16:37:20+00:00","breadcrumb":{"@id":"https:\/\/mwc-cmm.org\/es\/jovenes-anabautistas-yabs\/semana-de-la-fraternidad-yabs\/#breadcrumb"},"inLanguage":"es","potentialAction":[{"@type":"ReadAction","target":["https:\/\/mwc-cmm.org\/es\/jovenes-anabautistas-yabs\/semana-de-la-fraternidad-yabs\/"]}]},{"@type":"ImageObject","inLanguage":"es","@id":"https:\/\/mwc-cmm.org\/es\/jovenes-anabautistas-yabs\/semana-de-la-fraternidad-yabs\/#primaryimage","url":"https:\/\/mwc-cmm.org\/wp-content\/uploads\/2025\/06\/250601MaHaiYanghaiyang_ma_gys_2025_final_134-1024x684.jpg","contentUrl":"https:\/\/mwc-cmm.org\/wp-content\/uploads\/2025\/06\/250601MaHaiYanghaiyang_ma_gys_2025_final_134-1024x684.jpg"},{"@type":"BreadcrumbList","@id":"https:\/\/mwc-cmm.org\/es\/jovenes-anabautistas-yabs\/semana-de-la-fraternidad-yabs\/#breadcrumb","itemListElement":[{"@type":"ListItem","position":1,"name":"Home","item":"https:\/\/mwc-cmm.org\/es\/"},{"@type":"ListItem","position":2,"name":"J\u00f3venes Anabautistas (YABs)","item":"https:\/\/mwc-cmm.org\/es\/jovenes-anabautistas-yabs\/"},{"@type":"ListItem","position":3,"name":"Semana de la Fraternidad YABs"}]},{"@type":"WebSite","@id":"https:\/\/mwc-cmm.org\/en\/#website","url":"https:\/\/mwc-cmm.org\/en\/","name":"Mennonite World Conference","description":"A communion of Anabaptist-related churches","publisher":{"@id":"https:\/\/mwc-cmm.org\/en\/#organization"},"alternateName":"MWC","potentialAction":[{"@type":"SearchAction","target":{"@type":"EntryPoint","urlTemplate":"https:\/\/mwc-cmm.org\/en\/?s={search_term_string}"},"query-input":{"@type":"PropertyValueSpecification","valueRequired":true,"valueName":"search_term_string"}}],"inLanguage":"es"},{"@type":"Organization","@id":"https:\/\/mwc-cmm.org\/en\/#organization","name":"Mennonite World Conference","alternateName":"MWC","url":"https:\/\/mwc-cmm.org\/en\/","logo":{"@type":"ImageObject","inLanguage":"es","@id":"https:\/\/mwc-cmm.org\/en\/#\/schema\/logo\/image\/","url":"https:\/\/mwc-cmm.org\/wp-content\/uploads\/2026\/01\/MWC_Sig_Blue_Horiz_webheader1-logo.svg","contentUrl":"https:\/\/mwc-cmm.org\/wp-content\/uploads\/2026\/01\/MWC_Sig_Blue_Horiz_webheader1-logo.svg","width":786,"height":82,"caption":"Mennonite World Conference"},"image":{"@id":"https:\/\/mwc-cmm.org\/en\/#\/schema\/logo\/image\/"},"sameAs":["https:\/\/www.facebook.com\/MennoniteWorldConference","https:\/\/www.linkedin.com\/company\/mennonite-world-conference-mwc\/","https:\/\/www.instagram.com\/mwcmm\/","https:\/\/www.youtube.com\/user\/mwccmm","https:\/\/bsky.app\/profile\/mwcmm.bsky.social"]}]}},"_links":{"self":[{"href":"https:\/\/mwc-cmm.org\/es\/wp-json\/wp\/v2\/pages\/5740","targetHints":{"allow":["GET"]}}],"collection":[{"href":"https:\/\/mwc-cmm.org\/es\/wp-json\/wp\/v2\/pages"}],"about":[{"href":"https:\/\/mwc-cmm.org\/es\/wp-json\/wp\/v2\/types\/page"}],"author":[{"embeddable":true,"href":"https:\/\/mwc-cmm.org\/es\/wp-json\/wp\/v2\/users\/1"}],"replies":[{"embeddable":true,"href":"https:\/\/mwc-cmm.org\/es\/wp-json\/wp\/v2\/comments?post=5740"}],"version-history":[{"count":0,"href":"https:\/\/mwc-cmm.org\/es\/wp-json\/wp\/v2\/pages\/5740\/revisions"}],"up":[{"embeddable":true,"href":"https:\/\/mwc-cmm.org\/es\/wp-json\/wp\/v2\/pages\/11448"}],"wp:attachment":[{"href":"https:\/\/mwc-cmm.org\/es\/wp-json\/wp\/v2\/media?parent=5740"}],"curies":[{"name":"wp","href":"https:\/\/api.w.org\/{rel}","templated":true}]}}