{"id":5737,"date":"2019-07-29T00:00:00","date_gmt":"2019-07-29T00:00:00","guid":{"rendered":"https:\/\/mwc-cmm.org\/member-organizations-2\/"},"modified":"2026-03-24T19:34:23","modified_gmt":"2026-03-24T19:34:23","slug":"organizaciones-miembros","status":"publish","type":"page","link":"https:\/\/mwc-cmm.org\/es\/comisiones\/comision-de-misiones\/organizaciones-miembros\/","title":{"rendered":"Organizaciones miembros"},"content":{"rendered":"\n<div class=\"wp-block-columns alignwide is-layout-flex wp-container-core-columns-is-layout-e1fea541 wp-block-columns-is-layout-flex\" style=\"margin-top:var(--wp--preset--spacing--50)\">\n<div class=\"wp-block-column is-layout-flow wp-block-column-is-layout-flow\">\n<h2 class=\"wp-block-heading is-style-green-eyebrow\">Continente<\/h2>\n\n\n<div class=\"facetwp-facet facetwp-facet-member_continent facetwp-type-dropdown\" data-name=\"member_continent\" data-type=\"dropdown\"><\/div>\n<\/div>\n\n\n\n<div class=\"wp-block-column is-layout-flow wp-block-column-is-layout-flow\">\n<h2 class=\"wp-block-heading is-style-yellow-eyebrow\">Pa\u00eds<\/h2>\n\n\n<div class=\"facetwp-facet facetwp-facet-member_country facetwp-type-dropdown\" data-name=\"member_country\" data-type=\"dropdown\"><\/div>\n<\/div>\n\n\n\n<div class=\"wp-block-column is-layout-flow wp-block-column-is-layout-flow\">\n<h2 class=\"wp-block-heading is-style-cyan-eyebrow\">Red<\/h2>\n\n\n<div class=\"facetwp-facet facetwp-facet-member_network facetwp-type-dropdown\" data-name=\"member_network\" data-type=\"dropdown\"><\/div>\n\n\n<div class=\"facetwp-facet facetwp-facet-clear_filters facetwp-type-reset\" data-name=\"clear_filters\" data-type=\"reset\"><\/div>\n<\/div>\n<\/div>\n\n\n\n<div class=\"wp-block-group alignwide has-global-padding is-layout-constrained wp-container-core-group-is-layout-50e12133 wp-block-group-is-layout-constrained\"><div class=\"facetwp-template\" data-name=\"mission_commission\">\n\n  <div class=\"member-row-wrap\">\n          <div class=\"member-title-header member-col-wide\">\n        <p><a href=\"http:\/\/www.aimmintl.org\">Africa Inter-Mennonite Mission (AIMM)<\/a><\/p>\n      <\/div>\n        <!-- Continent -->\n    <ul class=\"member-continent member-col\">\n    <li>North America<\/li>    <\/ul>\n    <!-- Country -->\n    <ul class=\"member-country member-col\">\n    <li>United States<\/li>    <\/ul>\n    <!-- Member Type -->\n    <ul class=\"member-network member-col\">\n    <li>GMF<\/li>    <\/ul>\n  <\/div>\n\n\n  <div class=\"member-row-wrap\">\n          <div class=\"member-title-header member-col-wide\">\n        <p><a href=\"https:\/\/aemenonita.org.br\/\">Alian\u00e7a Evang\u00e9lica Menonita<\/a><\/p>\n      <\/div>\n        <!-- Continent -->\n    <ul class=\"member-continent member-col\">\n    <li>Latin America &amp; Caribbean<\/li>    <\/ul>\n    <!-- Country -->\n    <ul class=\"member-country member-col\">\n    <li>Brazil<\/li>    <\/ul>\n    <!-- Member Type -->\n    <ul class=\"member-network member-col\">\n    <li>GMF<\/li>    <\/ul>\n  <\/div>\n\n\n  <div class=\"member-row-wrap\">\n          <div class=\"member-title-header member-col-wide\">\n        <p><a href=\"http:\/\/www.menonitas.org\">Anabautistas, Menonitas y Hermanos en Cristo \u2013 Espa\u00f1a (AMyHCE)<\/a><\/p>\n      <\/div>\n        <!-- Continent -->\n    <ul class=\"member-continent member-col\">\n    <li>Europe<\/li>    <\/ul>\n    <!-- Country -->\n    <ul class=\"member-country member-col\">\n    <li>Spain<\/li>    <\/ul>\n    <!-- Member Type -->\n    <ul class=\"member-network member-col\">\n    <li>GMF<\/li>    <\/ul>\n  <\/div>\n\n\n  <div class=\"member-row-wrap\">\n          <div class=\"member-title-header member-col-wide\">\n        <p><a href=\"http:\/\/www.ascim.org\">Asociaci\u00f3n de Servicios de Cooperaci\u00f3n Indigena Menonita<\/a><\/p>\n      <\/div>\n        <!-- Continent -->\n    <ul class=\"member-continent member-col\">\n    <li>Latin America &amp; Caribbean<\/li>    <\/ul>\n    <!-- Country -->\n    <ul class=\"member-country member-col\">\n    <li>Paraguay<\/li>    <\/ul>\n    <!-- Member Type -->\n    <ul class=\"member-network member-col\">\n    <li>GASN<\/li>    <\/ul>\n  <\/div>\n\n\n  <div class=\"member-row-wrap\">\n          <div class=\"member-title-header member-col-wide\">\n        <p><a href=\"http:\/\/www.ahm.org.py\">Asociaci\u00f3n Hermanos Menonitas<\/a><\/p>\n      <\/div>\n        <!-- Continent -->\n    <ul class=\"member-continent member-col\">\n    <li>Latin America &amp; Caribbean<\/li>    <\/ul>\n    <!-- Country -->\n    <ul class=\"member-country member-col\">\n    <li>Paraguay<\/li>    <\/ul>\n    <!-- Member Type -->\n    <ul class=\"member-network member-col\">\n    <li>GMF<\/li>    <\/ul>\n  <\/div>\n\n\n  <div class=\"member-row-wrap\">\n          <div class=\"member-title-header member-col-wide\">\n        <p><a href=\"http:\/\/asomenocostarica.com\/\">Asociaci\u00f3n Iglesias Cristianas Menonitas de Costa Rica<\/a><\/p>\n      <\/div>\n        <!-- Continent -->\n    <ul class=\"member-continent member-col\">\n    <li>Latin America &amp; Caribbean<\/li>    <\/ul>\n    <!-- Country -->\n    <ul class=\"member-country member-col\">\n    <li>Costa Rica<\/li>    <\/ul>\n    <!-- Member Type -->\n    <ul class=\"member-network member-col\">\n    <li>GMF<\/li>    <\/ul>\n  <\/div>\n\n\n  <div class=\"member-row-wrap\">\n          <div class=\"member-title-header member-col-wide\">\n        <p>Asociaci\u00f3n Misi\u00f3n Evang\u00e9lica de los Hermanos en Cristo en Nicaragua<\/p>\n      <\/div>\n        <!-- Continent -->\n    <ul class=\"member-continent member-col\">\n    <li>Latin America &amp; Caribbean<\/li>    <\/ul>\n    <!-- Country -->\n    <ul class=\"member-country member-col\">\n    <li>Nicaragua<\/li>    <\/ul>\n    <!-- Member Type -->\n    <ul class=\"member-network member-col\">\n    <li>GMF<\/li>    <\/ul>\n  <\/div>\n\n\n  <div class=\"member-row-wrap\">\n          <div class=\"member-title-header member-col-wide\">\n        <p>Asociaci\u00f3n Sembrando Semillas de Paz<\/p>\n      <\/div>\n        <!-- Continent -->\n    <ul class=\"member-continent member-col\">\n    <li>Latin America &amp; Caribbean<\/li>    <\/ul>\n    <!-- Country -->\n    <ul class=\"member-country member-col\">\n    <li>Colombia<\/li>    <\/ul>\n    <!-- Member Type -->\n    <ul class=\"member-network member-col\">\n    <li>GASN<\/li>    <\/ul>\n  <\/div>\n\n\n  <div class=\"member-row-wrap\">\n          <div class=\"member-title-header member-col-wide\">\n        <p><a href=\"http:\/\/www.aimb.org.br\">Associa\u00e7\u00e3o das Igrejas Menonitas do Brasil<\/a><\/p>\n      <\/div>\n        <!-- Continent -->\n    <ul class=\"member-continent member-col\">\n    <li>Latin America &amp; Caribbean<\/li>    <\/ul>\n    <!-- Country -->\n    <ul class=\"member-country member-col\">\n    <li>Brazil<\/li>    <\/ul>\n    <!-- Member Type -->\n    <ul class=\"member-network member-col\">\n    <li>GMF<\/li>    <\/ul>\n  <\/div>\n\n\n  <div class=\"member-row-wrap\">\n          <div class=\"member-title-header member-col-wide\">\n        <p><a href=\"http:\/\/www.missaoamb.org\">Associa\u00e7ao Menonita Beneficente<\/a><\/p>\n      <\/div>\n        <!-- Continent -->\n    <ul class=\"member-continent member-col\">\n    <li>Latin America &amp; Caribbean<\/li>    <\/ul>\n    <!-- Country -->\n    <ul class=\"member-country member-col\">\n    <li>Brazil<\/li>    <\/ul>\n    <!-- Member Type -->\n    <ul class=\"member-network member-col\">\n    <li>GASN<\/li>    <\/ul>\n  <\/div>\n\n\n  <div class=\"member-row-wrap\">\n          <div class=\"member-title-header member-col-wide\">\n        <p>Associa\u00e7\u00e3o Menonita de A\u00e7\u00e3o Integral<\/p>\n      <\/div>\n        <!-- Continent -->\n    <ul class=\"member-continent member-col\">\n    <li>Latin America &amp; Caribbean<\/li>    <\/ul>\n    <!-- Country -->\n    <ul class=\"member-country member-col\">\n    <li>Brazil<\/li>    <\/ul>\n    <!-- Member Type -->\n    <ul class=\"member-network member-col\">\n    <li>GASN<\/li>    <\/ul>\n  <\/div>\n\n\n  <div class=\"member-row-wrap\">\n          <div class=\"member-title-header member-col-wide\">\n        <p>Associa\u00e7\u00e3o Menonita de Assist\u00eancia Social<\/p>\n      <\/div>\n        <!-- Continent -->\n    <ul class=\"member-continent member-col\">\n    <li>Latin America &amp; Caribbean<\/li>    <\/ul>\n    <!-- Country -->\n    <ul class=\"member-country member-col\">\n    <li>Brazil<\/li>    <\/ul>\n    <!-- Member Type -->\n    <ul class=\"member-network member-col\">\n    <li>GASN<\/li>    <\/ul>\n  <\/div>\n\n\n  <div class=\"member-row-wrap\">\n          <div class=\"member-title-header member-col-wide\">\n        <p>Belize Evangelical Mennonite Church<\/p>\n      <\/div>\n        <!-- Continent -->\n    <ul class=\"member-continent member-col\">\n    <li>Latin America &amp; Caribbean<\/li>    <\/ul>\n    <!-- Country -->\n    <ul class=\"member-country member-col\">\n    <li>Belize<\/li>    <\/ul>\n    <!-- Member Type -->\n    <ul class=\"member-network member-col\">\n    <li>GMF<\/li>    <\/ul>\n  <\/div>\n\n\n  <div class=\"member-row-wrap\">\n          <div class=\"member-title-header member-col-wide\">\n        <p>Bharatiya Jukta Christa Prachar Mandali (India United Missionary Church)<\/p>\n      <\/div>\n        <!-- Continent -->\n    <ul class=\"member-continent member-col\">\n    <li>Asia &amp; Pacific<\/li>    <\/ul>\n    <!-- Country -->\n    <ul class=\"member-country member-col\">\n    <li>India<\/li>    <\/ul>\n    <!-- Member Type -->\n    <ul class=\"member-network member-col\">\n    <li>GMF<\/li>    <\/ul>\n  <\/div>\n\n\n  <div class=\"member-row-wrap\">\n          <div class=\"member-title-header member-col-wide\">\n        <p>Bhartiya General Conference Mennonite Church<\/p>\n      <\/div>\n        <!-- Continent -->\n    <ul class=\"member-continent member-col\">\n    <li>Asia &amp; Pacific<\/li>    <\/ul>\n    <!-- Country -->\n    <ul class=\"member-country member-col\">\n    <li>India<\/li>    <\/ul>\n    <!-- Member Type -->\n    <ul class=\"member-network member-col\">\n    <li>GMF<\/li>    <\/ul>\n  <\/div>\n\n\n  <div class=\"member-row-wrap\">\n          <div class=\"member-title-header member-col-wide\">\n        <p>Bihar Mennonite Mandli<\/p>\n      <\/div>\n        <!-- Continent -->\n    <ul class=\"member-continent member-col\">\n    <li>Asia &amp; Pacific<\/li>    <\/ul>\n    <!-- Country -->\n    <ul class=\"member-country member-col\">\n    <li>India<\/li>    <\/ul>\n    <!-- Member Type -->\n    <ul class=\"member-network member-col\">\n    <li>GMF<\/li>    <\/ul>\n  <\/div>\n\n\n  <div class=\"member-row-wrap\">\n          <div class=\"member-title-header member-col-wide\">\n        <p>Brethren in Christ Church (Malawi) Mpingo Wa Abale Mwa Kristu<\/p>\n      <\/div>\n        <!-- Continent -->\n    <ul class=\"member-continent member-col\">\n    <li>Africa<\/li>    <\/ul>\n    <!-- Country -->\n    <ul class=\"member-country member-col\">\n    <li>Malawi<\/li>    <\/ul>\n    <!-- Member Type -->\n    <ul class=\"member-network member-col\">\n    <li>GMF<\/li>    <\/ul>\n  <\/div>\n\n\n  <div class=\"member-row-wrap\">\n          <div class=\"member-title-header member-col-wide\">\n        <p><a href=\"https:\/\/www.zambiancu.org\/1zCat\/0-ZAC\/zacu100-IntroToZacu\/1-Foundations\/1o-ZambianBIC.htm\">Brethren In Christ Church (Zambia Conference)<\/a><\/p>\n      <\/div>\n        <!-- Continent -->\n    <ul class=\"member-continent member-col\">\n    <li>Africa<\/li>    <\/ul>\n    <!-- Country -->\n    <ul class=\"member-country member-col\">\n    <li>Zambia<\/li>    <\/ul>\n    <!-- Member Type -->\n    <ul class=\"member-network member-col\">\n    <li>GASN<\/li><li>GMF<\/li>    <\/ul>\n  <\/div>\n\n\n  <div class=\"member-row-wrap\">\n          <div class=\"member-title-header member-col-wide\">\n        <p><a href=\"http:\/\/www.brethreninchristchurch.org\">Brethren In Christ Church, Odisha<\/a><\/p>\n      <\/div>\n        <!-- Continent -->\n    <ul class=\"member-continent member-col\">\n    <li>Asia &amp; Pacific<\/li>    <\/ul>\n    <!-- Country -->\n    <ul class=\"member-country member-col\">\n    <li>India<\/li>    <\/ul>\n    <!-- Member Type -->\n    <ul class=\"member-network member-col\">\n    <li>GASN<\/li><li>GMF<\/li>    <\/ul>\n  <\/div>\n\n\n  <div class=\"member-row-wrap\">\n          <div class=\"member-title-header member-col-wide\">\n        <p><a href=\"http:\/\/www.bic-church.org\/wm\/\">Brethren in Christ World Missions<\/a><\/p>\n      <\/div>\n        <!-- Continent -->\n    <ul class=\"member-continent member-col\">\n    <li>North America<\/li>    <\/ul>\n    <!-- Country -->\n    <ul class=\"member-country member-col\">\n    <li>United States<\/li>    <\/ul>\n    <!-- Member Type -->\n    <ul class=\"member-network member-col\">\n    <li>GMF<\/li>    <\/ul>\n  <\/div>\n\n\n  <div class=\"member-row-wrap\">\n          <div class=\"member-title-header member-col-wide\">\n        <p>Caisse de secours<\/p>\n      <\/div>\n        <!-- Continent -->\n    <ul class=\"member-continent member-col\">\n    <li>Europe<\/li>    <\/ul>\n    <!-- Country -->\n    <ul class=\"member-country member-col\">\n    <li>France<\/li>    <\/ul>\n    <!-- Member Type -->\n    <ul class=\"member-network member-col\">\n    <li>GASN<\/li>    <\/ul>\n  <\/div>\n\n\n  <div class=\"member-row-wrap\">\n          <div class=\"member-title-header member-col-wide\">\n        <p><a href=\"http:\/\/craid-asbl.org\">Centre de R\u00e9flexion et d\u2019Appui aux Initiatives de D\u00e9veloppement<\/a><\/p>\n      <\/div>\n        <!-- Continent -->\n    <ul class=\"member-continent member-col\">\n    <li>Africa<\/li>    <\/ul>\n    <!-- Country -->\n    <ul class=\"member-country member-col\">\n    <li>DR Congo<\/li>    <\/ul>\n    <!-- Member Type -->\n    <ul class=\"member-network member-col\">\n    <li>GASN<\/li>    <\/ul>\n  <\/div>\n\n\n  <div class=\"member-row-wrap\">\n          <div class=\"member-title-header member-col-wide\">\n        <p><a href=\"https:\/\/www.justapaz.org\">Centro Cristiano para Justicia, Paz y Acci\u00f3n Noviolenta<\/a><\/p>\n      <\/div>\n        <!-- Continent -->\n    <ul class=\"member-continent member-col\">\n    <li>Latin America &amp; Caribbean<\/li>    <\/ul>\n    <!-- Country -->\n    <ul class=\"member-country member-col\">\n    <li>Colombia<\/li>    <\/ul>\n    <!-- Member Type -->\n    <ul class=\"member-network member-col\">\n    <li>GAPN<\/li><li>GASN<\/li>    <\/ul>\n  <\/div>\n\n\n  <div class=\"member-row-wrap\">\n          <div class=\"member-title-header member-col-wide\">\n        <p>Christliche Dienste<\/p>\n      <\/div>\n        <!-- Continent -->\n    <ul class=\"member-continent member-col\">\n    <li>Europe<\/li>    <\/ul>\n    <!-- Country -->\n    <ul class=\"member-country member-col\">\n    <li>Germany<\/li>    <\/ul>\n    <!-- Member Type -->\n    <ul class=\"member-network member-col\">\n    <li>GASN<\/li>    <\/ul>\n  <\/div>\n\n\n  <div class=\"member-row-wrap\">\n          <div class=\"member-title-header member-col-wide\">\n        <p><a href=\"http:\/\/www.casm.hn\">Comisi\u00f3n de Acci\u00f3n Social Menonita<\/a><\/p>\n      <\/div>\n        <!-- Continent -->\n    <ul class=\"member-continent member-col\">\n    <li>Latin America &amp; Caribbean<\/li>    <\/ul>\n    <!-- Country -->\n    <ul class=\"member-country member-col\">\n    <li>Honduras<\/li>    <\/ul>\n    <!-- Member Type -->\n    <ul class=\"member-network member-col\">\n    <li>GASN<\/li>    <\/ul>\n  <\/div>\n\n\n<\/div>\n\n\n<div class=\"facetwp-facet facetwp-facet-pagination facetwp-type-pager\" data-name=\"pagination\" data-type=\"pager\"><\/div>\n<\/div>\n\n\n\n<p>La Comisi\u00f3n de Misiones re\u00fane a la\u00a0<a href=\"https:\/\/mwc-cmm.org\/es\/redes-del-cmm\/conozca-la-red-de-servicio-anabautista-mundial\/\" type=\"page\" id=\"11466\" target=\"_blank\" rel=\"noreferrer noopener\">Red de Servicio Anabautista Mundial (GASN)<\/a>\u00a0y a la\u00a0<a href=\"https:\/\/mwc-cmm.org\/es\/stories\/meet-your-global-mission-fellowship-gmf-3\/\" type=\"post\" id=\"8934\" target=\"_blank\" rel=\"noreferrer noopener\">Fraternidad Mundial Misionera (GMF)<\/a>\u00a0<span style=\"color: #000000;\"><\/span><\/p>\n\n\n\n<div class=\"wp-block-buttons is-layout-flex wp-block-buttons-is-layout-flex\">\n<div class=\"wp-block-button\"><a class=\"wp-block-button__link wp-element-button\" href=\"https:\/\/mwc-cmm.org\/es\/comisiones\/comision-de-misiones\/\">Sobre la Comisi\u00f3n de Misiones<\/a><\/div>\n<\/div>\n\n\n\n<p><\/p>\n","protected":false},"excerpt":{"rendered":"<p>Continente Pa\u00eds Red La Comisi\u00f3n de Misiones re\u00fane a la\u00a0Red de Servicio Anabautista Mundial (GASN)\u00a0y a la\u00a0Fraternidad Mundial Misionera (GMF)\u00a0<\/p>\n","protected":false},"author":1,"featured_media":0,"parent":11451,"menu_order":0,"comment_status":"closed","ping_status":"closed","template":"","meta":{"_acf_changed":false,"footnotes":""},"class_list":["post-5737","page","type-page","status-publish","hentry"],"acf":[],"yoast_head":"<!-- This site is optimized with the Yoast SEO plugin v27.2 - https:\/\/yoast.com\/product\/yoast-seo-wordpress\/ -->\n<title>Organizaciones miembros - Mennonite World Conference<\/title>\n<meta name=\"robots\" content=\"index, follow, max-snippet:-1, max-image-preview:large, max-video-preview:-1\" \/>\n<link rel=\"canonical\" href=\"https:\/\/mwc-cmm.org\/es\/comisiones\/comision-de-misiones\/organizaciones-miembros\/\" \/>\n<meta property=\"og:locale\" content=\"es_ES\" \/>\n<meta property=\"og:type\" content=\"article\" \/>\n<meta property=\"og:title\" content=\"Organizaciones miembros - Mennonite World Conference\" \/>\n<meta property=\"og:description\" content=\"Continente Pa\u00eds Red La Comisi\u00f3n de Misiones re\u00fane a la\u00a0Red de Servicio Anabautista Mundial (GASN)\u00a0y a la\u00a0Fraternidad Mundial Misionera (GMF)\u00a0\" \/>\n<meta property=\"og:url\" content=\"https:\/\/mwc-cmm.org\/es\/comisiones\/comision-de-misiones\/organizaciones-miembros\/\" \/>\n<meta property=\"og:site_name\" content=\"Mennonite World Conference\" \/>\n<meta property=\"article:publisher\" content=\"https:\/\/www.facebook.com\/MennoniteWorldConference\" \/>\n<meta property=\"article:modified_time\" content=\"2026-03-24T19:34:23+00:00\" \/>\n<script type=\"application\/ld+json\" class=\"yoast-schema-graph\">{\"@context\":\"https:\/\/schema.org\",\"@graph\":[{\"@type\":\"WebPage\",\"@id\":\"https:\/\/mwc-cmm.org\/es\/comisiones\/comision-de-misiones\/organizaciones-miembros\/\",\"url\":\"https:\/\/mwc-cmm.org\/es\/comisiones\/comision-de-misiones\/organizaciones-miembros\/\",\"name\":\"Organizaciones miembros - Mennonite World Conference\",\"isPartOf\":{\"@id\":\"https:\/\/mwc-cmm.org\/en\/#website\"},\"datePublished\":\"2019-07-29T00:00:00+00:00\",\"dateModified\":\"2026-03-24T19:34:23+00:00\",\"breadcrumb\":{\"@id\":\"https:\/\/mwc-cmm.org\/es\/comisiones\/comision-de-misiones\/organizaciones-miembros\/#breadcrumb\"},\"inLanguage\":\"es\",\"potentialAction\":[{\"@type\":\"ReadAction\",\"target\":[\"https:\/\/mwc-cmm.org\/es\/comisiones\/comision-de-misiones\/organizaciones-miembros\/\"]}]},{\"@type\":\"BreadcrumbList\",\"@id\":\"https:\/\/mwc-cmm.org\/es\/comisiones\/comision-de-misiones\/organizaciones-miembros\/#breadcrumb\",\"itemListElement\":[{\"@type\":\"ListItem\",\"position\":1,\"name\":\"Home\",\"item\":\"https:\/\/mwc-cmm.org\/es\/\"},{\"@type\":\"ListItem\",\"position\":2,\"name\":\"Comisiones\",\"item\":\"https:\/\/mwc-cmm.org\/es\/comisiones\/\"},{\"@type\":\"ListItem\",\"position\":3,\"name\":\"Comisi\u00f3n de Misiones\",\"item\":\"https:\/\/mwc-cmm.org\/es\/comisiones\/comision-de-misiones\/\"},{\"@type\":\"ListItem\",\"position\":4,\"name\":\"Organizaciones miembros\"}]},{\"@type\":\"WebSite\",\"@id\":\"https:\/\/mwc-cmm.org\/en\/#website\",\"url\":\"https:\/\/mwc-cmm.org\/en\/\",\"name\":\"Mennonite World Conference\",\"description\":\"A communion of Anabaptist-related churches\",\"publisher\":{\"@id\":\"https:\/\/mwc-cmm.org\/en\/#organization\"},\"alternateName\":\"MWC\",\"potentialAction\":[{\"@type\":\"SearchAction\",\"target\":{\"@type\":\"EntryPoint\",\"urlTemplate\":\"https:\/\/mwc-cmm.org\/en\/?s={search_term_string}\"},\"query-input\":{\"@type\":\"PropertyValueSpecification\",\"valueRequired\":true,\"valueName\":\"search_term_string\"}}],\"inLanguage\":\"es\"},{\"@type\":\"Organization\",\"@id\":\"https:\/\/mwc-cmm.org\/en\/#organization\",\"name\":\"Mennonite World Conference\",\"alternateName\":\"MWC\",\"url\":\"https:\/\/mwc-cmm.org\/en\/\",\"logo\":{\"@type\":\"ImageObject\",\"inLanguage\":\"es\",\"@id\":\"https:\/\/mwc-cmm.org\/en\/#\/schema\/logo\/image\/\",\"url\":\"https:\/\/mwc-cmm.org\/wp-content\/uploads\/2026\/01\/MWC_Sig_Blue_Horiz_webheader1-logo.svg\",\"contentUrl\":\"https:\/\/mwc-cmm.org\/wp-content\/uploads\/2026\/01\/MWC_Sig_Blue_Horiz_webheader1-logo.svg\",\"width\":786,\"height\":82,\"caption\":\"Mennonite World Conference\"},\"image\":{\"@id\":\"https:\/\/mwc-cmm.org\/en\/#\/schema\/logo\/image\/\"},\"sameAs\":[\"https:\/\/www.facebook.com\/MennoniteWorldConference\",\"https:\/\/www.linkedin.com\/company\/mennonite-world-conference-mwc\/\",\"https:\/\/www.instagram.com\/mwcmm\/\",\"https:\/\/www.youtube.com\/user\/mwccmm\",\"https:\/\/bsky.app\/profile\/mwcmm.bsky.social\"]}]}<\/script>\n<!-- \/ Yoast SEO plugin. -->","yoast_head_json":{"title":"Organizaciones miembros - Mennonite World Conference","robots":{"index":"index","follow":"follow","max-snippet":"max-snippet:-1","max-image-preview":"max-image-preview:large","max-video-preview":"max-video-preview:-1"},"canonical":"https:\/\/mwc-cmm.org\/es\/comisiones\/comision-de-misiones\/organizaciones-miembros\/","og_locale":"es_ES","og_type":"article","og_title":"Organizaciones miembros - Mennonite World Conference","og_description":"Continente Pa\u00eds Red La Comisi\u00f3n de Misiones re\u00fane a la\u00a0Red de Servicio Anabautista Mundial (GASN)\u00a0y a la\u00a0Fraternidad Mundial Misionera (GMF)\u00a0","og_url":"https:\/\/mwc-cmm.org\/es\/comisiones\/comision-de-misiones\/organizaciones-miembros\/","og_site_name":"Mennonite World Conference","article_publisher":"https:\/\/www.facebook.com\/MennoniteWorldConference","article_modified_time":"2026-03-24T19:34:23+00:00","schema":{"@context":"https:\/\/schema.org","@graph":[{"@type":"WebPage","@id":"https:\/\/mwc-cmm.org\/es\/comisiones\/comision-de-misiones\/organizaciones-miembros\/","url":"https:\/\/mwc-cmm.org\/es\/comisiones\/comision-de-misiones\/organizaciones-miembros\/","name":"Organizaciones miembros - Mennonite World Conference","isPartOf":{"@id":"https:\/\/mwc-cmm.org\/en\/#website"},"datePublished":"2019-07-29T00:00:00+00:00","dateModified":"2026-03-24T19:34:23+00:00","breadcrumb":{"@id":"https:\/\/mwc-cmm.org\/es\/comisiones\/comision-de-misiones\/organizaciones-miembros\/#breadcrumb"},"inLanguage":"es","potentialAction":[{"@type":"ReadAction","target":["https:\/\/mwc-cmm.org\/es\/comisiones\/comision-de-misiones\/organizaciones-miembros\/"]}]},{"@type":"BreadcrumbList","@id":"https:\/\/mwc-cmm.org\/es\/comisiones\/comision-de-misiones\/organizaciones-miembros\/#breadcrumb","itemListElement":[{"@type":"ListItem","position":1,"name":"Home","item":"https:\/\/mwc-cmm.org\/es\/"},{"@type":"ListItem","position":2,"name":"Comisiones","item":"https:\/\/mwc-cmm.org\/es\/comisiones\/"},{"@type":"ListItem","position":3,"name":"Comisi\u00f3n de Misiones","item":"https:\/\/mwc-cmm.org\/es\/comisiones\/comision-de-misiones\/"},{"@type":"ListItem","position":4,"name":"Organizaciones miembros"}]},{"@type":"WebSite","@id":"https:\/\/mwc-cmm.org\/en\/#website","url":"https:\/\/mwc-cmm.org\/en\/","name":"Mennonite World Conference","description":"A communion of Anabaptist-related churches","publisher":{"@id":"https:\/\/mwc-cmm.org\/en\/#organization"},"alternateName":"MWC","potentialAction":[{"@type":"SearchAction","target":{"@type":"EntryPoint","urlTemplate":"https:\/\/mwc-cmm.org\/en\/?s={search_term_string}"},"query-input":{"@type":"PropertyValueSpecification","valueRequired":true,"valueName":"search_term_string"}}],"inLanguage":"es"},{"@type":"Organization","@id":"https:\/\/mwc-cmm.org\/en\/#organization","name":"Mennonite World Conference","alternateName":"MWC","url":"https:\/\/mwc-cmm.org\/en\/","logo":{"@type":"ImageObject","inLanguage":"es","@id":"https:\/\/mwc-cmm.org\/en\/#\/schema\/logo\/image\/","url":"https:\/\/mwc-cmm.org\/wp-content\/uploads\/2026\/01\/MWC_Sig_Blue_Horiz_webheader1-logo.svg","contentUrl":"https:\/\/mwc-cmm.org\/wp-content\/uploads\/2026\/01\/MWC_Sig_Blue_Horiz_webheader1-logo.svg","width":786,"height":82,"caption":"Mennonite World Conference"},"image":{"@id":"https:\/\/mwc-cmm.org\/en\/#\/schema\/logo\/image\/"},"sameAs":["https:\/\/www.facebook.com\/MennoniteWorldConference","https:\/\/www.linkedin.com\/company\/mennonite-world-conference-mwc\/","https:\/\/www.instagram.com\/mwcmm\/","https:\/\/www.youtube.com\/user\/mwccmm","https:\/\/bsky.app\/profile\/mwcmm.bsky.social"]}]}},"_links":{"self":[{"href":"https:\/\/mwc-cmm.org\/es\/wp-json\/wp\/v2\/pages\/5737","targetHints":{"allow":["GET"]}}],"collection":[{"href":"https:\/\/mwc-cmm.org\/es\/wp-json\/wp\/v2\/pages"}],"about":[{"href":"https:\/\/mwc-cmm.org\/es\/wp-json\/wp\/v2\/types\/page"}],"author":[{"embeddable":true,"href":"https:\/\/mwc-cmm.org\/es\/wp-json\/wp\/v2\/users\/1"}],"replies":[{"embeddable":true,"href":"https:\/\/mwc-cmm.org\/es\/wp-json\/wp\/v2\/comments?post=5737"}],"version-history":[{"count":0,"href":"https:\/\/mwc-cmm.org\/es\/wp-json\/wp\/v2\/pages\/5737\/revisions"}],"up":[{"embeddable":true,"href":"https:\/\/mwc-cmm.org\/es\/wp-json\/wp\/v2\/pages\/11451"}],"wp:attachment":[{"href":"https:\/\/mwc-cmm.org\/es\/wp-json\/wp\/v2\/media?parent=5737"}],"curies":[{"name":"wp","href":"https:\/\/api.w.org\/{rel}","templated":true}]}}