{"id":5729,"date":"2019-07-29T00:00:00","date_gmt":"2019-07-29T00:00:00","guid":{"rendered":"https:\/\/mwc-cmm.org\/teaching-resources-2\/"},"modified":"2025-10-03T14:19:44","modified_gmt":"2025-10-03T14:19:44","slug":"recursos-didacticos","status":"publish","type":"page","link":"https:\/\/mwc-cmm.org\/es\/recursos-didacticos\/","title":{"rendered":"Recursos did\u00e1cticos"},"content":{"rendered":"\n<div class=\"wp-block-columns alignwide is-layout-flex wp-container-core-columns-is-layout-7fc3d43a wp-block-columns-is-layout-flex\">\n<div class=\"wp-block-column is-layout-flow wp-block-column-is-layout-flow\" style=\"flex-basis:66.66%\">\n<p>El Congreso Mundial Menonita produce tres tipos de documentos aprobados por el Concilio General:<\/p>\n\n\n\n<ul class=\"wp-block-list\">\n<li>Documentos relacionados al gobierno (administraci\u00f3n)<\/li>\n\n\n\n<li>Declaraciones<\/li>\n\n\n\n<li>Recursos did\u00e1cticos.<\/li>\n<\/ul>\n\n\n\n<p>En esta p\u00e1gina encontrar\u00e1 enlaces a los recursos del CMM <strong>referentes a la ense\u00f1anza <\/strong>que han sido producidos&nbsp; por nuestras comisiones. &nbsp;&nbsp;<\/p>\n\n\n\n<h2 class=\"wp-block-heading\"><strong>Recursos did\u00e1cticos<\/strong><strong>&nbsp;de las Comisi\u00f3nes:<\/strong><\/h2>\n\n\n\n<div class=\"wp-block-group has-global-padding is-layout-constrained wp-block-group-is-layout-constrained\">\n<div class=\"wp-block-group has-global-padding is-layout-constrained wp-block-group-is-layout-constrained\">\n<div class=\"wp-block-group has-soft-gray-background-color has-background has-global-padding is-layout-constrained wp-block-group-is-layout-constrained\">\n<h3 class=\"wp-block-heading\">Un coraz\u00f3n con cuatro c\u00e1maras<\/h3>\n\n\n\n<p>Por Alfred Neufeld Friesen<\/p>\n\n\n\n<p>La \u201ctradici\u00f3n anabautista\u201d es un movimiento hist\u00f3rico, arraigado en la Reforma Radical del siglo XVI, que contextualiza el legado apost\u00f3lico y prof\u00e9tico de la Biblia conforme fue llevado a la pr\u00e1ctica por la iglesia primitiva. La tradici\u00f3n es el testigo hist\u00f3rico de los momentos de<br>renovaci\u00f3n y contextualizaci\u00f3n, una din\u00e1mica que requiere la perpetuaci\u00f3n permanente.<\/p>\n\n\n\n<div class=\"wp-block-buttons is-layout-flex wp-block-buttons-is-layout-flex\">\n<div class=\"wp-block-button\"><a class=\"wp-block-button__link wp-element-button\" href=\"https:\/\/mwc-cmm.org\/es\/resources\/corazon-con-cuatro-camaras\/\">LEER Un coraz\u00f3n con cuatro c\u00e1maras<\/a><\/div>\n<\/div>\n<\/div>\n<\/div>\n<\/div>\n\n\n\n<div class=\"wp-block-group has-global-padding is-layout-constrained wp-block-group-is-layout-constrained\">\n<div class=\"wp-block-group has-global-padding is-layout-constrained wp-block-group-is-layout-constrained\">\n<h3 class=\"wp-block-heading\">La \u201ctradici\u00f3n anabautista\u201d Reivindicamos sus dones, prestando atenci\u00f3n a sus carencias<\/h3>\n\n\n\n<p>Por Alfred Neufeld Friesen<\/p>\n\n\n\n<p>Atrav\u00e9s de las Escrituras, Dios confronta repetidamente a su pueblo con esta visi\u00f3n: Si quieres llegar a la Tierra Prometida, recuerda el sendero por el cual Dios te ha guiado hasta ahora (Deuteronomio 8:1-2). La par\u00e1bola de los talentos (Mateo 25) nos invita como congregaciones anabautistas a preguntarnos qu\u00e9 convicciones nos han sido encomendadas como un tesoro de nuestra historia, y qu\u00e9 cosas deber\u00edamos desechar sin reparos a cambio de otras. \u00bfPudiera ser que algunas perspectivas b\u00edblicas importantes todav\u00eda no han sido escuchadas en el mundo sencillamente porque no fomentamos, no desarrollamos o no sabemos valorar esos dones? \u00bfPudiera ser que la \u201ctradici\u00f3n anabautista\u201d, aun con todas sus carencias, contiene en s\u00ed precisamente estos tesoros, que no deber\u00edan ser enterrados, sino m\u00e1s bien desarrollados?<\/p>\n\n\n\n<div class=\"wp-block-buttons is-layout-flex wp-block-buttons-is-layout-flex\">\n<div class=\"wp-block-button\"><a class=\"wp-block-button__link has-text-align-left wp-element-button\" href=\"https:\/\/mwc-cmm.org\/es\/resources\/la-tradicion-anabautista-reivindicamos-sus-dones-prestando-atencion-a-sus-carencias\/\">LEER La tradici\u00f3n anabautista<\/a><\/div>\n<\/div>\n<\/div>\n<\/div>\n\n\n\n<div class=\"wp-block-group has-soft-gray-background-color has-background has-global-padding is-layout-constrained wp-block-group-is-layout-constrained\">\n<h3 class=\"wp-block-heading\">Koin\u014dnia: el don que juntos sostenemos<\/h3>\n\n\n\n<p>Por Thomas R. Yoder Neufeld<\/p>\n\n\n\n<p>Koinonia se ha convertido en un t\u00e9rmino y concepto centrales para el CMM. En discursos, publicaciones e iniciativas program\u00e1ticas, los l\u00edderes han promovido un v\u00ednculo m\u00e1s profundo<br>entre los miembros de la comunidad anabautista mundial. Aun cuando no empleemos la palabra koin\u014dnia, gran parte de la terminolog\u00eda que utilizamos depende de ella: necesidades vinculadas a las reuniones, aliento mutuo, intercambio de dones, hermandad, interdependencia, solidaridad, consenso, comuni\u00f3n, comunidad, unidad, estar \u201cjuntos\u201d.<\/p>\n\n\n\n<div class=\"wp-block-buttons is-layout-flex wp-block-buttons-is-layout-flex\">\n<div class=\"wp-block-button\"><a class=\"wp-block-button__link wp-element-button\" href=\"https:\/\/mwc-cmm.org\/es\/resources\/koinonia-el-don-que-juntos-sostenemos\/\">Leer Koin\u014dnia<\/a><\/div>\n<\/div>\n<\/div>\n\n\n\n<div class=\"wp-block-group has-base-background-color has-background has-global-padding is-layout-constrained wp-block-group-is-layout-constrained\">\n<h3 class=\"wp-block-heading\">Una teolog\u00eda anabautista del servicio<\/h3>\n\n\n\n<p>Por Arnold Snyder<\/p>\n\n\n\n<p>Los anabaptistas se acercaron a las Escrituras de una manera que hoy podr\u00edamos calificar de \u00abingenua\u00bb; para ellos, las Escrituras eran simplemente la palabra escrita de Dios que daba testimonio del Dios vivo. Sin embargo, no le\u00edan las Escrituras en busca de verdades dogm\u00e1ticas, sino con la esperanza real de encontrar la verdad y la luz para su peregrinaje como hijos de Dios.<\/p>\n\n\n\n<div class=\"wp-block-buttons is-layout-flex wp-block-buttons-is-layout-flex\">\n<div class=\"wp-block-button\"><a class=\"wp-block-button__link wp-element-button\" href=\"https:\/\/mwc-cmm.org\/es\/resources\/una-teologia-anabautista-del-servicio\/\">Leer Una teolog\u00eda anabautista del servicio<\/a><\/div>\n<\/div>\n<\/div>\n\n\n\n<div class=\"wp-block-group has-soft-gray-background-color has-background has-global-padding is-layout-constrained wp-block-group-is-layout-constrained\">\n<h3 class=\"wp-block-heading\">Identidad y ecumenismo \u2013 Una teolog\u00eda de hospitalidad intereclesial e identidad denominacional<\/h3>\n\n\n\n<p>Por Alfred Neufeld Friesen<\/p>\n\n\n\n<p>Cuando hablamos de la iglesia mundial de Cristo en el contexto del Congreso Mundial Menonita, la primera carta del ap\u00f3stol Pablo a la iglesia de Corinto brinda un punto de referencia valioso. En el cap\u00edtulo 13, que se centra en el tema del amor, Pablo reconoce que todo el conocimiento humano \u2013incluso el conocimiento cristiano, teol\u00f3gico y denominacional\u2013 es limitado. Cuando hacemos teolog\u00eda, conocemos solo \u201cen parte\u201d (I Cor. 13:9), viendo la verdad como un \u201creflejo en<br>un espejo\u201d (I Cor. 13:12).2 Nuestro conocimiento, al igual que nuestra capacidad de entender, siempre est\u00e1 influenciado por nuestra perspectiva. En la eterna presencia de Dios, las cosas ser\u00e1n diferentes (I Cor. 13:12). Pero, por ahora, es todo lo que tenemos. En nuestro peregrinaje como seres humanos \u2013limitado por el tiempo, el espacio y nuestros cinco sentidos\u2013 nuestro conocimiento es siempre parcial, y nuestra comprensi\u00f3n de la Verdad est\u00e1 determinada por nuestro contexto y perspectivas personales.<\/p>\n\n\n\n<div class=\"wp-block-buttons is-layout-flex wp-block-buttons-is-layout-flex\">\n<div class=\"wp-block-button\"><a class=\"wp-block-button__link wp-element-button\" href=\"https:\/\/mwc-cmm.org\/es\/resources\/identidad-y-ecumenismo-una-teologia-de-hospitalidad-intereclesial-e-identidad-denominacional\/\">leer Identidad y ecumenismo<\/a><\/div>\n<\/div>\n<\/div>\n\n\n\n<div class=\"wp-block-group has-global-padding is-layout-constrained wp-block-group-is-layout-constrained\">\n<h3 class=\"wp-block-heading\">Reunidos en Uno<\/h3>\n\n\n\n<p>Por Thomas R. Yoder Neufeld<\/p>\n\n\n\n<p>El t\u00edtulo general de mis tres presentaciones o estudios b\u00edblicos es \u00abReunidos en uno\u00bb. Al decirlo as\u00ed, no solo me refiero a ser uno en unidad entre nosotros, sino al \u00abUno\u00bb en quien encontramos nuestra unidad: Jesucristo, \u00abnuestra paz\u00bb (Efesios 2:14). En esta primera presentaci\u00f3n, me centrar\u00e9 en Cristo como la unidad que compartimos; en la segunda, en lo que Efesios 4:3 llama \u00abla unidad del Esp\u00edritu\u00bb; y, por \u00faltimo, en c\u00f3mo vivimos en y para esa unidad, c\u00f3mo \u00abcaminamos\u00bb juntos.<\/p>\n\n\n\n<div class=\"wp-block-buttons is-layout-flex wp-block-buttons-is-layout-flex\">\n<div class=\"wp-block-button\"><a class=\"wp-block-button__link has-text-align-left wp-element-button\" href=\"https:\/\/mwc-cmm.org\/wp-content\/uploads\/2024\/11\/tyn_gathering_part_1_espanol.pdf\">leer Parte I&nbsp;<br><strong>\u201cTodas las cosas reunidas en Cristo\u201d<\/strong><\/a><\/div>\n\n\n\n<div class=\"wp-block-button\"><a class=\"wp-block-button__link has-text-align-left wp-element-button\" href=\"https:\/\/mwc-cmm.org\/wp-content\/uploads\/2024\/11\/tyn_gathering_part_2_espanol.pdf\">Leer Parte II&nbsp;<br><strong>\u201cLa Unidad del Esp\u00edritu \u2013 la creaci\u00f3n del cuerpo y el templo\u201d<\/strong><\/a><\/div>\n\n\n\n<div class=\"wp-block-button\"><a class=\"wp-block-button__link has-text-align-left wp-element-button\" href=\"https:\/\/mwc-cmm.org\/wp-content\/uploads\/2024\/11\/tyn_gathering_part_3_espanol.pdf\">Parte III<br><strong>\u201cManteniendo la unidad del Esp\u00edritu: cuando caminar juntos es&nbsp;<em>dif\u00edcil<\/em>\u201d<\/strong><\/a><\/div>\n<\/div>\n<\/div>\n\n\n\n<div class=\"wp-block-group has-soft-gray-background-color has-background has-global-padding is-layout-constrained wp-block-group-is-layout-constrained\">\n<h3 class=\"wp-block-heading\">Tanto am\u00f3 Dios al cosmos<\/h3>\n\n\n\n<p>Por Thomas R. Yoder Neufeld, Anicka Fast, Doug Graber Neufeld<\/p>\n\n\n\n<p>\u201cEl cuidado de la creaci\u00f3n\u201d est\u00e1 adquiriendo una urgencia cada vez mayor. Las noticias nos recuerdan a diario los alarmantes cambios clim\u00e1ticos. Como muestra la encuesta del Grupo de Trabajo de Cuidado de la Creaci\u00f3n, hermanos y hermanas de nuestra familia mundial de fe sufren sequ\u00edas, inundaciones, tormentas destructivas, incendios, hambrunas y la devastaci\u00f3n provocada por la guerra. Diversas especies est\u00e1n en peligro o incluso en v\u00eda de extinci\u00f3n.<\/p>\n\n\n\n<div class=\"wp-block-buttons is-layout-flex wp-block-buttons-is-layout-flex\">\n<div class=\"wp-block-button\"><a class=\"wp-block-button__link wp-element-button\" href=\"https:\/\/mwc-cmm.org\/wp-content\/uploads\/2025\/03\/3.6-TR-For-God-so-loved-the-Cosmos-pending-GC-SP.pdf\">leer Tanto am\u00f3 Dios al cosmos<\/a><\/div>\n<\/div>\n<\/div>\n<\/div>\n\n\n\n<div class=\"wp-block-column is-layout-flow wp-block-column-is-layout-flow\" style=\"flex-basis:33.33%\">\n<div class=\"wp-block-buttons is-layout-flex wp-block-buttons-is-layout-flex\">\n<div class=\"wp-block-button\"><a class=\"wp-block-button__link wp-element-button\" href=\"https:\/\/mwc-cmm.org\/es\/declaraciones\/\">Declaraciones<\/a><\/div>\n\n\n\n<div class=\"wp-block-button\"><a class=\"wp-block-button__link has-text-align-left wp-element-button\" href=\"https:\/\/mwc-cmm.org\/es\/recursos\/?_resource_category=reference-document\">All Reference Documents<\/a><\/div>\n\n\n\n<div class=\"wp-block-button\"><a class=\"wp-block-button__link wp-element-button\">Governance Documents<\/a><\/div>\n\n\n\n<div class=\"wp-block-button\"><a class=\"wp-block-button__link wp-element-button\" href=\"https:\/\/mwc-cmm.org\/es\/recursos\/\">Recursos<\/a><\/div>\n<\/div>\n<\/div>\n<\/div>\n\n\n\n<p><\/p>\n","protected":false},"excerpt":{"rendered":"<p>El Congreso Mundial Menonita produce tres tipos de documentos aprobados por el Concilio General: En esta p\u00e1gina encontrar\u00e1 enlaces a los recursos del CMM referentes a la ense\u00f1anza que han sido producidos&nbsp; por nuestras comisiones. &nbsp;&nbsp; Recursos did\u00e1cticos&nbsp;de las Comisi\u00f3nes: Un coraz\u00f3n con cuatro c\u00e1maras Por Alfred Neufeld Friesen La \u201ctradici\u00f3n anabautista\u201d es un movimiento [&hellip;]<\/p>\n","protected":false},"author":1,"featured_media":0,"parent":0,"menu_order":0,"comment_status":"closed","ping_status":"closed","template":"","meta":{"_acf_changed":false,"footnotes":""},"class_list":["post-5729","page","type-page","status-publish","hentry"],"acf":[],"yoast_head":"<!-- This site is optimized with the Yoast SEO plugin v27.2 - https:\/\/yoast.com\/product\/yoast-seo-wordpress\/ -->\n<title>Recursos did\u00e1cticos - Mennonite World Conference<\/title>\n<meta name=\"robots\" content=\"index, follow, max-snippet:-1, max-image-preview:large, max-video-preview:-1\" \/>\n<link rel=\"canonical\" href=\"https:\/\/mwc-cmm.org\/es\/recursos-didacticos\/\" \/>\n<meta property=\"og:locale\" content=\"es_ES\" \/>\n<meta property=\"og:type\" content=\"article\" \/>\n<meta property=\"og:title\" content=\"Recursos did\u00e1cticos - Mennonite World Conference\" \/>\n<meta property=\"og:description\" content=\"El Congreso Mundial Menonita produce tres tipos de documentos aprobados por el Concilio General: En esta p\u00e1gina encontrar\u00e1 enlaces a los recursos del CMM referentes a la ense\u00f1anza que han sido producidos&nbsp; por nuestras comisiones. &nbsp;&nbsp; Recursos did\u00e1cticos&nbsp;de las Comisi\u00f3nes: Un coraz\u00f3n con cuatro c\u00e1maras Por Alfred Neufeld Friesen La \u201ctradici\u00f3n anabautista\u201d es un movimiento [&hellip;]\" \/>\n<meta property=\"og:url\" content=\"https:\/\/mwc-cmm.org\/es\/recursos-didacticos\/\" \/>\n<meta property=\"og:site_name\" content=\"Mennonite World Conference\" \/>\n<meta property=\"article:publisher\" content=\"https:\/\/www.facebook.com\/MennoniteWorldConference\" \/>\n<meta property=\"article:modified_time\" content=\"2025-10-03T14:19:44+00:00\" \/>\n<script type=\"application\/ld+json\" class=\"yoast-schema-graph\">{\"@context\":\"https:\/\/schema.org\",\"@graph\":[{\"@type\":\"WebPage\",\"@id\":\"https:\/\/mwc-cmm.org\/es\/recursos-didacticos\/\",\"url\":\"https:\/\/mwc-cmm.org\/es\/recursos-didacticos\/\",\"name\":\"Recursos did\u00e1cticos - Mennonite World Conference\",\"isPartOf\":{\"@id\":\"https:\/\/mwc-cmm.org\/en\/#website\"},\"datePublished\":\"2019-07-29T00:00:00+00:00\",\"dateModified\":\"2025-10-03T14:19:44+00:00\",\"breadcrumb\":{\"@id\":\"https:\/\/mwc-cmm.org\/es\/recursos-didacticos\/#breadcrumb\"},\"inLanguage\":\"es\",\"potentialAction\":[{\"@type\":\"ReadAction\",\"target\":[\"https:\/\/mwc-cmm.org\/es\/recursos-didacticos\/\"]}]},{\"@type\":\"BreadcrumbList\",\"@id\":\"https:\/\/mwc-cmm.org\/es\/recursos-didacticos\/#breadcrumb\",\"itemListElement\":[{\"@type\":\"ListItem\",\"position\":1,\"name\":\"Home\",\"item\":\"https:\/\/mwc-cmm.org\/es\/\"},{\"@type\":\"ListItem\",\"position\":2,\"name\":\"Recursos did\u00e1cticos\"}]},{\"@type\":\"WebSite\",\"@id\":\"https:\/\/mwc-cmm.org\/en\/#website\",\"url\":\"https:\/\/mwc-cmm.org\/en\/\",\"name\":\"Mennonite World Conference\",\"description\":\"A communion of Anabaptist-related churches\",\"publisher\":{\"@id\":\"https:\/\/mwc-cmm.org\/en\/#organization\"},\"alternateName\":\"MWC\",\"potentialAction\":[{\"@type\":\"SearchAction\",\"target\":{\"@type\":\"EntryPoint\",\"urlTemplate\":\"https:\/\/mwc-cmm.org\/en\/?s={search_term_string}\"},\"query-input\":{\"@type\":\"PropertyValueSpecification\",\"valueRequired\":true,\"valueName\":\"search_term_string\"}}],\"inLanguage\":\"es\"},{\"@type\":\"Organization\",\"@id\":\"https:\/\/mwc-cmm.org\/en\/#organization\",\"name\":\"Mennonite World Conference\",\"alternateName\":\"MWC\",\"url\":\"https:\/\/mwc-cmm.org\/en\/\",\"logo\":{\"@type\":\"ImageObject\",\"inLanguage\":\"es\",\"@id\":\"https:\/\/mwc-cmm.org\/en\/#\/schema\/logo\/image\/\",\"url\":\"https:\/\/mwc-cmm.org\/wp-content\/uploads\/2026\/01\/MWC_Sig_Blue_Horiz_webheader1-logo.svg\",\"contentUrl\":\"https:\/\/mwc-cmm.org\/wp-content\/uploads\/2026\/01\/MWC_Sig_Blue_Horiz_webheader1-logo.svg\",\"width\":786,\"height\":82,\"caption\":\"Mennonite World Conference\"},\"image\":{\"@id\":\"https:\/\/mwc-cmm.org\/en\/#\/schema\/logo\/image\/\"},\"sameAs\":[\"https:\/\/www.facebook.com\/MennoniteWorldConference\",\"https:\/\/www.linkedin.com\/company\/mennonite-world-conference-mwc\/\",\"https:\/\/www.instagram.com\/mwcmm\/\",\"https:\/\/www.youtube.com\/user\/mwccmm\",\"https:\/\/bsky.app\/profile\/mwcmm.bsky.social\"]}]}<\/script>\n<!-- \/ Yoast SEO plugin. -->","yoast_head_json":{"title":"Recursos did\u00e1cticos - Mennonite World Conference","robots":{"index":"index","follow":"follow","max-snippet":"max-snippet:-1","max-image-preview":"max-image-preview:large","max-video-preview":"max-video-preview:-1"},"canonical":"https:\/\/mwc-cmm.org\/es\/recursos-didacticos\/","og_locale":"es_ES","og_type":"article","og_title":"Recursos did\u00e1cticos - Mennonite World Conference","og_description":"El Congreso Mundial Menonita produce tres tipos de documentos aprobados por el Concilio General: En esta p\u00e1gina encontrar\u00e1 enlaces a los recursos del CMM referentes a la ense\u00f1anza que han sido producidos&nbsp; por nuestras comisiones. &nbsp;&nbsp; Recursos did\u00e1cticos&nbsp;de las Comisi\u00f3nes: Un coraz\u00f3n con cuatro c\u00e1maras Por Alfred Neufeld Friesen La \u201ctradici\u00f3n anabautista\u201d es un movimiento [&hellip;]","og_url":"https:\/\/mwc-cmm.org\/es\/recursos-didacticos\/","og_site_name":"Mennonite World Conference","article_publisher":"https:\/\/www.facebook.com\/MennoniteWorldConference","article_modified_time":"2025-10-03T14:19:44+00:00","schema":{"@context":"https:\/\/schema.org","@graph":[{"@type":"WebPage","@id":"https:\/\/mwc-cmm.org\/es\/recursos-didacticos\/","url":"https:\/\/mwc-cmm.org\/es\/recursos-didacticos\/","name":"Recursos did\u00e1cticos - Mennonite World Conference","isPartOf":{"@id":"https:\/\/mwc-cmm.org\/en\/#website"},"datePublished":"2019-07-29T00:00:00+00:00","dateModified":"2025-10-03T14:19:44+00:00","breadcrumb":{"@id":"https:\/\/mwc-cmm.org\/es\/recursos-didacticos\/#breadcrumb"},"inLanguage":"es","potentialAction":[{"@type":"ReadAction","target":["https:\/\/mwc-cmm.org\/es\/recursos-didacticos\/"]}]},{"@type":"BreadcrumbList","@id":"https:\/\/mwc-cmm.org\/es\/recursos-didacticos\/#breadcrumb","itemListElement":[{"@type":"ListItem","position":1,"name":"Home","item":"https:\/\/mwc-cmm.org\/es\/"},{"@type":"ListItem","position":2,"name":"Recursos did\u00e1cticos"}]},{"@type":"WebSite","@id":"https:\/\/mwc-cmm.org\/en\/#website","url":"https:\/\/mwc-cmm.org\/en\/","name":"Mennonite World Conference","description":"A communion of Anabaptist-related churches","publisher":{"@id":"https:\/\/mwc-cmm.org\/en\/#organization"},"alternateName":"MWC","potentialAction":[{"@type":"SearchAction","target":{"@type":"EntryPoint","urlTemplate":"https:\/\/mwc-cmm.org\/en\/?s={search_term_string}"},"query-input":{"@type":"PropertyValueSpecification","valueRequired":true,"valueName":"search_term_string"}}],"inLanguage":"es"},{"@type":"Organization","@id":"https:\/\/mwc-cmm.org\/en\/#organization","name":"Mennonite World Conference","alternateName":"MWC","url":"https:\/\/mwc-cmm.org\/en\/","logo":{"@type":"ImageObject","inLanguage":"es","@id":"https:\/\/mwc-cmm.org\/en\/#\/schema\/logo\/image\/","url":"https:\/\/mwc-cmm.org\/wp-content\/uploads\/2026\/01\/MWC_Sig_Blue_Horiz_webheader1-logo.svg","contentUrl":"https:\/\/mwc-cmm.org\/wp-content\/uploads\/2026\/01\/MWC_Sig_Blue_Horiz_webheader1-logo.svg","width":786,"height":82,"caption":"Mennonite World Conference"},"image":{"@id":"https:\/\/mwc-cmm.org\/en\/#\/schema\/logo\/image\/"},"sameAs":["https:\/\/www.facebook.com\/MennoniteWorldConference","https:\/\/www.linkedin.com\/company\/mennonite-world-conference-mwc\/","https:\/\/www.instagram.com\/mwcmm\/","https:\/\/www.youtube.com\/user\/mwccmm","https:\/\/bsky.app\/profile\/mwcmm.bsky.social"]}]}},"_links":{"self":[{"href":"https:\/\/mwc-cmm.org\/es\/wp-json\/wp\/v2\/pages\/5729","targetHints":{"allow":["GET"]}}],"collection":[{"href":"https:\/\/mwc-cmm.org\/es\/wp-json\/wp\/v2\/pages"}],"about":[{"href":"https:\/\/mwc-cmm.org\/es\/wp-json\/wp\/v2\/types\/page"}],"author":[{"embeddable":true,"href":"https:\/\/mwc-cmm.org\/es\/wp-json\/wp\/v2\/users\/1"}],"replies":[{"embeddable":true,"href":"https:\/\/mwc-cmm.org\/es\/wp-json\/wp\/v2\/comments?post=5729"}],"version-history":[{"count":0,"href":"https:\/\/mwc-cmm.org\/es\/wp-json\/wp\/v2\/pages\/5729\/revisions"}],"wp:attachment":[{"href":"https:\/\/mwc-cmm.org\/es\/wp-json\/wp\/v2\/media?parent=5729"}],"curies":[{"name":"wp","href":"https:\/\/api.w.org\/{rel}","templated":true}]}}