{"id":5728,"date":"2019-07-29T00:00:00","date_gmt":"2019-07-29T00:00:00","guid":{"rendered":"https:\/\/mwc-cmm.org\/mwc-info-2\/"},"modified":"2025-08-22T16:05:40","modified_gmt":"2025-08-22T16:05:40","slug":"cmm-info","status":"publish","type":"page","link":"https:\/\/mwc-cmm.org\/es\/cmm-info\/","title":{"rendered":"CMM Info"},"content":{"rendered":"\n<figure class=\"wp-block-image size-large\"><img decoding=\"async\" width=\"1024\" height=\"227\" data-src=\"https:\/\/mwc-cmm.org\/wp-content\/uploads\/2024\/11\/info_en_masthead-1024x227.png\" alt=\"MWC Info logo\" class=\"wp-image-64495 lazyload\" data-srcset=\"https:\/\/mwc-cmm.org\/wp-content\/uploads\/2024\/11\/info_en_masthead-1024x227.png 1024w, https:\/\/mwc-cmm.org\/wp-content\/uploads\/2024\/11\/info_en_masthead-300x67.png 300w, https:\/\/mwc-cmm.org\/wp-content\/uploads\/2024\/11\/info_en_masthead-768x170.png 768w, https:\/\/mwc-cmm.org\/wp-content\/uploads\/2024\/11\/info_en_masthead-1536x341.png 1536w, https:\/\/mwc-cmm.org\/wp-content\/uploads\/2024\/11\/info_en_masthead.png 1858w\" data-sizes=\"(max-width: 1024px) 100vw, 1024px\" src=\"data:image\/svg+xml;base64,PHN2ZyB3aWR0aD0iMSIgaGVpZ2h0PSIxIiB4bWxucz0iaHR0cDovL3d3dy53My5vcmcvMjAwMC9zdmciPjwvc3ZnPg==\" style=\"--smush-placeholder-width: 1024px; --smush-placeholder-aspect-ratio: 1024\/227;\" \/><\/figure>\n\n\n\n<p>\u00bfQuiere conocer qu\u00e9 est\u00e1 ocurriendo&nbsp;en las iglesias miembros del CMM alrededor del mundo?&nbsp;&nbsp;Un bolet\u00edn informativo mensual a trav\u00e9s de correo electr\u00f3nico destacando art\u00edculos de la p\u00e1gina web del CMM.<\/p>\n\n\n\n<p>Haga clic aqu\u00ed para leer mas.<\/p>\n\n\n\n<div class=\"wp-block-buttons is-layout-flex wp-block-buttons-is-layout-flex\">\n<div class=\"wp-block-button\"><a class=\"wp-block-button__link wp-element-button\" href=\"https:\/\/mwc-cmm.org\/es\/relatos\/\">relatos<\/a><\/div>\n<\/div>\n\n\n\n<p>Haga clic aqu\u00ed para recibir las publicaciones del CCM Info y mensajes de la Red de Oraci\u00f3n del CMM.<\/p>\n\n\n\n<div class=\"wp-block-buttons is-layout-flex wp-block-buttons-is-layout-flex\">\n<div class=\"wp-block-button\"><a class=\"wp-block-button__link wp-element-button\" href=\"https:\/\/mwc-cmm.org\/es\/registrate-por-correo-electronico\/\">Suscribir<\/a><\/div>\n<\/div>\n\n\n\n<figure class=\"wp-block-image size-large\"><img decoding=\"async\" width=\"1024\" height=\"539\" data-src=\"https:\/\/mwc-cmm.org\/wp-content\/uploads\/2024\/11\/img_0230_v-1024x539.jpg\" alt=\"A group of Indian Women and Men dancing\" class=\"wp-image-64510 lazyload\" data-srcset=\"https:\/\/mwc-cmm.org\/wp-content\/uploads\/2024\/11\/img_0230_v-1024x539.jpg 1024w, https:\/\/mwc-cmm.org\/wp-content\/uploads\/2024\/11\/img_0230_v-300x158.jpg 300w, https:\/\/mwc-cmm.org\/wp-content\/uploads\/2024\/11\/img_0230_v-768x404.jpg 768w, https:\/\/mwc-cmm.org\/wp-content\/uploads\/2024\/11\/img_0230_v.jpg 1500w\" data-sizes=\"(max-width: 1024px) 100vw, 1024px\" src=\"data:image\/svg+xml;base64,PHN2ZyB3aWR0aD0iMSIgaGVpZ2h0PSIxIiB4bWxucz0iaHR0cDovL3d3dy53My5vcmcvMjAwMC9zdmciPjwvc3ZnPg==\" style=\"--smush-placeholder-width: 1024px; --smush-placeholder-aspect-ratio: 1024\/539;\" \/><\/figure>\n","protected":false},"excerpt":{"rendered":"<p>\u00bfQuiere conocer qu\u00e9 est\u00e1 ocurriendo&nbsp;en las iglesias miembros del CMM alrededor del mundo?&nbsp;&nbsp;Un bolet\u00edn informativo mensual a trav\u00e9s de correo electr\u00f3nico destacando art\u00edculos de la p\u00e1gina web del CMM. Haga clic aqu\u00ed para leer mas. Haga clic aqu\u00ed para recibir las publicaciones del CCM Info y mensajes de la Red de Oraci\u00f3n del CMM.<\/p>\n","protected":false},"author":1,"featured_media":0,"parent":0,"menu_order":0,"comment_status":"closed","ping_status":"closed","template":"","meta":{"_acf_changed":false,"footnotes":""},"class_list":["post-5728","page","type-page","status-publish","hentry"],"acf":[],"yoast_head":"<!-- This site is optimized with the Yoast SEO plugin v27.5 - https:\/\/yoast.com\/product\/yoast-seo-wordpress\/ -->\n<title>CMM Info - Mennonite World Conference<\/title>\n<meta name=\"description\" content=\"\u00bfQuiere conocer qu\u00e9 est\u00e1 ocurriendo\u00a0en las iglesias miembros del CMM alrededor del mundo?\u00a0\u00a0CMM Info: un bolet\u00edn informativo mensual a trav\u00e9s de correo electr\u00f3nico destacando art\u00edculos de la p\u00e1gina web del CMM.\" \/>\n<meta name=\"robots\" content=\"index, follow, max-snippet:-1, max-image-preview:large, max-video-preview:-1\" \/>\n<link rel=\"canonical\" href=\"https:\/\/mwc-cmm.org\/es\/cmm-info\/\" \/>\n<meta property=\"og:locale\" content=\"es_ES\" \/>\n<meta property=\"og:type\" content=\"article\" \/>\n<meta property=\"og:title\" content=\"CMM Info - Mennonite World Conference\" \/>\n<meta property=\"og:description\" content=\"\u00bfQuiere conocer qu\u00e9 est\u00e1 ocurriendo\u00a0en las iglesias miembros del CMM alrededor del mundo?\u00a0\u00a0CMM Info: un bolet\u00edn informativo mensual a trav\u00e9s de correo electr\u00f3nico destacando art\u00edculos de la p\u00e1gina web del CMM.\" \/>\n<meta property=\"og:url\" content=\"https:\/\/mwc-cmm.org\/es\/cmm-info\/\" \/>\n<meta property=\"og:site_name\" content=\"Mennonite World Conference\" \/>\n<meta property=\"article:publisher\" content=\"https:\/\/www.facebook.com\/MennoniteWorldConference\" \/>\n<meta property=\"article:modified_time\" content=\"2025-08-22T16:05:40+00:00\" \/>\n<meta property=\"og:image\" content=\"https:\/\/mwc-cmm.org\/wp-content\/uploads\/2024\/11\/info_en_masthead.png\" \/>\n\t<meta property=\"og:image:width\" content=\"1858\" \/>\n\t<meta property=\"og:image:height\" content=\"412\" \/>\n\t<meta property=\"og:image:type\" content=\"image\/png\" \/>\n<script type=\"application\/ld+json\" class=\"yoast-schema-graph\">{\"@context\":\"https:\\\/\\\/schema.org\",\"@graph\":[{\"@type\":\"WebPage\",\"@id\":\"https:\\\/\\\/mwc-cmm.org\\\/es\\\/cmm-info\\\/\",\"url\":\"https:\\\/\\\/mwc-cmm.org\\\/es\\\/cmm-info\\\/\",\"name\":\"CMM Info - Mennonite World Conference\",\"isPartOf\":{\"@id\":\"https:\\\/\\\/mwc-cmm.org\\\/en\\\/#website\"},\"primaryImageOfPage\":{\"@id\":\"https:\\\/\\\/mwc-cmm.org\\\/es\\\/cmm-info\\\/#primaryimage\"},\"image\":{\"@id\":\"https:\\\/\\\/mwc-cmm.org\\\/es\\\/cmm-info\\\/#primaryimage\"},\"thumbnailUrl\":\"https:\\\/\\\/mwc-cmm.org\\\/wp-content\\\/uploads\\\/2024\\\/11\\\/info_en_masthead-1024x227.png\",\"datePublished\":\"2019-07-29T00:00:00+00:00\",\"dateModified\":\"2025-08-22T16:05:40+00:00\",\"description\":\"\u00bfQuiere conocer qu\u00e9 est\u00e1 ocurriendo\u00a0en las iglesias miembros del CMM alrededor del mundo?\u00a0\u00a0CMM Info: un bolet\u00edn informativo mensual a trav\u00e9s de correo electr\u00f3nico destacando art\u00edculos de la p\u00e1gina web del CMM.\",\"breadcrumb\":{\"@id\":\"https:\\\/\\\/mwc-cmm.org\\\/es\\\/cmm-info\\\/#breadcrumb\"},\"inLanguage\":\"es\",\"potentialAction\":[{\"@type\":\"ReadAction\",\"target\":[\"https:\\\/\\\/mwc-cmm.org\\\/es\\\/cmm-info\\\/\"]}]},{\"@type\":\"ImageObject\",\"inLanguage\":\"es\",\"@id\":\"https:\\\/\\\/mwc-cmm.org\\\/es\\\/cmm-info\\\/#primaryimage\",\"url\":\"https:\\\/\\\/mwc-cmm.org\\\/wp-content\\\/uploads\\\/2024\\\/11\\\/info_en_masthead-1024x227.png\",\"contentUrl\":\"https:\\\/\\\/mwc-cmm.org\\\/wp-content\\\/uploads\\\/2024\\\/11\\\/info_en_masthead-1024x227.png\"},{\"@type\":\"BreadcrumbList\",\"@id\":\"https:\\\/\\\/mwc-cmm.org\\\/es\\\/cmm-info\\\/#breadcrumb\",\"itemListElement\":[{\"@type\":\"ListItem\",\"position\":1,\"name\":\"Home\",\"item\":\"https:\\\/\\\/mwc-cmm.org\\\/es\\\/\"},{\"@type\":\"ListItem\",\"position\":2,\"name\":\"CMM Info\"}]},{\"@type\":\"WebSite\",\"@id\":\"https:\\\/\\\/mwc-cmm.org\\\/en\\\/#website\",\"url\":\"https:\\\/\\\/mwc-cmm.org\\\/en\\\/\",\"name\":\"Mennonite World Conference\",\"description\":\"A communion of Anabaptist-related churches\",\"publisher\":{\"@id\":\"https:\\\/\\\/mwc-cmm.org\\\/en\\\/#organization\"},\"alternateName\":\"MWC\",\"potentialAction\":[{\"@type\":\"SearchAction\",\"target\":{\"@type\":\"EntryPoint\",\"urlTemplate\":\"https:\\\/\\\/mwc-cmm.org\\\/en\\\/?s={search_term_string}\"},\"query-input\":{\"@type\":\"PropertyValueSpecification\",\"valueRequired\":true,\"valueName\":\"search_term_string\"}}],\"inLanguage\":\"es\"},{\"@type\":\"Organization\",\"@id\":\"https:\\\/\\\/mwc-cmm.org\\\/en\\\/#organization\",\"name\":\"Mennonite World Conference\",\"alternateName\":\"MWC\",\"url\":\"https:\\\/\\\/mwc-cmm.org\\\/en\\\/\",\"logo\":{\"@type\":\"ImageObject\",\"inLanguage\":\"es\",\"@id\":\"https:\\\/\\\/mwc-cmm.org\\\/en\\\/#\\\/schema\\\/logo\\\/image\\\/\",\"url\":\"https:\\\/\\\/mwc-cmm.org\\\/wp-content\\\/uploads\\\/2026\\\/01\\\/MWC_Sig_Blue_Horiz_webheader1-logo.svg\",\"contentUrl\":\"https:\\\/\\\/mwc-cmm.org\\\/wp-content\\\/uploads\\\/2026\\\/01\\\/MWC_Sig_Blue_Horiz_webheader1-logo.svg\",\"width\":786,\"height\":82,\"caption\":\"Mennonite World Conference\"},\"image\":{\"@id\":\"https:\\\/\\\/mwc-cmm.org\\\/en\\\/#\\\/schema\\\/logo\\\/image\\\/\"},\"sameAs\":[\"https:\\\/\\\/www.facebook.com\\\/MennoniteWorldConference\",\"https:\\\/\\\/www.linkedin.com\\\/company\\\/mennonite-world-conference-mwc\\\/\",\"https:\\\/\\\/www.instagram.com\\\/mwcmm\\\/\",\"https:\\\/\\\/www.youtube.com\\\/user\\\/mwccmm\",\"https:\\\/\\\/bsky.app\\\/profile\\\/mwcmm.bsky.social\"]}]}<\/script>\n<!-- \/ Yoast SEO plugin. -->","yoast_head_json":{"title":"CMM Info - Mennonite World Conference","description":"\u00bfQuiere conocer qu\u00e9 est\u00e1 ocurriendo\u00a0en las iglesias miembros del CMM alrededor del mundo?\u00a0\u00a0CMM Info: un bolet\u00edn informativo mensual a trav\u00e9s de correo electr\u00f3nico destacando art\u00edculos de la p\u00e1gina web del CMM.","robots":{"index":"index","follow":"follow","max-snippet":"max-snippet:-1","max-image-preview":"max-image-preview:large","max-video-preview":"max-video-preview:-1"},"canonical":"https:\/\/mwc-cmm.org\/es\/cmm-info\/","og_locale":"es_ES","og_type":"article","og_title":"CMM Info - Mennonite World Conference","og_description":"\u00bfQuiere conocer qu\u00e9 est\u00e1 ocurriendo\u00a0en las iglesias miembros del CMM alrededor del mundo?\u00a0\u00a0CMM Info: un bolet\u00edn informativo mensual a trav\u00e9s de correo electr\u00f3nico destacando art\u00edculos de la p\u00e1gina web del CMM.","og_url":"https:\/\/mwc-cmm.org\/es\/cmm-info\/","og_site_name":"Mennonite World Conference","article_publisher":"https:\/\/www.facebook.com\/MennoniteWorldConference","article_modified_time":"2025-08-22T16:05:40+00:00","og_image":[{"width":1858,"height":412,"url":"https:\/\/mwc-cmm.org\/wp-content\/uploads\/2024\/11\/info_en_masthead.png","type":"image\/png"}],"schema":{"@context":"https:\/\/schema.org","@graph":[{"@type":"WebPage","@id":"https:\/\/mwc-cmm.org\/es\/cmm-info\/","url":"https:\/\/mwc-cmm.org\/es\/cmm-info\/","name":"CMM Info - Mennonite World Conference","isPartOf":{"@id":"https:\/\/mwc-cmm.org\/en\/#website"},"primaryImageOfPage":{"@id":"https:\/\/mwc-cmm.org\/es\/cmm-info\/#primaryimage"},"image":{"@id":"https:\/\/mwc-cmm.org\/es\/cmm-info\/#primaryimage"},"thumbnailUrl":"https:\/\/mwc-cmm.org\/wp-content\/uploads\/2024\/11\/info_en_masthead-1024x227.png","datePublished":"2019-07-29T00:00:00+00:00","dateModified":"2025-08-22T16:05:40+00:00","description":"\u00bfQuiere conocer qu\u00e9 est\u00e1 ocurriendo\u00a0en las iglesias miembros del CMM alrededor del mundo?\u00a0\u00a0CMM Info: un bolet\u00edn informativo mensual a trav\u00e9s de correo electr\u00f3nico destacando art\u00edculos de la p\u00e1gina web del CMM.","breadcrumb":{"@id":"https:\/\/mwc-cmm.org\/es\/cmm-info\/#breadcrumb"},"inLanguage":"es","potentialAction":[{"@type":"ReadAction","target":["https:\/\/mwc-cmm.org\/es\/cmm-info\/"]}]},{"@type":"ImageObject","inLanguage":"es","@id":"https:\/\/mwc-cmm.org\/es\/cmm-info\/#primaryimage","url":"https:\/\/mwc-cmm.org\/wp-content\/uploads\/2024\/11\/info_en_masthead-1024x227.png","contentUrl":"https:\/\/mwc-cmm.org\/wp-content\/uploads\/2024\/11\/info_en_masthead-1024x227.png"},{"@type":"BreadcrumbList","@id":"https:\/\/mwc-cmm.org\/es\/cmm-info\/#breadcrumb","itemListElement":[{"@type":"ListItem","position":1,"name":"Home","item":"https:\/\/mwc-cmm.org\/es\/"},{"@type":"ListItem","position":2,"name":"CMM Info"}]},{"@type":"WebSite","@id":"https:\/\/mwc-cmm.org\/en\/#website","url":"https:\/\/mwc-cmm.org\/en\/","name":"Mennonite World Conference","description":"A communion of Anabaptist-related churches","publisher":{"@id":"https:\/\/mwc-cmm.org\/en\/#organization"},"alternateName":"MWC","potentialAction":[{"@type":"SearchAction","target":{"@type":"EntryPoint","urlTemplate":"https:\/\/mwc-cmm.org\/en\/?s={search_term_string}"},"query-input":{"@type":"PropertyValueSpecification","valueRequired":true,"valueName":"search_term_string"}}],"inLanguage":"es"},{"@type":"Organization","@id":"https:\/\/mwc-cmm.org\/en\/#organization","name":"Mennonite World Conference","alternateName":"MWC","url":"https:\/\/mwc-cmm.org\/en\/","logo":{"@type":"ImageObject","inLanguage":"es","@id":"https:\/\/mwc-cmm.org\/en\/#\/schema\/logo\/image\/","url":"https:\/\/mwc-cmm.org\/wp-content\/uploads\/2026\/01\/MWC_Sig_Blue_Horiz_webheader1-logo.svg","contentUrl":"https:\/\/mwc-cmm.org\/wp-content\/uploads\/2026\/01\/MWC_Sig_Blue_Horiz_webheader1-logo.svg","width":786,"height":82,"caption":"Mennonite World Conference"},"image":{"@id":"https:\/\/mwc-cmm.org\/en\/#\/schema\/logo\/image\/"},"sameAs":["https:\/\/www.facebook.com\/MennoniteWorldConference","https:\/\/www.linkedin.com\/company\/mennonite-world-conference-mwc\/","https:\/\/www.instagram.com\/mwcmm\/","https:\/\/www.youtube.com\/user\/mwccmm","https:\/\/bsky.app\/profile\/mwcmm.bsky.social"]}]}},"_links":{"self":[{"href":"https:\/\/mwc-cmm.org\/es\/wp-json\/wp\/v2\/pages\/5728","targetHints":{"allow":["GET"]}}],"collection":[{"href":"https:\/\/mwc-cmm.org\/es\/wp-json\/wp\/v2\/pages"}],"about":[{"href":"https:\/\/mwc-cmm.org\/es\/wp-json\/wp\/v2\/types\/page"}],"author":[{"embeddable":true,"href":"https:\/\/mwc-cmm.org\/es\/wp-json\/wp\/v2\/users\/1"}],"replies":[{"embeddable":true,"href":"https:\/\/mwc-cmm.org\/es\/wp-json\/wp\/v2\/comments?post=5728"}],"version-history":[{"count":0,"href":"https:\/\/mwc-cmm.org\/es\/wp-json\/wp\/v2\/pages\/5728\/revisions"}],"wp:attachment":[{"href":"https:\/\/mwc-cmm.org\/es\/wp-json\/wp\/v2\/media?parent=5728"}],"curies":[{"name":"wp","href":"https:\/\/api.w.org\/{rel}","templated":true}]}}