{"id":5726,"date":"2019-07-29T00:00:00","date_gmt":"2019-07-29T00:00:00","guid":{"rendered":"https:\/\/mwc-cmm.org\/membership-map-and-statistics-2\/"},"modified":"2025-11-28T22:48:14","modified_gmt":"2025-11-28T22:48:14","slug":"mapa-estadisticas","status":"publish","type":"page","link":"https:\/\/mwc-cmm.org\/es\/mapa-estadisticas\/","title":{"rendered":"Mapa &#038; Estad\u00edsticas"},"content":{"rendered":"\n<div class=\"wp-block-columns alignwide is-layout-flex wp-container-core-columns-is-layout-28f84493 wp-block-columns-is-layout-flex\">\n<div class=\"wp-block-column is-layout-flow wp-block-column-is-layout-flow\" style=\"flex-basis:66.66%\">\n<p>El Congreso Mundial Menonita compila estad\u00edsticas de las iglesias que est\u00e1n enraizadas en la Reforma Radical del siglo XVI en Europa, particularmente en el movimiento anabautista. Dicha familia de fe incluye 2,03 millones de creyentes bautizados de 87 pa\u00edses.<\/p>\n\n\n\n<p>Las cifras totales seg\u00fan la regi\u00f3n continental son las siguientes: \u00c1frica 45%, Asia y el Pac\u00edfico 13%, Europa 3%, Am\u00e9rica Latina y el Caribe 10%, Am\u00e9rica del Norte 29%.<\/p>\n\n\n\n<p>Alrededor de dos tercios de los creyentes bautizados son africanos, asi\u00e1ticos o latinoamericanos.<\/p>\n\n\n\n<p>La membres\u00eda del CMM en 2025 comprende una asociaci\u00f3n internacional y 110 iglesias nacionales menonitas y de los Hermanos en Cristo de 61 pa\u00edses, con alrededor de 1,44 millones de creyentes bautizados en cerca de 10.400 congregaciones.<\/p>\n<\/div>\n\n\n\n<div class=\"wp-block-column is-layout-flow wp-block-column-is-layout-flow\" style=\"flex-basis:33.33%\">\n<div class=\"wp-block-buttons is-layout-flex wp-block-buttons-is-layout-flex\">\n<div class=\"wp-block-button\"><a class=\"wp-block-button__link wp-element-button\" href=\"https:\/\/mwc-cmm.org\/es\/mapa-estadisticas\/lista-de-miembros\/\">Lista de miembros<\/a><\/div>\n\n\n\n<div class=\"wp-block-button\"><a class=\"wp-block-button__link wp-element-button\" href=\"https:\/\/mwc-cmm.org\/es\/resources\/anabautistas-de-todo-el-mundo-2025\/\">Mapa Anabautistas 2025<\/a><\/div>\n<\/div>\n\n\n\n<div class=\"wp-block-buttons is-layout-flex wp-block-buttons-is-layout-flex\">\n<div class=\"wp-block-button\"><a class=\"wp-block-button__link has-text-align-left wp-element-button\" href=\"https:\/\/mwc-cmm.org\/es\/stories\/como-unirse-la-familia\/\">\u00bfC\u00f3mo puedo ser parte de ustedes?<\/a><\/div>\n<\/div>\n<\/div>\n<\/div>\n\n\n\n<div class=\"wp-block-columns alignwide desktop-map-container is-layout-flex wp-container-core-columns-is-layout-28f84493 wp-block-columns-is-layout-flex\">\n<div class=\"wp-block-column is-layout-flow wp-block-column-is-layout-flow\" style=\"flex-basis:1%\">\n<div style=\"height:900px\" aria-hidden=\"true\" class=\"wp-block-spacer\"><\/div>\n<\/div>\n\n\n\n<div class=\"wp-block-column is-layout-flow wp-block-column-is-layout-flow\" style=\"flex-basis:99%\">\n<iframe frameborder=\"0\" style=\"overflow:hidden;overflow-x:hidden;overflow-y:hidden;height:100%;width:100%;position:absolute;top:0px;left:0px;right:0px;bottom:0px\" height=\"100%\" width=\"100%\"\ndata-src=\"https:\/\/www.arcgis.com\/apps\/dashboards\/e78e881e9620425e8e4b21fc3ffa9240\" src=\"data:image\/svg+xml;base64,PHN2ZyB3aWR0aD0iMSIgaGVpZ2h0PSIxIiB4bWxucz0iaHR0cDovL3d3dy53My5vcmcvMjAwMC9zdmciPjwvc3ZnPg==\" class=\"lazyload\" data-load-mode=\"1\"><\/iframe>\n<\/div>\n<\/div>\n\n\n\n<div class=\"wp-block-group alignwide mobile-map-wrap has-global-padding is-layout-constrained wp-block-group-is-layout-constrained\">\n<div class=\"wp-block-buttons login-buttons is-layout-flex wp-container-core-buttons-is-layout-e7219c75 wp-block-buttons-is-layout-flex\">\n<div class=\"wp-block-button\"><a class=\"wp-block-button__link has-white-color has-magenta-background-color has-text-color has-background wp-element-button\" href=\"#\">Baptized Members<\/a><\/div>\n\n\n\n<div class=\"wp-block-button\"><a class=\"wp-block-button__link has-gray-color has-soft-gray-background-color has-text-color has-background wp-element-button\" href=\"https:\/\/mwc-cmm.org\/es\/mapa-global-de-congregaciones\/\">Congregations<\/a><\/div>\n<\/div>\n\n\n\n<div class=\"wp-block-columns mobile-map-group is-layout-flex wp-container-core-columns-is-layout-28f84493 wp-block-columns-is-layout-flex\">\n<div class=\"wp-block-column is-layout-flow wp-block-column-is-layout-flow\" style=\"flex-basis:1%\">\n<div style=\"height:700px\" aria-hidden=\"true\" class=\"wp-block-spacer\"><\/div>\n<\/div>\n\n\n\n<div class=\"wp-block-column is-layout-flow wp-block-column-is-layout-flow\" style=\"flex-basis:99%\">\n<iframe frameborder=\"0\" style=\"overflow:hidden;overflow-x:hidden;overflow-y:hidden;height:100%;width:100%;position:absolute;top:0px;left:0px;right:0px;bottom:0px\" height=\"100%\" width=\"100%\"\ndata-src=\"https:\/\/www.arcgis.com\/apps\/dashboards\/53028971b5094c04a8b64bfe2ba5fb8e\" src=\"data:image\/svg+xml;base64,PHN2ZyB3aWR0aD0iMSIgaGVpZ2h0PSIxIiB4bWxucz0iaHR0cDovL3d3dy53My5vcmcvMjAwMC9zdmciPjwvc3ZnPg==\" class=\"lazyload\" data-load-mode=\"1\"><\/iframe>\n<\/div>\n<\/div>\n<\/div>\n","protected":false},"excerpt":{"rendered":"<p>El Congreso Mundial Menonita compila estad\u00edsticas de las iglesias que est\u00e1n enraizadas en la Reforma Radical del siglo XVI en Europa, particularmente en el movimiento anabautista. Dicha familia de fe incluye 2,03 millones de creyentes bautizados de 87 pa\u00edses. Las cifras totales seg\u00fan la regi\u00f3n continental son las siguientes: \u00c1frica 45%, Asia y el Pac\u00edfico [&hellip;]<\/p>\n","protected":false},"author":1,"featured_media":0,"parent":0,"menu_order":0,"comment_status":"closed","ping_status":"closed","template":"wp-custom-template-map-embed-page","meta":{"_acf_changed":false,"footnotes":""},"class_list":["post-5726","page","type-page","status-publish","hentry"],"acf":[],"yoast_head":"<!-- This site is optimized with the Yoast SEO plugin v27.2 - https:\/\/yoast.com\/product\/yoast-seo-wordpress\/ -->\n<title>Mapa &amp; Estad\u00edsticas - Mennonite World Conference<\/title>\n<meta name=\"description\" content=\"El Congreso Mundial Menonita compila estad\u00edsticas de las iglesias que est\u00e1n enraizadas en la Reforma Radical del siglo XVI en Europa, particularmente en el movimiento anabautista. Dicha familia de fe incluye 2,13 millones de creyentes bautizados de 86 pa\u00edses.\" \/>\n<meta name=\"robots\" content=\"index, follow, max-snippet:-1, max-image-preview:large, max-video-preview:-1\" \/>\n<link rel=\"canonical\" href=\"https:\/\/mwc-cmm.org\/es\/mapa-estadisticas\/\" \/>\n<meta property=\"og:locale\" content=\"es_ES\" \/>\n<meta property=\"og:type\" content=\"article\" \/>\n<meta property=\"og:title\" content=\"Mapa &amp; Estad\u00edsticas - Mennonite World Conference\" \/>\n<meta property=\"og:description\" content=\"El Congreso Mundial Menonita compila estad\u00edsticas de las iglesias que est\u00e1n enraizadas en la Reforma Radical del siglo XVI en Europa, particularmente en el movimiento anabautista. Dicha familia de fe incluye 2,13 millones de creyentes bautizados de 86 pa\u00edses.\" \/>\n<meta property=\"og:url\" content=\"https:\/\/mwc-cmm.org\/es\/mapa-estadisticas\/\" \/>\n<meta property=\"og:site_name\" content=\"Mennonite World Conference\" \/>\n<meta property=\"article:publisher\" content=\"https:\/\/www.facebook.com\/MennoniteWorldConference\" \/>\n<meta property=\"article:modified_time\" content=\"2025-11-28T22:48:14+00:00\" \/>\n<script type=\"application\/ld+json\" class=\"yoast-schema-graph\">{\"@context\":\"https:\/\/schema.org\",\"@graph\":[{\"@type\":\"WebPage\",\"@id\":\"https:\/\/mwc-cmm.org\/es\/mapa-estadisticas\/\",\"url\":\"https:\/\/mwc-cmm.org\/es\/mapa-estadisticas\/\",\"name\":\"Mapa & Estad\u00edsticas - Mennonite World Conference\",\"isPartOf\":{\"@id\":\"https:\/\/mwc-cmm.org\/en\/#website\"},\"datePublished\":\"2019-07-29T00:00:00+00:00\",\"dateModified\":\"2025-11-28T22:48:14+00:00\",\"description\":\"El Congreso Mundial Menonita compila estad\u00edsticas de las iglesias que est\u00e1n enraizadas en la Reforma Radical del siglo XVI en Europa, particularmente en el movimiento anabautista. Dicha familia de fe incluye 2,13 millones de creyentes bautizados de 86 pa\u00edses.\",\"breadcrumb\":{\"@id\":\"https:\/\/mwc-cmm.org\/es\/mapa-estadisticas\/#breadcrumb\"},\"inLanguage\":\"es\",\"potentialAction\":[{\"@type\":\"ReadAction\",\"target\":[\"https:\/\/mwc-cmm.org\/es\/mapa-estadisticas\/\"]}]},{\"@type\":\"BreadcrumbList\",\"@id\":\"https:\/\/mwc-cmm.org\/es\/mapa-estadisticas\/#breadcrumb\",\"itemListElement\":[{\"@type\":\"ListItem\",\"position\":1,\"name\":\"Home\",\"item\":\"https:\/\/mwc-cmm.org\/es\/\"},{\"@type\":\"ListItem\",\"position\":2,\"name\":\"Mapa &#038; Estad\u00edsticas\"}]},{\"@type\":\"WebSite\",\"@id\":\"https:\/\/mwc-cmm.org\/en\/#website\",\"url\":\"https:\/\/mwc-cmm.org\/en\/\",\"name\":\"Mennonite World Conference\",\"description\":\"A communion of Anabaptist-related churches\",\"publisher\":{\"@id\":\"https:\/\/mwc-cmm.org\/en\/#organization\"},\"alternateName\":\"MWC\",\"potentialAction\":[{\"@type\":\"SearchAction\",\"target\":{\"@type\":\"EntryPoint\",\"urlTemplate\":\"https:\/\/mwc-cmm.org\/en\/?s={search_term_string}\"},\"query-input\":{\"@type\":\"PropertyValueSpecification\",\"valueRequired\":true,\"valueName\":\"search_term_string\"}}],\"inLanguage\":\"es\"},{\"@type\":\"Organization\",\"@id\":\"https:\/\/mwc-cmm.org\/en\/#organization\",\"name\":\"Mennonite World Conference\",\"alternateName\":\"MWC\",\"url\":\"https:\/\/mwc-cmm.org\/en\/\",\"logo\":{\"@type\":\"ImageObject\",\"inLanguage\":\"es\",\"@id\":\"https:\/\/mwc-cmm.org\/en\/#\/schema\/logo\/image\/\",\"url\":\"https:\/\/mwc-cmm.org\/wp-content\/uploads\/2026\/01\/MWC_Sig_Blue_Horiz_webheader1-logo.svg\",\"contentUrl\":\"https:\/\/mwc-cmm.org\/wp-content\/uploads\/2026\/01\/MWC_Sig_Blue_Horiz_webheader1-logo.svg\",\"width\":786,\"height\":82,\"caption\":\"Mennonite World Conference\"},\"image\":{\"@id\":\"https:\/\/mwc-cmm.org\/en\/#\/schema\/logo\/image\/\"},\"sameAs\":[\"https:\/\/www.facebook.com\/MennoniteWorldConference\",\"https:\/\/www.linkedin.com\/company\/mennonite-world-conference-mwc\/\",\"https:\/\/www.instagram.com\/mwcmm\/\",\"https:\/\/www.youtube.com\/user\/mwccmm\",\"https:\/\/bsky.app\/profile\/mwcmm.bsky.social\"]}]}<\/script>\n<!-- \/ Yoast SEO plugin. -->","yoast_head_json":{"title":"Mapa & Estad\u00edsticas - Mennonite World Conference","description":"El Congreso Mundial Menonita compila estad\u00edsticas de las iglesias que est\u00e1n enraizadas en la Reforma Radical del siglo XVI en Europa, particularmente en el movimiento anabautista. Dicha familia de fe incluye 2,13 millones de creyentes bautizados de 86 pa\u00edses.","robots":{"index":"index","follow":"follow","max-snippet":"max-snippet:-1","max-image-preview":"max-image-preview:large","max-video-preview":"max-video-preview:-1"},"canonical":"https:\/\/mwc-cmm.org\/es\/mapa-estadisticas\/","og_locale":"es_ES","og_type":"article","og_title":"Mapa & Estad\u00edsticas - Mennonite World Conference","og_description":"El Congreso Mundial Menonita compila estad\u00edsticas de las iglesias que est\u00e1n enraizadas en la Reforma Radical del siglo XVI en Europa, particularmente en el movimiento anabautista. Dicha familia de fe incluye 2,13 millones de creyentes bautizados de 86 pa\u00edses.","og_url":"https:\/\/mwc-cmm.org\/es\/mapa-estadisticas\/","og_site_name":"Mennonite World Conference","article_publisher":"https:\/\/www.facebook.com\/MennoniteWorldConference","article_modified_time":"2025-11-28T22:48:14+00:00","schema":{"@context":"https:\/\/schema.org","@graph":[{"@type":"WebPage","@id":"https:\/\/mwc-cmm.org\/es\/mapa-estadisticas\/","url":"https:\/\/mwc-cmm.org\/es\/mapa-estadisticas\/","name":"Mapa & Estad\u00edsticas - Mennonite World Conference","isPartOf":{"@id":"https:\/\/mwc-cmm.org\/en\/#website"},"datePublished":"2019-07-29T00:00:00+00:00","dateModified":"2025-11-28T22:48:14+00:00","description":"El Congreso Mundial Menonita compila estad\u00edsticas de las iglesias que est\u00e1n enraizadas en la Reforma Radical del siglo XVI en Europa, particularmente en el movimiento anabautista. Dicha familia de fe incluye 2,13 millones de creyentes bautizados de 86 pa\u00edses.","breadcrumb":{"@id":"https:\/\/mwc-cmm.org\/es\/mapa-estadisticas\/#breadcrumb"},"inLanguage":"es","potentialAction":[{"@type":"ReadAction","target":["https:\/\/mwc-cmm.org\/es\/mapa-estadisticas\/"]}]},{"@type":"BreadcrumbList","@id":"https:\/\/mwc-cmm.org\/es\/mapa-estadisticas\/#breadcrumb","itemListElement":[{"@type":"ListItem","position":1,"name":"Home","item":"https:\/\/mwc-cmm.org\/es\/"},{"@type":"ListItem","position":2,"name":"Mapa &#038; Estad\u00edsticas"}]},{"@type":"WebSite","@id":"https:\/\/mwc-cmm.org\/en\/#website","url":"https:\/\/mwc-cmm.org\/en\/","name":"Mennonite World Conference","description":"A communion of Anabaptist-related churches","publisher":{"@id":"https:\/\/mwc-cmm.org\/en\/#organization"},"alternateName":"MWC","potentialAction":[{"@type":"SearchAction","target":{"@type":"EntryPoint","urlTemplate":"https:\/\/mwc-cmm.org\/en\/?s={search_term_string}"},"query-input":{"@type":"PropertyValueSpecification","valueRequired":true,"valueName":"search_term_string"}}],"inLanguage":"es"},{"@type":"Organization","@id":"https:\/\/mwc-cmm.org\/en\/#organization","name":"Mennonite World Conference","alternateName":"MWC","url":"https:\/\/mwc-cmm.org\/en\/","logo":{"@type":"ImageObject","inLanguage":"es","@id":"https:\/\/mwc-cmm.org\/en\/#\/schema\/logo\/image\/","url":"https:\/\/mwc-cmm.org\/wp-content\/uploads\/2026\/01\/MWC_Sig_Blue_Horiz_webheader1-logo.svg","contentUrl":"https:\/\/mwc-cmm.org\/wp-content\/uploads\/2026\/01\/MWC_Sig_Blue_Horiz_webheader1-logo.svg","width":786,"height":82,"caption":"Mennonite World Conference"},"image":{"@id":"https:\/\/mwc-cmm.org\/en\/#\/schema\/logo\/image\/"},"sameAs":["https:\/\/www.facebook.com\/MennoniteWorldConference","https:\/\/www.linkedin.com\/company\/mennonite-world-conference-mwc\/","https:\/\/www.instagram.com\/mwcmm\/","https:\/\/www.youtube.com\/user\/mwccmm","https:\/\/bsky.app\/profile\/mwcmm.bsky.social"]}]}},"_links":{"self":[{"href":"https:\/\/mwc-cmm.org\/es\/wp-json\/wp\/v2\/pages\/5726","targetHints":{"allow":["GET"]}}],"collection":[{"href":"https:\/\/mwc-cmm.org\/es\/wp-json\/wp\/v2\/pages"}],"about":[{"href":"https:\/\/mwc-cmm.org\/es\/wp-json\/wp\/v2\/types\/page"}],"author":[{"embeddable":true,"href":"https:\/\/mwc-cmm.org\/es\/wp-json\/wp\/v2\/users\/1"}],"replies":[{"embeddable":true,"href":"https:\/\/mwc-cmm.org\/es\/wp-json\/wp\/v2\/comments?post=5726"}],"version-history":[{"count":0,"href":"https:\/\/mwc-cmm.org\/es\/wp-json\/wp\/v2\/pages\/5726\/revisions"}],"wp:attachment":[{"href":"https:\/\/mwc-cmm.org\/es\/wp-json\/wp\/v2\/media?parent=5726"}],"curies":[{"name":"wp","href":"https:\/\/api.w.org\/{rel}","templated":true}]}}