{"id":5725,"date":"2019-07-29T00:00:00","date_gmt":"2019-07-29T00:00:00","guid":{"rendered":"https:\/\/mwc-cmm.org\/shared-convictions-2\/"},"modified":"2026-01-07T02:19:30","modified_gmt":"2026-01-07T02:19:30","slug":"convicciones-compartidas","status":"publish","type":"page","link":"https:\/\/mwc-cmm.org\/es\/convicciones-compartidas\/","title":{"rendered":"Convicciones Compartidas"},"content":{"rendered":"\n<div class=\"wp-block-columns is-layout-flex wp-container-core-columns-is-layout-28f84493 wp-block-columns-is-layout-flex\">\n<div class=\"wp-block-column is-layout-flow wp-block-column-is-layout-flow\" style=\"flex-basis:66.66%\">\n<p>Por la gracia de Dios procuramos vivir y proclamar la buena nueva de reconciliaci\u00f3n en Jesucristo. Como parte del cuerpo unido de Cristo en todo tiempo y lugar, declaramos que las siguientes afirmaciones son la esencia de nuestra fe y pr\u00e1ctica:<\/p>\n\n\n\n<ol class=\"wp-block-list\">\n<li>Conocemos a Dios como Padre, Hijo, y Esp\u00edritu Santo, el Creador que tiene el prop\u00f3sito de restaurar a la humanidad ca\u00edda convocando a un pueblo y llam\u00e1ndolo a ser fiel en fraternidad, adoraci\u00f3n, servicio y testimonio.<\/li>\n\n\n\n<li>Jes\u00fas es el Hijo de Dios. Por medio de su vida y ense\u00f1anzas, su cruz y su resurrecci\u00f3n, nos mostr\u00f3 c\u00f3mo ser disc\u00edpulos fieles, redimi\u00f3 al mundo, y ofrece vida eterna.<\/li>\n\n\n\n<li>Como iglesia, somos una comunidad de aquellos a quienes el Esp\u00edritu de Dios llama a abandonar el pecado, reconocer que Jesucristo es Se\u00f1or, recibir el bautismo previa confesi\u00f3n de fe, y seguir a Cristo en la vida.<\/li>\n\n\n\n<li>Como comunidad de fe, aceptamos que la Biblia es nuestra autoridad para la fe y la vida, interpret\u00e1ndola juntos bajo la gu\u00eda del Esp\u00edritu Santo a la luz de Jesucristo, para discernir la voluntad de Dios y obedecerla.<\/li>\n\n\n\n<li>El Esp\u00edritu de Jes\u00fas nos llena de poder para confiar en Dios en todos los aspectos de la vida, de manera que lleguemos a ser hacedores de paz que renunciamos a la violencia, amamos a nuestros enemigos, procuramos justicia, y compartimos nuestras posesiones con los necesitados.<\/li>\n\n\n\n<li>Nos reunimos regularmente para adorar, para celebrar la Cena del Se\u00f1or, y para escuchar la Palabra de Dios, dispuestos a dar cuenta unos a otros de nuestros actos.<\/li>\n\n\n\n<li>Como comunidad mundial de fe y vida trascendemos fronteras de nacionalidad, raza, clase social, g\u00e9nero e idioma, y procuramos vivir en el mundo sin conformarnos a los poderes del mal, dando testimonio de la gracia de Dios por medio del servicio a los dem\u00e1s, cuidando de la creaci\u00f3n, e invitando a toda la humanidad a conocer a Jesucristo como Salvador y Se\u00f1or.<\/li>\n<\/ol>\n\n\n\n<p>Estas convicciones est\u00e1n inspiradas en la fe de nuestros antepasados anabautistas del siglo XVI, quienes fueron ejemplo del discipulado radical de Jesucristo. Procuramos caminar en su nombre por el poder del Esp\u00edritu Santo, esperando confiadamente el regreso de Cristo y el establecimiento definitivo del reino de Dios.<\/p>\n\n\n\n<p>Aprobadas por el Concilio General del Congreso Mundial Pasadena, California, USA<br>15 de marzo 2006.<\/p>\n\n\n\n<p><a href=\"https:\/\/mwc-cmm.org\/es\/resources\/convicciones-compartidas-2022\/\">Haga clic aqu\u00ed<\/a>&nbsp;para ver el afiche de&nbsp;<strong>Convicciones&nbsp;Compartidas 2022<\/strong>.&nbsp;<\/p>\n\n\n\n<p><a href=\"https:\/\/mwc-cmm.org\/es\/resources\/folleto-de-convicciones-compartidas-2022\/\">Haga clic aqu\u00ed<\/a>&nbsp; para ver el folleto de&nbsp;<strong>Convicciones Compartidas 2022<\/strong><\/p>\n<\/div>\n\n\n\n<div class=\"wp-block-column is-layout-flow wp-block-column-is-layout-flow\" style=\"flex-basis:33.33%\">\n<figure class=\"wp-block-image size-full\"><a href=\"https:\/\/mwc-cmm.org\/es\/resources\/convicciones-compartidas-2022\/\"><img decoding=\"async\" width=\"442\" height=\"1024\" data-src=\"https:\/\/mwc-cmm.org\/wp-content\/uploads\/2024\/11\/website_web_banner_2-1-442x1024-1.jpg\" alt=\"\" class=\"wp-image-64297 lazyload\" data-srcset=\"https:\/\/mwc-cmm.org\/wp-content\/uploads\/2024\/11\/website_web_banner_2-1-442x1024-1.jpg 442w, https:\/\/mwc-cmm.org\/wp-content\/uploads\/2024\/11\/website_web_banner_2-1-442x1024-1-129x300.jpg 129w\" data-sizes=\"(max-width: 442px) 100vw, 442px\" src=\"data:image\/svg+xml;base64,PHN2ZyB3aWR0aD0iMSIgaGVpZ2h0PSIxIiB4bWxucz0iaHR0cDovL3d3dy53My5vcmcvMjAwMC9zdmciPjwvc3ZnPg==\" style=\"--smush-placeholder-width: 442px; --smush-placeholder-aspect-ratio: 442\/1024;\" \/><\/a><\/figure>\n<\/div>\n<\/div>\n\n\n\n<div class=\"wp-block-buttons is-layout-flex wp-block-buttons-is-layout-flex\">\n<div class=\"wp-block-button\"><a class=\"wp-block-button__link wp-element-button\">Presentaci\u00f3n de las Convicciones Compartidas<\/a><\/div>\n<\/div>\n\n\n\n<p><\/p>\n","protected":false},"excerpt":{"rendered":"<p>Por la gracia de Dios procuramos vivir y proclamar la buena nueva de reconciliaci\u00f3n en Jesucristo. Como parte del cuerpo unido de Cristo en todo tiempo y lugar, declaramos que las siguientes afirmaciones son la esencia de nuestra fe y pr\u00e1ctica: Estas convicciones est\u00e1n inspiradas en la fe de nuestros antepasados anabautistas del siglo XVI, [&hellip;]<\/p>\n","protected":false},"author":1,"featured_media":0,"parent":0,"menu_order":0,"comment_status":"closed","ping_status":"closed","template":"","meta":{"_acf_changed":false,"footnotes":""},"class_list":["post-5725","page","type-page","status-publish","hentry"],"acf":[],"yoast_head":"<!-- This site is optimized with the Yoast SEO plugin v27.5 - https:\/\/yoast.com\/product\/yoast-seo-wordpress\/ -->\n<title>Convicciones Compartidas - Mennonite World Conference<\/title>\n<meta name=\"robots\" content=\"index, follow, max-snippet:-1, max-image-preview:large, max-video-preview:-1\" \/>\n<link rel=\"canonical\" href=\"https:\/\/mwc-cmm.org\/es\/convicciones-compartidas\/\" \/>\n<meta property=\"og:locale\" content=\"es_ES\" \/>\n<meta property=\"og:type\" content=\"article\" \/>\n<meta property=\"og:title\" content=\"Convicciones Compartidas - Mennonite World Conference\" \/>\n<meta property=\"og:description\" content=\"Por la gracia de Dios procuramos vivir y proclamar la buena nueva de reconciliaci\u00f3n en Jesucristo. Como parte del cuerpo unido de Cristo en todo tiempo y lugar, declaramos que las siguientes afirmaciones son la esencia de nuestra fe y pr\u00e1ctica: Estas convicciones est\u00e1n inspiradas en la fe de nuestros antepasados anabautistas del siglo XVI, [&hellip;]\" \/>\n<meta property=\"og:url\" content=\"https:\/\/mwc-cmm.org\/es\/convicciones-compartidas\/\" \/>\n<meta property=\"og:site_name\" content=\"Mennonite World Conference\" \/>\n<meta property=\"article:publisher\" content=\"https:\/\/www.facebook.com\/MennoniteWorldConference\" \/>\n<meta property=\"article:modified_time\" content=\"2026-01-07T02:19:30+00:00\" \/>\n<meta property=\"og:image\" content=\"https:\/\/mwc-cmm.org\/wp-content\/uploads\/2024\/11\/website_web_banner_2-1-442x1024-1.jpg\" \/>\n\t<meta property=\"og:image:width\" content=\"442\" \/>\n\t<meta property=\"og:image:height\" content=\"1024\" \/>\n\t<meta property=\"og:image:type\" content=\"image\/jpeg\" \/>\n<script type=\"application\/ld+json\" class=\"yoast-schema-graph\">{\"@context\":\"https:\\\/\\\/schema.org\",\"@graph\":[{\"@type\":\"WebPage\",\"@id\":\"https:\\\/\\\/mwc-cmm.org\\\/es\\\/convicciones-compartidas\\\/\",\"url\":\"https:\\\/\\\/mwc-cmm.org\\\/es\\\/convicciones-compartidas\\\/\",\"name\":\"Convicciones Compartidas - Mennonite World Conference\",\"isPartOf\":{\"@id\":\"https:\\\/\\\/mwc-cmm.org\\\/en\\\/#website\"},\"primaryImageOfPage\":{\"@id\":\"https:\\\/\\\/mwc-cmm.org\\\/es\\\/convicciones-compartidas\\\/#primaryimage\"},\"image\":{\"@id\":\"https:\\\/\\\/mwc-cmm.org\\\/es\\\/convicciones-compartidas\\\/#primaryimage\"},\"thumbnailUrl\":\"https:\\\/\\\/mwc-cmm.org\\\/wp-content\\\/uploads\\\/2024\\\/11\\\/website_web_banner_2-1-442x1024-1.jpg\",\"datePublished\":\"2019-07-29T00:00:00+00:00\",\"dateModified\":\"2026-01-07T02:19:30+00:00\",\"breadcrumb\":{\"@id\":\"https:\\\/\\\/mwc-cmm.org\\\/es\\\/convicciones-compartidas\\\/#breadcrumb\"},\"inLanguage\":\"es\",\"potentialAction\":[{\"@type\":\"ReadAction\",\"target\":[\"https:\\\/\\\/mwc-cmm.org\\\/es\\\/convicciones-compartidas\\\/\"]}]},{\"@type\":\"ImageObject\",\"inLanguage\":\"es\",\"@id\":\"https:\\\/\\\/mwc-cmm.org\\\/es\\\/convicciones-compartidas\\\/#primaryimage\",\"url\":\"https:\\\/\\\/mwc-cmm.org\\\/wp-content\\\/uploads\\\/2024\\\/11\\\/website_web_banner_2-1-442x1024-1.jpg\",\"contentUrl\":\"https:\\\/\\\/mwc-cmm.org\\\/wp-content\\\/uploads\\\/2024\\\/11\\\/website_web_banner_2-1-442x1024-1.jpg\"},{\"@type\":\"BreadcrumbList\",\"@id\":\"https:\\\/\\\/mwc-cmm.org\\\/es\\\/convicciones-compartidas\\\/#breadcrumb\",\"itemListElement\":[{\"@type\":\"ListItem\",\"position\":1,\"name\":\"Home\",\"item\":\"https:\\\/\\\/mwc-cmm.org\\\/es\\\/\"},{\"@type\":\"ListItem\",\"position\":2,\"name\":\"Convicciones Compartidas\"}]},{\"@type\":\"WebSite\",\"@id\":\"https:\\\/\\\/mwc-cmm.org\\\/en\\\/#website\",\"url\":\"https:\\\/\\\/mwc-cmm.org\\\/en\\\/\",\"name\":\"Mennonite World Conference\",\"description\":\"A communion of Anabaptist-related churches\",\"publisher\":{\"@id\":\"https:\\\/\\\/mwc-cmm.org\\\/en\\\/#organization\"},\"alternateName\":\"MWC\",\"potentialAction\":[{\"@type\":\"SearchAction\",\"target\":{\"@type\":\"EntryPoint\",\"urlTemplate\":\"https:\\\/\\\/mwc-cmm.org\\\/en\\\/?s={search_term_string}\"},\"query-input\":{\"@type\":\"PropertyValueSpecification\",\"valueRequired\":true,\"valueName\":\"search_term_string\"}}],\"inLanguage\":\"es\"},{\"@type\":\"Organization\",\"@id\":\"https:\\\/\\\/mwc-cmm.org\\\/en\\\/#organization\",\"name\":\"Mennonite World Conference\",\"alternateName\":\"MWC\",\"url\":\"https:\\\/\\\/mwc-cmm.org\\\/en\\\/\",\"logo\":{\"@type\":\"ImageObject\",\"inLanguage\":\"es\",\"@id\":\"https:\\\/\\\/mwc-cmm.org\\\/en\\\/#\\\/schema\\\/logo\\\/image\\\/\",\"url\":\"https:\\\/\\\/mwc-cmm.org\\\/wp-content\\\/uploads\\\/2026\\\/01\\\/MWC_Sig_Blue_Horiz_webheader1-logo.svg\",\"contentUrl\":\"https:\\\/\\\/mwc-cmm.org\\\/wp-content\\\/uploads\\\/2026\\\/01\\\/MWC_Sig_Blue_Horiz_webheader1-logo.svg\",\"width\":786,\"height\":82,\"caption\":\"Mennonite World Conference\"},\"image\":{\"@id\":\"https:\\\/\\\/mwc-cmm.org\\\/en\\\/#\\\/schema\\\/logo\\\/image\\\/\"},\"sameAs\":[\"https:\\\/\\\/www.facebook.com\\\/MennoniteWorldConference\",\"https:\\\/\\\/www.linkedin.com\\\/company\\\/mennonite-world-conference-mwc\\\/\",\"https:\\\/\\\/www.instagram.com\\\/mwcmm\\\/\",\"https:\\\/\\\/www.youtube.com\\\/user\\\/mwccmm\",\"https:\\\/\\\/bsky.app\\\/profile\\\/mwcmm.bsky.social\"]}]}<\/script>\n<!-- \/ Yoast SEO plugin. -->","yoast_head_json":{"title":"Convicciones Compartidas - Mennonite World Conference","robots":{"index":"index","follow":"follow","max-snippet":"max-snippet:-1","max-image-preview":"max-image-preview:large","max-video-preview":"max-video-preview:-1"},"canonical":"https:\/\/mwc-cmm.org\/es\/convicciones-compartidas\/","og_locale":"es_ES","og_type":"article","og_title":"Convicciones Compartidas - Mennonite World Conference","og_description":"Por la gracia de Dios procuramos vivir y proclamar la buena nueva de reconciliaci\u00f3n en Jesucristo. Como parte del cuerpo unido de Cristo en todo tiempo y lugar, declaramos que las siguientes afirmaciones son la esencia de nuestra fe y pr\u00e1ctica: Estas convicciones est\u00e1n inspiradas en la fe de nuestros antepasados anabautistas del siglo XVI, [&hellip;]","og_url":"https:\/\/mwc-cmm.org\/es\/convicciones-compartidas\/","og_site_name":"Mennonite World Conference","article_publisher":"https:\/\/www.facebook.com\/MennoniteWorldConference","article_modified_time":"2026-01-07T02:19:30+00:00","og_image":[{"width":442,"height":1024,"url":"https:\/\/mwc-cmm.org\/wp-content\/uploads\/2024\/11\/website_web_banner_2-1-442x1024-1.jpg","type":"image\/jpeg"}],"schema":{"@context":"https:\/\/schema.org","@graph":[{"@type":"WebPage","@id":"https:\/\/mwc-cmm.org\/es\/convicciones-compartidas\/","url":"https:\/\/mwc-cmm.org\/es\/convicciones-compartidas\/","name":"Convicciones Compartidas - Mennonite World Conference","isPartOf":{"@id":"https:\/\/mwc-cmm.org\/en\/#website"},"primaryImageOfPage":{"@id":"https:\/\/mwc-cmm.org\/es\/convicciones-compartidas\/#primaryimage"},"image":{"@id":"https:\/\/mwc-cmm.org\/es\/convicciones-compartidas\/#primaryimage"},"thumbnailUrl":"https:\/\/mwc-cmm.org\/wp-content\/uploads\/2024\/11\/website_web_banner_2-1-442x1024-1.jpg","datePublished":"2019-07-29T00:00:00+00:00","dateModified":"2026-01-07T02:19:30+00:00","breadcrumb":{"@id":"https:\/\/mwc-cmm.org\/es\/convicciones-compartidas\/#breadcrumb"},"inLanguage":"es","potentialAction":[{"@type":"ReadAction","target":["https:\/\/mwc-cmm.org\/es\/convicciones-compartidas\/"]}]},{"@type":"ImageObject","inLanguage":"es","@id":"https:\/\/mwc-cmm.org\/es\/convicciones-compartidas\/#primaryimage","url":"https:\/\/mwc-cmm.org\/wp-content\/uploads\/2024\/11\/website_web_banner_2-1-442x1024-1.jpg","contentUrl":"https:\/\/mwc-cmm.org\/wp-content\/uploads\/2024\/11\/website_web_banner_2-1-442x1024-1.jpg"},{"@type":"BreadcrumbList","@id":"https:\/\/mwc-cmm.org\/es\/convicciones-compartidas\/#breadcrumb","itemListElement":[{"@type":"ListItem","position":1,"name":"Home","item":"https:\/\/mwc-cmm.org\/es\/"},{"@type":"ListItem","position":2,"name":"Convicciones Compartidas"}]},{"@type":"WebSite","@id":"https:\/\/mwc-cmm.org\/en\/#website","url":"https:\/\/mwc-cmm.org\/en\/","name":"Mennonite World Conference","description":"A communion of Anabaptist-related churches","publisher":{"@id":"https:\/\/mwc-cmm.org\/en\/#organization"},"alternateName":"MWC","potentialAction":[{"@type":"SearchAction","target":{"@type":"EntryPoint","urlTemplate":"https:\/\/mwc-cmm.org\/en\/?s={search_term_string}"},"query-input":{"@type":"PropertyValueSpecification","valueRequired":true,"valueName":"search_term_string"}}],"inLanguage":"es"},{"@type":"Organization","@id":"https:\/\/mwc-cmm.org\/en\/#organization","name":"Mennonite World Conference","alternateName":"MWC","url":"https:\/\/mwc-cmm.org\/en\/","logo":{"@type":"ImageObject","inLanguage":"es","@id":"https:\/\/mwc-cmm.org\/en\/#\/schema\/logo\/image\/","url":"https:\/\/mwc-cmm.org\/wp-content\/uploads\/2026\/01\/MWC_Sig_Blue_Horiz_webheader1-logo.svg","contentUrl":"https:\/\/mwc-cmm.org\/wp-content\/uploads\/2026\/01\/MWC_Sig_Blue_Horiz_webheader1-logo.svg","width":786,"height":82,"caption":"Mennonite World Conference"},"image":{"@id":"https:\/\/mwc-cmm.org\/en\/#\/schema\/logo\/image\/"},"sameAs":["https:\/\/www.facebook.com\/MennoniteWorldConference","https:\/\/www.linkedin.com\/company\/mennonite-world-conference-mwc\/","https:\/\/www.instagram.com\/mwcmm\/","https:\/\/www.youtube.com\/user\/mwccmm","https:\/\/bsky.app\/profile\/mwcmm.bsky.social"]}]}},"_links":{"self":[{"href":"https:\/\/mwc-cmm.org\/es\/wp-json\/wp\/v2\/pages\/5725","targetHints":{"allow":["GET"]}}],"collection":[{"href":"https:\/\/mwc-cmm.org\/es\/wp-json\/wp\/v2\/pages"}],"about":[{"href":"https:\/\/mwc-cmm.org\/es\/wp-json\/wp\/v2\/types\/page"}],"author":[{"embeddable":true,"href":"https:\/\/mwc-cmm.org\/es\/wp-json\/wp\/v2\/users\/1"}],"replies":[{"embeddable":true,"href":"https:\/\/mwc-cmm.org\/es\/wp-json\/wp\/v2\/comments?post=5725"}],"version-history":[{"count":0,"href":"https:\/\/mwc-cmm.org\/es\/wp-json\/wp\/v2\/pages\/5725\/revisions"}],"wp:attachment":[{"href":"https:\/\/mwc-cmm.org\/es\/wp-json\/wp\/v2\/media?parent=5725"}],"curies":[{"name":"wp","href":"https:\/\/api.w.org\/{rel}","templated":true}]}}