{"id":5724,"date":"2019-07-29T00:00:00","date_gmt":"2019-07-29T00:00:00","guid":{"rendered":"https:\/\/mwc-cmm.org\/vision-and-mission-2\/"},"modified":"2024-12-10T20:49:51","modified_gmt":"2024-12-10T20:49:51","slug":"vision-y-mision","status":"publish","type":"page","link":"https:\/\/mwc-cmm.org\/es\/vision-y-mision\/","title":{"rendered":"Visi\u00f3n y Misi\u00f3n"},"content":{"rendered":"\n<div class=\"wp-block-columns alignwide is-layout-flex wp-container-core-columns-is-layout-7fc3d43a wp-block-columns-is-layout-flex\">\n<div class=\"wp-block-column is-layout-flow wp-block-column-is-layout-flow\">\n<h2 class=\"wp-block-heading is-style-green-eyebrow\">Vision<\/h2>\n\n\n\n<p>El Congreso Mundial Menonita est\u00e1 llamado a ser una comuni\u00f3n (koinon\u00eda) de iglesias afines al anabautismo, vinculadas entre s\u00ed en una comunidad mundial de fe para fraternizar, adorar, servir y testificar.<\/p>\n\n\n\n<h2 class=\"wp-block-heading is-style-yellow-eyebrow\">Misi\u00f3n <\/h2>\n\n\n\n<p>El Congreso Mundial Menonita existe<\/p>\n\n\n\n<p>(1) para ser una comunidad mundial de fe de tradici\u00f3n anabautista,<\/p>\n\n\n\n<p>(2) facilitar los v\u00ednculos entre iglesias afines al anabautismo a nivel mundial, y<\/p>\n\n\n\n<p>(3) relacionarse con otras confesiones y organizaciones cristianas mundiales.<\/p>\n\n\n\n<div class=\"wp-block-buttons is-layout-flex wp-block-buttons-is-layout-flex\">\n<div class=\"wp-block-button\"><a class=\"wp-block-button__link wp-element-button\" href=\"https:\/\/mwc-cmm.org\/wp-content\/uploads\/2024\/11\/vision_mission_eng_1.pdf\">Visi\u00f3n y misi\u00f3n en PDF<\/a><\/div>\n<\/div>\n\n\n\n<p>&nbsp;<\/p>\n\n\n\n<p><em>MWC <a href=\"https:\/\/mwc-cmm.org\/en\/resources\/mission-vision-pdf\">Vision, Mission<\/a> and <a href=\"\/shared-convictions\">Shared Convictions<\/a> also available in <a href=\"\/sites\/default\/files\/website_files\/mwc_vision_mission_shared_convictions_afrikaans.pdf\">Afrikaans<\/a> and <a href=\"\/sites\/default\/files\/website_files\/mwc_vision_mission_shared_convictions_chichewa.pdf\">Chichewa<\/a>.<\/em><\/p>\n<\/div>\n\n\n\n<div class=\"wp-block-column is-layout-flow wp-block-column-is-layout-flow\">\n<figure class=\"wp-block-image aligncenter size-large\"><img decoding=\"async\" width=\"1024\" height=\"697\" data-src=\"https:\/\/mwc-cmm.org\/wp-content\/uploads\/2024\/11\/bible-study-1024x697.png\" alt=\"bible with highlighted passages\" class=\"wp-image-15014 lazyload\" data-srcset=\"https:\/\/mwc-cmm.org\/wp-content\/uploads\/2024\/11\/bible-study-1024x697.png 1024w, https:\/\/mwc-cmm.org\/wp-content\/uploads\/2024\/11\/bible-study-300x204.png 300w, https:\/\/mwc-cmm.org\/wp-content\/uploads\/2024\/11\/bible-study-768x523.png 768w, https:\/\/mwc-cmm.org\/wp-content\/uploads\/2024\/11\/bible-study.png 1172w\" data-sizes=\"(max-width: 1024px) 100vw, 1024px\" src=\"data:image\/svg+xml;base64,PHN2ZyB3aWR0aD0iMSIgaGVpZ2h0PSIxIiB4bWxucz0iaHR0cDovL3d3dy53My5vcmcvMjAwMC9zdmciPjwvc3ZnPg==\" style=\"--smush-placeholder-width: 1024px; --smush-placeholder-aspect-ratio: 1024\/697;\" \/><\/figure>\n<\/div>\n<\/div>\n\n\n\n<h2 class=\"wp-block-heading alignwide is-style-cyan-eyebrow\">Convicciones Compartidas<\/h2>\n\n\n\n<div class=\"wp-block-columns alignwide is-layout-flex wp-container-core-columns-is-layout-7fc3d43a wp-block-columns-is-layout-flex\">\n<div class=\"wp-block-column is-layout-flow wp-block-column-is-layout-flow\" style=\"flex-basis:75%\">\n<p>Por la gracia de Dios procuramos vivir y proclamar la buena nueva de reconciliaci\u00f3n en Jesucristo. Como parte del cuerpo unido de Cristo en todo tiempo y lugar, declaramos que las siguientes afirmaciones son la esencia de nuestra fe y pr\u00e1ctica.<\/p>\n\n\n\n<ol class=\"wp-block-list\">\n<li>Conocemos a Dios como Padre, Hijo, y Esp\u00edritu Santo, el Creador que tiene el prop\u00f3sito de restaurar a la humanidad ca\u00edda convocando a un pueblo y llam\u00e1ndolo a ser fiel en fraternidad, adoraci\u00f3n, servicio y testimonio.<\/li>\n\n\n\n<li>Jes\u00fas es el Hijo de Dios. Por medio de su vida y ense\u00f1anzas, su cruz y su resurrecci\u00f3n, nos mostr\u00f3 c\u00f3mo ser disc\u00edpulos fieles, redimi\u00f3 al mundo, y ofrece vida eterna.<\/li>\n\n\n\n<li>Como iglesia, somos una comunidad de aquellos a quienes el Esp\u00edritu de Dios llama a abandonar el pecado, reconocer que Jesucristo es Se\u00f1or, recibir el bautismo previa confesi\u00f3n de fe, y seguir a Cristo en la vida.<\/li>\n\n\n\n<li>Como comunidad de fe, aceptamos que la Biblia es nuestra autoridad para la fe y la vida, interpret\u00e1ndola juntos bajo la gu\u00eda del Esp\u00edritu Santo a la luz de Jesucristo, para discernir la voluntad de Dios y obedecerla.<\/li>\n\n\n\n<li>El Esp\u00edritu de Jes\u00fas nos llena de poder para confiar en Dios en todos los aspectos de la vida, de manera que lleguemos a ser hacedores de paz que renunciamos a la violencia, amamos a nuestros enemigos, procuramos justicia, y compartimos nuestras posesiones con los necesitados.<\/li>\n\n\n\n<li>Nos reunimos regularmente para adorar, para celebrar la Cena del Se\u00f1or, y para escuchar la Palabra de Dios, dispuestos a dar cuenta unos a otros de nuestros actos.<\/li>\n\n\n\n<li>Como comunidad mundial de fe y vida trascendemos fronteras de nacionalidad, raza, clase social, g\u00e9nero e idioma, y procuramos vivir en el mundo sin conformarnos a los poderes del mal, dando testimonio de la gracia de Dios por medio del servicio a los dem\u00e1s, cuidando de la creaci\u00f3n, e invitando a toda la humanidad a conocer a Jesucristo como Salvador y Se\u00f1or.<\/li>\n<\/ol>\n\n\n\n<p>Estas convicciones est\u00e1n inspiradas en la fe de nuestros antepasados anabautistas del siglo XVI, quienes fueron ejemplo del discipulado radical de Jesucristo. Procuramos caminar en su nombre por el poder del Esp\u00edritu Santo, esperando confiadamente el regreso de Cristo y el establecimiento definitivo del reino de Dios.<\/p>\n\n\n\n<p><em>Aprobadas por el Concilio General del Congreso Mundial Pasadena, California, EE. UU.<br>15 de marzo 2006<\/em><\/p>\n<\/div>\n\n\n\n<div class=\"wp-block-column is-layout-flow wp-block-column-is-layout-flow\" style=\"flex-basis:25%\">\n<div class=\"wp-block-buttons is-layout-flex wp-block-buttons-is-layout-flex\">\n<div class=\"wp-block-button\"><a class=\"wp-block-button__link wp-element-button\" href=\"https:\/\/mwc-cmm.org\/es\/convicciones-compartidas\/\">Afiche de Convicciones Compartidas<\/a><\/div>\n<\/div>\n\n\n\n<div class=\"wp-block-buttons is-layout-flex wp-block-buttons-is-layout-flex\">\n<div class=\"wp-block-button\"><a class=\"wp-block-button__link wp-element-button\" href=\"https:\/\/mwc-cmm.org\/es\/resources\/convicciones-compartidas-2022\/\">Folleto de Convicciones Compartidas<\/a><\/div>\n<\/div>\n\n\n\n<div class=\"wp-block-buttons is-layout-flex wp-block-buttons-is-layout-flex\">\n<div class=\"wp-block-button\"><a class=\"wp-block-button__link wp-element-button\" href=\"https:\/\/mwc-cmm.org\/es\/correo\/\">Correo<\/a><\/div>\n<\/div>\n\n\n\n<div class=\"wp-block-buttons is-layout-flex wp-block-buttons-is-layout-flex\">\n<div class=\"wp-block-button\"><a class=\"wp-block-button__link wp-element-button\" href=\"https:\/\/mwc-cmm.org\/en\/resources\/what-we-believe-together-2015\/\">The shared convictions In &#8216;What We Believe Together&#8217; by Alfred Neufeld Friesen<\/a><\/div>\n<\/div>\n\n\n\n<p><\/p>\n<\/div>\n<\/div>\n\n\n\n<p><\/p>\n","protected":false},"excerpt":{"rendered":"<p>Vision El Congreso Mundial Menonita est\u00e1 llamado a ser una comuni\u00f3n (koinon\u00eda) de iglesias afines al anabautismo, vinculadas entre s\u00ed en una comunidad mundial de fe para fraternizar, adorar, servir y testificar. Misi\u00f3n El Congreso Mundial Menonita existe (1) para ser una comunidad mundial de fe de tradici\u00f3n anabautista, (2) facilitar los v\u00ednculos entre iglesias [&hellip;]<\/p>\n","protected":false},"author":1,"featured_media":0,"parent":0,"menu_order":0,"comment_status":"closed","ping_status":"closed","template":"","meta":{"_acf_changed":false,"footnotes":""},"class_list":["post-5724","page","type-page","status-publish","hentry"],"acf":[],"yoast_head":"<!-- This site is optimized with the Yoast SEO plugin v27.2 - https:\/\/yoast.com\/product\/yoast-seo-wordpress\/ -->\n<title>Visi\u00f3n y Misi\u00f3n - Mennonite World Conference<\/title>\n<meta name=\"robots\" content=\"index, follow, max-snippet:-1, max-image-preview:large, max-video-preview:-1\" \/>\n<link rel=\"canonical\" href=\"https:\/\/mwc-cmm.org\/en\/vision-mission-and-shared-convictions\/\" \/>\n<meta property=\"og:locale\" content=\"es_ES\" \/>\n<meta property=\"og:type\" content=\"article\" \/>\n<meta property=\"og:title\" content=\"Visi\u00f3n y Misi\u00f3n - Mennonite World Conference\" \/>\n<meta property=\"og:description\" content=\"Vision El Congreso Mundial Menonita est\u00e1 llamado a ser una comuni\u00f3n (koinon\u00eda) de iglesias afines al anabautismo, vinculadas entre s\u00ed en una comunidad mundial de fe para fraternizar, adorar, servir y testificar. Misi\u00f3n El Congreso Mundial Menonita existe (1) para ser una comunidad mundial de fe de tradici\u00f3n anabautista, (2) facilitar los v\u00ednculos entre iglesias [&hellip;]\" \/>\n<meta property=\"og:url\" content=\"https:\/\/mwc-cmm.org\/en\/vision-mission-and-shared-convictions\/\" \/>\n<meta property=\"og:site_name\" content=\"Mennonite World Conference\" \/>\n<meta property=\"article:publisher\" content=\"https:\/\/www.facebook.com\/MennoniteWorldConference\" \/>\n<meta property=\"article:modified_time\" content=\"2024-12-10T20:49:51+00:00\" \/>\n<meta property=\"og:image\" content=\"https:\/\/mwc-cmm.org\/wp-content\/uploads\/2024\/11\/bible-study.png\" \/>\n\t<meta property=\"og:image:width\" content=\"1172\" \/>\n\t<meta property=\"og:image:height\" content=\"798\" \/>\n\t<meta property=\"og:image:type\" content=\"image\/png\" \/>\n<script type=\"application\/ld+json\" class=\"yoast-schema-graph\">{\"@context\":\"https:\/\/schema.org\",\"@graph\":[{\"@type\":\"WebPage\",\"@id\":\"https:\/\/mwc-cmm.org\/en\/vision-mission-and-shared-convictions\/\",\"url\":\"https:\/\/mwc-cmm.org\/en\/vision-mission-and-shared-convictions\/\",\"name\":\"Visi\u00f3n y Misi\u00f3n - Mennonite World Conference\",\"isPartOf\":{\"@id\":\"https:\/\/mwc-cmm.org\/en\/#website\"},\"primaryImageOfPage\":{\"@id\":\"https:\/\/mwc-cmm.org\/en\/vision-mission-and-shared-convictions\/#primaryimage\"},\"image\":{\"@id\":\"https:\/\/mwc-cmm.org\/en\/vision-mission-and-shared-convictions\/#primaryimage\"},\"thumbnailUrl\":\"https:\/\/mwc-cmm.org\/wp-content\/uploads\/2024\/11\/bible-study-1024x697.png\",\"datePublished\":\"2019-07-29T00:00:00+00:00\",\"dateModified\":\"2024-12-10T20:49:51+00:00\",\"breadcrumb\":{\"@id\":\"https:\/\/mwc-cmm.org\/en\/vision-mission-and-shared-convictions\/#breadcrumb\"},\"inLanguage\":\"es\",\"potentialAction\":[{\"@type\":\"ReadAction\",\"target\":[\"https:\/\/mwc-cmm.org\/en\/vision-mission-and-shared-convictions\/\"]}]},{\"@type\":\"ImageObject\",\"inLanguage\":\"es\",\"@id\":\"https:\/\/mwc-cmm.org\/en\/vision-mission-and-shared-convictions\/#primaryimage\",\"url\":\"https:\/\/mwc-cmm.org\/wp-content\/uploads\/2024\/11\/bible-study-1024x697.png\",\"contentUrl\":\"https:\/\/mwc-cmm.org\/wp-content\/uploads\/2024\/11\/bible-study-1024x697.png\"},{\"@type\":\"BreadcrumbList\",\"@id\":\"https:\/\/mwc-cmm.org\/en\/vision-mission-and-shared-convictions\/#breadcrumb\",\"itemListElement\":[{\"@type\":\"ListItem\",\"position\":1,\"name\":\"Home\",\"item\":\"https:\/\/mwc-cmm.org\/es\/\"},{\"@type\":\"ListItem\",\"position\":2,\"name\":\"Visi\u00f3n y Misi\u00f3n\"}]},{\"@type\":\"WebSite\",\"@id\":\"https:\/\/mwc-cmm.org\/en\/#website\",\"url\":\"https:\/\/mwc-cmm.org\/en\/\",\"name\":\"Mennonite World Conference\",\"description\":\"A communion of Anabaptist-related churches\",\"publisher\":{\"@id\":\"https:\/\/mwc-cmm.org\/en\/#organization\"},\"alternateName\":\"MWC\",\"potentialAction\":[{\"@type\":\"SearchAction\",\"target\":{\"@type\":\"EntryPoint\",\"urlTemplate\":\"https:\/\/mwc-cmm.org\/en\/?s={search_term_string}\"},\"query-input\":{\"@type\":\"PropertyValueSpecification\",\"valueRequired\":true,\"valueName\":\"search_term_string\"}}],\"inLanguage\":\"es\"},{\"@type\":\"Organization\",\"@id\":\"https:\/\/mwc-cmm.org\/en\/#organization\",\"name\":\"Mennonite World Conference\",\"alternateName\":\"MWC\",\"url\":\"https:\/\/mwc-cmm.org\/en\/\",\"logo\":{\"@type\":\"ImageObject\",\"inLanguage\":\"es\",\"@id\":\"https:\/\/mwc-cmm.org\/en\/#\/schema\/logo\/image\/\",\"url\":\"https:\/\/mwc-cmm.org\/wp-content\/uploads\/2026\/01\/MWC_Sig_Blue_Horiz_webheader1-logo.svg\",\"contentUrl\":\"https:\/\/mwc-cmm.org\/wp-content\/uploads\/2026\/01\/MWC_Sig_Blue_Horiz_webheader1-logo.svg\",\"width\":786,\"height\":82,\"caption\":\"Mennonite World Conference\"},\"image\":{\"@id\":\"https:\/\/mwc-cmm.org\/en\/#\/schema\/logo\/image\/\"},\"sameAs\":[\"https:\/\/www.facebook.com\/MennoniteWorldConference\",\"https:\/\/www.linkedin.com\/company\/mennonite-world-conference-mwc\/\",\"https:\/\/www.instagram.com\/mwcmm\/\",\"https:\/\/www.youtube.com\/user\/mwccmm\",\"https:\/\/bsky.app\/profile\/mwcmm.bsky.social\"]}]}<\/script>\n<!-- \/ Yoast SEO plugin. -->","yoast_head_json":{"title":"Visi\u00f3n y Misi\u00f3n - Mennonite World Conference","robots":{"index":"index","follow":"follow","max-snippet":"max-snippet:-1","max-image-preview":"max-image-preview:large","max-video-preview":"max-video-preview:-1"},"canonical":"https:\/\/mwc-cmm.org\/en\/vision-mission-and-shared-convictions\/","og_locale":"es_ES","og_type":"article","og_title":"Visi\u00f3n y Misi\u00f3n - Mennonite World Conference","og_description":"Vision El Congreso Mundial Menonita est\u00e1 llamado a ser una comuni\u00f3n (koinon\u00eda) de iglesias afines al anabautismo, vinculadas entre s\u00ed en una comunidad mundial de fe para fraternizar, adorar, servir y testificar. Misi\u00f3n El Congreso Mundial Menonita existe (1) para ser una comunidad mundial de fe de tradici\u00f3n anabautista, (2) facilitar los v\u00ednculos entre iglesias [&hellip;]","og_url":"https:\/\/mwc-cmm.org\/en\/vision-mission-and-shared-convictions\/","og_site_name":"Mennonite World Conference","article_publisher":"https:\/\/www.facebook.com\/MennoniteWorldConference","article_modified_time":"2024-12-10T20:49:51+00:00","og_image":[{"width":1172,"height":798,"url":"https:\/\/mwc-cmm.org\/wp-content\/uploads\/2024\/11\/bible-study.png","type":"image\/png"}],"schema":{"@context":"https:\/\/schema.org","@graph":[{"@type":"WebPage","@id":"https:\/\/mwc-cmm.org\/en\/vision-mission-and-shared-convictions\/","url":"https:\/\/mwc-cmm.org\/en\/vision-mission-and-shared-convictions\/","name":"Visi\u00f3n y Misi\u00f3n - Mennonite World Conference","isPartOf":{"@id":"https:\/\/mwc-cmm.org\/en\/#website"},"primaryImageOfPage":{"@id":"https:\/\/mwc-cmm.org\/en\/vision-mission-and-shared-convictions\/#primaryimage"},"image":{"@id":"https:\/\/mwc-cmm.org\/en\/vision-mission-and-shared-convictions\/#primaryimage"},"thumbnailUrl":"https:\/\/mwc-cmm.org\/wp-content\/uploads\/2024\/11\/bible-study-1024x697.png","datePublished":"2019-07-29T00:00:00+00:00","dateModified":"2024-12-10T20:49:51+00:00","breadcrumb":{"@id":"https:\/\/mwc-cmm.org\/en\/vision-mission-and-shared-convictions\/#breadcrumb"},"inLanguage":"es","potentialAction":[{"@type":"ReadAction","target":["https:\/\/mwc-cmm.org\/en\/vision-mission-and-shared-convictions\/"]}]},{"@type":"ImageObject","inLanguage":"es","@id":"https:\/\/mwc-cmm.org\/en\/vision-mission-and-shared-convictions\/#primaryimage","url":"https:\/\/mwc-cmm.org\/wp-content\/uploads\/2024\/11\/bible-study-1024x697.png","contentUrl":"https:\/\/mwc-cmm.org\/wp-content\/uploads\/2024\/11\/bible-study-1024x697.png"},{"@type":"BreadcrumbList","@id":"https:\/\/mwc-cmm.org\/en\/vision-mission-and-shared-convictions\/#breadcrumb","itemListElement":[{"@type":"ListItem","position":1,"name":"Home","item":"https:\/\/mwc-cmm.org\/es\/"},{"@type":"ListItem","position":2,"name":"Visi\u00f3n y Misi\u00f3n"}]},{"@type":"WebSite","@id":"https:\/\/mwc-cmm.org\/en\/#website","url":"https:\/\/mwc-cmm.org\/en\/","name":"Mennonite World Conference","description":"A communion of Anabaptist-related churches","publisher":{"@id":"https:\/\/mwc-cmm.org\/en\/#organization"},"alternateName":"MWC","potentialAction":[{"@type":"SearchAction","target":{"@type":"EntryPoint","urlTemplate":"https:\/\/mwc-cmm.org\/en\/?s={search_term_string}"},"query-input":{"@type":"PropertyValueSpecification","valueRequired":true,"valueName":"search_term_string"}}],"inLanguage":"es"},{"@type":"Organization","@id":"https:\/\/mwc-cmm.org\/en\/#organization","name":"Mennonite World Conference","alternateName":"MWC","url":"https:\/\/mwc-cmm.org\/en\/","logo":{"@type":"ImageObject","inLanguage":"es","@id":"https:\/\/mwc-cmm.org\/en\/#\/schema\/logo\/image\/","url":"https:\/\/mwc-cmm.org\/wp-content\/uploads\/2026\/01\/MWC_Sig_Blue_Horiz_webheader1-logo.svg","contentUrl":"https:\/\/mwc-cmm.org\/wp-content\/uploads\/2026\/01\/MWC_Sig_Blue_Horiz_webheader1-logo.svg","width":786,"height":82,"caption":"Mennonite World Conference"},"image":{"@id":"https:\/\/mwc-cmm.org\/en\/#\/schema\/logo\/image\/"},"sameAs":["https:\/\/www.facebook.com\/MennoniteWorldConference","https:\/\/www.linkedin.com\/company\/mennonite-world-conference-mwc\/","https:\/\/www.instagram.com\/mwcmm\/","https:\/\/www.youtube.com\/user\/mwccmm","https:\/\/bsky.app\/profile\/mwcmm.bsky.social"]}]}},"_links":{"self":[{"href":"https:\/\/mwc-cmm.org\/es\/wp-json\/wp\/v2\/pages\/5724","targetHints":{"allow":["GET"]}}],"collection":[{"href":"https:\/\/mwc-cmm.org\/es\/wp-json\/wp\/v2\/pages"}],"about":[{"href":"https:\/\/mwc-cmm.org\/es\/wp-json\/wp\/v2\/types\/page"}],"author":[{"embeddable":true,"href":"https:\/\/mwc-cmm.org\/es\/wp-json\/wp\/v2\/users\/1"}],"replies":[{"embeddable":true,"href":"https:\/\/mwc-cmm.org\/es\/wp-json\/wp\/v2\/comments?post=5724"}],"version-history":[{"count":0,"href":"https:\/\/mwc-cmm.org\/es\/wp-json\/wp\/v2\/pages\/5724\/revisions"}],"wp:attachment":[{"href":"https:\/\/mwc-cmm.org\/es\/wp-json\/wp\/v2\/media?parent=5724"}],"curies":[{"name":"wp","href":"https:\/\/api.w.org\/{rel}","templated":true}]}}