{"id":5723,"date":"2019-07-29T00:00:00","date_gmt":"2019-07-29T00:00:00","guid":{"rendered":"https:\/\/mwc-cmm.org\/about-mwc-3\/"},"modified":"2025-11-24T21:58:21","modified_gmt":"2025-11-24T21:58:21","slug":"sobre-el-cmm","status":"publish","type":"page","link":"https:\/\/mwc-cmm.org\/es\/sobre-el-cmm\/","title":{"rendered":"Sobre el CMM"},"content":{"rendered":"\n<div class=\"wp-block-columns alignwide is-layout-flex wp-container-core-columns-is-layout-7fc3d43a wp-block-columns-is-layout-flex\">\n<div class=\"wp-block-column is-layout-flow wp-block-column-is-layout-flow\">\n<p class=\"is-style-intro-style\">El Congreso Mundial Menonita (CMM) representa la mayor\u00eda de la familia mundial de iglesias cristianas enraizadas en la Reforma Radical del siglo XVI en Europa, particularmente en el movimiento anabautista.<\/p>\n\n\n\n<p>La membres\u00eda del CMM en 2025 comprende una asociaci\u00f3n internacional y 110 iglesias nacionales menonitas y de los Hermanos en Cristo de 61 pa\u00edses, con alrededor de 1,44 millones de creyentes bautizados en cerca de 10.400 congregaciones.<\/p>\n\n\n\n<p>Aproximadamente, el 84% de los creyentes bautizados en las iglesias miembro del CMM son africanos, asi\u00e1ticos o latinoamericanos, y el 16% est\u00e1 localizado en Europa y Am\u00e9rica del Norte.<\/p>\n<\/div>\n\n\n\n<div class=\"wp-block-column is-layout-flow wp-block-column-is-layout-flow\">\n<figure class=\"wp-block-image size-full\"><img decoding=\"async\" width=\"800\" height=\"466\" data-src=\"https:\/\/mwc-cmm.org\/wp-content\/uploads\/2024\/11\/about-us-india.jpeg\" alt=\"A group of people smile and hold us a sign that says &quot;Jesus Christ: Our Hope&quot;\" class=\"wp-image-18137 lazyload\" data-srcset=\"https:\/\/mwc-cmm.org\/wp-content\/uploads\/2024\/11\/about-us-india.jpeg 800w, https:\/\/mwc-cmm.org\/wp-content\/uploads\/2024\/11\/about-us-india-300x175.jpeg 300w, https:\/\/mwc-cmm.org\/wp-content\/uploads\/2024\/11\/about-us-india-768x447.jpeg 768w\" data-sizes=\"(max-width: 800px) 100vw, 800px\" src=\"data:image\/svg+xml;base64,PHN2ZyB3aWR0aD0iMSIgaGVpZ2h0PSIxIiB4bWxucz0iaHR0cDovL3d3dy53My5vcmcvMjAwMC9zdmciPjwvc3ZnPg==\" style=\"--smush-placeholder-width: 800px; --smush-placeholder-aspect-ratio: 800\/466;\" \/><\/figure>\n<\/div>\n<\/div>\n\n\n\n<div class=\"wp-block-columns alignwide is-layout-flex wp-container-core-columns-is-layout-7fc3d43a wp-block-columns-is-layout-flex\">\n<div class=\"wp-block-column is-layout-flow wp-block-column-is-layout-flow\">\n<h2 class=\"wp-block-heading is-style-green-eyebrow\" style=\"margin-top:var(--wp--preset--spacing--50)\">Visi\u00f3n<\/h2>\n\n\n\n<p>El Congreso Mundial Menonita est\u00e1 llamado a ser una comuni\u00f3n (koinon\u00eda) de iglesias afines al anabautismo, vinculadas entre s\u00ed en una comunidad mundial de fe para fraternizar, adorar, servir y testificar.<\/p>\n\n\n\n<h2 class=\"wp-block-heading is-style-blue-eyebrow\" style=\"margin-top:var(--wp--preset--spacing--50)\">Misi\u00f3n <\/h2>\n\n\n\n<p>El Congreso Mundial Menonita existe (1) para ser una comunidad mundial de fe de tradici\u00f3n anabautista, (2) facilitar los v\u00ednculos entre iglesias afines al anabautismo a nivel mundial, y (3) relacionarse con otras confesiones y organizaciones cristianas mundiales.<\/p>\n\n\n\n<h2 class=\"wp-block-heading is-style-pink-eyebrow\" style=\"margin-top:var(--wp--preset--spacing--50)\">Convicciones Compartidas<\/h2>\n\n\n\n<p>Por la gracia de Dios procuramos vivir y proclamar la buena nueva de reconciliaci\u00f3n en Jesucristo. Como parte del cuerpo unido de Cristo en todo tiempo y lugar, declaramos que las siguientes afirmaciones son la esencia de nuestra fe y pr\u00e1ctica.<\/p>\n\n\n\n<div class=\"wp-block-buttons is-layout-flex wp-block-buttons-is-layout-flex\">\n<div class=\"wp-block-button\"><a class=\"wp-block-button__link wp-element-button\" href=\"https:\/\/mwc-cmm.org\/es\/vision-y-mision\/\">Nuestra visi\u00f3n, misi\u00f3n y convicciones compartidas<\/a><\/div>\n<\/div>\n<\/div>\n\n\n\n<div class=\"wp-block-column is-layout-flow wp-block-column-is-layout-flow\">\n<h2 class=\"wp-block-heading is-style-yellow-eyebrow\" style=\"margin-top:var(--wp--preset--spacing--50)\"><em>Global Maps &amp; Memberships<\/em><\/h2>\n\n\n\n<figure class=\"wp-block-image size-full\"><a href=\"https:\/\/mwc-cmm.org\/es\/mapa-estadisticas\/\"><img decoding=\"async\" width=\"3622\" height=\"1720\" data-src=\"https:\/\/mwc-cmm.org\/wp-content\/uploads\/2025\/02\/map-global.png\" alt=\"world map with colored discs indicating the global population of baptized Mennonites by country\" class=\"wp-image-109978 lazyload\" data-srcset=\"https:\/\/mwc-cmm.org\/wp-content\/uploads\/2025\/02\/map-global.png 3622w, https:\/\/mwc-cmm.org\/wp-content\/uploads\/2025\/02\/map-global-300x142.png 300w, https:\/\/mwc-cmm.org\/wp-content\/uploads\/2025\/02\/map-global-1024x486.png 1024w, https:\/\/mwc-cmm.org\/wp-content\/uploads\/2025\/02\/map-global-768x365.png 768w, https:\/\/mwc-cmm.org\/wp-content\/uploads\/2025\/02\/map-global-1536x729.png 1536w, https:\/\/mwc-cmm.org\/wp-content\/uploads\/2025\/02\/map-global-2048x973.png 2048w\" data-sizes=\"(max-width: 3622px) 100vw, 3622px\" src=\"data:image\/svg+xml;base64,PHN2ZyB3aWR0aD0iMSIgaGVpZ2h0PSIxIiB4bWxucz0iaHR0cDovL3d3dy53My5vcmcvMjAwMC9zdmciPjwvc3ZnPg==\" style=\"--smush-placeholder-width: 3622px; --smush-placeholder-aspect-ratio: 3622\/1720;\" \/><\/a><\/figure>\n\n\n\n<div class=\"wp-block-columns is-layout-flex wp-container-core-columns-is-layout-28f84493 wp-block-columns-is-layout-flex\">\n<div class=\"wp-block-column is-layout-flow wp-block-column-is-layout-flow\">\n<p>El Congreso Mundial Menonita compila estad\u00edsticas de las iglesias que est\u00e1n enraizadas en la Reforma Radical del siglo XVI en Europa, particularmente en el movimiento anabautista. Dicha familia de fe incluye 2,13 millones de creyentes bautizados de 86 pa\u00edses.<\/p>\n<\/div>\n\n\n\n<div class=\"wp-block-column is-layout-flow wp-block-column-is-layout-flow\">\n<div class=\"wp-block-buttons is-layout-flex wp-block-buttons-is-layout-flex\">\n<div class=\"wp-block-button\"><a class=\"wp-block-button__link wp-element-button\" href=\"https:\/\/mwc-cmm.org\/es\/mapa-estadisticas\/\" target=\"_blank\" rel=\"noreferrer noopener\">Mapa interactivo<\/a><\/div>\n\n\n\n<div class=\"wp-block-button\"><a class=\"wp-block-button__link wp-element-button\" href=\"https:\/\/mwc-cmm.org\/es\/mapa-estadisticas\/\"><em>All Maps &amp; Statistics<\/em><\/a><\/div>\n\n\n\n<div class=\"wp-block-button\"><a class=\"wp-block-button__link wp-element-button\" href=\"https:\/\/mwc-cmm.org\/es\/mapa-estadisticas\/lista-de-miembros\/\"><em>Member List<\/em><\/a><\/div>\n<\/div>\n<\/div>\n<\/div>\n<\/div>\n<\/div>\n\n\n\n<h2 class=\"wp-block-heading alignwide\" style=\"margin-top:var(--wp--preset--spacing--50)\">Concilio General <\/h2>\n\n\n\n<div class=\"wp-block-columns alignwide is-layout-flex wp-container-core-columns-is-layout-7fc3d43a wp-block-columns-is-layout-flex\">\n<div class=\"wp-block-column is-layout-flow wp-block-column-is-layout-flow\">\n<p class=\"is-style-intro-style\">Cada una de las conferencias e iglesias miembros del CMM env\u00eda de uno a tres delegados (seg\u00fan la cantidad de miembros de la iglesia o conferencia) a las reuniones del Concilio General.<\/p>\n\n\n\n<p>Este grupo de l\u00edderes eclesiales se re\u00fane cada tres a\u00f1os para definir el mandato del CMM, compartir inquietudes y visiones y alabar juntos. <\/p>\n\n\n\n<h2 class=\"wp-block-heading is-style-purple-eyebrow\" style=\"margin-top:var(--wp--preset--spacing--50)\">Constituci\u00f3n<\/h2>\n\n\n\n<p>Adoptado por el Concilio General, 14 de julio de 2009<br>Asunci\u00f3n, Paraguay<\/p>\n\n\n\n<div class=\"wp-block-buttons is-layout-flex wp-block-buttons-is-layout-flex\">\n<div class=\"wp-block-button\"><a class=\"wp-block-button__link wp-element-button\" href=\"https:\/\/mwc-cmm.org\/es\/resources\/congreso-mundial-menonita-constitucion\/\">Ver la constituci\u00f3n<\/a><\/div>\n<\/div>\n\n\n\n<h2 class=\"wp-block-heading is-style-blue-eyebrow\" style=\"margin-top:var(--wp--preset--spacing--50)\">Comit\u00e9 Ejecutivo<\/h2>\n\n\n\n<p>Dos miembros de cada regi\u00f3n continental se seleccionan del Concilio General para conformar el Comit\u00e9 Ejecutivo que se re\u00fane anualmente.<\/p>\n\n\n\n<div class=\"wp-block-buttons is-layout-flex wp-block-buttons-is-layout-flex\">\n<div class=\"wp-block-button\"><a class=\"wp-block-button__link wp-element-button\" href=\"https:\/\/mwc-cmm.org\/es\/concilio-general\/\">Conozca su Comit\u00e9 Ejecutivo <\/a><\/div>\n<\/div>\n<\/div>\n\n\n\n<div class=\"wp-block-column is-layout-flow wp-block-column-is-layout-flow\">\n<figure class=\"wp-block-image size-large\"><img decoding=\"async\" width=\"1024\" height=\"683\" data-src=\"https:\/\/mwc-cmm.org\/wp-content\/uploads\/2024\/11\/assmebly-1024x683.png\" alt=\"A large church building with a stage at the front, a worship team singing and the crowd standing before them\" class=\"wp-image-18105 lazyload\" data-srcset=\"https:\/\/mwc-cmm.org\/wp-content\/uploads\/2024\/11\/assmebly-1024x683.png 1024w, https:\/\/mwc-cmm.org\/wp-content\/uploads\/2024\/11\/assmebly-300x200.png 300w, https:\/\/mwc-cmm.org\/wp-content\/uploads\/2024\/11\/assmebly-768x512.png 768w, https:\/\/mwc-cmm.org\/wp-content\/uploads\/2024\/11\/assmebly-1536x1024.png 1536w, https:\/\/mwc-cmm.org\/wp-content\/uploads\/2024\/11\/assmebly.png 1920w\" data-sizes=\"(max-width: 1024px) 100vw, 1024px\" src=\"data:image\/svg+xml;base64,PHN2ZyB3aWR0aD0iMSIgaGVpZ2h0PSIxIiB4bWxucz0iaHR0cDovL3d3dy53My5vcmcvMjAwMC9zdmciPjwvc3ZnPg==\" style=\"--smush-placeholder-width: 1024px; --smush-placeholder-aspect-ratio: 1024\/683;\" \/><\/figure>\n\n\n\n<h2 class=\"wp-block-heading is-style-green-eyebrow\" style=\"margin-top:var(--wp--preset--spacing--50)\">Documentos<\/h2>\n\n\n\n<p>El Congreso Mundial Menonita produce tres tipos de documentos aprobados por el Concilio General<\/p>\n\n\n\n<div class=\"wp-block-buttons is-layout-flex wp-block-buttons-is-layout-flex\">\n<div class=\"wp-block-button\"><a class=\"wp-block-button__link wp-element-button\" href=\"https:\/\/mwc-cmm.org\/es\/recursos\/\"><em>View Resource Library<\/em><\/a><\/div>\n<\/div>\n<\/div>\n<\/div>\n","protected":false},"excerpt":{"rendered":"<p>El Congreso Mundial Menonita (CMM) representa la mayor\u00eda de la familia mundial de iglesias cristianas enraizadas en la Reforma Radical del siglo XVI en Europa, particularmente en el movimiento anabautista. Aproximadamente, el 84% de los creyentes bautizados en las iglesias miembro del CMM son africanos, asi\u00e1ticos o latinoamericanos, y el 16% est\u00e1 localizado en Europa [&hellip;]<\/p>\n","protected":false},"author":1,"featured_media":0,"parent":0,"menu_order":0,"comment_status":"closed","ping_status":"closed","template":"","meta":{"_acf_changed":false,"footnotes":""},"class_list":["post-5723","page","type-page","status-publish","hentry"],"acf":[],"yoast_head":"<!-- This site is optimized with the Yoast SEO plugin v27.2 - https:\/\/yoast.com\/product\/yoast-seo-wordpress\/ -->\n<title>Sobre el CMM - Mennonite World Conference<\/title>\n<meta name=\"robots\" content=\"index, follow, max-snippet:-1, max-image-preview:large, max-video-preview:-1\" \/>\n<link rel=\"canonical\" href=\"https:\/\/mwc-cmm.org\/es\/sobre-el-cmm\/\" \/>\n<meta property=\"og:locale\" content=\"es_ES\" \/>\n<meta property=\"og:type\" content=\"article\" \/>\n<meta property=\"og:title\" content=\"Sobre el CMM - Mennonite World Conference\" \/>\n<meta property=\"og:description\" content=\"El Congreso Mundial Menonita (CMM) representa la mayor\u00eda de la familia mundial de iglesias cristianas enraizadas en la Reforma Radical del siglo XVI en Europa, particularmente en el movimiento anabautista. Aproximadamente, el 84% de los creyentes bautizados en las iglesias miembro del CMM son africanos, asi\u00e1ticos o latinoamericanos, y el 16% est\u00e1 localizado en Europa [&hellip;]\" \/>\n<meta property=\"og:url\" content=\"https:\/\/mwc-cmm.org\/es\/sobre-el-cmm\/\" \/>\n<meta property=\"og:site_name\" content=\"Mennonite World Conference\" \/>\n<meta property=\"article:publisher\" content=\"https:\/\/www.facebook.com\/MennoniteWorldConference\" \/>\n<meta property=\"article:modified_time\" content=\"2025-11-24T21:58:21+00:00\" \/>\n<meta property=\"og:image\" content=\"https:\/\/mwc-cmm.org\/wp-content\/uploads\/2024\/11\/about-us-india.jpeg\" \/>\n\t<meta property=\"og:image:width\" content=\"800\" \/>\n\t<meta property=\"og:image:height\" content=\"466\" \/>\n\t<meta property=\"og:image:type\" content=\"image\/jpeg\" \/>\n<script type=\"application\/ld+json\" class=\"yoast-schema-graph\">{\"@context\":\"https:\/\/schema.org\",\"@graph\":[{\"@type\":\"WebPage\",\"@id\":\"https:\/\/mwc-cmm.org\/es\/sobre-el-cmm\/\",\"url\":\"https:\/\/mwc-cmm.org\/es\/sobre-el-cmm\/\",\"name\":\"Sobre el CMM - Mennonite World Conference\",\"isPartOf\":{\"@id\":\"https:\/\/mwc-cmm.org\/en\/#website\"},\"primaryImageOfPage\":{\"@id\":\"https:\/\/mwc-cmm.org\/es\/sobre-el-cmm\/#primaryimage\"},\"image\":{\"@id\":\"https:\/\/mwc-cmm.org\/es\/sobre-el-cmm\/#primaryimage\"},\"thumbnailUrl\":\"https:\/\/mwc-cmm.org\/wp-content\/uploads\/2024\/11\/about-us-india.jpeg\",\"datePublished\":\"2019-07-29T00:00:00+00:00\",\"dateModified\":\"2025-11-24T21:58:21+00:00\",\"breadcrumb\":{\"@id\":\"https:\/\/mwc-cmm.org\/es\/sobre-el-cmm\/#breadcrumb\"},\"inLanguage\":\"es\",\"potentialAction\":[{\"@type\":\"ReadAction\",\"target\":[\"https:\/\/mwc-cmm.org\/es\/sobre-el-cmm\/\"]}]},{\"@type\":\"ImageObject\",\"inLanguage\":\"es\",\"@id\":\"https:\/\/mwc-cmm.org\/es\/sobre-el-cmm\/#primaryimage\",\"url\":\"https:\/\/mwc-cmm.org\/wp-content\/uploads\/2024\/11\/about-us-india.jpeg\",\"contentUrl\":\"https:\/\/mwc-cmm.org\/wp-content\/uploads\/2024\/11\/about-us-india.jpeg\"},{\"@type\":\"BreadcrumbList\",\"@id\":\"https:\/\/mwc-cmm.org\/es\/sobre-el-cmm\/#breadcrumb\",\"itemListElement\":[{\"@type\":\"ListItem\",\"position\":1,\"name\":\"Home\",\"item\":\"https:\/\/mwc-cmm.org\/es\/\"},{\"@type\":\"ListItem\",\"position\":2,\"name\":\"Sobre el CMM\"}]},{\"@type\":\"WebSite\",\"@id\":\"https:\/\/mwc-cmm.org\/en\/#website\",\"url\":\"https:\/\/mwc-cmm.org\/en\/\",\"name\":\"Mennonite World Conference\",\"description\":\"A communion of Anabaptist-related churches\",\"publisher\":{\"@id\":\"https:\/\/mwc-cmm.org\/en\/#organization\"},\"alternateName\":\"MWC\",\"potentialAction\":[{\"@type\":\"SearchAction\",\"target\":{\"@type\":\"EntryPoint\",\"urlTemplate\":\"https:\/\/mwc-cmm.org\/en\/?s={search_term_string}\"},\"query-input\":{\"@type\":\"PropertyValueSpecification\",\"valueRequired\":true,\"valueName\":\"search_term_string\"}}],\"inLanguage\":\"es\"},{\"@type\":\"Organization\",\"@id\":\"https:\/\/mwc-cmm.org\/en\/#organization\",\"name\":\"Mennonite World Conference\",\"alternateName\":\"MWC\",\"url\":\"https:\/\/mwc-cmm.org\/en\/\",\"logo\":{\"@type\":\"ImageObject\",\"inLanguage\":\"es\",\"@id\":\"https:\/\/mwc-cmm.org\/en\/#\/schema\/logo\/image\/\",\"url\":\"https:\/\/mwc-cmm.org\/wp-content\/uploads\/2026\/01\/MWC_Sig_Blue_Horiz_webheader1-logo.svg\",\"contentUrl\":\"https:\/\/mwc-cmm.org\/wp-content\/uploads\/2026\/01\/MWC_Sig_Blue_Horiz_webheader1-logo.svg\",\"width\":786,\"height\":82,\"caption\":\"Mennonite World Conference\"},\"image\":{\"@id\":\"https:\/\/mwc-cmm.org\/en\/#\/schema\/logo\/image\/\"},\"sameAs\":[\"https:\/\/www.facebook.com\/MennoniteWorldConference\",\"https:\/\/www.linkedin.com\/company\/mennonite-world-conference-mwc\/\",\"https:\/\/www.instagram.com\/mwcmm\/\",\"https:\/\/www.youtube.com\/user\/mwccmm\",\"https:\/\/bsky.app\/profile\/mwcmm.bsky.social\"]}]}<\/script>\n<!-- \/ Yoast SEO plugin. -->","yoast_head_json":{"title":"Sobre el CMM - Mennonite World Conference","robots":{"index":"index","follow":"follow","max-snippet":"max-snippet:-1","max-image-preview":"max-image-preview:large","max-video-preview":"max-video-preview:-1"},"canonical":"https:\/\/mwc-cmm.org\/es\/sobre-el-cmm\/","og_locale":"es_ES","og_type":"article","og_title":"Sobre el CMM - Mennonite World Conference","og_description":"El Congreso Mundial Menonita (CMM) representa la mayor\u00eda de la familia mundial de iglesias cristianas enraizadas en la Reforma Radical del siglo XVI en Europa, particularmente en el movimiento anabautista. Aproximadamente, el 84% de los creyentes bautizados en las iglesias miembro del CMM son africanos, asi\u00e1ticos o latinoamericanos, y el 16% est\u00e1 localizado en Europa [&hellip;]","og_url":"https:\/\/mwc-cmm.org\/es\/sobre-el-cmm\/","og_site_name":"Mennonite World Conference","article_publisher":"https:\/\/www.facebook.com\/MennoniteWorldConference","article_modified_time":"2025-11-24T21:58:21+00:00","og_image":[{"width":800,"height":466,"url":"https:\/\/mwc-cmm.org\/wp-content\/uploads\/2024\/11\/about-us-india.jpeg","type":"image\/jpeg"}],"schema":{"@context":"https:\/\/schema.org","@graph":[{"@type":"WebPage","@id":"https:\/\/mwc-cmm.org\/es\/sobre-el-cmm\/","url":"https:\/\/mwc-cmm.org\/es\/sobre-el-cmm\/","name":"Sobre el CMM - Mennonite World Conference","isPartOf":{"@id":"https:\/\/mwc-cmm.org\/en\/#website"},"primaryImageOfPage":{"@id":"https:\/\/mwc-cmm.org\/es\/sobre-el-cmm\/#primaryimage"},"image":{"@id":"https:\/\/mwc-cmm.org\/es\/sobre-el-cmm\/#primaryimage"},"thumbnailUrl":"https:\/\/mwc-cmm.org\/wp-content\/uploads\/2024\/11\/about-us-india.jpeg","datePublished":"2019-07-29T00:00:00+00:00","dateModified":"2025-11-24T21:58:21+00:00","breadcrumb":{"@id":"https:\/\/mwc-cmm.org\/es\/sobre-el-cmm\/#breadcrumb"},"inLanguage":"es","potentialAction":[{"@type":"ReadAction","target":["https:\/\/mwc-cmm.org\/es\/sobre-el-cmm\/"]}]},{"@type":"ImageObject","inLanguage":"es","@id":"https:\/\/mwc-cmm.org\/es\/sobre-el-cmm\/#primaryimage","url":"https:\/\/mwc-cmm.org\/wp-content\/uploads\/2024\/11\/about-us-india.jpeg","contentUrl":"https:\/\/mwc-cmm.org\/wp-content\/uploads\/2024\/11\/about-us-india.jpeg"},{"@type":"BreadcrumbList","@id":"https:\/\/mwc-cmm.org\/es\/sobre-el-cmm\/#breadcrumb","itemListElement":[{"@type":"ListItem","position":1,"name":"Home","item":"https:\/\/mwc-cmm.org\/es\/"},{"@type":"ListItem","position":2,"name":"Sobre el CMM"}]},{"@type":"WebSite","@id":"https:\/\/mwc-cmm.org\/en\/#website","url":"https:\/\/mwc-cmm.org\/en\/","name":"Mennonite World Conference","description":"A communion of Anabaptist-related churches","publisher":{"@id":"https:\/\/mwc-cmm.org\/en\/#organization"},"alternateName":"MWC","potentialAction":[{"@type":"SearchAction","target":{"@type":"EntryPoint","urlTemplate":"https:\/\/mwc-cmm.org\/en\/?s={search_term_string}"},"query-input":{"@type":"PropertyValueSpecification","valueRequired":true,"valueName":"search_term_string"}}],"inLanguage":"es"},{"@type":"Organization","@id":"https:\/\/mwc-cmm.org\/en\/#organization","name":"Mennonite World Conference","alternateName":"MWC","url":"https:\/\/mwc-cmm.org\/en\/","logo":{"@type":"ImageObject","inLanguage":"es","@id":"https:\/\/mwc-cmm.org\/en\/#\/schema\/logo\/image\/","url":"https:\/\/mwc-cmm.org\/wp-content\/uploads\/2026\/01\/MWC_Sig_Blue_Horiz_webheader1-logo.svg","contentUrl":"https:\/\/mwc-cmm.org\/wp-content\/uploads\/2026\/01\/MWC_Sig_Blue_Horiz_webheader1-logo.svg","width":786,"height":82,"caption":"Mennonite World Conference"},"image":{"@id":"https:\/\/mwc-cmm.org\/en\/#\/schema\/logo\/image\/"},"sameAs":["https:\/\/www.facebook.com\/MennoniteWorldConference","https:\/\/www.linkedin.com\/company\/mennonite-world-conference-mwc\/","https:\/\/www.instagram.com\/mwcmm\/","https:\/\/www.youtube.com\/user\/mwccmm","https:\/\/bsky.app\/profile\/mwcmm.bsky.social"]}]}},"_links":{"self":[{"href":"https:\/\/mwc-cmm.org\/es\/wp-json\/wp\/v2\/pages\/5723","targetHints":{"allow":["GET"]}}],"collection":[{"href":"https:\/\/mwc-cmm.org\/es\/wp-json\/wp\/v2\/pages"}],"about":[{"href":"https:\/\/mwc-cmm.org\/es\/wp-json\/wp\/v2\/types\/page"}],"author":[{"embeddable":true,"href":"https:\/\/mwc-cmm.org\/es\/wp-json\/wp\/v2\/users\/1"}],"replies":[{"embeddable":true,"href":"https:\/\/mwc-cmm.org\/es\/wp-json\/wp\/v2\/comments?post=5723"}],"version-history":[{"count":0,"href":"https:\/\/mwc-cmm.org\/es\/wp-json\/wp\/v2\/pages\/5723\/revisions"}],"wp:attachment":[{"href":"https:\/\/mwc-cmm.org\/es\/wp-json\/wp\/v2\/media?parent=5723"}],"curies":[{"name":"wp","href":"https:\/\/api.w.org\/{rel}","templated":true}]}}