{"id":18926,"date":"2024-11-19T16:50:57","date_gmt":"2024-11-19T16:50:57","guid":{"rendered":"https:\/\/mwc-cmm.org\/oraciones\/prayer-network\/"},"modified":"2026-02-09T05:12:19","modified_gmt":"2026-02-09T05:12:19","slug":"red-oracion","status":"publish","type":"page","link":"https:\/\/mwc-cmm.org\/es\/oraciones\/red-oracion\/","title":{"rendered":"Red de Oraci\u00f3n del CMM"},"content":{"rendered":"\n<h2 class=\"wp-block-heading\">Red de Oraci\u00f3n del CMM<\/h2>\n\n\n\n<p><em>\u201cAnte todo recomiendo que se hagan peticiones, oraciones, s\u00faplicas y acciones de gracias a Dios por toda la humanidad\u201d (1 Timoteo 2:1).<\/em><\/p>\n\n\n\n<p>Por favor \u00fananse a nosotros en una red de hermanos y hermanas comprometidos a orar por nuestra familia Anabautista.<\/p>\n\n\n\n<p>Luego de comenzar como&nbsp; parte de la preparaci\u00f3n para la Asamblea del CMM&nbsp; en Pensilvania 2015, la Comisi\u00f3n de Di\u00e1conos del CMM y la oficina de Comunicaciones est\u00e1n continuando con esta iniciativa para conectar a la familia mundial de modo que podamos &nbsp;levantarnos conjuntamente en oraci\u00f3n.<\/p>\n\n\n\n<p>Actualmente el CMM comparte oraciones en su p\u00e1gina Web, el boletin electronico mensual CMM Info y en la p\u00e1gina de Facebook. La Red de Oraci\u00f3n es otra manera \u2013 enfocada espec\u00edficamente en las oraciones- de apoyar a nuestra familia mundial.&nbsp; A todos los que se unan les ser\u00e1n enviadas oraciones de la familia de la iglesia mundial a sus buzones de entrada de correo electr\u00f3nico.<\/p>\n\n\n\n<p>La Red de Oraci\u00f3n enviar\u00e1 un correo electr\u00f3nico cada dos meses que contendr\u00e1 de cuatro a cinco oraciones. Es posible que tambi\u00e9n haya correos adicionales cuando surja un llamado de oraci\u00f3n urgente.<\/p>\n\n\n\n<p>Los correos electr\u00f3nicos est\u00e1n disponibles en ingl\u00e9s, espa\u00f1ol o franc\u00e9s.<\/p>\n\n\n\n<p>Si le gustar\u00eda compartir un motivo de oraci\u00f3n con nosotros, por favor escriba a&nbsp;<a href=\"mailto:oraciones@mwc-cmm.org\">oraciones@mwc-cmm.org<\/a>.<\/p>\n\n\n\n<div class=\"wp-block-buttons is-layout-flex wp-block-buttons-is-layout-flex\">\n<div class=\"wp-block-button\"><a class=\"wp-block-button__link wp-element-button\" href=\"https:\/\/mwc-cmm.org\/es\/oraciones\/enviar-una-oracion\/\">Enviar una oraci\u00f3n<\/a><\/div>\n<\/div>\n\n\n\n<figure class=\"wp-block-image size-full\"><img decoding=\"async\" width=\"1080\" height=\"1080\" data-src=\"https:\/\/mwc-cmm.org\/wp-content\/uploads\/2026\/02\/OPH-SP.jpg\" alt=\"\" class=\"wp-image-124020 lazyload\" data-srcset=\"https:\/\/mwc-cmm.org\/wp-content\/uploads\/2026\/02\/OPH-SP.jpg 1080w, https:\/\/mwc-cmm.org\/wp-content\/uploads\/2026\/02\/OPH-SP-300x300.jpg 300w, https:\/\/mwc-cmm.org\/wp-content\/uploads\/2026\/02\/OPH-SP-1024x1024.jpg 1024w, https:\/\/mwc-cmm.org\/wp-content\/uploads\/2026\/02\/OPH-SP-150x150.jpg 150w, https:\/\/mwc-cmm.org\/wp-content\/uploads\/2026\/02\/OPH-SP-768x768.jpg 768w\" data-sizes=\"(max-width: 1080px) 100vw, 1080px\" src=\"data:image\/svg+xml;base64,PHN2ZyB3aWR0aD0iMSIgaGVpZ2h0PSIxIiB4bWxucz0iaHR0cDovL3d3dy53My5vcmcvMjAwMC9zdmciPjwvc3ZnPg==\" style=\"--smush-placeholder-width: 1080px; --smush-placeholder-aspect-ratio: 1080\/1080;\" \/><\/figure>\n\n\n\n<div class=\"wp-block-columns is-layout-flex wp-container-core-columns-is-layout-28f84493 wp-block-columns-is-layout-flex\">\n<div class=\"wp-block-column is-layout-flow wp-block-column-is-layout-flow\">\n<p class=\"is-style-eyebrow\">Red de Oraci\u00f3n<\/p>\n\n\n\n<div class=\"wp-block-buttons is-layout-flex wp-block-buttons-is-layout-flex\">\n<div class=\"wp-block-button\"><a class=\"wp-block-button__link wp-element-button\" href=\"https:\/\/mwc-cmm.org\/es\/suscripcion-a-publicaciones-electronicas\/\">Suscribirse<\/a><\/div>\n<\/div>\n\n\n\n<p class=\"is-style-eyebrow\">Hora de oraci\u00f3n en l\u00ednea<\/p>\n\n\n\n<div class=\"wp-block-buttons is-layout-flex wp-block-buttons-is-layout-flex\">\n<div class=\"wp-block-button\"><a class=\"wp-block-button__link wp-element-button\" href=\"https:\/\/mwc-cmm.org\/es\/oraciones\/hora-de-oracion-en-linea-inscripcion\/\">inscripci\u00f3n<\/a><\/div>\n<\/div>\n<\/div>\n\n\n\n<div class=\"wp-block-column is-layout-flow wp-block-column-is-layout-flow\">\n<p class=\"is-style-eyebrow\">P\u00e1gina web de Oraciones<\/p>\n\n\n\n<div class=\"wp-block-buttons is-layout-flex wp-block-buttons-is-layout-flex\">\n<div class=\"wp-block-button\"><a class=\"wp-block-button__link wp-element-button\" href=\"https:\/\/mwc-cmm.org\/es\/oraciones\/\">Orar<\/a><\/div>\n<\/div>\n\n\n\n<p class=\"is-style-eyebrow\">Comisi\u00f3n de Di\u00e1conos<\/p>\n\n\n\n<div class=\"wp-block-buttons is-layout-flex wp-block-buttons-is-layout-flex\">\n<div class=\"wp-block-button\"><a class=\"wp-block-button__link wp-element-button\" href=\"https:\/\/mwc-cmm.org\/es\/comisiones\/comision-de-diaconos\/\">m\u00e1s informaci\u00f3n<\/a><\/div>\n<\/div>\n<\/div>\n<\/div>\n\n\n\n<hr class=\"wp-block-separator has-alpha-channel-opacity\"\/>\n\n\n\n<div class=\"wp-block-group has-soft-gray-background-color has-background has-global-padding is-layout-constrained wp-block-group-is-layout-constrained\">\n<h2 class=\"wp-block-heading\" id=\"urgent-prayer-jump-link\" style=\"text-transform:none\">Cartas pastorales y oraci\u00f3n urgente<\/h2>\n\n\n\n<div class=\"wp-block-query is-layout-flow wp-block-query-is-layout-flow\"><ul class=\"columns-3 wp-block-post-template is-layout-grid wp-container-core-post-template-is-layout-6d3fbd8f wp-block-post-template-is-layout-grid\"><li class=\"wp-block-post post-125051 post type-post status-publish format-standard has-post-thumbnail hentry category-de-nuestros-lideres category-featured-items-es category-oracion-urgente-es category-oracion-urgente tag-carta-pastoral tag-cesar-garcia-es tag-ecumenism-es tag-oracion tag-paz\">\n\n<div class=\"wp-block-group is-layout-flow wp-block-group-is-layout-flow\" style=\"padding-top:0px;padding-right:0px;padding-bottom:0px;padding-left:0px\"><h4 style=\"text-transform:capitalize;\" class=\"wp-block-post-title has-medium-font-size\"><a href=\"https:\/\/mwc-cmm.org\/es\/stories\/declaracion-ecumenica-conjunta-sobre-el-creciente-conflicto-en-medio-oriente\/\" target=\"_self\" >Declaraci\u00f3n ecum\u00e9nica conjunta sobre el creciente conflicto en Medio Oriente<\/a><\/h4>\n\n<div style=\"text-transform:uppercase;\" class=\"wp-block-post-date has-small-font-size\"><time datetime=\"2026-03-09T18:57:21+00:00\">9 de marzo de 2026<\/time><\/div>\n\n<div class=\"wp-block-post-excerpt has-small-font-size\"><p class=\"wp-block-post-excerpt__excerpt\">El Consejo Mundial de Iglesias, el Consejo de Iglesias del Oriente Medio, la Federaci\u00f3n Luterana Mundial, la Comuni\u00f3n Mundial de Iglesias Reformadas, el Consejo Metodista&hellip;<\/p><p class=\"wp-block-post-excerpt__more-text\"><a class=\"wp-block-post-excerpt__more-link\" href=\"https:\/\/mwc-cmm.org\/es\/stories\/declaracion-ecumenica-conjunta-sobre-el-creciente-conflicto-en-medio-oriente\/\">Read more<\/a><\/p><\/div><\/div>\n\n<\/li><li class=\"wp-block-post post-124604 post type-post status-publish format-standard has-post-thumbnail hentry category-oracion-urgente-es category-oracion-urgente tag-comision-de-diaconos tag-el-caribe tag-oracion tag-representantes-regionales network-commissions-es network-deacons-commission-es eventcategory-online-prayer-hour-es\">\n\n<div class=\"wp-block-group is-layout-flow wp-block-group-is-layout-flow\" style=\"padding-top:0px;padding-right:0px;padding-bottom:0px;padding-left:0px\"><h4 style=\"text-transform:capitalize;\" class=\"wp-block-post-title has-medium-font-size\"><a href=\"https:\/\/mwc-cmm.org\/es\/stories\/oracion-urgente-por-cuba\/\" target=\"_self\" >Oraci\u00f3n urgente por Cuba<\/a><\/h4>\n\n<div style=\"text-transform:uppercase;\" class=\"wp-block-post-date has-small-font-size\"><time datetime=\"2026-02-27T22:24:34+00:00\">27 de febrero de 2026<\/time><\/div>\n\n<div class=\"wp-block-post-excerpt has-small-font-size\"><p class=\"wp-block-post-excerpt__excerpt\">Les pedimos sus oraciones y acciones de solidaridad con nuestros miembros en Cuba. El pastor Luis Hern\u00e1ndez, de la Sociedad Misionera Cubana Hermanos en Cristo,&hellip;<\/p><p class=\"wp-block-post-excerpt__more-text\"><a class=\"wp-block-post-excerpt__more-link\" href=\"https:\/\/mwc-cmm.org\/es\/stories\/oracion-urgente-por-cuba\/\">Read more<\/a><\/p><\/div><\/div>\n\n<\/li><li class=\"wp-block-post post-124091 post type-post status-publish format-standard has-post-thumbnail hentry category-featured-items-es category-oracion-urgente-es category-oracion-urgente tag-asia-y-el-pacifico tag-comision-de-diaconos tag-comision-de-paz tag-oracion tag-urgent-prayer-es network-commissions-es network-deacons-commission-es network-peace-commission-es eventcategory-online-prayer-hour-es\">\n\n<div class=\"wp-block-group is-layout-flow wp-block-group-is-layout-flow\" style=\"padding-top:0px;padding-right:0px;padding-bottom:0px;padding-left:0px\"><h4 style=\"text-transform:capitalize;\" class=\"wp-block-post-title has-medium-font-size\"><a href=\"https:\/\/mwc-cmm.org\/es\/stories\/oracion-urgente-bombardeo-en-myanmar\/\" target=\"_self\" >Oraci\u00f3n urgente: bombardeo en Myanmar<\/a><\/h4>\n\n<div style=\"text-transform:uppercase;\" class=\"wp-block-post-date has-small-font-size\"><time datetime=\"2026-02-11T06:59:38+00:00\">11 de febrero de 2026<\/time><\/div>\n\n<div class=\"wp-block-post-excerpt has-small-font-size\"><p class=\"wp-block-post-excerpt__excerpt\">Se\u00f1or, escucha mi oraci\u00f3n, \u00a1permite que mi grito llegue a ti!No escondas de m\u00ed tu rostro cuando me encuentre angustiado; \u00a1d\u00edgnate escucharme!, \u00a1resp\u00f3ndeme pronto cuando&hellip;<\/p><p class=\"wp-block-post-excerpt__more-text\"><a class=\"wp-block-post-excerpt__more-link\" href=\"https:\/\/mwc-cmm.org\/es\/stories\/oracion-urgente-bombardeo-en-myanmar\/\">Read more<\/a><\/p><\/div><\/div>\n\n<\/li><li class=\"wp-block-post post-122992 post type-post status-publish format-standard has-post-thumbnail hentry category-featured-items-es category-oracion-urgente-es tag-carta-pastoral tag-guerra tag-latin-america-es tag-oracion tag-paz tag-venezuela network-deacons-commission-es network-peace-commission-es eventcategory-online-prayer-hour-es\">\n\n<div class=\"wp-block-group is-layout-flow wp-block-group-is-layout-flow\" style=\"padding-top:0px;padding-right:0px;padding-bottom:0px;padding-left:0px\"><h4 style=\"text-transform:capitalize;\" class=\"wp-block-post-title has-medium-font-size\"><a href=\"https:\/\/mwc-cmm.org\/es\/stories\/carta-pastoral-para-las-iglesias-anabautistas-de-venezuela\/\" target=\"_self\" >Carta pastoral para las iglesias anabautistas de Venezuela<\/a><\/h4>\n\n<div style=\"text-transform:uppercase;\" class=\"wp-block-post-date has-small-font-size\"><time datetime=\"2026-01-07T16:27:51+00:00\">7 de enero de 2026<\/time><\/div>\n\n<div class=\"wp-block-post-excerpt has-small-font-size\"><p class=\"wp-block-post-excerpt__excerpt\">Amados hermanos y hermanas El Congreso Mundial Menonita hace un llamado a todos sus miembros a unirse en oraci\u00f3n por nuestros hermanos y hermanas en&hellip;<\/p><p class=\"wp-block-post-excerpt__more-text\"><a class=\"wp-block-post-excerpt__more-link\" href=\"https:\/\/mwc-cmm.org\/es\/stories\/carta-pastoral-para-las-iglesias-anabautistas-de-venezuela\/\">Read more<\/a><\/p><\/div><\/div>\n\n<\/li><li class=\"wp-block-post post-120546 post type-post status-publish format-standard has-post-thumbnail hentry category-oracion-urgente-es category-oracion-urgente tag-el-caribe tag-oracion tag-carta-pastoral\">\n\n<div class=\"wp-block-group is-layout-flow wp-block-group-is-layout-flow\" style=\"padding-top:0px;padding-right:0px;padding-bottom:0px;padding-left:0px\"><h4 style=\"text-transform:capitalize;\" class=\"wp-block-post-title has-medium-font-size\"><a href=\"https:\/\/mwc-cmm.org\/es\/stories\/carta-pastoral-para-los-pueblos-del-caribe\/\" target=\"_self\" >Carta pastoral para los pueblos del Caribe<\/a><\/h4>\n\n<div style=\"text-transform:uppercase;\" class=\"wp-block-post-date has-small-font-size\"><time datetime=\"2025-11-05T09:44:35+00:00\">5 de noviembre de 2025<\/time><\/div>\n\n<div class=\"wp-block-post-excerpt has-small-font-size\"><p class=\"wp-block-post-excerpt__excerpt\">Amados hermanos y hermanas Hacemos un llamado a la familia anabautista mundial para que oremos por las personas de la regi\u00f3n del Caribe tras el&hellip;<\/p><p class=\"wp-block-post-excerpt__more-text\"><a class=\"wp-block-post-excerpt__more-link\" href=\"https:\/\/mwc-cmm.org\/es\/stories\/carta-pastoral-para-los-pueblos-del-caribe\/\">Read more<\/a><\/p><\/div><\/div>\n\n<\/li><li class=\"wp-block-post post-119320 post type-post status-publish format-standard has-post-thumbnail hentry category-featured-items-es category-oracion-urgente-es tag-carta-pastoral tag-oracion tag-paz network-commissions-es network-deacons-commission-es network-peace-commission-es\">\n\n<div class=\"wp-block-group is-layout-flow wp-block-group-is-layout-flow\" style=\"padding-top:0px;padding-right:0px;padding-bottom:0px;padding-left:0px\"><h4 style=\"text-transform:capitalize;\" class=\"wp-block-post-title has-medium-font-size\"><a href=\"https:\/\/mwc-cmm.org\/es\/stories\/una-carta-pastoral-de-memoria-y-duelo\/\" target=\"_self\" >Una carta pastoral de memoria y duelo<\/a><\/h4>\n\n<div style=\"text-transform:uppercase;\" class=\"wp-block-post-date has-small-font-size\"><time datetime=\"2025-10-07T03:34:06+00:00\">7 de octubre de 2025<\/time><\/div>\n\n<div class=\"wp-block-post-excerpt has-small-font-size\"><p class=\"wp-block-post-excerpt__excerpt\">El 7 de octubre de 2025 es el tr\u00e1gico aniversario de un brote de violencia que ha causado la p\u00e9rdida de cientos de miles de&hellip;<\/p><p class=\"wp-block-post-excerpt__more-text\"><a class=\"wp-block-post-excerpt__more-link\" href=\"https:\/\/mwc-cmm.org\/es\/stories\/una-carta-pastoral-de-memoria-y-duelo\/\">Read more<\/a><\/p><\/div><\/div>\n\n<\/li><\/ul>\n\n<nav class=\"wp-block-query-pagination is-layout-flex wp-block-query-pagination-is-layout-flex\" aria-label=\"Paginaci\u00f3n\">\n\n\n<div class=\"wp-block-query-pagination-numbers\"><span aria-current=\"page\" class=\"page-numbers current\">1<\/span>\n<a class=\"page-numbers\" href=\"?query-11-page=2\">2<\/a>\n<a class=\"page-numbers\" href=\"?query-11-page=3\">3<\/a>\n<span class=\"page-numbers dots\">&hellip;<\/span>\n<a class=\"page-numbers\" href=\"?query-11-page=6\">6<\/a><\/div>\n\n<a href=\"\/es\/wp-json\/wp\/v2\/pages\/18926?query-11-page=2\" class=\"wp-block-query-pagination-next\">P\u00e1gina siguiente<\/a>\n<\/nav><\/div>\n<\/div>\n","protected":false},"excerpt":{"rendered":"<p>Red de Oraci\u00f3n del CMM \u201cAnte todo recomiendo que se hagan peticiones, oraciones, s\u00faplicas y acciones de gracias a Dios por toda la humanidad\u201d (1 Timoteo 2:1). Por favor \u00fananse a nosotros en una red de hermanos y hermanas comprometidos a orar por nuestra familia Anabautista. Luego de comenzar como&nbsp; parte de la preparaci\u00f3n para [&hellip;]<\/p>\n","protected":false},"author":2,"featured_media":0,"parent":14959,"menu_order":0,"comment_status":"closed","ping_status":"closed","template":"","meta":{"_acf_changed":false,"footnotes":""},"class_list":["post-18926","page","type-page","status-publish","hentry"],"acf":[],"yoast_head":"<!-- This site is optimized with the Yoast SEO plugin v27.2 - https:\/\/yoast.com\/product\/yoast-seo-wordpress\/ -->\n<title>Red de Oraci\u00f3n del CMM - Mennonite World Conference<\/title>\n<meta name=\"robots\" content=\"index, follow, max-snippet:-1, max-image-preview:large, max-video-preview:-1\" \/>\n<link rel=\"canonical\" href=\"https:\/\/mwc-cmm.org\/es\/oraciones\/red-oracion\/\" \/>\n<link rel=\"next\" href=\"https:\/\/mwc-cmm.org\/es\/oraciones\/red-oracion\/18926?query-11-page=2\" \/>\n<meta property=\"og:locale\" content=\"es_ES\" \/>\n<meta property=\"og:type\" content=\"article\" \/>\n<meta property=\"og:title\" content=\"Red de Oraci\u00f3n del CMM - Mennonite World Conference\" \/>\n<meta property=\"og:description\" content=\"Red de Oraci\u00f3n del CMM \u201cAnte todo recomiendo que se hagan peticiones, oraciones, s\u00faplicas y acciones de gracias a Dios por toda la humanidad\u201d (1 Timoteo 2:1). Por favor \u00fananse a nosotros en una red de hermanos y hermanas comprometidos a orar por nuestra familia Anabautista. Luego de comenzar como&nbsp; parte de la preparaci\u00f3n para [&hellip;]\" \/>\n<meta property=\"og:url\" content=\"https:\/\/mwc-cmm.org\/es\/oraciones\/red-oracion\/\" \/>\n<meta property=\"og:site_name\" content=\"Mennonite World Conference\" \/>\n<meta property=\"article:publisher\" content=\"https:\/\/www.facebook.com\/MennoniteWorldConference\" \/>\n<meta property=\"article:modified_time\" content=\"2026-02-09T05:12:19+00:00\" \/>\n<meta property=\"og:image\" content=\"https:\/\/mwc-cmm.org\/wp-content\/uploads\/2026\/02\/OPH-SP.jpg\" \/>\n\t<meta property=\"og:image:width\" content=\"1080\" \/>\n\t<meta property=\"og:image:height\" content=\"1080\" \/>\n\t<meta property=\"og:image:type\" content=\"image\/jpeg\" \/>\n<script type=\"application\/ld+json\" class=\"yoast-schema-graph\">{\"@context\":\"https:\/\/schema.org\",\"@graph\":[{\"@type\":\"WebPage\",\"@id\":\"https:\/\/mwc-cmm.org\/es\/oraciones\/red-oracion\/\",\"url\":\"https:\/\/mwc-cmm.org\/es\/oraciones\/red-oracion\/\",\"name\":\"Red de Oraci\u00f3n del CMM - Mennonite World Conference\",\"isPartOf\":{\"@id\":\"https:\/\/mwc-cmm.org\/en\/#website\"},\"primaryImageOfPage\":{\"@id\":\"https:\/\/mwc-cmm.org\/es\/oraciones\/red-oracion\/#primaryimage\"},\"image\":{\"@id\":\"https:\/\/mwc-cmm.org\/es\/oraciones\/red-oracion\/#primaryimage\"},\"thumbnailUrl\":\"https:\/\/mwc-cmm.org\/wp-content\/uploads\/2026\/02\/OPH-SP.jpg\",\"datePublished\":\"2024-11-19T16:50:57+00:00\",\"dateModified\":\"2026-02-09T05:12:19+00:00\",\"breadcrumb\":{\"@id\":\"https:\/\/mwc-cmm.org\/es\/oraciones\/red-oracion\/#breadcrumb\"},\"inLanguage\":\"es\",\"potentialAction\":[{\"@type\":\"ReadAction\",\"target\":[\"https:\/\/mwc-cmm.org\/es\/oraciones\/red-oracion\/\"]}]},{\"@type\":\"ImageObject\",\"inLanguage\":\"es\",\"@id\":\"https:\/\/mwc-cmm.org\/es\/oraciones\/red-oracion\/#primaryimage\",\"url\":\"https:\/\/mwc-cmm.org\/wp-content\/uploads\/2026\/02\/OPH-SP.jpg\",\"contentUrl\":\"https:\/\/mwc-cmm.org\/wp-content\/uploads\/2026\/02\/OPH-SP.jpg\"},{\"@type\":\"BreadcrumbList\",\"@id\":\"https:\/\/mwc-cmm.org\/es\/oraciones\/red-oracion\/#breadcrumb\",\"itemListElement\":[{\"@type\":\"ListItem\",\"position\":1,\"name\":\"Home\",\"item\":\"https:\/\/mwc-cmm.org\/es\/\"},{\"@type\":\"ListItem\",\"position\":2,\"name\":\"Oraciones\",\"item\":\"https:\/\/mwc-cmm.org\/es\/oraciones\/\"},{\"@type\":\"ListItem\",\"position\":3,\"name\":\"Red de Oraci\u00f3n del CMM\"}]},{\"@type\":\"WebSite\",\"@id\":\"https:\/\/mwc-cmm.org\/en\/#website\",\"url\":\"https:\/\/mwc-cmm.org\/en\/\",\"name\":\"Mennonite World Conference\",\"description\":\"A communion of Anabaptist-related churches\",\"publisher\":{\"@id\":\"https:\/\/mwc-cmm.org\/en\/#organization\"},\"alternateName\":\"MWC\",\"potentialAction\":[{\"@type\":\"SearchAction\",\"target\":{\"@type\":\"EntryPoint\",\"urlTemplate\":\"https:\/\/mwc-cmm.org\/en\/?s={search_term_string}\"},\"query-input\":{\"@type\":\"PropertyValueSpecification\",\"valueRequired\":true,\"valueName\":\"search_term_string\"}}],\"inLanguage\":\"es\"},{\"@type\":\"Organization\",\"@id\":\"https:\/\/mwc-cmm.org\/en\/#organization\",\"name\":\"Mennonite World Conference\",\"alternateName\":\"MWC\",\"url\":\"https:\/\/mwc-cmm.org\/en\/\",\"logo\":{\"@type\":\"ImageObject\",\"inLanguage\":\"es\",\"@id\":\"https:\/\/mwc-cmm.org\/en\/#\/schema\/logo\/image\/\",\"url\":\"https:\/\/mwc-cmm.org\/wp-content\/uploads\/2026\/01\/MWC_Sig_Blue_Horiz_webheader1-logo.svg\",\"contentUrl\":\"https:\/\/mwc-cmm.org\/wp-content\/uploads\/2026\/01\/MWC_Sig_Blue_Horiz_webheader1-logo.svg\",\"width\":786,\"height\":82,\"caption\":\"Mennonite World Conference\"},\"image\":{\"@id\":\"https:\/\/mwc-cmm.org\/en\/#\/schema\/logo\/image\/\"},\"sameAs\":[\"https:\/\/www.facebook.com\/MennoniteWorldConference\",\"https:\/\/www.linkedin.com\/company\/mennonite-world-conference-mwc\/\",\"https:\/\/www.instagram.com\/mwcmm\/\",\"https:\/\/www.youtube.com\/user\/mwccmm\",\"https:\/\/bsky.app\/profile\/mwcmm.bsky.social\"]}]}<\/script>\n<!-- \/ Yoast SEO plugin. -->","yoast_head_json":{"title":"Red de Oraci\u00f3n del CMM - Mennonite World Conference","robots":{"index":"index","follow":"follow","max-snippet":"max-snippet:-1","max-image-preview":"max-image-preview:large","max-video-preview":"max-video-preview:-1"},"canonical":"https:\/\/mwc-cmm.org\/es\/oraciones\/red-oracion\/","next":"https:\/\/mwc-cmm.org\/es\/oraciones\/red-oracion\/18926?query-11-page=2","og_locale":"es_ES","og_type":"article","og_title":"Red de Oraci\u00f3n del CMM - Mennonite World Conference","og_description":"Red de Oraci\u00f3n del CMM \u201cAnte todo recomiendo que se hagan peticiones, oraciones, s\u00faplicas y acciones de gracias a Dios por toda la humanidad\u201d (1 Timoteo 2:1). Por favor \u00fananse a nosotros en una red de hermanos y hermanas comprometidos a orar por nuestra familia Anabautista. Luego de comenzar como&nbsp; parte de la preparaci\u00f3n para [&hellip;]","og_url":"https:\/\/mwc-cmm.org\/es\/oraciones\/red-oracion\/","og_site_name":"Mennonite World Conference","article_publisher":"https:\/\/www.facebook.com\/MennoniteWorldConference","article_modified_time":"2026-02-09T05:12:19+00:00","og_image":[{"width":1080,"height":1080,"url":"https:\/\/mwc-cmm.org\/wp-content\/uploads\/2026\/02\/OPH-SP.jpg","type":"image\/jpeg"}],"schema":{"@context":"https:\/\/schema.org","@graph":[{"@type":"WebPage","@id":"https:\/\/mwc-cmm.org\/es\/oraciones\/red-oracion\/","url":"https:\/\/mwc-cmm.org\/es\/oraciones\/red-oracion\/","name":"Red de Oraci\u00f3n del CMM - Mennonite World Conference","isPartOf":{"@id":"https:\/\/mwc-cmm.org\/en\/#website"},"primaryImageOfPage":{"@id":"https:\/\/mwc-cmm.org\/es\/oraciones\/red-oracion\/#primaryimage"},"image":{"@id":"https:\/\/mwc-cmm.org\/es\/oraciones\/red-oracion\/#primaryimage"},"thumbnailUrl":"https:\/\/mwc-cmm.org\/wp-content\/uploads\/2026\/02\/OPH-SP.jpg","datePublished":"2024-11-19T16:50:57+00:00","dateModified":"2026-02-09T05:12:19+00:00","breadcrumb":{"@id":"https:\/\/mwc-cmm.org\/es\/oraciones\/red-oracion\/#breadcrumb"},"inLanguage":"es","potentialAction":[{"@type":"ReadAction","target":["https:\/\/mwc-cmm.org\/es\/oraciones\/red-oracion\/"]}]},{"@type":"ImageObject","inLanguage":"es","@id":"https:\/\/mwc-cmm.org\/es\/oraciones\/red-oracion\/#primaryimage","url":"https:\/\/mwc-cmm.org\/wp-content\/uploads\/2026\/02\/OPH-SP.jpg","contentUrl":"https:\/\/mwc-cmm.org\/wp-content\/uploads\/2026\/02\/OPH-SP.jpg"},{"@type":"BreadcrumbList","@id":"https:\/\/mwc-cmm.org\/es\/oraciones\/red-oracion\/#breadcrumb","itemListElement":[{"@type":"ListItem","position":1,"name":"Home","item":"https:\/\/mwc-cmm.org\/es\/"},{"@type":"ListItem","position":2,"name":"Oraciones","item":"https:\/\/mwc-cmm.org\/es\/oraciones\/"},{"@type":"ListItem","position":3,"name":"Red de Oraci\u00f3n del CMM"}]},{"@type":"WebSite","@id":"https:\/\/mwc-cmm.org\/en\/#website","url":"https:\/\/mwc-cmm.org\/en\/","name":"Mennonite World Conference","description":"A communion of Anabaptist-related churches","publisher":{"@id":"https:\/\/mwc-cmm.org\/en\/#organization"},"alternateName":"MWC","potentialAction":[{"@type":"SearchAction","target":{"@type":"EntryPoint","urlTemplate":"https:\/\/mwc-cmm.org\/en\/?s={search_term_string}"},"query-input":{"@type":"PropertyValueSpecification","valueRequired":true,"valueName":"search_term_string"}}],"inLanguage":"es"},{"@type":"Organization","@id":"https:\/\/mwc-cmm.org\/en\/#organization","name":"Mennonite World Conference","alternateName":"MWC","url":"https:\/\/mwc-cmm.org\/en\/","logo":{"@type":"ImageObject","inLanguage":"es","@id":"https:\/\/mwc-cmm.org\/en\/#\/schema\/logo\/image\/","url":"https:\/\/mwc-cmm.org\/wp-content\/uploads\/2026\/01\/MWC_Sig_Blue_Horiz_webheader1-logo.svg","contentUrl":"https:\/\/mwc-cmm.org\/wp-content\/uploads\/2026\/01\/MWC_Sig_Blue_Horiz_webheader1-logo.svg","width":786,"height":82,"caption":"Mennonite World Conference"},"image":{"@id":"https:\/\/mwc-cmm.org\/en\/#\/schema\/logo\/image\/"},"sameAs":["https:\/\/www.facebook.com\/MennoniteWorldConference","https:\/\/www.linkedin.com\/company\/mennonite-world-conference-mwc\/","https:\/\/www.instagram.com\/mwcmm\/","https:\/\/www.youtube.com\/user\/mwccmm","https:\/\/bsky.app\/profile\/mwcmm.bsky.social"]}]}},"_links":{"self":[{"href":"https:\/\/mwc-cmm.org\/es\/wp-json\/wp\/v2\/pages\/18926","targetHints":{"allow":["GET"]}}],"collection":[{"href":"https:\/\/mwc-cmm.org\/es\/wp-json\/wp\/v2\/pages"}],"about":[{"href":"https:\/\/mwc-cmm.org\/es\/wp-json\/wp\/v2\/types\/page"}],"author":[{"embeddable":true,"href":"https:\/\/mwc-cmm.org\/es\/wp-json\/wp\/v2\/users\/2"}],"replies":[{"embeddable":true,"href":"https:\/\/mwc-cmm.org\/es\/wp-json\/wp\/v2\/comments?post=18926"}],"version-history":[{"count":0,"href":"https:\/\/mwc-cmm.org\/es\/wp-json\/wp\/v2\/pages\/18926\/revisions"}],"up":[{"embeddable":true,"href":"https:\/\/mwc-cmm.org\/es\/wp-json\/wp\/v2\/pages\/14959"}],"wp:attachment":[{"href":"https:\/\/mwc-cmm.org\/es\/wp-json\/wp\/v2\/media?parent=18926"}],"curies":[{"name":"wp","href":"https:\/\/api.w.org\/{rel}","templated":true}]}}